{"id":6283,"date":"2023-10-17T16:39:20","date_gmt":"2023-10-17T16:39:20","guid":{"rendered":"https:\/\/abaa.mx\/tienda\/?post_type=product&#038;p=6283"},"modified":"2023-10-17T16:39:20","modified_gmt":"2023-10-17T16:39:20","slug":"mitutoyo-193-101-serie-193-micrometro-exterior-mecanico-0-a-25-mm-001-mm","status":"publish","type":"product","link":"https:\/\/abaa.mx\/tienda\/mitutoyo-193-101-serie-193-micrometro-exterior-mecanico-0-a-25-mm-001-mm\/","title":{"rendered":"Mitutoyo 193-101 serie 193 micr\u00f3metro exterior mec\u00e1nico, 0 a 25 mm, 0,01 mm"},"content":{"rendered":"<p>Reduzca los errores de paralaje con esta escala vernier de micr\u00f3metros mec\u00e1nicos con marcas de barril inclinadas. Adem\u00e1s, este acabado de micr\u00f3metros de cromo satinado para mayor durabilidad en el dedal y el manguito resiste la oxidaci\u00f3n y reduce el deslumbramiento.<\/p>\n<h5><strong>Funciones<\/strong><\/h5>\n<ul>\n<li>El mecanismo de tope de trinquete del micr\u00f3metro proporciona una presi\u00f3n uniforme sobre una pieza de trabajo para mediciones precisas y repetibles<\/li>\n<li>El contador mec\u00e1nico de d\u00edgitos ofrece lecturas de medici\u00f3n sencillas de hasta 0,01 mm para una lectura r\u00e1pida y sin errores<\/li>\n<li>El revestimiento de carburo en el husillo y el yunque resiste el desgaste para mantener las superficies m\u00e1s planas con mayor precisi\u00f3n<\/li>\n<li>Un bloqueo del husillo proporciona un bloqueo seguro de la posici\u00f3n de medici\u00f3n<\/li>\n<li>El acabado cromado satinado en el dedal y el manguito resiste la oxidaci\u00f3n y reduce el deslumbramiento<\/li>\n<li>El marco tiene un acabado de cromo satinado para mayor durabilidad, y las medidas en el dedal y las conversiones en el marco est\u00e1n grabadas con l\u00e1ser para facilitar la lectura<\/li>\n<\/ul>\n<h5><strong>Aplicaciones<\/strong><\/h5>\n<ul>\n<li>Aeroespacial<\/li>\n<li>Automotor<\/li>\n<li>Defensa<\/li>\n<li>Electr\u00f3nica<\/li>\n<li>Energ\u00eda<\/li>\n<li>Fabricaci\u00f3n general<\/li>\n<li>Pl\u00e1sticos y caucho<\/li>\n<\/ul>\n<h4>Especificaciones<\/h4>\n<table class=\"table table-striped\">\n<tbody>\n<tr>\n<td>Unidades<\/td>\n<td>M\u00e9trico<\/td>\n<\/tr>\n<tr>\n<td>Digital\/Anal\u00f3gico<\/td>\n<td>Anal\u00f3gico<\/td>\n<\/tr>\n<tr>\n<td>Gama<\/td>\n<td>De 0 a 25 mm<\/td>\n<\/tr>\n<tr>\n<td>Graduaci\u00f3n<\/td>\n<td>0,01 mil\u00edmetros<\/td>\n<\/tr>\n<tr>\n<td>Exactitud<\/td>\n<td>\u00b12 \u03bcm<\/td>\n<\/tr>\n<tr>\n<td>Llanura<\/td>\n<td>0,6 \u03bcm<\/td>\n<\/tr>\n<tr>\n<td>Paralelismo<\/td>\n<td>2 \u03bcm o menos<\/td>\n<\/tr>\n<tr>\n<td>Trinquete\/Dedal<\/td>\n<td>Tope de trinquete<\/td>\n<\/tr>\n<tr>\n<td>Medici\u00f3n<\/td>\n<td>Cara: Punta de carburo, acabado<br \/>\nmicrotraslapado Husillo: Con bloqueo del husillo, \u00d86,35 mm, paso del husillo 0,5 mm<\/td>\n<\/tr>\n<tr>\n<td>Escama<\/td>\n<td>Dedal y manguito acabado cromo satinado, \u00d818 mm<\/td>\n<\/tr>\n<tr>\n<td>Dimensiones<\/td>\n<td>5,02 x 1,02 x \u00d80,7&#8243; (127,5 x 26 x \u00d818 mm)<\/td>\n<\/tr>\n<tr>\n<td>Peso<\/td>\n<td>0 g (49,224 libras)<\/td>\n<\/tr>\n<\/tbody>\n<\/table>\n","protected":false},"excerpt":{"rendered":"<p class=\"short-description mhide ipad-view-setting\">Trabaje con lecturas r\u00e1pidas y sin errores con este micr\u00f3metro exterior mec\u00e1nico que ofrece mediciones altamente precisas y cuenta con un rango de 0 a 25 mm y una graduaci\u00f3n de 0,01 mm. Adem\u00e1s, este micr\u00f3metro garantiza mediciones precisas y repetibles con su mecanismo de tope de trinquete para proporcionar una presi\u00f3n uniforme sobre las piezas de trabajo.<\/p>\n<p class=\"comment-tag-product\">\n<div class=\"row-fluid\">\n<div class=\"span12 mobile-pricing-box-padding\">\n<form id=\"140596\" accept-charset=\"utf-8\" action=\"https:\/\/www.globaltestsupply.com\/shop\/add\" method=\"post\" name=\"addTocartFunction\">\n<div><\/div>\n<\/form>\n<\/div>\n<\/div>\n","protected":false},"featured_media":6292,"comment_status":"open","ping_status":"closed","template":"","meta":{"_joinchat":[]},"product_brand":[],"product_cat":[15],"product_tag":[],"class_list":{"0":"post-6283","1":"product","2":"type-product","3":"status-publish","4":"has-post-thumbnail","6":"product_cat-sin-categorizar","8":"first","9":"instock","10":"shipping-taxable","11":"product-type-simple"},"yoast_head":"<!-- This site is optimized with the Yoast SEO plugin v26.4 - https:\/\/yoast.com\/wordpress\/plugins\/seo\/ -->\n<title>Mitutoyo 193-101 serie 193 micr\u00f3metro exterior mec\u00e1nico, 0 a 25 mm, 0,01 mm - Abaa tienda online<\/title>\n<meta name=\"robots\" content=\"index, follow, max-snippet:-1, max-image-preview:large, max-video-preview:-1\" \/>\n<link rel=\"canonical\" href=\"https:\/\/abaa.mx\/tienda\/mitutoyo-193-101-serie-193-micrometro-exterior-mecanico-0-a-25-mm-001-mm\/\" \/>\n<meta property=\"og:locale\" content=\"es_MX\" \/>\n<meta property=\"og:type\" content=\"article\" \/>\n<meta property=\"og:title\" content=\"Mitutoyo 193-101 serie 193 micr\u00f3metro exterior mec\u00e1nico, 0 a 25 mm, 0,01 mm - Abaa tienda online\" \/>\n<meta property=\"og:description\" content=\"Trabaje con lecturas r\u00e1pidas y sin errores con este micr\u00f3metro exterior mec\u00e1nico que ofrece mediciones altamente precisas y cuenta con un rango de 0 a 25 mm y una graduaci\u00f3n de 0,01 mm. Adem\u00e1s, este micr\u00f3metro garantiza mediciones precisas y repetibles con su mecanismo de tope de trinquete para proporcionar una presi\u00f3n uniforme sobre las piezas de trabajo.\" \/>\n<meta property=\"og:url\" content=\"https:\/\/abaa.mx\/tienda\/mitutoyo-193-101-serie-193-micrometro-exterior-mecanico-0-a-25-mm-001-mm\/\" \/>\n<meta property=\"og:site_name\" content=\"Abaa tienda online\" \/>\n<meta property=\"og:image\" content=\"https:\/\/abaa.mx\/tienda\/wp-content\/uploads\/2023\/10\/193-101.jpg\" \/>\n\t<meta property=\"og:image:width\" content=\"474\" \/>\n\t<meta property=\"og:image:height\" content=\"474\" \/>\n\t<meta property=\"og:image:type\" content=\"image\/jpeg\" \/>\n<meta name=\"twitter:card\" content=\"summary_large_image\" \/>\n<meta name=\"twitter:label1\" content=\"Tiempo de lectura\" \/>\n\t<meta name=\"twitter:data1\" content=\"2 minutos\" \/>\n<script type=\"application\/ld+json\" class=\"yoast-schema-graph\">{\"@context\":\"https:\/\/schema.org\",\"@graph\":[{\"@type\":\"WebPage\",\"@id\":\"https:\/\/abaa.mx\/tienda\/mitutoyo-193-101-serie-193-micrometro-exterior-mecanico-0-a-25-mm-001-mm\/\",\"url\":\"https:\/\/abaa.mx\/tienda\/mitutoyo-193-101-serie-193-micrometro-exterior-mecanico-0-a-25-mm-001-mm\/\",\"name\":\"Mitutoyo 193-101 serie 193 micr\u00f3metro exterior mec\u00e1nico, 0 a 25 mm, 0,01 mm - Abaa tienda online\",\"isPartOf\":{\"@id\":\"https:\/\/abaa.mx\/tienda\/#website\"},\"primaryImageOfPage\":{\"@id\":\"https:\/\/abaa.mx\/tienda\/mitutoyo-193-101-serie-193-micrometro-exterior-mecanico-0-a-25-mm-001-mm\/#primaryimage\"},\"image\":{\"@id\":\"https:\/\/abaa.mx\/tienda\/mitutoyo-193-101-serie-193-micrometro-exterior-mecanico-0-a-25-mm-001-mm\/#primaryimage\"},\"thumbnailUrl\":\"https:\/\/abaa.mx\/tienda\/wp-content\/uploads\/2023\/10\/193-101.jpg\",\"datePublished\":\"2023-10-17T16:39:20+00:00\",\"breadcrumb\":{\"@id\":\"https:\/\/abaa.mx\/tienda\/mitutoyo-193-101-serie-193-micrometro-exterior-mecanico-0-a-25-mm-001-mm\/#breadcrumb\"},\"inLanguage\":\"es\",\"potentialAction\":[{\"@type\":\"ReadAction\",\"target\":[\"https:\/\/abaa.mx\/tienda\/mitutoyo-193-101-serie-193-micrometro-exterior-mecanico-0-a-25-mm-001-mm\/\"]}]},{\"@type\":\"ImageObject\",\"inLanguage\":\"es\",\"@id\":\"https:\/\/abaa.mx\/tienda\/mitutoyo-193-101-serie-193-micrometro-exterior-mecanico-0-a-25-mm-001-mm\/#primaryimage\",\"url\":\"https:\/\/abaa.mx\/tienda\/wp-content\/uploads\/2023\/10\/193-101.jpg\",\"contentUrl\":\"https:\/\/abaa.mx\/tienda\/wp-content\/uploads\/2023\/10\/193-101.jpg\",\"width\":474,\"height\":474,\"caption\":\"193-101\"},{\"@type\":\"BreadcrumbList\",\"@id\":\"https:\/\/abaa.mx\/tienda\/mitutoyo-193-101-serie-193-micrometro-exterior-mecanico-0-a-25-mm-001-mm\/#breadcrumb\",\"itemListElement\":[{\"@type\":\"ListItem\",\"position\":1,\"name\":\"Inicio\",\"item\":\"https:\/\/abaa.mx\/tienda\/\"},{\"@type\":\"ListItem\",\"position\":2,\"name\":\"Tienda\",\"item\":\"https:\/\/abaa.mx\/tienda\/\"},{\"@type\":\"ListItem\",\"position\":3,\"name\":\"Mitutoyo 193-101 serie 193 micr\u00f3metro exterior mec\u00e1nico, 0 a 25 mm, 0,01 mm\"}]},{\"@type\":\"WebSite\",\"@id\":\"https:\/\/abaa.mx\/tienda\/#website\",\"url\":\"https:\/\/abaa.mx\/tienda\/\",\"name\":\"Abaa tienda online\",\"description\":\"Instrumentos de medici\u00f3n\",\"publisher\":{\"@id\":\"https:\/\/abaa.mx\/tienda\/#organization\"},\"potentialAction\":[{\"@type\":\"SearchAction\",\"target\":{\"@type\":\"EntryPoint\",\"urlTemplate\":\"https:\/\/abaa.mx\/tienda\/?s={search_term_string}\"},\"query-input\":{\"@type\":\"PropertyValueSpecification\",\"valueRequired\":true,\"valueName\":\"search_term_string\"}}],\"inLanguage\":\"es\"},{\"@type\":\"Organization\",\"@id\":\"https:\/\/abaa.mx\/tienda\/#organization\",\"name\":\"Abaa tienda online\",\"url\":\"https:\/\/abaa.mx\/tienda\/\",\"logo\":{\"@type\":\"ImageObject\",\"inLanguage\":\"es\",\"@id\":\"https:\/\/abaa.mx\/tienda\/#\/schema\/logo\/image\/\",\"url\":\"https:\/\/abaa.mx\/tienda\/wp-content\/uploads\/2024\/01\/abaa-metrologia-tienda.png\",\"contentUrl\":\"https:\/\/abaa.mx\/tienda\/wp-content\/uploads\/2024\/01\/abaa-metrologia-tienda.png\",\"width\":300,\"height\":141,\"caption\":\"Abaa tienda online\"},\"image\":{\"@id\":\"https:\/\/abaa.mx\/tienda\/#\/schema\/logo\/image\/\"}}]}<\/script>\n<!-- \/ Yoast SEO plugin. -->","yoast_head_json":{"title":"Mitutoyo 193-101 serie 193 micr\u00f3metro exterior mec\u00e1nico, 0 a 25 mm, 0,01 mm - Abaa tienda online","robots":{"index":"index","follow":"follow","max-snippet":"max-snippet:-1","max-image-preview":"max-image-preview:large","max-video-preview":"max-video-preview:-1"},"canonical":"https:\/\/abaa.mx\/tienda\/mitutoyo-193-101-serie-193-micrometro-exterior-mecanico-0-a-25-mm-001-mm\/","og_locale":"es_MX","og_type":"article","og_title":"Mitutoyo 193-101 serie 193 micr\u00f3metro exterior mec\u00e1nico, 0 a 25 mm, 0,01 mm - Abaa tienda online","og_description":"Trabaje con lecturas r\u00e1pidas y sin errores con este micr\u00f3metro exterior mec\u00e1nico que ofrece mediciones altamente precisas y cuenta con un rango de 0 a 25 mm y una graduaci\u00f3n de 0,01 mm. Adem\u00e1s, este micr\u00f3metro garantiza mediciones precisas y repetibles con su mecanismo de tope de trinquete para proporcionar una presi\u00f3n uniforme sobre las piezas de trabajo.","og_url":"https:\/\/abaa.mx\/tienda\/mitutoyo-193-101-serie-193-micrometro-exterior-mecanico-0-a-25-mm-001-mm\/","og_site_name":"Abaa tienda online","og_image":[{"width":474,"height":474,"url":"https:\/\/abaa.mx\/tienda\/wp-content\/uploads\/2023\/10\/193-101.jpg","type":"image\/jpeg"}],"twitter_card":"summary_large_image","twitter_misc":{"Tiempo de lectura":"2 minutos"},"schema":{"@context":"https:\/\/schema.org","@graph":[{"@type":"WebPage","@id":"https:\/\/abaa.mx\/tienda\/mitutoyo-193-101-serie-193-micrometro-exterior-mecanico-0-a-25-mm-001-mm\/","url":"https:\/\/abaa.mx\/tienda\/mitutoyo-193-101-serie-193-micrometro-exterior-mecanico-0-a-25-mm-001-mm\/","name":"Mitutoyo 193-101 serie 193 micr\u00f3metro exterior mec\u00e1nico, 0 a 25 mm, 0,01 mm - Abaa tienda online","isPartOf":{"@id":"https:\/\/abaa.mx\/tienda\/#website"},"primaryImageOfPage":{"@id":"https:\/\/abaa.mx\/tienda\/mitutoyo-193-101-serie-193-micrometro-exterior-mecanico-0-a-25-mm-001-mm\/#primaryimage"},"image":{"@id":"https:\/\/abaa.mx\/tienda\/mitutoyo-193-101-serie-193-micrometro-exterior-mecanico-0-a-25-mm-001-mm\/#primaryimage"},"thumbnailUrl":"https:\/\/abaa.mx\/tienda\/wp-content\/uploads\/2023\/10\/193-101.jpg","datePublished":"2023-10-17T16:39:20+00:00","breadcrumb":{"@id":"https:\/\/abaa.mx\/tienda\/mitutoyo-193-101-serie-193-micrometro-exterior-mecanico-0-a-25-mm-001-mm\/#breadcrumb"},"inLanguage":"es","potentialAction":[{"@type":"ReadAction","target":["https:\/\/abaa.mx\/tienda\/mitutoyo-193-101-serie-193-micrometro-exterior-mecanico-0-a-25-mm-001-mm\/"]}]},{"@type":"ImageObject","inLanguage":"es","@id":"https:\/\/abaa.mx\/tienda\/mitutoyo-193-101-serie-193-micrometro-exterior-mecanico-0-a-25-mm-001-mm\/#primaryimage","url":"https:\/\/abaa.mx\/tienda\/wp-content\/uploads\/2023\/10\/193-101.jpg","contentUrl":"https:\/\/abaa.mx\/tienda\/wp-content\/uploads\/2023\/10\/193-101.jpg","width":474,"height":474,"caption":"193-101"},{"@type":"BreadcrumbList","@id":"https:\/\/abaa.mx\/tienda\/mitutoyo-193-101-serie-193-micrometro-exterior-mecanico-0-a-25-mm-001-mm\/#breadcrumb","itemListElement":[{"@type":"ListItem","position":1,"name":"Inicio","item":"https:\/\/abaa.mx\/tienda\/"},{"@type":"ListItem","position":2,"name":"Tienda","item":"https:\/\/abaa.mx\/tienda\/"},{"@type":"ListItem","position":3,"name":"Mitutoyo 193-101 serie 193 micr\u00f3metro exterior mec\u00e1nico, 0 a 25 mm, 0,01 mm"}]},{"@type":"WebSite","@id":"https:\/\/abaa.mx\/tienda\/#website","url":"https:\/\/abaa.mx\/tienda\/","name":"Abaa tienda online","description":"Instrumentos de medici\u00f3n","publisher":{"@id":"https:\/\/abaa.mx\/tienda\/#organization"},"potentialAction":[{"@type":"SearchAction","target":{"@type":"EntryPoint","urlTemplate":"https:\/\/abaa.mx\/tienda\/?s={search_term_string}"},"query-input":{"@type":"PropertyValueSpecification","valueRequired":true,"valueName":"search_term_string"}}],"inLanguage":"es"},{"@type":"Organization","@id":"https:\/\/abaa.mx\/tienda\/#organization","name":"Abaa tienda online","url":"https:\/\/abaa.mx\/tienda\/","logo":{"@type":"ImageObject","inLanguage":"es","@id":"https:\/\/abaa.mx\/tienda\/#\/schema\/logo\/image\/","url":"https:\/\/abaa.mx\/tienda\/wp-content\/uploads\/2024\/01\/abaa-metrologia-tienda.png","contentUrl":"https:\/\/abaa.mx\/tienda\/wp-content\/uploads\/2024\/01\/abaa-metrologia-tienda.png","width":300,"height":141,"caption":"Abaa tienda online"},"image":{"@id":"https:\/\/abaa.mx\/tienda\/#\/schema\/logo\/image\/"}}]}},"_links":{"self":[{"href":"https:\/\/abaa.mx\/tienda\/wp-json\/wp\/v2\/product\/6283","targetHints":{"allow":["GET"]}}],"collection":[{"href":"https:\/\/abaa.mx\/tienda\/wp-json\/wp\/v2\/product"}],"about":[{"href":"https:\/\/abaa.mx\/tienda\/wp-json\/wp\/v2\/types\/product"}],"replies":[{"embeddable":true,"href":"https:\/\/abaa.mx\/tienda\/wp-json\/wp\/v2\/comments?post=6283"}],"wp:featuredmedia":[{"embeddable":true,"href":"https:\/\/abaa.mx\/tienda\/wp-json\/wp\/v2\/media\/6292"}],"wp:attachment":[{"href":"https:\/\/abaa.mx\/tienda\/wp-json\/wp\/v2\/media?parent=6283"}],"wp:term":[{"taxonomy":"product_brand","embeddable":true,"href":"https:\/\/abaa.mx\/tienda\/wp-json\/wp\/v2\/product_brand?post=6283"},{"taxonomy":"product_cat","embeddable":true,"href":"https:\/\/abaa.mx\/tienda\/wp-json\/wp\/v2\/product_cat?post=6283"},{"taxonomy":"product_tag","embeddable":true,"href":"https:\/\/abaa.mx\/tienda\/wp-json\/wp\/v2\/product_tag?post=6283"}],"curies":[{"name":"wp","href":"https:\/\/api.w.org\/{rel}","templated":true}]}}