{"id":6244,"date":"2023-10-17T15:10:04","date_gmt":"2023-10-17T15:10:04","guid":{"rendered":"https:\/\/abaa.mx\/tienda\/?post_type=product&#038;p=6244"},"modified":"2023-10-17T15:10:05","modified_gmt":"2023-10-17T15:10:05","slug":"mitutoyo-523-141-medidor-de-presion-de-0-a-25-mm","status":"publish","type":"product","link":"https:\/\/abaa.mx\/tienda\/mitutoyo-523-141-medidor-de-presion-de-0-a-25-mm\/","title":{"rendered":"mitutoyo 523-141 medidor de presi\u00f3n, de 0 a 25 mm"},"content":{"rendered":"<p>Aseg\u00farese de que sus medidas sean precisas con el medidor de presi\u00f3n Mitutoyo 523-141. Su rango de tama\u00f1o permite su uso en una amplia variedad de aplicaciones de medici\u00f3n, y las caras de medici\u00f3n con punta de carburo son fuertes y duraderas y aplican hasta 10 N de fuerza de medici\u00f3n. El medidor de presi\u00f3n est\u00e1 en un estuche de pl\u00e1stico ajustado para ayudar a garantizar un uso duradero.<\/p>\n<p><strong>Funciones<\/strong><\/p>\n<ul>\n<li>Se adapta a una amplia gama de tama\u00f1os para una variedad de aplicaciones<\/li>\n<li>La funda de pl\u00e1stico ajustada ofrece protecci\u00f3n para un uso prolongado<\/li>\n<li>La cara de medici\u00f3n con punta de carburo ofrece durabilidad<\/li>\n<\/ul>\n<h4>Mitutoyo 523-141 Especificaciones<\/h4>\n<p>&nbsp;<\/p>\n<table class=\"table table-striped\">\n<tbody>\n<tr>\n<td>Gama<\/td>\n<td>De 0 a 25 mm<\/td>\n<\/tr>\n<tr>\n<td>Movimiento de yunque<\/td>\n<td>2 mil\u00edmetros<\/td>\n<\/tr>\n<tr>\n<td>Di\u00e1metro del v\u00e1stago del calibre<\/td>\n<td>8 mil\u00edmetros<\/td>\n<\/tr>\n<tr>\n<td>Llanura<\/td>\n<td>0,3 \u03bcm<\/td>\n<\/tr>\n<tr>\n<td>Paralelismo<\/td>\n<td>0,6 \u03bcm<\/td>\n<\/tr>\n<tr>\n<td>Fuerza de medici\u00f3n<\/td>\n<td>De 5 a 10 N<\/td>\n<\/tr>\n<tr>\n<td>Cara de medici\u00f3n<\/td>\n<td>Punta de carburo<\/td>\n<\/tr>\n<tr>\n<td>Peso del producto<\/td>\n<td>710 g<\/td>\n<\/tr>\n<\/tbody>\n<\/table>\n","protected":false},"excerpt":{"rendered":"<p class=\"short-description mhide ipad-view-setting\">Este medidor de presi\u00f3n est\u00e1 dise\u00f1ado para una amplia gama de aplicaciones. El estuche de pl\u00e1stico ajustado ayuda a mantener el medidor de presi\u00f3n protegido de los impactos.<\/p>\n<p class=\"comment-tag-product\">\n<div class=\"row-fluid\">\n<div class=\"span12 mobile-pricing-box-padding\">\n<form id=\"123256\" accept-charset=\"utf-8\" action=\"https:\/\/www.globaltestsupply.com\/shop\/add\" method=\"post\" name=\"addTocartFunction\">\n<div><\/div>\n<\/form>\n<\/div>\n<\/div>\n","protected":false},"featured_media":6250,"comment_status":"open","ping_status":"closed","template":"","meta":{"_joinchat":[]},"product_brand":[],"product_cat":[15],"product_tag":[],"class_list":{"0":"post-6244","1":"product","2":"type-product","3":"status-publish","4":"has-post-thumbnail","6":"product_cat-sin-categorizar","8":"first","9":"instock","10":"shipping-taxable","11":"product-type-simple"},"yoast_head":"<!-- This site is optimized with the Yoast SEO plugin v26.4 - https:\/\/yoast.com\/wordpress\/plugins\/seo\/ -->\n<title>mitutoyo 523-141 medidor de presi\u00f3n, de 0 a 25 mm - Abaa tienda online<\/title>\n<meta name=\"robots\" content=\"index, follow, max-snippet:-1, max-image-preview:large, max-video-preview:-1\" \/>\n<link rel=\"canonical\" href=\"https:\/\/abaa.mx\/tienda\/mitutoyo-523-141-medidor-de-presion-de-0-a-25-mm\/\" \/>\n<meta property=\"og:locale\" content=\"es_MX\" \/>\n<meta property=\"og:type\" content=\"article\" \/>\n<meta property=\"og:title\" content=\"mitutoyo 523-141 medidor de presi\u00f3n, de 0 a 25 mm - Abaa tienda online\" \/>\n<meta property=\"og:description\" content=\"Este medidor de presi\u00f3n est\u00e1 dise\u00f1ado para una amplia gama de aplicaciones. El estuche de pl\u00e1stico ajustado ayuda a mantener el medidor de presi\u00f3n protegido de los impactos.\" \/>\n<meta property=\"og:url\" content=\"https:\/\/abaa.mx\/tienda\/mitutoyo-523-141-medidor-de-presion-de-0-a-25-mm\/\" \/>\n<meta property=\"og:site_name\" content=\"Abaa tienda online\" \/>\n<meta property=\"article:modified_time\" content=\"2023-10-17T15:10:05+00:00\" \/>\n<meta property=\"og:image\" content=\"https:\/\/abaa.mx\/tienda\/wp-content\/uploads\/2023\/10\/523-141.jpg\" \/>\n\t<meta property=\"og:image:width\" content=\"500\" \/>\n\t<meta property=\"og:image:height\" content=\"500\" \/>\n\t<meta property=\"og:image:type\" content=\"image\/jpeg\" \/>\n<meta name=\"twitter:card\" content=\"summary_large_image\" \/>\n<meta name=\"twitter:label1\" content=\"Tiempo de lectura\" \/>\n\t<meta name=\"twitter:data1\" content=\"1 minuto\" \/>\n<script type=\"application\/ld+json\" class=\"yoast-schema-graph\">{\"@context\":\"https:\/\/schema.org\",\"@graph\":[{\"@type\":\"WebPage\",\"@id\":\"https:\/\/abaa.mx\/tienda\/mitutoyo-523-141-medidor-de-presion-de-0-a-25-mm\/\",\"url\":\"https:\/\/abaa.mx\/tienda\/mitutoyo-523-141-medidor-de-presion-de-0-a-25-mm\/\",\"name\":\"mitutoyo 523-141 medidor de presi\u00f3n, de 0 a 25 mm - Abaa tienda online\",\"isPartOf\":{\"@id\":\"https:\/\/abaa.mx\/tienda\/#website\"},\"primaryImageOfPage\":{\"@id\":\"https:\/\/abaa.mx\/tienda\/mitutoyo-523-141-medidor-de-presion-de-0-a-25-mm\/#primaryimage\"},\"image\":{\"@id\":\"https:\/\/abaa.mx\/tienda\/mitutoyo-523-141-medidor-de-presion-de-0-a-25-mm\/#primaryimage\"},\"thumbnailUrl\":\"https:\/\/abaa.mx\/tienda\/wp-content\/uploads\/2023\/10\/523-141.jpg\",\"datePublished\":\"2023-10-17T15:10:04+00:00\",\"dateModified\":\"2023-10-17T15:10:05+00:00\",\"breadcrumb\":{\"@id\":\"https:\/\/abaa.mx\/tienda\/mitutoyo-523-141-medidor-de-presion-de-0-a-25-mm\/#breadcrumb\"},\"inLanguage\":\"es\",\"potentialAction\":[{\"@type\":\"ReadAction\",\"target\":[\"https:\/\/abaa.mx\/tienda\/mitutoyo-523-141-medidor-de-presion-de-0-a-25-mm\/\"]}]},{\"@type\":\"ImageObject\",\"inLanguage\":\"es\",\"@id\":\"https:\/\/abaa.mx\/tienda\/mitutoyo-523-141-medidor-de-presion-de-0-a-25-mm\/#primaryimage\",\"url\":\"https:\/\/abaa.mx\/tienda\/wp-content\/uploads\/2023\/10\/523-141.jpg\",\"contentUrl\":\"https:\/\/abaa.mx\/tienda\/wp-content\/uploads\/2023\/10\/523-141.jpg\",\"width\":500,\"height\":500,\"caption\":\"523-141\"},{\"@type\":\"BreadcrumbList\",\"@id\":\"https:\/\/abaa.mx\/tienda\/mitutoyo-523-141-medidor-de-presion-de-0-a-25-mm\/#breadcrumb\",\"itemListElement\":[{\"@type\":\"ListItem\",\"position\":1,\"name\":\"Inicio\",\"item\":\"https:\/\/abaa.mx\/tienda\/\"},{\"@type\":\"ListItem\",\"position\":2,\"name\":\"Tienda\",\"item\":\"https:\/\/abaa.mx\/tienda\/\"},{\"@type\":\"ListItem\",\"position\":3,\"name\":\"mitutoyo 523-141 medidor de presi\u00f3n, de 0 a 25 mm\"}]},{\"@type\":\"WebSite\",\"@id\":\"https:\/\/abaa.mx\/tienda\/#website\",\"url\":\"https:\/\/abaa.mx\/tienda\/\",\"name\":\"Abaa tienda online\",\"description\":\"Instrumentos de medici\u00f3n\",\"publisher\":{\"@id\":\"https:\/\/abaa.mx\/tienda\/#organization\"},\"potentialAction\":[{\"@type\":\"SearchAction\",\"target\":{\"@type\":\"EntryPoint\",\"urlTemplate\":\"https:\/\/abaa.mx\/tienda\/?s={search_term_string}\"},\"query-input\":{\"@type\":\"PropertyValueSpecification\",\"valueRequired\":true,\"valueName\":\"search_term_string\"}}],\"inLanguage\":\"es\"},{\"@type\":\"Organization\",\"@id\":\"https:\/\/abaa.mx\/tienda\/#organization\",\"name\":\"Abaa tienda online\",\"url\":\"https:\/\/abaa.mx\/tienda\/\",\"logo\":{\"@type\":\"ImageObject\",\"inLanguage\":\"es\",\"@id\":\"https:\/\/abaa.mx\/tienda\/#\/schema\/logo\/image\/\",\"url\":\"https:\/\/abaa.mx\/tienda\/wp-content\/uploads\/2024\/01\/abaa-metrologia-tienda.png\",\"contentUrl\":\"https:\/\/abaa.mx\/tienda\/wp-content\/uploads\/2024\/01\/abaa-metrologia-tienda.png\",\"width\":300,\"height\":141,\"caption\":\"Abaa tienda online\"},\"image\":{\"@id\":\"https:\/\/abaa.mx\/tienda\/#\/schema\/logo\/image\/\"}}]}<\/script>\n<!-- \/ Yoast SEO plugin. -->","yoast_head_json":{"title":"mitutoyo 523-141 medidor de presi\u00f3n, de 0 a 25 mm - Abaa tienda online","robots":{"index":"index","follow":"follow","max-snippet":"max-snippet:-1","max-image-preview":"max-image-preview:large","max-video-preview":"max-video-preview:-1"},"canonical":"https:\/\/abaa.mx\/tienda\/mitutoyo-523-141-medidor-de-presion-de-0-a-25-mm\/","og_locale":"es_MX","og_type":"article","og_title":"mitutoyo 523-141 medidor de presi\u00f3n, de 0 a 25 mm - Abaa tienda online","og_description":"Este medidor de presi\u00f3n est\u00e1 dise\u00f1ado para una amplia gama de aplicaciones. El estuche de pl\u00e1stico ajustado ayuda a mantener el medidor de presi\u00f3n protegido de los impactos.","og_url":"https:\/\/abaa.mx\/tienda\/mitutoyo-523-141-medidor-de-presion-de-0-a-25-mm\/","og_site_name":"Abaa tienda online","article_modified_time":"2023-10-17T15:10:05+00:00","og_image":[{"width":500,"height":500,"url":"https:\/\/abaa.mx\/tienda\/wp-content\/uploads\/2023\/10\/523-141.jpg","type":"image\/jpeg"}],"twitter_card":"summary_large_image","twitter_misc":{"Tiempo de lectura":"1 minuto"},"schema":{"@context":"https:\/\/schema.org","@graph":[{"@type":"WebPage","@id":"https:\/\/abaa.mx\/tienda\/mitutoyo-523-141-medidor-de-presion-de-0-a-25-mm\/","url":"https:\/\/abaa.mx\/tienda\/mitutoyo-523-141-medidor-de-presion-de-0-a-25-mm\/","name":"mitutoyo 523-141 medidor de presi\u00f3n, de 0 a 25 mm - Abaa tienda online","isPartOf":{"@id":"https:\/\/abaa.mx\/tienda\/#website"},"primaryImageOfPage":{"@id":"https:\/\/abaa.mx\/tienda\/mitutoyo-523-141-medidor-de-presion-de-0-a-25-mm\/#primaryimage"},"image":{"@id":"https:\/\/abaa.mx\/tienda\/mitutoyo-523-141-medidor-de-presion-de-0-a-25-mm\/#primaryimage"},"thumbnailUrl":"https:\/\/abaa.mx\/tienda\/wp-content\/uploads\/2023\/10\/523-141.jpg","datePublished":"2023-10-17T15:10:04+00:00","dateModified":"2023-10-17T15:10:05+00:00","breadcrumb":{"@id":"https:\/\/abaa.mx\/tienda\/mitutoyo-523-141-medidor-de-presion-de-0-a-25-mm\/#breadcrumb"},"inLanguage":"es","potentialAction":[{"@type":"ReadAction","target":["https:\/\/abaa.mx\/tienda\/mitutoyo-523-141-medidor-de-presion-de-0-a-25-mm\/"]}]},{"@type":"ImageObject","inLanguage":"es","@id":"https:\/\/abaa.mx\/tienda\/mitutoyo-523-141-medidor-de-presion-de-0-a-25-mm\/#primaryimage","url":"https:\/\/abaa.mx\/tienda\/wp-content\/uploads\/2023\/10\/523-141.jpg","contentUrl":"https:\/\/abaa.mx\/tienda\/wp-content\/uploads\/2023\/10\/523-141.jpg","width":500,"height":500,"caption":"523-141"},{"@type":"BreadcrumbList","@id":"https:\/\/abaa.mx\/tienda\/mitutoyo-523-141-medidor-de-presion-de-0-a-25-mm\/#breadcrumb","itemListElement":[{"@type":"ListItem","position":1,"name":"Inicio","item":"https:\/\/abaa.mx\/tienda\/"},{"@type":"ListItem","position":2,"name":"Tienda","item":"https:\/\/abaa.mx\/tienda\/"},{"@type":"ListItem","position":3,"name":"mitutoyo 523-141 medidor de presi\u00f3n, de 0 a 25 mm"}]},{"@type":"WebSite","@id":"https:\/\/abaa.mx\/tienda\/#website","url":"https:\/\/abaa.mx\/tienda\/","name":"Abaa tienda online","description":"Instrumentos de medici\u00f3n","publisher":{"@id":"https:\/\/abaa.mx\/tienda\/#organization"},"potentialAction":[{"@type":"SearchAction","target":{"@type":"EntryPoint","urlTemplate":"https:\/\/abaa.mx\/tienda\/?s={search_term_string}"},"query-input":{"@type":"PropertyValueSpecification","valueRequired":true,"valueName":"search_term_string"}}],"inLanguage":"es"},{"@type":"Organization","@id":"https:\/\/abaa.mx\/tienda\/#organization","name":"Abaa tienda online","url":"https:\/\/abaa.mx\/tienda\/","logo":{"@type":"ImageObject","inLanguage":"es","@id":"https:\/\/abaa.mx\/tienda\/#\/schema\/logo\/image\/","url":"https:\/\/abaa.mx\/tienda\/wp-content\/uploads\/2024\/01\/abaa-metrologia-tienda.png","contentUrl":"https:\/\/abaa.mx\/tienda\/wp-content\/uploads\/2024\/01\/abaa-metrologia-tienda.png","width":300,"height":141,"caption":"Abaa tienda online"},"image":{"@id":"https:\/\/abaa.mx\/tienda\/#\/schema\/logo\/image\/"}}]}},"_links":{"self":[{"href":"https:\/\/abaa.mx\/tienda\/wp-json\/wp\/v2\/product\/6244","targetHints":{"allow":["GET"]}}],"collection":[{"href":"https:\/\/abaa.mx\/tienda\/wp-json\/wp\/v2\/product"}],"about":[{"href":"https:\/\/abaa.mx\/tienda\/wp-json\/wp\/v2\/types\/product"}],"replies":[{"embeddable":true,"href":"https:\/\/abaa.mx\/tienda\/wp-json\/wp\/v2\/comments?post=6244"}],"wp:featuredmedia":[{"embeddable":true,"href":"https:\/\/abaa.mx\/tienda\/wp-json\/wp\/v2\/media\/6250"}],"wp:attachment":[{"href":"https:\/\/abaa.mx\/tienda\/wp-json\/wp\/v2\/media?parent=6244"}],"wp:term":[{"taxonomy":"product_brand","embeddable":true,"href":"https:\/\/abaa.mx\/tienda\/wp-json\/wp\/v2\/product_brand?post=6244"},{"taxonomy":"product_cat","embeddable":true,"href":"https:\/\/abaa.mx\/tienda\/wp-json\/wp\/v2\/product_cat?post=6244"},{"taxonomy":"product_tag","embeddable":true,"href":"https:\/\/abaa.mx\/tienda\/wp-json\/wp\/v2\/product_tag?post=6244"}],"curies":[{"name":"wp","href":"https:\/\/api.w.org\/{rel}","templated":true}]}}