{"id":6243,"date":"2023-10-17T15:08:40","date_gmt":"2023-10-17T15:08:40","guid":{"rendered":"https:\/\/abaa.mx\/tienda\/?post_type=product&#038;p=6243"},"modified":"2023-10-17T15:08:41","modified_gmt":"2023-10-17T15:08:41","slug":"mitutoyo-519-562a-mu-checker-micrometro-electronico-con-pantalla-digital-diferencial","status":"publish","type":"product","link":"https:\/\/abaa.mx\/tienda\/mitutoyo-519-562a-mu-checker-micrometro-electronico-con-pantalla-digital-diferencial\/","title":{"rendered":"mitutoyo 519-562a mu-checker micr\u00f3metro electr\u00f3nico con pantalla digital, diferencial"},"content":{"rendered":"<p>Este instrumento utiliza un sensor de desplazamiento de inductancia diferencial energizado por un voltaje de excitaci\u00f3n de CA de 5 kHz aplicado a trav\u00e9s de dos bobinas id\u00e9nticas conectadas en serie, L1 y L2. Un n\u00facleo de hierro conectado a la aguja se mueve cerca de ambos n\u00facleos y var\u00eda la impedancia de cada bobina dependiendo de su posici\u00f3n, y el voltaje en la uni\u00f3n entre las bobinas var\u00eda como la diferencia de impedancia.<\/p>\n<p>Dos resistencias, R1 y R2, forman un circuito de puente con las bobinas y el voltaje de salida del puente impulsa los circuitos electr\u00f3nicos de amplificaci\u00f3n y acondicionamiento para proporcionar una se\u00f1al de voltaje proporcional al desplazamiento de la aguja.<\/p>\n<p><strong>Funciones<\/strong><\/p>\n<ul>\n<li>Pantalla digital<\/li>\n<li>Modo de c\u00e1lculo \u00b1A, \u00b1B y \u00b1A\u00b1B<\/li>\n<li>Puede conectar 2 sondas a la unidad a la vez<\/li>\n<li>El EV-16A permite conectar 6 sondas simult\u00e1neamente a una unidad<\/li>\n<li>El uso del enlace RS permite una f\u00e1cil construcci\u00f3n de un sistema de medici\u00f3n multipunto que permite un m\u00e1ximo de 10 unidades (60 sondas)<\/li>\n<li>Se pueden seleccionar salidas de E\/S como RS-232C, BCD, juicio de tolerancia y segmento<\/li>\n<li>La medici\u00f3n de picos y la operaci\u00f3n aritm\u00e9tica entre ejes (en la misma unidad) tambi\u00e9n son posibles, adem\u00e1s de la medici\u00f3n normal para cada eje<\/li>\n<\/ul>\n<p><strong>Funciones principales<\/strong><\/p>\n<ul>\n<li>Control externo (puesta a cero, preajuste, etc.)<\/li>\n<li>Cambio de direcci\u00f3n<\/li>\n<li>Mensajes de error<\/li>\n<li>Salida del juicio de tolerancia<\/li>\n<li>Salida de datos variada<\/li>\n<li>Medici\u00f3n de picos (valor m\u00e1ximo, valor m\u00ednimo, descentramiento)<\/li>\n<\/ul>\n<p><strong>Aplicaciones<\/strong><\/p>\n<ul>\n<li>Medici\u00f3n de la inclinaci\u00f3n de un alfiler<\/li>\n<li>Medici\u00f3n de la anchura interior de una rueda<\/li>\n<li>Mide el espesor de la l\u00e1mina laminada con la sonda de cabezal de palanca de cojinete de pivote 519-521<\/li>\n<li>Mide la excentricidad m\u00e1xima de la distorsi\u00f3n de un n\u00facleo con la sonda de cabezal de palanca de cojinete de pivote 519-521<\/li>\n<li>Mide el paso de los componentes del cabezal del disco duro con la sonda del cabezal de palanca del cojinete de pivote 519-521<\/li>\n<li>Mide el ancho interior de una rueda con la sonda de cabezal de palanca de cojinete de pivote 519-521<\/li>\n<li>Mida el paso y la excentricidad de las cuchillas de la cortadora con la sonda de cabezal de palanca con cojinete de pivote 519-521<\/li>\n<\/ul>\n<p><strong>Sistemas de medici\u00f3n electr\u00f3nica<\/strong><\/p>\n<p>Adecuados para una variedad de aplicaciones, desde salas de inspecci\u00f3n hasta l\u00edneas de producci\u00f3n, los sistemas de medici\u00f3n electr\u00f3nica Mu-Checker de alta precisi\u00f3n de la serie 519 se adaptan a las demandas del cliente.<\/p>\n<p>Las sondas de cabezal de palanca de alta resoluci\u00f3n permiten mediciones multipunto de piezas peque\u00f1as, medici\u00f3n de planitud y rectitud en la mesa X\/Y, as\u00ed como medici\u00f3n de descentramiento de ejes. El tipo de cabezal de cartucho se integra f\u00e1cilmente en el equipo debido a su forma compacta. Las sondas se ofrecen con una fuerza de medici\u00f3n est\u00e1ndar de 0,2 N o una fuerza de medici\u00f3n baja de 0,02 N. Est\u00e1n disponibles palpadores opcionales, varillas de extensi\u00f3n y soportes.<\/p>\n<p>Tanto los modelos digitales como los anal\u00f3gicos ofrecen un ajuste cero con solo tocar un bot\u00f3n. Los modelos adicionales permiten sistemas de medici\u00f3n de m\u00faltiples sondas.<\/p>\n<p>&nbsp;<\/p>\n<h4>Mitutoyo 519-562A Especificaciones<\/h4>\n<table class=\"table table-striped\">\n<tbody>\n<tr>\n<td>Rango de lectura (mm)<\/td>\n<td>Alto: \u00b12.000mm \/ \u00b1.08&#8243; Bajo: \u00b10.2000mm \/ \u00b1.008&#8243;<\/td>\n<\/tr>\n<tr>\n<td>Resoluci\u00f3n (mm)<\/td>\n<td>En rango alto: 0,001 mm \/ \u00b1,000010&#8243; En rango bajo: 0,0001 mm \/ \u00b1,00000&#8243;<\/td>\n<\/tr>\n<tr>\n<td>Modo de c\u00e1lculo<\/td>\n<td>\u00b1A, \u00b1B, \u00b1A\u00b1B<\/td>\n<\/tr>\n<tr>\n<td>Modo de medici\u00f3n<\/td>\n<td>ABS\/CMP<\/td>\n<\/tr>\n<tr>\n<td>Zona<br \/>\nhabilitada para la configuraci\u00f3n a cero LL: escala de 1\/3 o menos H: escala completa<\/td>\n<td>60<\/td>\n<\/tr>\n<tr>\n<td>Precisi\u00f3n de la indicaci\u00f3n<\/td>\n<td>3 LCD<\/td>\n<\/tr>\n<tr>\n<td>Rango de temperatura de funcionamiento<\/td>\n<td>De 0 a 40 \u00b0C<\/td>\n<\/tr>\n<tr>\n<td>Rango de temperatura de almacenamiento<\/td>\n<td>De -10 a 50 \u00b0C<\/td>\n<\/tr>\n<tr>\n<td>Salida anal\u00f3gica<\/td>\n<td>\u00b11V\/\u00b1FS<\/td>\n<\/tr>\n<tr>\n<td>Precisi\u00f3n de salida anal\u00f3gica<\/td>\n<td>\u00b10.1% o menos<\/td>\n<\/tr>\n<tr>\n<td>Salida digital<\/td>\n<td>Formato de c\u00f3digo digim\u00e1tico<\/td>\n<\/tr>\n<tr>\n<td>Modo de salida digital<\/td>\n<td>1 cad<\/td>\n<\/tr>\n<tr>\n<td>Consumo de energ\u00eda<\/td>\n<td>5 V A o menos<\/td>\n<\/tr>\n<tr>\n<td>Dimensiones externas<\/td>\n<td>134 (ancho) x 183 (alto) x 210 mm (profundidad)<\/td>\n<\/tr>\n<tr>\n<td>Fuente de alimentaci\u00f3n<\/td>\n<td>120 V CA<\/td>\n<\/tr>\n<\/tbody>\n<\/table>\n","protected":false},"excerpt":{"rendered":"<p class=\"short-description mhide ipad-view-setting\">Este micr\u00f3metro electr\u00f3nico digital de doble entrada puede aceptar una multitud de cabezales de cartucho para una variedad de aplicaciones en mediciones de espesor de paso y chapa. Cuenta con un ajuste a cero que se habilita con una entrada de se\u00f1al externa que permite combinar el Comprobador Mu con dispositivos perif\u00e9ricos. Incluye una funci\u00f3n de salida de datos, lo que permite conectar el medidor a varios procesadores.<\/p>\n<p class=\"comment-tag-product\">\n<div class=\"row-fluid\">\n<div class=\"span12 mobile-pricing-box-padding\">\n<form id=\"88487\" accept-charset=\"utf-8\" action=\"https:\/\/www.globaltestsupply.com\/shop\/add\" method=\"post\" name=\"addTocartFunction\">\n<div><\/div>\n<\/form>\n<\/div>\n<\/div>\n","protected":false},"featured_media":6249,"comment_status":"open","ping_status":"closed","template":"","meta":{"_joinchat":[]},"product_brand":[],"product_cat":[15],"product_tag":[],"class_list":{"0":"post-6243","1":"product","2":"type-product","3":"status-publish","4":"has-post-thumbnail","6":"product_cat-sin-categorizar","8":"first","9":"instock","10":"shipping-taxable","11":"product-type-simple"},"yoast_head":"<!-- This site is optimized with the Yoast SEO plugin v26.4 - https:\/\/yoast.com\/wordpress\/plugins\/seo\/ -->\n<title>mitutoyo 519-562a mu-checker micr\u00f3metro electr\u00f3nico con pantalla digital, diferencial - Abaa tienda online<\/title>\n<meta name=\"robots\" content=\"index, follow, max-snippet:-1, max-image-preview:large, max-video-preview:-1\" \/>\n<link rel=\"canonical\" href=\"https:\/\/abaa.mx\/tienda\/mitutoyo-519-562a-mu-checker-micrometro-electronico-con-pantalla-digital-diferencial\/\" \/>\n<meta property=\"og:locale\" content=\"es_MX\" \/>\n<meta property=\"og:type\" content=\"article\" \/>\n<meta property=\"og:title\" content=\"mitutoyo 519-562a mu-checker micr\u00f3metro electr\u00f3nico con pantalla digital, diferencial - Abaa tienda online\" \/>\n<meta property=\"og:description\" content=\"Este micr\u00f3metro electr\u00f3nico digital de doble entrada puede aceptar una multitud de cabezales de cartucho para una variedad de aplicaciones en mediciones de espesor de paso y chapa. Cuenta con un ajuste a cero que se habilita con una entrada de se\u00f1al externa que permite combinar el Comprobador Mu con dispositivos perif\u00e9ricos. Incluye una funci\u00f3n de salida de datos, lo que permite conectar el medidor a varios procesadores.\" \/>\n<meta property=\"og:url\" content=\"https:\/\/abaa.mx\/tienda\/mitutoyo-519-562a-mu-checker-micrometro-electronico-con-pantalla-digital-diferencial\/\" \/>\n<meta property=\"og:site_name\" content=\"Abaa tienda online\" \/>\n<meta property=\"article:modified_time\" content=\"2023-10-17T15:08:41+00:00\" \/>\n<meta property=\"og:image\" content=\"https:\/\/abaa.mx\/tienda\/wp-content\/uploads\/2023\/10\/519-562A.jpg\" \/>\n\t<meta property=\"og:image:width\" content=\"474\" \/>\n\t<meta property=\"og:image:height\" content=\"474\" \/>\n\t<meta property=\"og:image:type\" content=\"image\/jpeg\" \/>\n<meta name=\"twitter:card\" content=\"summary_large_image\" \/>\n<meta name=\"twitter:label1\" content=\"Tiempo de lectura\" \/>\n\t<meta name=\"twitter:data1\" content=\"3 minutos\" \/>\n<script type=\"application\/ld+json\" class=\"yoast-schema-graph\">{\"@context\":\"https:\/\/schema.org\",\"@graph\":[{\"@type\":\"WebPage\",\"@id\":\"https:\/\/abaa.mx\/tienda\/mitutoyo-519-562a-mu-checker-micrometro-electronico-con-pantalla-digital-diferencial\/\",\"url\":\"https:\/\/abaa.mx\/tienda\/mitutoyo-519-562a-mu-checker-micrometro-electronico-con-pantalla-digital-diferencial\/\",\"name\":\"mitutoyo 519-562a mu-checker micr\u00f3metro electr\u00f3nico con pantalla digital, diferencial - Abaa tienda online\",\"isPartOf\":{\"@id\":\"https:\/\/abaa.mx\/tienda\/#website\"},\"primaryImageOfPage\":{\"@id\":\"https:\/\/abaa.mx\/tienda\/mitutoyo-519-562a-mu-checker-micrometro-electronico-con-pantalla-digital-diferencial\/#primaryimage\"},\"image\":{\"@id\":\"https:\/\/abaa.mx\/tienda\/mitutoyo-519-562a-mu-checker-micrometro-electronico-con-pantalla-digital-diferencial\/#primaryimage\"},\"thumbnailUrl\":\"https:\/\/abaa.mx\/tienda\/wp-content\/uploads\/2023\/10\/519-562A.jpg\",\"datePublished\":\"2023-10-17T15:08:40+00:00\",\"dateModified\":\"2023-10-17T15:08:41+00:00\",\"breadcrumb\":{\"@id\":\"https:\/\/abaa.mx\/tienda\/mitutoyo-519-562a-mu-checker-micrometro-electronico-con-pantalla-digital-diferencial\/#breadcrumb\"},\"inLanguage\":\"es\",\"potentialAction\":[{\"@type\":\"ReadAction\",\"target\":[\"https:\/\/abaa.mx\/tienda\/mitutoyo-519-562a-mu-checker-micrometro-electronico-con-pantalla-digital-diferencial\/\"]}]},{\"@type\":\"ImageObject\",\"inLanguage\":\"es\",\"@id\":\"https:\/\/abaa.mx\/tienda\/mitutoyo-519-562a-mu-checker-micrometro-electronico-con-pantalla-digital-diferencial\/#primaryimage\",\"url\":\"https:\/\/abaa.mx\/tienda\/wp-content\/uploads\/2023\/10\/519-562A.jpg\",\"contentUrl\":\"https:\/\/abaa.mx\/tienda\/wp-content\/uploads\/2023\/10\/519-562A.jpg\",\"width\":474,\"height\":474,\"caption\":\"519-562A\"},{\"@type\":\"BreadcrumbList\",\"@id\":\"https:\/\/abaa.mx\/tienda\/mitutoyo-519-562a-mu-checker-micrometro-electronico-con-pantalla-digital-diferencial\/#breadcrumb\",\"itemListElement\":[{\"@type\":\"ListItem\",\"position\":1,\"name\":\"Inicio\",\"item\":\"https:\/\/abaa.mx\/tienda\/\"},{\"@type\":\"ListItem\",\"position\":2,\"name\":\"Tienda\",\"item\":\"https:\/\/abaa.mx\/tienda\/\"},{\"@type\":\"ListItem\",\"position\":3,\"name\":\"mitutoyo 519-562a mu-checker micr\u00f3metro electr\u00f3nico con pantalla digital, diferencial\"}]},{\"@type\":\"WebSite\",\"@id\":\"https:\/\/abaa.mx\/tienda\/#website\",\"url\":\"https:\/\/abaa.mx\/tienda\/\",\"name\":\"Abaa tienda online\",\"description\":\"Instrumentos de medici\u00f3n\",\"publisher\":{\"@id\":\"https:\/\/abaa.mx\/tienda\/#organization\"},\"potentialAction\":[{\"@type\":\"SearchAction\",\"target\":{\"@type\":\"EntryPoint\",\"urlTemplate\":\"https:\/\/abaa.mx\/tienda\/?s={search_term_string}\"},\"query-input\":{\"@type\":\"PropertyValueSpecification\",\"valueRequired\":true,\"valueName\":\"search_term_string\"}}],\"inLanguage\":\"es\"},{\"@type\":\"Organization\",\"@id\":\"https:\/\/abaa.mx\/tienda\/#organization\",\"name\":\"Abaa tienda online\",\"url\":\"https:\/\/abaa.mx\/tienda\/\",\"logo\":{\"@type\":\"ImageObject\",\"inLanguage\":\"es\",\"@id\":\"https:\/\/abaa.mx\/tienda\/#\/schema\/logo\/image\/\",\"url\":\"https:\/\/abaa.mx\/tienda\/wp-content\/uploads\/2024\/01\/abaa-metrologia-tienda.png\",\"contentUrl\":\"https:\/\/abaa.mx\/tienda\/wp-content\/uploads\/2024\/01\/abaa-metrologia-tienda.png\",\"width\":300,\"height\":141,\"caption\":\"Abaa tienda online\"},\"image\":{\"@id\":\"https:\/\/abaa.mx\/tienda\/#\/schema\/logo\/image\/\"}}]}<\/script>\n<!-- \/ Yoast SEO plugin. -->","yoast_head_json":{"title":"mitutoyo 519-562a mu-checker micr\u00f3metro electr\u00f3nico con pantalla digital, diferencial - Abaa tienda online","robots":{"index":"index","follow":"follow","max-snippet":"max-snippet:-1","max-image-preview":"max-image-preview:large","max-video-preview":"max-video-preview:-1"},"canonical":"https:\/\/abaa.mx\/tienda\/mitutoyo-519-562a-mu-checker-micrometro-electronico-con-pantalla-digital-diferencial\/","og_locale":"es_MX","og_type":"article","og_title":"mitutoyo 519-562a mu-checker micr\u00f3metro electr\u00f3nico con pantalla digital, diferencial - Abaa tienda online","og_description":"Este micr\u00f3metro electr\u00f3nico digital de doble entrada puede aceptar una multitud de cabezales de cartucho para una variedad de aplicaciones en mediciones de espesor de paso y chapa. Cuenta con un ajuste a cero que se habilita con una entrada de se\u00f1al externa que permite combinar el Comprobador Mu con dispositivos perif\u00e9ricos. Incluye una funci\u00f3n de salida de datos, lo que permite conectar el medidor a varios procesadores.","og_url":"https:\/\/abaa.mx\/tienda\/mitutoyo-519-562a-mu-checker-micrometro-electronico-con-pantalla-digital-diferencial\/","og_site_name":"Abaa tienda online","article_modified_time":"2023-10-17T15:08:41+00:00","og_image":[{"width":474,"height":474,"url":"https:\/\/abaa.mx\/tienda\/wp-content\/uploads\/2023\/10\/519-562A.jpg","type":"image\/jpeg"}],"twitter_card":"summary_large_image","twitter_misc":{"Tiempo de lectura":"3 minutos"},"schema":{"@context":"https:\/\/schema.org","@graph":[{"@type":"WebPage","@id":"https:\/\/abaa.mx\/tienda\/mitutoyo-519-562a-mu-checker-micrometro-electronico-con-pantalla-digital-diferencial\/","url":"https:\/\/abaa.mx\/tienda\/mitutoyo-519-562a-mu-checker-micrometro-electronico-con-pantalla-digital-diferencial\/","name":"mitutoyo 519-562a mu-checker micr\u00f3metro electr\u00f3nico con pantalla digital, diferencial - Abaa tienda online","isPartOf":{"@id":"https:\/\/abaa.mx\/tienda\/#website"},"primaryImageOfPage":{"@id":"https:\/\/abaa.mx\/tienda\/mitutoyo-519-562a-mu-checker-micrometro-electronico-con-pantalla-digital-diferencial\/#primaryimage"},"image":{"@id":"https:\/\/abaa.mx\/tienda\/mitutoyo-519-562a-mu-checker-micrometro-electronico-con-pantalla-digital-diferencial\/#primaryimage"},"thumbnailUrl":"https:\/\/abaa.mx\/tienda\/wp-content\/uploads\/2023\/10\/519-562A.jpg","datePublished":"2023-10-17T15:08:40+00:00","dateModified":"2023-10-17T15:08:41+00:00","breadcrumb":{"@id":"https:\/\/abaa.mx\/tienda\/mitutoyo-519-562a-mu-checker-micrometro-electronico-con-pantalla-digital-diferencial\/#breadcrumb"},"inLanguage":"es","potentialAction":[{"@type":"ReadAction","target":["https:\/\/abaa.mx\/tienda\/mitutoyo-519-562a-mu-checker-micrometro-electronico-con-pantalla-digital-diferencial\/"]}]},{"@type":"ImageObject","inLanguage":"es","@id":"https:\/\/abaa.mx\/tienda\/mitutoyo-519-562a-mu-checker-micrometro-electronico-con-pantalla-digital-diferencial\/#primaryimage","url":"https:\/\/abaa.mx\/tienda\/wp-content\/uploads\/2023\/10\/519-562A.jpg","contentUrl":"https:\/\/abaa.mx\/tienda\/wp-content\/uploads\/2023\/10\/519-562A.jpg","width":474,"height":474,"caption":"519-562A"},{"@type":"BreadcrumbList","@id":"https:\/\/abaa.mx\/tienda\/mitutoyo-519-562a-mu-checker-micrometro-electronico-con-pantalla-digital-diferencial\/#breadcrumb","itemListElement":[{"@type":"ListItem","position":1,"name":"Inicio","item":"https:\/\/abaa.mx\/tienda\/"},{"@type":"ListItem","position":2,"name":"Tienda","item":"https:\/\/abaa.mx\/tienda\/"},{"@type":"ListItem","position":3,"name":"mitutoyo 519-562a mu-checker micr\u00f3metro electr\u00f3nico con pantalla digital, diferencial"}]},{"@type":"WebSite","@id":"https:\/\/abaa.mx\/tienda\/#website","url":"https:\/\/abaa.mx\/tienda\/","name":"Abaa tienda online","description":"Instrumentos de medici\u00f3n","publisher":{"@id":"https:\/\/abaa.mx\/tienda\/#organization"},"potentialAction":[{"@type":"SearchAction","target":{"@type":"EntryPoint","urlTemplate":"https:\/\/abaa.mx\/tienda\/?s={search_term_string}"},"query-input":{"@type":"PropertyValueSpecification","valueRequired":true,"valueName":"search_term_string"}}],"inLanguage":"es"},{"@type":"Organization","@id":"https:\/\/abaa.mx\/tienda\/#organization","name":"Abaa tienda online","url":"https:\/\/abaa.mx\/tienda\/","logo":{"@type":"ImageObject","inLanguage":"es","@id":"https:\/\/abaa.mx\/tienda\/#\/schema\/logo\/image\/","url":"https:\/\/abaa.mx\/tienda\/wp-content\/uploads\/2024\/01\/abaa-metrologia-tienda.png","contentUrl":"https:\/\/abaa.mx\/tienda\/wp-content\/uploads\/2024\/01\/abaa-metrologia-tienda.png","width":300,"height":141,"caption":"Abaa tienda online"},"image":{"@id":"https:\/\/abaa.mx\/tienda\/#\/schema\/logo\/image\/"}}]}},"_links":{"self":[{"href":"https:\/\/abaa.mx\/tienda\/wp-json\/wp\/v2\/product\/6243","targetHints":{"allow":["GET"]}}],"collection":[{"href":"https:\/\/abaa.mx\/tienda\/wp-json\/wp\/v2\/product"}],"about":[{"href":"https:\/\/abaa.mx\/tienda\/wp-json\/wp\/v2\/types\/product"}],"replies":[{"embeddable":true,"href":"https:\/\/abaa.mx\/tienda\/wp-json\/wp\/v2\/comments?post=6243"}],"wp:featuredmedia":[{"embeddable":true,"href":"https:\/\/abaa.mx\/tienda\/wp-json\/wp\/v2\/media\/6249"}],"wp:attachment":[{"href":"https:\/\/abaa.mx\/tienda\/wp-json\/wp\/v2\/media?parent=6243"}],"wp:term":[{"taxonomy":"product_brand","embeddable":true,"href":"https:\/\/abaa.mx\/tienda\/wp-json\/wp\/v2\/product_brand?post=6243"},{"taxonomy":"product_cat","embeddable":true,"href":"https:\/\/abaa.mx\/tienda\/wp-json\/wp\/v2\/product_cat?post=6243"},{"taxonomy":"product_tag","embeddable":true,"href":"https:\/\/abaa.mx\/tienda\/wp-json\/wp\/v2\/product_tag?post=6243"}],"curies":[{"name":"wp","href":"https:\/\/api.w.org\/{rel}","templated":true}]}}