{"id":6186,"date":"2023-10-16T16:32:36","date_gmt":"2023-10-16T16:32:36","guid":{"rendered":"https:\/\/abaa.mx\/tienda\/?post_type=product&#038;p=6186"},"modified":"2023-10-16T16:32:36","modified_gmt":"2023-10-16T16:32:36","slug":"mitutoyo-1921ab-10-serie-0-indicador-de-esfera-compacta-de-respaldo-plano-graduacion-de-0-a-0-1-0-001","status":"publish","type":"product","link":"https:\/\/abaa.mx\/tienda\/mitutoyo-1921ab-10-serie-0-indicador-de-esfera-compacta-de-respaldo-plano-graduacion-de-0-a-0-1-0-001\/","title":{"rendered":"Mitutoyo 1921ab-10 serie 0 indicador de esfera compacta de respaldo plano, graduaci\u00f3n de 0 a 0.1&#8243;, 0.001&#8243;"},"content":{"rendered":"<p>Utilice el indicador de esfera plana compacto Mitutoyo 1921TB-10 Serie 0 para obtener las lecturas que necesita. Ideal para usar en \u00e1reas con espacio restringido, el indicador compacto ofrece un dise\u00f1o de respaldo plano. Sus marcas de graduaci\u00f3n permiten una medici\u00f3n precisa.<\/p>\n<h5><strong>Funciones<\/strong><\/h5>\n<ul>\n<li>El di\u00e1metro del bisel est\u00e1 dise\u00f1ado para aplicaciones de espacio restringido en plantillas de medici\u00f3n<\/li>\n<li>El dise\u00f1o de respaldo plano se asienta al ras<\/li>\n<li>Tama\u00f1o compacto para una f\u00e1cil colocaci\u00f3n<\/li>\n<\/ul>\n<h4>Especificaciones<\/h4>\n<table class=\"table table-striped\">\n<tbody>\n<tr>\n<td>Unidad(es) de medida admitida(s)<\/td>\n<td>en<\/td>\n<\/tr>\n<tr>\n<td>Rango de medici\u00f3n<\/td>\n<td>Rango\/Rango por revoluci\u00f3n: 0 a 0.1&#8243;\/0.04&#8243;<\/td>\n<\/tr>\n<tr>\n<td>Exactitud<\/td>\n<td>\u00b10.001&#8243;<\/td>\n<\/tr>\n<tr>\n<td>Lectura de dial<\/td>\n<td>De 0 a 20 a 0<\/td>\n<\/tr>\n<tr>\n<td>Color de la esfera<\/td>\n<td>Blanco\/Negro<\/td>\n<\/tr>\n<tr>\n<td>Medidas de graduaci\u00f3n<\/td>\n<td>Pulgadas<\/td>\n<\/tr>\n<tr>\n<td>Fuerza de medici\u00f3n<\/td>\n<td>1,4 N o menos<\/td>\n<\/tr>\n<\/tbody>\n<\/table>\n","protected":false},"excerpt":{"rendered":"<p class=\"short-description mhide ipad-view-setting\">El indicador de cuadrante ofrece un tama\u00f1o compacto para ayudarlo a usarlo en espacios restringidos. El dise\u00f1o de fondo plano y el di\u00e1metro del bisel permiten su uso en una variedad de espacios.<\/p>\n<p class=\"comment-tag-product\">\n<div class=\"row-fluid\">\n<div class=\"span12 mobile-pricing-box-padding\">\n<form id=\"139926\" accept-charset=\"utf-8\" action=\"https:\/\/www.globaltestsupply.com\/shop\/add\" method=\"post\" name=\"addTocartFunction\">\n<div><\/div>\n<\/form>\n<\/div>\n<\/div>\n","protected":false},"featured_media":6203,"comment_status":"open","ping_status":"closed","template":"","meta":{"_joinchat":[]},"product_brand":[],"product_cat":[15],"product_tag":[],"class_list":{"0":"post-6186","1":"product","2":"type-product","3":"status-publish","4":"has-post-thumbnail","6":"product_cat-sin-categorizar","8":"first","9":"instock","10":"shipping-taxable","11":"product-type-simple"},"yoast_head":"<!-- This site is optimized with the Yoast SEO plugin v26.4 - https:\/\/yoast.com\/wordpress\/plugins\/seo\/ -->\n<title>Mitutoyo 1921ab-10 serie 0 indicador de esfera compacta de respaldo plano, graduaci\u00f3n de 0 a 0.1&quot;, 0.001&quot; - Abaa tienda online<\/title>\n<meta name=\"robots\" content=\"index, follow, max-snippet:-1, max-image-preview:large, max-video-preview:-1\" \/>\n<link rel=\"canonical\" href=\"https:\/\/abaa.mx\/tienda\/mitutoyo-1921ab-10-serie-0-indicador-de-esfera-compacta-de-respaldo-plano-graduacion-de-0-a-0-1-0-001\/\" \/>\n<meta property=\"og:locale\" content=\"es_MX\" \/>\n<meta property=\"og:type\" content=\"article\" \/>\n<meta property=\"og:title\" content=\"Mitutoyo 1921ab-10 serie 0 indicador de esfera compacta de respaldo plano, graduaci\u00f3n de 0 a 0.1&quot;, 0.001&quot; - Abaa tienda online\" \/>\n<meta property=\"og:description\" content=\"El indicador de cuadrante ofrece un tama\u00f1o compacto para ayudarlo a usarlo en espacios restringidos. El dise\u00f1o de fondo plano y el di\u00e1metro del bisel permiten su uso en una variedad de espacios.\" \/>\n<meta property=\"og:url\" content=\"https:\/\/abaa.mx\/tienda\/mitutoyo-1921ab-10-serie-0-indicador-de-esfera-compacta-de-respaldo-plano-graduacion-de-0-a-0-1-0-001\/\" \/>\n<meta property=\"og:site_name\" content=\"Abaa tienda online\" \/>\n<meta property=\"og:image\" content=\"https:\/\/abaa.mx\/tienda\/wp-content\/uploads\/2023\/10\/1921AB-10.jpg\" \/>\n\t<meta property=\"og:image:width\" content=\"333\" \/>\n\t<meta property=\"og:image:height\" content=\"500\" \/>\n\t<meta property=\"og:image:type\" content=\"image\/jpeg\" \/>\n<meta name=\"twitter:card\" content=\"summary_large_image\" \/>\n<meta name=\"twitter:label1\" content=\"Tiempo de lectura\" \/>\n\t<meta name=\"twitter:data1\" content=\"1 minuto\" \/>\n<script type=\"application\/ld+json\" class=\"yoast-schema-graph\">{\"@context\":\"https:\/\/schema.org\",\"@graph\":[{\"@type\":\"WebPage\",\"@id\":\"https:\/\/abaa.mx\/tienda\/mitutoyo-1921ab-10-serie-0-indicador-de-esfera-compacta-de-respaldo-plano-graduacion-de-0-a-0-1-0-001\/\",\"url\":\"https:\/\/abaa.mx\/tienda\/mitutoyo-1921ab-10-serie-0-indicador-de-esfera-compacta-de-respaldo-plano-graduacion-de-0-a-0-1-0-001\/\",\"name\":\"Mitutoyo 1921ab-10 serie 0 indicador de esfera compacta de respaldo plano, graduaci\u00f3n de 0 a 0.1\\\", 0.001\\\" - Abaa tienda online\",\"isPartOf\":{\"@id\":\"https:\/\/abaa.mx\/tienda\/#website\"},\"primaryImageOfPage\":{\"@id\":\"https:\/\/abaa.mx\/tienda\/mitutoyo-1921ab-10-serie-0-indicador-de-esfera-compacta-de-respaldo-plano-graduacion-de-0-a-0-1-0-001\/#primaryimage\"},\"image\":{\"@id\":\"https:\/\/abaa.mx\/tienda\/mitutoyo-1921ab-10-serie-0-indicador-de-esfera-compacta-de-respaldo-plano-graduacion-de-0-a-0-1-0-001\/#primaryimage\"},\"thumbnailUrl\":\"https:\/\/abaa.mx\/tienda\/wp-content\/uploads\/2023\/10\/1921AB-10.jpg\",\"datePublished\":\"2023-10-16T16:32:36+00:00\",\"breadcrumb\":{\"@id\":\"https:\/\/abaa.mx\/tienda\/mitutoyo-1921ab-10-serie-0-indicador-de-esfera-compacta-de-respaldo-plano-graduacion-de-0-a-0-1-0-001\/#breadcrumb\"},\"inLanguage\":\"es\",\"potentialAction\":[{\"@type\":\"ReadAction\",\"target\":[\"https:\/\/abaa.mx\/tienda\/mitutoyo-1921ab-10-serie-0-indicador-de-esfera-compacta-de-respaldo-plano-graduacion-de-0-a-0-1-0-001\/\"]}]},{\"@type\":\"ImageObject\",\"inLanguage\":\"es\",\"@id\":\"https:\/\/abaa.mx\/tienda\/mitutoyo-1921ab-10-serie-0-indicador-de-esfera-compacta-de-respaldo-plano-graduacion-de-0-a-0-1-0-001\/#primaryimage\",\"url\":\"https:\/\/abaa.mx\/tienda\/wp-content\/uploads\/2023\/10\/1921AB-10.jpg\",\"contentUrl\":\"https:\/\/abaa.mx\/tienda\/wp-content\/uploads\/2023\/10\/1921AB-10.jpg\",\"width\":333,\"height\":500,\"caption\":\"1921AB-10\"},{\"@type\":\"BreadcrumbList\",\"@id\":\"https:\/\/abaa.mx\/tienda\/mitutoyo-1921ab-10-serie-0-indicador-de-esfera-compacta-de-respaldo-plano-graduacion-de-0-a-0-1-0-001\/#breadcrumb\",\"itemListElement\":[{\"@type\":\"ListItem\",\"position\":1,\"name\":\"Inicio\",\"item\":\"https:\/\/abaa.mx\/tienda\/\"},{\"@type\":\"ListItem\",\"position\":2,\"name\":\"Tienda\",\"item\":\"https:\/\/abaa.mx\/tienda\/\"},{\"@type\":\"ListItem\",\"position\":3,\"name\":\"Mitutoyo 1921ab-10 serie 0 indicador de esfera compacta de respaldo plano, graduaci\u00f3n de 0 a 0.1&#8243;, 0.001&#8243;\"}]},{\"@type\":\"WebSite\",\"@id\":\"https:\/\/abaa.mx\/tienda\/#website\",\"url\":\"https:\/\/abaa.mx\/tienda\/\",\"name\":\"Abaa tienda online\",\"description\":\"Instrumentos de medici\u00f3n\",\"publisher\":{\"@id\":\"https:\/\/abaa.mx\/tienda\/#organization\"},\"potentialAction\":[{\"@type\":\"SearchAction\",\"target\":{\"@type\":\"EntryPoint\",\"urlTemplate\":\"https:\/\/abaa.mx\/tienda\/?s={search_term_string}\"},\"query-input\":{\"@type\":\"PropertyValueSpecification\",\"valueRequired\":true,\"valueName\":\"search_term_string\"}}],\"inLanguage\":\"es\"},{\"@type\":\"Organization\",\"@id\":\"https:\/\/abaa.mx\/tienda\/#organization\",\"name\":\"Abaa tienda online\",\"url\":\"https:\/\/abaa.mx\/tienda\/\",\"logo\":{\"@type\":\"ImageObject\",\"inLanguage\":\"es\",\"@id\":\"https:\/\/abaa.mx\/tienda\/#\/schema\/logo\/image\/\",\"url\":\"https:\/\/abaa.mx\/tienda\/wp-content\/uploads\/2024\/01\/abaa-metrologia-tienda.png\",\"contentUrl\":\"https:\/\/abaa.mx\/tienda\/wp-content\/uploads\/2024\/01\/abaa-metrologia-tienda.png\",\"width\":300,\"height\":141,\"caption\":\"Abaa tienda online\"},\"image\":{\"@id\":\"https:\/\/abaa.mx\/tienda\/#\/schema\/logo\/image\/\"}}]}<\/script>\n<!-- \/ Yoast SEO plugin. -->","yoast_head_json":{"title":"Mitutoyo 1921ab-10 serie 0 indicador de esfera compacta de respaldo plano, graduaci\u00f3n de 0 a 0.1\", 0.001\" - Abaa tienda online","robots":{"index":"index","follow":"follow","max-snippet":"max-snippet:-1","max-image-preview":"max-image-preview:large","max-video-preview":"max-video-preview:-1"},"canonical":"https:\/\/abaa.mx\/tienda\/mitutoyo-1921ab-10-serie-0-indicador-de-esfera-compacta-de-respaldo-plano-graduacion-de-0-a-0-1-0-001\/","og_locale":"es_MX","og_type":"article","og_title":"Mitutoyo 1921ab-10 serie 0 indicador de esfera compacta de respaldo plano, graduaci\u00f3n de 0 a 0.1\", 0.001\" - Abaa tienda online","og_description":"El indicador de cuadrante ofrece un tama\u00f1o compacto para ayudarlo a usarlo en espacios restringidos. El dise\u00f1o de fondo plano y el di\u00e1metro del bisel permiten su uso en una variedad de espacios.","og_url":"https:\/\/abaa.mx\/tienda\/mitutoyo-1921ab-10-serie-0-indicador-de-esfera-compacta-de-respaldo-plano-graduacion-de-0-a-0-1-0-001\/","og_site_name":"Abaa tienda online","og_image":[{"width":333,"height":500,"url":"https:\/\/abaa.mx\/tienda\/wp-content\/uploads\/2023\/10\/1921AB-10.jpg","type":"image\/jpeg"}],"twitter_card":"summary_large_image","twitter_misc":{"Tiempo de lectura":"1 minuto"},"schema":{"@context":"https:\/\/schema.org","@graph":[{"@type":"WebPage","@id":"https:\/\/abaa.mx\/tienda\/mitutoyo-1921ab-10-serie-0-indicador-de-esfera-compacta-de-respaldo-plano-graduacion-de-0-a-0-1-0-001\/","url":"https:\/\/abaa.mx\/tienda\/mitutoyo-1921ab-10-serie-0-indicador-de-esfera-compacta-de-respaldo-plano-graduacion-de-0-a-0-1-0-001\/","name":"Mitutoyo 1921ab-10 serie 0 indicador de esfera compacta de respaldo plano, graduaci\u00f3n de 0 a 0.1\", 0.001\" - Abaa tienda online","isPartOf":{"@id":"https:\/\/abaa.mx\/tienda\/#website"},"primaryImageOfPage":{"@id":"https:\/\/abaa.mx\/tienda\/mitutoyo-1921ab-10-serie-0-indicador-de-esfera-compacta-de-respaldo-plano-graduacion-de-0-a-0-1-0-001\/#primaryimage"},"image":{"@id":"https:\/\/abaa.mx\/tienda\/mitutoyo-1921ab-10-serie-0-indicador-de-esfera-compacta-de-respaldo-plano-graduacion-de-0-a-0-1-0-001\/#primaryimage"},"thumbnailUrl":"https:\/\/abaa.mx\/tienda\/wp-content\/uploads\/2023\/10\/1921AB-10.jpg","datePublished":"2023-10-16T16:32:36+00:00","breadcrumb":{"@id":"https:\/\/abaa.mx\/tienda\/mitutoyo-1921ab-10-serie-0-indicador-de-esfera-compacta-de-respaldo-plano-graduacion-de-0-a-0-1-0-001\/#breadcrumb"},"inLanguage":"es","potentialAction":[{"@type":"ReadAction","target":["https:\/\/abaa.mx\/tienda\/mitutoyo-1921ab-10-serie-0-indicador-de-esfera-compacta-de-respaldo-plano-graduacion-de-0-a-0-1-0-001\/"]}]},{"@type":"ImageObject","inLanguage":"es","@id":"https:\/\/abaa.mx\/tienda\/mitutoyo-1921ab-10-serie-0-indicador-de-esfera-compacta-de-respaldo-plano-graduacion-de-0-a-0-1-0-001\/#primaryimage","url":"https:\/\/abaa.mx\/tienda\/wp-content\/uploads\/2023\/10\/1921AB-10.jpg","contentUrl":"https:\/\/abaa.mx\/tienda\/wp-content\/uploads\/2023\/10\/1921AB-10.jpg","width":333,"height":500,"caption":"1921AB-10"},{"@type":"BreadcrumbList","@id":"https:\/\/abaa.mx\/tienda\/mitutoyo-1921ab-10-serie-0-indicador-de-esfera-compacta-de-respaldo-plano-graduacion-de-0-a-0-1-0-001\/#breadcrumb","itemListElement":[{"@type":"ListItem","position":1,"name":"Inicio","item":"https:\/\/abaa.mx\/tienda\/"},{"@type":"ListItem","position":2,"name":"Tienda","item":"https:\/\/abaa.mx\/tienda\/"},{"@type":"ListItem","position":3,"name":"Mitutoyo 1921ab-10 serie 0 indicador de esfera compacta de respaldo plano, graduaci\u00f3n de 0 a 0.1&#8243;, 0.001&#8243;"}]},{"@type":"WebSite","@id":"https:\/\/abaa.mx\/tienda\/#website","url":"https:\/\/abaa.mx\/tienda\/","name":"Abaa tienda online","description":"Instrumentos de medici\u00f3n","publisher":{"@id":"https:\/\/abaa.mx\/tienda\/#organization"},"potentialAction":[{"@type":"SearchAction","target":{"@type":"EntryPoint","urlTemplate":"https:\/\/abaa.mx\/tienda\/?s={search_term_string}"},"query-input":{"@type":"PropertyValueSpecification","valueRequired":true,"valueName":"search_term_string"}}],"inLanguage":"es"},{"@type":"Organization","@id":"https:\/\/abaa.mx\/tienda\/#organization","name":"Abaa tienda online","url":"https:\/\/abaa.mx\/tienda\/","logo":{"@type":"ImageObject","inLanguage":"es","@id":"https:\/\/abaa.mx\/tienda\/#\/schema\/logo\/image\/","url":"https:\/\/abaa.mx\/tienda\/wp-content\/uploads\/2024\/01\/abaa-metrologia-tienda.png","contentUrl":"https:\/\/abaa.mx\/tienda\/wp-content\/uploads\/2024\/01\/abaa-metrologia-tienda.png","width":300,"height":141,"caption":"Abaa tienda online"},"image":{"@id":"https:\/\/abaa.mx\/tienda\/#\/schema\/logo\/image\/"}}]}},"_links":{"self":[{"href":"https:\/\/abaa.mx\/tienda\/wp-json\/wp\/v2\/product\/6186","targetHints":{"allow":["GET"]}}],"collection":[{"href":"https:\/\/abaa.mx\/tienda\/wp-json\/wp\/v2\/product"}],"about":[{"href":"https:\/\/abaa.mx\/tienda\/wp-json\/wp\/v2\/types\/product"}],"replies":[{"embeddable":true,"href":"https:\/\/abaa.mx\/tienda\/wp-json\/wp\/v2\/comments?post=6186"}],"wp:featuredmedia":[{"embeddable":true,"href":"https:\/\/abaa.mx\/tienda\/wp-json\/wp\/v2\/media\/6203"}],"wp:attachment":[{"href":"https:\/\/abaa.mx\/tienda\/wp-json\/wp\/v2\/media?parent=6186"}],"wp:term":[{"taxonomy":"product_brand","embeddable":true,"href":"https:\/\/abaa.mx\/tienda\/wp-json\/wp\/v2\/product_brand?post=6186"},{"taxonomy":"product_cat","embeddable":true,"href":"https:\/\/abaa.mx\/tienda\/wp-json\/wp\/v2\/product_cat?post=6186"},{"taxonomy":"product_tag","embeddable":true,"href":"https:\/\/abaa.mx\/tienda\/wp-json\/wp\/v2\/product_tag?post=6186"}],"curies":[{"name":"wp","href":"https:\/\/api.w.org\/{rel}","templated":true}]}}