{"id":6167,"date":"2023-10-16T15:52:23","date_gmt":"2023-10-16T15:52:23","guid":{"rendered":"https:\/\/abaa.mx\/tienda\/?post_type=product&#038;p=6167"},"modified":"2023-10-16T15:52:23","modified_gmt":"2023-10-16T15:52:23","slug":"mitutoyo-513-501-10e-serie-513-indicador-de-prueba-de-esfera-de-bolsillo-014-mm-0001-mm-graduacion","status":"publish","type":"product","link":"https:\/\/abaa.mx\/tienda\/mitutoyo-513-501-10e-serie-513-indicador-de-prueba-de-esfera-de-bolsillo-014-mm-0001-mm-graduacion\/","title":{"rendered":"mitutoyo 513-501-10e serie 513 indicador de prueba de esfera de bolsillo, 0,14 mm, 0,001 mm graduaci\u00f3n"},"content":{"rendered":"<p>&nbsp;<\/p>\n<p>El indicador de prueba de dial de bolsillo Mitutoyo 513-501E Serie 513 hace que el monitoreo de datos sea conveniente. Adem\u00e1s, con alta sensibilidad y precisi\u00f3n, un bisel sellado con junta t\u00f3rica y mucho m\u00e1s, producir\u00e1 lecturas en las que puede confiar.<\/p>\n<p><strong>Funciones<\/strong><\/p>\n<ul>\n<li>Cuenta con una alta sensibilidad y precisi\u00f3n gracias a los rodamientos enjoyados<\/li>\n<li>La direcci\u00f3n de medici\u00f3n es reversible<\/li>\n<li>El bisel es totalmente ajustable y el punto de contacto es ajustable dentro de 220\u00b0<\/li>\n<li>El bisel sellado con junta t\u00f3rica est\u00e1 protegido de contaminantes l\u00edquidos<\/li>\n<li>Graduaci\u00f3n de 0,001 mm para una mayor precisi\u00f3n de medici\u00f3n<\/li>\n<li>Fuerza de medici\u00f3n: 0,4 N<\/li>\n<\/ul>\n<h4>Mitutoyo 513-501-10E Especificaciones<\/h4>\n<p>&nbsp;<\/p>\n<table class=\"table table-striped\">\n<tbody>\n<tr>\n<td>Unidad(es) de medida admitida(s)<\/td>\n<td>mil\u00edmetro<\/td>\n<\/tr>\n<tr>\n<td>Rango de medici\u00f3n<\/td>\n<td>0,14 mil\u00edmetros<\/td>\n<\/tr>\n<tr>\n<td>Exactitud<\/td>\n<td>3 \u03bcm<\/td>\n<\/tr>\n<tr>\n<td>Lectura de dial<\/td>\n<td>De 0 a 70 a 0<\/td>\n<\/tr>\n<tr>\n<td>Color de la esfera<\/td>\n<td>Blanco<\/td>\n<\/tr>\n<tr>\n<td>Medidas de graduaci\u00f3n<\/td>\n<td>Mil\u00edmetros<\/td>\n<\/tr>\n<\/tbody>\n<\/table>\n","protected":false},"excerpt":{"rendered":"<p class=\"short-description mhide ipad-view-setting\">Utilice este indicador de prueba de dial de bolsillo para controlar sus lecturas cr\u00edticas. Tiene un bisel ajustable y un punto de contacto para mayor versatilidad.<\/p>\n<p class=\"comment-tag-product\">\n<div class=\"row-fluid\">\n<div class=\"span12 mobile-pricing-box-padding\">\n<form id=\"140014\" accept-charset=\"utf-8\" action=\"https:\/\/www.globaltestsupply.com\/shop\/add\" method=\"post\" name=\"addTocartFunction\">\n<div><\/div>\n<\/form>\n<\/div>\n<\/div>\n","protected":false},"featured_media":6173,"comment_status":"open","ping_status":"closed","template":"","meta":{"_joinchat":[]},"product_brand":[],"product_cat":[15],"product_tag":[],"class_list":{"0":"post-6167","1":"product","2":"type-product","3":"status-publish","4":"has-post-thumbnail","6":"product_cat-sin-categorizar","8":"first","9":"instock","10":"shipping-taxable","11":"product-type-simple"},"yoast_head":"<!-- This site is optimized with the Yoast SEO plugin v26.4 - https:\/\/yoast.com\/wordpress\/plugins\/seo\/ -->\n<title>mitutoyo 513-501-10e serie 513 indicador de prueba de esfera de bolsillo, 0,14 mm, 0,001 mm graduaci\u00f3n - Abaa tienda online<\/title>\n<meta name=\"robots\" content=\"index, follow, max-snippet:-1, max-image-preview:large, max-video-preview:-1\" \/>\n<link rel=\"canonical\" href=\"https:\/\/abaa.mx\/tienda\/mitutoyo-513-501-10e-serie-513-indicador-de-prueba-de-esfera-de-bolsillo-014-mm-0001-mm-graduacion\/\" \/>\n<meta property=\"og:locale\" content=\"es_MX\" \/>\n<meta property=\"og:type\" content=\"article\" \/>\n<meta property=\"og:title\" content=\"mitutoyo 513-501-10e serie 513 indicador de prueba de esfera de bolsillo, 0,14 mm, 0,001 mm graduaci\u00f3n - Abaa tienda online\" \/>\n<meta property=\"og:description\" content=\"Utilice este indicador de prueba de dial de bolsillo para controlar sus lecturas cr\u00edticas. Tiene un bisel ajustable y un punto de contacto para mayor versatilidad.\" \/>\n<meta property=\"og:url\" content=\"https:\/\/abaa.mx\/tienda\/mitutoyo-513-501-10e-serie-513-indicador-de-prueba-de-esfera-de-bolsillo-014-mm-0001-mm-graduacion\/\" \/>\n<meta property=\"og:site_name\" content=\"Abaa tienda online\" \/>\n<meta property=\"og:image\" content=\"https:\/\/abaa.mx\/tienda\/wp-content\/uploads\/2023\/10\/513-501-10E.jpg\" \/>\n\t<meta property=\"og:image:width\" content=\"270\" \/>\n\t<meta property=\"og:image:height\" content=\"500\" \/>\n\t<meta property=\"og:image:type\" content=\"image\/jpeg\" \/>\n<meta name=\"twitter:card\" content=\"summary_large_image\" \/>\n<meta name=\"twitter:label1\" content=\"Tiempo de lectura\" \/>\n\t<meta name=\"twitter:data1\" content=\"1 minuto\" \/>\n<script type=\"application\/ld+json\" class=\"yoast-schema-graph\">{\"@context\":\"https:\/\/schema.org\",\"@graph\":[{\"@type\":\"WebPage\",\"@id\":\"https:\/\/abaa.mx\/tienda\/mitutoyo-513-501-10e-serie-513-indicador-de-prueba-de-esfera-de-bolsillo-014-mm-0001-mm-graduacion\/\",\"url\":\"https:\/\/abaa.mx\/tienda\/mitutoyo-513-501-10e-serie-513-indicador-de-prueba-de-esfera-de-bolsillo-014-mm-0001-mm-graduacion\/\",\"name\":\"mitutoyo 513-501-10e serie 513 indicador de prueba de esfera de bolsillo, 0,14 mm, 0,001 mm graduaci\u00f3n - Abaa tienda online\",\"isPartOf\":{\"@id\":\"https:\/\/abaa.mx\/tienda\/#website\"},\"primaryImageOfPage\":{\"@id\":\"https:\/\/abaa.mx\/tienda\/mitutoyo-513-501-10e-serie-513-indicador-de-prueba-de-esfera-de-bolsillo-014-mm-0001-mm-graduacion\/#primaryimage\"},\"image\":{\"@id\":\"https:\/\/abaa.mx\/tienda\/mitutoyo-513-501-10e-serie-513-indicador-de-prueba-de-esfera-de-bolsillo-014-mm-0001-mm-graduacion\/#primaryimage\"},\"thumbnailUrl\":\"https:\/\/abaa.mx\/tienda\/wp-content\/uploads\/2023\/10\/513-501-10E.jpg\",\"datePublished\":\"2023-10-16T15:52:23+00:00\",\"breadcrumb\":{\"@id\":\"https:\/\/abaa.mx\/tienda\/mitutoyo-513-501-10e-serie-513-indicador-de-prueba-de-esfera-de-bolsillo-014-mm-0001-mm-graduacion\/#breadcrumb\"},\"inLanguage\":\"es\",\"potentialAction\":[{\"@type\":\"ReadAction\",\"target\":[\"https:\/\/abaa.mx\/tienda\/mitutoyo-513-501-10e-serie-513-indicador-de-prueba-de-esfera-de-bolsillo-014-mm-0001-mm-graduacion\/\"]}]},{\"@type\":\"ImageObject\",\"inLanguage\":\"es\",\"@id\":\"https:\/\/abaa.mx\/tienda\/mitutoyo-513-501-10e-serie-513-indicador-de-prueba-de-esfera-de-bolsillo-014-mm-0001-mm-graduacion\/#primaryimage\",\"url\":\"https:\/\/abaa.mx\/tienda\/wp-content\/uploads\/2023\/10\/513-501-10E.jpg\",\"contentUrl\":\"https:\/\/abaa.mx\/tienda\/wp-content\/uploads\/2023\/10\/513-501-10E.jpg\",\"width\":270,\"height\":500,\"caption\":\"513-501-10E\"},{\"@type\":\"BreadcrumbList\",\"@id\":\"https:\/\/abaa.mx\/tienda\/mitutoyo-513-501-10e-serie-513-indicador-de-prueba-de-esfera-de-bolsillo-014-mm-0001-mm-graduacion\/#breadcrumb\",\"itemListElement\":[{\"@type\":\"ListItem\",\"position\":1,\"name\":\"Inicio\",\"item\":\"https:\/\/abaa.mx\/tienda\/\"},{\"@type\":\"ListItem\",\"position\":2,\"name\":\"Tienda\",\"item\":\"https:\/\/abaa.mx\/tienda\/\"},{\"@type\":\"ListItem\",\"position\":3,\"name\":\"mitutoyo 513-501-10e serie 513 indicador de prueba de esfera de bolsillo, 0,14 mm, 0,001 mm graduaci\u00f3n\"}]},{\"@type\":\"WebSite\",\"@id\":\"https:\/\/abaa.mx\/tienda\/#website\",\"url\":\"https:\/\/abaa.mx\/tienda\/\",\"name\":\"Abaa tienda online\",\"description\":\"Instrumentos de medici\u00f3n\",\"publisher\":{\"@id\":\"https:\/\/abaa.mx\/tienda\/#organization\"},\"potentialAction\":[{\"@type\":\"SearchAction\",\"target\":{\"@type\":\"EntryPoint\",\"urlTemplate\":\"https:\/\/abaa.mx\/tienda\/?s={search_term_string}\"},\"query-input\":{\"@type\":\"PropertyValueSpecification\",\"valueRequired\":true,\"valueName\":\"search_term_string\"}}],\"inLanguage\":\"es\"},{\"@type\":\"Organization\",\"@id\":\"https:\/\/abaa.mx\/tienda\/#organization\",\"name\":\"Abaa tienda online\",\"url\":\"https:\/\/abaa.mx\/tienda\/\",\"logo\":{\"@type\":\"ImageObject\",\"inLanguage\":\"es\",\"@id\":\"https:\/\/abaa.mx\/tienda\/#\/schema\/logo\/image\/\",\"url\":\"https:\/\/abaa.mx\/tienda\/wp-content\/uploads\/2024\/01\/abaa-metrologia-tienda.png\",\"contentUrl\":\"https:\/\/abaa.mx\/tienda\/wp-content\/uploads\/2024\/01\/abaa-metrologia-tienda.png\",\"width\":300,\"height\":141,\"caption\":\"Abaa tienda online\"},\"image\":{\"@id\":\"https:\/\/abaa.mx\/tienda\/#\/schema\/logo\/image\/\"}}]}<\/script>\n<!-- \/ Yoast SEO plugin. -->","yoast_head_json":{"title":"mitutoyo 513-501-10e serie 513 indicador de prueba de esfera de bolsillo, 0,14 mm, 0,001 mm graduaci\u00f3n - Abaa tienda online","robots":{"index":"index","follow":"follow","max-snippet":"max-snippet:-1","max-image-preview":"max-image-preview:large","max-video-preview":"max-video-preview:-1"},"canonical":"https:\/\/abaa.mx\/tienda\/mitutoyo-513-501-10e-serie-513-indicador-de-prueba-de-esfera-de-bolsillo-014-mm-0001-mm-graduacion\/","og_locale":"es_MX","og_type":"article","og_title":"mitutoyo 513-501-10e serie 513 indicador de prueba de esfera de bolsillo, 0,14 mm, 0,001 mm graduaci\u00f3n - Abaa tienda online","og_description":"Utilice este indicador de prueba de dial de bolsillo para controlar sus lecturas cr\u00edticas. Tiene un bisel ajustable y un punto de contacto para mayor versatilidad.","og_url":"https:\/\/abaa.mx\/tienda\/mitutoyo-513-501-10e-serie-513-indicador-de-prueba-de-esfera-de-bolsillo-014-mm-0001-mm-graduacion\/","og_site_name":"Abaa tienda online","og_image":[{"width":270,"height":500,"url":"https:\/\/abaa.mx\/tienda\/wp-content\/uploads\/2023\/10\/513-501-10E.jpg","type":"image\/jpeg"}],"twitter_card":"summary_large_image","twitter_misc":{"Tiempo de lectura":"1 minuto"},"schema":{"@context":"https:\/\/schema.org","@graph":[{"@type":"WebPage","@id":"https:\/\/abaa.mx\/tienda\/mitutoyo-513-501-10e-serie-513-indicador-de-prueba-de-esfera-de-bolsillo-014-mm-0001-mm-graduacion\/","url":"https:\/\/abaa.mx\/tienda\/mitutoyo-513-501-10e-serie-513-indicador-de-prueba-de-esfera-de-bolsillo-014-mm-0001-mm-graduacion\/","name":"mitutoyo 513-501-10e serie 513 indicador de prueba de esfera de bolsillo, 0,14 mm, 0,001 mm graduaci\u00f3n - Abaa tienda online","isPartOf":{"@id":"https:\/\/abaa.mx\/tienda\/#website"},"primaryImageOfPage":{"@id":"https:\/\/abaa.mx\/tienda\/mitutoyo-513-501-10e-serie-513-indicador-de-prueba-de-esfera-de-bolsillo-014-mm-0001-mm-graduacion\/#primaryimage"},"image":{"@id":"https:\/\/abaa.mx\/tienda\/mitutoyo-513-501-10e-serie-513-indicador-de-prueba-de-esfera-de-bolsillo-014-mm-0001-mm-graduacion\/#primaryimage"},"thumbnailUrl":"https:\/\/abaa.mx\/tienda\/wp-content\/uploads\/2023\/10\/513-501-10E.jpg","datePublished":"2023-10-16T15:52:23+00:00","breadcrumb":{"@id":"https:\/\/abaa.mx\/tienda\/mitutoyo-513-501-10e-serie-513-indicador-de-prueba-de-esfera-de-bolsillo-014-mm-0001-mm-graduacion\/#breadcrumb"},"inLanguage":"es","potentialAction":[{"@type":"ReadAction","target":["https:\/\/abaa.mx\/tienda\/mitutoyo-513-501-10e-serie-513-indicador-de-prueba-de-esfera-de-bolsillo-014-mm-0001-mm-graduacion\/"]}]},{"@type":"ImageObject","inLanguage":"es","@id":"https:\/\/abaa.mx\/tienda\/mitutoyo-513-501-10e-serie-513-indicador-de-prueba-de-esfera-de-bolsillo-014-mm-0001-mm-graduacion\/#primaryimage","url":"https:\/\/abaa.mx\/tienda\/wp-content\/uploads\/2023\/10\/513-501-10E.jpg","contentUrl":"https:\/\/abaa.mx\/tienda\/wp-content\/uploads\/2023\/10\/513-501-10E.jpg","width":270,"height":500,"caption":"513-501-10E"},{"@type":"BreadcrumbList","@id":"https:\/\/abaa.mx\/tienda\/mitutoyo-513-501-10e-serie-513-indicador-de-prueba-de-esfera-de-bolsillo-014-mm-0001-mm-graduacion\/#breadcrumb","itemListElement":[{"@type":"ListItem","position":1,"name":"Inicio","item":"https:\/\/abaa.mx\/tienda\/"},{"@type":"ListItem","position":2,"name":"Tienda","item":"https:\/\/abaa.mx\/tienda\/"},{"@type":"ListItem","position":3,"name":"mitutoyo 513-501-10e serie 513 indicador de prueba de esfera de bolsillo, 0,14 mm, 0,001 mm graduaci\u00f3n"}]},{"@type":"WebSite","@id":"https:\/\/abaa.mx\/tienda\/#website","url":"https:\/\/abaa.mx\/tienda\/","name":"Abaa tienda online","description":"Instrumentos de medici\u00f3n","publisher":{"@id":"https:\/\/abaa.mx\/tienda\/#organization"},"potentialAction":[{"@type":"SearchAction","target":{"@type":"EntryPoint","urlTemplate":"https:\/\/abaa.mx\/tienda\/?s={search_term_string}"},"query-input":{"@type":"PropertyValueSpecification","valueRequired":true,"valueName":"search_term_string"}}],"inLanguage":"es"},{"@type":"Organization","@id":"https:\/\/abaa.mx\/tienda\/#organization","name":"Abaa tienda online","url":"https:\/\/abaa.mx\/tienda\/","logo":{"@type":"ImageObject","inLanguage":"es","@id":"https:\/\/abaa.mx\/tienda\/#\/schema\/logo\/image\/","url":"https:\/\/abaa.mx\/tienda\/wp-content\/uploads\/2024\/01\/abaa-metrologia-tienda.png","contentUrl":"https:\/\/abaa.mx\/tienda\/wp-content\/uploads\/2024\/01\/abaa-metrologia-tienda.png","width":300,"height":141,"caption":"Abaa tienda online"},"image":{"@id":"https:\/\/abaa.mx\/tienda\/#\/schema\/logo\/image\/"}}]}},"_links":{"self":[{"href":"https:\/\/abaa.mx\/tienda\/wp-json\/wp\/v2\/product\/6167","targetHints":{"allow":["GET"]}}],"collection":[{"href":"https:\/\/abaa.mx\/tienda\/wp-json\/wp\/v2\/product"}],"about":[{"href":"https:\/\/abaa.mx\/tienda\/wp-json\/wp\/v2\/types\/product"}],"replies":[{"embeddable":true,"href":"https:\/\/abaa.mx\/tienda\/wp-json\/wp\/v2\/comments?post=6167"}],"wp:featuredmedia":[{"embeddable":true,"href":"https:\/\/abaa.mx\/tienda\/wp-json\/wp\/v2\/media\/6173"}],"wp:attachment":[{"href":"https:\/\/abaa.mx\/tienda\/wp-json\/wp\/v2\/media?parent=6167"}],"wp:term":[{"taxonomy":"product_brand","embeddable":true,"href":"https:\/\/abaa.mx\/tienda\/wp-json\/wp\/v2\/product_brand?post=6167"},{"taxonomy":"product_cat","embeddable":true,"href":"https:\/\/abaa.mx\/tienda\/wp-json\/wp\/v2\/product_cat?post=6167"},{"taxonomy":"product_tag","embeddable":true,"href":"https:\/\/abaa.mx\/tienda\/wp-json\/wp\/v2\/product_tag?post=6167"}],"curies":[{"name":"wp","href":"https:\/\/api.w.org\/{rel}","templated":true}]}}