{"id":6138,"date":"2023-10-16T15:35:09","date_gmt":"2023-10-16T15:35:09","guid":{"rendered":"https:\/\/abaa.mx\/tienda\/?post_type=product&#038;p=6138"},"modified":"2023-10-16T15:35:10","modified_gmt":"2023-10-16T15:35:10","slug":"mitutoyo-1900a-10-serie-1-indicador-de-cuadrante-compacto-de-una-revolucion-con-orejeta-trasera-0-a-01-mm-metrico","status":"publish","type":"product","link":"https:\/\/abaa.mx\/tienda\/mitutoyo-1900a-10-serie-1-indicador-de-cuadrante-compacto-de-una-revolucion-con-orejeta-trasera-0-a-01-mm-metrico\/","title":{"rendered":"Mitutoyo 1900a-10 serie 1 indicador de cuadrante compacto de una revoluci\u00f3n con orejeta trasera, 0 a 0,1 mm, m\u00e9trico"},"content":{"rendered":"<h5><strong>Funciones<\/strong><\/h5>\n<ul>\n<li>Se ofrece con una leng\u00fceta trasera para fines de montaje<\/li>\n<li>El exclusivo mecanismo a prueba de golpes protege contra los golpes de la retracci\u00f3n repentina del husillo<\/li>\n<li>La cerradura del bisel con tornillo de mariposa es f\u00e1cil de usar para la puesta a cero<\/li>\n<li>El engranaje de cremallera est\u00e1 rectificado a m\u00e1quina para un ajuste m\u00e1s ajustado y una mayor precisi\u00f3n<\/li>\n<li>La mayor rigidez en la placa de rodamiento reduce el error de retroceso hasta en un 20%<\/li>\n<li>El montaje de cuatro tornillos aumenta la resistencia al impacto para una precisi\u00f3n mejor y m\u00e1s prolongada<\/li>\n<li>Sin orificio pasante para tornillos en el marco proporciona una mejor resistencia al polvo<\/li>\n<li>El punto de contacto tiene punta de carburo para una precisi\u00f3n y durabilidad duraderas<\/li>\n<li>El indicador es antimagn\u00e9tico para una mejor precisi\u00f3n alrededor de los metales<\/li>\n<li>El cristal antideslumbrante tiene un revestimiento resistente a los ara\u00f1azos para lecturas m\u00e1s claras y una mayor durabilidad<\/li>\n<li>El dise\u00f1o compacto permite su uso en espacios m\u00e1s reducidos y restringidos<\/li>\n<li>El cojinete enjoyado proporciona una gran resistencia al desgaste y movimientos de baja fricci\u00f3n para operaciones suaves y precisas<\/li>\n<li>Un revolucionario dise\u00f1o de casquillo de husillo desplazado proporciona una sujeci\u00f3n del v\u00e1stago sin problemas y un rango de sujeci\u00f3n m\u00e1s largo<\/li>\n<li>Fabricado para cumplir con los est\u00e1ndares ISO\/JIS<\/li>\n<\/ul>\n<h5><strong>Aplicaciones<\/strong><\/h5>\n<ul>\n<li>Aeroespacial<\/li>\n<li>Automotor<\/li>\n<li>Defensa<\/li>\n<li>Electr\u00f3nica<\/li>\n<li>Energ\u00eda<\/li>\n<li>Fabricaci\u00f3n general<\/li>\n<li>Pl\u00e1sticos y caucho<\/li>\n<\/ul>\n<h4>Especificaciones<\/h4>\n<table class=\"table table-striped\">\n<tbody>\n<tr>\n<td>Gama<\/td>\n<td>De 0 a 0,1 mm<\/td>\n<\/tr>\n<tr>\n<td>Exactitud<\/td>\n<td>\u00b10,005 mil\u00edmetros<\/td>\n<\/tr>\n<tr>\n<td>Graduaci\u00f3n<\/td>\n<td>0,001 mil\u00edmetros<\/td>\n<\/tr>\n<tr>\n<td>Fuerza de medici\u00f3n<\/td>\n<td>1,5 N o menos<\/td>\n<\/tr>\n<tr>\n<td>Carrera del husillo<\/td>\n<td>0,14 mil\u00edmetros<\/td>\n<\/tr>\n<tr>\n<td>Lectura de dial<\/td>\n<td>50-0-50<\/td>\n<\/tr>\n<tr>\n<td>Unidades<\/td>\n<td>M\u00e9trico<\/td>\n<\/tr>\n<tr>\n<td>Tipo de rosca<\/td>\n<td>M2,5 x 0,45<\/td>\n<\/tr>\n<tr>\n<td>Tipo de espalda<\/td>\n<td>Leng\u00fceta hacia atr\u00e1s<\/td>\n<\/tr>\n<tr>\n<td>Rodamiento enjoyado<\/td>\n<td>S\u00ed<\/td>\n<\/tr>\n<tr>\n<td>Choques<\/td>\n<td>S\u00ed<\/td>\n<\/tr>\n<tr>\n<td>Di\u00e1metro del v\u00e1stago<\/td>\n<td>8 mil\u00edmetros<\/td>\n<\/tr>\n<\/tbody>\n<\/table>\n","protected":false},"excerpt":{"rendered":"<p class=\"short-description mhide ipad-view-setting\">Conforme a las normas ISO\/JIS, este indicador de cuadrante compacto de una sola revoluci\u00f3n cuenta con un rango de medici\u00f3n de 0 a 0,1 mm y una medici\u00f3n completa con el barrido de la mano, lo que elimina los errores de conteo. Adem\u00e1s, este indicador de cuadrante es ideal para determinar si un rango de husillo est\u00e1 dentro o fuera de una tolerancia.<\/p>\n<p class=\"comment-tag-product\">\n<div class=\"row-fluid\">\n<div class=\"span12 mobile-pricing-box-padding\">\n<form id=\"139827\" accept-charset=\"utf-8\" action=\"https:\/\/www.globaltestsupply.com\/shop\/add\" method=\"post\" name=\"addTocartFunction\">\n<div><\/div>\n<\/form>\n<\/div>\n<\/div>\n","protected":false},"featured_media":6149,"comment_status":"open","ping_status":"closed","template":"","meta":{"_joinchat":[]},"product_brand":[],"product_cat":[15],"product_tag":[],"class_list":{"0":"post-6138","1":"product","2":"type-product","3":"status-publish","4":"has-post-thumbnail","6":"product_cat-sin-categorizar","8":"first","9":"instock","10":"shipping-taxable","11":"product-type-simple"},"yoast_head":"<!-- This site is optimized with the Yoast SEO plugin v26.4 - https:\/\/yoast.com\/wordpress\/plugins\/seo\/ -->\n<title>Mitutoyo 1900a-10 serie 1 indicador de cuadrante compacto de una revoluci\u00f3n con orejeta trasera, 0 a 0,1 mm, m\u00e9trico - Abaa tienda online<\/title>\n<meta name=\"robots\" content=\"index, follow, max-snippet:-1, max-image-preview:large, max-video-preview:-1\" \/>\n<link rel=\"canonical\" href=\"https:\/\/abaa.mx\/tienda\/mitutoyo-1900a-10-serie-1-indicador-de-cuadrante-compacto-de-una-revolucion-con-orejeta-trasera-0-a-01-mm-metrico\/\" \/>\n<meta property=\"og:locale\" content=\"es_MX\" \/>\n<meta property=\"og:type\" content=\"article\" \/>\n<meta property=\"og:title\" content=\"Mitutoyo 1900a-10 serie 1 indicador de cuadrante compacto de una revoluci\u00f3n con orejeta trasera, 0 a 0,1 mm, m\u00e9trico - Abaa tienda online\" \/>\n<meta property=\"og:description\" content=\"Conforme a las normas ISO\/JIS, este indicador de cuadrante compacto de una sola revoluci\u00f3n cuenta con un rango de medici\u00f3n de 0 a 0,1 mm y una medici\u00f3n completa con el barrido de la mano, lo que elimina los errores de conteo. Adem\u00e1s, este indicador de cuadrante es ideal para determinar si un rango de husillo est\u00e1 dentro o fuera de una tolerancia.\" \/>\n<meta property=\"og:url\" content=\"https:\/\/abaa.mx\/tienda\/mitutoyo-1900a-10-serie-1-indicador-de-cuadrante-compacto-de-una-revolucion-con-orejeta-trasera-0-a-01-mm-metrico\/\" \/>\n<meta property=\"og:site_name\" content=\"Abaa tienda online\" \/>\n<meta property=\"article:modified_time\" content=\"2023-10-16T15:35:10+00:00\" \/>\n<meta property=\"og:image\" content=\"https:\/\/abaa.mx\/tienda\/wp-content\/uploads\/2023\/10\/1900A-10.jpg\" \/>\n\t<meta property=\"og:image:width\" content=\"270\" \/>\n\t<meta property=\"og:image:height\" content=\"495\" \/>\n\t<meta property=\"og:image:type\" content=\"image\/jpeg\" \/>\n<meta name=\"twitter:card\" content=\"summary_large_image\" \/>\n<meta name=\"twitter:label1\" content=\"Tiempo de lectura\" \/>\n\t<meta name=\"twitter:data1\" content=\"2 minutos\" \/>\n<script type=\"application\/ld+json\" class=\"yoast-schema-graph\">{\"@context\":\"https:\/\/schema.org\",\"@graph\":[{\"@type\":\"WebPage\",\"@id\":\"https:\/\/abaa.mx\/tienda\/mitutoyo-1900a-10-serie-1-indicador-de-cuadrante-compacto-de-una-revolucion-con-orejeta-trasera-0-a-01-mm-metrico\/\",\"url\":\"https:\/\/abaa.mx\/tienda\/mitutoyo-1900a-10-serie-1-indicador-de-cuadrante-compacto-de-una-revolucion-con-orejeta-trasera-0-a-01-mm-metrico\/\",\"name\":\"Mitutoyo 1900a-10 serie 1 indicador de cuadrante compacto de una revoluci\u00f3n con orejeta trasera, 0 a 0,1 mm, m\u00e9trico - Abaa tienda online\",\"isPartOf\":{\"@id\":\"https:\/\/abaa.mx\/tienda\/#website\"},\"primaryImageOfPage\":{\"@id\":\"https:\/\/abaa.mx\/tienda\/mitutoyo-1900a-10-serie-1-indicador-de-cuadrante-compacto-de-una-revolucion-con-orejeta-trasera-0-a-01-mm-metrico\/#primaryimage\"},\"image\":{\"@id\":\"https:\/\/abaa.mx\/tienda\/mitutoyo-1900a-10-serie-1-indicador-de-cuadrante-compacto-de-una-revolucion-con-orejeta-trasera-0-a-01-mm-metrico\/#primaryimage\"},\"thumbnailUrl\":\"https:\/\/abaa.mx\/tienda\/wp-content\/uploads\/2023\/10\/1900A-10.jpg\",\"datePublished\":\"2023-10-16T15:35:09+00:00\",\"dateModified\":\"2023-10-16T15:35:10+00:00\",\"breadcrumb\":{\"@id\":\"https:\/\/abaa.mx\/tienda\/mitutoyo-1900a-10-serie-1-indicador-de-cuadrante-compacto-de-una-revolucion-con-orejeta-trasera-0-a-01-mm-metrico\/#breadcrumb\"},\"inLanguage\":\"es\",\"potentialAction\":[{\"@type\":\"ReadAction\",\"target\":[\"https:\/\/abaa.mx\/tienda\/mitutoyo-1900a-10-serie-1-indicador-de-cuadrante-compacto-de-una-revolucion-con-orejeta-trasera-0-a-01-mm-metrico\/\"]}]},{\"@type\":\"ImageObject\",\"inLanguage\":\"es\",\"@id\":\"https:\/\/abaa.mx\/tienda\/mitutoyo-1900a-10-serie-1-indicador-de-cuadrante-compacto-de-una-revolucion-con-orejeta-trasera-0-a-01-mm-metrico\/#primaryimage\",\"url\":\"https:\/\/abaa.mx\/tienda\/wp-content\/uploads\/2023\/10\/1900A-10.jpg\",\"contentUrl\":\"https:\/\/abaa.mx\/tienda\/wp-content\/uploads\/2023\/10\/1900A-10.jpg\",\"width\":270,\"height\":495,\"caption\":\"1900A-10\"},{\"@type\":\"BreadcrumbList\",\"@id\":\"https:\/\/abaa.mx\/tienda\/mitutoyo-1900a-10-serie-1-indicador-de-cuadrante-compacto-de-una-revolucion-con-orejeta-trasera-0-a-01-mm-metrico\/#breadcrumb\",\"itemListElement\":[{\"@type\":\"ListItem\",\"position\":1,\"name\":\"Inicio\",\"item\":\"https:\/\/abaa.mx\/tienda\/\"},{\"@type\":\"ListItem\",\"position\":2,\"name\":\"Tienda\",\"item\":\"https:\/\/abaa.mx\/tienda\/\"},{\"@type\":\"ListItem\",\"position\":3,\"name\":\"Mitutoyo 1900a-10 serie 1 indicador de cuadrante compacto de una revoluci\u00f3n con orejeta trasera, 0 a 0,1 mm, m\u00e9trico\"}]},{\"@type\":\"WebSite\",\"@id\":\"https:\/\/abaa.mx\/tienda\/#website\",\"url\":\"https:\/\/abaa.mx\/tienda\/\",\"name\":\"Abaa tienda online\",\"description\":\"Instrumentos de medici\u00f3n\",\"publisher\":{\"@id\":\"https:\/\/abaa.mx\/tienda\/#organization\"},\"potentialAction\":[{\"@type\":\"SearchAction\",\"target\":{\"@type\":\"EntryPoint\",\"urlTemplate\":\"https:\/\/abaa.mx\/tienda\/?s={search_term_string}\"},\"query-input\":{\"@type\":\"PropertyValueSpecification\",\"valueRequired\":true,\"valueName\":\"search_term_string\"}}],\"inLanguage\":\"es\"},{\"@type\":\"Organization\",\"@id\":\"https:\/\/abaa.mx\/tienda\/#organization\",\"name\":\"Abaa tienda online\",\"url\":\"https:\/\/abaa.mx\/tienda\/\",\"logo\":{\"@type\":\"ImageObject\",\"inLanguage\":\"es\",\"@id\":\"https:\/\/abaa.mx\/tienda\/#\/schema\/logo\/image\/\",\"url\":\"https:\/\/abaa.mx\/tienda\/wp-content\/uploads\/2024\/01\/abaa-metrologia-tienda.png\",\"contentUrl\":\"https:\/\/abaa.mx\/tienda\/wp-content\/uploads\/2024\/01\/abaa-metrologia-tienda.png\",\"width\":300,\"height\":141,\"caption\":\"Abaa tienda online\"},\"image\":{\"@id\":\"https:\/\/abaa.mx\/tienda\/#\/schema\/logo\/image\/\"}}]}<\/script>\n<!-- \/ Yoast SEO plugin. -->","yoast_head_json":{"title":"Mitutoyo 1900a-10 serie 1 indicador de cuadrante compacto de una revoluci\u00f3n con orejeta trasera, 0 a 0,1 mm, m\u00e9trico - Abaa tienda online","robots":{"index":"index","follow":"follow","max-snippet":"max-snippet:-1","max-image-preview":"max-image-preview:large","max-video-preview":"max-video-preview:-1"},"canonical":"https:\/\/abaa.mx\/tienda\/mitutoyo-1900a-10-serie-1-indicador-de-cuadrante-compacto-de-una-revolucion-con-orejeta-trasera-0-a-01-mm-metrico\/","og_locale":"es_MX","og_type":"article","og_title":"Mitutoyo 1900a-10 serie 1 indicador de cuadrante compacto de una revoluci\u00f3n con orejeta trasera, 0 a 0,1 mm, m\u00e9trico - Abaa tienda online","og_description":"Conforme a las normas ISO\/JIS, este indicador de cuadrante compacto de una sola revoluci\u00f3n cuenta con un rango de medici\u00f3n de 0 a 0,1 mm y una medici\u00f3n completa con el barrido de la mano, lo que elimina los errores de conteo. Adem\u00e1s, este indicador de cuadrante es ideal para determinar si un rango de husillo est\u00e1 dentro o fuera de una tolerancia.","og_url":"https:\/\/abaa.mx\/tienda\/mitutoyo-1900a-10-serie-1-indicador-de-cuadrante-compacto-de-una-revolucion-con-orejeta-trasera-0-a-01-mm-metrico\/","og_site_name":"Abaa tienda online","article_modified_time":"2023-10-16T15:35:10+00:00","og_image":[{"width":270,"height":495,"url":"https:\/\/abaa.mx\/tienda\/wp-content\/uploads\/2023\/10\/1900A-10.jpg","type":"image\/jpeg"}],"twitter_card":"summary_large_image","twitter_misc":{"Tiempo de lectura":"2 minutos"},"schema":{"@context":"https:\/\/schema.org","@graph":[{"@type":"WebPage","@id":"https:\/\/abaa.mx\/tienda\/mitutoyo-1900a-10-serie-1-indicador-de-cuadrante-compacto-de-una-revolucion-con-orejeta-trasera-0-a-01-mm-metrico\/","url":"https:\/\/abaa.mx\/tienda\/mitutoyo-1900a-10-serie-1-indicador-de-cuadrante-compacto-de-una-revolucion-con-orejeta-trasera-0-a-01-mm-metrico\/","name":"Mitutoyo 1900a-10 serie 1 indicador de cuadrante compacto de una revoluci\u00f3n con orejeta trasera, 0 a 0,1 mm, m\u00e9trico - Abaa tienda online","isPartOf":{"@id":"https:\/\/abaa.mx\/tienda\/#website"},"primaryImageOfPage":{"@id":"https:\/\/abaa.mx\/tienda\/mitutoyo-1900a-10-serie-1-indicador-de-cuadrante-compacto-de-una-revolucion-con-orejeta-trasera-0-a-01-mm-metrico\/#primaryimage"},"image":{"@id":"https:\/\/abaa.mx\/tienda\/mitutoyo-1900a-10-serie-1-indicador-de-cuadrante-compacto-de-una-revolucion-con-orejeta-trasera-0-a-01-mm-metrico\/#primaryimage"},"thumbnailUrl":"https:\/\/abaa.mx\/tienda\/wp-content\/uploads\/2023\/10\/1900A-10.jpg","datePublished":"2023-10-16T15:35:09+00:00","dateModified":"2023-10-16T15:35:10+00:00","breadcrumb":{"@id":"https:\/\/abaa.mx\/tienda\/mitutoyo-1900a-10-serie-1-indicador-de-cuadrante-compacto-de-una-revolucion-con-orejeta-trasera-0-a-01-mm-metrico\/#breadcrumb"},"inLanguage":"es","potentialAction":[{"@type":"ReadAction","target":["https:\/\/abaa.mx\/tienda\/mitutoyo-1900a-10-serie-1-indicador-de-cuadrante-compacto-de-una-revolucion-con-orejeta-trasera-0-a-01-mm-metrico\/"]}]},{"@type":"ImageObject","inLanguage":"es","@id":"https:\/\/abaa.mx\/tienda\/mitutoyo-1900a-10-serie-1-indicador-de-cuadrante-compacto-de-una-revolucion-con-orejeta-trasera-0-a-01-mm-metrico\/#primaryimage","url":"https:\/\/abaa.mx\/tienda\/wp-content\/uploads\/2023\/10\/1900A-10.jpg","contentUrl":"https:\/\/abaa.mx\/tienda\/wp-content\/uploads\/2023\/10\/1900A-10.jpg","width":270,"height":495,"caption":"1900A-10"},{"@type":"BreadcrumbList","@id":"https:\/\/abaa.mx\/tienda\/mitutoyo-1900a-10-serie-1-indicador-de-cuadrante-compacto-de-una-revolucion-con-orejeta-trasera-0-a-01-mm-metrico\/#breadcrumb","itemListElement":[{"@type":"ListItem","position":1,"name":"Inicio","item":"https:\/\/abaa.mx\/tienda\/"},{"@type":"ListItem","position":2,"name":"Tienda","item":"https:\/\/abaa.mx\/tienda\/"},{"@type":"ListItem","position":3,"name":"Mitutoyo 1900a-10 serie 1 indicador de cuadrante compacto de una revoluci\u00f3n con orejeta trasera, 0 a 0,1 mm, m\u00e9trico"}]},{"@type":"WebSite","@id":"https:\/\/abaa.mx\/tienda\/#website","url":"https:\/\/abaa.mx\/tienda\/","name":"Abaa tienda online","description":"Instrumentos de medici\u00f3n","publisher":{"@id":"https:\/\/abaa.mx\/tienda\/#organization"},"potentialAction":[{"@type":"SearchAction","target":{"@type":"EntryPoint","urlTemplate":"https:\/\/abaa.mx\/tienda\/?s={search_term_string}"},"query-input":{"@type":"PropertyValueSpecification","valueRequired":true,"valueName":"search_term_string"}}],"inLanguage":"es"},{"@type":"Organization","@id":"https:\/\/abaa.mx\/tienda\/#organization","name":"Abaa tienda online","url":"https:\/\/abaa.mx\/tienda\/","logo":{"@type":"ImageObject","inLanguage":"es","@id":"https:\/\/abaa.mx\/tienda\/#\/schema\/logo\/image\/","url":"https:\/\/abaa.mx\/tienda\/wp-content\/uploads\/2024\/01\/abaa-metrologia-tienda.png","contentUrl":"https:\/\/abaa.mx\/tienda\/wp-content\/uploads\/2024\/01\/abaa-metrologia-tienda.png","width":300,"height":141,"caption":"Abaa tienda online"},"image":{"@id":"https:\/\/abaa.mx\/tienda\/#\/schema\/logo\/image\/"}}]}},"_links":{"self":[{"href":"https:\/\/abaa.mx\/tienda\/wp-json\/wp\/v2\/product\/6138","targetHints":{"allow":["GET"]}}],"collection":[{"href":"https:\/\/abaa.mx\/tienda\/wp-json\/wp\/v2\/product"}],"about":[{"href":"https:\/\/abaa.mx\/tienda\/wp-json\/wp\/v2\/types\/product"}],"replies":[{"embeddable":true,"href":"https:\/\/abaa.mx\/tienda\/wp-json\/wp\/v2\/comments?post=6138"}],"wp:featuredmedia":[{"embeddable":true,"href":"https:\/\/abaa.mx\/tienda\/wp-json\/wp\/v2\/media\/6149"}],"wp:attachment":[{"href":"https:\/\/abaa.mx\/tienda\/wp-json\/wp\/v2\/media?parent=6138"}],"wp:term":[{"taxonomy":"product_brand","embeddable":true,"href":"https:\/\/abaa.mx\/tienda\/wp-json\/wp\/v2\/product_brand?post=6138"},{"taxonomy":"product_cat","embeddable":true,"href":"https:\/\/abaa.mx\/tienda\/wp-json\/wp\/v2\/product_cat?post=6138"},{"taxonomy":"product_tag","embeddable":true,"href":"https:\/\/abaa.mx\/tienda\/wp-json\/wp\/v2\/product_tag?post=6138"}],"curies":[{"name":"wp","href":"https:\/\/api.w.org\/{rel}","templated":true}]}}