{"id":613,"date":"2020-08-12T23:13:12","date_gmt":"2020-08-12T23:13:12","guid":{"rendered":"https:\/\/abaa.mx\/tienda\/import-placeholder-for-27\/"},"modified":"2023-11-10T15:53:54","modified_gmt":"2023-11-10T15:53:54","slug":"termometro-taylor-1710","status":"publish","type":"product","link":"https:\/\/abaa.mx\/tienda\/termometro-taylor-1710\/","title":{"rendered":"Termometro Taylor 1710"},"content":{"rendered":"<p class=\"a-spacing-base\" style=\"background: white; margin: 0cm 0cm 10.5pt 0cm;\"><span style=\"font-size: 10.5pt; font-family: 'Arial',sans-serif; color: #0f1111;\">Lecturas instant\u00e1neas y precisas de temperatura en la punta de los dedos. Con el term\u00f3metro con cable Taylor 1710 para interiores y exteriores, puedes prepararte con confianza para el d\u00eda por delante con lecturas de temperatura personalizadas para tus espacios favoritos.<\/span><\/p>\n<p class=\"a-spacing-base\" style=\"background: white; box-sizing: border-box; font-variant-ligatures: normal; font-variant-caps: normal; orphans: 2; text-align: start; widows: 2; -webkit-text-stroke-width: 0px; text-decoration-thickness: initial; text-decoration-style: initial; text-decoration-color: initial; word-spacing: 0px; margin: 0cm 0cm 10.5pt 0cm;\"><span style=\"font-size: 10.5pt; font-family: 'Arial',sans-serif; color: #0f1111;\">El term\u00f3metro con cable Taylor para interiores y exteriores cuenta con una sonda de 10 pies que permite a los usuarios monitorear el clima cuando y c\u00f3mo quieren, adem\u00e1s de lecturas diarias de temperatura m\u00ednima y m\u00e1xima. Los d\u00edgitos de gran tama\u00f1o proporcionan temperaturas interiores y exteriores f\u00e1ciles de leer tanto en F\u00b0 como en C\u00b0. Con un soporte integrado y soporte de pared, hay opciones.<\/span><\/p>\n<h5>Caracter\u00edsticas del term\u00f3metro digital taylor 1710.<\/h5>\n<ul>\n<li class=\"a-spacing-mini\"><span class=\"a-list-item\">Este term\u00f3metro digital con cable muestra las temperaturas diarias de interior y exterior en \u00b0F o \u00b0C.<\/span><\/li>\n<li class=\"a-spacing-mini\"><span class=\"a-list-item\">La sonda con cable de 3 m calibra con precisi\u00f3n incluso las temperaturas m\u00e1s extremas de calor o fr\u00edo.<\/span><\/li>\n<li class=\"a-spacing-mini\"><span class=\"a-list-item\">Cuenta con recordatorio de temperatura diario, m\u00ednimo \/ m\u00e1ximo, alerta de hielo y un reloj integrado.<\/span><\/li>\n<li class=\"a-spacing-mini\"><span class=\"a-list-item\">D\u00edgitos LED de gran tama\u00f1o que proporcionan una mayor legibilidad en toda la habitaci\u00f3n.<\/span><\/li>\n<li class=\"a-spacing-mini\"><span class=\"a-list-item\">Vers\u00e1tiles opciones de montaje incluyen un soporte integrado o soporte de pared.<\/span><\/li>\n<\/ul>\n<h5>Especificaciones:<\/h5>\n<table>\n<tbody>\n<tr>\n<td width=\"221\">Material<\/td>\n<td width=\"221\">Pl\u00e1stico<\/td>\n<\/tr>\n<tr>\n<td width=\"221\">Presentaci\u00f3n<\/td>\n<td width=\"221\">Digital<\/td>\n<\/tr>\n<tr>\n<td width=\"221\">Registro<\/td>\n<td width=\"221\">\u00b0F y \u00b0C<\/td>\n<\/tr>\n<tr>\n<td width=\"221\">Funci\u00f3n<\/td>\n<td width=\"221\">Interior\/Exterior<\/td>\n<\/tr>\n<tr>\n<td width=\"221\">Sensor<\/td>\n<td width=\"221\">Sonda<\/td>\n<\/tr>\n<tr>\n<td width=\"221\">Pantalla<\/td>\n<td width=\"221\">LCD<\/td>\n<\/tr>\n<tr>\n<td width=\"221\">Bater\u00eda<\/td>\n<td width=\"221\">CR2025<\/td>\n<\/tr>\n<tr>\n<td width=\"221\">Uso<\/td>\n<td width=\"221\">Medio Ambiente<\/td>\n<\/tr>\n<tr>\n<td width=\"221\">Dimensiones<\/td>\n<td width=\"221\">3.8 x 0.3 x 3.4&#8243;<\/td>\n<\/tr>\n<tr>\n<td width=\"221\">Rango Temperatura Int<\/td>\n<td width=\"221\">0\u00b0C a 50\u00b0C \/ 32\u00b0F a 122\u00b0F<\/td>\n<\/tr>\n<tr>\n<td width=\"221\">Rango Temperatura Ext<\/td>\n<td width=\"221\">-40\u00b0C a 70\u00b0C \/ -40\u00b0F a 158\u00b0F<\/td>\n<\/tr>\n<\/tbody>\n<\/table>\n","protected":false},"excerpt":{"rendered":"<p><strong>Ficha t\u00e9cnica del term\u00f3metro taylor 1710<\/strong><\/p>\n<table>\n<tbody>\n<tr>\n<td width=\"221\">Dimensiones<\/td>\n<td width=\"221\">3.8 x 0.3 x 3.4&#8243;<\/td>\n<\/tr>\n<tr>\n<td width=\"221\">Rango Temperatura Int<\/td>\n<td width=\"221\">0\u00b0C a 50\u00b0C \/ 32\u00b0F a 122\u00b0F<\/td>\n<\/tr>\n<tr>\n<td width=\"221\">Rango Temperatura Ext<\/td>\n<td width=\"221\">-40\u00b0C a 70\u00b0C \/ -40\u00b0F a 158\u00b0F<\/td>\n<\/tr>\n<\/tbody>\n<\/table>\n<p>&nbsp;<\/p>\n","protected":false},"featured_media":30,"comment_status":"open","ping_status":"closed","template":"","meta":{"_joinchat":[]},"product_brand":[],"product_cat":[57],"product_tag":[74,72,73,71],"class_list":{"0":"post-613","1":"product","2":"type-product","3":"status-publish","4":"has-post-thumbnail","6":"product_cat-termometros","7":"product_tag-74","8":"product_tag-digital","9":"product_tag-taylor","10":"product_tag-termometro","12":"first","13":"instock","14":"shipping-taxable","15":"product-type-simple"},"yoast_head":"<!-- This site is optimized with the Yoast SEO plugin v26.4 - https:\/\/yoast.com\/wordpress\/plugins\/seo\/ -->\n<title>Termometro Taylor 1710 - Abaa tienda online<\/title>\n<meta name=\"robots\" content=\"index, follow, max-snippet:-1, max-image-preview:large, max-video-preview:-1\" \/>\n<link rel=\"canonical\" href=\"https:\/\/abaa.mx\/tienda\/termometro-taylor-1710\/\" \/>\n<meta property=\"og:locale\" content=\"es_MX\" \/>\n<meta property=\"og:type\" content=\"article\" \/>\n<meta property=\"og:title\" content=\"Termometro Taylor 1710 - Abaa tienda online\" \/>\n<meta property=\"og:description\" content=\"Ficha t\u00e9cnica del term\u00f3metro taylor 1710    Dimensiones 3.8 x 0.3 x 3.4&quot;   Rango Temperatura Int 0\u00b0C a 50\u00b0C \/ 32\u00b0F a 122\u00b0F   Rango Temperatura Ext -40\u00b0C a 70\u00b0C \/ -40\u00b0F a 158\u00b0F    &nbsp;\" \/>\n<meta property=\"og:url\" content=\"https:\/\/abaa.mx\/tienda\/termometro-taylor-1710\/\" \/>\n<meta property=\"og:site_name\" content=\"Abaa tienda online\" \/>\n<meta property=\"article:modified_time\" content=\"2023-11-10T15:53:54+00:00\" \/>\n<meta property=\"og:image\" content=\"https:\/\/abaa.mx\/tienda\/wp-content\/uploads\/2020\/07\/termometro-digital-taylor-1710.jpg\" \/>\n\t<meta property=\"og:image:width\" content=\"1500\" \/>\n\t<meta property=\"og:image:height\" content=\"1500\" \/>\n\t<meta property=\"og:image:type\" content=\"image\/jpeg\" \/>\n<meta name=\"twitter:card\" content=\"summary_large_image\" \/>\n<meta name=\"twitter:label1\" content=\"Tiempo de lectura\" \/>\n\t<meta name=\"twitter:data1\" content=\"2 minutos\" \/>\n<script type=\"application\/ld+json\" class=\"yoast-schema-graph\">{\"@context\":\"https:\/\/schema.org\",\"@graph\":[{\"@type\":\"WebPage\",\"@id\":\"https:\/\/abaa.mx\/tienda\/termometro-taylor-1710\/\",\"url\":\"https:\/\/abaa.mx\/tienda\/termometro-taylor-1710\/\",\"name\":\"Termometro Taylor 1710 - Abaa tienda online\",\"isPartOf\":{\"@id\":\"https:\/\/abaa.mx\/tienda\/#website\"},\"primaryImageOfPage\":{\"@id\":\"https:\/\/abaa.mx\/tienda\/termometro-taylor-1710\/#primaryimage\"},\"image\":{\"@id\":\"https:\/\/abaa.mx\/tienda\/termometro-taylor-1710\/#primaryimage\"},\"thumbnailUrl\":\"https:\/\/abaa.mx\/tienda\/wp-content\/uploads\/2020\/07\/termometro-digital-taylor-1710.jpg\",\"datePublished\":\"2020-08-12T23:13:12+00:00\",\"dateModified\":\"2023-11-10T15:53:54+00:00\",\"breadcrumb\":{\"@id\":\"https:\/\/abaa.mx\/tienda\/termometro-taylor-1710\/#breadcrumb\"},\"inLanguage\":\"es\",\"potentialAction\":[{\"@type\":\"ReadAction\",\"target\":[\"https:\/\/abaa.mx\/tienda\/termometro-taylor-1710\/\"]}]},{\"@type\":\"ImageObject\",\"inLanguage\":\"es\",\"@id\":\"https:\/\/abaa.mx\/tienda\/termometro-taylor-1710\/#primaryimage\",\"url\":\"https:\/\/abaa.mx\/tienda\/wp-content\/uploads\/2020\/07\/termometro-digital-taylor-1710.jpg\",\"contentUrl\":\"https:\/\/abaa.mx\/tienda\/wp-content\/uploads\/2020\/07\/termometro-digital-taylor-1710.jpg\",\"width\":1500,\"height\":1500,\"caption\":\"termometro-taylor-1710\"},{\"@type\":\"BreadcrumbList\",\"@id\":\"https:\/\/abaa.mx\/tienda\/termometro-taylor-1710\/#breadcrumb\",\"itemListElement\":[{\"@type\":\"ListItem\",\"position\":1,\"name\":\"Inicio\",\"item\":\"https:\/\/abaa.mx\/tienda\/\"},{\"@type\":\"ListItem\",\"position\":2,\"name\":\"Tienda\",\"item\":\"https:\/\/abaa.mx\/tienda\/\"},{\"@type\":\"ListItem\",\"position\":3,\"name\":\"Termometro Taylor 1710\"}]},{\"@type\":\"WebSite\",\"@id\":\"https:\/\/abaa.mx\/tienda\/#website\",\"url\":\"https:\/\/abaa.mx\/tienda\/\",\"name\":\"Abaa tienda online\",\"description\":\"Instrumentos de medici\u00f3n\",\"publisher\":{\"@id\":\"https:\/\/abaa.mx\/tienda\/#organization\"},\"potentialAction\":[{\"@type\":\"SearchAction\",\"target\":{\"@type\":\"EntryPoint\",\"urlTemplate\":\"https:\/\/abaa.mx\/tienda\/?s={search_term_string}\"},\"query-input\":{\"@type\":\"PropertyValueSpecification\",\"valueRequired\":true,\"valueName\":\"search_term_string\"}}],\"inLanguage\":\"es\"},{\"@type\":\"Organization\",\"@id\":\"https:\/\/abaa.mx\/tienda\/#organization\",\"name\":\"Abaa tienda online\",\"url\":\"https:\/\/abaa.mx\/tienda\/\",\"logo\":{\"@type\":\"ImageObject\",\"inLanguage\":\"es\",\"@id\":\"https:\/\/abaa.mx\/tienda\/#\/schema\/logo\/image\/\",\"url\":\"https:\/\/abaa.mx\/tienda\/wp-content\/uploads\/2024\/01\/abaa-metrologia-tienda.png\",\"contentUrl\":\"https:\/\/abaa.mx\/tienda\/wp-content\/uploads\/2024\/01\/abaa-metrologia-tienda.png\",\"width\":300,\"height\":141,\"caption\":\"Abaa tienda online\"},\"image\":{\"@id\":\"https:\/\/abaa.mx\/tienda\/#\/schema\/logo\/image\/\"}}]}<\/script>\n<!-- \/ Yoast SEO plugin. -->","yoast_head_json":{"title":"Termometro Taylor 1710 - Abaa tienda online","robots":{"index":"index","follow":"follow","max-snippet":"max-snippet:-1","max-image-preview":"max-image-preview:large","max-video-preview":"max-video-preview:-1"},"canonical":"https:\/\/abaa.mx\/tienda\/termometro-taylor-1710\/","og_locale":"es_MX","og_type":"article","og_title":"Termometro Taylor 1710 - Abaa tienda online","og_description":"Ficha t\u00e9cnica del term\u00f3metro taylor 1710    Dimensiones 3.8 x 0.3 x 3.4\"   Rango Temperatura Int 0\u00b0C a 50\u00b0C \/ 32\u00b0F a 122\u00b0F   Rango Temperatura Ext -40\u00b0C a 70\u00b0C \/ -40\u00b0F a 158\u00b0F    &nbsp;","og_url":"https:\/\/abaa.mx\/tienda\/termometro-taylor-1710\/","og_site_name":"Abaa tienda online","article_modified_time":"2023-11-10T15:53:54+00:00","og_image":[{"width":1500,"height":1500,"url":"https:\/\/abaa.mx\/tienda\/wp-content\/uploads\/2020\/07\/termometro-digital-taylor-1710.jpg","type":"image\/jpeg"}],"twitter_card":"summary_large_image","twitter_misc":{"Tiempo de lectura":"2 minutos"},"schema":{"@context":"https:\/\/schema.org","@graph":[{"@type":"WebPage","@id":"https:\/\/abaa.mx\/tienda\/termometro-taylor-1710\/","url":"https:\/\/abaa.mx\/tienda\/termometro-taylor-1710\/","name":"Termometro Taylor 1710 - Abaa tienda online","isPartOf":{"@id":"https:\/\/abaa.mx\/tienda\/#website"},"primaryImageOfPage":{"@id":"https:\/\/abaa.mx\/tienda\/termometro-taylor-1710\/#primaryimage"},"image":{"@id":"https:\/\/abaa.mx\/tienda\/termometro-taylor-1710\/#primaryimage"},"thumbnailUrl":"https:\/\/abaa.mx\/tienda\/wp-content\/uploads\/2020\/07\/termometro-digital-taylor-1710.jpg","datePublished":"2020-08-12T23:13:12+00:00","dateModified":"2023-11-10T15:53:54+00:00","breadcrumb":{"@id":"https:\/\/abaa.mx\/tienda\/termometro-taylor-1710\/#breadcrumb"},"inLanguage":"es","potentialAction":[{"@type":"ReadAction","target":["https:\/\/abaa.mx\/tienda\/termometro-taylor-1710\/"]}]},{"@type":"ImageObject","inLanguage":"es","@id":"https:\/\/abaa.mx\/tienda\/termometro-taylor-1710\/#primaryimage","url":"https:\/\/abaa.mx\/tienda\/wp-content\/uploads\/2020\/07\/termometro-digital-taylor-1710.jpg","contentUrl":"https:\/\/abaa.mx\/tienda\/wp-content\/uploads\/2020\/07\/termometro-digital-taylor-1710.jpg","width":1500,"height":1500,"caption":"termometro-taylor-1710"},{"@type":"BreadcrumbList","@id":"https:\/\/abaa.mx\/tienda\/termometro-taylor-1710\/#breadcrumb","itemListElement":[{"@type":"ListItem","position":1,"name":"Inicio","item":"https:\/\/abaa.mx\/tienda\/"},{"@type":"ListItem","position":2,"name":"Tienda","item":"https:\/\/abaa.mx\/tienda\/"},{"@type":"ListItem","position":3,"name":"Termometro Taylor 1710"}]},{"@type":"WebSite","@id":"https:\/\/abaa.mx\/tienda\/#website","url":"https:\/\/abaa.mx\/tienda\/","name":"Abaa tienda online","description":"Instrumentos de medici\u00f3n","publisher":{"@id":"https:\/\/abaa.mx\/tienda\/#organization"},"potentialAction":[{"@type":"SearchAction","target":{"@type":"EntryPoint","urlTemplate":"https:\/\/abaa.mx\/tienda\/?s={search_term_string}"},"query-input":{"@type":"PropertyValueSpecification","valueRequired":true,"valueName":"search_term_string"}}],"inLanguage":"es"},{"@type":"Organization","@id":"https:\/\/abaa.mx\/tienda\/#organization","name":"Abaa tienda online","url":"https:\/\/abaa.mx\/tienda\/","logo":{"@type":"ImageObject","inLanguage":"es","@id":"https:\/\/abaa.mx\/tienda\/#\/schema\/logo\/image\/","url":"https:\/\/abaa.mx\/tienda\/wp-content\/uploads\/2024\/01\/abaa-metrologia-tienda.png","contentUrl":"https:\/\/abaa.mx\/tienda\/wp-content\/uploads\/2024\/01\/abaa-metrologia-tienda.png","width":300,"height":141,"caption":"Abaa tienda online"},"image":{"@id":"https:\/\/abaa.mx\/tienda\/#\/schema\/logo\/image\/"}}]}},"_links":{"self":[{"href":"https:\/\/abaa.mx\/tienda\/wp-json\/wp\/v2\/product\/613","targetHints":{"allow":["GET"]}}],"collection":[{"href":"https:\/\/abaa.mx\/tienda\/wp-json\/wp\/v2\/product"}],"about":[{"href":"https:\/\/abaa.mx\/tienda\/wp-json\/wp\/v2\/types\/product"}],"replies":[{"embeddable":true,"href":"https:\/\/abaa.mx\/tienda\/wp-json\/wp\/v2\/comments?post=613"}],"wp:featuredmedia":[{"embeddable":true,"href":"https:\/\/abaa.mx\/tienda\/wp-json\/wp\/v2\/media\/30"}],"wp:attachment":[{"href":"https:\/\/abaa.mx\/tienda\/wp-json\/wp\/v2\/media?parent=613"}],"wp:term":[{"taxonomy":"product_brand","embeddable":true,"href":"https:\/\/abaa.mx\/tienda\/wp-json\/wp\/v2\/product_brand?post=613"},{"taxonomy":"product_cat","embeddable":true,"href":"https:\/\/abaa.mx\/tienda\/wp-json\/wp\/v2\/product_cat?post=613"},{"taxonomy":"product_tag","embeddable":true,"href":"https:\/\/abaa.mx\/tienda\/wp-json\/wp\/v2\/product_tag?post=613"}],"curies":[{"name":"wp","href":"https:\/\/api.w.org\/{rel}","templated":true}]}}