{"id":6063,"date":"2023-10-13T21:08:36","date_gmt":"2023-10-13T21:08:36","guid":{"rendered":"https:\/\/abaa.mx\/tienda\/?post_type=product&#038;p=6063"},"modified":"2023-10-13T21:08:36","modified_gmt":"2023-10-13T21:08:36","slug":"mitutoyo-1781ab-serie-1-indicador-de-cuadrante-compacto-de-diametro-pequeno-0-125-sae","status":"publish","type":"product","link":"https:\/\/abaa.mx\/tienda\/mitutoyo-1781ab-serie-1-indicador-de-cuadrante-compacto-de-diametro-pequeno-0-125-sae\/","title":{"rendered":"Mitutoyo 1781ab serie 1 indicador de cuadrante compacto de di\u00e1metro peque\u00f1o, 0.125&#8243;, sae"},"content":{"rendered":"<p>Utilice el indicador de cuadrante compacto de di\u00e1metro peque\u00f1o Mitutoyo 1781SB Serie 1 para obtener lecturas importantes para una serie de aplicaciones. El indicador compacto es \u00fatil cuando se trata de trabajos con poco espacio, y las marcas de graduaci\u00f3n permiten lecturas precisas.<\/p>\n<h5><strong>Funciones<\/strong><\/h5>\n<ul>\n<li>Dise\u00f1o de di\u00e1metro peque\u00f1o para un uso compacto<\/li>\n<li>Fuerza de 1,4 N o menos<\/li>\n<li>Marcado con graduaciones de 0.001&#8243;<\/li>\n<\/ul>\n<h4>Especificaciones<\/h4>\n<table class=\"table table-striped\">\n<tbody>\n<tr>\n<td>Unidad(es) de medida admitida(s)<\/td>\n<td>en<\/td>\n<\/tr>\n<tr>\n<td>Rango de medici\u00f3n<\/td>\n<td>0.125&#8243; por revoluci\u00f3n de 0.025&#8243;<\/td>\n<\/tr>\n<tr>\n<td>Exactitud<\/td>\n<td>0.001&#8243;<\/td>\n<\/tr>\n<tr>\n<td>Lectura de dial<\/td>\n<td>De 0 a 25 a 0<\/td>\n<\/tr>\n<tr>\n<td>Color de la esfera<\/td>\n<td>Blanco\/negro<\/td>\n<\/tr>\n<tr>\n<td>Medidas de graduaci\u00f3n<\/td>\n<td>Mil\u00edmetros<\/td>\n<\/tr>\n<\/tbody>\n<\/table>\n","protected":false},"excerpt":{"rendered":"<p class=\"short-description mhide ipad-view-setting\">Este indicador de cuadrante es compacto para ayudarlo a usarlo en espacios reducidos. El di\u00e1metro peque\u00f1o le ayuda a obtener las lecturas que necesita.<\/p>\n<p class=\"comment-tag-product\">\n<div class=\"row-fluid\">\n<div class=\"span12 mobile-pricing-box-padding\">\n<form id=\"139859\" accept-charset=\"utf-8\" action=\"https:\/\/www.globaltestsupply.com\/shop\/add\" method=\"post\" name=\"addTocartFunction\">\n<div><\/div>\n<\/form>\n<\/div>\n<\/div>\n","protected":false},"featured_media":6113,"comment_status":"open","ping_status":"closed","template":"","meta":{"_joinchat":[]},"product_brand":[],"product_cat":[15],"product_tag":[],"class_list":{"0":"post-6063","1":"product","2":"type-product","3":"status-publish","4":"has-post-thumbnail","6":"product_cat-sin-categorizar","8":"first","9":"instock","10":"shipping-taxable","11":"product-type-simple"},"yoast_head":"<!-- This site is optimized with the Yoast SEO plugin v26.4 - https:\/\/yoast.com\/wordpress\/plugins\/seo\/ -->\n<title>Mitutoyo 1781ab serie 1 indicador de cuadrante compacto de di\u00e1metro peque\u00f1o, 0.125&quot;, sae - Abaa tienda online<\/title>\n<meta name=\"robots\" content=\"index, follow, max-snippet:-1, max-image-preview:large, max-video-preview:-1\" \/>\n<link rel=\"canonical\" href=\"https:\/\/abaa.mx\/tienda\/mitutoyo-1781ab-serie-1-indicador-de-cuadrante-compacto-de-diametro-pequeno-0-125-sae\/\" \/>\n<meta property=\"og:locale\" content=\"es_MX\" \/>\n<meta property=\"og:type\" content=\"article\" \/>\n<meta property=\"og:title\" content=\"Mitutoyo 1781ab serie 1 indicador de cuadrante compacto de di\u00e1metro peque\u00f1o, 0.125&quot;, sae - Abaa tienda online\" \/>\n<meta property=\"og:description\" content=\"Este indicador de cuadrante es compacto para ayudarlo a usarlo en espacios reducidos. El di\u00e1metro peque\u00f1o le ayuda a obtener las lecturas que necesita.\" \/>\n<meta property=\"og:url\" content=\"https:\/\/abaa.mx\/tienda\/mitutoyo-1781ab-serie-1-indicador-de-cuadrante-compacto-de-diametro-pequeno-0-125-sae\/\" \/>\n<meta property=\"og:site_name\" content=\"Abaa tienda online\" \/>\n<meta property=\"og:image\" content=\"https:\/\/abaa.mx\/tienda\/wp-content\/uploads\/2023\/10\/1781AB.jpg\" \/>\n\t<meta property=\"og:image:width\" content=\"270\" \/>\n\t<meta property=\"og:image:height\" content=\"477\" \/>\n\t<meta property=\"og:image:type\" content=\"image\/jpeg\" \/>\n<meta name=\"twitter:card\" content=\"summary_large_image\" \/>\n<meta name=\"twitter:label1\" content=\"Tiempo de lectura\" \/>\n\t<meta name=\"twitter:data1\" content=\"1 minuto\" \/>\n<script type=\"application\/ld+json\" class=\"yoast-schema-graph\">{\"@context\":\"https:\/\/schema.org\",\"@graph\":[{\"@type\":\"WebPage\",\"@id\":\"https:\/\/abaa.mx\/tienda\/mitutoyo-1781ab-serie-1-indicador-de-cuadrante-compacto-de-diametro-pequeno-0-125-sae\/\",\"url\":\"https:\/\/abaa.mx\/tienda\/mitutoyo-1781ab-serie-1-indicador-de-cuadrante-compacto-de-diametro-pequeno-0-125-sae\/\",\"name\":\"Mitutoyo 1781ab serie 1 indicador de cuadrante compacto de di\u00e1metro peque\u00f1o, 0.125\\\", sae - Abaa tienda online\",\"isPartOf\":{\"@id\":\"https:\/\/abaa.mx\/tienda\/#website\"},\"primaryImageOfPage\":{\"@id\":\"https:\/\/abaa.mx\/tienda\/mitutoyo-1781ab-serie-1-indicador-de-cuadrante-compacto-de-diametro-pequeno-0-125-sae\/#primaryimage\"},\"image\":{\"@id\":\"https:\/\/abaa.mx\/tienda\/mitutoyo-1781ab-serie-1-indicador-de-cuadrante-compacto-de-diametro-pequeno-0-125-sae\/#primaryimage\"},\"thumbnailUrl\":\"https:\/\/abaa.mx\/tienda\/wp-content\/uploads\/2023\/10\/1781AB.jpg\",\"datePublished\":\"2023-10-13T21:08:36+00:00\",\"breadcrumb\":{\"@id\":\"https:\/\/abaa.mx\/tienda\/mitutoyo-1781ab-serie-1-indicador-de-cuadrante-compacto-de-diametro-pequeno-0-125-sae\/#breadcrumb\"},\"inLanguage\":\"es\",\"potentialAction\":[{\"@type\":\"ReadAction\",\"target\":[\"https:\/\/abaa.mx\/tienda\/mitutoyo-1781ab-serie-1-indicador-de-cuadrante-compacto-de-diametro-pequeno-0-125-sae\/\"]}]},{\"@type\":\"ImageObject\",\"inLanguage\":\"es\",\"@id\":\"https:\/\/abaa.mx\/tienda\/mitutoyo-1781ab-serie-1-indicador-de-cuadrante-compacto-de-diametro-pequeno-0-125-sae\/#primaryimage\",\"url\":\"https:\/\/abaa.mx\/tienda\/wp-content\/uploads\/2023\/10\/1781AB.jpg\",\"contentUrl\":\"https:\/\/abaa.mx\/tienda\/wp-content\/uploads\/2023\/10\/1781AB.jpg\",\"width\":270,\"height\":477,\"caption\":\"mitutoyo-1781ab-serie-1-indicador-de-cuadrante-compacto-de-diametro-pequeno-0-125-sae\"},{\"@type\":\"BreadcrumbList\",\"@id\":\"https:\/\/abaa.mx\/tienda\/mitutoyo-1781ab-serie-1-indicador-de-cuadrante-compacto-de-diametro-pequeno-0-125-sae\/#breadcrumb\",\"itemListElement\":[{\"@type\":\"ListItem\",\"position\":1,\"name\":\"Inicio\",\"item\":\"https:\/\/abaa.mx\/tienda\/\"},{\"@type\":\"ListItem\",\"position\":2,\"name\":\"Tienda\",\"item\":\"https:\/\/abaa.mx\/tienda\/\"},{\"@type\":\"ListItem\",\"position\":3,\"name\":\"Mitutoyo 1781ab serie 1 indicador de cuadrante compacto de di\u00e1metro peque\u00f1o, 0.125&#8243;, sae\"}]},{\"@type\":\"WebSite\",\"@id\":\"https:\/\/abaa.mx\/tienda\/#website\",\"url\":\"https:\/\/abaa.mx\/tienda\/\",\"name\":\"Abaa tienda online\",\"description\":\"Instrumentos de medici\u00f3n\",\"publisher\":{\"@id\":\"https:\/\/abaa.mx\/tienda\/#organization\"},\"potentialAction\":[{\"@type\":\"SearchAction\",\"target\":{\"@type\":\"EntryPoint\",\"urlTemplate\":\"https:\/\/abaa.mx\/tienda\/?s={search_term_string}\"},\"query-input\":{\"@type\":\"PropertyValueSpecification\",\"valueRequired\":true,\"valueName\":\"search_term_string\"}}],\"inLanguage\":\"es\"},{\"@type\":\"Organization\",\"@id\":\"https:\/\/abaa.mx\/tienda\/#organization\",\"name\":\"Abaa tienda online\",\"url\":\"https:\/\/abaa.mx\/tienda\/\",\"logo\":{\"@type\":\"ImageObject\",\"inLanguage\":\"es\",\"@id\":\"https:\/\/abaa.mx\/tienda\/#\/schema\/logo\/image\/\",\"url\":\"https:\/\/abaa.mx\/tienda\/wp-content\/uploads\/2024\/01\/abaa-metrologia-tienda.png\",\"contentUrl\":\"https:\/\/abaa.mx\/tienda\/wp-content\/uploads\/2024\/01\/abaa-metrologia-tienda.png\",\"width\":300,\"height\":141,\"caption\":\"Abaa tienda online\"},\"image\":{\"@id\":\"https:\/\/abaa.mx\/tienda\/#\/schema\/logo\/image\/\"}}]}<\/script>\n<!-- \/ Yoast SEO plugin. -->","yoast_head_json":{"title":"Mitutoyo 1781ab serie 1 indicador de cuadrante compacto de di\u00e1metro peque\u00f1o, 0.125\", sae - Abaa tienda online","robots":{"index":"index","follow":"follow","max-snippet":"max-snippet:-1","max-image-preview":"max-image-preview:large","max-video-preview":"max-video-preview:-1"},"canonical":"https:\/\/abaa.mx\/tienda\/mitutoyo-1781ab-serie-1-indicador-de-cuadrante-compacto-de-diametro-pequeno-0-125-sae\/","og_locale":"es_MX","og_type":"article","og_title":"Mitutoyo 1781ab serie 1 indicador de cuadrante compacto de di\u00e1metro peque\u00f1o, 0.125\", sae - Abaa tienda online","og_description":"Este indicador de cuadrante es compacto para ayudarlo a usarlo en espacios reducidos. El di\u00e1metro peque\u00f1o le ayuda a obtener las lecturas que necesita.","og_url":"https:\/\/abaa.mx\/tienda\/mitutoyo-1781ab-serie-1-indicador-de-cuadrante-compacto-de-diametro-pequeno-0-125-sae\/","og_site_name":"Abaa tienda online","og_image":[{"width":270,"height":477,"url":"https:\/\/abaa.mx\/tienda\/wp-content\/uploads\/2023\/10\/1781AB.jpg","type":"image\/jpeg"}],"twitter_card":"summary_large_image","twitter_misc":{"Tiempo de lectura":"1 minuto"},"schema":{"@context":"https:\/\/schema.org","@graph":[{"@type":"WebPage","@id":"https:\/\/abaa.mx\/tienda\/mitutoyo-1781ab-serie-1-indicador-de-cuadrante-compacto-de-diametro-pequeno-0-125-sae\/","url":"https:\/\/abaa.mx\/tienda\/mitutoyo-1781ab-serie-1-indicador-de-cuadrante-compacto-de-diametro-pequeno-0-125-sae\/","name":"Mitutoyo 1781ab serie 1 indicador de cuadrante compacto de di\u00e1metro peque\u00f1o, 0.125\", sae - Abaa tienda online","isPartOf":{"@id":"https:\/\/abaa.mx\/tienda\/#website"},"primaryImageOfPage":{"@id":"https:\/\/abaa.mx\/tienda\/mitutoyo-1781ab-serie-1-indicador-de-cuadrante-compacto-de-diametro-pequeno-0-125-sae\/#primaryimage"},"image":{"@id":"https:\/\/abaa.mx\/tienda\/mitutoyo-1781ab-serie-1-indicador-de-cuadrante-compacto-de-diametro-pequeno-0-125-sae\/#primaryimage"},"thumbnailUrl":"https:\/\/abaa.mx\/tienda\/wp-content\/uploads\/2023\/10\/1781AB.jpg","datePublished":"2023-10-13T21:08:36+00:00","breadcrumb":{"@id":"https:\/\/abaa.mx\/tienda\/mitutoyo-1781ab-serie-1-indicador-de-cuadrante-compacto-de-diametro-pequeno-0-125-sae\/#breadcrumb"},"inLanguage":"es","potentialAction":[{"@type":"ReadAction","target":["https:\/\/abaa.mx\/tienda\/mitutoyo-1781ab-serie-1-indicador-de-cuadrante-compacto-de-diametro-pequeno-0-125-sae\/"]}]},{"@type":"ImageObject","inLanguage":"es","@id":"https:\/\/abaa.mx\/tienda\/mitutoyo-1781ab-serie-1-indicador-de-cuadrante-compacto-de-diametro-pequeno-0-125-sae\/#primaryimage","url":"https:\/\/abaa.mx\/tienda\/wp-content\/uploads\/2023\/10\/1781AB.jpg","contentUrl":"https:\/\/abaa.mx\/tienda\/wp-content\/uploads\/2023\/10\/1781AB.jpg","width":270,"height":477,"caption":"mitutoyo-1781ab-serie-1-indicador-de-cuadrante-compacto-de-diametro-pequeno-0-125-sae"},{"@type":"BreadcrumbList","@id":"https:\/\/abaa.mx\/tienda\/mitutoyo-1781ab-serie-1-indicador-de-cuadrante-compacto-de-diametro-pequeno-0-125-sae\/#breadcrumb","itemListElement":[{"@type":"ListItem","position":1,"name":"Inicio","item":"https:\/\/abaa.mx\/tienda\/"},{"@type":"ListItem","position":2,"name":"Tienda","item":"https:\/\/abaa.mx\/tienda\/"},{"@type":"ListItem","position":3,"name":"Mitutoyo 1781ab serie 1 indicador de cuadrante compacto de di\u00e1metro peque\u00f1o, 0.125&#8243;, sae"}]},{"@type":"WebSite","@id":"https:\/\/abaa.mx\/tienda\/#website","url":"https:\/\/abaa.mx\/tienda\/","name":"Abaa tienda online","description":"Instrumentos de medici\u00f3n","publisher":{"@id":"https:\/\/abaa.mx\/tienda\/#organization"},"potentialAction":[{"@type":"SearchAction","target":{"@type":"EntryPoint","urlTemplate":"https:\/\/abaa.mx\/tienda\/?s={search_term_string}"},"query-input":{"@type":"PropertyValueSpecification","valueRequired":true,"valueName":"search_term_string"}}],"inLanguage":"es"},{"@type":"Organization","@id":"https:\/\/abaa.mx\/tienda\/#organization","name":"Abaa tienda online","url":"https:\/\/abaa.mx\/tienda\/","logo":{"@type":"ImageObject","inLanguage":"es","@id":"https:\/\/abaa.mx\/tienda\/#\/schema\/logo\/image\/","url":"https:\/\/abaa.mx\/tienda\/wp-content\/uploads\/2024\/01\/abaa-metrologia-tienda.png","contentUrl":"https:\/\/abaa.mx\/tienda\/wp-content\/uploads\/2024\/01\/abaa-metrologia-tienda.png","width":300,"height":141,"caption":"Abaa tienda online"},"image":{"@id":"https:\/\/abaa.mx\/tienda\/#\/schema\/logo\/image\/"}}]}},"_links":{"self":[{"href":"https:\/\/abaa.mx\/tienda\/wp-json\/wp\/v2\/product\/6063","targetHints":{"allow":["GET"]}}],"collection":[{"href":"https:\/\/abaa.mx\/tienda\/wp-json\/wp\/v2\/product"}],"about":[{"href":"https:\/\/abaa.mx\/tienda\/wp-json\/wp\/v2\/types\/product"}],"replies":[{"embeddable":true,"href":"https:\/\/abaa.mx\/tienda\/wp-json\/wp\/v2\/comments?post=6063"}],"wp:featuredmedia":[{"embeddable":true,"href":"https:\/\/abaa.mx\/tienda\/wp-json\/wp\/v2\/media\/6113"}],"wp:attachment":[{"href":"https:\/\/abaa.mx\/tienda\/wp-json\/wp\/v2\/media?parent=6063"}],"wp:term":[{"taxonomy":"product_brand","embeddable":true,"href":"https:\/\/abaa.mx\/tienda\/wp-json\/wp\/v2\/product_brand?post=6063"},{"taxonomy":"product_cat","embeddable":true,"href":"https:\/\/abaa.mx\/tienda\/wp-json\/wp\/v2\/product_cat?post=6063"},{"taxonomy":"product_tag","embeddable":true,"href":"https:\/\/abaa.mx\/tienda\/wp-json\/wp\/v2\/product_tag?post=6063"}],"curies":[{"name":"wp","href":"https:\/\/api.w.org\/{rel}","templated":true}]}}