{"id":60,"date":"2020-07-07T15:32:31","date_gmt":"2020-07-07T15:32:31","guid":{"rendered":"https:\/\/abaa.mx\/tienda\/?post_type=product&#038;p=60"},"modified":"2025-08-08T18:12:41","modified_gmt":"2025-08-08T18:12:41","slug":"termohigrometro-control-company-4040","status":"publish","type":"product","link":"https:\/\/abaa.mx\/tienda\/termohigrometro-control-company-4040\/","title":{"rendered":"Termohigr\u00f3metro Control Company 4040"},"content":{"rendered":"<h3>Termohigr\u00f3metro control company 4040<\/h3>\n<p>La unidad exclusiva muestra simult\u00e1neamente la hora del d\u00eda, la temperatura y la humedad.\u00a0El reloj muestra AM \/ PM o la hora militar de 24 horas al minuto exacto con una precisi\u00f3n del 0.01%.\u00a0Observar los cambios es f\u00e1cil con la pantalla triple.\u00a0El rango de temperatura es de 32.0 a 122.0 \u00b0 F y de 0.0 a 50.0 \u00b0 C.\u00a0La resoluci\u00f3n es 0.1 \u00b0 y la precisi\u00f3n es \u00b1 1 \u00b0 C.\u00a0El rango de humedad relativa es del 20 al 90%.\u00a0La resoluci\u00f3n es 1% RH y la precisi\u00f3n es \u00b1 5% RH de rango medio, de lo contrario \u00b1 8%.\u00a0Permite monitorear las condiciones durante la noche, los fines de semana o cualquier per\u00edodo de tiempo.<\/p>\n<table id=\"product-attribute-specs-table\" class=\"data-table\">\n<tbody>\n<tr class=\"first odd\">\n<th class=\"label\">Rango de temperatura ambiente<\/th>\n<td class=\"data last\">0.0 a 50.0 \u00b0 C<\/td>\n<\/tr>\n<tr class=\"even\">\n<th class=\"label\">Resoluci\u00f3n de temperatura ambiente<\/th>\n<td class=\"data last\">0.1 \u00b0<\/td>\n<\/tr>\n<tr class=\"odd\">\n<th class=\"label\">Precisi\u00f3n de temperatura ambiente<\/th>\n<td class=\"data last\">\u00b1 1 \u00b0 C<\/td>\n<\/tr>\n<tr class=\"even\">\n<th class=\"label\">Rango RH<\/th>\n<td class=\"data last\">20 a 90% HR<\/td>\n<\/tr>\n<tr class=\"odd\">\n<th class=\"label\">Exactitud de HR<\/th>\n<td class=\"data last\">\u00b1 5% RH rango medio de lo contrario \u00b1 8% RH<\/td>\n<\/tr>\n<tr class=\"even\">\n<th class=\"label\">Resoluci\u00f3n de HR<\/th>\n<td class=\"data last\">1% HR<\/td>\n<\/tr>\n<tr class=\"odd\">\n<th class=\"label\">Tipo de sonda<\/th>\n<td class=\"data last\">Sensor interno<\/td>\n<\/tr>\n<tr class=\"even\">\n<th class=\"label\">Sonda RH externa \/ interna?<\/th>\n<td class=\"data last\">Interno (ambiente)<\/td>\n<\/tr>\n<tr class=\"odd\">\n<th class=\"label\">Memoria RH Min \/ Max<\/th>\n<td class=\"data last\">Y<\/td>\n<\/tr>\n<tr class=\"even\">\n<th class=\"label\">Capacidad de tiempo<\/th>\n<td class=\"data last\">12\/24 horas<\/td>\n<\/tr>\n<tr class=\"odd\">\n<th class=\"label\">Precisi\u00f3n de tiempo<\/th>\n<td class=\"data last\">0.01% de precisi\u00f3n<\/td>\n<\/tr>\n<tr class=\"even\">\n<th class=\"label\">Resoluci\u00f3n de tiempo<\/th>\n<td class=\"data last\">1 minuto<\/td>\n<\/tr>\n<tr class=\"odd\">\n<th class=\"label\">Peso<\/th>\n<td class=\"data last\">2-1 \/ 2 onzas<\/td>\n<\/tr>\n<tr class=\"even\">\n<th class=\"label\">Temp MIN \/ MAX Memory<\/th>\n<td class=\"data last\">Y<\/td>\n<\/tr>\n<tr class=\"odd\">\n<th class=\"label\">Tama\u00f1o de d\u00edgitos LCD<\/th>\n<td class=\"data last\">5\/8 en<\/td>\n<\/tr>\n<tr class=\"even\">\n<th class=\"label\">Dimensiones<\/th>\n<td class=\"data last\">4-1 \/ 4 &#8220;x2-1 \/ 4&#8221; x1 \/ 2 &#8220;<\/td>\n<\/tr>\n<tr class=\"odd\">\n<th class=\"label\">Enchufe A \/ C (S \/ N)<\/th>\n<td class=\"data last\">norte<\/td>\n<\/tr>\n<tr class=\"even\">\n<th class=\"label\">Trazable<\/th>\n<td class=\"data last\">Y<\/td>\n<\/tr>\n<tr class=\"odd\">\n<th class=\"label\">Marcado CE<\/th>\n<td class=\"data last\">Y<\/td>\n<\/tr>\n<tr class=\"last even\">\n<th class=\"label\">Suministrado con<\/th>\n<td class=\"data last\">soporte, montaje en pared, cinta de doble respaldo, bater\u00edas, certificado Traceable\u00ae<\/td>\n<\/tr>\n<\/tbody>\n<\/table>\n","protected":false},"excerpt":{"rendered":"<p><em>Ideal para farmacias, almac\u00e9n de medicamentos, laboratorios qu\u00edmicos y farmac\u00e9uticos.<\/em><\/p>\n<h2>Termohigr\u00f3metro control company 4040<\/h2>\n<p>La unidad exclusiva muestra simult\u00e1neamente la hora del d\u00eda, la temperatura y la humedad.\u00a0El reloj muestra AM \/ PM o la hora militar de 24 horas al minuto exacto con una precisi\u00f3n del 0.01%.\u00a0Observar los cambios es f\u00e1cil con la pantalla triple.\u00a0El rango de temperatura es de 32.0 a 122.0 \u00b0 F y de 0.0 a 50.0 \u00b0 C.\u00a0La resoluci\u00f3n es 0.1 \u00b0 y la precisi\u00f3n es \u00b1 1 \u00b0 C.\u00a0El rango de humedad relativa es del 20 al 90%.\u00a0La resoluci\u00f3n es 1% RH y la precisi\u00f3n es \u00b1 5% RH de rango medio, de lo contrario \u00b1 8%.\u00a0Permite monitorear las condiciones durante la noche, los fines de semana o cualquier per\u00edodo de tiempo.<\/p>\n<p>Caracter\u00edsticas del termohigr\u00f3metro Control Company 4040<\/p>\n<table width=\"788\">\n<tbody>\n<tr>\n<td width=\"225\">Rango de temperatura ambiente<\/td>\n<td>0.0 a 50.0 \u00b0 C<\/td>\n<\/tr>\n<tr>\n<td width=\"225\">Resoluci\u00f3n de temperatura ambiente<\/td>\n<td>0.1 \u00b0<\/td>\n<\/tr>\n<tr>\n<td width=\"225\">Precisi\u00f3n de temperatura ambiente<\/td>\n<td>\u00b1 1 \u00b0 C<\/td>\n<\/tr>\n<tr>\n<td width=\"225\">Rango RH<\/td>\n<td>20 a 90% HR<\/td>\n<\/tr>\n<tr>\n<td width=\"225\">Exactitud de HR<\/td>\n<td>\u00b1 5% RH rango medio de lo contrario \u00b1 8% RH<\/td>\n<\/tr>\n<tr>\n<td width=\"225\">Resoluci\u00f3n de HR<\/td>\n<td>1% HR<\/td>\n<\/tr>\n<tr>\n<td width=\"225\">Tipo de sonda<\/td>\n<td>Sensor interno<\/td>\n<\/tr>\n<\/tbody>\n<\/table>\n","protected":false},"featured_media":61,"comment_status":"open","ping_status":"closed","template":"","meta":{"_joinchat":[]},"product_brand":[],"product_cat":[58],"product_tag":[],"class_list":{"0":"post-60","1":"product","2":"type-product","3":"status-publish","4":"has-post-thumbnail","6":"product_cat-termohigrometros","8":"first","9":"instock","10":"sale","11":"shipping-taxable","12":"purchasable","13":"product-type-simple"},"yoast_head":"<!-- This site is optimized with the Yoast SEO plugin v26.4 - https:\/\/yoast.com\/wordpress\/plugins\/seo\/ -->\n<title>Termohigr\u00f3metro Control Company 4040 - Abaa tienda online<\/title>\n<meta name=\"description\" content=\"Termohigr\u00f3metro 4040 de control company es un excelente producto para cualquier farmacia o almac\u00e9n de medicamentos, CC400, HR: 20 a 90%, Tem 0.0 a 50.0 \u00b0 C\" \/>\n<meta name=\"robots\" content=\"index, follow, max-snippet:-1, max-image-preview:large, max-video-preview:-1\" \/>\n<link rel=\"canonical\" href=\"https:\/\/abaa.mx\/tienda\/termohigrometro-control-company-4040\/\" \/>\n<meta property=\"og:locale\" content=\"es_MX\" \/>\n<meta property=\"og:type\" content=\"article\" \/>\n<meta property=\"og:title\" content=\"Termohigr\u00f3metro Control Company 4040 - Abaa tienda online\" \/>\n<meta property=\"og:description\" content=\"Termohigr\u00f3metro 4040 de control company es un excelente producto para cualquier farmacia o almac\u00e9n de medicamentos, CC400, HR: 20 a 90%, Tem 0.0 a 50.0 \u00b0 C\" \/>\n<meta property=\"og:url\" content=\"https:\/\/abaa.mx\/tienda\/termohigrometro-control-company-4040\/\" \/>\n<meta property=\"og:site_name\" content=\"Abaa tienda online\" \/>\n<meta property=\"article:modified_time\" content=\"2025-08-08T18:12:41+00:00\" \/>\n<meta property=\"og:image\" content=\"https:\/\/abaa.mx\/tienda\/wp-content\/uploads\/2020\/07\/Termohigro\u0301metro-Control-Company-4040.jpg\" \/>\n\t<meta property=\"og:image:width\" content=\"798\" \/>\n\t<meta property=\"og:image:height\" content=\"798\" \/>\n\t<meta property=\"og:image:type\" content=\"image\/jpeg\" \/>\n<meta name=\"twitter:card\" content=\"summary_large_image\" \/>\n<meta name=\"twitter:label1\" content=\"Tiempo de lectura\" \/>\n\t<meta name=\"twitter:data1\" content=\"2 minutos\" \/>\n<script type=\"application\/ld+json\" class=\"yoast-schema-graph\">{\"@context\":\"https:\/\/schema.org\",\"@graph\":[{\"@type\":\"WebPage\",\"@id\":\"https:\/\/abaa.mx\/tienda\/termohigrometro-control-company-4040\/\",\"url\":\"https:\/\/abaa.mx\/tienda\/termohigrometro-control-company-4040\/\",\"name\":\"Termohigr\u00f3metro Control Company 4040 - Abaa tienda online\",\"isPartOf\":{\"@id\":\"https:\/\/abaa.mx\/tienda\/#website\"},\"primaryImageOfPage\":{\"@id\":\"https:\/\/abaa.mx\/tienda\/termohigrometro-control-company-4040\/#primaryimage\"},\"image\":{\"@id\":\"https:\/\/abaa.mx\/tienda\/termohigrometro-control-company-4040\/#primaryimage\"},\"thumbnailUrl\":\"https:\/\/abaa.mx\/tienda\/wp-content\/uploads\/2020\/07\/Termohigro\u0301metro-Control-Company-4040.jpg\",\"datePublished\":\"2020-07-07T15:32:31+00:00\",\"dateModified\":\"2025-08-08T18:12:41+00:00\",\"description\":\"Termohigr\u00f3metro 4040 de control company es un excelente producto para cualquier farmacia o almac\u00e9n de medicamentos, CC400, HR: 20 a 90%, Tem 0.0 a 50.0 \u00b0 C\",\"breadcrumb\":{\"@id\":\"https:\/\/abaa.mx\/tienda\/termohigrometro-control-company-4040\/#breadcrumb\"},\"inLanguage\":\"es\",\"potentialAction\":[{\"@type\":\"ReadAction\",\"target\":[\"https:\/\/abaa.mx\/tienda\/termohigrometro-control-company-4040\/\"]}]},{\"@type\":\"ImageObject\",\"inLanguage\":\"es\",\"@id\":\"https:\/\/abaa.mx\/tienda\/termohigrometro-control-company-4040\/#primaryimage\",\"url\":\"https:\/\/abaa.mx\/tienda\/wp-content\/uploads\/2020\/07\/Termohigro\u0301metro-Control-Company-4040.jpg\",\"contentUrl\":\"https:\/\/abaa.mx\/tienda\/wp-content\/uploads\/2020\/07\/Termohigro\u0301metro-Control-Company-4040.jpg\",\"width\":798,\"height\":798,\"caption\":\"Termohigr\u00f3metro Control Company 4040 para farmacia con certificado de calibracion\"},{\"@type\":\"BreadcrumbList\",\"@id\":\"https:\/\/abaa.mx\/tienda\/termohigrometro-control-company-4040\/#breadcrumb\",\"itemListElement\":[{\"@type\":\"ListItem\",\"position\":1,\"name\":\"Inicio\",\"item\":\"https:\/\/abaa.mx\/tienda\/\"},{\"@type\":\"ListItem\",\"position\":2,\"name\":\"Tienda\",\"item\":\"https:\/\/abaa.mx\/tienda\/\"},{\"@type\":\"ListItem\",\"position\":3,\"name\":\"Termohigr\u00f3metro Control Company 4040\"}]},{\"@type\":\"WebSite\",\"@id\":\"https:\/\/abaa.mx\/tienda\/#website\",\"url\":\"https:\/\/abaa.mx\/tienda\/\",\"name\":\"Abaa tienda online\",\"description\":\"Instrumentos de medici\u00f3n\",\"publisher\":{\"@id\":\"https:\/\/abaa.mx\/tienda\/#organization\"},\"potentialAction\":[{\"@type\":\"SearchAction\",\"target\":{\"@type\":\"EntryPoint\",\"urlTemplate\":\"https:\/\/abaa.mx\/tienda\/?s={search_term_string}\"},\"query-input\":{\"@type\":\"PropertyValueSpecification\",\"valueRequired\":true,\"valueName\":\"search_term_string\"}}],\"inLanguage\":\"es\"},{\"@type\":\"Organization\",\"@id\":\"https:\/\/abaa.mx\/tienda\/#organization\",\"name\":\"Abaa tienda online\",\"url\":\"https:\/\/abaa.mx\/tienda\/\",\"logo\":{\"@type\":\"ImageObject\",\"inLanguage\":\"es\",\"@id\":\"https:\/\/abaa.mx\/tienda\/#\/schema\/logo\/image\/\",\"url\":\"https:\/\/abaa.mx\/tienda\/wp-content\/uploads\/2024\/01\/abaa-metrologia-tienda.png\",\"contentUrl\":\"https:\/\/abaa.mx\/tienda\/wp-content\/uploads\/2024\/01\/abaa-metrologia-tienda.png\",\"width\":300,\"height\":141,\"caption\":\"Abaa tienda online\"},\"image\":{\"@id\":\"https:\/\/abaa.mx\/tienda\/#\/schema\/logo\/image\/\"}}]}<\/script>\n<!-- \/ Yoast SEO plugin. -->","yoast_head_json":{"title":"Termohigr\u00f3metro Control Company 4040 - Abaa tienda online","description":"Termohigr\u00f3metro 4040 de control company es un excelente producto para cualquier farmacia o almac\u00e9n de medicamentos, CC400, HR: 20 a 90%, Tem 0.0 a 50.0 \u00b0 C","robots":{"index":"index","follow":"follow","max-snippet":"max-snippet:-1","max-image-preview":"max-image-preview:large","max-video-preview":"max-video-preview:-1"},"canonical":"https:\/\/abaa.mx\/tienda\/termohigrometro-control-company-4040\/","og_locale":"es_MX","og_type":"article","og_title":"Termohigr\u00f3metro Control Company 4040 - Abaa tienda online","og_description":"Termohigr\u00f3metro 4040 de control company es un excelente producto para cualquier farmacia o almac\u00e9n de medicamentos, CC400, HR: 20 a 90%, Tem 0.0 a 50.0 \u00b0 C","og_url":"https:\/\/abaa.mx\/tienda\/termohigrometro-control-company-4040\/","og_site_name":"Abaa tienda online","article_modified_time":"2025-08-08T18:12:41+00:00","og_image":[{"width":798,"height":798,"url":"https:\/\/abaa.mx\/tienda\/wp-content\/uploads\/2020\/07\/Termohigro\u0301metro-Control-Company-4040.jpg","type":"image\/jpeg"}],"twitter_card":"summary_large_image","twitter_misc":{"Tiempo de lectura":"2 minutos"},"schema":{"@context":"https:\/\/schema.org","@graph":[{"@type":"WebPage","@id":"https:\/\/abaa.mx\/tienda\/termohigrometro-control-company-4040\/","url":"https:\/\/abaa.mx\/tienda\/termohigrometro-control-company-4040\/","name":"Termohigr\u00f3metro Control Company 4040 - Abaa tienda online","isPartOf":{"@id":"https:\/\/abaa.mx\/tienda\/#website"},"primaryImageOfPage":{"@id":"https:\/\/abaa.mx\/tienda\/termohigrometro-control-company-4040\/#primaryimage"},"image":{"@id":"https:\/\/abaa.mx\/tienda\/termohigrometro-control-company-4040\/#primaryimage"},"thumbnailUrl":"https:\/\/abaa.mx\/tienda\/wp-content\/uploads\/2020\/07\/Termohigro\u0301metro-Control-Company-4040.jpg","datePublished":"2020-07-07T15:32:31+00:00","dateModified":"2025-08-08T18:12:41+00:00","description":"Termohigr\u00f3metro 4040 de control company es un excelente producto para cualquier farmacia o almac\u00e9n de medicamentos, CC400, HR: 20 a 90%, Tem 0.0 a 50.0 \u00b0 C","breadcrumb":{"@id":"https:\/\/abaa.mx\/tienda\/termohigrometro-control-company-4040\/#breadcrumb"},"inLanguage":"es","potentialAction":[{"@type":"ReadAction","target":["https:\/\/abaa.mx\/tienda\/termohigrometro-control-company-4040\/"]}]},{"@type":"ImageObject","inLanguage":"es","@id":"https:\/\/abaa.mx\/tienda\/termohigrometro-control-company-4040\/#primaryimage","url":"https:\/\/abaa.mx\/tienda\/wp-content\/uploads\/2020\/07\/Termohigro\u0301metro-Control-Company-4040.jpg","contentUrl":"https:\/\/abaa.mx\/tienda\/wp-content\/uploads\/2020\/07\/Termohigro\u0301metro-Control-Company-4040.jpg","width":798,"height":798,"caption":"Termohigr\u00f3metro Control Company 4040 para farmacia con certificado de calibracion"},{"@type":"BreadcrumbList","@id":"https:\/\/abaa.mx\/tienda\/termohigrometro-control-company-4040\/#breadcrumb","itemListElement":[{"@type":"ListItem","position":1,"name":"Inicio","item":"https:\/\/abaa.mx\/tienda\/"},{"@type":"ListItem","position":2,"name":"Tienda","item":"https:\/\/abaa.mx\/tienda\/"},{"@type":"ListItem","position":3,"name":"Termohigr\u00f3metro Control Company 4040"}]},{"@type":"WebSite","@id":"https:\/\/abaa.mx\/tienda\/#website","url":"https:\/\/abaa.mx\/tienda\/","name":"Abaa tienda online","description":"Instrumentos de medici\u00f3n","publisher":{"@id":"https:\/\/abaa.mx\/tienda\/#organization"},"potentialAction":[{"@type":"SearchAction","target":{"@type":"EntryPoint","urlTemplate":"https:\/\/abaa.mx\/tienda\/?s={search_term_string}"},"query-input":{"@type":"PropertyValueSpecification","valueRequired":true,"valueName":"search_term_string"}}],"inLanguage":"es"},{"@type":"Organization","@id":"https:\/\/abaa.mx\/tienda\/#organization","name":"Abaa tienda online","url":"https:\/\/abaa.mx\/tienda\/","logo":{"@type":"ImageObject","inLanguage":"es","@id":"https:\/\/abaa.mx\/tienda\/#\/schema\/logo\/image\/","url":"https:\/\/abaa.mx\/tienda\/wp-content\/uploads\/2024\/01\/abaa-metrologia-tienda.png","contentUrl":"https:\/\/abaa.mx\/tienda\/wp-content\/uploads\/2024\/01\/abaa-metrologia-tienda.png","width":300,"height":141,"caption":"Abaa tienda online"},"image":{"@id":"https:\/\/abaa.mx\/tienda\/#\/schema\/logo\/image\/"}}]}},"_links":{"self":[{"href":"https:\/\/abaa.mx\/tienda\/wp-json\/wp\/v2\/product\/60","targetHints":{"allow":["GET"]}}],"collection":[{"href":"https:\/\/abaa.mx\/tienda\/wp-json\/wp\/v2\/product"}],"about":[{"href":"https:\/\/abaa.mx\/tienda\/wp-json\/wp\/v2\/types\/product"}],"replies":[{"embeddable":true,"href":"https:\/\/abaa.mx\/tienda\/wp-json\/wp\/v2\/comments?post=60"}],"wp:featuredmedia":[{"embeddable":true,"href":"https:\/\/abaa.mx\/tienda\/wp-json\/wp\/v2\/media\/61"}],"wp:attachment":[{"href":"https:\/\/abaa.mx\/tienda\/wp-json\/wp\/v2\/media?parent=60"}],"wp:term":[{"taxonomy":"product_brand","embeddable":true,"href":"https:\/\/abaa.mx\/tienda\/wp-json\/wp\/v2\/product_brand?post=60"},{"taxonomy":"product_cat","embeddable":true,"href":"https:\/\/abaa.mx\/tienda\/wp-json\/wp\/v2\/product_cat?post=60"},{"taxonomy":"product_tag","embeddable":true,"href":"https:\/\/abaa.mx\/tienda\/wp-json\/wp\/v2\/product_tag?post=60"}],"curies":[{"name":"wp","href":"https:\/\/api.w.org\/{rel}","templated":true}]}}