{"id":5971,"date":"2023-10-13T16:45:08","date_gmt":"2023-10-13T16:45:08","guid":{"rendered":"https:\/\/abaa.mx\/tienda\/?post_type=product&#038;p=5971"},"modified":"2023-10-13T16:45:09","modified_gmt":"2023-10-13T16:45:09","slug":"mitutoyo-142-225-serie-142-micrometro-mecanico-puntual-con-contador-0-a-1-punto-30","status":"publish","type":"product","link":"https:\/\/abaa.mx\/tienda\/mitutoyo-142-225-serie-142-micrometro-mecanico-puntual-con-contador-0-a-1-punto-30\/","title":{"rendered":"Mitutoyo 142-225 serie 142 micr\u00f3metro mec\u00e1nico puntual con contador, 0 a 1&#8243;, punto 30\u00b0"},"content":{"rendered":"<p>&nbsp;<\/p>\n<p>El micr\u00f3metro de punto mec\u00e1nico con contador Mitutoyo 142-225 Series 142 viene completo con un husillo puntiagudo y un yunque. Es adecuado para medir el espesor de banda de brocas, chaveteros, ranuras peque\u00f1as y otras dimensiones dif\u00edciles de alcanzar. Tambi\u00e9n cuenta con un tope de trinquete y un contador de d\u00edgitos mec\u00e1nico para agilizar la recopilaci\u00f3n de datos.<\/p>\n<h5><strong>Funciones<\/strong><\/h5>\n<ul>\n<li>Husillo puntiagudo y yunque con punta de 30\u00b0<\/li>\n<li>Ideal para medir el espesor de la banda de objetivos de forma irregular y dif\u00edciles de alcanzar<\/li>\n<li>Aplica una fuerza de medici\u00f3n continua a trav\u00e9s de la acci\u00f3n del trinquete<\/li>\n<li>El contador mec\u00e1nico de d\u00edgitos mantiene una cuenta precisa de sus lecturas<\/li>\n<li>Graduaci\u00f3n de 0.001&#8243;<\/li>\n<li>Estuche de pl\u00e1stico ajustado incluido para facilitar el almacenamiento y el transporte<\/li>\n<\/ul>\n<h4>\u00a0Especificaciones<\/h4>\n<table class=\"table table-striped\">\n<tbody>\n<tr>\n<td>Unidad(es) de medida admitida(s)<\/td>\n<td>Imperial<\/td>\n<\/tr>\n<tr>\n<td>Rango de medici\u00f3n<\/td>\n<td>De 0 a 1&#8243;<\/td>\n<\/tr>\n<tr>\n<td>Exactitud<\/td>\n<td>\u00b10.00015&#8243;<\/td>\n<\/tr>\n<tr>\n<td>Ancho del producto<\/td>\n<td>Radio del punto de medici\u00f3n de 0,012&#8243; (0,3 mm)<\/td>\n<\/tr>\n<tr>\n<td>Peso del producto<\/td>\n<td>9 g (2,260 onzas)<\/td>\n<\/tr>\n<\/tbody>\n<\/table>\n","protected":false},"excerpt":{"rendered":"<p class=\"short-description mhide ipad-view-setting\">Este micr\u00f3metro puntual viene con una caja de pl\u00e1stico ajustada. Utiliza un tope de trinquete y un yunque y un husillo puntiagudos para medir dimensiones dif\u00edciles de alcanzar.<\/p>\n<p class=\"comment-tag-product\">\n<div class=\"row-fluid\">\n<div class=\"span12 mobile-pricing-box-padding\">\n<form id=\"140706\" accept-charset=\"utf-8\" action=\"https:\/\/www.globaltestsupply.com\/shop\/add\" method=\"post\" name=\"addTocartFunction\">\n<div><\/div>\n<\/form>\n<\/div>\n<\/div>\n","protected":false},"featured_media":5995,"comment_status":"open","ping_status":"closed","template":"","meta":{"_joinchat":[]},"product_brand":[],"product_cat":[15],"product_tag":[],"class_list":{"0":"post-5971","1":"product","2":"type-product","3":"status-publish","4":"has-post-thumbnail","6":"product_cat-sin-categorizar","8":"first","9":"instock","10":"shipping-taxable","11":"product-type-simple"},"yoast_head":"<!-- This site is optimized with the Yoast SEO plugin v26.4 - https:\/\/yoast.com\/wordpress\/plugins\/seo\/ -->\n<title>Mitutoyo 142-225 serie 142 micr\u00f3metro mec\u00e1nico puntual con contador, 0 a 1&quot;, punto 30\u00b0 - Abaa tienda online<\/title>\n<meta name=\"robots\" content=\"index, follow, max-snippet:-1, max-image-preview:large, max-video-preview:-1\" \/>\n<link rel=\"canonical\" href=\"https:\/\/abaa.mx\/tienda\/mitutoyo-142-225-serie-142-micrometro-mecanico-puntual-con-contador-0-a-1-punto-30\/\" \/>\n<meta property=\"og:locale\" content=\"es_MX\" \/>\n<meta property=\"og:type\" content=\"article\" \/>\n<meta property=\"og:title\" content=\"Mitutoyo 142-225 serie 142 micr\u00f3metro mec\u00e1nico puntual con contador, 0 a 1&quot;, punto 30\u00b0 - Abaa tienda online\" \/>\n<meta property=\"og:description\" content=\"Este micr\u00f3metro puntual viene con una caja de pl\u00e1stico ajustada. Utiliza un tope de trinquete y un yunque y un husillo puntiagudos para medir dimensiones dif\u00edciles de alcanzar.\" \/>\n<meta property=\"og:url\" content=\"https:\/\/abaa.mx\/tienda\/mitutoyo-142-225-serie-142-micrometro-mecanico-puntual-con-contador-0-a-1-punto-30\/\" \/>\n<meta property=\"og:site_name\" content=\"Abaa tienda online\" \/>\n<meta property=\"article:modified_time\" content=\"2023-10-13T16:45:09+00:00\" \/>\n<meta property=\"og:image\" content=\"https:\/\/abaa.mx\/tienda\/wp-content\/uploads\/2023\/10\/142-225.jpg\" \/>\n\t<meta property=\"og:image:width\" content=\"705\" \/>\n\t<meta property=\"og:image:height\" content=\"705\" \/>\n\t<meta property=\"og:image:type\" content=\"image\/jpeg\" \/>\n<meta name=\"twitter:card\" content=\"summary_large_image\" \/>\n<meta name=\"twitter:label1\" content=\"Tiempo de lectura\" \/>\n\t<meta name=\"twitter:data1\" content=\"1 minuto\" \/>\n<script type=\"application\/ld+json\" class=\"yoast-schema-graph\">{\"@context\":\"https:\/\/schema.org\",\"@graph\":[{\"@type\":\"WebPage\",\"@id\":\"https:\/\/abaa.mx\/tienda\/mitutoyo-142-225-serie-142-micrometro-mecanico-puntual-con-contador-0-a-1-punto-30\/\",\"url\":\"https:\/\/abaa.mx\/tienda\/mitutoyo-142-225-serie-142-micrometro-mecanico-puntual-con-contador-0-a-1-punto-30\/\",\"name\":\"Mitutoyo 142-225 serie 142 micr\u00f3metro mec\u00e1nico puntual con contador, 0 a 1\\\", punto 30\u00b0 - Abaa tienda online\",\"isPartOf\":{\"@id\":\"https:\/\/abaa.mx\/tienda\/#website\"},\"primaryImageOfPage\":{\"@id\":\"https:\/\/abaa.mx\/tienda\/mitutoyo-142-225-serie-142-micrometro-mecanico-puntual-con-contador-0-a-1-punto-30\/#primaryimage\"},\"image\":{\"@id\":\"https:\/\/abaa.mx\/tienda\/mitutoyo-142-225-serie-142-micrometro-mecanico-puntual-con-contador-0-a-1-punto-30\/#primaryimage\"},\"thumbnailUrl\":\"https:\/\/abaa.mx\/tienda\/wp-content\/uploads\/2023\/10\/142-225.jpg\",\"datePublished\":\"2023-10-13T16:45:08+00:00\",\"dateModified\":\"2023-10-13T16:45:09+00:00\",\"breadcrumb\":{\"@id\":\"https:\/\/abaa.mx\/tienda\/mitutoyo-142-225-serie-142-micrometro-mecanico-puntual-con-contador-0-a-1-punto-30\/#breadcrumb\"},\"inLanguage\":\"es\",\"potentialAction\":[{\"@type\":\"ReadAction\",\"target\":[\"https:\/\/abaa.mx\/tienda\/mitutoyo-142-225-serie-142-micrometro-mecanico-puntual-con-contador-0-a-1-punto-30\/\"]}]},{\"@type\":\"ImageObject\",\"inLanguage\":\"es\",\"@id\":\"https:\/\/abaa.mx\/tienda\/mitutoyo-142-225-serie-142-micrometro-mecanico-puntual-con-contador-0-a-1-punto-30\/#primaryimage\",\"url\":\"https:\/\/abaa.mx\/tienda\/wp-content\/uploads\/2023\/10\/142-225.jpg\",\"contentUrl\":\"https:\/\/abaa.mx\/tienda\/wp-content\/uploads\/2023\/10\/142-225.jpg\",\"width\":705,\"height\":705,\"caption\":\"mitutoyo-142-225-serie-142-micrometro-mecanico-puntual-con-contador-0-a-1-punto-30\"},{\"@type\":\"BreadcrumbList\",\"@id\":\"https:\/\/abaa.mx\/tienda\/mitutoyo-142-225-serie-142-micrometro-mecanico-puntual-con-contador-0-a-1-punto-30\/#breadcrumb\",\"itemListElement\":[{\"@type\":\"ListItem\",\"position\":1,\"name\":\"Inicio\",\"item\":\"https:\/\/abaa.mx\/tienda\/\"},{\"@type\":\"ListItem\",\"position\":2,\"name\":\"Tienda\",\"item\":\"https:\/\/abaa.mx\/tienda\/\"},{\"@type\":\"ListItem\",\"position\":3,\"name\":\"Mitutoyo 142-225 serie 142 micr\u00f3metro mec\u00e1nico puntual con contador, 0 a 1&#8243;, punto 30\u00b0\"}]},{\"@type\":\"WebSite\",\"@id\":\"https:\/\/abaa.mx\/tienda\/#website\",\"url\":\"https:\/\/abaa.mx\/tienda\/\",\"name\":\"Abaa tienda online\",\"description\":\"Instrumentos de medici\u00f3n\",\"publisher\":{\"@id\":\"https:\/\/abaa.mx\/tienda\/#organization\"},\"potentialAction\":[{\"@type\":\"SearchAction\",\"target\":{\"@type\":\"EntryPoint\",\"urlTemplate\":\"https:\/\/abaa.mx\/tienda\/?s={search_term_string}\"},\"query-input\":{\"@type\":\"PropertyValueSpecification\",\"valueRequired\":true,\"valueName\":\"search_term_string\"}}],\"inLanguage\":\"es\"},{\"@type\":\"Organization\",\"@id\":\"https:\/\/abaa.mx\/tienda\/#organization\",\"name\":\"Abaa tienda online\",\"url\":\"https:\/\/abaa.mx\/tienda\/\",\"logo\":{\"@type\":\"ImageObject\",\"inLanguage\":\"es\",\"@id\":\"https:\/\/abaa.mx\/tienda\/#\/schema\/logo\/image\/\",\"url\":\"https:\/\/abaa.mx\/tienda\/wp-content\/uploads\/2024\/01\/abaa-metrologia-tienda.png\",\"contentUrl\":\"https:\/\/abaa.mx\/tienda\/wp-content\/uploads\/2024\/01\/abaa-metrologia-tienda.png\",\"width\":300,\"height\":141,\"caption\":\"Abaa tienda online\"},\"image\":{\"@id\":\"https:\/\/abaa.mx\/tienda\/#\/schema\/logo\/image\/\"}}]}<\/script>\n<!-- \/ Yoast SEO plugin. -->","yoast_head_json":{"title":"Mitutoyo 142-225 serie 142 micr\u00f3metro mec\u00e1nico puntual con contador, 0 a 1\", punto 30\u00b0 - Abaa tienda online","robots":{"index":"index","follow":"follow","max-snippet":"max-snippet:-1","max-image-preview":"max-image-preview:large","max-video-preview":"max-video-preview:-1"},"canonical":"https:\/\/abaa.mx\/tienda\/mitutoyo-142-225-serie-142-micrometro-mecanico-puntual-con-contador-0-a-1-punto-30\/","og_locale":"es_MX","og_type":"article","og_title":"Mitutoyo 142-225 serie 142 micr\u00f3metro mec\u00e1nico puntual con contador, 0 a 1\", punto 30\u00b0 - Abaa tienda online","og_description":"Este micr\u00f3metro puntual viene con una caja de pl\u00e1stico ajustada. Utiliza un tope de trinquete y un yunque y un husillo puntiagudos para medir dimensiones dif\u00edciles de alcanzar.","og_url":"https:\/\/abaa.mx\/tienda\/mitutoyo-142-225-serie-142-micrometro-mecanico-puntual-con-contador-0-a-1-punto-30\/","og_site_name":"Abaa tienda online","article_modified_time":"2023-10-13T16:45:09+00:00","og_image":[{"width":705,"height":705,"url":"https:\/\/abaa.mx\/tienda\/wp-content\/uploads\/2023\/10\/142-225.jpg","type":"image\/jpeg"}],"twitter_card":"summary_large_image","twitter_misc":{"Tiempo de lectura":"1 minuto"},"schema":{"@context":"https:\/\/schema.org","@graph":[{"@type":"WebPage","@id":"https:\/\/abaa.mx\/tienda\/mitutoyo-142-225-serie-142-micrometro-mecanico-puntual-con-contador-0-a-1-punto-30\/","url":"https:\/\/abaa.mx\/tienda\/mitutoyo-142-225-serie-142-micrometro-mecanico-puntual-con-contador-0-a-1-punto-30\/","name":"Mitutoyo 142-225 serie 142 micr\u00f3metro mec\u00e1nico puntual con contador, 0 a 1\", punto 30\u00b0 - Abaa tienda online","isPartOf":{"@id":"https:\/\/abaa.mx\/tienda\/#website"},"primaryImageOfPage":{"@id":"https:\/\/abaa.mx\/tienda\/mitutoyo-142-225-serie-142-micrometro-mecanico-puntual-con-contador-0-a-1-punto-30\/#primaryimage"},"image":{"@id":"https:\/\/abaa.mx\/tienda\/mitutoyo-142-225-serie-142-micrometro-mecanico-puntual-con-contador-0-a-1-punto-30\/#primaryimage"},"thumbnailUrl":"https:\/\/abaa.mx\/tienda\/wp-content\/uploads\/2023\/10\/142-225.jpg","datePublished":"2023-10-13T16:45:08+00:00","dateModified":"2023-10-13T16:45:09+00:00","breadcrumb":{"@id":"https:\/\/abaa.mx\/tienda\/mitutoyo-142-225-serie-142-micrometro-mecanico-puntual-con-contador-0-a-1-punto-30\/#breadcrumb"},"inLanguage":"es","potentialAction":[{"@type":"ReadAction","target":["https:\/\/abaa.mx\/tienda\/mitutoyo-142-225-serie-142-micrometro-mecanico-puntual-con-contador-0-a-1-punto-30\/"]}]},{"@type":"ImageObject","inLanguage":"es","@id":"https:\/\/abaa.mx\/tienda\/mitutoyo-142-225-serie-142-micrometro-mecanico-puntual-con-contador-0-a-1-punto-30\/#primaryimage","url":"https:\/\/abaa.mx\/tienda\/wp-content\/uploads\/2023\/10\/142-225.jpg","contentUrl":"https:\/\/abaa.mx\/tienda\/wp-content\/uploads\/2023\/10\/142-225.jpg","width":705,"height":705,"caption":"mitutoyo-142-225-serie-142-micrometro-mecanico-puntual-con-contador-0-a-1-punto-30"},{"@type":"BreadcrumbList","@id":"https:\/\/abaa.mx\/tienda\/mitutoyo-142-225-serie-142-micrometro-mecanico-puntual-con-contador-0-a-1-punto-30\/#breadcrumb","itemListElement":[{"@type":"ListItem","position":1,"name":"Inicio","item":"https:\/\/abaa.mx\/tienda\/"},{"@type":"ListItem","position":2,"name":"Tienda","item":"https:\/\/abaa.mx\/tienda\/"},{"@type":"ListItem","position":3,"name":"Mitutoyo 142-225 serie 142 micr\u00f3metro mec\u00e1nico puntual con contador, 0 a 1&#8243;, punto 30\u00b0"}]},{"@type":"WebSite","@id":"https:\/\/abaa.mx\/tienda\/#website","url":"https:\/\/abaa.mx\/tienda\/","name":"Abaa tienda online","description":"Instrumentos de medici\u00f3n","publisher":{"@id":"https:\/\/abaa.mx\/tienda\/#organization"},"potentialAction":[{"@type":"SearchAction","target":{"@type":"EntryPoint","urlTemplate":"https:\/\/abaa.mx\/tienda\/?s={search_term_string}"},"query-input":{"@type":"PropertyValueSpecification","valueRequired":true,"valueName":"search_term_string"}}],"inLanguage":"es"},{"@type":"Organization","@id":"https:\/\/abaa.mx\/tienda\/#organization","name":"Abaa tienda online","url":"https:\/\/abaa.mx\/tienda\/","logo":{"@type":"ImageObject","inLanguage":"es","@id":"https:\/\/abaa.mx\/tienda\/#\/schema\/logo\/image\/","url":"https:\/\/abaa.mx\/tienda\/wp-content\/uploads\/2024\/01\/abaa-metrologia-tienda.png","contentUrl":"https:\/\/abaa.mx\/tienda\/wp-content\/uploads\/2024\/01\/abaa-metrologia-tienda.png","width":300,"height":141,"caption":"Abaa tienda online"},"image":{"@id":"https:\/\/abaa.mx\/tienda\/#\/schema\/logo\/image\/"}}]}},"_links":{"self":[{"href":"https:\/\/abaa.mx\/tienda\/wp-json\/wp\/v2\/product\/5971","targetHints":{"allow":["GET"]}}],"collection":[{"href":"https:\/\/abaa.mx\/tienda\/wp-json\/wp\/v2\/product"}],"about":[{"href":"https:\/\/abaa.mx\/tienda\/wp-json\/wp\/v2\/types\/product"}],"replies":[{"embeddable":true,"href":"https:\/\/abaa.mx\/tienda\/wp-json\/wp\/v2\/comments?post=5971"}],"wp:featuredmedia":[{"embeddable":true,"href":"https:\/\/abaa.mx\/tienda\/wp-json\/wp\/v2\/media\/5995"}],"wp:attachment":[{"href":"https:\/\/abaa.mx\/tienda\/wp-json\/wp\/v2\/media?parent=5971"}],"wp:term":[{"taxonomy":"product_brand","embeddable":true,"href":"https:\/\/abaa.mx\/tienda\/wp-json\/wp\/v2\/product_brand?post=5971"},{"taxonomy":"product_cat","embeddable":true,"href":"https:\/\/abaa.mx\/tienda\/wp-json\/wp\/v2\/product_cat?post=5971"},{"taxonomy":"product_tag","embeddable":true,"href":"https:\/\/abaa.mx\/tienda\/wp-json\/wp\/v2\/product_tag?post=5971"}],"curies":[{"name":"wp","href":"https:\/\/api.w.org\/{rel}","templated":true}]}}