{"id":5961,"date":"2023-10-13T16:08:33","date_gmt":"2023-10-13T16:08:33","guid":{"rendered":"https:\/\/abaa.mx\/tienda\/?post_type=product&#038;p=5961"},"modified":"2023-10-13T16:08:33","modified_gmt":"2023-10-13T16:08:33","slug":"mitutoyo-1411a-serie-1-indicador-de-cuadrante-con-orejeta-trasera-0-25-0-001","status":"publish","type":"product","link":"https:\/\/abaa.mx\/tienda\/mitutoyo-1411a-serie-1-indicador-de-cuadrante-con-orejeta-trasera-0-25-0-001\/","title":{"rendered":"Mitutoyo 1411a serie 1 indicador de cuadrante con orejeta trasera, 0.25&#8243;, 0.001&#8243;"},"content":{"rendered":"<p>Para una mayor durabilidad, el v\u00e1stago y la espiga de este indicador de cuadrante est\u00e1n construidos de acero endurecido. Trabaje con lecturas claras y una mayor durabilidad con el cristal antideslumbrante de este indicador con un revestimiento resistente a los ara\u00f1azos. Adem\u00e1s, este indicador cuenta con un revolucionario dise\u00f1o de casquillo de husillo desplazado para una sujeci\u00f3n del v\u00e1stago sin problemas con un largo rango de sujeci\u00f3n.<\/p>\n<h5><strong>Funciones<\/strong><\/h5>\n<ul>\n<li>Parte trasera plana para fines de montaje<\/li>\n<li>El bloqueo del bisel con tornillo de mariposa es f\u00e1cil de usar para la puesta a cero<\/li>\n<li>El engranaje de cremallera est\u00e1 rectificado a m\u00e1quina para un ajuste m\u00e1s ajustado y una mayor precisi\u00f3n<\/li>\n<li>La mayor rigidez en la placa de rodamiento reduce el error de retroceso hasta en un 20%<\/li>\n<li>El montaje de cuatro tornillos aumenta la resistencia al impacto para una precisi\u00f3n mejor y m\u00e1s prolongada<\/li>\n<li>Sin orificio pasante para tornillos en el marco proporciona una mejor resistencia al polvo<\/li>\n<li>El punto de contacto tiene punta de carburo para una precisi\u00f3n y durabilidad duraderas<\/li>\n<li>El indicador es antimagn\u00e9tico para una mejor precisi\u00f3n alrededor de los metales<\/li>\n<li>El cristal es antideslumbrante con un revestimiento resistente a los ara\u00f1azos<\/li>\n<li>Fabricado para cumplir con los est\u00e1ndares ANSI\/AGD<\/li>\n<li>Ideal para su uso en aplicaciones donde el espacio es limitado<\/li>\n<\/ul>\n<h5><strong>Aplicaciones<\/strong><\/h5>\n<ul>\n<li>Aeroespacial<\/li>\n<li>Automotor<\/li>\n<li>Defensa<\/li>\n<li>Electr\u00f3nica<\/li>\n<li>Energ\u00eda<\/li>\n<li>Fabricaci\u00f3n general<\/li>\n<li>Pl\u00e1sticos y caucho<\/li>\n<\/ul>\n<h4>Especificaciones<\/h4>\n<table class=\"table table-striped\">\n<tbody>\n<tr>\n<td>Unidades<\/td>\n<td>Pulgada<\/td>\n<\/tr>\n<tr>\n<td>Gama<\/td>\n<td>0 a 0.25&#8243;Revoluci\u00f3n: 0.1&#8243;<\/td>\n<\/tr>\n<tr>\n<td>Graduaci\u00f3n<\/td>\n<td>0.001&#8243;<\/td>\n<\/tr>\n<tr>\n<td>Lectura de dial<\/td>\n<td>0-50-0<\/td>\n<\/tr>\n<tr>\n<td>Tipo de espalda<\/td>\n<td>Leng\u00fceta hacia atr\u00e1s<\/td>\n<\/tr>\n<tr>\n<td>Revoluci\u00f3n de la precisi\u00f3n<\/td>\n<td>\u00b10.001&#8243;<\/td>\n<\/tr>\n<tr>\n<td>Fuerza de medici\u00f3n<\/td>\n<td>1.4 o menosN<\/td>\n<\/tr>\n<tr>\n<td>Tipo ANSI\/AGD<\/td>\n<td>S\u00ed<\/td>\n<\/tr>\n<tr>\n<td>Tallo<\/td>\n<td>0,375&#8243;\/9,52 mm<\/td>\n<\/tr>\n<tr>\n<td>Punto de contacto<\/td>\n<td>Punta de carburo, rosca: 4-48UNF<\/td>\n<\/tr>\n<tr>\n<td>Dial equilibrado y continuo<\/td>\n<td>S\u00ed<\/td>\n<\/tr>\n<tr>\n<td>Tecnolog\u00eda<\/td>\n<td>Mec\u00e1nico<\/td>\n<\/tr>\n<tr>\n<td>Dimensiones<\/td>\n<td>3,15 x 1,32&#8243; (80,1 X 33,5 mm)Di\u00e1metro del v\u00e1stago: 0,375&#8243; (9,52 mm)<\/td>\n<\/tr>\n<tr>\n<td>Peso<\/td>\n<td>0 g (2,90 libras)<\/td>\n<\/tr>\n<\/tbody>\n<\/table>\n","protected":false},"excerpt":{"rendered":"<p class=\"short-description mhide ipad-view-setting\">Ideal para la medici\u00f3n comparativa en aplicaciones con espacio limitado, este indicador de cuadrante compacto y de m\u00faltiples revoluciones cuenta con una leng\u00fceta hacia atr\u00e1s, un rango de 0 a 0,25&#8243; y una graduaci\u00f3n de 0,001&#8243;. Adem\u00e1s, este indicador tiene un cojinete enjoyado que proporciona resistencia al desgaste y movimientos de baja fricci\u00f3n para operaciones suaves y precisas.<\/p>\n<p class=\"comment-tag-product\">\n<div class=\"row-fluid\">\n<div class=\"span12 mobile-pricing-box-padding\">\n<form id=\"139819\" accept-charset=\"utf-8\" action=\"https:\/\/www.globaltestsupply.com\/shop\/add\" method=\"post\" name=\"addTocartFunction\">\n<div><\/div>\n<\/form>\n<\/div>\n<\/div>\n","protected":false},"featured_media":5968,"comment_status":"open","ping_status":"closed","template":"","meta":{"_joinchat":[]},"product_brand":[],"product_cat":[15],"product_tag":[],"class_list":{"0":"post-5961","1":"product","2":"type-product","3":"status-publish","4":"has-post-thumbnail","6":"product_cat-sin-categorizar","8":"first","9":"instock","10":"shipping-taxable","11":"product-type-simple"},"yoast_head":"<!-- This site is optimized with the Yoast SEO plugin v26.4 - https:\/\/yoast.com\/wordpress\/plugins\/seo\/ -->\n<title>Mitutoyo 1411a serie 1 indicador de cuadrante con orejeta trasera, 0.25&quot;, 0.001&quot; - Abaa tienda online<\/title>\n<meta name=\"robots\" content=\"index, follow, max-snippet:-1, max-image-preview:large, max-video-preview:-1\" \/>\n<link rel=\"canonical\" href=\"https:\/\/abaa.mx\/tienda\/mitutoyo-1411a-serie-1-indicador-de-cuadrante-con-orejeta-trasera-0-25-0-001\/\" \/>\n<meta property=\"og:locale\" content=\"es_MX\" \/>\n<meta property=\"og:type\" content=\"article\" \/>\n<meta property=\"og:title\" content=\"Mitutoyo 1411a serie 1 indicador de cuadrante con orejeta trasera, 0.25&quot;, 0.001&quot; - Abaa tienda online\" \/>\n<meta property=\"og:description\" content=\"Ideal para la medici\u00f3n comparativa en aplicaciones con espacio limitado, este indicador de cuadrante compacto y de m\u00faltiples revoluciones cuenta con una leng\u00fceta hacia atr\u00e1s, un rango de 0 a 0,25&quot; y una graduaci\u00f3n de 0,001&quot;. Adem\u00e1s, este indicador tiene un cojinete enjoyado que proporciona resistencia al desgaste y movimientos de baja fricci\u00f3n para operaciones suaves y precisas.\" \/>\n<meta property=\"og:url\" content=\"https:\/\/abaa.mx\/tienda\/mitutoyo-1411a-serie-1-indicador-de-cuadrante-con-orejeta-trasera-0-25-0-001\/\" \/>\n<meta property=\"og:site_name\" content=\"Abaa tienda online\" \/>\n<meta property=\"og:image\" content=\"https:\/\/abaa.mx\/tienda\/wp-content\/uploads\/2023\/10\/1411A.jpg\" \/>\n\t<meta property=\"og:image:width\" content=\"270\" \/>\n\t<meta property=\"og:image:height\" content=\"469\" \/>\n\t<meta property=\"og:image:type\" content=\"image\/jpeg\" \/>\n<meta name=\"twitter:card\" content=\"summary_large_image\" \/>\n<meta name=\"twitter:label1\" content=\"Tiempo de lectura\" \/>\n\t<meta name=\"twitter:data1\" content=\"2 minutos\" \/>\n<script type=\"application\/ld+json\" class=\"yoast-schema-graph\">{\"@context\":\"https:\/\/schema.org\",\"@graph\":[{\"@type\":\"WebPage\",\"@id\":\"https:\/\/abaa.mx\/tienda\/mitutoyo-1411a-serie-1-indicador-de-cuadrante-con-orejeta-trasera-0-25-0-001\/\",\"url\":\"https:\/\/abaa.mx\/tienda\/mitutoyo-1411a-serie-1-indicador-de-cuadrante-con-orejeta-trasera-0-25-0-001\/\",\"name\":\"Mitutoyo 1411a serie 1 indicador de cuadrante con orejeta trasera, 0.25\\\", 0.001\\\" - Abaa tienda online\",\"isPartOf\":{\"@id\":\"https:\/\/abaa.mx\/tienda\/#website\"},\"primaryImageOfPage\":{\"@id\":\"https:\/\/abaa.mx\/tienda\/mitutoyo-1411a-serie-1-indicador-de-cuadrante-con-orejeta-trasera-0-25-0-001\/#primaryimage\"},\"image\":{\"@id\":\"https:\/\/abaa.mx\/tienda\/mitutoyo-1411a-serie-1-indicador-de-cuadrante-con-orejeta-trasera-0-25-0-001\/#primaryimage\"},\"thumbnailUrl\":\"https:\/\/abaa.mx\/tienda\/wp-content\/uploads\/2023\/10\/1411A.jpg\",\"datePublished\":\"2023-10-13T16:08:33+00:00\",\"breadcrumb\":{\"@id\":\"https:\/\/abaa.mx\/tienda\/mitutoyo-1411a-serie-1-indicador-de-cuadrante-con-orejeta-trasera-0-25-0-001\/#breadcrumb\"},\"inLanguage\":\"es\",\"potentialAction\":[{\"@type\":\"ReadAction\",\"target\":[\"https:\/\/abaa.mx\/tienda\/mitutoyo-1411a-serie-1-indicador-de-cuadrante-con-orejeta-trasera-0-25-0-001\/\"]}]},{\"@type\":\"ImageObject\",\"inLanguage\":\"es\",\"@id\":\"https:\/\/abaa.mx\/tienda\/mitutoyo-1411a-serie-1-indicador-de-cuadrante-con-orejeta-trasera-0-25-0-001\/#primaryimage\",\"url\":\"https:\/\/abaa.mx\/tienda\/wp-content\/uploads\/2023\/10\/1411A.jpg\",\"contentUrl\":\"https:\/\/abaa.mx\/tienda\/wp-content\/uploads\/2023\/10\/1411A.jpg\",\"width\":270,\"height\":469,\"caption\":\"mitutoyo-1411a-serie-1-indicador-de-cuadrante-con-orejeta-trasera-0-25-0-001\"},{\"@type\":\"BreadcrumbList\",\"@id\":\"https:\/\/abaa.mx\/tienda\/mitutoyo-1411a-serie-1-indicador-de-cuadrante-con-orejeta-trasera-0-25-0-001\/#breadcrumb\",\"itemListElement\":[{\"@type\":\"ListItem\",\"position\":1,\"name\":\"Inicio\",\"item\":\"https:\/\/abaa.mx\/tienda\/\"},{\"@type\":\"ListItem\",\"position\":2,\"name\":\"Tienda\",\"item\":\"https:\/\/abaa.mx\/tienda\/\"},{\"@type\":\"ListItem\",\"position\":3,\"name\":\"Mitutoyo 1411a serie 1 indicador de cuadrante con orejeta trasera, 0.25&#8243;, 0.001&#8243;\"}]},{\"@type\":\"WebSite\",\"@id\":\"https:\/\/abaa.mx\/tienda\/#website\",\"url\":\"https:\/\/abaa.mx\/tienda\/\",\"name\":\"Abaa tienda online\",\"description\":\"Instrumentos de medici\u00f3n\",\"publisher\":{\"@id\":\"https:\/\/abaa.mx\/tienda\/#organization\"},\"potentialAction\":[{\"@type\":\"SearchAction\",\"target\":{\"@type\":\"EntryPoint\",\"urlTemplate\":\"https:\/\/abaa.mx\/tienda\/?s={search_term_string}\"},\"query-input\":{\"@type\":\"PropertyValueSpecification\",\"valueRequired\":true,\"valueName\":\"search_term_string\"}}],\"inLanguage\":\"es\"},{\"@type\":\"Organization\",\"@id\":\"https:\/\/abaa.mx\/tienda\/#organization\",\"name\":\"Abaa tienda online\",\"url\":\"https:\/\/abaa.mx\/tienda\/\",\"logo\":{\"@type\":\"ImageObject\",\"inLanguage\":\"es\",\"@id\":\"https:\/\/abaa.mx\/tienda\/#\/schema\/logo\/image\/\",\"url\":\"https:\/\/abaa.mx\/tienda\/wp-content\/uploads\/2024\/01\/abaa-metrologia-tienda.png\",\"contentUrl\":\"https:\/\/abaa.mx\/tienda\/wp-content\/uploads\/2024\/01\/abaa-metrologia-tienda.png\",\"width\":300,\"height\":141,\"caption\":\"Abaa tienda online\"},\"image\":{\"@id\":\"https:\/\/abaa.mx\/tienda\/#\/schema\/logo\/image\/\"}}]}<\/script>\n<!-- \/ Yoast SEO plugin. -->","yoast_head_json":{"title":"Mitutoyo 1411a serie 1 indicador de cuadrante con orejeta trasera, 0.25\", 0.001\" - Abaa tienda online","robots":{"index":"index","follow":"follow","max-snippet":"max-snippet:-1","max-image-preview":"max-image-preview:large","max-video-preview":"max-video-preview:-1"},"canonical":"https:\/\/abaa.mx\/tienda\/mitutoyo-1411a-serie-1-indicador-de-cuadrante-con-orejeta-trasera-0-25-0-001\/","og_locale":"es_MX","og_type":"article","og_title":"Mitutoyo 1411a serie 1 indicador de cuadrante con orejeta trasera, 0.25\", 0.001\" - Abaa tienda online","og_description":"Ideal para la medici\u00f3n comparativa en aplicaciones con espacio limitado, este indicador de cuadrante compacto y de m\u00faltiples revoluciones cuenta con una leng\u00fceta hacia atr\u00e1s, un rango de 0 a 0,25\" y una graduaci\u00f3n de 0,001\". Adem\u00e1s, este indicador tiene un cojinete enjoyado que proporciona resistencia al desgaste y movimientos de baja fricci\u00f3n para operaciones suaves y precisas.","og_url":"https:\/\/abaa.mx\/tienda\/mitutoyo-1411a-serie-1-indicador-de-cuadrante-con-orejeta-trasera-0-25-0-001\/","og_site_name":"Abaa tienda online","og_image":[{"width":270,"height":469,"url":"https:\/\/abaa.mx\/tienda\/wp-content\/uploads\/2023\/10\/1411A.jpg","type":"image\/jpeg"}],"twitter_card":"summary_large_image","twitter_misc":{"Tiempo de lectura":"2 minutos"},"schema":{"@context":"https:\/\/schema.org","@graph":[{"@type":"WebPage","@id":"https:\/\/abaa.mx\/tienda\/mitutoyo-1411a-serie-1-indicador-de-cuadrante-con-orejeta-trasera-0-25-0-001\/","url":"https:\/\/abaa.mx\/tienda\/mitutoyo-1411a-serie-1-indicador-de-cuadrante-con-orejeta-trasera-0-25-0-001\/","name":"Mitutoyo 1411a serie 1 indicador de cuadrante con orejeta trasera, 0.25\", 0.001\" - Abaa tienda online","isPartOf":{"@id":"https:\/\/abaa.mx\/tienda\/#website"},"primaryImageOfPage":{"@id":"https:\/\/abaa.mx\/tienda\/mitutoyo-1411a-serie-1-indicador-de-cuadrante-con-orejeta-trasera-0-25-0-001\/#primaryimage"},"image":{"@id":"https:\/\/abaa.mx\/tienda\/mitutoyo-1411a-serie-1-indicador-de-cuadrante-con-orejeta-trasera-0-25-0-001\/#primaryimage"},"thumbnailUrl":"https:\/\/abaa.mx\/tienda\/wp-content\/uploads\/2023\/10\/1411A.jpg","datePublished":"2023-10-13T16:08:33+00:00","breadcrumb":{"@id":"https:\/\/abaa.mx\/tienda\/mitutoyo-1411a-serie-1-indicador-de-cuadrante-con-orejeta-trasera-0-25-0-001\/#breadcrumb"},"inLanguage":"es","potentialAction":[{"@type":"ReadAction","target":["https:\/\/abaa.mx\/tienda\/mitutoyo-1411a-serie-1-indicador-de-cuadrante-con-orejeta-trasera-0-25-0-001\/"]}]},{"@type":"ImageObject","inLanguage":"es","@id":"https:\/\/abaa.mx\/tienda\/mitutoyo-1411a-serie-1-indicador-de-cuadrante-con-orejeta-trasera-0-25-0-001\/#primaryimage","url":"https:\/\/abaa.mx\/tienda\/wp-content\/uploads\/2023\/10\/1411A.jpg","contentUrl":"https:\/\/abaa.mx\/tienda\/wp-content\/uploads\/2023\/10\/1411A.jpg","width":270,"height":469,"caption":"mitutoyo-1411a-serie-1-indicador-de-cuadrante-con-orejeta-trasera-0-25-0-001"},{"@type":"BreadcrumbList","@id":"https:\/\/abaa.mx\/tienda\/mitutoyo-1411a-serie-1-indicador-de-cuadrante-con-orejeta-trasera-0-25-0-001\/#breadcrumb","itemListElement":[{"@type":"ListItem","position":1,"name":"Inicio","item":"https:\/\/abaa.mx\/tienda\/"},{"@type":"ListItem","position":2,"name":"Tienda","item":"https:\/\/abaa.mx\/tienda\/"},{"@type":"ListItem","position":3,"name":"Mitutoyo 1411a serie 1 indicador de cuadrante con orejeta trasera, 0.25&#8243;, 0.001&#8243;"}]},{"@type":"WebSite","@id":"https:\/\/abaa.mx\/tienda\/#website","url":"https:\/\/abaa.mx\/tienda\/","name":"Abaa tienda online","description":"Instrumentos de medici\u00f3n","publisher":{"@id":"https:\/\/abaa.mx\/tienda\/#organization"},"potentialAction":[{"@type":"SearchAction","target":{"@type":"EntryPoint","urlTemplate":"https:\/\/abaa.mx\/tienda\/?s={search_term_string}"},"query-input":{"@type":"PropertyValueSpecification","valueRequired":true,"valueName":"search_term_string"}}],"inLanguage":"es"},{"@type":"Organization","@id":"https:\/\/abaa.mx\/tienda\/#organization","name":"Abaa tienda online","url":"https:\/\/abaa.mx\/tienda\/","logo":{"@type":"ImageObject","inLanguage":"es","@id":"https:\/\/abaa.mx\/tienda\/#\/schema\/logo\/image\/","url":"https:\/\/abaa.mx\/tienda\/wp-content\/uploads\/2024\/01\/abaa-metrologia-tienda.png","contentUrl":"https:\/\/abaa.mx\/tienda\/wp-content\/uploads\/2024\/01\/abaa-metrologia-tienda.png","width":300,"height":141,"caption":"Abaa tienda online"},"image":{"@id":"https:\/\/abaa.mx\/tienda\/#\/schema\/logo\/image\/"}}]}},"_links":{"self":[{"href":"https:\/\/abaa.mx\/tienda\/wp-json\/wp\/v2\/product\/5961","targetHints":{"allow":["GET"]}}],"collection":[{"href":"https:\/\/abaa.mx\/tienda\/wp-json\/wp\/v2\/product"}],"about":[{"href":"https:\/\/abaa.mx\/tienda\/wp-json\/wp\/v2\/types\/product"}],"replies":[{"embeddable":true,"href":"https:\/\/abaa.mx\/tienda\/wp-json\/wp\/v2\/comments?post=5961"}],"wp:featuredmedia":[{"embeddable":true,"href":"https:\/\/abaa.mx\/tienda\/wp-json\/wp\/v2\/media\/5968"}],"wp:attachment":[{"href":"https:\/\/abaa.mx\/tienda\/wp-json\/wp\/v2\/media?parent=5961"}],"wp:term":[{"taxonomy":"product_brand","embeddable":true,"href":"https:\/\/abaa.mx\/tienda\/wp-json\/wp\/v2\/product_brand?post=5961"},{"taxonomy":"product_cat","embeddable":true,"href":"https:\/\/abaa.mx\/tienda\/wp-json\/wp\/v2\/product_cat?post=5961"},{"taxonomy":"product_tag","embeddable":true,"href":"https:\/\/abaa.mx\/tienda\/wp-json\/wp\/v2\/product_tag?post=5961"}],"curies":[{"name":"wp","href":"https:\/\/api.w.org\/{rel}","templated":true}]}}