{"id":5960,"date":"2023-10-13T16:08:11","date_gmt":"2023-10-13T16:08:11","guid":{"rendered":"https:\/\/abaa.mx\/tienda\/?post_type=product&#038;p=5960"},"modified":"2023-10-13T16:08:12","modified_gmt":"2023-10-13T16:08:12","slug":"mitutoyo-1410ab-10-serie-1-indicador-de-cuadrante-compacto-graduacion-de-0-25-0-001","status":"publish","type":"product","link":"https:\/\/abaa.mx\/tienda\/mitutoyo-1410ab-10-serie-1-indicador-de-cuadrante-compacto-graduacion-de-0-25-0-001\/","title":{"rendered":"Mitutoyo 1410ab-10 serie 1 indicador de cuadrante compacto, graduaci\u00f3n de 0.25&#8243;, 0.001&#8243;"},"content":{"rendered":"<p>Disfrute de una monitorizaci\u00f3n precisa con el indicador de car\u00e1tula compacto Mitutoyo 1410SB-10 Serie 1. Este comparador Mitutoyo es de tama\u00f1o peque\u00f1o para una amplia variedad de aplicaciones. La cara est\u00e1 claramente marcada para lecturas r\u00e1pidas de un vistazo hasta el 0,001 m\u00e1s cercano&#8221;.<\/p>\n<h5><strong>Funciones<\/strong><\/h5>\n<ul>\n<li>Esfera de f\u00e1cil lectura con marcas graduadas<\/li>\n<li>Tama\u00f1o compacto para un f\u00e1cil manejo en espacios reducidos<\/li>\n<\/ul>\n<h4>Especificaciones<\/h4>\n<table class=\"table table-striped\">\n<tbody>\n<tr>\n<td>Unidad(es) de medida admitida(s)<\/td>\n<td>en<\/td>\n<\/tr>\n<tr>\n<td>Rango de medici\u00f3n<\/td>\n<td>Rango\/por revoluci\u00f3n: 0.25&#8243;\/0.1&#8243;<\/td>\n<\/tr>\n<tr>\n<td>Exactitud<\/td>\n<td>0.001&#8243; primeras 2.5 revoluciones; 0.001&#8243; en total<\/td>\n<\/tr>\n<tr>\n<td>Lectura de dial<\/td>\n<td>De 0 a 100<\/td>\n<\/tr>\n<tr>\n<td>Color de la esfera<\/td>\n<td>Blanco<\/td>\n<\/tr>\n<tr>\n<td>Medidas de graduaci\u00f3n<\/td>\n<td>Pulgadas<\/td>\n<\/tr>\n<tr>\n<td>Fuerza de medici\u00f3n<\/td>\n<td>1,4 N o menos<\/td>\n<\/tr>\n<\/tbody>\n<\/table>\n","protected":false},"excerpt":{"rendered":"<p class=\"short-description mhide ipad-view-setting\">El peque\u00f1o indicador de cuadrante cuenta con una esfera compacta y f\u00e1cil de leer. Las marcas graduadas producen mediciones con una precisi\u00f3n de 0,001&#8243;.<\/p>\n<p class=\"comment-tag-product\">\n<div class=\"row-fluid\">\n<div class=\"span12 mobile-pricing-box-padding\">\n<form id=\"139818\" accept-charset=\"utf-8\" action=\"https:\/\/www.globaltestsupply.com\/shop\/add\" method=\"post\" name=\"addTocartFunction\">\n<div><\/div>\n<\/form>\n<\/div>\n<\/div>\n","protected":false},"featured_media":5967,"comment_status":"open","ping_status":"closed","template":"","meta":{"_joinchat":[]},"product_brand":[],"product_cat":[15],"product_tag":[],"class_list":{"0":"post-5960","1":"product","2":"type-product","3":"status-publish","4":"has-post-thumbnail","6":"product_cat-sin-categorizar","8":"first","9":"instock","10":"shipping-taxable","11":"product-type-simple"},"yoast_head":"<!-- This site is optimized with the Yoast SEO plugin v26.4 - https:\/\/yoast.com\/wordpress\/plugins\/seo\/ -->\n<title>Mitutoyo 1410ab-10 serie 1 indicador de cuadrante compacto, graduaci\u00f3n de 0.25&quot;, 0.001&quot; - Abaa tienda online<\/title>\n<meta name=\"robots\" content=\"index, follow, max-snippet:-1, max-image-preview:large, max-video-preview:-1\" \/>\n<link rel=\"canonical\" href=\"https:\/\/abaa.mx\/tienda\/mitutoyo-1410ab-10-serie-1-indicador-de-cuadrante-compacto-graduacion-de-0-25-0-001\/\" \/>\n<meta property=\"og:locale\" content=\"es_MX\" \/>\n<meta property=\"og:type\" content=\"article\" \/>\n<meta property=\"og:title\" content=\"Mitutoyo 1410ab-10 serie 1 indicador de cuadrante compacto, graduaci\u00f3n de 0.25&quot;, 0.001&quot; - Abaa tienda online\" \/>\n<meta property=\"og:description\" content=\"El peque\u00f1o indicador de cuadrante cuenta con una esfera compacta y f\u00e1cil de leer. Las marcas graduadas producen mediciones con una precisi\u00f3n de 0,001&quot;.\" \/>\n<meta property=\"og:url\" content=\"https:\/\/abaa.mx\/tienda\/mitutoyo-1410ab-10-serie-1-indicador-de-cuadrante-compacto-graduacion-de-0-25-0-001\/\" \/>\n<meta property=\"og:site_name\" content=\"Abaa tienda online\" \/>\n<meta property=\"article:modified_time\" content=\"2023-10-13T16:08:12+00:00\" \/>\n<meta property=\"og:image\" content=\"https:\/\/abaa.mx\/tienda\/wp-content\/uploads\/2023\/10\/1410AB-10.jpg\" \/>\n\t<meta property=\"og:image:width\" content=\"270\" \/>\n\t<meta property=\"og:image:height\" content=\"461\" \/>\n\t<meta property=\"og:image:type\" content=\"image\/jpeg\" \/>\n<meta name=\"twitter:card\" content=\"summary_large_image\" \/>\n<meta name=\"twitter:label1\" content=\"Tiempo de lectura\" \/>\n\t<meta name=\"twitter:data1\" content=\"1 minuto\" \/>\n<script type=\"application\/ld+json\" class=\"yoast-schema-graph\">{\"@context\":\"https:\/\/schema.org\",\"@graph\":[{\"@type\":\"WebPage\",\"@id\":\"https:\/\/abaa.mx\/tienda\/mitutoyo-1410ab-10-serie-1-indicador-de-cuadrante-compacto-graduacion-de-0-25-0-001\/\",\"url\":\"https:\/\/abaa.mx\/tienda\/mitutoyo-1410ab-10-serie-1-indicador-de-cuadrante-compacto-graduacion-de-0-25-0-001\/\",\"name\":\"Mitutoyo 1410ab-10 serie 1 indicador de cuadrante compacto, graduaci\u00f3n de 0.25\\\", 0.001\\\" - Abaa tienda online\",\"isPartOf\":{\"@id\":\"https:\/\/abaa.mx\/tienda\/#website\"},\"primaryImageOfPage\":{\"@id\":\"https:\/\/abaa.mx\/tienda\/mitutoyo-1410ab-10-serie-1-indicador-de-cuadrante-compacto-graduacion-de-0-25-0-001\/#primaryimage\"},\"image\":{\"@id\":\"https:\/\/abaa.mx\/tienda\/mitutoyo-1410ab-10-serie-1-indicador-de-cuadrante-compacto-graduacion-de-0-25-0-001\/#primaryimage\"},\"thumbnailUrl\":\"https:\/\/abaa.mx\/tienda\/wp-content\/uploads\/2023\/10\/1410AB-10.jpg\",\"datePublished\":\"2023-10-13T16:08:11+00:00\",\"dateModified\":\"2023-10-13T16:08:12+00:00\",\"breadcrumb\":{\"@id\":\"https:\/\/abaa.mx\/tienda\/mitutoyo-1410ab-10-serie-1-indicador-de-cuadrante-compacto-graduacion-de-0-25-0-001\/#breadcrumb\"},\"inLanguage\":\"es\",\"potentialAction\":[{\"@type\":\"ReadAction\",\"target\":[\"https:\/\/abaa.mx\/tienda\/mitutoyo-1410ab-10-serie-1-indicador-de-cuadrante-compacto-graduacion-de-0-25-0-001\/\"]}]},{\"@type\":\"ImageObject\",\"inLanguage\":\"es\",\"@id\":\"https:\/\/abaa.mx\/tienda\/mitutoyo-1410ab-10-serie-1-indicador-de-cuadrante-compacto-graduacion-de-0-25-0-001\/#primaryimage\",\"url\":\"https:\/\/abaa.mx\/tienda\/wp-content\/uploads\/2023\/10\/1410AB-10.jpg\",\"contentUrl\":\"https:\/\/abaa.mx\/tienda\/wp-content\/uploads\/2023\/10\/1410AB-10.jpg\",\"width\":270,\"height\":461,\"caption\":\"mitutoyo-1410ab-10-serie-1-indicador-de-cuadrante-compacto-graduacion-de-0-25-0-001\"},{\"@type\":\"BreadcrumbList\",\"@id\":\"https:\/\/abaa.mx\/tienda\/mitutoyo-1410ab-10-serie-1-indicador-de-cuadrante-compacto-graduacion-de-0-25-0-001\/#breadcrumb\",\"itemListElement\":[{\"@type\":\"ListItem\",\"position\":1,\"name\":\"Inicio\",\"item\":\"https:\/\/abaa.mx\/tienda\/\"},{\"@type\":\"ListItem\",\"position\":2,\"name\":\"Tienda\",\"item\":\"https:\/\/abaa.mx\/tienda\/\"},{\"@type\":\"ListItem\",\"position\":3,\"name\":\"Mitutoyo 1410ab-10 serie 1 indicador de cuadrante compacto, graduaci\u00f3n de 0.25&#8243;, 0.001&#8243;\"}]},{\"@type\":\"WebSite\",\"@id\":\"https:\/\/abaa.mx\/tienda\/#website\",\"url\":\"https:\/\/abaa.mx\/tienda\/\",\"name\":\"Abaa tienda online\",\"description\":\"Instrumentos de medici\u00f3n\",\"publisher\":{\"@id\":\"https:\/\/abaa.mx\/tienda\/#organization\"},\"potentialAction\":[{\"@type\":\"SearchAction\",\"target\":{\"@type\":\"EntryPoint\",\"urlTemplate\":\"https:\/\/abaa.mx\/tienda\/?s={search_term_string}\"},\"query-input\":{\"@type\":\"PropertyValueSpecification\",\"valueRequired\":true,\"valueName\":\"search_term_string\"}}],\"inLanguage\":\"es\"},{\"@type\":\"Organization\",\"@id\":\"https:\/\/abaa.mx\/tienda\/#organization\",\"name\":\"Abaa tienda online\",\"url\":\"https:\/\/abaa.mx\/tienda\/\",\"logo\":{\"@type\":\"ImageObject\",\"inLanguage\":\"es\",\"@id\":\"https:\/\/abaa.mx\/tienda\/#\/schema\/logo\/image\/\",\"url\":\"https:\/\/abaa.mx\/tienda\/wp-content\/uploads\/2024\/01\/abaa-metrologia-tienda.png\",\"contentUrl\":\"https:\/\/abaa.mx\/tienda\/wp-content\/uploads\/2024\/01\/abaa-metrologia-tienda.png\",\"width\":300,\"height\":141,\"caption\":\"Abaa tienda online\"},\"image\":{\"@id\":\"https:\/\/abaa.mx\/tienda\/#\/schema\/logo\/image\/\"}}]}<\/script>\n<!-- \/ Yoast SEO plugin. -->","yoast_head_json":{"title":"Mitutoyo 1410ab-10 serie 1 indicador de cuadrante compacto, graduaci\u00f3n de 0.25\", 0.001\" - Abaa tienda online","robots":{"index":"index","follow":"follow","max-snippet":"max-snippet:-1","max-image-preview":"max-image-preview:large","max-video-preview":"max-video-preview:-1"},"canonical":"https:\/\/abaa.mx\/tienda\/mitutoyo-1410ab-10-serie-1-indicador-de-cuadrante-compacto-graduacion-de-0-25-0-001\/","og_locale":"es_MX","og_type":"article","og_title":"Mitutoyo 1410ab-10 serie 1 indicador de cuadrante compacto, graduaci\u00f3n de 0.25\", 0.001\" - Abaa tienda online","og_description":"El peque\u00f1o indicador de cuadrante cuenta con una esfera compacta y f\u00e1cil de leer. Las marcas graduadas producen mediciones con una precisi\u00f3n de 0,001\".","og_url":"https:\/\/abaa.mx\/tienda\/mitutoyo-1410ab-10-serie-1-indicador-de-cuadrante-compacto-graduacion-de-0-25-0-001\/","og_site_name":"Abaa tienda online","article_modified_time":"2023-10-13T16:08:12+00:00","og_image":[{"width":270,"height":461,"url":"https:\/\/abaa.mx\/tienda\/wp-content\/uploads\/2023\/10\/1410AB-10.jpg","type":"image\/jpeg"}],"twitter_card":"summary_large_image","twitter_misc":{"Tiempo de lectura":"1 minuto"},"schema":{"@context":"https:\/\/schema.org","@graph":[{"@type":"WebPage","@id":"https:\/\/abaa.mx\/tienda\/mitutoyo-1410ab-10-serie-1-indicador-de-cuadrante-compacto-graduacion-de-0-25-0-001\/","url":"https:\/\/abaa.mx\/tienda\/mitutoyo-1410ab-10-serie-1-indicador-de-cuadrante-compacto-graduacion-de-0-25-0-001\/","name":"Mitutoyo 1410ab-10 serie 1 indicador de cuadrante compacto, graduaci\u00f3n de 0.25\", 0.001\" - Abaa tienda online","isPartOf":{"@id":"https:\/\/abaa.mx\/tienda\/#website"},"primaryImageOfPage":{"@id":"https:\/\/abaa.mx\/tienda\/mitutoyo-1410ab-10-serie-1-indicador-de-cuadrante-compacto-graduacion-de-0-25-0-001\/#primaryimage"},"image":{"@id":"https:\/\/abaa.mx\/tienda\/mitutoyo-1410ab-10-serie-1-indicador-de-cuadrante-compacto-graduacion-de-0-25-0-001\/#primaryimage"},"thumbnailUrl":"https:\/\/abaa.mx\/tienda\/wp-content\/uploads\/2023\/10\/1410AB-10.jpg","datePublished":"2023-10-13T16:08:11+00:00","dateModified":"2023-10-13T16:08:12+00:00","breadcrumb":{"@id":"https:\/\/abaa.mx\/tienda\/mitutoyo-1410ab-10-serie-1-indicador-de-cuadrante-compacto-graduacion-de-0-25-0-001\/#breadcrumb"},"inLanguage":"es","potentialAction":[{"@type":"ReadAction","target":["https:\/\/abaa.mx\/tienda\/mitutoyo-1410ab-10-serie-1-indicador-de-cuadrante-compacto-graduacion-de-0-25-0-001\/"]}]},{"@type":"ImageObject","inLanguage":"es","@id":"https:\/\/abaa.mx\/tienda\/mitutoyo-1410ab-10-serie-1-indicador-de-cuadrante-compacto-graduacion-de-0-25-0-001\/#primaryimage","url":"https:\/\/abaa.mx\/tienda\/wp-content\/uploads\/2023\/10\/1410AB-10.jpg","contentUrl":"https:\/\/abaa.mx\/tienda\/wp-content\/uploads\/2023\/10\/1410AB-10.jpg","width":270,"height":461,"caption":"mitutoyo-1410ab-10-serie-1-indicador-de-cuadrante-compacto-graduacion-de-0-25-0-001"},{"@type":"BreadcrumbList","@id":"https:\/\/abaa.mx\/tienda\/mitutoyo-1410ab-10-serie-1-indicador-de-cuadrante-compacto-graduacion-de-0-25-0-001\/#breadcrumb","itemListElement":[{"@type":"ListItem","position":1,"name":"Inicio","item":"https:\/\/abaa.mx\/tienda\/"},{"@type":"ListItem","position":2,"name":"Tienda","item":"https:\/\/abaa.mx\/tienda\/"},{"@type":"ListItem","position":3,"name":"Mitutoyo 1410ab-10 serie 1 indicador de cuadrante compacto, graduaci\u00f3n de 0.25&#8243;, 0.001&#8243;"}]},{"@type":"WebSite","@id":"https:\/\/abaa.mx\/tienda\/#website","url":"https:\/\/abaa.mx\/tienda\/","name":"Abaa tienda online","description":"Instrumentos de medici\u00f3n","publisher":{"@id":"https:\/\/abaa.mx\/tienda\/#organization"},"potentialAction":[{"@type":"SearchAction","target":{"@type":"EntryPoint","urlTemplate":"https:\/\/abaa.mx\/tienda\/?s={search_term_string}"},"query-input":{"@type":"PropertyValueSpecification","valueRequired":true,"valueName":"search_term_string"}}],"inLanguage":"es"},{"@type":"Organization","@id":"https:\/\/abaa.mx\/tienda\/#organization","name":"Abaa tienda online","url":"https:\/\/abaa.mx\/tienda\/","logo":{"@type":"ImageObject","inLanguage":"es","@id":"https:\/\/abaa.mx\/tienda\/#\/schema\/logo\/image\/","url":"https:\/\/abaa.mx\/tienda\/wp-content\/uploads\/2024\/01\/abaa-metrologia-tienda.png","contentUrl":"https:\/\/abaa.mx\/tienda\/wp-content\/uploads\/2024\/01\/abaa-metrologia-tienda.png","width":300,"height":141,"caption":"Abaa tienda online"},"image":{"@id":"https:\/\/abaa.mx\/tienda\/#\/schema\/logo\/image\/"}}]}},"_links":{"self":[{"href":"https:\/\/abaa.mx\/tienda\/wp-json\/wp\/v2\/product\/5960","targetHints":{"allow":["GET"]}}],"collection":[{"href":"https:\/\/abaa.mx\/tienda\/wp-json\/wp\/v2\/product"}],"about":[{"href":"https:\/\/abaa.mx\/tienda\/wp-json\/wp\/v2\/types\/product"}],"replies":[{"embeddable":true,"href":"https:\/\/abaa.mx\/tienda\/wp-json\/wp\/v2\/comments?post=5960"}],"wp:featuredmedia":[{"embeddable":true,"href":"https:\/\/abaa.mx\/tienda\/wp-json\/wp\/v2\/media\/5967"}],"wp:attachment":[{"href":"https:\/\/abaa.mx\/tienda\/wp-json\/wp\/v2\/media?parent=5960"}],"wp:term":[{"taxonomy":"product_brand","embeddable":true,"href":"https:\/\/abaa.mx\/tienda\/wp-json\/wp\/v2\/product_brand?post=5960"},{"taxonomy":"product_cat","embeddable":true,"href":"https:\/\/abaa.mx\/tienda\/wp-json\/wp\/v2\/product_cat?post=5960"},{"taxonomy":"product_tag","embeddable":true,"href":"https:\/\/abaa.mx\/tienda\/wp-json\/wp\/v2\/product_tag?post=5960"}],"curies":[{"name":"wp","href":"https:\/\/api.w.org\/{rel}","templated":true}]}}