{"id":5958,"date":"2023-10-13T16:07:34","date_gmt":"2023-10-13T16:07:34","guid":{"rendered":"https:\/\/abaa.mx\/tienda\/?post_type=product&#038;p=5958"},"modified":"2023-10-13T16:07:35","modified_gmt":"2023-10-13T16:07:35","slug":"mitutoyo-1410a-10-indicador-de-cuadrante-con-lengueta-compacto-25in-001in","status":"publish","type":"product","link":"https:\/\/abaa.mx\/tienda\/mitutoyo-1410a-10-indicador-de-cuadrante-con-lengueta-compacto-25in-001in\/","title":{"rendered":"Mitutoyo 1410a-10 indicador de cuadrante con leng\u00fceta, compacto, .25in, .001in"},"content":{"rendered":"<p class=\"short-description mhide ipad-view-setting\">Los indicadores de car\u00e1tula de la serie 1 de Mitutoyo ofrecen precisi\u00f3n y durabilidad para aplicaciones de taller que exigen mediciones de alta precisi\u00f3n donde el espacio es limitado. El husillo est\u00e1 hecho de acero inoxidable endurecido para mayor durabilidad, mientras que el engranaje de cremallera est\u00e1 rectificado a m\u00e1quina para un ajuste m\u00e1s ajustado y una mayor precisi\u00f3n.<\/p>\n<h4>Especificaciones<\/h4>\n<table class=\"table table-striped\">\n<tbody>\n<tr>\n<td>Sistema de medici\u00f3n<\/td>\n<td>Pulgada<\/td>\n<\/tr>\n<tr>\n<td>Graduaciones<\/td>\n<td>.001 pulgadas<\/td>\n<\/tr>\n<tr>\n<td>Rango por revoluci\u00f3n<\/td>\n<td>.25\/.1<\/td>\n<\/tr>\n<tr>\n<td>Exactitud<\/td>\n<td>.001\/.001<\/td>\n<\/tr>\n<tr>\n<td>Repetibilidad<\/td>\n<td>\u00b1.0002&#8243;<\/td>\n<\/tr>\n<tr>\n<td>Lectura de dial<\/td>\n<td>0-100<\/td>\n<\/tr>\n<tr>\n<td>Tipo de espalda<\/td>\n<td>con leng\u00fceta<\/td>\n<\/tr>\n<tr>\n<td>Fuerza de medici\u00f3n (m\u00e1x.)<\/td>\n<td>1.4N o menos<\/td>\n<\/tr>\n<\/tbody>\n<\/table>\n<div class=\"row-fluid\">\n<div class=\"span12 mobile-pricing-box-padding\">\n<form id=\"97202\" accept-charset=\"utf-8\" action=\"https:\/\/www.globaltestsupply.com\/shop\/add\" method=\"post\" name=\"addTocartFunction\">\n<div><\/div>\n<\/form>\n<\/div>\n<\/div>\n","protected":false},"excerpt":{"rendered":"<p class=\"short-description mhide ipad-view-setting\">Los indicadores de car\u00e1tula de la serie 1 de Mitutoyo ofrecen precisi\u00f3n y durabilidad para aplicaciones de taller que exigen mediciones de alta precisi\u00f3n donde el espacio es limitado. El husillo est\u00e1 hecho de acero inoxidable endurecido para mayor durabilidad, mientras que el engranaje de cremallera est\u00e1 rectificado a m\u00e1quina para un ajuste m\u00e1s ajustado y una mayor precisi\u00f3n.<\/p>\n<p class=\"comment-tag-product\">\n<div class=\"row-fluid\">\n<div class=\"span12 mobile-pricing-box-padding\">\n<form id=\"97202\" accept-charset=\"utf-8\" action=\"https:\/\/www.globaltestsupply.com\/shop\/add\" method=\"post\" name=\"addTocartFunction\">\n<div><\/div>\n<\/form>\n<\/div>\n<\/div>\n","protected":false},"featured_media":5964,"comment_status":"open","ping_status":"closed","template":"","meta":{"_joinchat":[]},"product_brand":[],"product_cat":[15],"product_tag":[],"class_list":{"0":"post-5958","1":"product","2":"type-product","3":"status-publish","4":"has-post-thumbnail","6":"product_cat-sin-categorizar","8":"first","9":"instock","10":"shipping-taxable","11":"product-type-simple"},"yoast_head":"<!-- This site is optimized with the Yoast SEO plugin v26.4 - https:\/\/yoast.com\/wordpress\/plugins\/seo\/ -->\n<title>Mitutoyo 1410a-10 indicador de cuadrante con leng\u00fceta, compacto, .25in, .001in - Abaa tienda online<\/title>\n<meta name=\"robots\" content=\"index, follow, max-snippet:-1, max-image-preview:large, max-video-preview:-1\" \/>\n<link rel=\"canonical\" href=\"https:\/\/abaa.mx\/tienda\/mitutoyo-1410a-10-indicador-de-cuadrante-con-lengueta-compacto-25in-001in\/\" \/>\n<meta property=\"og:locale\" content=\"es_MX\" \/>\n<meta property=\"og:type\" content=\"article\" \/>\n<meta property=\"og:title\" content=\"Mitutoyo 1410a-10 indicador de cuadrante con leng\u00fceta, compacto, .25in, .001in - Abaa tienda online\" \/>\n<meta property=\"og:description\" content=\"Los indicadores de car\u00e1tula de la serie 1 de Mitutoyo ofrecen precisi\u00f3n y durabilidad para aplicaciones de taller que exigen mediciones de alta precisi\u00f3n donde el espacio es limitado. El husillo est\u00e1 hecho de acero inoxidable endurecido para mayor durabilidad, mientras que el engranaje de cremallera est\u00e1 rectificado a m\u00e1quina para un ajuste m\u00e1s ajustado y una mayor precisi\u00f3n.\" \/>\n<meta property=\"og:url\" content=\"https:\/\/abaa.mx\/tienda\/mitutoyo-1410a-10-indicador-de-cuadrante-con-lengueta-compacto-25in-001in\/\" \/>\n<meta property=\"og:site_name\" content=\"Abaa tienda online\" \/>\n<meta property=\"article:modified_time\" content=\"2023-10-13T16:07:35+00:00\" \/>\n<meta property=\"og:image\" content=\"https:\/\/abaa.mx\/tienda\/wp-content\/uploads\/2023\/10\/1410A-10.jpg\" \/>\n\t<meta property=\"og:image:width\" content=\"270\" \/>\n\t<meta property=\"og:image:height\" content=\"461\" \/>\n\t<meta property=\"og:image:type\" content=\"image\/jpeg\" \/>\n<meta name=\"twitter:card\" content=\"summary_large_image\" \/>\n<meta name=\"twitter:label1\" content=\"Tiempo de lectura\" \/>\n\t<meta name=\"twitter:data1\" content=\"1 minuto\" \/>\n<script type=\"application\/ld+json\" class=\"yoast-schema-graph\">{\"@context\":\"https:\/\/schema.org\",\"@graph\":[{\"@type\":\"WebPage\",\"@id\":\"https:\/\/abaa.mx\/tienda\/mitutoyo-1410a-10-indicador-de-cuadrante-con-lengueta-compacto-25in-001in\/\",\"url\":\"https:\/\/abaa.mx\/tienda\/mitutoyo-1410a-10-indicador-de-cuadrante-con-lengueta-compacto-25in-001in\/\",\"name\":\"Mitutoyo 1410a-10 indicador de cuadrante con leng\u00fceta, compacto, .25in, .001in - Abaa tienda online\",\"isPartOf\":{\"@id\":\"https:\/\/abaa.mx\/tienda\/#website\"},\"primaryImageOfPage\":{\"@id\":\"https:\/\/abaa.mx\/tienda\/mitutoyo-1410a-10-indicador-de-cuadrante-con-lengueta-compacto-25in-001in\/#primaryimage\"},\"image\":{\"@id\":\"https:\/\/abaa.mx\/tienda\/mitutoyo-1410a-10-indicador-de-cuadrante-con-lengueta-compacto-25in-001in\/#primaryimage\"},\"thumbnailUrl\":\"https:\/\/abaa.mx\/tienda\/wp-content\/uploads\/2023\/10\/1410A-10.jpg\",\"datePublished\":\"2023-10-13T16:07:34+00:00\",\"dateModified\":\"2023-10-13T16:07:35+00:00\",\"breadcrumb\":{\"@id\":\"https:\/\/abaa.mx\/tienda\/mitutoyo-1410a-10-indicador-de-cuadrante-con-lengueta-compacto-25in-001in\/#breadcrumb\"},\"inLanguage\":\"es\",\"potentialAction\":[{\"@type\":\"ReadAction\",\"target\":[\"https:\/\/abaa.mx\/tienda\/mitutoyo-1410a-10-indicador-de-cuadrante-con-lengueta-compacto-25in-001in\/\"]}]},{\"@type\":\"ImageObject\",\"inLanguage\":\"es\",\"@id\":\"https:\/\/abaa.mx\/tienda\/mitutoyo-1410a-10-indicador-de-cuadrante-con-lengueta-compacto-25in-001in\/#primaryimage\",\"url\":\"https:\/\/abaa.mx\/tienda\/wp-content\/uploads\/2023\/10\/1410A-10.jpg\",\"contentUrl\":\"https:\/\/abaa.mx\/tienda\/wp-content\/uploads\/2023\/10\/1410A-10.jpg\",\"width\":270,\"height\":461,\"caption\":\"mitutoyo-1410a-10-indicador-de-cuadrante-con-lengueta-compacto-25in-001in\"},{\"@type\":\"BreadcrumbList\",\"@id\":\"https:\/\/abaa.mx\/tienda\/mitutoyo-1410a-10-indicador-de-cuadrante-con-lengueta-compacto-25in-001in\/#breadcrumb\",\"itemListElement\":[{\"@type\":\"ListItem\",\"position\":1,\"name\":\"Inicio\",\"item\":\"https:\/\/abaa.mx\/tienda\/\"},{\"@type\":\"ListItem\",\"position\":2,\"name\":\"Tienda\",\"item\":\"https:\/\/abaa.mx\/tienda\/\"},{\"@type\":\"ListItem\",\"position\":3,\"name\":\"Mitutoyo 1410a-10 indicador de cuadrante con leng\u00fceta, compacto, .25in, .001in\"}]},{\"@type\":\"WebSite\",\"@id\":\"https:\/\/abaa.mx\/tienda\/#website\",\"url\":\"https:\/\/abaa.mx\/tienda\/\",\"name\":\"Abaa tienda online\",\"description\":\"Instrumentos de medici\u00f3n\",\"publisher\":{\"@id\":\"https:\/\/abaa.mx\/tienda\/#organization\"},\"potentialAction\":[{\"@type\":\"SearchAction\",\"target\":{\"@type\":\"EntryPoint\",\"urlTemplate\":\"https:\/\/abaa.mx\/tienda\/?s={search_term_string}\"},\"query-input\":{\"@type\":\"PropertyValueSpecification\",\"valueRequired\":true,\"valueName\":\"search_term_string\"}}],\"inLanguage\":\"es\"},{\"@type\":\"Organization\",\"@id\":\"https:\/\/abaa.mx\/tienda\/#organization\",\"name\":\"Abaa tienda online\",\"url\":\"https:\/\/abaa.mx\/tienda\/\",\"logo\":{\"@type\":\"ImageObject\",\"inLanguage\":\"es\",\"@id\":\"https:\/\/abaa.mx\/tienda\/#\/schema\/logo\/image\/\",\"url\":\"https:\/\/abaa.mx\/tienda\/wp-content\/uploads\/2024\/01\/abaa-metrologia-tienda.png\",\"contentUrl\":\"https:\/\/abaa.mx\/tienda\/wp-content\/uploads\/2024\/01\/abaa-metrologia-tienda.png\",\"width\":300,\"height\":141,\"caption\":\"Abaa tienda online\"},\"image\":{\"@id\":\"https:\/\/abaa.mx\/tienda\/#\/schema\/logo\/image\/\"}}]}<\/script>\n<!-- \/ Yoast SEO plugin. -->","yoast_head_json":{"title":"Mitutoyo 1410a-10 indicador de cuadrante con leng\u00fceta, compacto, .25in, .001in - Abaa tienda online","robots":{"index":"index","follow":"follow","max-snippet":"max-snippet:-1","max-image-preview":"max-image-preview:large","max-video-preview":"max-video-preview:-1"},"canonical":"https:\/\/abaa.mx\/tienda\/mitutoyo-1410a-10-indicador-de-cuadrante-con-lengueta-compacto-25in-001in\/","og_locale":"es_MX","og_type":"article","og_title":"Mitutoyo 1410a-10 indicador de cuadrante con leng\u00fceta, compacto, .25in, .001in - Abaa tienda online","og_description":"Los indicadores de car\u00e1tula de la serie 1 de Mitutoyo ofrecen precisi\u00f3n y durabilidad para aplicaciones de taller que exigen mediciones de alta precisi\u00f3n donde el espacio es limitado. El husillo est\u00e1 hecho de acero inoxidable endurecido para mayor durabilidad, mientras que el engranaje de cremallera est\u00e1 rectificado a m\u00e1quina para un ajuste m\u00e1s ajustado y una mayor precisi\u00f3n.","og_url":"https:\/\/abaa.mx\/tienda\/mitutoyo-1410a-10-indicador-de-cuadrante-con-lengueta-compacto-25in-001in\/","og_site_name":"Abaa tienda online","article_modified_time":"2023-10-13T16:07:35+00:00","og_image":[{"width":270,"height":461,"url":"https:\/\/abaa.mx\/tienda\/wp-content\/uploads\/2023\/10\/1410A-10.jpg","type":"image\/jpeg"}],"twitter_card":"summary_large_image","twitter_misc":{"Tiempo de lectura":"1 minuto"},"schema":{"@context":"https:\/\/schema.org","@graph":[{"@type":"WebPage","@id":"https:\/\/abaa.mx\/tienda\/mitutoyo-1410a-10-indicador-de-cuadrante-con-lengueta-compacto-25in-001in\/","url":"https:\/\/abaa.mx\/tienda\/mitutoyo-1410a-10-indicador-de-cuadrante-con-lengueta-compacto-25in-001in\/","name":"Mitutoyo 1410a-10 indicador de cuadrante con leng\u00fceta, compacto, .25in, .001in - Abaa tienda online","isPartOf":{"@id":"https:\/\/abaa.mx\/tienda\/#website"},"primaryImageOfPage":{"@id":"https:\/\/abaa.mx\/tienda\/mitutoyo-1410a-10-indicador-de-cuadrante-con-lengueta-compacto-25in-001in\/#primaryimage"},"image":{"@id":"https:\/\/abaa.mx\/tienda\/mitutoyo-1410a-10-indicador-de-cuadrante-con-lengueta-compacto-25in-001in\/#primaryimage"},"thumbnailUrl":"https:\/\/abaa.mx\/tienda\/wp-content\/uploads\/2023\/10\/1410A-10.jpg","datePublished":"2023-10-13T16:07:34+00:00","dateModified":"2023-10-13T16:07:35+00:00","breadcrumb":{"@id":"https:\/\/abaa.mx\/tienda\/mitutoyo-1410a-10-indicador-de-cuadrante-con-lengueta-compacto-25in-001in\/#breadcrumb"},"inLanguage":"es","potentialAction":[{"@type":"ReadAction","target":["https:\/\/abaa.mx\/tienda\/mitutoyo-1410a-10-indicador-de-cuadrante-con-lengueta-compacto-25in-001in\/"]}]},{"@type":"ImageObject","inLanguage":"es","@id":"https:\/\/abaa.mx\/tienda\/mitutoyo-1410a-10-indicador-de-cuadrante-con-lengueta-compacto-25in-001in\/#primaryimage","url":"https:\/\/abaa.mx\/tienda\/wp-content\/uploads\/2023\/10\/1410A-10.jpg","contentUrl":"https:\/\/abaa.mx\/tienda\/wp-content\/uploads\/2023\/10\/1410A-10.jpg","width":270,"height":461,"caption":"mitutoyo-1410a-10-indicador-de-cuadrante-con-lengueta-compacto-25in-001in"},{"@type":"BreadcrumbList","@id":"https:\/\/abaa.mx\/tienda\/mitutoyo-1410a-10-indicador-de-cuadrante-con-lengueta-compacto-25in-001in\/#breadcrumb","itemListElement":[{"@type":"ListItem","position":1,"name":"Inicio","item":"https:\/\/abaa.mx\/tienda\/"},{"@type":"ListItem","position":2,"name":"Tienda","item":"https:\/\/abaa.mx\/tienda\/"},{"@type":"ListItem","position":3,"name":"Mitutoyo 1410a-10 indicador de cuadrante con leng\u00fceta, compacto, .25in, .001in"}]},{"@type":"WebSite","@id":"https:\/\/abaa.mx\/tienda\/#website","url":"https:\/\/abaa.mx\/tienda\/","name":"Abaa tienda online","description":"Instrumentos de medici\u00f3n","publisher":{"@id":"https:\/\/abaa.mx\/tienda\/#organization"},"potentialAction":[{"@type":"SearchAction","target":{"@type":"EntryPoint","urlTemplate":"https:\/\/abaa.mx\/tienda\/?s={search_term_string}"},"query-input":{"@type":"PropertyValueSpecification","valueRequired":true,"valueName":"search_term_string"}}],"inLanguage":"es"},{"@type":"Organization","@id":"https:\/\/abaa.mx\/tienda\/#organization","name":"Abaa tienda online","url":"https:\/\/abaa.mx\/tienda\/","logo":{"@type":"ImageObject","inLanguage":"es","@id":"https:\/\/abaa.mx\/tienda\/#\/schema\/logo\/image\/","url":"https:\/\/abaa.mx\/tienda\/wp-content\/uploads\/2024\/01\/abaa-metrologia-tienda.png","contentUrl":"https:\/\/abaa.mx\/tienda\/wp-content\/uploads\/2024\/01\/abaa-metrologia-tienda.png","width":300,"height":141,"caption":"Abaa tienda online"},"image":{"@id":"https:\/\/abaa.mx\/tienda\/#\/schema\/logo\/image\/"}}]}},"_links":{"self":[{"href":"https:\/\/abaa.mx\/tienda\/wp-json\/wp\/v2\/product\/5958","targetHints":{"allow":["GET"]}}],"collection":[{"href":"https:\/\/abaa.mx\/tienda\/wp-json\/wp\/v2\/product"}],"about":[{"href":"https:\/\/abaa.mx\/tienda\/wp-json\/wp\/v2\/types\/product"}],"replies":[{"embeddable":true,"href":"https:\/\/abaa.mx\/tienda\/wp-json\/wp\/v2\/comments?post=5958"}],"wp:featuredmedia":[{"embeddable":true,"href":"https:\/\/abaa.mx\/tienda\/wp-json\/wp\/v2\/media\/5964"}],"wp:attachment":[{"href":"https:\/\/abaa.mx\/tienda\/wp-json\/wp\/v2\/media?parent=5958"}],"wp:term":[{"taxonomy":"product_brand","embeddable":true,"href":"https:\/\/abaa.mx\/tienda\/wp-json\/wp\/v2\/product_brand?post=5958"},{"taxonomy":"product_cat","embeddable":true,"href":"https:\/\/abaa.mx\/tienda\/wp-json\/wp\/v2\/product_cat?post=5958"},{"taxonomy":"product_tag","embeddable":true,"href":"https:\/\/abaa.mx\/tienda\/wp-json\/wp\/v2\/product_tag?post=5958"}],"curies":[{"name":"wp","href":"https:\/\/api.w.org\/{rel}","templated":true}]}}