{"id":5885,"date":"2023-10-12T17:40:34","date_gmt":"2023-10-12T17:40:34","guid":{"rendered":"https:\/\/abaa.mx\/tienda\/?post_type=product&#038;p=5885"},"modified":"2023-11-27T19:20:54","modified_gmt":"2023-11-27T19:20:54","slug":"mitutoyo-513-409-10e-indicador-de-prueba-de-cuadrante-juego-estandar-basico-00076-02mm","status":"publish","type":"product","link":"https:\/\/abaa.mx\/tienda\/mitutoyo-513-409-10e-indicador-de-prueba-de-cuadrante-juego-estandar-basico-00076-02mm\/","title":{"rendered":"mitutoyo 513-409-10e indicador de prueba de cuadrante, juego est\u00e1ndar b\u00e1sico, 0,0076&#8243;-0,2mm"},"content":{"rendered":"<p><strong>Funciones<\/strong><\/p>\n<ul>\n<li>El uso de fuentes universales, el cambio del color de la esfera y la revisi\u00f3n de la relaci\u00f3n entre el puntero y las marcas de escala han mejorado dr\u00e1sticamente la visibilidad<\/li>\n<li>La cara de cristal plana sin reflejos permite una f\u00e1cil lectura de las graduaciones<\/li>\n<li>La junta t\u00f3rica del bisel tiene el efecto de proporcionar una rotaci\u00f3n suave y evita que el polvo y el aceite penetren en la esfera<\/li>\n<li>La uni\u00f3n del bisel y el cristal no deja ning\u00fan espacio para que el fluido de corte o el aceite penetren a trav\u00e9s de la esfera<\/li>\n<li>Una brida evita que el bisel se retire involuntariamente debido a la aplicaci\u00f3n de una fuerza al bisel durante la manipulaci\u00f3n<\/li>\n<li>Tipo horizontal (el modelo est\u00e1ndar): la esfera est\u00e1 en la parte superior del marco<\/li>\n<li>Los recubrimientos duros, antiincrustantes y antideslumbrantes en el cristal inhiben los ara\u00f1azos, la contaminaci\u00f3n y el deslumbramiento en la superficie<\/li>\n<li>El m\u00e9todo convencional de montaje del tornillo del cojinete de pivote del l\u00e1piz \u00f3ptico en el marco es propenso a permitir que se afloje con el uso prolongado. En todos los modelos se ha incorporado una estructura de subplaca \u00fanica para alojar este tornillo y elimina este problema<\/li>\n<li>La capacidad del indicador para rastrear peque\u00f1os cambios en la cilindrada se deteriora debido a cambios m\u00ednimos en la holgura entre los engranajes con un uso prolongado<\/li>\n<li>Dado que la longitud de la aguja instalada afecta al factor de escala del indicador, la longitud que proporciona un factor de escala de unidad se marca en la esfera para ayudar al cliente a pedir la aguja de repuesto correcta<\/li>\n<li>Se suministra como accesorio est\u00e1ndar un v\u00e1stago liso de \u00f88 mm (\u00f80,315&#8243;) (21CAB104) para los modelos m\u00e9tricos o un v\u00e1stago liso de \u00f89,52 mm (\u00f83\/8&#8243;) (21CAB105) para los modelos en pulgadas que se acopla a cualquier cola de milano en el marco<\/li>\n<li>Certificado adjunto<\/li>\n<\/ul>\n<h4>Mitutoyo 513-409-10E Especificaciones<\/h4>\n<table class=\"table table-striped\">\n<tbody>\n<tr>\n<td>Gama<\/td>\n<td>M\u00e9trico\/pulgada: 0,2 mm\/0,0076&#8243;<\/td>\n<\/tr>\n<tr>\n<td>Graduaci\u00f3n<\/td>\n<td>M\u00e9trico \/ pulgada: 0.002 mm \/ 0.0001 &#8220;<\/td>\n<\/tr>\n<tr>\n<td>Lectura de dial<\/td>\n<td>M\u00e9trico\/pulgada: 0-10-0\/0-38-0<\/td>\n<\/tr>\n<tr>\n<td>Rango de medici\u00f3n<\/td>\n<td>4\u03bcm<\/td>\n<\/tr>\n<tr>\n<td>10 divisiones de escala<\/td>\n<td>2\u03bcm<\/td>\n<\/tr>\n<tr>\n<td>Hist\u00e9resis<\/td>\n<td>3\u03bcm<\/td>\n<\/tr>\n<tr>\n<td>Repetibilidad<\/td>\n<td>1 \u03bcm<\/td>\n<\/tr>\n<tr>\n<td>Masa<\/td>\n<td>65%<\/td>\n<\/tr>\n<tr>\n<td>Fuerza de medici\u00f3n<\/td>\n<td>0,3 N o menos<\/td>\n<\/tr>\n<tr>\n<td>Punto de contacto de carburo (antiim\u00e1n)<\/td>\n<td>S\u00ed<\/td>\n<\/tr>\n<tr>\n<td>Punto de contacto de rub\u00ed (sin im\u00e1n)<\/td>\n<td>S\u00ed<\/td>\n<\/tr>\n<\/tbody>\n<\/table>\n","protected":false},"excerpt":{"rendered":"<p class=\"short-description mhide ipad-view-setting\">Este indicador de prueba de cuadrante combinado presenta una graduaci\u00f3n de 0,0001&#8243;\/0,002 mm.<\/p>\n<div class=\"row-fluid\">\n<div class=\"span12 mobile-pricing-box-padding\">\n<form id=\"94935\" accept-charset=\"utf-8\" action=\"https:\/\/www.globaltestsupply.com\/shop\/add\" method=\"post\" name=\"addTocartFunction\">\n<div><\/div>\n<\/form>\n<\/div>\n<\/div>\n","protected":false},"featured_media":5904,"comment_status":"open","ping_status":"closed","template":"","meta":{"_joinchat":[]},"product_brand":[],"product_cat":[15],"product_tag":[],"class_list":{"0":"post-5885","1":"product","2":"type-product","3":"status-publish","4":"has-post-thumbnail","6":"product_cat-sin-categorizar","8":"first","9":"instock","10":"shipping-taxable","11":"product-type-simple"},"yoast_head":"<!-- This site is optimized with the Yoast SEO plugin v26.4 - https:\/\/yoast.com\/wordpress\/plugins\/seo\/ -->\n<title>mitutoyo 513-409-10e indicador de prueba de cuadrante, juego est\u00e1ndar b\u00e1sico, 0,0076&quot;-0,2mm - Abaa tienda online<\/title>\n<meta name=\"robots\" content=\"index, follow, max-snippet:-1, max-image-preview:large, max-video-preview:-1\" \/>\n<link rel=\"canonical\" href=\"https:\/\/abaa.mx\/tienda\/mitutoyo-513-409-10e-indicador-de-prueba-de-cuadrante-juego-estandar-basico-00076-02mm\/\" \/>\n<meta property=\"og:locale\" content=\"es_MX\" \/>\n<meta property=\"og:type\" content=\"article\" \/>\n<meta property=\"og:title\" content=\"mitutoyo 513-409-10e indicador de prueba de cuadrante, juego est\u00e1ndar b\u00e1sico, 0,0076&quot;-0,2mm - Abaa tienda online\" \/>\n<meta property=\"og:description\" content=\"Este indicador de prueba de cuadrante combinado presenta una graduaci\u00f3n de 0,0001&quot;\/0,002 mm.\" \/>\n<meta property=\"og:url\" content=\"https:\/\/abaa.mx\/tienda\/mitutoyo-513-409-10e-indicador-de-prueba-de-cuadrante-juego-estandar-basico-00076-02mm\/\" \/>\n<meta property=\"og:site_name\" content=\"Abaa tienda online\" \/>\n<meta property=\"article:modified_time\" content=\"2023-11-27T19:20:54+00:00\" \/>\n<meta property=\"og:image\" content=\"https:\/\/abaa.mx\/tienda\/wp-content\/uploads\/2023\/10\/513-409-10E.jpg\" \/>\n\t<meta property=\"og:image:width\" content=\"500\" \/>\n\t<meta property=\"og:image:height\" content=\"499\" \/>\n\t<meta property=\"og:image:type\" content=\"image\/jpeg\" \/>\n<meta name=\"twitter:card\" content=\"summary_large_image\" \/>\n<meta name=\"twitter:label1\" content=\"Tiempo de lectura\" \/>\n\t<meta name=\"twitter:data1\" content=\"2 minutos\" \/>\n<script type=\"application\/ld+json\" class=\"yoast-schema-graph\">{\"@context\":\"https:\/\/schema.org\",\"@graph\":[{\"@type\":\"WebPage\",\"@id\":\"https:\/\/abaa.mx\/tienda\/mitutoyo-513-409-10e-indicador-de-prueba-de-cuadrante-juego-estandar-basico-00076-02mm\/\",\"url\":\"https:\/\/abaa.mx\/tienda\/mitutoyo-513-409-10e-indicador-de-prueba-de-cuadrante-juego-estandar-basico-00076-02mm\/\",\"name\":\"mitutoyo 513-409-10e indicador de prueba de cuadrante, juego est\u00e1ndar b\u00e1sico, 0,0076\\\"-0,2mm - Abaa tienda online\",\"isPartOf\":{\"@id\":\"https:\/\/abaa.mx\/tienda\/#website\"},\"primaryImageOfPage\":{\"@id\":\"https:\/\/abaa.mx\/tienda\/mitutoyo-513-409-10e-indicador-de-prueba-de-cuadrante-juego-estandar-basico-00076-02mm\/#primaryimage\"},\"image\":{\"@id\":\"https:\/\/abaa.mx\/tienda\/mitutoyo-513-409-10e-indicador-de-prueba-de-cuadrante-juego-estandar-basico-00076-02mm\/#primaryimage\"},\"thumbnailUrl\":\"https:\/\/abaa.mx\/tienda\/wp-content\/uploads\/2023\/10\/513-409-10E.jpg\",\"datePublished\":\"2023-10-12T17:40:34+00:00\",\"dateModified\":\"2023-11-27T19:20:54+00:00\",\"breadcrumb\":{\"@id\":\"https:\/\/abaa.mx\/tienda\/mitutoyo-513-409-10e-indicador-de-prueba-de-cuadrante-juego-estandar-basico-00076-02mm\/#breadcrumb\"},\"inLanguage\":\"es\",\"potentialAction\":[{\"@type\":\"ReadAction\",\"target\":[\"https:\/\/abaa.mx\/tienda\/mitutoyo-513-409-10e-indicador-de-prueba-de-cuadrante-juego-estandar-basico-00076-02mm\/\"]}]},{\"@type\":\"ImageObject\",\"inLanguage\":\"es\",\"@id\":\"https:\/\/abaa.mx\/tienda\/mitutoyo-513-409-10e-indicador-de-prueba-de-cuadrante-juego-estandar-basico-00076-02mm\/#primaryimage\",\"url\":\"https:\/\/abaa.mx\/tienda\/wp-content\/uploads\/2023\/10\/513-409-10E.jpg\",\"contentUrl\":\"https:\/\/abaa.mx\/tienda\/wp-content\/uploads\/2023\/10\/513-409-10E.jpg\",\"width\":500,\"height\":499,\"caption\":\"513-409-10E\"},{\"@type\":\"BreadcrumbList\",\"@id\":\"https:\/\/abaa.mx\/tienda\/mitutoyo-513-409-10e-indicador-de-prueba-de-cuadrante-juego-estandar-basico-00076-02mm\/#breadcrumb\",\"itemListElement\":[{\"@type\":\"ListItem\",\"position\":1,\"name\":\"Inicio\",\"item\":\"https:\/\/abaa.mx\/tienda\/\"},{\"@type\":\"ListItem\",\"position\":2,\"name\":\"Tienda\",\"item\":\"https:\/\/abaa.mx\/tienda\/\"},{\"@type\":\"ListItem\",\"position\":3,\"name\":\"mitutoyo 513-409-10e indicador de prueba de cuadrante, juego est\u00e1ndar b\u00e1sico, 0,0076&#8243;-0,2mm\"}]},{\"@type\":\"WebSite\",\"@id\":\"https:\/\/abaa.mx\/tienda\/#website\",\"url\":\"https:\/\/abaa.mx\/tienda\/\",\"name\":\"Abaa tienda online\",\"description\":\"Instrumentos de medici\u00f3n\",\"publisher\":{\"@id\":\"https:\/\/abaa.mx\/tienda\/#organization\"},\"potentialAction\":[{\"@type\":\"SearchAction\",\"target\":{\"@type\":\"EntryPoint\",\"urlTemplate\":\"https:\/\/abaa.mx\/tienda\/?s={search_term_string}\"},\"query-input\":{\"@type\":\"PropertyValueSpecification\",\"valueRequired\":true,\"valueName\":\"search_term_string\"}}],\"inLanguage\":\"es\"},{\"@type\":\"Organization\",\"@id\":\"https:\/\/abaa.mx\/tienda\/#organization\",\"name\":\"Abaa tienda online\",\"url\":\"https:\/\/abaa.mx\/tienda\/\",\"logo\":{\"@type\":\"ImageObject\",\"inLanguage\":\"es\",\"@id\":\"https:\/\/abaa.mx\/tienda\/#\/schema\/logo\/image\/\",\"url\":\"https:\/\/abaa.mx\/tienda\/wp-content\/uploads\/2024\/01\/abaa-metrologia-tienda.png\",\"contentUrl\":\"https:\/\/abaa.mx\/tienda\/wp-content\/uploads\/2024\/01\/abaa-metrologia-tienda.png\",\"width\":300,\"height\":141,\"caption\":\"Abaa tienda online\"},\"image\":{\"@id\":\"https:\/\/abaa.mx\/tienda\/#\/schema\/logo\/image\/\"}}]}<\/script>\n<!-- \/ Yoast SEO plugin. -->","yoast_head_json":{"title":"mitutoyo 513-409-10e indicador de prueba de cuadrante, juego est\u00e1ndar b\u00e1sico, 0,0076\"-0,2mm - Abaa tienda online","robots":{"index":"index","follow":"follow","max-snippet":"max-snippet:-1","max-image-preview":"max-image-preview:large","max-video-preview":"max-video-preview:-1"},"canonical":"https:\/\/abaa.mx\/tienda\/mitutoyo-513-409-10e-indicador-de-prueba-de-cuadrante-juego-estandar-basico-00076-02mm\/","og_locale":"es_MX","og_type":"article","og_title":"mitutoyo 513-409-10e indicador de prueba de cuadrante, juego est\u00e1ndar b\u00e1sico, 0,0076\"-0,2mm - Abaa tienda online","og_description":"Este indicador de prueba de cuadrante combinado presenta una graduaci\u00f3n de 0,0001\"\/0,002 mm.","og_url":"https:\/\/abaa.mx\/tienda\/mitutoyo-513-409-10e-indicador-de-prueba-de-cuadrante-juego-estandar-basico-00076-02mm\/","og_site_name":"Abaa tienda online","article_modified_time":"2023-11-27T19:20:54+00:00","og_image":[{"width":500,"height":499,"url":"https:\/\/abaa.mx\/tienda\/wp-content\/uploads\/2023\/10\/513-409-10E.jpg","type":"image\/jpeg"}],"twitter_card":"summary_large_image","twitter_misc":{"Tiempo de lectura":"2 minutos"},"schema":{"@context":"https:\/\/schema.org","@graph":[{"@type":"WebPage","@id":"https:\/\/abaa.mx\/tienda\/mitutoyo-513-409-10e-indicador-de-prueba-de-cuadrante-juego-estandar-basico-00076-02mm\/","url":"https:\/\/abaa.mx\/tienda\/mitutoyo-513-409-10e-indicador-de-prueba-de-cuadrante-juego-estandar-basico-00076-02mm\/","name":"mitutoyo 513-409-10e indicador de prueba de cuadrante, juego est\u00e1ndar b\u00e1sico, 0,0076\"-0,2mm - Abaa tienda online","isPartOf":{"@id":"https:\/\/abaa.mx\/tienda\/#website"},"primaryImageOfPage":{"@id":"https:\/\/abaa.mx\/tienda\/mitutoyo-513-409-10e-indicador-de-prueba-de-cuadrante-juego-estandar-basico-00076-02mm\/#primaryimage"},"image":{"@id":"https:\/\/abaa.mx\/tienda\/mitutoyo-513-409-10e-indicador-de-prueba-de-cuadrante-juego-estandar-basico-00076-02mm\/#primaryimage"},"thumbnailUrl":"https:\/\/abaa.mx\/tienda\/wp-content\/uploads\/2023\/10\/513-409-10E.jpg","datePublished":"2023-10-12T17:40:34+00:00","dateModified":"2023-11-27T19:20:54+00:00","breadcrumb":{"@id":"https:\/\/abaa.mx\/tienda\/mitutoyo-513-409-10e-indicador-de-prueba-de-cuadrante-juego-estandar-basico-00076-02mm\/#breadcrumb"},"inLanguage":"es","potentialAction":[{"@type":"ReadAction","target":["https:\/\/abaa.mx\/tienda\/mitutoyo-513-409-10e-indicador-de-prueba-de-cuadrante-juego-estandar-basico-00076-02mm\/"]}]},{"@type":"ImageObject","inLanguage":"es","@id":"https:\/\/abaa.mx\/tienda\/mitutoyo-513-409-10e-indicador-de-prueba-de-cuadrante-juego-estandar-basico-00076-02mm\/#primaryimage","url":"https:\/\/abaa.mx\/tienda\/wp-content\/uploads\/2023\/10\/513-409-10E.jpg","contentUrl":"https:\/\/abaa.mx\/tienda\/wp-content\/uploads\/2023\/10\/513-409-10E.jpg","width":500,"height":499,"caption":"513-409-10E"},{"@type":"BreadcrumbList","@id":"https:\/\/abaa.mx\/tienda\/mitutoyo-513-409-10e-indicador-de-prueba-de-cuadrante-juego-estandar-basico-00076-02mm\/#breadcrumb","itemListElement":[{"@type":"ListItem","position":1,"name":"Inicio","item":"https:\/\/abaa.mx\/tienda\/"},{"@type":"ListItem","position":2,"name":"Tienda","item":"https:\/\/abaa.mx\/tienda\/"},{"@type":"ListItem","position":3,"name":"mitutoyo 513-409-10e indicador de prueba de cuadrante, juego est\u00e1ndar b\u00e1sico, 0,0076&#8243;-0,2mm"}]},{"@type":"WebSite","@id":"https:\/\/abaa.mx\/tienda\/#website","url":"https:\/\/abaa.mx\/tienda\/","name":"Abaa tienda online","description":"Instrumentos de medici\u00f3n","publisher":{"@id":"https:\/\/abaa.mx\/tienda\/#organization"},"potentialAction":[{"@type":"SearchAction","target":{"@type":"EntryPoint","urlTemplate":"https:\/\/abaa.mx\/tienda\/?s={search_term_string}"},"query-input":{"@type":"PropertyValueSpecification","valueRequired":true,"valueName":"search_term_string"}}],"inLanguage":"es"},{"@type":"Organization","@id":"https:\/\/abaa.mx\/tienda\/#organization","name":"Abaa tienda online","url":"https:\/\/abaa.mx\/tienda\/","logo":{"@type":"ImageObject","inLanguage":"es","@id":"https:\/\/abaa.mx\/tienda\/#\/schema\/logo\/image\/","url":"https:\/\/abaa.mx\/tienda\/wp-content\/uploads\/2024\/01\/abaa-metrologia-tienda.png","contentUrl":"https:\/\/abaa.mx\/tienda\/wp-content\/uploads\/2024\/01\/abaa-metrologia-tienda.png","width":300,"height":141,"caption":"Abaa tienda online"},"image":{"@id":"https:\/\/abaa.mx\/tienda\/#\/schema\/logo\/image\/"}}]}},"_links":{"self":[{"href":"https:\/\/abaa.mx\/tienda\/wp-json\/wp\/v2\/product\/5885","targetHints":{"allow":["GET"]}}],"collection":[{"href":"https:\/\/abaa.mx\/tienda\/wp-json\/wp\/v2\/product"}],"about":[{"href":"https:\/\/abaa.mx\/tienda\/wp-json\/wp\/v2\/types\/product"}],"replies":[{"embeddable":true,"href":"https:\/\/abaa.mx\/tienda\/wp-json\/wp\/v2\/comments?post=5885"}],"wp:featuredmedia":[{"embeddable":true,"href":"https:\/\/abaa.mx\/tienda\/wp-json\/wp\/v2\/media\/5904"}],"wp:attachment":[{"href":"https:\/\/abaa.mx\/tienda\/wp-json\/wp\/v2\/media?parent=5885"}],"wp:term":[{"taxonomy":"product_brand","embeddable":true,"href":"https:\/\/abaa.mx\/tienda\/wp-json\/wp\/v2\/product_brand?post=5885"},{"taxonomy":"product_cat","embeddable":true,"href":"https:\/\/abaa.mx\/tienda\/wp-json\/wp\/v2\/product_cat?post=5885"},{"taxonomy":"product_tag","embeddable":true,"href":"https:\/\/abaa.mx\/tienda\/wp-json\/wp\/v2\/product_tag?post=5885"}],"curies":[{"name":"wp","href":"https:\/\/api.w.org\/{rel}","templated":true}]}}