{"id":5842,"date":"2023-10-12T16:50:05","date_gmt":"2023-10-12T16:50:05","guid":{"rendered":"https:\/\/abaa.mx\/tienda\/?post_type=product&#038;p=5842"},"modified":"2023-10-12T16:50:06","modified_gmt":"2023-10-12T16:50:06","slug":"mitutoyo-513-304-10e-serie-513-juego-de-indicadores-de-prueba-de-cuadrante-universal-basico-08-mm-graduacion-de-001-mm","status":"publish","type":"product","link":"https:\/\/abaa.mx\/tienda\/mitutoyo-513-304-10e-serie-513-juego-de-indicadores-de-prueba-de-cuadrante-universal-basico-08-mm-graduacion-de-001-mm\/","title":{"rendered":"mitutoyo 513-304-10e serie 513 juego de indicadores de prueba de cuadrante universal b\u00e1sico, 0,8 mm, graduaci\u00f3n de 0,01 mm"},"content":{"rendered":"<p>&nbsp;<\/p>\n<p>Simplifique la toma de lecturas con el juego de indicadores de prueba de cuadrante universal b\u00e1sico de la serie 513 Mitutoyo 513G. Adem\u00e1s de tener un punto de medici\u00f3n ajustable, el dise\u00f1o universal le permite ajustar la direcci\u00f3n de medici\u00f3n hasta 360\u00b0 sin mover el indicador para facilitar la visualizaci\u00f3n desde casi cualquier \u00e1ngulo. Con su cara audaz y brillante y sus marcas claras, este indicador de cuadrante produce mediciones en graduaciones de 0,01 mm para un seguimiento preciso.<\/p>\n<p><strong>Funciones<\/strong><\/p>\n<ul>\n<li>La esfera es f\u00e1cil de ver de un vistazo<\/li>\n<li>Ajusta 360\u00b0 sin mover el indicador<\/li>\n<li>La direcci\u00f3n del punto de medici\u00f3n es ajustable<\/li>\n<\/ul>\n<h4>Mitutoyo 513-304-10E Especificaciones<\/h4>\n<p>&nbsp;<\/p>\n<table class=\"table table-striped\">\n<tbody>\n<tr>\n<td>Unidad(es) de medida admitida(s)<\/td>\n<td>mil\u00edmetro<\/td>\n<\/tr>\n<tr>\n<td>Rango de medici\u00f3n<\/td>\n<td>0,8 mil\u00edmetros<\/td>\n<\/tr>\n<tr>\n<td>Exactitud<\/td>\n<td>8 \u03bcm<\/td>\n<\/tr>\n<tr>\n<td>Lectura de dial<\/td>\n<td>De 0 a 40 a 0<\/td>\n<\/tr>\n<tr>\n<td>Medidas de graduaci\u00f3n<\/td>\n<td>Mil\u00edmetros<\/td>\n<\/tr>\n<tr>\n<td>Fuerza de medici\u00f3n<\/td>\n<td>0,3 N o menos<\/td>\n<\/tr>\n<\/tbody>\n<\/table>\n","protected":false},"excerpt":{"rendered":"<p class=\"short-description mhide ipad-view-setting\">El indicador de prueba universal tiene un dial f\u00e1cil de leer y un dise\u00f1o totalmente ajustable. Las lecturas se miden en incrementos de 0,01 mm.<\/p>\n<p class=\"comment-tag-product\">\n<div class=\"row-fluid\">\n<div class=\"span12 mobile-pricing-box-padding\">\n<form id=\"139907\" accept-charset=\"utf-8\" action=\"https:\/\/www.globaltestsupply.com\/shop\/add\" method=\"post\" name=\"addTocartFunction\">\n<div><\/div>\n<\/form>\n<\/div>\n<\/div>\n","protected":false},"featured_media":5848,"comment_status":"open","ping_status":"closed","template":"","meta":{"_joinchat":[]},"product_brand":[],"product_cat":[15],"product_tag":[],"class_list":{"0":"post-5842","1":"product","2":"type-product","3":"status-publish","4":"has-post-thumbnail","6":"product_cat-sin-categorizar","8":"first","9":"instock","10":"shipping-taxable","11":"product-type-simple"},"yoast_head":"<!-- This site is optimized with the Yoast SEO plugin v26.4 - https:\/\/yoast.com\/wordpress\/plugins\/seo\/ -->\n<title>mitutoyo 513-304-10e serie 513 juego de indicadores de prueba de cuadrante universal b\u00e1sico, 0,8 mm, graduaci\u00f3n de 0,01 mm - Abaa tienda online<\/title>\n<meta name=\"robots\" content=\"index, follow, max-snippet:-1, max-image-preview:large, max-video-preview:-1\" \/>\n<link rel=\"canonical\" href=\"https:\/\/abaa.mx\/tienda\/mitutoyo-513-304-10e-serie-513-juego-de-indicadores-de-prueba-de-cuadrante-universal-basico-08-mm-graduacion-de-001-mm\/\" \/>\n<meta property=\"og:locale\" content=\"es_MX\" \/>\n<meta property=\"og:type\" content=\"article\" \/>\n<meta property=\"og:title\" content=\"mitutoyo 513-304-10e serie 513 juego de indicadores de prueba de cuadrante universal b\u00e1sico, 0,8 mm, graduaci\u00f3n de 0,01 mm - Abaa tienda online\" \/>\n<meta property=\"og:description\" content=\"El indicador de prueba universal tiene un dial f\u00e1cil de leer y un dise\u00f1o totalmente ajustable. Las lecturas se miden en incrementos de 0,01 mm.\" \/>\n<meta property=\"og:url\" content=\"https:\/\/abaa.mx\/tienda\/mitutoyo-513-304-10e-serie-513-juego-de-indicadores-de-prueba-de-cuadrante-universal-basico-08-mm-graduacion-de-001-mm\/\" \/>\n<meta property=\"og:site_name\" content=\"Abaa tienda online\" \/>\n<meta property=\"article:modified_time\" content=\"2023-10-12T16:50:06+00:00\" \/>\n<meta property=\"og:image\" content=\"https:\/\/abaa.mx\/tienda\/wp-content\/uploads\/2023\/10\/513-304-10E.jpg\" \/>\n\t<meta property=\"og:image:width\" content=\"2560\" \/>\n\t<meta property=\"og:image:height\" content=\"2560\" \/>\n\t<meta property=\"og:image:type\" content=\"image\/jpeg\" \/>\n<meta name=\"twitter:card\" content=\"summary_large_image\" \/>\n<meta name=\"twitter:label1\" content=\"Tiempo de lectura\" \/>\n\t<meta name=\"twitter:data1\" content=\"1 minuto\" \/>\n<script type=\"application\/ld+json\" class=\"yoast-schema-graph\">{\"@context\":\"https:\/\/schema.org\",\"@graph\":[{\"@type\":\"WebPage\",\"@id\":\"https:\/\/abaa.mx\/tienda\/mitutoyo-513-304-10e-serie-513-juego-de-indicadores-de-prueba-de-cuadrante-universal-basico-08-mm-graduacion-de-001-mm\/\",\"url\":\"https:\/\/abaa.mx\/tienda\/mitutoyo-513-304-10e-serie-513-juego-de-indicadores-de-prueba-de-cuadrante-universal-basico-08-mm-graduacion-de-001-mm\/\",\"name\":\"mitutoyo 513-304-10e serie 513 juego de indicadores de prueba de cuadrante universal b\u00e1sico, 0,8 mm, graduaci\u00f3n de 0,01 mm - Abaa tienda online\",\"isPartOf\":{\"@id\":\"https:\/\/abaa.mx\/tienda\/#website\"},\"primaryImageOfPage\":{\"@id\":\"https:\/\/abaa.mx\/tienda\/mitutoyo-513-304-10e-serie-513-juego-de-indicadores-de-prueba-de-cuadrante-universal-basico-08-mm-graduacion-de-001-mm\/#primaryimage\"},\"image\":{\"@id\":\"https:\/\/abaa.mx\/tienda\/mitutoyo-513-304-10e-serie-513-juego-de-indicadores-de-prueba-de-cuadrante-universal-basico-08-mm-graduacion-de-001-mm\/#primaryimage\"},\"thumbnailUrl\":\"https:\/\/abaa.mx\/tienda\/wp-content\/uploads\/2023\/10\/513-304-10E.jpg\",\"datePublished\":\"2023-10-12T16:50:05+00:00\",\"dateModified\":\"2023-10-12T16:50:06+00:00\",\"breadcrumb\":{\"@id\":\"https:\/\/abaa.mx\/tienda\/mitutoyo-513-304-10e-serie-513-juego-de-indicadores-de-prueba-de-cuadrante-universal-basico-08-mm-graduacion-de-001-mm\/#breadcrumb\"},\"inLanguage\":\"es\",\"potentialAction\":[{\"@type\":\"ReadAction\",\"target\":[\"https:\/\/abaa.mx\/tienda\/mitutoyo-513-304-10e-serie-513-juego-de-indicadores-de-prueba-de-cuadrante-universal-basico-08-mm-graduacion-de-001-mm\/\"]}]},{\"@type\":\"ImageObject\",\"inLanguage\":\"es\",\"@id\":\"https:\/\/abaa.mx\/tienda\/mitutoyo-513-304-10e-serie-513-juego-de-indicadores-de-prueba-de-cuadrante-universal-basico-08-mm-graduacion-de-001-mm\/#primaryimage\",\"url\":\"https:\/\/abaa.mx\/tienda\/wp-content\/uploads\/2023\/10\/513-304-10E.jpg\",\"contentUrl\":\"https:\/\/abaa.mx\/tienda\/wp-content\/uploads\/2023\/10\/513-304-10E.jpg\",\"width\":2560,\"height\":2560,\"caption\":\"513-304-10E\"},{\"@type\":\"BreadcrumbList\",\"@id\":\"https:\/\/abaa.mx\/tienda\/mitutoyo-513-304-10e-serie-513-juego-de-indicadores-de-prueba-de-cuadrante-universal-basico-08-mm-graduacion-de-001-mm\/#breadcrumb\",\"itemListElement\":[{\"@type\":\"ListItem\",\"position\":1,\"name\":\"Inicio\",\"item\":\"https:\/\/abaa.mx\/tienda\/\"},{\"@type\":\"ListItem\",\"position\":2,\"name\":\"Tienda\",\"item\":\"https:\/\/abaa.mx\/tienda\/\"},{\"@type\":\"ListItem\",\"position\":3,\"name\":\"mitutoyo 513-304-10e serie 513 juego de indicadores de prueba de cuadrante universal b\u00e1sico, 0,8 mm, graduaci\u00f3n de 0,01 mm\"}]},{\"@type\":\"WebSite\",\"@id\":\"https:\/\/abaa.mx\/tienda\/#website\",\"url\":\"https:\/\/abaa.mx\/tienda\/\",\"name\":\"Abaa tienda online\",\"description\":\"Instrumentos de medici\u00f3n\",\"publisher\":{\"@id\":\"https:\/\/abaa.mx\/tienda\/#organization\"},\"potentialAction\":[{\"@type\":\"SearchAction\",\"target\":{\"@type\":\"EntryPoint\",\"urlTemplate\":\"https:\/\/abaa.mx\/tienda\/?s={search_term_string}\"},\"query-input\":{\"@type\":\"PropertyValueSpecification\",\"valueRequired\":true,\"valueName\":\"search_term_string\"}}],\"inLanguage\":\"es\"},{\"@type\":\"Organization\",\"@id\":\"https:\/\/abaa.mx\/tienda\/#organization\",\"name\":\"Abaa tienda online\",\"url\":\"https:\/\/abaa.mx\/tienda\/\",\"logo\":{\"@type\":\"ImageObject\",\"inLanguage\":\"es\",\"@id\":\"https:\/\/abaa.mx\/tienda\/#\/schema\/logo\/image\/\",\"url\":\"https:\/\/abaa.mx\/tienda\/wp-content\/uploads\/2024\/01\/abaa-metrologia-tienda.png\",\"contentUrl\":\"https:\/\/abaa.mx\/tienda\/wp-content\/uploads\/2024\/01\/abaa-metrologia-tienda.png\",\"width\":300,\"height\":141,\"caption\":\"Abaa tienda online\"},\"image\":{\"@id\":\"https:\/\/abaa.mx\/tienda\/#\/schema\/logo\/image\/\"}}]}<\/script>\n<!-- \/ Yoast SEO plugin. -->","yoast_head_json":{"title":"mitutoyo 513-304-10e serie 513 juego de indicadores de prueba de cuadrante universal b\u00e1sico, 0,8 mm, graduaci\u00f3n de 0,01 mm - Abaa tienda online","robots":{"index":"index","follow":"follow","max-snippet":"max-snippet:-1","max-image-preview":"max-image-preview:large","max-video-preview":"max-video-preview:-1"},"canonical":"https:\/\/abaa.mx\/tienda\/mitutoyo-513-304-10e-serie-513-juego-de-indicadores-de-prueba-de-cuadrante-universal-basico-08-mm-graduacion-de-001-mm\/","og_locale":"es_MX","og_type":"article","og_title":"mitutoyo 513-304-10e serie 513 juego de indicadores de prueba de cuadrante universal b\u00e1sico, 0,8 mm, graduaci\u00f3n de 0,01 mm - Abaa tienda online","og_description":"El indicador de prueba universal tiene un dial f\u00e1cil de leer y un dise\u00f1o totalmente ajustable. Las lecturas se miden en incrementos de 0,01 mm.","og_url":"https:\/\/abaa.mx\/tienda\/mitutoyo-513-304-10e-serie-513-juego-de-indicadores-de-prueba-de-cuadrante-universal-basico-08-mm-graduacion-de-001-mm\/","og_site_name":"Abaa tienda online","article_modified_time":"2023-10-12T16:50:06+00:00","og_image":[{"width":2560,"height":2560,"url":"https:\/\/abaa.mx\/tienda\/wp-content\/uploads\/2023\/10\/513-304-10E.jpg","type":"image\/jpeg"}],"twitter_card":"summary_large_image","twitter_misc":{"Tiempo de lectura":"1 minuto"},"schema":{"@context":"https:\/\/schema.org","@graph":[{"@type":"WebPage","@id":"https:\/\/abaa.mx\/tienda\/mitutoyo-513-304-10e-serie-513-juego-de-indicadores-de-prueba-de-cuadrante-universal-basico-08-mm-graduacion-de-001-mm\/","url":"https:\/\/abaa.mx\/tienda\/mitutoyo-513-304-10e-serie-513-juego-de-indicadores-de-prueba-de-cuadrante-universal-basico-08-mm-graduacion-de-001-mm\/","name":"mitutoyo 513-304-10e serie 513 juego de indicadores de prueba de cuadrante universal b\u00e1sico, 0,8 mm, graduaci\u00f3n de 0,01 mm - Abaa tienda online","isPartOf":{"@id":"https:\/\/abaa.mx\/tienda\/#website"},"primaryImageOfPage":{"@id":"https:\/\/abaa.mx\/tienda\/mitutoyo-513-304-10e-serie-513-juego-de-indicadores-de-prueba-de-cuadrante-universal-basico-08-mm-graduacion-de-001-mm\/#primaryimage"},"image":{"@id":"https:\/\/abaa.mx\/tienda\/mitutoyo-513-304-10e-serie-513-juego-de-indicadores-de-prueba-de-cuadrante-universal-basico-08-mm-graduacion-de-001-mm\/#primaryimage"},"thumbnailUrl":"https:\/\/abaa.mx\/tienda\/wp-content\/uploads\/2023\/10\/513-304-10E.jpg","datePublished":"2023-10-12T16:50:05+00:00","dateModified":"2023-10-12T16:50:06+00:00","breadcrumb":{"@id":"https:\/\/abaa.mx\/tienda\/mitutoyo-513-304-10e-serie-513-juego-de-indicadores-de-prueba-de-cuadrante-universal-basico-08-mm-graduacion-de-001-mm\/#breadcrumb"},"inLanguage":"es","potentialAction":[{"@type":"ReadAction","target":["https:\/\/abaa.mx\/tienda\/mitutoyo-513-304-10e-serie-513-juego-de-indicadores-de-prueba-de-cuadrante-universal-basico-08-mm-graduacion-de-001-mm\/"]}]},{"@type":"ImageObject","inLanguage":"es","@id":"https:\/\/abaa.mx\/tienda\/mitutoyo-513-304-10e-serie-513-juego-de-indicadores-de-prueba-de-cuadrante-universal-basico-08-mm-graduacion-de-001-mm\/#primaryimage","url":"https:\/\/abaa.mx\/tienda\/wp-content\/uploads\/2023\/10\/513-304-10E.jpg","contentUrl":"https:\/\/abaa.mx\/tienda\/wp-content\/uploads\/2023\/10\/513-304-10E.jpg","width":2560,"height":2560,"caption":"513-304-10E"},{"@type":"BreadcrumbList","@id":"https:\/\/abaa.mx\/tienda\/mitutoyo-513-304-10e-serie-513-juego-de-indicadores-de-prueba-de-cuadrante-universal-basico-08-mm-graduacion-de-001-mm\/#breadcrumb","itemListElement":[{"@type":"ListItem","position":1,"name":"Inicio","item":"https:\/\/abaa.mx\/tienda\/"},{"@type":"ListItem","position":2,"name":"Tienda","item":"https:\/\/abaa.mx\/tienda\/"},{"@type":"ListItem","position":3,"name":"mitutoyo 513-304-10e serie 513 juego de indicadores de prueba de cuadrante universal b\u00e1sico, 0,8 mm, graduaci\u00f3n de 0,01 mm"}]},{"@type":"WebSite","@id":"https:\/\/abaa.mx\/tienda\/#website","url":"https:\/\/abaa.mx\/tienda\/","name":"Abaa tienda online","description":"Instrumentos de medici\u00f3n","publisher":{"@id":"https:\/\/abaa.mx\/tienda\/#organization"},"potentialAction":[{"@type":"SearchAction","target":{"@type":"EntryPoint","urlTemplate":"https:\/\/abaa.mx\/tienda\/?s={search_term_string}"},"query-input":{"@type":"PropertyValueSpecification","valueRequired":true,"valueName":"search_term_string"}}],"inLanguage":"es"},{"@type":"Organization","@id":"https:\/\/abaa.mx\/tienda\/#organization","name":"Abaa tienda online","url":"https:\/\/abaa.mx\/tienda\/","logo":{"@type":"ImageObject","inLanguage":"es","@id":"https:\/\/abaa.mx\/tienda\/#\/schema\/logo\/image\/","url":"https:\/\/abaa.mx\/tienda\/wp-content\/uploads\/2024\/01\/abaa-metrologia-tienda.png","contentUrl":"https:\/\/abaa.mx\/tienda\/wp-content\/uploads\/2024\/01\/abaa-metrologia-tienda.png","width":300,"height":141,"caption":"Abaa tienda online"},"image":{"@id":"https:\/\/abaa.mx\/tienda\/#\/schema\/logo\/image\/"}}]}},"_links":{"self":[{"href":"https:\/\/abaa.mx\/tienda\/wp-json\/wp\/v2\/product\/5842","targetHints":{"allow":["GET"]}}],"collection":[{"href":"https:\/\/abaa.mx\/tienda\/wp-json\/wp\/v2\/product"}],"about":[{"href":"https:\/\/abaa.mx\/tienda\/wp-json\/wp\/v2\/types\/product"}],"replies":[{"embeddable":true,"href":"https:\/\/abaa.mx\/tienda\/wp-json\/wp\/v2\/comments?post=5842"}],"wp:featuredmedia":[{"embeddable":true,"href":"https:\/\/abaa.mx\/tienda\/wp-json\/wp\/v2\/media\/5848"}],"wp:attachment":[{"href":"https:\/\/abaa.mx\/tienda\/wp-json\/wp\/v2\/media?parent=5842"}],"wp:term":[{"taxonomy":"product_brand","embeddable":true,"href":"https:\/\/abaa.mx\/tienda\/wp-json\/wp\/v2\/product_brand?post=5842"},{"taxonomy":"product_cat","embeddable":true,"href":"https:\/\/abaa.mx\/tienda\/wp-json\/wp\/v2\/product_cat?post=5842"},{"taxonomy":"product_tag","embeddable":true,"href":"https:\/\/abaa.mx\/tienda\/wp-json\/wp\/v2\/product_tag?post=5842"}],"curies":[{"name":"wp","href":"https:\/\/api.w.org\/{rel}","templated":true}]}}