{"id":5834,"date":"2023-10-12T16:48:40","date_gmt":"2023-10-12T16:48:40","guid":{"rendered":"https:\/\/abaa.mx\/tienda\/?post_type=product&#038;p=5834"},"modified":"2023-10-12T16:48:41","modified_gmt":"2023-10-12T16:48:41","slug":"mitutoyo-513-302-10e-serie-513-indicador-de-prueba-de-cuadrante-de-tipo-universal-0-03-0-0005","status":"publish","type":"product","link":"https:\/\/abaa.mx\/tienda\/mitutoyo-513-302-10e-serie-513-indicador-de-prueba-de-cuadrante-de-tipo-universal-0-03-0-0005\/","title":{"rendered":"mitutoyo 513-302-10e serie 513 indicador de prueba de cuadrante de tipo universal, 0.03&#8243;, 0.0005&#8243;"},"content":{"rendered":"<p><strong>Funciones<\/strong><\/p>\n<ul>\n<li>Durabilidad, sensibilidad y visibilidad dr\u00e1sticamente mejoradas<\/li>\n<li>La cara de cristal plana sin reflejos permite una f\u00e1cil lectura de las graduaciones<\/li>\n<li>El sello de la junta t\u00f3rica en el bisel tiene el efecto de proporcionar una rotaci\u00f3n suave y evita que el polvo y el aceite penetren a trav\u00e9s de la esfera<\/li>\n<li>La longitud del l\u00e1piz \u00f3ptico est\u00e1 en la esfera<\/li>\n<li>Recubrimientos multicapa en el cristal<\/li>\n<\/ul>\n<p><strong>Aplicaciones<\/strong><\/p>\n<ul>\n<li>Aeroespacial<\/li>\n<li>Automotor<\/li>\n<li>Defensa<\/li>\n<li>Electr\u00f3nica<\/li>\n<li>Energ\u00eda<\/li>\n<li>Fabricaci\u00f3n general<\/li>\n<li>Pl\u00e1sticos y caucho<\/li>\n<\/ul>\n<h4>Mitutoyo 513-302-10E Especificaciones<\/h4>\n<table class=\"table table-striped\">\n<tbody>\n<tr>\n<td>Gama<\/td>\n<td>0.03&#8243;<\/td>\n<\/tr>\n<tr>\n<td>Graduaci\u00f3n<\/td>\n<td>0.0005&#8243;<\/td>\n<\/tr>\n<tr>\n<td>H MPE (hist\u00e9resis)<\/td>\n<td>0.0003&#8243;<\/td>\n<\/tr>\n<tr>\n<td>R MPE (Repetibilidad)<\/td>\n<td>\u00b10.0003&#8243;<\/td>\n<\/tr>\n<tr>\n<td>Error de indicaci\u00f3n Una revoluci\u00f3n<\/td>\n<td>\u00b10.0005&#8243;<\/td>\n<\/tr>\n<tr>\n<td>Punto de contacto<\/td>\n<td>Rosca M 1,4 x 0,3<\/td>\n<\/tr>\n<tr>\n<td>Unidades<\/td>\n<td>Pulgada<\/td>\n<\/tr>\n<tr>\n<td>Dimensiones<\/td>\n<td>2,87 x 1,05 x \u00d81,57&#8243; (73 x 26,6 x \u00d840 mm)<\/td>\n<\/tr>\n<tr>\n<td>Peso<\/td>\n<td>71 g (2,5 onzas)<\/td>\n<\/tr>\n<\/tbody>\n<\/table>\n","protected":false},"excerpt":{"rendered":"<p class=\"short-description mhide ipad-view-setting\">Proporciona una mayor durabilidad, sensibilidad y visibilidad, este indicador de prueba de cuadrante cuenta con un rango de 0.03&#8243; y una graduaci\u00f3n de 0.0005&#8243;. Adem\u00e1s, la cara de cristal antirreflejos permite lecturas de graduaci\u00f3n f\u00e1ciles, y el sello de junta t\u00f3rica en el bisel ofrece una rotaci\u00f3n suave y evita que el polvo \/ aceite penetre a trav\u00e9s de la esfera de la esfera.<\/p>\n<p class=\"comment-tag-product\">\n<div class=\"row-fluid\">\n<div class=\"span12 mobile-pricing-box-padding\">\n<form id=\"518189034\" accept-charset=\"utf-8\" action=\"https:\/\/www.globaltestsupply.com\/shop\/add\" method=\"post\" name=\"addTocartFunction\">\n<div><\/div>\n<\/form>\n<\/div>\n<\/div>\n","protected":false},"featured_media":5846,"comment_status":"open","ping_status":"closed","template":"","meta":{"_joinchat":[]},"product_brand":[],"product_cat":[15],"product_tag":[],"class_list":{"0":"post-5834","1":"product","2":"type-product","3":"status-publish","4":"has-post-thumbnail","6":"product_cat-sin-categorizar","8":"first","9":"instock","10":"shipping-taxable","11":"product-type-simple"},"yoast_head":"<!-- This site is optimized with the Yoast SEO plugin v26.4 - https:\/\/yoast.com\/wordpress\/plugins\/seo\/ -->\n<title>mitutoyo 513-302-10e serie 513 indicador de prueba de cuadrante de tipo universal, 0.03&quot;, 0.0005&quot; - Abaa tienda online<\/title>\n<meta name=\"robots\" content=\"index, follow, max-snippet:-1, max-image-preview:large, max-video-preview:-1\" \/>\n<link rel=\"canonical\" href=\"https:\/\/abaa.mx\/tienda\/mitutoyo-513-302-10e-serie-513-indicador-de-prueba-de-cuadrante-de-tipo-universal-0-03-0-0005\/\" \/>\n<meta property=\"og:locale\" content=\"es_MX\" \/>\n<meta property=\"og:type\" content=\"article\" \/>\n<meta property=\"og:title\" content=\"mitutoyo 513-302-10e serie 513 indicador de prueba de cuadrante de tipo universal, 0.03&quot;, 0.0005&quot; - Abaa tienda online\" \/>\n<meta property=\"og:description\" content=\"Proporciona una mayor durabilidad, sensibilidad y visibilidad, este indicador de prueba de cuadrante cuenta con un rango de 0.03&quot; y una graduaci\u00f3n de 0.0005&quot;. Adem\u00e1s, la cara de cristal antirreflejos permite lecturas de graduaci\u00f3n f\u00e1ciles, y el sello de junta t\u00f3rica en el bisel ofrece una rotaci\u00f3n suave y evita que el polvo \/ aceite penetre a trav\u00e9s de la esfera de la esfera.\" \/>\n<meta property=\"og:url\" content=\"https:\/\/abaa.mx\/tienda\/mitutoyo-513-302-10e-serie-513-indicador-de-prueba-de-cuadrante-de-tipo-universal-0-03-0-0005\/\" \/>\n<meta property=\"og:site_name\" content=\"Abaa tienda online\" \/>\n<meta property=\"article:modified_time\" content=\"2023-10-12T16:48:41+00:00\" \/>\n<meta property=\"og:image\" content=\"https:\/\/abaa.mx\/tienda\/wp-content\/uploads\/2023\/10\/513-302-10E.jpg\" \/>\n\t<meta property=\"og:image:width\" content=\"270\" \/>\n\t<meta property=\"og:image:height\" content=\"414\" \/>\n\t<meta property=\"og:image:type\" content=\"image\/jpeg\" \/>\n<meta name=\"twitter:card\" content=\"summary_large_image\" \/>\n<meta name=\"twitter:label1\" content=\"Tiempo de lectura\" \/>\n\t<meta name=\"twitter:data1\" content=\"1 minuto\" \/>\n<script type=\"application\/ld+json\" class=\"yoast-schema-graph\">{\"@context\":\"https:\/\/schema.org\",\"@graph\":[{\"@type\":\"WebPage\",\"@id\":\"https:\/\/abaa.mx\/tienda\/mitutoyo-513-302-10e-serie-513-indicador-de-prueba-de-cuadrante-de-tipo-universal-0-03-0-0005\/\",\"url\":\"https:\/\/abaa.mx\/tienda\/mitutoyo-513-302-10e-serie-513-indicador-de-prueba-de-cuadrante-de-tipo-universal-0-03-0-0005\/\",\"name\":\"mitutoyo 513-302-10e serie 513 indicador de prueba de cuadrante de tipo universal, 0.03\\\", 0.0005\\\" - Abaa tienda online\",\"isPartOf\":{\"@id\":\"https:\/\/abaa.mx\/tienda\/#website\"},\"primaryImageOfPage\":{\"@id\":\"https:\/\/abaa.mx\/tienda\/mitutoyo-513-302-10e-serie-513-indicador-de-prueba-de-cuadrante-de-tipo-universal-0-03-0-0005\/#primaryimage\"},\"image\":{\"@id\":\"https:\/\/abaa.mx\/tienda\/mitutoyo-513-302-10e-serie-513-indicador-de-prueba-de-cuadrante-de-tipo-universal-0-03-0-0005\/#primaryimage\"},\"thumbnailUrl\":\"https:\/\/abaa.mx\/tienda\/wp-content\/uploads\/2023\/10\/513-302-10E.jpg\",\"datePublished\":\"2023-10-12T16:48:40+00:00\",\"dateModified\":\"2023-10-12T16:48:41+00:00\",\"breadcrumb\":{\"@id\":\"https:\/\/abaa.mx\/tienda\/mitutoyo-513-302-10e-serie-513-indicador-de-prueba-de-cuadrante-de-tipo-universal-0-03-0-0005\/#breadcrumb\"},\"inLanguage\":\"es\",\"potentialAction\":[{\"@type\":\"ReadAction\",\"target\":[\"https:\/\/abaa.mx\/tienda\/mitutoyo-513-302-10e-serie-513-indicador-de-prueba-de-cuadrante-de-tipo-universal-0-03-0-0005\/\"]}]},{\"@type\":\"ImageObject\",\"inLanguage\":\"es\",\"@id\":\"https:\/\/abaa.mx\/tienda\/mitutoyo-513-302-10e-serie-513-indicador-de-prueba-de-cuadrante-de-tipo-universal-0-03-0-0005\/#primaryimage\",\"url\":\"https:\/\/abaa.mx\/tienda\/wp-content\/uploads\/2023\/10\/513-302-10E.jpg\",\"contentUrl\":\"https:\/\/abaa.mx\/tienda\/wp-content\/uploads\/2023\/10\/513-302-10E.jpg\",\"width\":270,\"height\":414,\"caption\":\"513-302-10E\"},{\"@type\":\"BreadcrumbList\",\"@id\":\"https:\/\/abaa.mx\/tienda\/mitutoyo-513-302-10e-serie-513-indicador-de-prueba-de-cuadrante-de-tipo-universal-0-03-0-0005\/#breadcrumb\",\"itemListElement\":[{\"@type\":\"ListItem\",\"position\":1,\"name\":\"Inicio\",\"item\":\"https:\/\/abaa.mx\/tienda\/\"},{\"@type\":\"ListItem\",\"position\":2,\"name\":\"Tienda\",\"item\":\"https:\/\/abaa.mx\/tienda\/\"},{\"@type\":\"ListItem\",\"position\":3,\"name\":\"mitutoyo 513-302-10e serie 513 indicador de prueba de cuadrante de tipo universal, 0.03&#8243;, 0.0005&#8243;\"}]},{\"@type\":\"WebSite\",\"@id\":\"https:\/\/abaa.mx\/tienda\/#website\",\"url\":\"https:\/\/abaa.mx\/tienda\/\",\"name\":\"Abaa tienda online\",\"description\":\"Instrumentos de medici\u00f3n\",\"publisher\":{\"@id\":\"https:\/\/abaa.mx\/tienda\/#organization\"},\"potentialAction\":[{\"@type\":\"SearchAction\",\"target\":{\"@type\":\"EntryPoint\",\"urlTemplate\":\"https:\/\/abaa.mx\/tienda\/?s={search_term_string}\"},\"query-input\":{\"@type\":\"PropertyValueSpecification\",\"valueRequired\":true,\"valueName\":\"search_term_string\"}}],\"inLanguage\":\"es\"},{\"@type\":\"Organization\",\"@id\":\"https:\/\/abaa.mx\/tienda\/#organization\",\"name\":\"Abaa tienda online\",\"url\":\"https:\/\/abaa.mx\/tienda\/\",\"logo\":{\"@type\":\"ImageObject\",\"inLanguage\":\"es\",\"@id\":\"https:\/\/abaa.mx\/tienda\/#\/schema\/logo\/image\/\",\"url\":\"https:\/\/abaa.mx\/tienda\/wp-content\/uploads\/2024\/01\/abaa-metrologia-tienda.png\",\"contentUrl\":\"https:\/\/abaa.mx\/tienda\/wp-content\/uploads\/2024\/01\/abaa-metrologia-tienda.png\",\"width\":300,\"height\":141,\"caption\":\"Abaa tienda online\"},\"image\":{\"@id\":\"https:\/\/abaa.mx\/tienda\/#\/schema\/logo\/image\/\"}}]}<\/script>\n<!-- \/ Yoast SEO plugin. -->","yoast_head_json":{"title":"mitutoyo 513-302-10e serie 513 indicador de prueba de cuadrante de tipo universal, 0.03\", 0.0005\" - Abaa tienda online","robots":{"index":"index","follow":"follow","max-snippet":"max-snippet:-1","max-image-preview":"max-image-preview:large","max-video-preview":"max-video-preview:-1"},"canonical":"https:\/\/abaa.mx\/tienda\/mitutoyo-513-302-10e-serie-513-indicador-de-prueba-de-cuadrante-de-tipo-universal-0-03-0-0005\/","og_locale":"es_MX","og_type":"article","og_title":"mitutoyo 513-302-10e serie 513 indicador de prueba de cuadrante de tipo universal, 0.03\", 0.0005\" - Abaa tienda online","og_description":"Proporciona una mayor durabilidad, sensibilidad y visibilidad, este indicador de prueba de cuadrante cuenta con un rango de 0.03\" y una graduaci\u00f3n de 0.0005\". Adem\u00e1s, la cara de cristal antirreflejos permite lecturas de graduaci\u00f3n f\u00e1ciles, y el sello de junta t\u00f3rica en el bisel ofrece una rotaci\u00f3n suave y evita que el polvo \/ aceite penetre a trav\u00e9s de la esfera de la esfera.","og_url":"https:\/\/abaa.mx\/tienda\/mitutoyo-513-302-10e-serie-513-indicador-de-prueba-de-cuadrante-de-tipo-universal-0-03-0-0005\/","og_site_name":"Abaa tienda online","article_modified_time":"2023-10-12T16:48:41+00:00","og_image":[{"width":270,"height":414,"url":"https:\/\/abaa.mx\/tienda\/wp-content\/uploads\/2023\/10\/513-302-10E.jpg","type":"image\/jpeg"}],"twitter_card":"summary_large_image","twitter_misc":{"Tiempo de lectura":"1 minuto"},"schema":{"@context":"https:\/\/schema.org","@graph":[{"@type":"WebPage","@id":"https:\/\/abaa.mx\/tienda\/mitutoyo-513-302-10e-serie-513-indicador-de-prueba-de-cuadrante-de-tipo-universal-0-03-0-0005\/","url":"https:\/\/abaa.mx\/tienda\/mitutoyo-513-302-10e-serie-513-indicador-de-prueba-de-cuadrante-de-tipo-universal-0-03-0-0005\/","name":"mitutoyo 513-302-10e serie 513 indicador de prueba de cuadrante de tipo universal, 0.03\", 0.0005\" - Abaa tienda online","isPartOf":{"@id":"https:\/\/abaa.mx\/tienda\/#website"},"primaryImageOfPage":{"@id":"https:\/\/abaa.mx\/tienda\/mitutoyo-513-302-10e-serie-513-indicador-de-prueba-de-cuadrante-de-tipo-universal-0-03-0-0005\/#primaryimage"},"image":{"@id":"https:\/\/abaa.mx\/tienda\/mitutoyo-513-302-10e-serie-513-indicador-de-prueba-de-cuadrante-de-tipo-universal-0-03-0-0005\/#primaryimage"},"thumbnailUrl":"https:\/\/abaa.mx\/tienda\/wp-content\/uploads\/2023\/10\/513-302-10E.jpg","datePublished":"2023-10-12T16:48:40+00:00","dateModified":"2023-10-12T16:48:41+00:00","breadcrumb":{"@id":"https:\/\/abaa.mx\/tienda\/mitutoyo-513-302-10e-serie-513-indicador-de-prueba-de-cuadrante-de-tipo-universal-0-03-0-0005\/#breadcrumb"},"inLanguage":"es","potentialAction":[{"@type":"ReadAction","target":["https:\/\/abaa.mx\/tienda\/mitutoyo-513-302-10e-serie-513-indicador-de-prueba-de-cuadrante-de-tipo-universal-0-03-0-0005\/"]}]},{"@type":"ImageObject","inLanguage":"es","@id":"https:\/\/abaa.mx\/tienda\/mitutoyo-513-302-10e-serie-513-indicador-de-prueba-de-cuadrante-de-tipo-universal-0-03-0-0005\/#primaryimage","url":"https:\/\/abaa.mx\/tienda\/wp-content\/uploads\/2023\/10\/513-302-10E.jpg","contentUrl":"https:\/\/abaa.mx\/tienda\/wp-content\/uploads\/2023\/10\/513-302-10E.jpg","width":270,"height":414,"caption":"513-302-10E"},{"@type":"BreadcrumbList","@id":"https:\/\/abaa.mx\/tienda\/mitutoyo-513-302-10e-serie-513-indicador-de-prueba-de-cuadrante-de-tipo-universal-0-03-0-0005\/#breadcrumb","itemListElement":[{"@type":"ListItem","position":1,"name":"Inicio","item":"https:\/\/abaa.mx\/tienda\/"},{"@type":"ListItem","position":2,"name":"Tienda","item":"https:\/\/abaa.mx\/tienda\/"},{"@type":"ListItem","position":3,"name":"mitutoyo 513-302-10e serie 513 indicador de prueba de cuadrante de tipo universal, 0.03&#8243;, 0.0005&#8243;"}]},{"@type":"WebSite","@id":"https:\/\/abaa.mx\/tienda\/#website","url":"https:\/\/abaa.mx\/tienda\/","name":"Abaa tienda online","description":"Instrumentos de medici\u00f3n","publisher":{"@id":"https:\/\/abaa.mx\/tienda\/#organization"},"potentialAction":[{"@type":"SearchAction","target":{"@type":"EntryPoint","urlTemplate":"https:\/\/abaa.mx\/tienda\/?s={search_term_string}"},"query-input":{"@type":"PropertyValueSpecification","valueRequired":true,"valueName":"search_term_string"}}],"inLanguage":"es"},{"@type":"Organization","@id":"https:\/\/abaa.mx\/tienda\/#organization","name":"Abaa tienda online","url":"https:\/\/abaa.mx\/tienda\/","logo":{"@type":"ImageObject","inLanguage":"es","@id":"https:\/\/abaa.mx\/tienda\/#\/schema\/logo\/image\/","url":"https:\/\/abaa.mx\/tienda\/wp-content\/uploads\/2024\/01\/abaa-metrologia-tienda.png","contentUrl":"https:\/\/abaa.mx\/tienda\/wp-content\/uploads\/2024\/01\/abaa-metrologia-tienda.png","width":300,"height":141,"caption":"Abaa tienda online"},"image":{"@id":"https:\/\/abaa.mx\/tienda\/#\/schema\/logo\/image\/"}}]}},"_links":{"self":[{"href":"https:\/\/abaa.mx\/tienda\/wp-json\/wp\/v2\/product\/5834","targetHints":{"allow":["GET"]}}],"collection":[{"href":"https:\/\/abaa.mx\/tienda\/wp-json\/wp\/v2\/product"}],"about":[{"href":"https:\/\/abaa.mx\/tienda\/wp-json\/wp\/v2\/types\/product"}],"replies":[{"embeddable":true,"href":"https:\/\/abaa.mx\/tienda\/wp-json\/wp\/v2\/comments?post=5834"}],"wp:featuredmedia":[{"embeddable":true,"href":"https:\/\/abaa.mx\/tienda\/wp-json\/wp\/v2\/media\/5846"}],"wp:attachment":[{"href":"https:\/\/abaa.mx\/tienda\/wp-json\/wp\/v2\/media?parent=5834"}],"wp:term":[{"taxonomy":"product_brand","embeddable":true,"href":"https:\/\/abaa.mx\/tienda\/wp-json\/wp\/v2\/product_brand?post=5834"},{"taxonomy":"product_cat","embeddable":true,"href":"https:\/\/abaa.mx\/tienda\/wp-json\/wp\/v2\/product_cat?post=5834"},{"taxonomy":"product_tag","embeddable":true,"href":"https:\/\/abaa.mx\/tienda\/wp-json\/wp\/v2\/product_tag?post=5834"}],"curies":[{"name":"wp","href":"https:\/\/api.w.org\/{rel}","templated":true}]}}