{"id":5810,"date":"2023-10-12T16:40:50","date_gmt":"2023-10-12T16:40:50","guid":{"rendered":"https:\/\/abaa.mx\/tienda\/?post_type=product&#038;p=5810"},"modified":"2023-10-12T16:40:51","modified_gmt":"2023-10-12T16:40:51","slug":"mitutoyo-510-132-serie-510-micrometro-indicador-mecanico-1-a-2","status":"publish","type":"product","link":"https:\/\/abaa.mx\/tienda\/mitutoyo-510-132-serie-510-micrometro-indicador-mecanico-1-a-2\/","title":{"rendered":"mitutoyo 510-132 serie 510 micr\u00f3metro indicador mec\u00e1nico, 1 a 2&#8243;"},"content":{"rendered":"<p>&nbsp;<\/p>\n<p>Utilice el micr\u00f3metro indicador mec\u00e1nico Mitutoyo 510-132 Serie 510 cuando necesite mediciones fiables de 3 hilos de di\u00e1metro de paso o medidas de paralelismo. Con caras de medici\u00f3n con punta de carburo y m\u00e1s, esta herramienta cuenta con un alto nivel de precisi\u00f3n. Estuche de pl\u00e1stico incluido. Yunque retr\u00e1ctil.<\/p>\n<p><strong>Funciones<\/strong><\/p>\n<ul>\n<li>Yunque retr\u00e1ctil e indicador para mediciones de 3 hilos del di\u00e1metro de paso de los tornillos de precisi\u00f3n<\/li>\n<li>Produce valores de paralelismo precisos<\/li>\n<li>Carcasa con clasificaci\u00f3n IP54 y carcasa de pl\u00e1stico ajustada para protecci\u00f3n<\/li>\n<li>El dial es claro con un rango de indicaci\u00f3n de 0 a 0.0023&#8243;<\/li>\n<li>Compatible con determinados accesorios de Mitutoyo, como los topes para piezas de trabajo (se venden por separado)<\/li>\n<li>Error de avance del husillo: 0,00012&#8243; (3 \u03bcm)<\/li>\n<li>Dispersi\u00f3n de la indicaci\u00f3n: 0,00002&#8243; (0,4 \u03bcm)<\/li>\n<li>Lectura del dial: 0.00005&#8243;<\/li>\n<li>Cuenta con una planitud de 0,000012&#8243; (0,3 \u03bcm) y un paralelismo de 0,000024&#8243; (0,6 \u03bcm)<\/li>\n<li>Fuerza de medici\u00f3n: 5 a 10 N (500 a 1.000 gf)<\/li>\n<li>Graduaci\u00f3n: 0.0001&#8243;<\/li>\n<li>Las caras de medici\u00f3n tienen punta de carburo<\/li>\n<li>Incluye una barra est\u00e1ndar<\/li>\n<\/ul>\n<h4>Mitutoyo 510-132 Especificaciones<\/h4>\n<p>&nbsp;<\/p>\n<table class=\"table table-striped\">\n<tbody>\n<tr>\n<td>Unidad(es) de medida admitida(s)<\/td>\n<td>Imperial<\/td>\n<\/tr>\n<tr>\n<td>Rango de medici\u00f3n<\/td>\n<td>De 1 a 2&#8243;<\/td>\n<\/tr>\n<tr>\n<td>Exactitud<\/td>\n<td>Indicaci\u00f3n de cuadrante de 0,00004&#8243;<\/td>\n<\/tr>\n<tr>\n<td>Fuente de alimentaci\u00f3n<\/td>\n<td>Mec\u00e1nico<\/td>\n<\/tr>\n<tr>\n<td>Peso del producto<\/td>\n<td>670 g (23,6 onzas)<\/td>\n<\/tr>\n<\/tbody>\n<\/table>\n","protected":false},"excerpt":{"rendered":"<p class=\"short-description mhide ipad-view-setting\">Este micr\u00f3metro indicador es adecuado para su uso con tornillos de precisi\u00f3n y m\u00e1s. Viene con un estuche de pl\u00e1stico ajustado para facilitar su almacenamiento y transporte.<\/p>\n<p class=\"comment-tag-product\">\n<div class=\"row-fluid\">\n<div class=\"span12 mobile-pricing-box-padding\">\n<form id=\"140651\" accept-charset=\"utf-8\" action=\"https:\/\/www.globaltestsupply.com\/shop\/add\" method=\"post\" name=\"addTocartFunction\">\n<div><\/div>\n<\/form>\n<\/div>\n<\/div>\n","protected":false},"featured_media":5832,"comment_status":"open","ping_status":"closed","template":"","meta":{"_joinchat":[]},"product_brand":[],"product_cat":[15],"product_tag":[],"class_list":{"0":"post-5810","1":"product","2":"type-product","3":"status-publish","4":"has-post-thumbnail","6":"product_cat-sin-categorizar","8":"first","9":"instock","10":"shipping-taxable","11":"product-type-simple"},"yoast_head":"<!-- This site is optimized with the Yoast SEO plugin v26.4 - https:\/\/yoast.com\/wordpress\/plugins\/seo\/ -->\n<title>mitutoyo 510-132 serie 510 micr\u00f3metro indicador mec\u00e1nico, 1 a 2&quot; - Abaa tienda online<\/title>\n<meta name=\"robots\" content=\"index, follow, max-snippet:-1, max-image-preview:large, max-video-preview:-1\" \/>\n<link rel=\"canonical\" href=\"https:\/\/abaa.mx\/tienda\/mitutoyo-510-132-serie-510-micrometro-indicador-mecanico-1-a-2\/\" \/>\n<meta property=\"og:locale\" content=\"es_MX\" \/>\n<meta property=\"og:type\" content=\"article\" \/>\n<meta property=\"og:title\" content=\"mitutoyo 510-132 serie 510 micr\u00f3metro indicador mec\u00e1nico, 1 a 2&quot; - Abaa tienda online\" \/>\n<meta property=\"og:description\" content=\"Este micr\u00f3metro indicador es adecuado para su uso con tornillos de precisi\u00f3n y m\u00e1s. Viene con un estuche de pl\u00e1stico ajustado para facilitar su almacenamiento y transporte.\" \/>\n<meta property=\"og:url\" content=\"https:\/\/abaa.mx\/tienda\/mitutoyo-510-132-serie-510-micrometro-indicador-mecanico-1-a-2\/\" \/>\n<meta property=\"og:site_name\" content=\"Abaa tienda online\" \/>\n<meta property=\"article:modified_time\" content=\"2023-10-12T16:40:51+00:00\" \/>\n<meta property=\"og:image\" content=\"https:\/\/abaa.mx\/tienda\/wp-content\/uploads\/2023\/10\/510-132-scaled.jpg\" \/>\n\t<meta property=\"og:image:width\" content=\"2560\" \/>\n\t<meta property=\"og:image:height\" content=\"2560\" \/>\n\t<meta property=\"og:image:type\" content=\"image\/jpeg\" \/>\n<meta name=\"twitter:card\" content=\"summary_large_image\" \/>\n<meta name=\"twitter:label1\" content=\"Tiempo de lectura\" \/>\n\t<meta name=\"twitter:data1\" content=\"1 minuto\" \/>\n<script type=\"application\/ld+json\" class=\"yoast-schema-graph\">{\"@context\":\"https:\/\/schema.org\",\"@graph\":[{\"@type\":\"WebPage\",\"@id\":\"https:\/\/abaa.mx\/tienda\/mitutoyo-510-132-serie-510-micrometro-indicador-mecanico-1-a-2\/\",\"url\":\"https:\/\/abaa.mx\/tienda\/mitutoyo-510-132-serie-510-micrometro-indicador-mecanico-1-a-2\/\",\"name\":\"mitutoyo 510-132 serie 510 micr\u00f3metro indicador mec\u00e1nico, 1 a 2\\\" - Abaa tienda online\",\"isPartOf\":{\"@id\":\"https:\/\/abaa.mx\/tienda\/#website\"},\"primaryImageOfPage\":{\"@id\":\"https:\/\/abaa.mx\/tienda\/mitutoyo-510-132-serie-510-micrometro-indicador-mecanico-1-a-2\/#primaryimage\"},\"image\":{\"@id\":\"https:\/\/abaa.mx\/tienda\/mitutoyo-510-132-serie-510-micrometro-indicador-mecanico-1-a-2\/#primaryimage\"},\"thumbnailUrl\":\"https:\/\/abaa.mx\/tienda\/wp-content\/uploads\/2023\/10\/510-132-scaled.jpg\",\"datePublished\":\"2023-10-12T16:40:50+00:00\",\"dateModified\":\"2023-10-12T16:40:51+00:00\",\"breadcrumb\":{\"@id\":\"https:\/\/abaa.mx\/tienda\/mitutoyo-510-132-serie-510-micrometro-indicador-mecanico-1-a-2\/#breadcrumb\"},\"inLanguage\":\"es\",\"potentialAction\":[{\"@type\":\"ReadAction\",\"target\":[\"https:\/\/abaa.mx\/tienda\/mitutoyo-510-132-serie-510-micrometro-indicador-mecanico-1-a-2\/\"]}]},{\"@type\":\"ImageObject\",\"inLanguage\":\"es\",\"@id\":\"https:\/\/abaa.mx\/tienda\/mitutoyo-510-132-serie-510-micrometro-indicador-mecanico-1-a-2\/#primaryimage\",\"url\":\"https:\/\/abaa.mx\/tienda\/wp-content\/uploads\/2023\/10\/510-132-scaled.jpg\",\"contentUrl\":\"https:\/\/abaa.mx\/tienda\/wp-content\/uploads\/2023\/10\/510-132-scaled.jpg\",\"width\":2560,\"height\":2560,\"caption\":\"510-132\"},{\"@type\":\"BreadcrumbList\",\"@id\":\"https:\/\/abaa.mx\/tienda\/mitutoyo-510-132-serie-510-micrometro-indicador-mecanico-1-a-2\/#breadcrumb\",\"itemListElement\":[{\"@type\":\"ListItem\",\"position\":1,\"name\":\"Inicio\",\"item\":\"https:\/\/abaa.mx\/tienda\/\"},{\"@type\":\"ListItem\",\"position\":2,\"name\":\"Tienda\",\"item\":\"https:\/\/abaa.mx\/tienda\/\"},{\"@type\":\"ListItem\",\"position\":3,\"name\":\"mitutoyo 510-132 serie 510 micr\u00f3metro indicador mec\u00e1nico, 1 a 2&#8243;\"}]},{\"@type\":\"WebSite\",\"@id\":\"https:\/\/abaa.mx\/tienda\/#website\",\"url\":\"https:\/\/abaa.mx\/tienda\/\",\"name\":\"Abaa tienda online\",\"description\":\"Instrumentos de medici\u00f3n\",\"publisher\":{\"@id\":\"https:\/\/abaa.mx\/tienda\/#organization\"},\"potentialAction\":[{\"@type\":\"SearchAction\",\"target\":{\"@type\":\"EntryPoint\",\"urlTemplate\":\"https:\/\/abaa.mx\/tienda\/?s={search_term_string}\"},\"query-input\":{\"@type\":\"PropertyValueSpecification\",\"valueRequired\":true,\"valueName\":\"search_term_string\"}}],\"inLanguage\":\"es\"},{\"@type\":\"Organization\",\"@id\":\"https:\/\/abaa.mx\/tienda\/#organization\",\"name\":\"Abaa tienda online\",\"url\":\"https:\/\/abaa.mx\/tienda\/\",\"logo\":{\"@type\":\"ImageObject\",\"inLanguage\":\"es\",\"@id\":\"https:\/\/abaa.mx\/tienda\/#\/schema\/logo\/image\/\",\"url\":\"https:\/\/abaa.mx\/tienda\/wp-content\/uploads\/2024\/01\/abaa-metrologia-tienda.png\",\"contentUrl\":\"https:\/\/abaa.mx\/tienda\/wp-content\/uploads\/2024\/01\/abaa-metrologia-tienda.png\",\"width\":300,\"height\":141,\"caption\":\"Abaa tienda online\"},\"image\":{\"@id\":\"https:\/\/abaa.mx\/tienda\/#\/schema\/logo\/image\/\"}}]}<\/script>\n<!-- \/ Yoast SEO plugin. -->","yoast_head_json":{"title":"mitutoyo 510-132 serie 510 micr\u00f3metro indicador mec\u00e1nico, 1 a 2\" - Abaa tienda online","robots":{"index":"index","follow":"follow","max-snippet":"max-snippet:-1","max-image-preview":"max-image-preview:large","max-video-preview":"max-video-preview:-1"},"canonical":"https:\/\/abaa.mx\/tienda\/mitutoyo-510-132-serie-510-micrometro-indicador-mecanico-1-a-2\/","og_locale":"es_MX","og_type":"article","og_title":"mitutoyo 510-132 serie 510 micr\u00f3metro indicador mec\u00e1nico, 1 a 2\" - Abaa tienda online","og_description":"Este micr\u00f3metro indicador es adecuado para su uso con tornillos de precisi\u00f3n y m\u00e1s. Viene con un estuche de pl\u00e1stico ajustado para facilitar su almacenamiento y transporte.","og_url":"https:\/\/abaa.mx\/tienda\/mitutoyo-510-132-serie-510-micrometro-indicador-mecanico-1-a-2\/","og_site_name":"Abaa tienda online","article_modified_time":"2023-10-12T16:40:51+00:00","og_image":[{"width":2560,"height":2560,"url":"https:\/\/abaa.mx\/tienda\/wp-content\/uploads\/2023\/10\/510-132-scaled.jpg","type":"image\/jpeg"}],"twitter_card":"summary_large_image","twitter_misc":{"Tiempo de lectura":"1 minuto"},"schema":{"@context":"https:\/\/schema.org","@graph":[{"@type":"WebPage","@id":"https:\/\/abaa.mx\/tienda\/mitutoyo-510-132-serie-510-micrometro-indicador-mecanico-1-a-2\/","url":"https:\/\/abaa.mx\/tienda\/mitutoyo-510-132-serie-510-micrometro-indicador-mecanico-1-a-2\/","name":"mitutoyo 510-132 serie 510 micr\u00f3metro indicador mec\u00e1nico, 1 a 2\" - Abaa tienda online","isPartOf":{"@id":"https:\/\/abaa.mx\/tienda\/#website"},"primaryImageOfPage":{"@id":"https:\/\/abaa.mx\/tienda\/mitutoyo-510-132-serie-510-micrometro-indicador-mecanico-1-a-2\/#primaryimage"},"image":{"@id":"https:\/\/abaa.mx\/tienda\/mitutoyo-510-132-serie-510-micrometro-indicador-mecanico-1-a-2\/#primaryimage"},"thumbnailUrl":"https:\/\/abaa.mx\/tienda\/wp-content\/uploads\/2023\/10\/510-132-scaled.jpg","datePublished":"2023-10-12T16:40:50+00:00","dateModified":"2023-10-12T16:40:51+00:00","breadcrumb":{"@id":"https:\/\/abaa.mx\/tienda\/mitutoyo-510-132-serie-510-micrometro-indicador-mecanico-1-a-2\/#breadcrumb"},"inLanguage":"es","potentialAction":[{"@type":"ReadAction","target":["https:\/\/abaa.mx\/tienda\/mitutoyo-510-132-serie-510-micrometro-indicador-mecanico-1-a-2\/"]}]},{"@type":"ImageObject","inLanguage":"es","@id":"https:\/\/abaa.mx\/tienda\/mitutoyo-510-132-serie-510-micrometro-indicador-mecanico-1-a-2\/#primaryimage","url":"https:\/\/abaa.mx\/tienda\/wp-content\/uploads\/2023\/10\/510-132-scaled.jpg","contentUrl":"https:\/\/abaa.mx\/tienda\/wp-content\/uploads\/2023\/10\/510-132-scaled.jpg","width":2560,"height":2560,"caption":"510-132"},{"@type":"BreadcrumbList","@id":"https:\/\/abaa.mx\/tienda\/mitutoyo-510-132-serie-510-micrometro-indicador-mecanico-1-a-2\/#breadcrumb","itemListElement":[{"@type":"ListItem","position":1,"name":"Inicio","item":"https:\/\/abaa.mx\/tienda\/"},{"@type":"ListItem","position":2,"name":"Tienda","item":"https:\/\/abaa.mx\/tienda\/"},{"@type":"ListItem","position":3,"name":"mitutoyo 510-132 serie 510 micr\u00f3metro indicador mec\u00e1nico, 1 a 2&#8243;"}]},{"@type":"WebSite","@id":"https:\/\/abaa.mx\/tienda\/#website","url":"https:\/\/abaa.mx\/tienda\/","name":"Abaa tienda online","description":"Instrumentos de medici\u00f3n","publisher":{"@id":"https:\/\/abaa.mx\/tienda\/#organization"},"potentialAction":[{"@type":"SearchAction","target":{"@type":"EntryPoint","urlTemplate":"https:\/\/abaa.mx\/tienda\/?s={search_term_string}"},"query-input":{"@type":"PropertyValueSpecification","valueRequired":true,"valueName":"search_term_string"}}],"inLanguage":"es"},{"@type":"Organization","@id":"https:\/\/abaa.mx\/tienda\/#organization","name":"Abaa tienda online","url":"https:\/\/abaa.mx\/tienda\/","logo":{"@type":"ImageObject","inLanguage":"es","@id":"https:\/\/abaa.mx\/tienda\/#\/schema\/logo\/image\/","url":"https:\/\/abaa.mx\/tienda\/wp-content\/uploads\/2024\/01\/abaa-metrologia-tienda.png","contentUrl":"https:\/\/abaa.mx\/tienda\/wp-content\/uploads\/2024\/01\/abaa-metrologia-tienda.png","width":300,"height":141,"caption":"Abaa tienda online"},"image":{"@id":"https:\/\/abaa.mx\/tienda\/#\/schema\/logo\/image\/"}}]}},"_links":{"self":[{"href":"https:\/\/abaa.mx\/tienda\/wp-json\/wp\/v2\/product\/5810","targetHints":{"allow":["GET"]}}],"collection":[{"href":"https:\/\/abaa.mx\/tienda\/wp-json\/wp\/v2\/product"}],"about":[{"href":"https:\/\/abaa.mx\/tienda\/wp-json\/wp\/v2\/types\/product"}],"replies":[{"embeddable":true,"href":"https:\/\/abaa.mx\/tienda\/wp-json\/wp\/v2\/comments?post=5810"}],"wp:featuredmedia":[{"embeddable":true,"href":"https:\/\/abaa.mx\/tienda\/wp-json\/wp\/v2\/media\/5832"}],"wp:attachment":[{"href":"https:\/\/abaa.mx\/tienda\/wp-json\/wp\/v2\/media?parent=5810"}],"wp:term":[{"taxonomy":"product_brand","embeddable":true,"href":"https:\/\/abaa.mx\/tienda\/wp-json\/wp\/v2\/product_brand?post=5810"},{"taxonomy":"product_cat","embeddable":true,"href":"https:\/\/abaa.mx\/tienda\/wp-json\/wp\/v2\/product_cat?post=5810"},{"taxonomy":"product_tag","embeddable":true,"href":"https:\/\/abaa.mx\/tienda\/wp-json\/wp\/v2\/product_tag?post=5810"}],"curies":[{"name":"wp","href":"https:\/\/api.w.org\/{rel}","templated":true}]}}