{"id":5779,"date":"2023-10-11T22:04:01","date_gmt":"2023-10-11T22:04:01","guid":{"rendered":"https:\/\/abaa.mx\/tienda\/?post_type=product&#038;p=5779"},"modified":"2023-10-11T22:04:02","modified_gmt":"2023-10-11T22:04:02","slug":"mitutoyo-125-120-serie-125-micrometro-de-rosca-de-tornillo-rango-de-75-a-100-mm-tornillos-de-55-a-7-mm-35-a-45-tpi","status":"publish","type":"product","link":"https:\/\/abaa.mx\/tienda\/mitutoyo-125-120-serie-125-micrometro-de-rosca-de-tornillo-rango-de-75-a-100-mm-tornillos-de-55-a-7-mm-35-a-45-tpi\/","title":{"rendered":"Mitutoyo 125-120 serie 125 micr\u00f3metro de rosca de tornillo, rango de 75 a 100 mm tornillos de 5,5 a 7 mm 3,5 a 4,5 tpi"},"content":{"rendered":"<p>El micr\u00f3metro de rosca de tornillo Mitutoyo 125-120 serie 125 mide con precisi\u00f3n roscas de tornillo m\u00e9tricas o unificadas. El calibre de rosca cuenta con una barra est\u00e1ndar para permitir el ajuste del punto cero e incluye una funda de pl\u00e1stico para protecci\u00f3n.<\/p>\n<h5><strong>Funciones<\/strong><\/h5>\n<ul>\n<li>Dise\u00f1ado con un yunque en V de 60\u00b0 y un husillo c\u00f3nico para una medici\u00f3n suave y precisa<\/li>\n<li>Mide el di\u00e1metro de paso de las roscas de tornillo m\u00e9tricas o unificadas<\/li>\n<li>El tope de trinquete proporciona una fuerza constante<\/li>\n<li>La barra est\u00e1ndar permite el ajuste del punto cero para mayor precisi\u00f3n<\/li>\n<li>Dise\u00f1ado con un error de avance del husillo de 3 \u03bcm<\/li>\n<\/ul>\n<h4>Especificaciones<\/h4>\n<table class=\"table table-striped\">\n<tbody>\n<tr>\n<td>Rango de medici\u00f3n<\/td>\n<td>De 75 a 100 mm con graduaciones de 0,01 mm<\/td>\n<\/tr>\n<tr>\n<td>Unidad(es) de medida admitida(s)<\/td>\n<td>M\u00e9trico<\/td>\n<\/tr>\n<tr>\n<td>Exactitud<\/td>\n<td>\u00b1(2+R\/75) \u03bcm, R=m\u00e1x. rango (mm)<\/td>\n<\/tr>\n<tr>\n<td>Fuente de alimentaci\u00f3n<\/td>\n<td>Sin alimentaci\u00f3n<\/td>\n<\/tr>\n<\/tbody>\n<\/table>\n","protected":false},"excerpt":{"rendered":"<p class=\"short-description mhide ipad-view-setting\">El micr\u00f3metro de rosca de tornillo permite al usuario medir los di\u00e1metros de paso de las roscas de tornillo. Est\u00e1 dise\u00f1ado con un tope de trinquete para proporcionar una fuerza constante para obtener resultados precisos.<\/p>\n<p class=\"comment-tag-product\">\n<div class=\"row-fluid\">\n<div class=\"span12 mobile-pricing-box-padding\">\n<form id=\"152654\" accept-charset=\"utf-8\" action=\"https:\/\/www.globaltestsupply.com\/shop\/add\" method=\"post\" name=\"addTocartFunction\">\n<div><\/div>\n<\/form>\n<\/div>\n<\/div>\n","protected":false},"featured_media":5792,"comment_status":"open","ping_status":"closed","template":"","meta":{"_joinchat":[]},"product_brand":[],"product_cat":[15],"product_tag":[],"class_list":{"0":"post-5779","1":"product","2":"type-product","3":"status-publish","4":"has-post-thumbnail","6":"product_cat-sin-categorizar","8":"first","9":"instock","10":"shipping-taxable","11":"product-type-simple"},"yoast_head":"<!-- This site is optimized with the Yoast SEO plugin v26.4 - https:\/\/yoast.com\/wordpress\/plugins\/seo\/ -->\n<title>Mitutoyo 125-120 serie 125 micr\u00f3metro de rosca de tornillo, rango de 75 a 100 mm tornillos de 5,5 a 7 mm 3,5 a 4,5 tpi - Abaa tienda online<\/title>\n<meta name=\"robots\" content=\"index, follow, max-snippet:-1, max-image-preview:large, max-video-preview:-1\" \/>\n<link rel=\"canonical\" href=\"https:\/\/abaa.mx\/tienda\/mitutoyo-125-120-serie-125-micrometro-de-rosca-de-tornillo-rango-de-75-a-100-mm-tornillos-de-55-a-7-mm-35-a-45-tpi\/\" \/>\n<meta property=\"og:locale\" content=\"es_MX\" \/>\n<meta property=\"og:type\" content=\"article\" \/>\n<meta property=\"og:title\" content=\"Mitutoyo 125-120 serie 125 micr\u00f3metro de rosca de tornillo, rango de 75 a 100 mm tornillos de 5,5 a 7 mm 3,5 a 4,5 tpi - Abaa tienda online\" \/>\n<meta property=\"og:description\" content=\"El micr\u00f3metro de rosca de tornillo permite al usuario medir los di\u00e1metros de paso de las roscas de tornillo. Est\u00e1 dise\u00f1ado con un tope de trinquete para proporcionar una fuerza constante para obtener resultados precisos.\" \/>\n<meta property=\"og:url\" content=\"https:\/\/abaa.mx\/tienda\/mitutoyo-125-120-serie-125-micrometro-de-rosca-de-tornillo-rango-de-75-a-100-mm-tornillos-de-55-a-7-mm-35-a-45-tpi\/\" \/>\n<meta property=\"og:site_name\" content=\"Abaa tienda online\" \/>\n<meta property=\"article:modified_time\" content=\"2023-10-11T22:04:02+00:00\" \/>\n<meta property=\"og:image\" content=\"https:\/\/abaa.mx\/tienda\/wp-content\/uploads\/2023\/10\/126-125.jpg\" \/>\n\t<meta property=\"og:image:width\" content=\"595\" \/>\n\t<meta property=\"og:image:height\" content=\"420\" \/>\n\t<meta property=\"og:image:type\" content=\"image\/jpeg\" \/>\n<meta name=\"twitter:card\" content=\"summary_large_image\" \/>\n<meta name=\"twitter:label1\" content=\"Tiempo de lectura\" \/>\n\t<meta name=\"twitter:data1\" content=\"1 minuto\" \/>\n<script type=\"application\/ld+json\" class=\"yoast-schema-graph\">{\"@context\":\"https:\/\/schema.org\",\"@graph\":[{\"@type\":\"WebPage\",\"@id\":\"https:\/\/abaa.mx\/tienda\/mitutoyo-125-120-serie-125-micrometro-de-rosca-de-tornillo-rango-de-75-a-100-mm-tornillos-de-55-a-7-mm-35-a-45-tpi\/\",\"url\":\"https:\/\/abaa.mx\/tienda\/mitutoyo-125-120-serie-125-micrometro-de-rosca-de-tornillo-rango-de-75-a-100-mm-tornillos-de-55-a-7-mm-35-a-45-tpi\/\",\"name\":\"Mitutoyo 125-120 serie 125 micr\u00f3metro de rosca de tornillo, rango de 75 a 100 mm tornillos de 5,5 a 7 mm 3,5 a 4,5 tpi - Abaa tienda online\",\"isPartOf\":{\"@id\":\"https:\/\/abaa.mx\/tienda\/#website\"},\"primaryImageOfPage\":{\"@id\":\"https:\/\/abaa.mx\/tienda\/mitutoyo-125-120-serie-125-micrometro-de-rosca-de-tornillo-rango-de-75-a-100-mm-tornillos-de-55-a-7-mm-35-a-45-tpi\/#primaryimage\"},\"image\":{\"@id\":\"https:\/\/abaa.mx\/tienda\/mitutoyo-125-120-serie-125-micrometro-de-rosca-de-tornillo-rango-de-75-a-100-mm-tornillos-de-55-a-7-mm-35-a-45-tpi\/#primaryimage\"},\"thumbnailUrl\":\"https:\/\/abaa.mx\/tienda\/wp-content\/uploads\/2023\/10\/126-125.jpg\",\"datePublished\":\"2023-10-11T22:04:01+00:00\",\"dateModified\":\"2023-10-11T22:04:02+00:00\",\"breadcrumb\":{\"@id\":\"https:\/\/abaa.mx\/tienda\/mitutoyo-125-120-serie-125-micrometro-de-rosca-de-tornillo-rango-de-75-a-100-mm-tornillos-de-55-a-7-mm-35-a-45-tpi\/#breadcrumb\"},\"inLanguage\":\"es\",\"potentialAction\":[{\"@type\":\"ReadAction\",\"target\":[\"https:\/\/abaa.mx\/tienda\/mitutoyo-125-120-serie-125-micrometro-de-rosca-de-tornillo-rango-de-75-a-100-mm-tornillos-de-55-a-7-mm-35-a-45-tpi\/\"]}]},{\"@type\":\"ImageObject\",\"inLanguage\":\"es\",\"@id\":\"https:\/\/abaa.mx\/tienda\/mitutoyo-125-120-serie-125-micrometro-de-rosca-de-tornillo-rango-de-75-a-100-mm-tornillos-de-55-a-7-mm-35-a-45-tpi\/#primaryimage\",\"url\":\"https:\/\/abaa.mx\/tienda\/wp-content\/uploads\/2023\/10\/126-125.jpg\",\"contentUrl\":\"https:\/\/abaa.mx\/tienda\/wp-content\/uploads\/2023\/10\/126-125.jpg\",\"width\":595,\"height\":420,\"caption\":\"mitutoyo-125-120-serie-125-micrometro-de-rosca-de-tornillo-rango-de-75-a-100-mm-tornillos-de-55-a-7-mm-35-a-45-tpi\"},{\"@type\":\"BreadcrumbList\",\"@id\":\"https:\/\/abaa.mx\/tienda\/mitutoyo-125-120-serie-125-micrometro-de-rosca-de-tornillo-rango-de-75-a-100-mm-tornillos-de-55-a-7-mm-35-a-45-tpi\/#breadcrumb\",\"itemListElement\":[{\"@type\":\"ListItem\",\"position\":1,\"name\":\"Inicio\",\"item\":\"https:\/\/abaa.mx\/tienda\/\"},{\"@type\":\"ListItem\",\"position\":2,\"name\":\"Tienda\",\"item\":\"https:\/\/abaa.mx\/tienda\/\"},{\"@type\":\"ListItem\",\"position\":3,\"name\":\"Mitutoyo 125-120 serie 125 micr\u00f3metro de rosca de tornillo, rango de 75 a 100 mm tornillos de 5,5 a 7 mm 3,5 a 4,5 tpi\"}]},{\"@type\":\"WebSite\",\"@id\":\"https:\/\/abaa.mx\/tienda\/#website\",\"url\":\"https:\/\/abaa.mx\/tienda\/\",\"name\":\"Abaa tienda online\",\"description\":\"Instrumentos de medici\u00f3n\",\"publisher\":{\"@id\":\"https:\/\/abaa.mx\/tienda\/#organization\"},\"potentialAction\":[{\"@type\":\"SearchAction\",\"target\":{\"@type\":\"EntryPoint\",\"urlTemplate\":\"https:\/\/abaa.mx\/tienda\/?s={search_term_string}\"},\"query-input\":{\"@type\":\"PropertyValueSpecification\",\"valueRequired\":true,\"valueName\":\"search_term_string\"}}],\"inLanguage\":\"es\"},{\"@type\":\"Organization\",\"@id\":\"https:\/\/abaa.mx\/tienda\/#organization\",\"name\":\"Abaa tienda online\",\"url\":\"https:\/\/abaa.mx\/tienda\/\",\"logo\":{\"@type\":\"ImageObject\",\"inLanguage\":\"es\",\"@id\":\"https:\/\/abaa.mx\/tienda\/#\/schema\/logo\/image\/\",\"url\":\"https:\/\/abaa.mx\/tienda\/wp-content\/uploads\/2024\/01\/abaa-metrologia-tienda.png\",\"contentUrl\":\"https:\/\/abaa.mx\/tienda\/wp-content\/uploads\/2024\/01\/abaa-metrologia-tienda.png\",\"width\":300,\"height\":141,\"caption\":\"Abaa tienda online\"},\"image\":{\"@id\":\"https:\/\/abaa.mx\/tienda\/#\/schema\/logo\/image\/\"}}]}<\/script>\n<!-- \/ Yoast SEO plugin. -->","yoast_head_json":{"title":"Mitutoyo 125-120 serie 125 micr\u00f3metro de rosca de tornillo, rango de 75 a 100 mm tornillos de 5,5 a 7 mm 3,5 a 4,5 tpi - Abaa tienda online","robots":{"index":"index","follow":"follow","max-snippet":"max-snippet:-1","max-image-preview":"max-image-preview:large","max-video-preview":"max-video-preview:-1"},"canonical":"https:\/\/abaa.mx\/tienda\/mitutoyo-125-120-serie-125-micrometro-de-rosca-de-tornillo-rango-de-75-a-100-mm-tornillos-de-55-a-7-mm-35-a-45-tpi\/","og_locale":"es_MX","og_type":"article","og_title":"Mitutoyo 125-120 serie 125 micr\u00f3metro de rosca de tornillo, rango de 75 a 100 mm tornillos de 5,5 a 7 mm 3,5 a 4,5 tpi - Abaa tienda online","og_description":"El micr\u00f3metro de rosca de tornillo permite al usuario medir los di\u00e1metros de paso de las roscas de tornillo. Est\u00e1 dise\u00f1ado con un tope de trinquete para proporcionar una fuerza constante para obtener resultados precisos.","og_url":"https:\/\/abaa.mx\/tienda\/mitutoyo-125-120-serie-125-micrometro-de-rosca-de-tornillo-rango-de-75-a-100-mm-tornillos-de-55-a-7-mm-35-a-45-tpi\/","og_site_name":"Abaa tienda online","article_modified_time":"2023-10-11T22:04:02+00:00","og_image":[{"width":595,"height":420,"url":"https:\/\/abaa.mx\/tienda\/wp-content\/uploads\/2023\/10\/126-125.jpg","type":"image\/jpeg"}],"twitter_card":"summary_large_image","twitter_misc":{"Tiempo de lectura":"1 minuto"},"schema":{"@context":"https:\/\/schema.org","@graph":[{"@type":"WebPage","@id":"https:\/\/abaa.mx\/tienda\/mitutoyo-125-120-serie-125-micrometro-de-rosca-de-tornillo-rango-de-75-a-100-mm-tornillos-de-55-a-7-mm-35-a-45-tpi\/","url":"https:\/\/abaa.mx\/tienda\/mitutoyo-125-120-serie-125-micrometro-de-rosca-de-tornillo-rango-de-75-a-100-mm-tornillos-de-55-a-7-mm-35-a-45-tpi\/","name":"Mitutoyo 125-120 serie 125 micr\u00f3metro de rosca de tornillo, rango de 75 a 100 mm tornillos de 5,5 a 7 mm 3,5 a 4,5 tpi - Abaa tienda online","isPartOf":{"@id":"https:\/\/abaa.mx\/tienda\/#website"},"primaryImageOfPage":{"@id":"https:\/\/abaa.mx\/tienda\/mitutoyo-125-120-serie-125-micrometro-de-rosca-de-tornillo-rango-de-75-a-100-mm-tornillos-de-55-a-7-mm-35-a-45-tpi\/#primaryimage"},"image":{"@id":"https:\/\/abaa.mx\/tienda\/mitutoyo-125-120-serie-125-micrometro-de-rosca-de-tornillo-rango-de-75-a-100-mm-tornillos-de-55-a-7-mm-35-a-45-tpi\/#primaryimage"},"thumbnailUrl":"https:\/\/abaa.mx\/tienda\/wp-content\/uploads\/2023\/10\/126-125.jpg","datePublished":"2023-10-11T22:04:01+00:00","dateModified":"2023-10-11T22:04:02+00:00","breadcrumb":{"@id":"https:\/\/abaa.mx\/tienda\/mitutoyo-125-120-serie-125-micrometro-de-rosca-de-tornillo-rango-de-75-a-100-mm-tornillos-de-55-a-7-mm-35-a-45-tpi\/#breadcrumb"},"inLanguage":"es","potentialAction":[{"@type":"ReadAction","target":["https:\/\/abaa.mx\/tienda\/mitutoyo-125-120-serie-125-micrometro-de-rosca-de-tornillo-rango-de-75-a-100-mm-tornillos-de-55-a-7-mm-35-a-45-tpi\/"]}]},{"@type":"ImageObject","inLanguage":"es","@id":"https:\/\/abaa.mx\/tienda\/mitutoyo-125-120-serie-125-micrometro-de-rosca-de-tornillo-rango-de-75-a-100-mm-tornillos-de-55-a-7-mm-35-a-45-tpi\/#primaryimage","url":"https:\/\/abaa.mx\/tienda\/wp-content\/uploads\/2023\/10\/126-125.jpg","contentUrl":"https:\/\/abaa.mx\/tienda\/wp-content\/uploads\/2023\/10\/126-125.jpg","width":595,"height":420,"caption":"mitutoyo-125-120-serie-125-micrometro-de-rosca-de-tornillo-rango-de-75-a-100-mm-tornillos-de-55-a-7-mm-35-a-45-tpi"},{"@type":"BreadcrumbList","@id":"https:\/\/abaa.mx\/tienda\/mitutoyo-125-120-serie-125-micrometro-de-rosca-de-tornillo-rango-de-75-a-100-mm-tornillos-de-55-a-7-mm-35-a-45-tpi\/#breadcrumb","itemListElement":[{"@type":"ListItem","position":1,"name":"Inicio","item":"https:\/\/abaa.mx\/tienda\/"},{"@type":"ListItem","position":2,"name":"Tienda","item":"https:\/\/abaa.mx\/tienda\/"},{"@type":"ListItem","position":3,"name":"Mitutoyo 125-120 serie 125 micr\u00f3metro de rosca de tornillo, rango de 75 a 100 mm tornillos de 5,5 a 7 mm 3,5 a 4,5 tpi"}]},{"@type":"WebSite","@id":"https:\/\/abaa.mx\/tienda\/#website","url":"https:\/\/abaa.mx\/tienda\/","name":"Abaa tienda online","description":"Instrumentos de medici\u00f3n","publisher":{"@id":"https:\/\/abaa.mx\/tienda\/#organization"},"potentialAction":[{"@type":"SearchAction","target":{"@type":"EntryPoint","urlTemplate":"https:\/\/abaa.mx\/tienda\/?s={search_term_string}"},"query-input":{"@type":"PropertyValueSpecification","valueRequired":true,"valueName":"search_term_string"}}],"inLanguage":"es"},{"@type":"Organization","@id":"https:\/\/abaa.mx\/tienda\/#organization","name":"Abaa tienda online","url":"https:\/\/abaa.mx\/tienda\/","logo":{"@type":"ImageObject","inLanguage":"es","@id":"https:\/\/abaa.mx\/tienda\/#\/schema\/logo\/image\/","url":"https:\/\/abaa.mx\/tienda\/wp-content\/uploads\/2024\/01\/abaa-metrologia-tienda.png","contentUrl":"https:\/\/abaa.mx\/tienda\/wp-content\/uploads\/2024\/01\/abaa-metrologia-tienda.png","width":300,"height":141,"caption":"Abaa tienda online"},"image":{"@id":"https:\/\/abaa.mx\/tienda\/#\/schema\/logo\/image\/"}}]}},"_links":{"self":[{"href":"https:\/\/abaa.mx\/tienda\/wp-json\/wp\/v2\/product\/5779","targetHints":{"allow":["GET"]}}],"collection":[{"href":"https:\/\/abaa.mx\/tienda\/wp-json\/wp\/v2\/product"}],"about":[{"href":"https:\/\/abaa.mx\/tienda\/wp-json\/wp\/v2\/types\/product"}],"replies":[{"embeddable":true,"href":"https:\/\/abaa.mx\/tienda\/wp-json\/wp\/v2\/comments?post=5779"}],"wp:featuredmedia":[{"embeddable":true,"href":"https:\/\/abaa.mx\/tienda\/wp-json\/wp\/v2\/media\/5792"}],"wp:attachment":[{"href":"https:\/\/abaa.mx\/tienda\/wp-json\/wp\/v2\/media?parent=5779"}],"wp:term":[{"taxonomy":"product_brand","embeddable":true,"href":"https:\/\/abaa.mx\/tienda\/wp-json\/wp\/v2\/product_brand?post=5779"},{"taxonomy":"product_cat","embeddable":true,"href":"https:\/\/abaa.mx\/tienda\/wp-json\/wp\/v2\/product_cat?post=5779"},{"taxonomy":"product_tag","embeddable":true,"href":"https:\/\/abaa.mx\/tienda\/wp-json\/wp\/v2\/product_tag?post=5779"}],"curies":[{"name":"wp","href":"https:\/\/api.w.org\/{rel}","templated":true}]}}