{"id":5755,"date":"2023-10-11T21:03:54","date_gmt":"2023-10-11T21:03:54","guid":{"rendered":"https:\/\/abaa.mx\/tienda\/?post_type=product&#038;p=5755"},"modified":"2023-10-11T21:03:54","modified_gmt":"2023-10-11T21:03:54","slug":"mitutoyo-505-740j-serie-505-calibre-de-esfera-0-a-6-imperial","status":"publish","type":"product","link":"https:\/\/abaa.mx\/tienda\/mitutoyo-505-740j-serie-505-calibre-de-esfera-0-a-6-imperial\/","title":{"rendered":"mitutoyo 505-740j serie 505 calibre de esfera, 0 a 6&#8243;, imperial"},"content":{"rendered":"<p><strong>Funciones<\/strong><\/p>\n<ul>\n<li>El tornillo de bloqueo mantiene la medici\u00f3n del dial y la posici\u00f3n de la mordaza deslizante para obtener una medici\u00f3n precisa<\/li>\n<li>Movimiento de la esfera dise\u00f1ado para un deslizamiento ultrasuave y una protecci\u00f3n contra golpes altos<\/li>\n<li>Puede medir OD, ID, profundidad y pasos<\/li>\n<li>Un recubrimiento de nitruro de titanio (TiN) en la superficie deslizante aumenta la resistencia al desgaste y la esfera mejorada ofrece una legibilidad de medici\u00f3n m\u00e1s r\u00e1pida<\/li>\n<\/ul>\n<p><strong>Aplicaciones<\/strong><\/p>\n<ul>\n<li>Medici\u00f3n de las dimensiones exteriores, las dimensiones interiores, la profundidad y los escalones<\/li>\n<\/ul>\n<h4>Mitutoyo 505-740J Especificaciones<\/h4>\n<table class=\"table table-striped\">\n<tbody>\n<tr>\n<td>Gama<\/td>\n<td>De 0 a 6&#8243;<\/td>\n<\/tr>\n<tr>\n<td>Unidades<\/td>\n<td>Pulgadas<\/td>\n<\/tr>\n<tr>\n<td>Exactitud<\/td>\n<td>\u00b10.001&#8243;<\/td>\n<\/tr>\n<tr>\n<td>Graduaci\u00f3n<\/td>\n<td>0.001&#8243;<\/td>\n<\/tr>\n<\/tbody>\n<\/table>\n","protected":false},"excerpt":{"rendered":"<p class=\"short-description mhide ipad-view-setting\">Proporcione mediciones de cuatro v\u00edas de alta precisi\u00f3n a \u00b10.001&#8243; con este calibrador de cuadrante que est\u00e1 dise\u00f1ado para un funcionamiento m\u00e1s suave, una mejor durabilidad y legibilidad. Adem\u00e1s, esta pinza cuenta con unidades imperiales y mide en un rango de 0 a 6&#8243;.<\/p>\n<p class=\"comment-tag-product\">\n<div class=\"row-fluid\">\n<div class=\"span12 mobile-pricing-box-padding\">\n<form id=\"88445\" accept-charset=\"utf-8\" action=\"https:\/\/www.globaltestsupply.com\/shop\/add\" method=\"post\" name=\"addTocartFunction\">\n<div><\/div>\n<\/form>\n<\/div>\n<\/div>\n","protected":false},"featured_media":5759,"comment_status":"open","ping_status":"closed","template":"","meta":{"_joinchat":[]},"product_brand":[],"product_cat":[15],"product_tag":[],"class_list":{"0":"post-5755","1":"product","2":"type-product","3":"status-publish","4":"has-post-thumbnail","6":"product_cat-sin-categorizar","8":"first","9":"instock","10":"shipping-taxable","11":"product-type-simple"},"yoast_head":"<!-- This site is optimized with the Yoast SEO plugin v26.4 - https:\/\/yoast.com\/wordpress\/plugins\/seo\/ -->\n<title>mitutoyo 505-740j serie 505 calibre de esfera, 0 a 6&quot;, imperial - Abaa tienda online<\/title>\n<meta name=\"robots\" content=\"index, follow, max-snippet:-1, max-image-preview:large, max-video-preview:-1\" \/>\n<link rel=\"canonical\" href=\"https:\/\/abaa.mx\/tienda\/mitutoyo-505-740j-serie-505-calibre-de-esfera-0-a-6-imperial\/\" \/>\n<meta property=\"og:locale\" content=\"es_MX\" \/>\n<meta property=\"og:type\" content=\"article\" \/>\n<meta property=\"og:title\" content=\"mitutoyo 505-740j serie 505 calibre de esfera, 0 a 6&quot;, imperial - Abaa tienda online\" \/>\n<meta property=\"og:description\" content=\"Proporcione mediciones de cuatro v\u00edas de alta precisi\u00f3n a \u00b10.001&quot; con este calibrador de cuadrante que est\u00e1 dise\u00f1ado para un funcionamiento m\u00e1s suave, una mejor durabilidad y legibilidad. Adem\u00e1s, esta pinza cuenta con unidades imperiales y mide en un rango de 0 a 6&quot;.\" \/>\n<meta property=\"og:url\" content=\"https:\/\/abaa.mx\/tienda\/mitutoyo-505-740j-serie-505-calibre-de-esfera-0-a-6-imperial\/\" \/>\n<meta property=\"og:site_name\" content=\"Abaa tienda online\" \/>\n<meta property=\"og:image\" content=\"https:\/\/abaa.mx\/tienda\/wp-content\/uploads\/2023\/10\/505-740J.jpg\" \/>\n\t<meta property=\"og:image:width\" content=\"379\" \/>\n\t<meta property=\"og:image:height\" content=\"373\" \/>\n\t<meta property=\"og:image:type\" content=\"image\/jpeg\" \/>\n<meta name=\"twitter:card\" content=\"summary_large_image\" \/>\n<meta name=\"twitter:label1\" content=\"Tiempo de lectura\" \/>\n\t<meta name=\"twitter:data1\" content=\"1 minuto\" \/>\n<script type=\"application\/ld+json\" class=\"yoast-schema-graph\">{\"@context\":\"https:\/\/schema.org\",\"@graph\":[{\"@type\":\"WebPage\",\"@id\":\"https:\/\/abaa.mx\/tienda\/mitutoyo-505-740j-serie-505-calibre-de-esfera-0-a-6-imperial\/\",\"url\":\"https:\/\/abaa.mx\/tienda\/mitutoyo-505-740j-serie-505-calibre-de-esfera-0-a-6-imperial\/\",\"name\":\"mitutoyo 505-740j serie 505 calibre de esfera, 0 a 6\\\", imperial - Abaa tienda online\",\"isPartOf\":{\"@id\":\"https:\/\/abaa.mx\/tienda\/#website\"},\"primaryImageOfPage\":{\"@id\":\"https:\/\/abaa.mx\/tienda\/mitutoyo-505-740j-serie-505-calibre-de-esfera-0-a-6-imperial\/#primaryimage\"},\"image\":{\"@id\":\"https:\/\/abaa.mx\/tienda\/mitutoyo-505-740j-serie-505-calibre-de-esfera-0-a-6-imperial\/#primaryimage\"},\"thumbnailUrl\":\"https:\/\/abaa.mx\/tienda\/wp-content\/uploads\/2023\/10\/505-740J.jpg\",\"datePublished\":\"2023-10-11T21:03:54+00:00\",\"breadcrumb\":{\"@id\":\"https:\/\/abaa.mx\/tienda\/mitutoyo-505-740j-serie-505-calibre-de-esfera-0-a-6-imperial\/#breadcrumb\"},\"inLanguage\":\"es\",\"potentialAction\":[{\"@type\":\"ReadAction\",\"target\":[\"https:\/\/abaa.mx\/tienda\/mitutoyo-505-740j-serie-505-calibre-de-esfera-0-a-6-imperial\/\"]}]},{\"@type\":\"ImageObject\",\"inLanguage\":\"es\",\"@id\":\"https:\/\/abaa.mx\/tienda\/mitutoyo-505-740j-serie-505-calibre-de-esfera-0-a-6-imperial\/#primaryimage\",\"url\":\"https:\/\/abaa.mx\/tienda\/wp-content\/uploads\/2023\/10\/505-740J.jpg\",\"contentUrl\":\"https:\/\/abaa.mx\/tienda\/wp-content\/uploads\/2023\/10\/505-740J.jpg\",\"width\":379,\"height\":373,\"caption\":\"505-740J\"},{\"@type\":\"BreadcrumbList\",\"@id\":\"https:\/\/abaa.mx\/tienda\/mitutoyo-505-740j-serie-505-calibre-de-esfera-0-a-6-imperial\/#breadcrumb\",\"itemListElement\":[{\"@type\":\"ListItem\",\"position\":1,\"name\":\"Inicio\",\"item\":\"https:\/\/abaa.mx\/tienda\/\"},{\"@type\":\"ListItem\",\"position\":2,\"name\":\"Tienda\",\"item\":\"https:\/\/abaa.mx\/tienda\/\"},{\"@type\":\"ListItem\",\"position\":3,\"name\":\"mitutoyo 505-740j serie 505 calibre de esfera, 0 a 6&#8243;, imperial\"}]},{\"@type\":\"WebSite\",\"@id\":\"https:\/\/abaa.mx\/tienda\/#website\",\"url\":\"https:\/\/abaa.mx\/tienda\/\",\"name\":\"Abaa tienda online\",\"description\":\"Instrumentos de medici\u00f3n\",\"publisher\":{\"@id\":\"https:\/\/abaa.mx\/tienda\/#organization\"},\"potentialAction\":[{\"@type\":\"SearchAction\",\"target\":{\"@type\":\"EntryPoint\",\"urlTemplate\":\"https:\/\/abaa.mx\/tienda\/?s={search_term_string}\"},\"query-input\":{\"@type\":\"PropertyValueSpecification\",\"valueRequired\":true,\"valueName\":\"search_term_string\"}}],\"inLanguage\":\"es\"},{\"@type\":\"Organization\",\"@id\":\"https:\/\/abaa.mx\/tienda\/#organization\",\"name\":\"Abaa tienda online\",\"url\":\"https:\/\/abaa.mx\/tienda\/\",\"logo\":{\"@type\":\"ImageObject\",\"inLanguage\":\"es\",\"@id\":\"https:\/\/abaa.mx\/tienda\/#\/schema\/logo\/image\/\",\"url\":\"https:\/\/abaa.mx\/tienda\/wp-content\/uploads\/2024\/01\/abaa-metrologia-tienda.png\",\"contentUrl\":\"https:\/\/abaa.mx\/tienda\/wp-content\/uploads\/2024\/01\/abaa-metrologia-tienda.png\",\"width\":300,\"height\":141,\"caption\":\"Abaa tienda online\"},\"image\":{\"@id\":\"https:\/\/abaa.mx\/tienda\/#\/schema\/logo\/image\/\"}}]}<\/script>\n<!-- \/ Yoast SEO plugin. -->","yoast_head_json":{"title":"mitutoyo 505-740j serie 505 calibre de esfera, 0 a 6\", imperial - Abaa tienda online","robots":{"index":"index","follow":"follow","max-snippet":"max-snippet:-1","max-image-preview":"max-image-preview:large","max-video-preview":"max-video-preview:-1"},"canonical":"https:\/\/abaa.mx\/tienda\/mitutoyo-505-740j-serie-505-calibre-de-esfera-0-a-6-imperial\/","og_locale":"es_MX","og_type":"article","og_title":"mitutoyo 505-740j serie 505 calibre de esfera, 0 a 6\", imperial - Abaa tienda online","og_description":"Proporcione mediciones de cuatro v\u00edas de alta precisi\u00f3n a \u00b10.001\" con este calibrador de cuadrante que est\u00e1 dise\u00f1ado para un funcionamiento m\u00e1s suave, una mejor durabilidad y legibilidad. Adem\u00e1s, esta pinza cuenta con unidades imperiales y mide en un rango de 0 a 6\".","og_url":"https:\/\/abaa.mx\/tienda\/mitutoyo-505-740j-serie-505-calibre-de-esfera-0-a-6-imperial\/","og_site_name":"Abaa tienda online","og_image":[{"width":379,"height":373,"url":"https:\/\/abaa.mx\/tienda\/wp-content\/uploads\/2023\/10\/505-740J.jpg","type":"image\/jpeg"}],"twitter_card":"summary_large_image","twitter_misc":{"Tiempo de lectura":"1 minuto"},"schema":{"@context":"https:\/\/schema.org","@graph":[{"@type":"WebPage","@id":"https:\/\/abaa.mx\/tienda\/mitutoyo-505-740j-serie-505-calibre-de-esfera-0-a-6-imperial\/","url":"https:\/\/abaa.mx\/tienda\/mitutoyo-505-740j-serie-505-calibre-de-esfera-0-a-6-imperial\/","name":"mitutoyo 505-740j serie 505 calibre de esfera, 0 a 6\", imperial - Abaa tienda online","isPartOf":{"@id":"https:\/\/abaa.mx\/tienda\/#website"},"primaryImageOfPage":{"@id":"https:\/\/abaa.mx\/tienda\/mitutoyo-505-740j-serie-505-calibre-de-esfera-0-a-6-imperial\/#primaryimage"},"image":{"@id":"https:\/\/abaa.mx\/tienda\/mitutoyo-505-740j-serie-505-calibre-de-esfera-0-a-6-imperial\/#primaryimage"},"thumbnailUrl":"https:\/\/abaa.mx\/tienda\/wp-content\/uploads\/2023\/10\/505-740J.jpg","datePublished":"2023-10-11T21:03:54+00:00","breadcrumb":{"@id":"https:\/\/abaa.mx\/tienda\/mitutoyo-505-740j-serie-505-calibre-de-esfera-0-a-6-imperial\/#breadcrumb"},"inLanguage":"es","potentialAction":[{"@type":"ReadAction","target":["https:\/\/abaa.mx\/tienda\/mitutoyo-505-740j-serie-505-calibre-de-esfera-0-a-6-imperial\/"]}]},{"@type":"ImageObject","inLanguage":"es","@id":"https:\/\/abaa.mx\/tienda\/mitutoyo-505-740j-serie-505-calibre-de-esfera-0-a-6-imperial\/#primaryimage","url":"https:\/\/abaa.mx\/tienda\/wp-content\/uploads\/2023\/10\/505-740J.jpg","contentUrl":"https:\/\/abaa.mx\/tienda\/wp-content\/uploads\/2023\/10\/505-740J.jpg","width":379,"height":373,"caption":"505-740J"},{"@type":"BreadcrumbList","@id":"https:\/\/abaa.mx\/tienda\/mitutoyo-505-740j-serie-505-calibre-de-esfera-0-a-6-imperial\/#breadcrumb","itemListElement":[{"@type":"ListItem","position":1,"name":"Inicio","item":"https:\/\/abaa.mx\/tienda\/"},{"@type":"ListItem","position":2,"name":"Tienda","item":"https:\/\/abaa.mx\/tienda\/"},{"@type":"ListItem","position":3,"name":"mitutoyo 505-740j serie 505 calibre de esfera, 0 a 6&#8243;, imperial"}]},{"@type":"WebSite","@id":"https:\/\/abaa.mx\/tienda\/#website","url":"https:\/\/abaa.mx\/tienda\/","name":"Abaa tienda online","description":"Instrumentos de medici\u00f3n","publisher":{"@id":"https:\/\/abaa.mx\/tienda\/#organization"},"potentialAction":[{"@type":"SearchAction","target":{"@type":"EntryPoint","urlTemplate":"https:\/\/abaa.mx\/tienda\/?s={search_term_string}"},"query-input":{"@type":"PropertyValueSpecification","valueRequired":true,"valueName":"search_term_string"}}],"inLanguage":"es"},{"@type":"Organization","@id":"https:\/\/abaa.mx\/tienda\/#organization","name":"Abaa tienda online","url":"https:\/\/abaa.mx\/tienda\/","logo":{"@type":"ImageObject","inLanguage":"es","@id":"https:\/\/abaa.mx\/tienda\/#\/schema\/logo\/image\/","url":"https:\/\/abaa.mx\/tienda\/wp-content\/uploads\/2024\/01\/abaa-metrologia-tienda.png","contentUrl":"https:\/\/abaa.mx\/tienda\/wp-content\/uploads\/2024\/01\/abaa-metrologia-tienda.png","width":300,"height":141,"caption":"Abaa tienda online"},"image":{"@id":"https:\/\/abaa.mx\/tienda\/#\/schema\/logo\/image\/"}}]}},"_links":{"self":[{"href":"https:\/\/abaa.mx\/tienda\/wp-json\/wp\/v2\/product\/5755","targetHints":{"allow":["GET"]}}],"collection":[{"href":"https:\/\/abaa.mx\/tienda\/wp-json\/wp\/v2\/product"}],"about":[{"href":"https:\/\/abaa.mx\/tienda\/wp-json\/wp\/v2\/types\/product"}],"replies":[{"embeddable":true,"href":"https:\/\/abaa.mx\/tienda\/wp-json\/wp\/v2\/comments?post=5755"}],"wp:featuredmedia":[{"embeddable":true,"href":"https:\/\/abaa.mx\/tienda\/wp-json\/wp\/v2\/media\/5759"}],"wp:attachment":[{"href":"https:\/\/abaa.mx\/tienda\/wp-json\/wp\/v2\/media?parent=5755"}],"wp:term":[{"taxonomy":"product_brand","embeddable":true,"href":"https:\/\/abaa.mx\/tienda\/wp-json\/wp\/v2\/product_brand?post=5755"},{"taxonomy":"product_cat","embeddable":true,"href":"https:\/\/abaa.mx\/tienda\/wp-json\/wp\/v2\/product_cat?post=5755"},{"taxonomy":"product_tag","embeddable":true,"href":"https:\/\/abaa.mx\/tienda\/wp-json\/wp\/v2\/product_tag?post=5755"}],"curies":[{"name":"wp","href":"https:\/\/api.w.org\/{rel}","templated":true}]}}