{"id":5754,"date":"2023-10-11T21:00:17","date_gmt":"2023-10-11T21:00:17","guid":{"rendered":"https:\/\/abaa.mx\/tienda\/?post_type=product&#038;p=5754"},"modified":"2023-10-11T21:00:17","modified_gmt":"2023-10-11T21:00:17","slug":"mitutoyo-4887a-19-serie-4-indicador-de-esfera-grande-con-lengueta-3-sae","status":"publish","type":"product","link":"https:\/\/abaa.mx\/tienda\/mitutoyo-4887a-19-serie-4-indicador-de-esfera-grande-con-lengueta-3-sae\/","title":{"rendered":"mitutoyo 4887a-19 serie 4 indicador de esfera grande con leng\u00fceta, 3&#8243;, sae"},"content":{"rendered":"<p>Haga que la verificaci\u00f3n de las lecturas sea simple y f\u00e1cil con el indicador de esfera de esfera grande Mitutoyo 4887S-19 Serie 4 con asa. Este indicador de cuadrante tiene una cara de graduaci\u00f3n de gran di\u00e1metro y viene con una leng\u00fceta, una abrazadera de marco exterior y pasadores de l\u00edmite.<\/p>\n<p><strong>Funciones<\/strong><\/p>\n<ul>\n<li>Cara de graduaci\u00f3n de 3,62&#8243; (92 mm) de di\u00e1metro para facilitar la lectura<\/li>\n<li>La abrazadera del marco exterior y los pasadores de l\u00edmite ofrecen seguridad<\/li>\n<li>Leng\u00fceta incluida<\/li>\n<\/ul>\n<h4>Mitutoyo 4887A-19 Especificaciones<\/h4>\n<p>&nbsp;<\/p>\n<table class=\"table table-striped\">\n<tbody>\n<tr>\n<td>Unidad(es) de medida admitida(s)<\/td>\n<td>en<\/td>\n<\/tr>\n<tr>\n<td>Rango de medici\u00f3n<\/td>\n<td>3&#8243; por revoluci\u00f3n de 0,1&#8243;<\/td>\n<\/tr>\n<tr>\n<td>Exactitud<\/td>\n<td>\u00b10.001&#8243;\/\u00b10.005&#8243;<\/td>\n<\/tr>\n<tr>\n<td>Lectura de dial<\/td>\n<td>\u00b10 a 100<\/td>\n<\/tr>\n<tr>\n<td>Color de la esfera<\/td>\n<td>Blanco\/negro<\/td>\n<\/tr>\n<tr>\n<td>Medidas de graduaci\u00f3n<\/td>\n<td>Pulgadas<\/td>\n<\/tr>\n<tr>\n<td>Fuerza de medici\u00f3n<\/td>\n<td>3 N o menos<\/td>\n<\/tr>\n<tr>\n<td>Longitud del producto<\/td>\n<td>120,9 mm (4,76&#8243;)<\/td>\n<\/tr>\n<\/tbody>\n<\/table>\n","protected":false},"excerpt":{"rendered":"<p class=\"short-description mhide ipad-view-setting\">El indicador de cuadrante grande es f\u00e1cil de leer gracias a su esfera de graduaci\u00f3n de gran di\u00e1metro. Viene con pasadores de l\u00edmite y una abrazadera de marco exterior.<\/p>\n<p class=\"comment-tag-product\">\n<div class=\"row-fluid\">\n<div class=\"span12 mobile-pricing-box-padding\">\n<form id=\"139917\" accept-charset=\"utf-8\" action=\"https:\/\/www.globaltestsupply.com\/shop\/add\" method=\"post\" name=\"addTocartFunction\">\n<div><\/div>\n<\/form>\n<\/div>\n<\/div>\n","protected":false},"featured_media":5756,"comment_status":"open","ping_status":"closed","template":"","meta":{"_joinchat":[]},"product_brand":[],"product_cat":[15],"product_tag":[],"class_list":{"0":"post-5754","1":"product","2":"type-product","3":"status-publish","4":"has-post-thumbnail","6":"product_cat-sin-categorizar","8":"first","9":"instock","10":"shipping-taxable","11":"product-type-simple"},"yoast_head":"<!-- This site is optimized with the Yoast SEO plugin v26.4 - https:\/\/yoast.com\/wordpress\/plugins\/seo\/ -->\n<title>mitutoyo 4887a-19 serie 4 indicador de esfera grande con leng\u00fceta, 3&quot;, sae - Abaa tienda online<\/title>\n<meta name=\"robots\" content=\"index, follow, max-snippet:-1, max-image-preview:large, max-video-preview:-1\" \/>\n<link rel=\"canonical\" href=\"https:\/\/abaa.mx\/tienda\/mitutoyo-4887a-19-serie-4-indicador-de-esfera-grande-con-lengueta-3-sae\/\" \/>\n<meta property=\"og:locale\" content=\"es_MX\" \/>\n<meta property=\"og:type\" content=\"article\" \/>\n<meta property=\"og:title\" content=\"mitutoyo 4887a-19 serie 4 indicador de esfera grande con leng\u00fceta, 3&quot;, sae - Abaa tienda online\" \/>\n<meta property=\"og:description\" content=\"El indicador de cuadrante grande es f\u00e1cil de leer gracias a su esfera de graduaci\u00f3n de gran di\u00e1metro. Viene con pasadores de l\u00edmite y una abrazadera de marco exterior.\" \/>\n<meta property=\"og:url\" content=\"https:\/\/abaa.mx\/tienda\/mitutoyo-4887a-19-serie-4-indicador-de-esfera-grande-con-lengueta-3-sae\/\" \/>\n<meta property=\"og:site_name\" content=\"Abaa tienda online\" \/>\n<meta property=\"og:image\" content=\"https:\/\/abaa.mx\/tienda\/wp-content\/uploads\/2023\/10\/4887A-19.jpg\" \/>\n\t<meta property=\"og:image:width\" content=\"270\" \/>\n\t<meta property=\"og:image:height\" content=\"400\" \/>\n\t<meta property=\"og:image:type\" content=\"image\/jpeg\" \/>\n<meta name=\"twitter:card\" content=\"summary_large_image\" \/>\n<meta name=\"twitter:label1\" content=\"Tiempo de lectura\" \/>\n\t<meta name=\"twitter:data1\" content=\"1 minuto\" \/>\n<script type=\"application\/ld+json\" class=\"yoast-schema-graph\">{\"@context\":\"https:\/\/schema.org\",\"@graph\":[{\"@type\":\"WebPage\",\"@id\":\"https:\/\/abaa.mx\/tienda\/mitutoyo-4887a-19-serie-4-indicador-de-esfera-grande-con-lengueta-3-sae\/\",\"url\":\"https:\/\/abaa.mx\/tienda\/mitutoyo-4887a-19-serie-4-indicador-de-esfera-grande-con-lengueta-3-sae\/\",\"name\":\"mitutoyo 4887a-19 serie 4 indicador de esfera grande con leng\u00fceta, 3\\\", sae - Abaa tienda online\",\"isPartOf\":{\"@id\":\"https:\/\/abaa.mx\/tienda\/#website\"},\"primaryImageOfPage\":{\"@id\":\"https:\/\/abaa.mx\/tienda\/mitutoyo-4887a-19-serie-4-indicador-de-esfera-grande-con-lengueta-3-sae\/#primaryimage\"},\"image\":{\"@id\":\"https:\/\/abaa.mx\/tienda\/mitutoyo-4887a-19-serie-4-indicador-de-esfera-grande-con-lengueta-3-sae\/#primaryimage\"},\"thumbnailUrl\":\"https:\/\/abaa.mx\/tienda\/wp-content\/uploads\/2023\/10\/4887A-19.jpg\",\"datePublished\":\"2023-10-11T21:00:17+00:00\",\"breadcrumb\":{\"@id\":\"https:\/\/abaa.mx\/tienda\/mitutoyo-4887a-19-serie-4-indicador-de-esfera-grande-con-lengueta-3-sae\/#breadcrumb\"},\"inLanguage\":\"es\",\"potentialAction\":[{\"@type\":\"ReadAction\",\"target\":[\"https:\/\/abaa.mx\/tienda\/mitutoyo-4887a-19-serie-4-indicador-de-esfera-grande-con-lengueta-3-sae\/\"]}]},{\"@type\":\"ImageObject\",\"inLanguage\":\"es\",\"@id\":\"https:\/\/abaa.mx\/tienda\/mitutoyo-4887a-19-serie-4-indicador-de-esfera-grande-con-lengueta-3-sae\/#primaryimage\",\"url\":\"https:\/\/abaa.mx\/tienda\/wp-content\/uploads\/2023\/10\/4887A-19.jpg\",\"contentUrl\":\"https:\/\/abaa.mx\/tienda\/wp-content\/uploads\/2023\/10\/4887A-19.jpg\",\"width\":270,\"height\":400,\"caption\":\"4887A-19\"},{\"@type\":\"BreadcrumbList\",\"@id\":\"https:\/\/abaa.mx\/tienda\/mitutoyo-4887a-19-serie-4-indicador-de-esfera-grande-con-lengueta-3-sae\/#breadcrumb\",\"itemListElement\":[{\"@type\":\"ListItem\",\"position\":1,\"name\":\"Inicio\",\"item\":\"https:\/\/abaa.mx\/tienda\/\"},{\"@type\":\"ListItem\",\"position\":2,\"name\":\"Tienda\",\"item\":\"https:\/\/abaa.mx\/tienda\/\"},{\"@type\":\"ListItem\",\"position\":3,\"name\":\"mitutoyo 4887a-19 serie 4 indicador de esfera grande con leng\u00fceta, 3&#8243;, sae\"}]},{\"@type\":\"WebSite\",\"@id\":\"https:\/\/abaa.mx\/tienda\/#website\",\"url\":\"https:\/\/abaa.mx\/tienda\/\",\"name\":\"Abaa tienda online\",\"description\":\"Instrumentos de medici\u00f3n\",\"publisher\":{\"@id\":\"https:\/\/abaa.mx\/tienda\/#organization\"},\"potentialAction\":[{\"@type\":\"SearchAction\",\"target\":{\"@type\":\"EntryPoint\",\"urlTemplate\":\"https:\/\/abaa.mx\/tienda\/?s={search_term_string}\"},\"query-input\":{\"@type\":\"PropertyValueSpecification\",\"valueRequired\":true,\"valueName\":\"search_term_string\"}}],\"inLanguage\":\"es\"},{\"@type\":\"Organization\",\"@id\":\"https:\/\/abaa.mx\/tienda\/#organization\",\"name\":\"Abaa tienda online\",\"url\":\"https:\/\/abaa.mx\/tienda\/\",\"logo\":{\"@type\":\"ImageObject\",\"inLanguage\":\"es\",\"@id\":\"https:\/\/abaa.mx\/tienda\/#\/schema\/logo\/image\/\",\"url\":\"https:\/\/abaa.mx\/tienda\/wp-content\/uploads\/2024\/01\/abaa-metrologia-tienda.png\",\"contentUrl\":\"https:\/\/abaa.mx\/tienda\/wp-content\/uploads\/2024\/01\/abaa-metrologia-tienda.png\",\"width\":300,\"height\":141,\"caption\":\"Abaa tienda online\"},\"image\":{\"@id\":\"https:\/\/abaa.mx\/tienda\/#\/schema\/logo\/image\/\"}}]}<\/script>\n<!-- \/ Yoast SEO plugin. -->","yoast_head_json":{"title":"mitutoyo 4887a-19 serie 4 indicador de esfera grande con leng\u00fceta, 3\", sae - Abaa tienda online","robots":{"index":"index","follow":"follow","max-snippet":"max-snippet:-1","max-image-preview":"max-image-preview:large","max-video-preview":"max-video-preview:-1"},"canonical":"https:\/\/abaa.mx\/tienda\/mitutoyo-4887a-19-serie-4-indicador-de-esfera-grande-con-lengueta-3-sae\/","og_locale":"es_MX","og_type":"article","og_title":"mitutoyo 4887a-19 serie 4 indicador de esfera grande con leng\u00fceta, 3\", sae - Abaa tienda online","og_description":"El indicador de cuadrante grande es f\u00e1cil de leer gracias a su esfera de graduaci\u00f3n de gran di\u00e1metro. Viene con pasadores de l\u00edmite y una abrazadera de marco exterior.","og_url":"https:\/\/abaa.mx\/tienda\/mitutoyo-4887a-19-serie-4-indicador-de-esfera-grande-con-lengueta-3-sae\/","og_site_name":"Abaa tienda online","og_image":[{"width":270,"height":400,"url":"https:\/\/abaa.mx\/tienda\/wp-content\/uploads\/2023\/10\/4887A-19.jpg","type":"image\/jpeg"}],"twitter_card":"summary_large_image","twitter_misc":{"Tiempo de lectura":"1 minuto"},"schema":{"@context":"https:\/\/schema.org","@graph":[{"@type":"WebPage","@id":"https:\/\/abaa.mx\/tienda\/mitutoyo-4887a-19-serie-4-indicador-de-esfera-grande-con-lengueta-3-sae\/","url":"https:\/\/abaa.mx\/tienda\/mitutoyo-4887a-19-serie-4-indicador-de-esfera-grande-con-lengueta-3-sae\/","name":"mitutoyo 4887a-19 serie 4 indicador de esfera grande con leng\u00fceta, 3\", sae - Abaa tienda online","isPartOf":{"@id":"https:\/\/abaa.mx\/tienda\/#website"},"primaryImageOfPage":{"@id":"https:\/\/abaa.mx\/tienda\/mitutoyo-4887a-19-serie-4-indicador-de-esfera-grande-con-lengueta-3-sae\/#primaryimage"},"image":{"@id":"https:\/\/abaa.mx\/tienda\/mitutoyo-4887a-19-serie-4-indicador-de-esfera-grande-con-lengueta-3-sae\/#primaryimage"},"thumbnailUrl":"https:\/\/abaa.mx\/tienda\/wp-content\/uploads\/2023\/10\/4887A-19.jpg","datePublished":"2023-10-11T21:00:17+00:00","breadcrumb":{"@id":"https:\/\/abaa.mx\/tienda\/mitutoyo-4887a-19-serie-4-indicador-de-esfera-grande-con-lengueta-3-sae\/#breadcrumb"},"inLanguage":"es","potentialAction":[{"@type":"ReadAction","target":["https:\/\/abaa.mx\/tienda\/mitutoyo-4887a-19-serie-4-indicador-de-esfera-grande-con-lengueta-3-sae\/"]}]},{"@type":"ImageObject","inLanguage":"es","@id":"https:\/\/abaa.mx\/tienda\/mitutoyo-4887a-19-serie-4-indicador-de-esfera-grande-con-lengueta-3-sae\/#primaryimage","url":"https:\/\/abaa.mx\/tienda\/wp-content\/uploads\/2023\/10\/4887A-19.jpg","contentUrl":"https:\/\/abaa.mx\/tienda\/wp-content\/uploads\/2023\/10\/4887A-19.jpg","width":270,"height":400,"caption":"4887A-19"},{"@type":"BreadcrumbList","@id":"https:\/\/abaa.mx\/tienda\/mitutoyo-4887a-19-serie-4-indicador-de-esfera-grande-con-lengueta-3-sae\/#breadcrumb","itemListElement":[{"@type":"ListItem","position":1,"name":"Inicio","item":"https:\/\/abaa.mx\/tienda\/"},{"@type":"ListItem","position":2,"name":"Tienda","item":"https:\/\/abaa.mx\/tienda\/"},{"@type":"ListItem","position":3,"name":"mitutoyo 4887a-19 serie 4 indicador de esfera grande con leng\u00fceta, 3&#8243;, sae"}]},{"@type":"WebSite","@id":"https:\/\/abaa.mx\/tienda\/#website","url":"https:\/\/abaa.mx\/tienda\/","name":"Abaa tienda online","description":"Instrumentos de medici\u00f3n","publisher":{"@id":"https:\/\/abaa.mx\/tienda\/#organization"},"potentialAction":[{"@type":"SearchAction","target":{"@type":"EntryPoint","urlTemplate":"https:\/\/abaa.mx\/tienda\/?s={search_term_string}"},"query-input":{"@type":"PropertyValueSpecification","valueRequired":true,"valueName":"search_term_string"}}],"inLanguage":"es"},{"@type":"Organization","@id":"https:\/\/abaa.mx\/tienda\/#organization","name":"Abaa tienda online","url":"https:\/\/abaa.mx\/tienda\/","logo":{"@type":"ImageObject","inLanguage":"es","@id":"https:\/\/abaa.mx\/tienda\/#\/schema\/logo\/image\/","url":"https:\/\/abaa.mx\/tienda\/wp-content\/uploads\/2024\/01\/abaa-metrologia-tienda.png","contentUrl":"https:\/\/abaa.mx\/tienda\/wp-content\/uploads\/2024\/01\/abaa-metrologia-tienda.png","width":300,"height":141,"caption":"Abaa tienda online"},"image":{"@id":"https:\/\/abaa.mx\/tienda\/#\/schema\/logo\/image\/"}}]}},"_links":{"self":[{"href":"https:\/\/abaa.mx\/tienda\/wp-json\/wp\/v2\/product\/5754","targetHints":{"allow":["GET"]}}],"collection":[{"href":"https:\/\/abaa.mx\/tienda\/wp-json\/wp\/v2\/product"}],"about":[{"href":"https:\/\/abaa.mx\/tienda\/wp-json\/wp\/v2\/types\/product"}],"replies":[{"embeddable":true,"href":"https:\/\/abaa.mx\/tienda\/wp-json\/wp\/v2\/comments?post=5754"}],"wp:featuredmedia":[{"embeddable":true,"href":"https:\/\/abaa.mx\/tienda\/wp-json\/wp\/v2\/media\/5756"}],"wp:attachment":[{"href":"https:\/\/abaa.mx\/tienda\/wp-json\/wp\/v2\/media?parent=5754"}],"wp:term":[{"taxonomy":"product_brand","embeddable":true,"href":"https:\/\/abaa.mx\/tienda\/wp-json\/wp\/v2\/product_brand?post=5754"},{"taxonomy":"product_cat","embeddable":true,"href":"https:\/\/abaa.mx\/tienda\/wp-json\/wp\/v2\/product_cat?post=5754"},{"taxonomy":"product_tag","embeddable":true,"href":"https:\/\/abaa.mx\/tienda\/wp-json\/wp\/v2\/product_tag?post=5754"}],"curies":[{"name":"wp","href":"https:\/\/api.w.org\/{rel}","templated":true}]}}