{"id":5724,"date":"2023-10-11T20:47:55","date_gmt":"2023-10-11T20:47:55","guid":{"rendered":"https:\/\/abaa.mx\/tienda\/?post_type=product&#038;p=5724"},"modified":"2023-10-11T20:47:56","modified_gmt":"2023-10-11T20:47:56","slug":"mitutoyo-422-411-20-digital-absolute-quickmike-blade-micrometer-0-a-30-mm-metrico","status":"publish","type":"product","link":"https:\/\/abaa.mx\/tienda\/mitutoyo-422-411-20-digital-absolute-quickmike-blade-micrometer-0-a-30-mm-metrico\/","title":{"rendered":"mitutoyo 422-411-20 digital absolute quickmike blade micrometer, 0 a 30 mm, m\u00e9trico"},"content":{"rendered":"<div class=\"span10\">\n<div class=\"mhide ipad-view-setting\">\n<div class=\"row-fluid ProductTabs\">\n<div class=\"span12\">\n<div class=\"tab-content\">\n<div id=\"tab0\" class=\"product-tabs tab-pane  active\">\n<p><strong>Funciones<\/strong><\/p>\n<ul>\n<li>Husillo no giratorio y dedal de fricci\u00f3n de trinquete<\/li>\n<li>Avance r\u00e1pido del husillo de 0,39&#8243; (10 mm) por revoluciones<\/li>\n<li>La escala lineal absoluta significa que no hay restricciones en la velocidad de ajuste<\/li>\n<li>Protecci\u00f3n IP54 contra el polvo y el agua<\/li>\n<li>Barra est\u00e1ndar para establecer el punto de origen<\/li>\n<\/ul>\n<h4>Mitutoyo 422-411-20 Especificaciones<\/h4>\n<table class=\"table table-striped\">\n<tbody>\n<tr>\n<td>Gama<\/td>\n<td>De 0 a 30 mm<\/td>\n<\/tr>\n<tr>\n<td>Exactitud<\/td>\n<td>\u00b10,0003 mil\u00edmetros<\/td>\n<\/tr>\n<tr>\n<td>Llanura<\/td>\n<td>0,3 \u03bcm<\/td>\n<\/tr>\n<tr>\n<td>Paralelismo<\/td>\n<td>3 \u03bcm<\/td>\n<\/tr>\n<tr>\n<td>Paso digital<\/td>\n<td>0,00005&#8243; por 0,001 mm<\/td>\n<\/tr>\n<tr>\n<td>Superficies de medici\u00f3n<\/td>\n<td>Punta de carburo, acabado microtraslapado<\/td>\n<\/tr>\n<tr>\n<td>Husillo de medici\u00f3n<\/td>\n<td>\u00d8 0,25&#8243; (6,35 mm), sin rotaci\u00f3n, alimentaci\u00f3n de husillo de 0,39&#8243; (10 mm)<\/td>\n<\/tr>\n<tr>\n<td>Fuerza de medici\u00f3n<\/td>\n<td>5 &#8211; 12 N<\/td>\n<\/tr>\n<tr>\n<td>Peso<\/td>\n<td>350 g (0,78 libras)<\/td>\n<\/tr>\n<tr>\n<td>Rango de medici\u00f3n<\/td>\n<td>1,18&#8243; (30 mm)<\/td>\n<\/tr>\n<\/tbody>\n<\/table>\n<\/div>\n<\/div>\n<\/div>\n<\/div>\n<\/div>\n<\/div>\n","protected":false},"excerpt":{"rendered":"<p class=\"short-description mhide ipad-view-setting\">El micr\u00f3metro digital de 0 a 30 mm cuenta con un avance r\u00e1pido del husillo. El yunque y el husillo tienen una cuchilla para medir el di\u00e1metro de la ranura de ejes, chaveteros y otras \u00e1reas de dif\u00edcil acceso.<\/p>\n<p class=\"comment-tag-product\">\n<div class=\"row-fluid\">\n<div class=\"span12 mobile-pricing-box-padding\">\n<form id=\"131628\" accept-charset=\"utf-8\" action=\"https:\/\/www.globaltestsupply.com\/shop\/add\" method=\"post\" name=\"addTocartFunction\">\n<div><\/div>\n<\/form>\n<\/div>\n<\/div>\n<p>&nbsp;<\/p>\n","protected":false},"featured_media":5732,"comment_status":"open","ping_status":"closed","template":"","meta":{"_joinchat":[]},"product_brand":[],"product_cat":[15],"product_tag":[],"class_list":{"0":"post-5724","1":"product","2":"type-product","3":"status-publish","4":"has-post-thumbnail","6":"product_cat-sin-categorizar","8":"first","9":"instock","10":"shipping-taxable","11":"product-type-simple"},"yoast_head":"<!-- This site is optimized with the Yoast SEO plugin v26.4 - https:\/\/yoast.com\/wordpress\/plugins\/seo\/ -->\n<title>mitutoyo 422-411-20 digital absolute quickmike blade micrometer, 0 a 30 mm, m\u00e9trico - Abaa tienda online<\/title>\n<meta name=\"robots\" content=\"index, follow, max-snippet:-1, max-image-preview:large, max-video-preview:-1\" \/>\n<link rel=\"canonical\" href=\"https:\/\/abaa.mx\/tienda\/mitutoyo-422-411-20-digital-absolute-quickmike-blade-micrometer-0-a-30-mm-metrico\/\" \/>\n<meta property=\"og:locale\" content=\"es_MX\" \/>\n<meta property=\"og:type\" content=\"article\" \/>\n<meta property=\"og:title\" content=\"mitutoyo 422-411-20 digital absolute quickmike blade micrometer, 0 a 30 mm, m\u00e9trico - Abaa tienda online\" \/>\n<meta property=\"og:description\" content=\"El micr\u00f3metro digital de 0 a 30 mm cuenta con un avance r\u00e1pido del husillo. El yunque y el husillo tienen una cuchilla para medir el di\u00e1metro de la ranura de ejes, chaveteros y otras \u00e1reas de dif\u00edcil acceso.        &nbsp;\" \/>\n<meta property=\"og:url\" content=\"https:\/\/abaa.mx\/tienda\/mitutoyo-422-411-20-digital-absolute-quickmike-blade-micrometer-0-a-30-mm-metrico\/\" \/>\n<meta property=\"og:site_name\" content=\"Abaa tienda online\" \/>\n<meta property=\"article:modified_time\" content=\"2023-10-11T20:47:56+00:00\" \/>\n<meta property=\"og:image\" content=\"https:\/\/abaa.mx\/tienda\/wp-content\/uploads\/2023\/10\/422-411-20.jpg\" \/>\n\t<meta property=\"og:image:width\" content=\"1724\" \/>\n\t<meta property=\"og:image:height\" content=\"900\" \/>\n\t<meta property=\"og:image:type\" content=\"image\/jpeg\" \/>\n<meta name=\"twitter:card\" content=\"summary_large_image\" \/>\n<meta name=\"twitter:label1\" content=\"Tiempo de lectura\" \/>\n\t<meta name=\"twitter:data1\" content=\"1 minuto\" \/>\n<script type=\"application\/ld+json\" class=\"yoast-schema-graph\">{\"@context\":\"https:\/\/schema.org\",\"@graph\":[{\"@type\":\"WebPage\",\"@id\":\"https:\/\/abaa.mx\/tienda\/mitutoyo-422-411-20-digital-absolute-quickmike-blade-micrometer-0-a-30-mm-metrico\/\",\"url\":\"https:\/\/abaa.mx\/tienda\/mitutoyo-422-411-20-digital-absolute-quickmike-blade-micrometer-0-a-30-mm-metrico\/\",\"name\":\"mitutoyo 422-411-20 digital absolute quickmike blade micrometer, 0 a 30 mm, m\u00e9trico - Abaa tienda online\",\"isPartOf\":{\"@id\":\"https:\/\/abaa.mx\/tienda\/#website\"},\"primaryImageOfPage\":{\"@id\":\"https:\/\/abaa.mx\/tienda\/mitutoyo-422-411-20-digital-absolute-quickmike-blade-micrometer-0-a-30-mm-metrico\/#primaryimage\"},\"image\":{\"@id\":\"https:\/\/abaa.mx\/tienda\/mitutoyo-422-411-20-digital-absolute-quickmike-blade-micrometer-0-a-30-mm-metrico\/#primaryimage\"},\"thumbnailUrl\":\"https:\/\/abaa.mx\/tienda\/wp-content\/uploads\/2023\/10\/422-411-20.jpg\",\"datePublished\":\"2023-10-11T20:47:55+00:00\",\"dateModified\":\"2023-10-11T20:47:56+00:00\",\"breadcrumb\":{\"@id\":\"https:\/\/abaa.mx\/tienda\/mitutoyo-422-411-20-digital-absolute-quickmike-blade-micrometer-0-a-30-mm-metrico\/#breadcrumb\"},\"inLanguage\":\"es\",\"potentialAction\":[{\"@type\":\"ReadAction\",\"target\":[\"https:\/\/abaa.mx\/tienda\/mitutoyo-422-411-20-digital-absolute-quickmike-blade-micrometer-0-a-30-mm-metrico\/\"]}]},{\"@type\":\"ImageObject\",\"inLanguage\":\"es\",\"@id\":\"https:\/\/abaa.mx\/tienda\/mitutoyo-422-411-20-digital-absolute-quickmike-blade-micrometer-0-a-30-mm-metrico\/#primaryimage\",\"url\":\"https:\/\/abaa.mx\/tienda\/wp-content\/uploads\/2023\/10\/422-411-20.jpg\",\"contentUrl\":\"https:\/\/abaa.mx\/tienda\/wp-content\/uploads\/2023\/10\/422-411-20.jpg\",\"width\":1724,\"height\":900,\"caption\":\"422-411-20\"},{\"@type\":\"BreadcrumbList\",\"@id\":\"https:\/\/abaa.mx\/tienda\/mitutoyo-422-411-20-digital-absolute-quickmike-blade-micrometer-0-a-30-mm-metrico\/#breadcrumb\",\"itemListElement\":[{\"@type\":\"ListItem\",\"position\":1,\"name\":\"Inicio\",\"item\":\"https:\/\/abaa.mx\/tienda\/\"},{\"@type\":\"ListItem\",\"position\":2,\"name\":\"Tienda\",\"item\":\"https:\/\/abaa.mx\/tienda\/\"},{\"@type\":\"ListItem\",\"position\":3,\"name\":\"mitutoyo 422-411-20 digital absolute quickmike blade micrometer, 0 a 30 mm, m\u00e9trico\"}]},{\"@type\":\"WebSite\",\"@id\":\"https:\/\/abaa.mx\/tienda\/#website\",\"url\":\"https:\/\/abaa.mx\/tienda\/\",\"name\":\"Abaa tienda online\",\"description\":\"Instrumentos de medici\u00f3n\",\"publisher\":{\"@id\":\"https:\/\/abaa.mx\/tienda\/#organization\"},\"potentialAction\":[{\"@type\":\"SearchAction\",\"target\":{\"@type\":\"EntryPoint\",\"urlTemplate\":\"https:\/\/abaa.mx\/tienda\/?s={search_term_string}\"},\"query-input\":{\"@type\":\"PropertyValueSpecification\",\"valueRequired\":true,\"valueName\":\"search_term_string\"}}],\"inLanguage\":\"es\"},{\"@type\":\"Organization\",\"@id\":\"https:\/\/abaa.mx\/tienda\/#organization\",\"name\":\"Abaa tienda online\",\"url\":\"https:\/\/abaa.mx\/tienda\/\",\"logo\":{\"@type\":\"ImageObject\",\"inLanguage\":\"es\",\"@id\":\"https:\/\/abaa.mx\/tienda\/#\/schema\/logo\/image\/\",\"url\":\"https:\/\/abaa.mx\/tienda\/wp-content\/uploads\/2024\/01\/abaa-metrologia-tienda.png\",\"contentUrl\":\"https:\/\/abaa.mx\/tienda\/wp-content\/uploads\/2024\/01\/abaa-metrologia-tienda.png\",\"width\":300,\"height\":141,\"caption\":\"Abaa tienda online\"},\"image\":{\"@id\":\"https:\/\/abaa.mx\/tienda\/#\/schema\/logo\/image\/\"}}]}<\/script>\n<!-- \/ Yoast SEO plugin. -->","yoast_head_json":{"title":"mitutoyo 422-411-20 digital absolute quickmike blade micrometer, 0 a 30 mm, m\u00e9trico - Abaa tienda online","robots":{"index":"index","follow":"follow","max-snippet":"max-snippet:-1","max-image-preview":"max-image-preview:large","max-video-preview":"max-video-preview:-1"},"canonical":"https:\/\/abaa.mx\/tienda\/mitutoyo-422-411-20-digital-absolute-quickmike-blade-micrometer-0-a-30-mm-metrico\/","og_locale":"es_MX","og_type":"article","og_title":"mitutoyo 422-411-20 digital absolute quickmike blade micrometer, 0 a 30 mm, m\u00e9trico - Abaa tienda online","og_description":"El micr\u00f3metro digital de 0 a 30 mm cuenta con un avance r\u00e1pido del husillo. El yunque y el husillo tienen una cuchilla para medir el di\u00e1metro de la ranura de ejes, chaveteros y otras \u00e1reas de dif\u00edcil acceso.        &nbsp;","og_url":"https:\/\/abaa.mx\/tienda\/mitutoyo-422-411-20-digital-absolute-quickmike-blade-micrometer-0-a-30-mm-metrico\/","og_site_name":"Abaa tienda online","article_modified_time":"2023-10-11T20:47:56+00:00","og_image":[{"width":1724,"height":900,"url":"https:\/\/abaa.mx\/tienda\/wp-content\/uploads\/2023\/10\/422-411-20.jpg","type":"image\/jpeg"}],"twitter_card":"summary_large_image","twitter_misc":{"Tiempo de lectura":"1 minuto"},"schema":{"@context":"https:\/\/schema.org","@graph":[{"@type":"WebPage","@id":"https:\/\/abaa.mx\/tienda\/mitutoyo-422-411-20-digital-absolute-quickmike-blade-micrometer-0-a-30-mm-metrico\/","url":"https:\/\/abaa.mx\/tienda\/mitutoyo-422-411-20-digital-absolute-quickmike-blade-micrometer-0-a-30-mm-metrico\/","name":"mitutoyo 422-411-20 digital absolute quickmike blade micrometer, 0 a 30 mm, m\u00e9trico - Abaa tienda online","isPartOf":{"@id":"https:\/\/abaa.mx\/tienda\/#website"},"primaryImageOfPage":{"@id":"https:\/\/abaa.mx\/tienda\/mitutoyo-422-411-20-digital-absolute-quickmike-blade-micrometer-0-a-30-mm-metrico\/#primaryimage"},"image":{"@id":"https:\/\/abaa.mx\/tienda\/mitutoyo-422-411-20-digital-absolute-quickmike-blade-micrometer-0-a-30-mm-metrico\/#primaryimage"},"thumbnailUrl":"https:\/\/abaa.mx\/tienda\/wp-content\/uploads\/2023\/10\/422-411-20.jpg","datePublished":"2023-10-11T20:47:55+00:00","dateModified":"2023-10-11T20:47:56+00:00","breadcrumb":{"@id":"https:\/\/abaa.mx\/tienda\/mitutoyo-422-411-20-digital-absolute-quickmike-blade-micrometer-0-a-30-mm-metrico\/#breadcrumb"},"inLanguage":"es","potentialAction":[{"@type":"ReadAction","target":["https:\/\/abaa.mx\/tienda\/mitutoyo-422-411-20-digital-absolute-quickmike-blade-micrometer-0-a-30-mm-metrico\/"]}]},{"@type":"ImageObject","inLanguage":"es","@id":"https:\/\/abaa.mx\/tienda\/mitutoyo-422-411-20-digital-absolute-quickmike-blade-micrometer-0-a-30-mm-metrico\/#primaryimage","url":"https:\/\/abaa.mx\/tienda\/wp-content\/uploads\/2023\/10\/422-411-20.jpg","contentUrl":"https:\/\/abaa.mx\/tienda\/wp-content\/uploads\/2023\/10\/422-411-20.jpg","width":1724,"height":900,"caption":"422-411-20"},{"@type":"BreadcrumbList","@id":"https:\/\/abaa.mx\/tienda\/mitutoyo-422-411-20-digital-absolute-quickmike-blade-micrometer-0-a-30-mm-metrico\/#breadcrumb","itemListElement":[{"@type":"ListItem","position":1,"name":"Inicio","item":"https:\/\/abaa.mx\/tienda\/"},{"@type":"ListItem","position":2,"name":"Tienda","item":"https:\/\/abaa.mx\/tienda\/"},{"@type":"ListItem","position":3,"name":"mitutoyo 422-411-20 digital absolute quickmike blade micrometer, 0 a 30 mm, m\u00e9trico"}]},{"@type":"WebSite","@id":"https:\/\/abaa.mx\/tienda\/#website","url":"https:\/\/abaa.mx\/tienda\/","name":"Abaa tienda online","description":"Instrumentos de medici\u00f3n","publisher":{"@id":"https:\/\/abaa.mx\/tienda\/#organization"},"potentialAction":[{"@type":"SearchAction","target":{"@type":"EntryPoint","urlTemplate":"https:\/\/abaa.mx\/tienda\/?s={search_term_string}"},"query-input":{"@type":"PropertyValueSpecification","valueRequired":true,"valueName":"search_term_string"}}],"inLanguage":"es"},{"@type":"Organization","@id":"https:\/\/abaa.mx\/tienda\/#organization","name":"Abaa tienda online","url":"https:\/\/abaa.mx\/tienda\/","logo":{"@type":"ImageObject","inLanguage":"es","@id":"https:\/\/abaa.mx\/tienda\/#\/schema\/logo\/image\/","url":"https:\/\/abaa.mx\/tienda\/wp-content\/uploads\/2024\/01\/abaa-metrologia-tienda.png","contentUrl":"https:\/\/abaa.mx\/tienda\/wp-content\/uploads\/2024\/01\/abaa-metrologia-tienda.png","width":300,"height":141,"caption":"Abaa tienda online"},"image":{"@id":"https:\/\/abaa.mx\/tienda\/#\/schema\/logo\/image\/"}}]}},"_links":{"self":[{"href":"https:\/\/abaa.mx\/tienda\/wp-json\/wp\/v2\/product\/5724","targetHints":{"allow":["GET"]}}],"collection":[{"href":"https:\/\/abaa.mx\/tienda\/wp-json\/wp\/v2\/product"}],"about":[{"href":"https:\/\/abaa.mx\/tienda\/wp-json\/wp\/v2\/types\/product"}],"replies":[{"embeddable":true,"href":"https:\/\/abaa.mx\/tienda\/wp-json\/wp\/v2\/comments?post=5724"}],"wp:featuredmedia":[{"embeddable":true,"href":"https:\/\/abaa.mx\/tienda\/wp-json\/wp\/v2\/media\/5732"}],"wp:attachment":[{"href":"https:\/\/abaa.mx\/tienda\/wp-json\/wp\/v2\/media?parent=5724"}],"wp:term":[{"taxonomy":"product_brand","embeddable":true,"href":"https:\/\/abaa.mx\/tienda\/wp-json\/wp\/v2\/product_brand?post=5724"},{"taxonomy":"product_cat","embeddable":true,"href":"https:\/\/abaa.mx\/tienda\/wp-json\/wp\/v2\/product_cat?post=5724"},{"taxonomy":"product_tag","embeddable":true,"href":"https:\/\/abaa.mx\/tienda\/wp-json\/wp\/v2\/product_tag?post=5724"}],"curies":[{"name":"wp","href":"https:\/\/api.w.org\/{rel}","templated":true}]}}