{"id":5715,"date":"2023-10-11T20:36:53","date_gmt":"2023-10-11T20:36:53","guid":{"rendered":"https:\/\/abaa.mx\/tienda\/?post_type=product&#038;p=5715"},"modified":"2023-10-11T20:36:53","modified_gmt":"2023-10-11T20:36:53","slug":"mitutoyo-422-332-30-serie-422-husillo-no-giratorio-micrometro-de-cuchilla-digital-2-a-3","status":"publish","type":"product","link":"https:\/\/abaa.mx\/tienda\/mitutoyo-422-332-30-serie-422-husillo-no-giratorio-micrometro-de-cuchilla-digital-2-a-3\/","title":{"rendered":"mitutoyo 422-332-30 serie 422 husillo no giratorio micr\u00f3metro de cuchilla digital, 2 a 3&#8243;"},"content":{"rendered":"<p>Dise\u00f1ado con un tope de trinquete, el micr\u00f3metro digital de cuchilla de husillo no giratorio Mitutoyo 422-332-30 Serie 422 ofrece una fuerza constante. El micr\u00f3metro de husillo no giratorio cuenta con una cuchilla en el yunque y el husillo para medir el di\u00e1metro de la ranura de ejes, chaveteros y otros espacios de dif\u00edcil acceso. Viene en un estuche de pl\u00e1stico ajustado.<\/p>\n<p><strong>Funciones<\/strong><\/p>\n<ul>\n<li>El yunque y el husillo ofrecen una cuchilla para medir el di\u00e1metro de la ranura de ejes, chaveteros y otras \u00e1reas de dif\u00edcil acceso<\/li>\n<li>La pantalla LCD proporciona una visi\u00f3n clara de las mediciones<\/li>\n<li>El tope de trinquete proporciona una fuerza constante<\/li>\n<li>Funciones de ajuste de origen, ajuste a cero, retenci\u00f3n de datos, salida de datos y conversi\u00f3n de pulgadas\/mil\u00edmetros<\/li>\n<li>Las alarmas de error de composici\u00f3n de bajo voltaje y valor de conteo ayudan a proporcionar un funcionamiento seguro<\/li>\n<li>Incluye un estuche de pl\u00e1stico ajustado para el transporte<\/li>\n<\/ul>\n<h4>Mitutoyo 422-332-30 Especificaciones<\/h4>\n<p>&nbsp;<\/p>\n<table class=\"table table-striped\">\n<tbody>\n<tr>\n<td>Unidad(es) de medida admitida(s)<\/td>\n<td>M\u00e9trico e Imperial<\/td>\n<\/tr>\n<tr>\n<td>Rango de medici\u00f3n<\/td>\n<td>2 a 3&#8243; (50,8 a 76,2 mm)<\/td>\n<\/tr>\n<tr>\n<td>Exactitud<\/td>\n<td>\u00b10.00015&#8243;<\/td>\n<\/tr>\n<tr>\n<td>Resoluci\u00f3n<\/td>\n<td>0,00005&#8243; (0,001 mm)<\/td>\n<\/tr>\n<tr>\n<td>Fuente de alimentaci\u00f3n<\/td>\n<td>Alimentado por pilas<\/td>\n<\/tr>\n<tr>\n<td>Tipo de bater\u00eda<\/td>\n<td>SR44<\/td>\n<\/tr>\n<tr>\n<td>Duraci\u00f3n de la bater\u00eda<\/td>\n<td>1.2 a\u00f1os<\/td>\n<\/tr>\n<tr>\n<td>N\u00famero de bater\u00edas necesarias<\/td>\n<td>1<\/td>\n<\/tr>\n<tr>\n<td>Peso del producto<\/td>\n<td>465 g (16,4 onzas)<\/td>\n<\/tr>\n<\/tbody>\n<\/table>\n","protected":false},"excerpt":{"rendered":"<p class=\"short-description mhide ipad-view-setting\">Este micr\u00f3metro digital cuenta con una cuchilla de medici\u00f3n en el yunque y el husillo. Viene en un estuche de pl\u00e1stico ajustado.<\/p>\n<p class=\"comment-tag-product\">\n<div class=\"row-fluid\">\n<div class=\"span12 mobile-pricing-box-padding\">\n<form id=\"140210\" accept-charset=\"utf-8\" action=\"https:\/\/www.globaltestsupply.com\/shop\/add\" method=\"post\" name=\"addTocartFunction\">\n<div><\/div>\n<\/form>\n<\/div>\n<\/div>\n","protected":false},"featured_media":5717,"comment_status":"open","ping_status":"closed","template":"","meta":{"_joinchat":[]},"product_brand":[],"product_cat":[15],"product_tag":[],"class_list":{"0":"post-5715","1":"product","2":"type-product","3":"status-publish","4":"has-post-thumbnail","6":"product_cat-sin-categorizar","8":"first","9":"instock","10":"shipping-taxable","11":"product-type-simple"},"yoast_head":"<!-- This site is optimized with the Yoast SEO plugin v26.4 - https:\/\/yoast.com\/wordpress\/plugins\/seo\/ -->\n<title>mitutoyo 422-332-30 serie 422 husillo no giratorio micr\u00f3metro de cuchilla digital, 2 a 3&quot; - Abaa tienda online<\/title>\n<meta name=\"robots\" content=\"index, follow, max-snippet:-1, max-image-preview:large, max-video-preview:-1\" \/>\n<link rel=\"canonical\" href=\"https:\/\/abaa.mx\/tienda\/mitutoyo-422-332-30-serie-422-husillo-no-giratorio-micrometro-de-cuchilla-digital-2-a-3\/\" \/>\n<meta property=\"og:locale\" content=\"es_MX\" \/>\n<meta property=\"og:type\" content=\"article\" \/>\n<meta property=\"og:title\" content=\"mitutoyo 422-332-30 serie 422 husillo no giratorio micr\u00f3metro de cuchilla digital, 2 a 3&quot; - Abaa tienda online\" \/>\n<meta property=\"og:description\" content=\"Este micr\u00f3metro digital cuenta con una cuchilla de medici\u00f3n en el yunque y el husillo. Viene en un estuche de pl\u00e1stico ajustado.\" \/>\n<meta property=\"og:url\" content=\"https:\/\/abaa.mx\/tienda\/mitutoyo-422-332-30-serie-422-husillo-no-giratorio-micrometro-de-cuchilla-digital-2-a-3\/\" \/>\n<meta property=\"og:site_name\" content=\"Abaa tienda online\" \/>\n<meta property=\"og:image\" content=\"https:\/\/abaa.mx\/tienda\/wp-content\/uploads\/2023\/10\/422-332-30-1.jpg\" \/>\n\t<meta property=\"og:image:width\" content=\"1000\" \/>\n\t<meta property=\"og:image:height\" content=\"1000\" \/>\n\t<meta property=\"og:image:type\" content=\"image\/jpeg\" \/>\n<meta name=\"twitter:card\" content=\"summary_large_image\" \/>\n<meta name=\"twitter:label1\" content=\"Tiempo de lectura\" \/>\n\t<meta name=\"twitter:data1\" content=\"1 minuto\" \/>\n<script type=\"application\/ld+json\" class=\"yoast-schema-graph\">{\"@context\":\"https:\/\/schema.org\",\"@graph\":[{\"@type\":\"WebPage\",\"@id\":\"https:\/\/abaa.mx\/tienda\/mitutoyo-422-332-30-serie-422-husillo-no-giratorio-micrometro-de-cuchilla-digital-2-a-3\/\",\"url\":\"https:\/\/abaa.mx\/tienda\/mitutoyo-422-332-30-serie-422-husillo-no-giratorio-micrometro-de-cuchilla-digital-2-a-3\/\",\"name\":\"mitutoyo 422-332-30 serie 422 husillo no giratorio micr\u00f3metro de cuchilla digital, 2 a 3\\\" - Abaa tienda online\",\"isPartOf\":{\"@id\":\"https:\/\/abaa.mx\/tienda\/#website\"},\"primaryImageOfPage\":{\"@id\":\"https:\/\/abaa.mx\/tienda\/mitutoyo-422-332-30-serie-422-husillo-no-giratorio-micrometro-de-cuchilla-digital-2-a-3\/#primaryimage\"},\"image\":{\"@id\":\"https:\/\/abaa.mx\/tienda\/mitutoyo-422-332-30-serie-422-husillo-no-giratorio-micrometro-de-cuchilla-digital-2-a-3\/#primaryimage\"},\"thumbnailUrl\":\"https:\/\/abaa.mx\/tienda\/wp-content\/uploads\/2023\/10\/422-332-30-1.jpg\",\"datePublished\":\"2023-10-11T20:36:53+00:00\",\"breadcrumb\":{\"@id\":\"https:\/\/abaa.mx\/tienda\/mitutoyo-422-332-30-serie-422-husillo-no-giratorio-micrometro-de-cuchilla-digital-2-a-3\/#breadcrumb\"},\"inLanguage\":\"es\",\"potentialAction\":[{\"@type\":\"ReadAction\",\"target\":[\"https:\/\/abaa.mx\/tienda\/mitutoyo-422-332-30-serie-422-husillo-no-giratorio-micrometro-de-cuchilla-digital-2-a-3\/\"]}]},{\"@type\":\"ImageObject\",\"inLanguage\":\"es\",\"@id\":\"https:\/\/abaa.mx\/tienda\/mitutoyo-422-332-30-serie-422-husillo-no-giratorio-micrometro-de-cuchilla-digital-2-a-3\/#primaryimage\",\"url\":\"https:\/\/abaa.mx\/tienda\/wp-content\/uploads\/2023\/10\/422-332-30-1.jpg\",\"contentUrl\":\"https:\/\/abaa.mx\/tienda\/wp-content\/uploads\/2023\/10\/422-332-30-1.jpg\",\"width\":1000,\"height\":1000,\"caption\":\"422-332-30\"},{\"@type\":\"BreadcrumbList\",\"@id\":\"https:\/\/abaa.mx\/tienda\/mitutoyo-422-332-30-serie-422-husillo-no-giratorio-micrometro-de-cuchilla-digital-2-a-3\/#breadcrumb\",\"itemListElement\":[{\"@type\":\"ListItem\",\"position\":1,\"name\":\"Inicio\",\"item\":\"https:\/\/abaa.mx\/tienda\/\"},{\"@type\":\"ListItem\",\"position\":2,\"name\":\"Tienda\",\"item\":\"https:\/\/abaa.mx\/tienda\/\"},{\"@type\":\"ListItem\",\"position\":3,\"name\":\"mitutoyo 422-332-30 serie 422 husillo no giratorio micr\u00f3metro de cuchilla digital, 2 a 3&#8243;\"}]},{\"@type\":\"WebSite\",\"@id\":\"https:\/\/abaa.mx\/tienda\/#website\",\"url\":\"https:\/\/abaa.mx\/tienda\/\",\"name\":\"Abaa tienda online\",\"description\":\"Instrumentos de medici\u00f3n\",\"publisher\":{\"@id\":\"https:\/\/abaa.mx\/tienda\/#organization\"},\"potentialAction\":[{\"@type\":\"SearchAction\",\"target\":{\"@type\":\"EntryPoint\",\"urlTemplate\":\"https:\/\/abaa.mx\/tienda\/?s={search_term_string}\"},\"query-input\":{\"@type\":\"PropertyValueSpecification\",\"valueRequired\":true,\"valueName\":\"search_term_string\"}}],\"inLanguage\":\"es\"},{\"@type\":\"Organization\",\"@id\":\"https:\/\/abaa.mx\/tienda\/#organization\",\"name\":\"Abaa tienda online\",\"url\":\"https:\/\/abaa.mx\/tienda\/\",\"logo\":{\"@type\":\"ImageObject\",\"inLanguage\":\"es\",\"@id\":\"https:\/\/abaa.mx\/tienda\/#\/schema\/logo\/image\/\",\"url\":\"https:\/\/abaa.mx\/tienda\/wp-content\/uploads\/2024\/01\/abaa-metrologia-tienda.png\",\"contentUrl\":\"https:\/\/abaa.mx\/tienda\/wp-content\/uploads\/2024\/01\/abaa-metrologia-tienda.png\",\"width\":300,\"height\":141,\"caption\":\"Abaa tienda online\"},\"image\":{\"@id\":\"https:\/\/abaa.mx\/tienda\/#\/schema\/logo\/image\/\"}}]}<\/script>\n<!-- \/ Yoast SEO plugin. -->","yoast_head_json":{"title":"mitutoyo 422-332-30 serie 422 husillo no giratorio micr\u00f3metro de cuchilla digital, 2 a 3\" - Abaa tienda online","robots":{"index":"index","follow":"follow","max-snippet":"max-snippet:-1","max-image-preview":"max-image-preview:large","max-video-preview":"max-video-preview:-1"},"canonical":"https:\/\/abaa.mx\/tienda\/mitutoyo-422-332-30-serie-422-husillo-no-giratorio-micrometro-de-cuchilla-digital-2-a-3\/","og_locale":"es_MX","og_type":"article","og_title":"mitutoyo 422-332-30 serie 422 husillo no giratorio micr\u00f3metro de cuchilla digital, 2 a 3\" - Abaa tienda online","og_description":"Este micr\u00f3metro digital cuenta con una cuchilla de medici\u00f3n en el yunque y el husillo. Viene en un estuche de pl\u00e1stico ajustado.","og_url":"https:\/\/abaa.mx\/tienda\/mitutoyo-422-332-30-serie-422-husillo-no-giratorio-micrometro-de-cuchilla-digital-2-a-3\/","og_site_name":"Abaa tienda online","og_image":[{"width":1000,"height":1000,"url":"https:\/\/abaa.mx\/tienda\/wp-content\/uploads\/2023\/10\/422-332-30-1.jpg","type":"image\/jpeg"}],"twitter_card":"summary_large_image","twitter_misc":{"Tiempo de lectura":"1 minuto"},"schema":{"@context":"https:\/\/schema.org","@graph":[{"@type":"WebPage","@id":"https:\/\/abaa.mx\/tienda\/mitutoyo-422-332-30-serie-422-husillo-no-giratorio-micrometro-de-cuchilla-digital-2-a-3\/","url":"https:\/\/abaa.mx\/tienda\/mitutoyo-422-332-30-serie-422-husillo-no-giratorio-micrometro-de-cuchilla-digital-2-a-3\/","name":"mitutoyo 422-332-30 serie 422 husillo no giratorio micr\u00f3metro de cuchilla digital, 2 a 3\" - Abaa tienda online","isPartOf":{"@id":"https:\/\/abaa.mx\/tienda\/#website"},"primaryImageOfPage":{"@id":"https:\/\/abaa.mx\/tienda\/mitutoyo-422-332-30-serie-422-husillo-no-giratorio-micrometro-de-cuchilla-digital-2-a-3\/#primaryimage"},"image":{"@id":"https:\/\/abaa.mx\/tienda\/mitutoyo-422-332-30-serie-422-husillo-no-giratorio-micrometro-de-cuchilla-digital-2-a-3\/#primaryimage"},"thumbnailUrl":"https:\/\/abaa.mx\/tienda\/wp-content\/uploads\/2023\/10\/422-332-30-1.jpg","datePublished":"2023-10-11T20:36:53+00:00","breadcrumb":{"@id":"https:\/\/abaa.mx\/tienda\/mitutoyo-422-332-30-serie-422-husillo-no-giratorio-micrometro-de-cuchilla-digital-2-a-3\/#breadcrumb"},"inLanguage":"es","potentialAction":[{"@type":"ReadAction","target":["https:\/\/abaa.mx\/tienda\/mitutoyo-422-332-30-serie-422-husillo-no-giratorio-micrometro-de-cuchilla-digital-2-a-3\/"]}]},{"@type":"ImageObject","inLanguage":"es","@id":"https:\/\/abaa.mx\/tienda\/mitutoyo-422-332-30-serie-422-husillo-no-giratorio-micrometro-de-cuchilla-digital-2-a-3\/#primaryimage","url":"https:\/\/abaa.mx\/tienda\/wp-content\/uploads\/2023\/10\/422-332-30-1.jpg","contentUrl":"https:\/\/abaa.mx\/tienda\/wp-content\/uploads\/2023\/10\/422-332-30-1.jpg","width":1000,"height":1000,"caption":"422-332-30"},{"@type":"BreadcrumbList","@id":"https:\/\/abaa.mx\/tienda\/mitutoyo-422-332-30-serie-422-husillo-no-giratorio-micrometro-de-cuchilla-digital-2-a-3\/#breadcrumb","itemListElement":[{"@type":"ListItem","position":1,"name":"Inicio","item":"https:\/\/abaa.mx\/tienda\/"},{"@type":"ListItem","position":2,"name":"Tienda","item":"https:\/\/abaa.mx\/tienda\/"},{"@type":"ListItem","position":3,"name":"mitutoyo 422-332-30 serie 422 husillo no giratorio micr\u00f3metro de cuchilla digital, 2 a 3&#8243;"}]},{"@type":"WebSite","@id":"https:\/\/abaa.mx\/tienda\/#website","url":"https:\/\/abaa.mx\/tienda\/","name":"Abaa tienda online","description":"Instrumentos de medici\u00f3n","publisher":{"@id":"https:\/\/abaa.mx\/tienda\/#organization"},"potentialAction":[{"@type":"SearchAction","target":{"@type":"EntryPoint","urlTemplate":"https:\/\/abaa.mx\/tienda\/?s={search_term_string}"},"query-input":{"@type":"PropertyValueSpecification","valueRequired":true,"valueName":"search_term_string"}}],"inLanguage":"es"},{"@type":"Organization","@id":"https:\/\/abaa.mx\/tienda\/#organization","name":"Abaa tienda online","url":"https:\/\/abaa.mx\/tienda\/","logo":{"@type":"ImageObject","inLanguage":"es","@id":"https:\/\/abaa.mx\/tienda\/#\/schema\/logo\/image\/","url":"https:\/\/abaa.mx\/tienda\/wp-content\/uploads\/2024\/01\/abaa-metrologia-tienda.png","contentUrl":"https:\/\/abaa.mx\/tienda\/wp-content\/uploads\/2024\/01\/abaa-metrologia-tienda.png","width":300,"height":141,"caption":"Abaa tienda online"},"image":{"@id":"https:\/\/abaa.mx\/tienda\/#\/schema\/logo\/image\/"}}]}},"_links":{"self":[{"href":"https:\/\/abaa.mx\/tienda\/wp-json\/wp\/v2\/product\/5715","targetHints":{"allow":["GET"]}}],"collection":[{"href":"https:\/\/abaa.mx\/tienda\/wp-json\/wp\/v2\/product"}],"about":[{"href":"https:\/\/abaa.mx\/tienda\/wp-json\/wp\/v2\/types\/product"}],"replies":[{"embeddable":true,"href":"https:\/\/abaa.mx\/tienda\/wp-json\/wp\/v2\/comments?post=5715"}],"wp:featuredmedia":[{"embeddable":true,"href":"https:\/\/abaa.mx\/tienda\/wp-json\/wp\/v2\/media\/5717"}],"wp:attachment":[{"href":"https:\/\/abaa.mx\/tienda\/wp-json\/wp\/v2\/media?parent=5715"}],"wp:term":[{"taxonomy":"product_brand","embeddable":true,"href":"https:\/\/abaa.mx\/tienda\/wp-json\/wp\/v2\/product_brand?post=5715"},{"taxonomy":"product_cat","embeddable":true,"href":"https:\/\/abaa.mx\/tienda\/wp-json\/wp\/v2\/product_cat?post=5715"},{"taxonomy":"product_tag","embeddable":true,"href":"https:\/\/abaa.mx\/tienda\/wp-json\/wp\/v2\/product_tag?post=5715"}],"curies":[{"name":"wp","href":"https:\/\/api.w.org\/{rel}","templated":true}]}}