{"id":5707,"date":"2023-10-11T20:18:17","date_gmt":"2023-10-11T20:18:17","guid":{"rendered":"https:\/\/abaa.mx\/tienda\/?post_type=product&#038;p=5707"},"modified":"2023-10-11T20:18:18","modified_gmt":"2023-10-11T20:18:18","slug":"fluke-985-contador-de-particulas","status":"publish","type":"product","link":"https:\/\/abaa.mx\/tienda\/fluke-985-contador-de-particulas\/","title":{"rendered":"Fluke 985 contador de part\u00edculas"},"content":{"rendered":"<h2><strong>Solucionar problemas de calidad del aire interior de forma sencilla<\/strong><\/h2>\n<p>El contador de part\u00edculas es una herramienta esencial en la caja de herramientas de los profesionales del mantenimiento de las instalaciones, la climatizaci\u00f3n y la calidad del aire interior. Desde las pruebas de filtros hasta las investigaciones sobre la calidad del aire interior, el contador de part\u00edculas proporciona al usuario datos valiosos sobre la concentraci\u00f3n y el origen de las part\u00edculas en el entorno analizado. El nuevo contador de part\u00edculas Fluke 985 es ideal para solucionar problemas y monitorizar problemas de calidad del aire interior y verificar el rendimiento del filtro HVAC y las ubicaciones cr\u00edticas para la certificaci\u00f3n ISO Clase 5-9. Con un dise\u00f1o ergon\u00f3mico ultraligero, una pantalla a color f\u00e1cil de ver con iconos intuitivos y gr\u00e1ficos de tendencias en pantalla para un an\u00e1lisis f\u00e1cil y r\u00e1pido, el Fluke 985 es imprescindible para cualquier profesional del mantenimiento, la climatizaci\u00f3n y la calidad del aire interior.<\/p>\n<h5><strong>Caracter\u00edsticas del contador de part\u00edculas Fluke 985:<\/strong><\/h5>\n<ul>\n<li>Seis canales y un rango de tama\u00f1o de part\u00edcula de 0,3 \u03bcm a 10 \u03bcm<\/li>\n<li>Dise\u00f1o ultraligero y ergon\u00f3mico para un f\u00e1cil manejo con una sola mano<\/li>\n<li>Diez horas de duraci\u00f3n de la bater\u00eda de uso est\u00e1ndar para durar un d\u00eda completo de trabajo<\/li>\n<li>Gran pantalla a color QVGC de 3,5 pulgadas con retroiluminaci\u00f3n, iconos intuitivos y opciones de fuentes grandes que facilitan la navegaci\u00f3n y la visualizaci\u00f3n<\/li>\n<li>10.000 registros almacenados en el dispositivo para facilitar el acceso a los datos hist\u00f3ricos<\/li>\n<li>Los datos se pueden ver en formato tradicional gr\u00e1fico tabular o de tendencia seg\u00fan las preferencias del usuario<\/li>\n<li>Pantalla configurable, m\u00e9todos de muestra y configuraci\u00f3n de alarma para el recuento del tama\u00f1o de la muestra (recuento bruto, por pie c\u00fabico, metro c\u00fabico o litro)<\/li>\n<li>Exportaci\u00f3n de datos a una memoria USB o conexi\u00f3n directa a la PC mediante un cable USB. No se requiere ning\u00fan software especial para ver archivos compatibles con Excel<\/li>\n<li>Ethernet habilitado para acceder a los datos a trav\u00e9s del navegador de Internet (Explorador de Windows, Safari y Firefox)<\/li>\n<li>La base de carga USB\/Ethernet garantiza que la unidad est\u00e9 siempre lista para su uso<\/li>\n<li>Control de contrase\u00f1a de administrador (opcional) para mayor seguridad<\/li>\n<li>Cumple con las normas ISO 21501, JIS B9921 y CE<\/li>\n<\/ul>\n","protected":false},"excerpt":{"rendered":"<p>El contador de part\u00edculas Fluke 985 es una herramienta esencial para los profesionales de aplicaciones de calefacci\u00f3n, ventilaci\u00f3n, aire acondicionado y calidad del aire. Desde probar filtros hasta realizar estudios de calidad del aire, el Fluke 985 es la soluci\u00f3n port\u00e1til para determinar la concentraci\u00f3n de part\u00edculas en el aire. Use el Fluke 985 para responder inmediatamente a las demandas de los usuarios de cualquier emplazamiento o como parte de un programa de mantenimiento preventivo integral.<\/p>\n","protected":false},"featured_media":5713,"comment_status":"open","ping_status":"closed","template":"","meta":{"_joinchat":[]},"product_brand":[],"product_cat":[15],"product_tag":[],"class_list":{"0":"post-5707","1":"product","2":"type-product","3":"status-publish","4":"has-post-thumbnail","6":"product_cat-sin-categorizar","8":"first","9":"instock","10":"shipping-taxable","11":"product-type-simple"},"yoast_head":"<!-- This site is optimized with the Yoast SEO plugin v26.4 - https:\/\/yoast.com\/wordpress\/plugins\/seo\/ -->\n<title>Fluke 985 contador de part\u00edculas - Abaa tienda online<\/title>\n<meta name=\"robots\" content=\"index, follow, max-snippet:-1, max-image-preview:large, max-video-preview:-1\" \/>\n<link rel=\"canonical\" href=\"https:\/\/abaa.mx\/tienda\/fluke-985-contador-de-particulas\/\" \/>\n<meta property=\"og:locale\" content=\"es_MX\" \/>\n<meta property=\"og:type\" content=\"article\" \/>\n<meta property=\"og:title\" content=\"Fluke 985 contador de part\u00edculas - Abaa tienda online\" \/>\n<meta property=\"og:description\" content=\"El contador de part\u00edculas Fluke 985 es una herramienta esencial para los profesionales de aplicaciones de calefacci\u00f3n, ventilaci\u00f3n, aire acondicionado y calidad del aire. Desde probar filtros hasta realizar estudios de calidad del aire, el Fluke 985 es la soluci\u00f3n port\u00e1til para determinar la concentraci\u00f3n de part\u00edculas en el aire. Use el Fluke 985 para responder inmediatamente a las demandas de los usuarios de cualquier emplazamiento o como parte de un programa de mantenimiento preventivo integral.\" \/>\n<meta property=\"og:url\" content=\"https:\/\/abaa.mx\/tienda\/fluke-985-contador-de-particulas\/\" \/>\n<meta property=\"og:site_name\" content=\"Abaa tienda online\" \/>\n<meta property=\"article:modified_time\" content=\"2023-10-11T20:18:18+00:00\" \/>\n<meta property=\"og:image\" content=\"https:\/\/abaa.mx\/tienda\/wp-content\/uploads\/2023\/10\/FLUKE-985.jpg\" \/>\n\t<meta property=\"og:image:width\" content=\"569\" \/>\n\t<meta property=\"og:image:height\" content=\"396\" \/>\n\t<meta property=\"og:image:type\" content=\"image\/jpeg\" \/>\n<meta name=\"twitter:card\" content=\"summary_large_image\" \/>\n<meta name=\"twitter:label1\" content=\"Tiempo de lectura\" \/>\n\t<meta name=\"twitter:data1\" content=\"2 minutos\" \/>\n<script type=\"application\/ld+json\" class=\"yoast-schema-graph\">{\"@context\":\"https:\/\/schema.org\",\"@graph\":[{\"@type\":\"WebPage\",\"@id\":\"https:\/\/abaa.mx\/tienda\/fluke-985-contador-de-particulas\/\",\"url\":\"https:\/\/abaa.mx\/tienda\/fluke-985-contador-de-particulas\/\",\"name\":\"Fluke 985 contador de part\u00edculas - Abaa tienda online\",\"isPartOf\":{\"@id\":\"https:\/\/abaa.mx\/tienda\/#website\"},\"primaryImageOfPage\":{\"@id\":\"https:\/\/abaa.mx\/tienda\/fluke-985-contador-de-particulas\/#primaryimage\"},\"image\":{\"@id\":\"https:\/\/abaa.mx\/tienda\/fluke-985-contador-de-particulas\/#primaryimage\"},\"thumbnailUrl\":\"https:\/\/abaa.mx\/tienda\/wp-content\/uploads\/2023\/10\/FLUKE-985.jpg\",\"datePublished\":\"2023-10-11T20:18:17+00:00\",\"dateModified\":\"2023-10-11T20:18:18+00:00\",\"breadcrumb\":{\"@id\":\"https:\/\/abaa.mx\/tienda\/fluke-985-contador-de-particulas\/#breadcrumb\"},\"inLanguage\":\"es\",\"potentialAction\":[{\"@type\":\"ReadAction\",\"target\":[\"https:\/\/abaa.mx\/tienda\/fluke-985-contador-de-particulas\/\"]}]},{\"@type\":\"ImageObject\",\"inLanguage\":\"es\",\"@id\":\"https:\/\/abaa.mx\/tienda\/fluke-985-contador-de-particulas\/#primaryimage\",\"url\":\"https:\/\/abaa.mx\/tienda\/wp-content\/uploads\/2023\/10\/FLUKE-985.jpg\",\"contentUrl\":\"https:\/\/abaa.mx\/tienda\/wp-content\/uploads\/2023\/10\/FLUKE-985.jpg\",\"width\":569,\"height\":396,\"caption\":\"FLUKE 985\"},{\"@type\":\"BreadcrumbList\",\"@id\":\"https:\/\/abaa.mx\/tienda\/fluke-985-contador-de-particulas\/#breadcrumb\",\"itemListElement\":[{\"@type\":\"ListItem\",\"position\":1,\"name\":\"Inicio\",\"item\":\"https:\/\/abaa.mx\/tienda\/\"},{\"@type\":\"ListItem\",\"position\":2,\"name\":\"Tienda\",\"item\":\"https:\/\/abaa.mx\/tienda\/\"},{\"@type\":\"ListItem\",\"position\":3,\"name\":\"Fluke 985 contador de part\u00edculas\"}]},{\"@type\":\"WebSite\",\"@id\":\"https:\/\/abaa.mx\/tienda\/#website\",\"url\":\"https:\/\/abaa.mx\/tienda\/\",\"name\":\"Abaa tienda online\",\"description\":\"Instrumentos de medici\u00f3n\",\"publisher\":{\"@id\":\"https:\/\/abaa.mx\/tienda\/#organization\"},\"potentialAction\":[{\"@type\":\"SearchAction\",\"target\":{\"@type\":\"EntryPoint\",\"urlTemplate\":\"https:\/\/abaa.mx\/tienda\/?s={search_term_string}\"},\"query-input\":{\"@type\":\"PropertyValueSpecification\",\"valueRequired\":true,\"valueName\":\"search_term_string\"}}],\"inLanguage\":\"es\"},{\"@type\":\"Organization\",\"@id\":\"https:\/\/abaa.mx\/tienda\/#organization\",\"name\":\"Abaa tienda online\",\"url\":\"https:\/\/abaa.mx\/tienda\/\",\"logo\":{\"@type\":\"ImageObject\",\"inLanguage\":\"es\",\"@id\":\"https:\/\/abaa.mx\/tienda\/#\/schema\/logo\/image\/\",\"url\":\"https:\/\/abaa.mx\/tienda\/wp-content\/uploads\/2024\/01\/abaa-metrologia-tienda.png\",\"contentUrl\":\"https:\/\/abaa.mx\/tienda\/wp-content\/uploads\/2024\/01\/abaa-metrologia-tienda.png\",\"width\":300,\"height\":141,\"caption\":\"Abaa tienda online\"},\"image\":{\"@id\":\"https:\/\/abaa.mx\/tienda\/#\/schema\/logo\/image\/\"}}]}<\/script>\n<!-- \/ Yoast SEO plugin. -->","yoast_head_json":{"title":"Fluke 985 contador de part\u00edculas - Abaa tienda online","robots":{"index":"index","follow":"follow","max-snippet":"max-snippet:-1","max-image-preview":"max-image-preview:large","max-video-preview":"max-video-preview:-1"},"canonical":"https:\/\/abaa.mx\/tienda\/fluke-985-contador-de-particulas\/","og_locale":"es_MX","og_type":"article","og_title":"Fluke 985 contador de part\u00edculas - Abaa tienda online","og_description":"El contador de part\u00edculas Fluke 985 es una herramienta esencial para los profesionales de aplicaciones de calefacci\u00f3n, ventilaci\u00f3n, aire acondicionado y calidad del aire. Desde probar filtros hasta realizar estudios de calidad del aire, el Fluke 985 es la soluci\u00f3n port\u00e1til para determinar la concentraci\u00f3n de part\u00edculas en el aire. Use el Fluke 985 para responder inmediatamente a las demandas de los usuarios de cualquier emplazamiento o como parte de un programa de mantenimiento preventivo integral.","og_url":"https:\/\/abaa.mx\/tienda\/fluke-985-contador-de-particulas\/","og_site_name":"Abaa tienda online","article_modified_time":"2023-10-11T20:18:18+00:00","og_image":[{"width":569,"height":396,"url":"https:\/\/abaa.mx\/tienda\/wp-content\/uploads\/2023\/10\/FLUKE-985.jpg","type":"image\/jpeg"}],"twitter_card":"summary_large_image","twitter_misc":{"Tiempo de lectura":"2 minutos"},"schema":{"@context":"https:\/\/schema.org","@graph":[{"@type":"WebPage","@id":"https:\/\/abaa.mx\/tienda\/fluke-985-contador-de-particulas\/","url":"https:\/\/abaa.mx\/tienda\/fluke-985-contador-de-particulas\/","name":"Fluke 985 contador de part\u00edculas - Abaa tienda online","isPartOf":{"@id":"https:\/\/abaa.mx\/tienda\/#website"},"primaryImageOfPage":{"@id":"https:\/\/abaa.mx\/tienda\/fluke-985-contador-de-particulas\/#primaryimage"},"image":{"@id":"https:\/\/abaa.mx\/tienda\/fluke-985-contador-de-particulas\/#primaryimage"},"thumbnailUrl":"https:\/\/abaa.mx\/tienda\/wp-content\/uploads\/2023\/10\/FLUKE-985.jpg","datePublished":"2023-10-11T20:18:17+00:00","dateModified":"2023-10-11T20:18:18+00:00","breadcrumb":{"@id":"https:\/\/abaa.mx\/tienda\/fluke-985-contador-de-particulas\/#breadcrumb"},"inLanguage":"es","potentialAction":[{"@type":"ReadAction","target":["https:\/\/abaa.mx\/tienda\/fluke-985-contador-de-particulas\/"]}]},{"@type":"ImageObject","inLanguage":"es","@id":"https:\/\/abaa.mx\/tienda\/fluke-985-contador-de-particulas\/#primaryimage","url":"https:\/\/abaa.mx\/tienda\/wp-content\/uploads\/2023\/10\/FLUKE-985.jpg","contentUrl":"https:\/\/abaa.mx\/tienda\/wp-content\/uploads\/2023\/10\/FLUKE-985.jpg","width":569,"height":396,"caption":"FLUKE 985"},{"@type":"BreadcrumbList","@id":"https:\/\/abaa.mx\/tienda\/fluke-985-contador-de-particulas\/#breadcrumb","itemListElement":[{"@type":"ListItem","position":1,"name":"Inicio","item":"https:\/\/abaa.mx\/tienda\/"},{"@type":"ListItem","position":2,"name":"Tienda","item":"https:\/\/abaa.mx\/tienda\/"},{"@type":"ListItem","position":3,"name":"Fluke 985 contador de part\u00edculas"}]},{"@type":"WebSite","@id":"https:\/\/abaa.mx\/tienda\/#website","url":"https:\/\/abaa.mx\/tienda\/","name":"Abaa tienda online","description":"Instrumentos de medici\u00f3n","publisher":{"@id":"https:\/\/abaa.mx\/tienda\/#organization"},"potentialAction":[{"@type":"SearchAction","target":{"@type":"EntryPoint","urlTemplate":"https:\/\/abaa.mx\/tienda\/?s={search_term_string}"},"query-input":{"@type":"PropertyValueSpecification","valueRequired":true,"valueName":"search_term_string"}}],"inLanguage":"es"},{"@type":"Organization","@id":"https:\/\/abaa.mx\/tienda\/#organization","name":"Abaa tienda online","url":"https:\/\/abaa.mx\/tienda\/","logo":{"@type":"ImageObject","inLanguage":"es","@id":"https:\/\/abaa.mx\/tienda\/#\/schema\/logo\/image\/","url":"https:\/\/abaa.mx\/tienda\/wp-content\/uploads\/2024\/01\/abaa-metrologia-tienda.png","contentUrl":"https:\/\/abaa.mx\/tienda\/wp-content\/uploads\/2024\/01\/abaa-metrologia-tienda.png","width":300,"height":141,"caption":"Abaa tienda online"},"image":{"@id":"https:\/\/abaa.mx\/tienda\/#\/schema\/logo\/image\/"}}]}},"_links":{"self":[{"href":"https:\/\/abaa.mx\/tienda\/wp-json\/wp\/v2\/product\/5707","targetHints":{"allow":["GET"]}}],"collection":[{"href":"https:\/\/abaa.mx\/tienda\/wp-json\/wp\/v2\/product"}],"about":[{"href":"https:\/\/abaa.mx\/tienda\/wp-json\/wp\/v2\/types\/product"}],"replies":[{"embeddable":true,"href":"https:\/\/abaa.mx\/tienda\/wp-json\/wp\/v2\/comments?post=5707"}],"wp:featuredmedia":[{"embeddable":true,"href":"https:\/\/abaa.mx\/tienda\/wp-json\/wp\/v2\/media\/5713"}],"wp:attachment":[{"href":"https:\/\/abaa.mx\/tienda\/wp-json\/wp\/v2\/media?parent=5707"}],"wp:term":[{"taxonomy":"product_brand","embeddable":true,"href":"https:\/\/abaa.mx\/tienda\/wp-json\/wp\/v2\/product_brand?post=5707"},{"taxonomy":"product_cat","embeddable":true,"href":"https:\/\/abaa.mx\/tienda\/wp-json\/wp\/v2\/product_cat?post=5707"},{"taxonomy":"product_tag","embeddable":true,"href":"https:\/\/abaa.mx\/tienda\/wp-json\/wp\/v2\/product_tag?post=5707"}],"curies":[{"name":"wp","href":"https:\/\/api.w.org\/{rel}","templated":true}]}}