{"id":5678,"date":"2023-10-11T19:18:44","date_gmt":"2023-10-11T19:18:44","guid":{"rendered":"https:\/\/abaa.mx\/tienda\/?post_type=product&#038;p=5678"},"modified":"2023-10-11T19:18:45","modified_gmt":"2023-10-11T19:18:45","slug":"mitutoyo-406-253-30-serie-406-digimatic-micrometro-exterior-con-husillo-no-giratorio-75-a-100-mm","status":"publish","type":"product","link":"https:\/\/abaa.mx\/tienda\/mitutoyo-406-253-30-serie-406-digimatic-micrometro-exterior-con-husillo-no-giratorio-75-a-100-mm\/","title":{"rendered":"mitutoyo 406-253-30 serie 406 digimatic micr\u00f3metro exterior con husillo no giratorio, 75 a 100 mm"},"content":{"rendered":"<p>Obtenga mediciones precisas del espesor externo con el micr\u00f3metro exterior Digimatic de la serie 406 Mitutoyo 406 con husillo no giratorio. Esta pr\u00e1ctica herramienta est\u00e1 equipada para la salida de datos SPC y ofrece 2 alarmas de usuario y varias funciones de medici\u00f3n convenientes. Adem\u00e1s, viene en un estuche de pl\u00e1stico ajustado, para que puedas contar con \u00e9l una y otra vez. Barra est\u00e1ndar incluida.<\/p>\n<p><strong>Funciones<\/strong><\/p>\n<ul>\n<li>Produce una amplia gama de medidas en mil\u00edmetros<\/li>\n<li>Tope de trinquete para la aplicaci\u00f3n constante de la fuerza de medici\u00f3n<\/li>\n<li>La pantalla LCD permite una f\u00e1cil supervisi\u00f3n de los datos de un vistazo<\/li>\n<li>Ofrece 2 alarmas de usuario y varias funciones, como salida de datos SPC, conjunto de origen, retenci\u00f3n de datos y m\u00e1s<\/li>\n<li>Acepta accesorios Mitutoyo seleccionados (se venden por separado) para mayor funcionalidad<\/li>\n<li>Caras de medici\u00f3n con punta de carburo<\/li>\n<li>Husillo no giratorio<\/li>\n<li>Estuche de pl\u00e1stico ajustado<\/li>\n<\/ul>\n<h4>Mitutoyo 406-253-30 Especificaciones<\/h4>\n<p>&nbsp;<\/p>\n<table class=\"table table-striped\">\n<tbody>\n<tr>\n<td>Unidad(es) de medida admitida(s)<\/td>\n<td>M\u00e9trico<\/td>\n<\/tr>\n<tr>\n<td>Rango de medici\u00f3n<\/td>\n<td>De 75 a 100 mm<\/td>\n<\/tr>\n<tr>\n<td>Exactitud<\/td>\n<td>\u00b14 \u03bcm<\/td>\n<\/tr>\n<tr>\n<td>Resoluci\u00f3n<\/td>\n<td>0,001 mm; planitud de 0,000012&#8243; (0,3 \u03bcm); Paralelismo de 0,000016&#8243; (4 \u03bcm)<\/td>\n<\/tr>\n<tr>\n<td>Fuente de alimentaci\u00f3n<\/td>\n<td>Alimentado por pilas<\/td>\n<\/tr>\n<tr>\n<td>Tipo de bater\u00eda<\/td>\n<td>SR44<\/td>\n<\/tr>\n<tr>\n<td>Duraci\u00f3n de la bater\u00eda<\/td>\n<td>1.2 a\u00f1os<\/td>\n<\/tr>\n<tr>\n<td>N\u00famero de bater\u00edas necesarias<\/td>\n<td>1<\/td>\n<\/tr>\n<tr>\n<td>Peso del producto<\/td>\n<td>460 g (16,23 onzas)<\/td>\n<\/tr>\n<\/tbody>\n<\/table>\n","protected":false},"excerpt":{"rendered":"<p class=\"short-description mhide ipad-view-setting\">Utilice el micr\u00f3metro de husillo no giratorio para tomar medidas precisas. Cuenta con una pantalla LCD para que pueda ver sus lecturas de un vistazo.<\/p>\n<p class=\"comment-tag-product\">\n<div class=\"row-fluid\">\n<div class=\"span12 mobile-pricing-box-padding\">\n<form id=\"140268\" accept-charset=\"utf-8\" action=\"https:\/\/www.globaltestsupply.com\/shop\/add\" method=\"post\" name=\"addTocartFunction\">\n<div><\/div>\n<\/form>\n<\/div>\n<\/div>\n","protected":false},"featured_media":5682,"comment_status":"open","ping_status":"closed","template":"","meta":{"_joinchat":[]},"product_brand":[],"product_cat":[15],"product_tag":[],"class_list":{"0":"post-5678","1":"product","2":"type-product","3":"status-publish","4":"has-post-thumbnail","6":"product_cat-sin-categorizar","8":"first","9":"instock","10":"shipping-taxable","11":"product-type-simple"},"yoast_head":"<!-- This site is optimized with the Yoast SEO plugin v26.4 - https:\/\/yoast.com\/wordpress\/plugins\/seo\/ -->\n<title>mitutoyo 406-253-30 serie 406 digimatic micr\u00f3metro exterior con husillo no giratorio, 75 a 100 mm - Abaa tienda online<\/title>\n<meta name=\"robots\" content=\"index, follow, max-snippet:-1, max-image-preview:large, max-video-preview:-1\" \/>\n<link rel=\"canonical\" href=\"https:\/\/abaa.mx\/tienda\/mitutoyo-406-253-30-serie-406-digimatic-micrometro-exterior-con-husillo-no-giratorio-75-a-100-mm\/\" \/>\n<meta property=\"og:locale\" content=\"es_MX\" \/>\n<meta property=\"og:type\" content=\"article\" \/>\n<meta property=\"og:title\" content=\"mitutoyo 406-253-30 serie 406 digimatic micr\u00f3metro exterior con husillo no giratorio, 75 a 100 mm - Abaa tienda online\" \/>\n<meta property=\"og:description\" content=\"Utilice el micr\u00f3metro de husillo no giratorio para tomar medidas precisas. Cuenta con una pantalla LCD para que pueda ver sus lecturas de un vistazo.\" \/>\n<meta property=\"og:url\" content=\"https:\/\/abaa.mx\/tienda\/mitutoyo-406-253-30-serie-406-digimatic-micrometro-exterior-con-husillo-no-giratorio-75-a-100-mm\/\" \/>\n<meta property=\"og:site_name\" content=\"Abaa tienda online\" \/>\n<meta property=\"article:modified_time\" content=\"2023-10-11T19:18:45+00:00\" \/>\n<meta property=\"og:image\" content=\"https:\/\/abaa.mx\/tienda\/wp-content\/uploads\/2023\/10\/406-253-30.jpg\" \/>\n\t<meta property=\"og:image:width\" content=\"800\" \/>\n\t<meta property=\"og:image:height\" content=\"800\" \/>\n\t<meta property=\"og:image:type\" content=\"image\/jpeg\" \/>\n<meta name=\"twitter:card\" content=\"summary_large_image\" \/>\n<meta name=\"twitter:label1\" content=\"Tiempo de lectura\" \/>\n\t<meta name=\"twitter:data1\" content=\"1 minuto\" \/>\n<script type=\"application\/ld+json\" class=\"yoast-schema-graph\">{\"@context\":\"https:\/\/schema.org\",\"@graph\":[{\"@type\":\"WebPage\",\"@id\":\"https:\/\/abaa.mx\/tienda\/mitutoyo-406-253-30-serie-406-digimatic-micrometro-exterior-con-husillo-no-giratorio-75-a-100-mm\/\",\"url\":\"https:\/\/abaa.mx\/tienda\/mitutoyo-406-253-30-serie-406-digimatic-micrometro-exterior-con-husillo-no-giratorio-75-a-100-mm\/\",\"name\":\"mitutoyo 406-253-30 serie 406 digimatic micr\u00f3metro exterior con husillo no giratorio, 75 a 100 mm - Abaa tienda online\",\"isPartOf\":{\"@id\":\"https:\/\/abaa.mx\/tienda\/#website\"},\"primaryImageOfPage\":{\"@id\":\"https:\/\/abaa.mx\/tienda\/mitutoyo-406-253-30-serie-406-digimatic-micrometro-exterior-con-husillo-no-giratorio-75-a-100-mm\/#primaryimage\"},\"image\":{\"@id\":\"https:\/\/abaa.mx\/tienda\/mitutoyo-406-253-30-serie-406-digimatic-micrometro-exterior-con-husillo-no-giratorio-75-a-100-mm\/#primaryimage\"},\"thumbnailUrl\":\"https:\/\/abaa.mx\/tienda\/wp-content\/uploads\/2023\/10\/406-253-30.jpg\",\"datePublished\":\"2023-10-11T19:18:44+00:00\",\"dateModified\":\"2023-10-11T19:18:45+00:00\",\"breadcrumb\":{\"@id\":\"https:\/\/abaa.mx\/tienda\/mitutoyo-406-253-30-serie-406-digimatic-micrometro-exterior-con-husillo-no-giratorio-75-a-100-mm\/#breadcrumb\"},\"inLanguage\":\"es\",\"potentialAction\":[{\"@type\":\"ReadAction\",\"target\":[\"https:\/\/abaa.mx\/tienda\/mitutoyo-406-253-30-serie-406-digimatic-micrometro-exterior-con-husillo-no-giratorio-75-a-100-mm\/\"]}]},{\"@type\":\"ImageObject\",\"inLanguage\":\"es\",\"@id\":\"https:\/\/abaa.mx\/tienda\/mitutoyo-406-253-30-serie-406-digimatic-micrometro-exterior-con-husillo-no-giratorio-75-a-100-mm\/#primaryimage\",\"url\":\"https:\/\/abaa.mx\/tienda\/wp-content\/uploads\/2023\/10\/406-253-30.jpg\",\"contentUrl\":\"https:\/\/abaa.mx\/tienda\/wp-content\/uploads\/2023\/10\/406-253-30.jpg\",\"width\":800,\"height\":800,\"caption\":\"406-253-30\"},{\"@type\":\"BreadcrumbList\",\"@id\":\"https:\/\/abaa.mx\/tienda\/mitutoyo-406-253-30-serie-406-digimatic-micrometro-exterior-con-husillo-no-giratorio-75-a-100-mm\/#breadcrumb\",\"itemListElement\":[{\"@type\":\"ListItem\",\"position\":1,\"name\":\"Inicio\",\"item\":\"https:\/\/abaa.mx\/tienda\/\"},{\"@type\":\"ListItem\",\"position\":2,\"name\":\"Tienda\",\"item\":\"https:\/\/abaa.mx\/tienda\/\"},{\"@type\":\"ListItem\",\"position\":3,\"name\":\"mitutoyo 406-253-30 serie 406 digimatic micr\u00f3metro exterior con husillo no giratorio, 75 a 100 mm\"}]},{\"@type\":\"WebSite\",\"@id\":\"https:\/\/abaa.mx\/tienda\/#website\",\"url\":\"https:\/\/abaa.mx\/tienda\/\",\"name\":\"Abaa tienda online\",\"description\":\"Instrumentos de medici\u00f3n\",\"publisher\":{\"@id\":\"https:\/\/abaa.mx\/tienda\/#organization\"},\"potentialAction\":[{\"@type\":\"SearchAction\",\"target\":{\"@type\":\"EntryPoint\",\"urlTemplate\":\"https:\/\/abaa.mx\/tienda\/?s={search_term_string}\"},\"query-input\":{\"@type\":\"PropertyValueSpecification\",\"valueRequired\":true,\"valueName\":\"search_term_string\"}}],\"inLanguage\":\"es\"},{\"@type\":\"Organization\",\"@id\":\"https:\/\/abaa.mx\/tienda\/#organization\",\"name\":\"Abaa tienda online\",\"url\":\"https:\/\/abaa.mx\/tienda\/\",\"logo\":{\"@type\":\"ImageObject\",\"inLanguage\":\"es\",\"@id\":\"https:\/\/abaa.mx\/tienda\/#\/schema\/logo\/image\/\",\"url\":\"https:\/\/abaa.mx\/tienda\/wp-content\/uploads\/2024\/01\/abaa-metrologia-tienda.png\",\"contentUrl\":\"https:\/\/abaa.mx\/tienda\/wp-content\/uploads\/2024\/01\/abaa-metrologia-tienda.png\",\"width\":300,\"height\":141,\"caption\":\"Abaa tienda online\"},\"image\":{\"@id\":\"https:\/\/abaa.mx\/tienda\/#\/schema\/logo\/image\/\"}}]}<\/script>\n<!-- \/ Yoast SEO plugin. -->","yoast_head_json":{"title":"mitutoyo 406-253-30 serie 406 digimatic micr\u00f3metro exterior con husillo no giratorio, 75 a 100 mm - Abaa tienda online","robots":{"index":"index","follow":"follow","max-snippet":"max-snippet:-1","max-image-preview":"max-image-preview:large","max-video-preview":"max-video-preview:-1"},"canonical":"https:\/\/abaa.mx\/tienda\/mitutoyo-406-253-30-serie-406-digimatic-micrometro-exterior-con-husillo-no-giratorio-75-a-100-mm\/","og_locale":"es_MX","og_type":"article","og_title":"mitutoyo 406-253-30 serie 406 digimatic micr\u00f3metro exterior con husillo no giratorio, 75 a 100 mm - Abaa tienda online","og_description":"Utilice el micr\u00f3metro de husillo no giratorio para tomar medidas precisas. Cuenta con una pantalla LCD para que pueda ver sus lecturas de un vistazo.","og_url":"https:\/\/abaa.mx\/tienda\/mitutoyo-406-253-30-serie-406-digimatic-micrometro-exterior-con-husillo-no-giratorio-75-a-100-mm\/","og_site_name":"Abaa tienda online","article_modified_time":"2023-10-11T19:18:45+00:00","og_image":[{"width":800,"height":800,"url":"https:\/\/abaa.mx\/tienda\/wp-content\/uploads\/2023\/10\/406-253-30.jpg","type":"image\/jpeg"}],"twitter_card":"summary_large_image","twitter_misc":{"Tiempo de lectura":"1 minuto"},"schema":{"@context":"https:\/\/schema.org","@graph":[{"@type":"WebPage","@id":"https:\/\/abaa.mx\/tienda\/mitutoyo-406-253-30-serie-406-digimatic-micrometro-exterior-con-husillo-no-giratorio-75-a-100-mm\/","url":"https:\/\/abaa.mx\/tienda\/mitutoyo-406-253-30-serie-406-digimatic-micrometro-exterior-con-husillo-no-giratorio-75-a-100-mm\/","name":"mitutoyo 406-253-30 serie 406 digimatic micr\u00f3metro exterior con husillo no giratorio, 75 a 100 mm - Abaa tienda online","isPartOf":{"@id":"https:\/\/abaa.mx\/tienda\/#website"},"primaryImageOfPage":{"@id":"https:\/\/abaa.mx\/tienda\/mitutoyo-406-253-30-serie-406-digimatic-micrometro-exterior-con-husillo-no-giratorio-75-a-100-mm\/#primaryimage"},"image":{"@id":"https:\/\/abaa.mx\/tienda\/mitutoyo-406-253-30-serie-406-digimatic-micrometro-exterior-con-husillo-no-giratorio-75-a-100-mm\/#primaryimage"},"thumbnailUrl":"https:\/\/abaa.mx\/tienda\/wp-content\/uploads\/2023\/10\/406-253-30.jpg","datePublished":"2023-10-11T19:18:44+00:00","dateModified":"2023-10-11T19:18:45+00:00","breadcrumb":{"@id":"https:\/\/abaa.mx\/tienda\/mitutoyo-406-253-30-serie-406-digimatic-micrometro-exterior-con-husillo-no-giratorio-75-a-100-mm\/#breadcrumb"},"inLanguage":"es","potentialAction":[{"@type":"ReadAction","target":["https:\/\/abaa.mx\/tienda\/mitutoyo-406-253-30-serie-406-digimatic-micrometro-exterior-con-husillo-no-giratorio-75-a-100-mm\/"]}]},{"@type":"ImageObject","inLanguage":"es","@id":"https:\/\/abaa.mx\/tienda\/mitutoyo-406-253-30-serie-406-digimatic-micrometro-exterior-con-husillo-no-giratorio-75-a-100-mm\/#primaryimage","url":"https:\/\/abaa.mx\/tienda\/wp-content\/uploads\/2023\/10\/406-253-30.jpg","contentUrl":"https:\/\/abaa.mx\/tienda\/wp-content\/uploads\/2023\/10\/406-253-30.jpg","width":800,"height":800,"caption":"406-253-30"},{"@type":"BreadcrumbList","@id":"https:\/\/abaa.mx\/tienda\/mitutoyo-406-253-30-serie-406-digimatic-micrometro-exterior-con-husillo-no-giratorio-75-a-100-mm\/#breadcrumb","itemListElement":[{"@type":"ListItem","position":1,"name":"Inicio","item":"https:\/\/abaa.mx\/tienda\/"},{"@type":"ListItem","position":2,"name":"Tienda","item":"https:\/\/abaa.mx\/tienda\/"},{"@type":"ListItem","position":3,"name":"mitutoyo 406-253-30 serie 406 digimatic micr\u00f3metro exterior con husillo no giratorio, 75 a 100 mm"}]},{"@type":"WebSite","@id":"https:\/\/abaa.mx\/tienda\/#website","url":"https:\/\/abaa.mx\/tienda\/","name":"Abaa tienda online","description":"Instrumentos de medici\u00f3n","publisher":{"@id":"https:\/\/abaa.mx\/tienda\/#organization"},"potentialAction":[{"@type":"SearchAction","target":{"@type":"EntryPoint","urlTemplate":"https:\/\/abaa.mx\/tienda\/?s={search_term_string}"},"query-input":{"@type":"PropertyValueSpecification","valueRequired":true,"valueName":"search_term_string"}}],"inLanguage":"es"},{"@type":"Organization","@id":"https:\/\/abaa.mx\/tienda\/#organization","name":"Abaa tienda online","url":"https:\/\/abaa.mx\/tienda\/","logo":{"@type":"ImageObject","inLanguage":"es","@id":"https:\/\/abaa.mx\/tienda\/#\/schema\/logo\/image\/","url":"https:\/\/abaa.mx\/tienda\/wp-content\/uploads\/2024\/01\/abaa-metrologia-tienda.png","contentUrl":"https:\/\/abaa.mx\/tienda\/wp-content\/uploads\/2024\/01\/abaa-metrologia-tienda.png","width":300,"height":141,"caption":"Abaa tienda online"},"image":{"@id":"https:\/\/abaa.mx\/tienda\/#\/schema\/logo\/image\/"}}]}},"_links":{"self":[{"href":"https:\/\/abaa.mx\/tienda\/wp-json\/wp\/v2\/product\/5678","targetHints":{"allow":["GET"]}}],"collection":[{"href":"https:\/\/abaa.mx\/tienda\/wp-json\/wp\/v2\/product"}],"about":[{"href":"https:\/\/abaa.mx\/tienda\/wp-json\/wp\/v2\/types\/product"}],"replies":[{"embeddable":true,"href":"https:\/\/abaa.mx\/tienda\/wp-json\/wp\/v2\/comments?post=5678"}],"wp:featuredmedia":[{"embeddable":true,"href":"https:\/\/abaa.mx\/tienda\/wp-json\/wp\/v2\/media\/5682"}],"wp:attachment":[{"href":"https:\/\/abaa.mx\/tienda\/wp-json\/wp\/v2\/media?parent=5678"}],"wp:term":[{"taxonomy":"product_brand","embeddable":true,"href":"https:\/\/abaa.mx\/tienda\/wp-json\/wp\/v2\/product_brand?post=5678"},{"taxonomy":"product_cat","embeddable":true,"href":"https:\/\/abaa.mx\/tienda\/wp-json\/wp\/v2\/product_cat?post=5678"},{"taxonomy":"product_tag","embeddable":true,"href":"https:\/\/abaa.mx\/tienda\/wp-json\/wp\/v2\/product_tag?post=5678"}],"curies":[{"name":"wp","href":"https:\/\/api.w.org\/{rel}","templated":true}]}}