{"id":5635,"date":"2023-10-11T17:23:50","date_gmt":"2023-10-11T17:23:50","guid":{"rendered":"https:\/\/abaa.mx\/tienda\/?post_type=product&#038;p=5635"},"modified":"2023-10-11T17:23:51","modified_gmt":"2023-10-11T17:23:51","slug":"mitutoyo-124-180-series-124-micrometro-de-diente-de-engranaje-de-yunque-de-bola-intercambiable-175-a-200-mm-%c2%b16-%ce%bcm","status":"publish","type":"product","link":"https:\/\/abaa.mx\/tienda\/mitutoyo-124-180-series-124-micrometro-de-diente-de-engranaje-de-yunque-de-bola-intercambiable-175-a-200-mm-%c2%b16-%ce%bcm\/","title":{"rendered":"Mitutoyo 124-180 series 124 micr\u00f3metro de diente de engranaje de yunque de bola intercambiable, 175 a 200 mm, \u00b16 \u03bcm"},"content":{"rendered":"<p>&nbsp;<\/p>\n<p>El micr\u00f3metro de dientes de engranaje de yunque de bola intercambiable de la serie 124 Mitutoyo 180 permite una medici\u00f3n anal\u00f3gica precisa de los engranajes. Est\u00e1 construido con caras de medici\u00f3n de carburo con punta de bola para permitir la medici\u00f3n de di\u00e1metros de pasador.<\/p>\n<h5><strong>Funciones<\/strong><\/h5>\n<ul>\n<li>Las caras de medici\u00f3n con punta de bola de carburo permiten medir el di\u00e1metro del pasador de los engranajes<\/li>\n<li>El tope de trinquete proporciona una fuerza constante para obtener resultados \u00f3ptimos<\/li>\n<li>Dise\u00f1o de barra est\u00e1ndar<\/li>\n<li>Las puntas intercambiables de husillo de yunque de bola para varios m\u00f3dulos de engranajes (0,5 a 5,25) son opcionales<\/li>\n<\/ul>\n<h4>Especificaciones<\/h4>\n<table class=\"table table-striped\">\n<tbody>\n<tr>\n<td>Rango de medici\u00f3n<\/td>\n<td>De 175 a 200 mm con graduaciones de 0,01 mm<\/td>\n<\/tr>\n<tr>\n<td>Longitud del producto<\/td>\n<td>9,46 mm (240,5&#8243;)<\/td>\n<\/tr>\n<tr>\n<td>Unidad(es) de medida admitida(s)<\/td>\n<td>M\u00e9trico<\/td>\n<\/tr>\n<tr>\n<td>Peso del producto<\/td>\n<td>2,33 g (1.060 libras)<\/td>\n<\/tr>\n<tr>\n<td>Exactitud<\/td>\n<td>\u00b16 \u03bcm<\/td>\n<\/tr>\n<tr>\n<td>Fuente de alimentaci\u00f3n<\/td>\n<td>Sin alimentaci\u00f3n<\/td>\n<\/tr>\n<\/tbody>\n<\/table>\n","protected":false},"excerpt":{"rendered":"<p class=\"short-description mhide ipad-view-setting\">El micr\u00f3metro de dientes de engranajes proporciona las herramientas para medir el di\u00e1metro de los engranajes. Est\u00e1 dise\u00f1ado con un tope de trinquete para proporcionar una fuerza constante para obtener resultados \u00f3ptimos.<\/p>\n<p class=\"comment-tag-product\">\n<div class=\"row-fluid\">\n<div class=\"span12 mobile-pricing-box-padding\">\n<form id=\"152661\" accept-charset=\"utf-8\" action=\"https:\/\/www.globaltestsupply.com\/shop\/add\" method=\"post\" name=\"addTocartFunction\">\n<div><\/div>\n<\/form>\n<\/div>\n<\/div>\n","protected":false},"featured_media":5641,"comment_status":"open","ping_status":"closed","template":"","meta":{"_joinchat":[]},"product_brand":[],"product_cat":[15],"product_tag":[],"class_list":{"0":"post-5635","1":"product","2":"type-product","3":"status-publish","4":"has-post-thumbnail","6":"product_cat-sin-categorizar","8":"first","9":"instock","10":"shipping-taxable","11":"product-type-simple"},"yoast_head":"<!-- This site is optimized with the Yoast SEO plugin v26.4 - https:\/\/yoast.com\/wordpress\/plugins\/seo\/ -->\n<title>Mitutoyo 124-180 series 124 micr\u00f3metro de diente de engranaje de yunque de bola intercambiable, 175 a 200 mm, \u00b16 \u03bcm - Abaa tienda online<\/title>\n<meta name=\"robots\" content=\"index, follow, max-snippet:-1, max-image-preview:large, max-video-preview:-1\" \/>\n<link rel=\"canonical\" href=\"https:\/\/abaa.mx\/tienda\/mitutoyo-124-180-series-124-micrometro-de-diente-de-engranaje-de-yunque-de-bola-intercambiable-175-a-200-mm-\u00b16-\u03bcm\/\" \/>\n<meta property=\"og:locale\" content=\"es_MX\" \/>\n<meta property=\"og:type\" content=\"article\" \/>\n<meta property=\"og:title\" content=\"Mitutoyo 124-180 series 124 micr\u00f3metro de diente de engranaje de yunque de bola intercambiable, 175 a 200 mm, \u00b16 \u03bcm - Abaa tienda online\" \/>\n<meta property=\"og:description\" content=\"El micr\u00f3metro de dientes de engranajes proporciona las herramientas para medir el di\u00e1metro de los engranajes. Est\u00e1 dise\u00f1ado con un tope de trinquete para proporcionar una fuerza constante para obtener resultados \u00f3ptimos.\" \/>\n<meta property=\"og:url\" content=\"https:\/\/abaa.mx\/tienda\/mitutoyo-124-180-series-124-micrometro-de-diente-de-engranaje-de-yunque-de-bola-intercambiable-175-a-200-mm-\u00b16-\u03bcm\/\" \/>\n<meta property=\"og:site_name\" content=\"Abaa tienda online\" \/>\n<meta property=\"article:modified_time\" content=\"2023-10-11T17:23:51+00:00\" \/>\n<meta property=\"og:image\" content=\"https:\/\/abaa.mx\/tienda\/wp-content\/uploads\/2023\/10\/124-180.jpg\" \/>\n\t<meta property=\"og:image:width\" content=\"400\" \/>\n\t<meta property=\"og:image:height\" content=\"400\" \/>\n\t<meta property=\"og:image:type\" content=\"image\/jpeg\" \/>\n<meta name=\"twitter:card\" content=\"summary_large_image\" \/>\n<meta name=\"twitter:label1\" content=\"Tiempo de lectura\" \/>\n\t<meta name=\"twitter:data1\" content=\"1 minuto\" \/>\n<script type=\"application\/ld+json\" class=\"yoast-schema-graph\">{\"@context\":\"https:\/\/schema.org\",\"@graph\":[{\"@type\":\"WebPage\",\"@id\":\"https:\/\/abaa.mx\/tienda\/mitutoyo-124-180-series-124-micrometro-de-diente-de-engranaje-de-yunque-de-bola-intercambiable-175-a-200-mm-%c2%b16-%ce%bcm\/\",\"url\":\"https:\/\/abaa.mx\/tienda\/mitutoyo-124-180-series-124-micrometro-de-diente-de-engranaje-de-yunque-de-bola-intercambiable-175-a-200-mm-%c2%b16-%ce%bcm\/\",\"name\":\"Mitutoyo 124-180 series 124 micr\u00f3metro de diente de engranaje de yunque de bola intercambiable, 175 a 200 mm, \u00b16 \u03bcm - Abaa tienda online\",\"isPartOf\":{\"@id\":\"https:\/\/abaa.mx\/tienda\/#website\"},\"primaryImageOfPage\":{\"@id\":\"https:\/\/abaa.mx\/tienda\/mitutoyo-124-180-series-124-micrometro-de-diente-de-engranaje-de-yunque-de-bola-intercambiable-175-a-200-mm-%c2%b16-%ce%bcm\/#primaryimage\"},\"image\":{\"@id\":\"https:\/\/abaa.mx\/tienda\/mitutoyo-124-180-series-124-micrometro-de-diente-de-engranaje-de-yunque-de-bola-intercambiable-175-a-200-mm-%c2%b16-%ce%bcm\/#primaryimage\"},\"thumbnailUrl\":\"https:\/\/abaa.mx\/tienda\/wp-content\/uploads\/2023\/10\/124-180.jpg\",\"datePublished\":\"2023-10-11T17:23:50+00:00\",\"dateModified\":\"2023-10-11T17:23:51+00:00\",\"breadcrumb\":{\"@id\":\"https:\/\/abaa.mx\/tienda\/mitutoyo-124-180-series-124-micrometro-de-diente-de-engranaje-de-yunque-de-bola-intercambiable-175-a-200-mm-%c2%b16-%ce%bcm\/#breadcrumb\"},\"inLanguage\":\"es\",\"potentialAction\":[{\"@type\":\"ReadAction\",\"target\":[\"https:\/\/abaa.mx\/tienda\/mitutoyo-124-180-series-124-micrometro-de-diente-de-engranaje-de-yunque-de-bola-intercambiable-175-a-200-mm-%c2%b16-%ce%bcm\/\"]}]},{\"@type\":\"ImageObject\",\"inLanguage\":\"es\",\"@id\":\"https:\/\/abaa.mx\/tienda\/mitutoyo-124-180-series-124-micrometro-de-diente-de-engranaje-de-yunque-de-bola-intercambiable-175-a-200-mm-%c2%b16-%ce%bcm\/#primaryimage\",\"url\":\"https:\/\/abaa.mx\/tienda\/wp-content\/uploads\/2023\/10\/124-180.jpg\",\"contentUrl\":\"https:\/\/abaa.mx\/tienda\/wp-content\/uploads\/2023\/10\/124-180.jpg\",\"width\":400,\"height\":400,\"caption\":\"Especificaciones Masa 200 g Gama De 0 a 25 mm Exactitud \u00b1(2+L\/75) \u03bcm, L = rango m\u00e1x. (mm) Graduaci\u00f3n 0,01 mil\u00edmetros Digital\/Anal\u00f3gico Anal\u00f3gico Escama Dedal y manguito acabado cromo satinado, \u00f818 mm Husillo de medici\u00f3n Con bloqueo del husillo, \u00f86,35 mm, paso del husillo 0,5 mm Error de avance del husillo 3 \u03bcm Fuerza de medici\u00f3n 5 - 10 N\"},{\"@type\":\"BreadcrumbList\",\"@id\":\"https:\/\/abaa.mx\/tienda\/mitutoyo-124-180-series-124-micrometro-de-diente-de-engranaje-de-yunque-de-bola-intercambiable-175-a-200-mm-%c2%b16-%ce%bcm\/#breadcrumb\",\"itemListElement\":[{\"@type\":\"ListItem\",\"position\":1,\"name\":\"Inicio\",\"item\":\"https:\/\/abaa.mx\/tienda\/\"},{\"@type\":\"ListItem\",\"position\":2,\"name\":\"Tienda\",\"item\":\"https:\/\/abaa.mx\/tienda\/\"},{\"@type\":\"ListItem\",\"position\":3,\"name\":\"Mitutoyo 124-180 series 124 micr\u00f3metro de diente de engranaje de yunque de bola intercambiable, 175 a 200 mm, \u00b16 \u03bcm\"}]},{\"@type\":\"WebSite\",\"@id\":\"https:\/\/abaa.mx\/tienda\/#website\",\"url\":\"https:\/\/abaa.mx\/tienda\/\",\"name\":\"Abaa tienda online\",\"description\":\"Instrumentos de medici\u00f3n\",\"publisher\":{\"@id\":\"https:\/\/abaa.mx\/tienda\/#organization\"},\"potentialAction\":[{\"@type\":\"SearchAction\",\"target\":{\"@type\":\"EntryPoint\",\"urlTemplate\":\"https:\/\/abaa.mx\/tienda\/?s={search_term_string}\"},\"query-input\":{\"@type\":\"PropertyValueSpecification\",\"valueRequired\":true,\"valueName\":\"search_term_string\"}}],\"inLanguage\":\"es\"},{\"@type\":\"Organization\",\"@id\":\"https:\/\/abaa.mx\/tienda\/#organization\",\"name\":\"Abaa tienda online\",\"url\":\"https:\/\/abaa.mx\/tienda\/\",\"logo\":{\"@type\":\"ImageObject\",\"inLanguage\":\"es\",\"@id\":\"https:\/\/abaa.mx\/tienda\/#\/schema\/logo\/image\/\",\"url\":\"https:\/\/abaa.mx\/tienda\/wp-content\/uploads\/2024\/01\/abaa-metrologia-tienda.png\",\"contentUrl\":\"https:\/\/abaa.mx\/tienda\/wp-content\/uploads\/2024\/01\/abaa-metrologia-tienda.png\",\"width\":300,\"height\":141,\"caption\":\"Abaa tienda online\"},\"image\":{\"@id\":\"https:\/\/abaa.mx\/tienda\/#\/schema\/logo\/image\/\"}}]}<\/script>\n<!-- \/ Yoast SEO plugin. -->","yoast_head_json":{"title":"Mitutoyo 124-180 series 124 micr\u00f3metro de diente de engranaje de yunque de bola intercambiable, 175 a 200 mm, \u00b16 \u03bcm - Abaa tienda online","robots":{"index":"index","follow":"follow","max-snippet":"max-snippet:-1","max-image-preview":"max-image-preview:large","max-video-preview":"max-video-preview:-1"},"canonical":"https:\/\/abaa.mx\/tienda\/mitutoyo-124-180-series-124-micrometro-de-diente-de-engranaje-de-yunque-de-bola-intercambiable-175-a-200-mm-\u00b16-\u03bcm\/","og_locale":"es_MX","og_type":"article","og_title":"Mitutoyo 124-180 series 124 micr\u00f3metro de diente de engranaje de yunque de bola intercambiable, 175 a 200 mm, \u00b16 \u03bcm - Abaa tienda online","og_description":"El micr\u00f3metro de dientes de engranajes proporciona las herramientas para medir el di\u00e1metro de los engranajes. Est\u00e1 dise\u00f1ado con un tope de trinquete para proporcionar una fuerza constante para obtener resultados \u00f3ptimos.","og_url":"https:\/\/abaa.mx\/tienda\/mitutoyo-124-180-series-124-micrometro-de-diente-de-engranaje-de-yunque-de-bola-intercambiable-175-a-200-mm-\u00b16-\u03bcm\/","og_site_name":"Abaa tienda online","article_modified_time":"2023-10-11T17:23:51+00:00","og_image":[{"width":400,"height":400,"url":"https:\/\/abaa.mx\/tienda\/wp-content\/uploads\/2023\/10\/124-180.jpg","type":"image\/jpeg"}],"twitter_card":"summary_large_image","twitter_misc":{"Tiempo de lectura":"1 minuto"},"schema":{"@context":"https:\/\/schema.org","@graph":[{"@type":"WebPage","@id":"https:\/\/abaa.mx\/tienda\/mitutoyo-124-180-series-124-micrometro-de-diente-de-engranaje-de-yunque-de-bola-intercambiable-175-a-200-mm-%c2%b16-%ce%bcm\/","url":"https:\/\/abaa.mx\/tienda\/mitutoyo-124-180-series-124-micrometro-de-diente-de-engranaje-de-yunque-de-bola-intercambiable-175-a-200-mm-%c2%b16-%ce%bcm\/","name":"Mitutoyo 124-180 series 124 micr\u00f3metro de diente de engranaje de yunque de bola intercambiable, 175 a 200 mm, \u00b16 \u03bcm - Abaa tienda online","isPartOf":{"@id":"https:\/\/abaa.mx\/tienda\/#website"},"primaryImageOfPage":{"@id":"https:\/\/abaa.mx\/tienda\/mitutoyo-124-180-series-124-micrometro-de-diente-de-engranaje-de-yunque-de-bola-intercambiable-175-a-200-mm-%c2%b16-%ce%bcm\/#primaryimage"},"image":{"@id":"https:\/\/abaa.mx\/tienda\/mitutoyo-124-180-series-124-micrometro-de-diente-de-engranaje-de-yunque-de-bola-intercambiable-175-a-200-mm-%c2%b16-%ce%bcm\/#primaryimage"},"thumbnailUrl":"https:\/\/abaa.mx\/tienda\/wp-content\/uploads\/2023\/10\/124-180.jpg","datePublished":"2023-10-11T17:23:50+00:00","dateModified":"2023-10-11T17:23:51+00:00","breadcrumb":{"@id":"https:\/\/abaa.mx\/tienda\/mitutoyo-124-180-series-124-micrometro-de-diente-de-engranaje-de-yunque-de-bola-intercambiable-175-a-200-mm-%c2%b16-%ce%bcm\/#breadcrumb"},"inLanguage":"es","potentialAction":[{"@type":"ReadAction","target":["https:\/\/abaa.mx\/tienda\/mitutoyo-124-180-series-124-micrometro-de-diente-de-engranaje-de-yunque-de-bola-intercambiable-175-a-200-mm-%c2%b16-%ce%bcm\/"]}]},{"@type":"ImageObject","inLanguage":"es","@id":"https:\/\/abaa.mx\/tienda\/mitutoyo-124-180-series-124-micrometro-de-diente-de-engranaje-de-yunque-de-bola-intercambiable-175-a-200-mm-%c2%b16-%ce%bcm\/#primaryimage","url":"https:\/\/abaa.mx\/tienda\/wp-content\/uploads\/2023\/10\/124-180.jpg","contentUrl":"https:\/\/abaa.mx\/tienda\/wp-content\/uploads\/2023\/10\/124-180.jpg","width":400,"height":400,"caption":"Especificaciones Masa 200 g Gama De 0 a 25 mm Exactitud \u00b1(2+L\/75) \u03bcm, L = rango m\u00e1x. (mm) Graduaci\u00f3n 0,01 mil\u00edmetros Digital\/Anal\u00f3gico Anal\u00f3gico Escama Dedal y manguito acabado cromo satinado, \u00f818 mm Husillo de medici\u00f3n Con bloqueo del husillo, \u00f86,35 mm, paso del husillo 0,5 mm Error de avance del husillo 3 \u03bcm Fuerza de medici\u00f3n 5 - 10 N"},{"@type":"BreadcrumbList","@id":"https:\/\/abaa.mx\/tienda\/mitutoyo-124-180-series-124-micrometro-de-diente-de-engranaje-de-yunque-de-bola-intercambiable-175-a-200-mm-%c2%b16-%ce%bcm\/#breadcrumb","itemListElement":[{"@type":"ListItem","position":1,"name":"Inicio","item":"https:\/\/abaa.mx\/tienda\/"},{"@type":"ListItem","position":2,"name":"Tienda","item":"https:\/\/abaa.mx\/tienda\/"},{"@type":"ListItem","position":3,"name":"Mitutoyo 124-180 series 124 micr\u00f3metro de diente de engranaje de yunque de bola intercambiable, 175 a 200 mm, \u00b16 \u03bcm"}]},{"@type":"WebSite","@id":"https:\/\/abaa.mx\/tienda\/#website","url":"https:\/\/abaa.mx\/tienda\/","name":"Abaa tienda online","description":"Instrumentos de medici\u00f3n","publisher":{"@id":"https:\/\/abaa.mx\/tienda\/#organization"},"potentialAction":[{"@type":"SearchAction","target":{"@type":"EntryPoint","urlTemplate":"https:\/\/abaa.mx\/tienda\/?s={search_term_string}"},"query-input":{"@type":"PropertyValueSpecification","valueRequired":true,"valueName":"search_term_string"}}],"inLanguage":"es"},{"@type":"Organization","@id":"https:\/\/abaa.mx\/tienda\/#organization","name":"Abaa tienda online","url":"https:\/\/abaa.mx\/tienda\/","logo":{"@type":"ImageObject","inLanguage":"es","@id":"https:\/\/abaa.mx\/tienda\/#\/schema\/logo\/image\/","url":"https:\/\/abaa.mx\/tienda\/wp-content\/uploads\/2024\/01\/abaa-metrologia-tienda.png","contentUrl":"https:\/\/abaa.mx\/tienda\/wp-content\/uploads\/2024\/01\/abaa-metrologia-tienda.png","width":300,"height":141,"caption":"Abaa tienda online"},"image":{"@id":"https:\/\/abaa.mx\/tienda\/#\/schema\/logo\/image\/"}}]}},"_links":{"self":[{"href":"https:\/\/abaa.mx\/tienda\/wp-json\/wp\/v2\/product\/5635","targetHints":{"allow":["GET"]}}],"collection":[{"href":"https:\/\/abaa.mx\/tienda\/wp-json\/wp\/v2\/product"}],"about":[{"href":"https:\/\/abaa.mx\/tienda\/wp-json\/wp\/v2\/types\/product"}],"replies":[{"embeddable":true,"href":"https:\/\/abaa.mx\/tienda\/wp-json\/wp\/v2\/comments?post=5635"}],"wp:featuredmedia":[{"embeddable":true,"href":"https:\/\/abaa.mx\/tienda\/wp-json\/wp\/v2\/media\/5641"}],"wp:attachment":[{"href":"https:\/\/abaa.mx\/tienda\/wp-json\/wp\/v2\/media?parent=5635"}],"wp:term":[{"taxonomy":"product_brand","embeddable":true,"href":"https:\/\/abaa.mx\/tienda\/wp-json\/wp\/v2\/product_brand?post=5635"},{"taxonomy":"product_cat","embeddable":true,"href":"https:\/\/abaa.mx\/tienda\/wp-json\/wp\/v2\/product_cat?post=5635"},{"taxonomy":"product_tag","embeddable":true,"href":"https:\/\/abaa.mx\/tienda\/wp-json\/wp\/v2\/product_tag?post=5635"}],"curies":[{"name":"wp","href":"https:\/\/api.w.org\/{rel}","templated":true}]}}