{"id":5574,"date":"2023-10-11T15:42:24","date_gmt":"2023-10-11T15:42:24","guid":{"rendered":"https:\/\/abaa.mx\/tienda\/?post_type=product&#038;p=5574"},"modified":"2023-12-05T15:49:51","modified_gmt":"2023-12-05T15:49:51","slug":"extech-461995-combinacion-de-fotos-tacometro-de-contacto","status":"publish","type":"product","link":"https:\/\/abaa.mx\/tienda\/extech-461995-combinacion-de-fotos-tacometro-de-contacto\/","title":{"rendered":"Extech 461995 combinaci\u00f3n de fotos-tac\u00f3metro de contacto"},"content":{"rendered":"<p class=\"a-size-base-plus a-text-bold\"><strong>Sobre este art\u00edculo:<\/strong><\/p>\n<ul class=\"a-unordered-list a-vertical a-spacing-mini\">\n<li class=\"a-spacing-mini\"><span class=\"a-list-item\">Medidas de hasta 6-1\/2 pies desde el objetivo para una mayor seguridad y accesibilidad<\/span><\/li>\n<li class=\"a-spacing-mini\"><span class=\"a-list-item\">Microprocesador basado con oscilador de cristal de cuarzo para mantener una alta precisi\u00f3n<\/span><\/li>\n<li class=\"a-spacing-mini\"><span class=\"a-list-item\">La memoria del tac\u00f3metro almacena las lecturas \u00faltimas, m\u00e1ximas y m\u00ednimas<\/span><\/li>\n<li class=\"a-spacing-mini\"><span class=\"a-list-item\">Proporciona amplias mediciones de RPM (foto y contacto) y Velocidad superficial lineal (contacto)<\/span><\/li>\n<li class=\"a-spacing-mini\"><span class=\"a-list-item\">Precisi\u00f3n de 0.05 por ciento con resoluci\u00f3n m\u00e1xima de 0.1 rpm en modo foto o contacto<\/span><\/li>\n<\/ul>\n<p>&nbsp;<\/p>\n<p>Caracter\u00edsticas:<\/p>\n<ul>\n<li>Pantalla \u00fanica en la que los caracteres invierten la direcci\u00f3n seg\u00fan el modo de medici\u00f3n en el que se encuentre<\/li>\n<li>Gran pantalla LCD de 0,4&#8243; (5 d\u00edgitos)<\/li>\n<li>Basado en microprocesador con oscilador de cristal de cuarzo para mantener una alta precisi\u00f3n<\/li>\n<li>La memoria del tac\u00f3metro almacena las lecturas \u00faltimas, m\u00e1ximas y m\u00ednimas<\/li>\n<li>Proporciona amplias mediciones de RPM (foto y contacto) y velocidad de superficie lineal (contacto)<\/li>\n<li>Precisi\u00f3n del 0,05 % con una resoluci\u00f3n m\u00e1xima de 0,1 rpm en modo foto o contacto<\/li>\n<li>Completo con puntas y rueda para rpm o superficie lineal cuatro pilas AA de 1,5 V, cinta reflectante y estuche de transporte<\/li>\n<\/ul>\n<p>Caracter\u00edsticas adicionales (461995):<\/p>\n<ul>\n<li>Fototac\u00f3metro l\u00e1ser de haz estrecho para mediciones precisas de RPM sin contacto<\/li>\n<li>Mediciones de hasta 6,5 pies del objetivo para mejorar la seguridad y la accesibilidad<\/li>\n<\/ul>\n","protected":false},"excerpt":{"rendered":"<p>El fototac\u00f3metro Extech 461995 Combination Contact\/Laser proporciona funciones de medici\u00f3n de RPM con contacto (0,5 RPM a 19,999 RPM) y sin contacto (10 RPM a 99,999 RPM) para su uso en pr\u00e1cticamente todas las aplicaciones. Medici\u00f3n sin contacto guiada por l\u00e1ser a una distancia de hasta 2 m (6,5 pies) para mayor seguridad y comodidad. Viene con ruedas para mediciones lineales de velocidad superficial o RPM, 4 pilas AA, cinta reflectante de 0,6 m (23 pulgadas), estuche de transporte y manual de usuario.<\/p>\n","protected":false},"featured_media":5592,"comment_status":"open","ping_status":"closed","template":"","meta":{"_joinchat":[]},"product_brand":[],"product_cat":[15],"product_tag":[],"class_list":{"0":"post-5574","1":"product","2":"type-product","3":"status-publish","4":"has-post-thumbnail","6":"product_cat-sin-categorizar","8":"first","9":"instock","10":"shipping-taxable","11":"product-type-simple"},"yoast_head":"<!-- This site is optimized with the Yoast SEO plugin v26.4 - https:\/\/yoast.com\/wordpress\/plugins\/seo\/ -->\n<title>Extech 461995 combinaci\u00f3n de fotos-tac\u00f3metro de contacto - Abaa tienda online<\/title>\n<meta name=\"robots\" content=\"index, follow, max-snippet:-1, max-image-preview:large, max-video-preview:-1\" \/>\n<link rel=\"canonical\" href=\"https:\/\/abaa.mx\/tienda\/extech-461995-combinacion-de-fotos-tacometro-de-contacto\/\" \/>\n<meta property=\"og:locale\" content=\"es_MX\" \/>\n<meta property=\"og:type\" content=\"article\" \/>\n<meta property=\"og:title\" content=\"Extech 461995 combinaci\u00f3n de fotos-tac\u00f3metro de contacto - Abaa tienda online\" \/>\n<meta property=\"og:description\" content=\"El fototac\u00f3metro Extech 461995 Combination Contact\/Laser proporciona funciones de medici\u00f3n de RPM con contacto (0,5 RPM a 19,999 RPM) y sin contacto (10 RPM a 99,999 RPM) para su uso en pr\u00e1cticamente todas las aplicaciones. Medici\u00f3n sin contacto guiada por l\u00e1ser a una distancia de hasta 2 m (6,5 pies) para mayor seguridad y comodidad. Viene con ruedas para mediciones lineales de velocidad superficial o RPM, 4 pilas AA, cinta reflectante de 0,6 m (23 pulgadas), estuche de transporte y manual de usuario.\" \/>\n<meta property=\"og:url\" content=\"https:\/\/abaa.mx\/tienda\/extech-461995-combinacion-de-fotos-tacometro-de-contacto\/\" \/>\n<meta property=\"og:site_name\" content=\"Abaa tienda online\" \/>\n<meta property=\"article:modified_time\" content=\"2023-12-05T15:49:51+00:00\" \/>\n<meta property=\"og:image\" content=\"https:\/\/abaa.mx\/tienda\/wp-content\/uploads\/2023\/10\/461995-1.jpg\" \/>\n\t<meta property=\"og:image:width\" content=\"671\" \/>\n\t<meta property=\"og:image:height\" content=\"587\" \/>\n\t<meta property=\"og:image:type\" content=\"image\/jpeg\" \/>\n<meta name=\"twitter:card\" content=\"summary_large_image\" \/>\n<meta name=\"twitter:label1\" content=\"Tiempo de lectura\" \/>\n\t<meta name=\"twitter:data1\" content=\"1 minuto\" \/>\n<script type=\"application\/ld+json\" class=\"yoast-schema-graph\">{\"@context\":\"https:\/\/schema.org\",\"@graph\":[{\"@type\":\"WebPage\",\"@id\":\"https:\/\/abaa.mx\/tienda\/extech-461995-combinacion-de-fotos-tacometro-de-contacto\/\",\"url\":\"https:\/\/abaa.mx\/tienda\/extech-461995-combinacion-de-fotos-tacometro-de-contacto\/\",\"name\":\"Extech 461995 combinaci\u00f3n de fotos-tac\u00f3metro de contacto - Abaa tienda online\",\"isPartOf\":{\"@id\":\"https:\/\/abaa.mx\/tienda\/#website\"},\"primaryImageOfPage\":{\"@id\":\"https:\/\/abaa.mx\/tienda\/extech-461995-combinacion-de-fotos-tacometro-de-contacto\/#primaryimage\"},\"image\":{\"@id\":\"https:\/\/abaa.mx\/tienda\/extech-461995-combinacion-de-fotos-tacometro-de-contacto\/#primaryimage\"},\"thumbnailUrl\":\"https:\/\/abaa.mx\/tienda\/wp-content\/uploads\/2023\/10\/461995-1.jpg\",\"datePublished\":\"2023-10-11T15:42:24+00:00\",\"dateModified\":\"2023-12-05T15:49:51+00:00\",\"breadcrumb\":{\"@id\":\"https:\/\/abaa.mx\/tienda\/extech-461995-combinacion-de-fotos-tacometro-de-contacto\/#breadcrumb\"},\"inLanguage\":\"es\",\"potentialAction\":[{\"@type\":\"ReadAction\",\"target\":[\"https:\/\/abaa.mx\/tienda\/extech-461995-combinacion-de-fotos-tacometro-de-contacto\/\"]}]},{\"@type\":\"ImageObject\",\"inLanguage\":\"es\",\"@id\":\"https:\/\/abaa.mx\/tienda\/extech-461995-combinacion-de-fotos-tacometro-de-contacto\/#primaryimage\",\"url\":\"https:\/\/abaa.mx\/tienda\/wp-content\/uploads\/2023\/10\/461995-1.jpg\",\"contentUrl\":\"https:\/\/abaa.mx\/tienda\/wp-content\/uploads\/2023\/10\/461995-1.jpg\",\"width\":671,\"height\":587,\"caption\":\"461995\"},{\"@type\":\"BreadcrumbList\",\"@id\":\"https:\/\/abaa.mx\/tienda\/extech-461995-combinacion-de-fotos-tacometro-de-contacto\/#breadcrumb\",\"itemListElement\":[{\"@type\":\"ListItem\",\"position\":1,\"name\":\"Inicio\",\"item\":\"https:\/\/abaa.mx\/tienda\/\"},{\"@type\":\"ListItem\",\"position\":2,\"name\":\"Tienda\",\"item\":\"https:\/\/abaa.mx\/tienda\/\"},{\"@type\":\"ListItem\",\"position\":3,\"name\":\"Extech 461995 combinaci\u00f3n de fotos-tac\u00f3metro de contacto\"}]},{\"@type\":\"WebSite\",\"@id\":\"https:\/\/abaa.mx\/tienda\/#website\",\"url\":\"https:\/\/abaa.mx\/tienda\/\",\"name\":\"Abaa tienda online\",\"description\":\"Instrumentos de medici\u00f3n\",\"publisher\":{\"@id\":\"https:\/\/abaa.mx\/tienda\/#organization\"},\"potentialAction\":[{\"@type\":\"SearchAction\",\"target\":{\"@type\":\"EntryPoint\",\"urlTemplate\":\"https:\/\/abaa.mx\/tienda\/?s={search_term_string}\"},\"query-input\":{\"@type\":\"PropertyValueSpecification\",\"valueRequired\":true,\"valueName\":\"search_term_string\"}}],\"inLanguage\":\"es\"},{\"@type\":\"Organization\",\"@id\":\"https:\/\/abaa.mx\/tienda\/#organization\",\"name\":\"Abaa tienda online\",\"url\":\"https:\/\/abaa.mx\/tienda\/\",\"logo\":{\"@type\":\"ImageObject\",\"inLanguage\":\"es\",\"@id\":\"https:\/\/abaa.mx\/tienda\/#\/schema\/logo\/image\/\",\"url\":\"https:\/\/abaa.mx\/tienda\/wp-content\/uploads\/2024\/01\/abaa-metrologia-tienda.png\",\"contentUrl\":\"https:\/\/abaa.mx\/tienda\/wp-content\/uploads\/2024\/01\/abaa-metrologia-tienda.png\",\"width\":300,\"height\":141,\"caption\":\"Abaa tienda online\"},\"image\":{\"@id\":\"https:\/\/abaa.mx\/tienda\/#\/schema\/logo\/image\/\"}}]}<\/script>\n<!-- \/ Yoast SEO plugin. -->","yoast_head_json":{"title":"Extech 461995 combinaci\u00f3n de fotos-tac\u00f3metro de contacto - Abaa tienda online","robots":{"index":"index","follow":"follow","max-snippet":"max-snippet:-1","max-image-preview":"max-image-preview:large","max-video-preview":"max-video-preview:-1"},"canonical":"https:\/\/abaa.mx\/tienda\/extech-461995-combinacion-de-fotos-tacometro-de-contacto\/","og_locale":"es_MX","og_type":"article","og_title":"Extech 461995 combinaci\u00f3n de fotos-tac\u00f3metro de contacto - Abaa tienda online","og_description":"El fototac\u00f3metro Extech 461995 Combination Contact\/Laser proporciona funciones de medici\u00f3n de RPM con contacto (0,5 RPM a 19,999 RPM) y sin contacto (10 RPM a 99,999 RPM) para su uso en pr\u00e1cticamente todas las aplicaciones. Medici\u00f3n sin contacto guiada por l\u00e1ser a una distancia de hasta 2 m (6,5 pies) para mayor seguridad y comodidad. Viene con ruedas para mediciones lineales de velocidad superficial o RPM, 4 pilas AA, cinta reflectante de 0,6 m (23 pulgadas), estuche de transporte y manual de usuario.","og_url":"https:\/\/abaa.mx\/tienda\/extech-461995-combinacion-de-fotos-tacometro-de-contacto\/","og_site_name":"Abaa tienda online","article_modified_time":"2023-12-05T15:49:51+00:00","og_image":[{"width":671,"height":587,"url":"https:\/\/abaa.mx\/tienda\/wp-content\/uploads\/2023\/10\/461995-1.jpg","type":"image\/jpeg"}],"twitter_card":"summary_large_image","twitter_misc":{"Tiempo de lectura":"1 minuto"},"schema":{"@context":"https:\/\/schema.org","@graph":[{"@type":"WebPage","@id":"https:\/\/abaa.mx\/tienda\/extech-461995-combinacion-de-fotos-tacometro-de-contacto\/","url":"https:\/\/abaa.mx\/tienda\/extech-461995-combinacion-de-fotos-tacometro-de-contacto\/","name":"Extech 461995 combinaci\u00f3n de fotos-tac\u00f3metro de contacto - Abaa tienda online","isPartOf":{"@id":"https:\/\/abaa.mx\/tienda\/#website"},"primaryImageOfPage":{"@id":"https:\/\/abaa.mx\/tienda\/extech-461995-combinacion-de-fotos-tacometro-de-contacto\/#primaryimage"},"image":{"@id":"https:\/\/abaa.mx\/tienda\/extech-461995-combinacion-de-fotos-tacometro-de-contacto\/#primaryimage"},"thumbnailUrl":"https:\/\/abaa.mx\/tienda\/wp-content\/uploads\/2023\/10\/461995-1.jpg","datePublished":"2023-10-11T15:42:24+00:00","dateModified":"2023-12-05T15:49:51+00:00","breadcrumb":{"@id":"https:\/\/abaa.mx\/tienda\/extech-461995-combinacion-de-fotos-tacometro-de-contacto\/#breadcrumb"},"inLanguage":"es","potentialAction":[{"@type":"ReadAction","target":["https:\/\/abaa.mx\/tienda\/extech-461995-combinacion-de-fotos-tacometro-de-contacto\/"]}]},{"@type":"ImageObject","inLanguage":"es","@id":"https:\/\/abaa.mx\/tienda\/extech-461995-combinacion-de-fotos-tacometro-de-contacto\/#primaryimage","url":"https:\/\/abaa.mx\/tienda\/wp-content\/uploads\/2023\/10\/461995-1.jpg","contentUrl":"https:\/\/abaa.mx\/tienda\/wp-content\/uploads\/2023\/10\/461995-1.jpg","width":671,"height":587,"caption":"461995"},{"@type":"BreadcrumbList","@id":"https:\/\/abaa.mx\/tienda\/extech-461995-combinacion-de-fotos-tacometro-de-contacto\/#breadcrumb","itemListElement":[{"@type":"ListItem","position":1,"name":"Inicio","item":"https:\/\/abaa.mx\/tienda\/"},{"@type":"ListItem","position":2,"name":"Tienda","item":"https:\/\/abaa.mx\/tienda\/"},{"@type":"ListItem","position":3,"name":"Extech 461995 combinaci\u00f3n de fotos-tac\u00f3metro de contacto"}]},{"@type":"WebSite","@id":"https:\/\/abaa.mx\/tienda\/#website","url":"https:\/\/abaa.mx\/tienda\/","name":"Abaa tienda online","description":"Instrumentos de medici\u00f3n","publisher":{"@id":"https:\/\/abaa.mx\/tienda\/#organization"},"potentialAction":[{"@type":"SearchAction","target":{"@type":"EntryPoint","urlTemplate":"https:\/\/abaa.mx\/tienda\/?s={search_term_string}"},"query-input":{"@type":"PropertyValueSpecification","valueRequired":true,"valueName":"search_term_string"}}],"inLanguage":"es"},{"@type":"Organization","@id":"https:\/\/abaa.mx\/tienda\/#organization","name":"Abaa tienda online","url":"https:\/\/abaa.mx\/tienda\/","logo":{"@type":"ImageObject","inLanguage":"es","@id":"https:\/\/abaa.mx\/tienda\/#\/schema\/logo\/image\/","url":"https:\/\/abaa.mx\/tienda\/wp-content\/uploads\/2024\/01\/abaa-metrologia-tienda.png","contentUrl":"https:\/\/abaa.mx\/tienda\/wp-content\/uploads\/2024\/01\/abaa-metrologia-tienda.png","width":300,"height":141,"caption":"Abaa tienda online"},"image":{"@id":"https:\/\/abaa.mx\/tienda\/#\/schema\/logo\/image\/"}}]}},"_links":{"self":[{"href":"https:\/\/abaa.mx\/tienda\/wp-json\/wp\/v2\/product\/5574","targetHints":{"allow":["GET"]}}],"collection":[{"href":"https:\/\/abaa.mx\/tienda\/wp-json\/wp\/v2\/product"}],"about":[{"href":"https:\/\/abaa.mx\/tienda\/wp-json\/wp\/v2\/types\/product"}],"replies":[{"embeddable":true,"href":"https:\/\/abaa.mx\/tienda\/wp-json\/wp\/v2\/comments?post=5574"}],"wp:featuredmedia":[{"embeddable":true,"href":"https:\/\/abaa.mx\/tienda\/wp-json\/wp\/v2\/media\/5592"}],"wp:attachment":[{"href":"https:\/\/abaa.mx\/tienda\/wp-json\/wp\/v2\/media?parent=5574"}],"wp:term":[{"taxonomy":"product_brand","embeddable":true,"href":"https:\/\/abaa.mx\/tienda\/wp-json\/wp\/v2\/product_brand?post=5574"},{"taxonomy":"product_cat","embeddable":true,"href":"https:\/\/abaa.mx\/tienda\/wp-json\/wp\/v2\/product_cat?post=5574"},{"taxonomy":"product_tag","embeddable":true,"href":"https:\/\/abaa.mx\/tienda\/wp-json\/wp\/v2\/product_tag?post=5574"}],"curies":[{"name":"wp","href":"https:\/\/api.w.org\/{rel}","templated":true}]}}