{"id":5562,"date":"2023-10-11T15:11:43","date_gmt":"2023-10-11T15:11:43","guid":{"rendered":"https:\/\/abaa.mx\/tienda\/?post_type=product&#038;p=5562"},"modified":"2023-10-11T15:11:44","modified_gmt":"2023-10-11T15:11:44","slug":"extech-ir270-termometro-ir-con-alerta-de-color","status":"publish","type":"product","link":"https:\/\/abaa.mx\/tienda\/extech-ir270-termometro-ir-con-alerta-de-color\/","title":{"rendered":"Extech IR270 &#8211; term\u00f3metro ir con alerta de color"},"content":{"rendered":"<div id=\"productOverview_feature_div\" class=\"celwidget\" data-feature-name=\"productOverview\" data-csa-c-type=\"widget\" data-csa-c-content-id=\"productOverview\" data-csa-c-slot-id=\"productOverview_feature_div\" data-csa-c-asin=\"B07DPK9R2H\" data-csa-c-is-in-initial-active-row=\"false\" data-csa-c-id=\"n8fovb-7oruzm-j2hlax-wtvyok\" data-cel-widget=\"productOverview_feature_div\">\n<div id=\"poExpander\" class=\"a-expander-collapsed-height a-row a-expander-container a-spacing-none a-expander-partial-collapse-container\" data-a-expander-name=\"product_overview\" data-a-expander-collapsed-height=\"210\">\n<div class=\"a-expander-content a-expander-partial-collapse-content a-expander-content-expanded\" aria-expanded=\"true\">\n<div class=\"a-section a-spacing-small a-spacing-top-small\">\n<table class=\"a-normal a-spacing-micro\">\n<tbody>\n<tr class=\"a-spacing-small po-brand\">\n<td class=\"a-span3\"><span class=\"a-size-base a-text-bold\">Marca<\/span><\/td>\n<td class=\"a-span9\"><span class=\"a-size-base po-break-word\">Extech<\/span><\/td>\n<\/tr>\n<tr class=\"a-spacing-small po-special_feature\">\n<td class=\"a-span3\"><span class=\"a-size-base a-text-bold\">Caracter\u00edstica especial<\/span><\/td>\n<td class=\"a-span9\"><span class=\"a-size-base po-break-word\">Actualizaci\u00f3n r\u00e1pida<\/span><\/td>\n<\/tr>\n<tr class=\"a-spacing-small po-age_range_description\">\n<td class=\"a-span3\"><span class=\"a-size-base a-text-bold\">Rango de edad (descripci\u00f3n)<\/span><\/td>\n<td class=\"a-span9\"><span class=\"a-size-base po-break-word\">Adulto<\/span><\/td>\n<\/tr>\n<tr class=\"a-spacing-small po-included_components\">\n<td class=\"a-span3\"><span class=\"a-size-base a-text-bold\">Componentes incluidos<\/span><\/td>\n<td class=\"a-span9\"><span class=\"a-size-base po-break-word\">Completo con bater\u00eda de 9 V y bolsa<\/span><\/td>\n<\/tr>\n<tr class=\"a-spacing-small po-outer.material\">\n<td class=\"a-span3\"><span class=\"a-size-base a-text-bold\">Material exterior<\/span><\/td>\n<td class=\"a-span9\"><span class=\"a-size-base po-break-word\">Pl\u00e1stico<\/span><\/td>\n<\/tr>\n<tr class=\"a-spacing-small po-connectivity_technology\">\n<td class=\"a-span3\"><span class=\"a-size-base a-text-bold\">Tecnolog\u00eda de conectividad<\/span><\/td>\n<td class=\"a-span9\"><span class=\"a-size-base po-break-word\">Infrarrojo<\/span><\/td>\n<\/tr>\n<tr class=\"a-spacing-small po-unit_count\">\n<td class=\"a-span3\"><span class=\"a-size-base a-text-bold\">Cantidad de unidades<\/span><\/td>\n<td class=\"a-span9\"><span class=\"a-size-base po-break-word\">1 unidad<\/span><\/td>\n<\/tr>\n<tr class=\"a-spacing-small po-power_source_type\">\n<td class=\"a-span3\"><span class=\"a-size-base a-text-bold\">Fuente de energ\u00eda<\/span><\/td>\n<td class=\"a-span9\"><span class=\"a-size-base po-break-word\">Funciona con bater\u00eda<\/span><\/td>\n<\/tr>\n<tr class=\"a-spacing-small po-model_name\">\n<td class=\"a-span3\"><span class=\"a-size-base a-text-bold\">Nombre del modelo<\/span><\/td>\n<td class=\"a-span9\"><span class=\"a-size-base po-break-word\">IR Thermometer with Color Alert<\/span><\/td>\n<\/tr>\n<\/tbody>\n<\/table>\n<\/div>\n<\/div>\n<\/div>\n<\/div>\n<div id=\"featurebullets_feature_div\" class=\"celwidget\" data-feature-name=\"featurebullets\" data-csa-c-type=\"widget\" data-csa-c-content-id=\"featurebullets\" data-csa-c-slot-id=\"featurebullets_feature_div\" data-csa-c-asin=\"B07DPK9R2H\" data-csa-c-is-in-initial-active-row=\"false\" data-csa-c-id=\"75h19l-6ck6q6-b3qzzl-1vc51t\" data-cel-widget=\"featurebullets_feature_div\">\n<div id=\"feature-bullets\" class=\"a-section a-spacing-medium a-spacing-top-small\">\n<h4 class=\"a-size-base-plus a-text-bold\">Acerca de este art\u00edculo<\/h4>\n<ul class=\"a-unordered-list a-vertical a-spacing-mini\">\n<li class=\"a-spacing-mini\"><span class=\"a-list-item\">Toma medidas de temperatura sin contacto de -4 a 140 \u00b0F (-20 a 650 \u00b0 C).<\/span><\/li>\n<li class=\"a-spacing-mini\"><span class=\"a-list-item\">12: 1 relaci\u00f3n distancia a punto (objetivo).<\/span><\/li>\n<li class=\"a-spacing-mini\"><span class=\"a-list-item\">El puntero l\u00e1ser integrado identifica el \u00e1rea del objetivo con el bot\u00f3n de encendido\/apagado.<\/span><\/li>\n<li class=\"a-spacing-mini\"><span class=\"a-list-item\">Alarmas programables de alta y baja con pitido audible: la pantalla LCD tricolor cambia a retroiluminaci\u00f3n azul cuando la lectura va por debajo de la configuraci\u00f3n de alarma baja y retroiluminaci\u00f3n roja cuando la lectura supera el punto de ajuste alto.<\/span><\/li>\n<li class=\"a-spacing-mini\"><span class=\"a-list-item\">La emisividad ajustable (0,10 a 1,00) aumenta la precisi\u00f3n de medici\u00f3n.<\/span><\/li>\n<\/ul>\n<\/div>\n<\/div>\n","protected":false},"excerpt":{"rendered":"<p>De respuesta r\u00e1pida con alta precisi\u00f3n, el Extech IR270 es ideal para comprobaciones r\u00e1pidas de m\u00faltiples puntos en un proceso o para detectar picos de temperatura. La alarma alta\/baja f\u00e1cilmente programable con pantalla tricolor y alarma audible mide la temperatura sin contacto hasta 1202 \u00b0F (650 \u00b0C).<\/p>\n","protected":false},"featured_media":5564,"comment_status":"open","ping_status":"closed","template":"","meta":{"_joinchat":[]},"product_brand":[],"product_cat":[15],"product_tag":[],"class_list":{"0":"post-5562","1":"product","2":"type-product","3":"status-publish","4":"has-post-thumbnail","6":"product_cat-sin-categorizar","8":"first","9":"instock","10":"shipping-taxable","11":"product-type-simple"},"yoast_head":"<!-- This site is optimized with the Yoast SEO plugin v26.4 - https:\/\/yoast.com\/wordpress\/plugins\/seo\/ -->\n<title>Extech IR270 - term\u00f3metro ir con alerta de color - Abaa tienda online<\/title>\n<meta name=\"robots\" content=\"index, follow, max-snippet:-1, max-image-preview:large, max-video-preview:-1\" \/>\n<link rel=\"canonical\" href=\"https:\/\/abaa.mx\/tienda\/extech-ir270-termometro-ir-con-alerta-de-color\/\" \/>\n<meta property=\"og:locale\" content=\"es_MX\" \/>\n<meta property=\"og:type\" content=\"article\" \/>\n<meta property=\"og:title\" content=\"Extech IR270 - term\u00f3metro ir con alerta de color - Abaa tienda online\" \/>\n<meta property=\"og:description\" content=\"De respuesta r\u00e1pida con alta precisi\u00f3n, el Extech IR270 es ideal para comprobaciones r\u00e1pidas de m\u00faltiples puntos en un proceso o para detectar picos de temperatura. La alarma alta\/baja f\u00e1cilmente programable con pantalla tricolor y alarma audible mide la temperatura sin contacto hasta 1202 \u00b0F (650 \u00b0C).\" \/>\n<meta property=\"og:url\" content=\"https:\/\/abaa.mx\/tienda\/extech-ir270-termometro-ir-con-alerta-de-color\/\" \/>\n<meta property=\"og:site_name\" content=\"Abaa tienda online\" \/>\n<meta property=\"article:modified_time\" content=\"2023-10-11T15:11:44+00:00\" \/>\n<meta property=\"og:image\" content=\"https:\/\/abaa.mx\/tienda\/wp-content\/uploads\/2023\/10\/IR270.jpg\" \/>\n\t<meta property=\"og:image:width\" content=\"462\" \/>\n\t<meta property=\"og:image:height\" content=\"679\" \/>\n\t<meta property=\"og:image:type\" content=\"image\/jpeg\" \/>\n<meta name=\"twitter:card\" content=\"summary_large_image\" \/>\n<meta name=\"twitter:label1\" content=\"Tiempo de lectura\" \/>\n\t<meta name=\"twitter:data1\" content=\"1 minuto\" \/>\n<script type=\"application\/ld+json\" class=\"yoast-schema-graph\">{\"@context\":\"https:\/\/schema.org\",\"@graph\":[{\"@type\":\"WebPage\",\"@id\":\"https:\/\/abaa.mx\/tienda\/extech-ir270-termometro-ir-con-alerta-de-color\/\",\"url\":\"https:\/\/abaa.mx\/tienda\/extech-ir270-termometro-ir-con-alerta-de-color\/\",\"name\":\"Extech IR270 - term\u00f3metro ir con alerta de color - Abaa tienda online\",\"isPartOf\":{\"@id\":\"https:\/\/abaa.mx\/tienda\/#website\"},\"primaryImageOfPage\":{\"@id\":\"https:\/\/abaa.mx\/tienda\/extech-ir270-termometro-ir-con-alerta-de-color\/#primaryimage\"},\"image\":{\"@id\":\"https:\/\/abaa.mx\/tienda\/extech-ir270-termometro-ir-con-alerta-de-color\/#primaryimage\"},\"thumbnailUrl\":\"https:\/\/abaa.mx\/tienda\/wp-content\/uploads\/2023\/10\/IR270.jpg\",\"datePublished\":\"2023-10-11T15:11:43+00:00\",\"dateModified\":\"2023-10-11T15:11:44+00:00\",\"breadcrumb\":{\"@id\":\"https:\/\/abaa.mx\/tienda\/extech-ir270-termometro-ir-con-alerta-de-color\/#breadcrumb\"},\"inLanguage\":\"es\",\"potentialAction\":[{\"@type\":\"ReadAction\",\"target\":[\"https:\/\/abaa.mx\/tienda\/extech-ir270-termometro-ir-con-alerta-de-color\/\"]}]},{\"@type\":\"ImageObject\",\"inLanguage\":\"es\",\"@id\":\"https:\/\/abaa.mx\/tienda\/extech-ir270-termometro-ir-con-alerta-de-color\/#primaryimage\",\"url\":\"https:\/\/abaa.mx\/tienda\/wp-content\/uploads\/2023\/10\/IR270.jpg\",\"contentUrl\":\"https:\/\/abaa.mx\/tienda\/wp-content\/uploads\/2023\/10\/IR270.jpg\",\"width\":462,\"height\":679,\"caption\":\"IR270\"},{\"@type\":\"BreadcrumbList\",\"@id\":\"https:\/\/abaa.mx\/tienda\/extech-ir270-termometro-ir-con-alerta-de-color\/#breadcrumb\",\"itemListElement\":[{\"@type\":\"ListItem\",\"position\":1,\"name\":\"Inicio\",\"item\":\"https:\/\/abaa.mx\/tienda\/\"},{\"@type\":\"ListItem\",\"position\":2,\"name\":\"Tienda\",\"item\":\"https:\/\/abaa.mx\/tienda\/\"},{\"@type\":\"ListItem\",\"position\":3,\"name\":\"Extech IR270 &#8211; term\u00f3metro ir con alerta de color\"}]},{\"@type\":\"WebSite\",\"@id\":\"https:\/\/abaa.mx\/tienda\/#website\",\"url\":\"https:\/\/abaa.mx\/tienda\/\",\"name\":\"Abaa tienda online\",\"description\":\"Instrumentos de medici\u00f3n\",\"publisher\":{\"@id\":\"https:\/\/abaa.mx\/tienda\/#organization\"},\"potentialAction\":[{\"@type\":\"SearchAction\",\"target\":{\"@type\":\"EntryPoint\",\"urlTemplate\":\"https:\/\/abaa.mx\/tienda\/?s={search_term_string}\"},\"query-input\":{\"@type\":\"PropertyValueSpecification\",\"valueRequired\":true,\"valueName\":\"search_term_string\"}}],\"inLanguage\":\"es\"},{\"@type\":\"Organization\",\"@id\":\"https:\/\/abaa.mx\/tienda\/#organization\",\"name\":\"Abaa tienda online\",\"url\":\"https:\/\/abaa.mx\/tienda\/\",\"logo\":{\"@type\":\"ImageObject\",\"inLanguage\":\"es\",\"@id\":\"https:\/\/abaa.mx\/tienda\/#\/schema\/logo\/image\/\",\"url\":\"https:\/\/abaa.mx\/tienda\/wp-content\/uploads\/2024\/01\/abaa-metrologia-tienda.png\",\"contentUrl\":\"https:\/\/abaa.mx\/tienda\/wp-content\/uploads\/2024\/01\/abaa-metrologia-tienda.png\",\"width\":300,\"height\":141,\"caption\":\"Abaa tienda online\"},\"image\":{\"@id\":\"https:\/\/abaa.mx\/tienda\/#\/schema\/logo\/image\/\"}}]}<\/script>\n<!-- \/ Yoast SEO plugin. -->","yoast_head_json":{"title":"Extech IR270 - term\u00f3metro ir con alerta de color - Abaa tienda online","robots":{"index":"index","follow":"follow","max-snippet":"max-snippet:-1","max-image-preview":"max-image-preview:large","max-video-preview":"max-video-preview:-1"},"canonical":"https:\/\/abaa.mx\/tienda\/extech-ir270-termometro-ir-con-alerta-de-color\/","og_locale":"es_MX","og_type":"article","og_title":"Extech IR270 - term\u00f3metro ir con alerta de color - Abaa tienda online","og_description":"De respuesta r\u00e1pida con alta precisi\u00f3n, el Extech IR270 es ideal para comprobaciones r\u00e1pidas de m\u00faltiples puntos en un proceso o para detectar picos de temperatura. La alarma alta\/baja f\u00e1cilmente programable con pantalla tricolor y alarma audible mide la temperatura sin contacto hasta 1202 \u00b0F (650 \u00b0C).","og_url":"https:\/\/abaa.mx\/tienda\/extech-ir270-termometro-ir-con-alerta-de-color\/","og_site_name":"Abaa tienda online","article_modified_time":"2023-10-11T15:11:44+00:00","og_image":[{"width":462,"height":679,"url":"https:\/\/abaa.mx\/tienda\/wp-content\/uploads\/2023\/10\/IR270.jpg","type":"image\/jpeg"}],"twitter_card":"summary_large_image","twitter_misc":{"Tiempo de lectura":"1 minuto"},"schema":{"@context":"https:\/\/schema.org","@graph":[{"@type":"WebPage","@id":"https:\/\/abaa.mx\/tienda\/extech-ir270-termometro-ir-con-alerta-de-color\/","url":"https:\/\/abaa.mx\/tienda\/extech-ir270-termometro-ir-con-alerta-de-color\/","name":"Extech IR270 - term\u00f3metro ir con alerta de color - Abaa tienda online","isPartOf":{"@id":"https:\/\/abaa.mx\/tienda\/#website"},"primaryImageOfPage":{"@id":"https:\/\/abaa.mx\/tienda\/extech-ir270-termometro-ir-con-alerta-de-color\/#primaryimage"},"image":{"@id":"https:\/\/abaa.mx\/tienda\/extech-ir270-termometro-ir-con-alerta-de-color\/#primaryimage"},"thumbnailUrl":"https:\/\/abaa.mx\/tienda\/wp-content\/uploads\/2023\/10\/IR270.jpg","datePublished":"2023-10-11T15:11:43+00:00","dateModified":"2023-10-11T15:11:44+00:00","breadcrumb":{"@id":"https:\/\/abaa.mx\/tienda\/extech-ir270-termometro-ir-con-alerta-de-color\/#breadcrumb"},"inLanguage":"es","potentialAction":[{"@type":"ReadAction","target":["https:\/\/abaa.mx\/tienda\/extech-ir270-termometro-ir-con-alerta-de-color\/"]}]},{"@type":"ImageObject","inLanguage":"es","@id":"https:\/\/abaa.mx\/tienda\/extech-ir270-termometro-ir-con-alerta-de-color\/#primaryimage","url":"https:\/\/abaa.mx\/tienda\/wp-content\/uploads\/2023\/10\/IR270.jpg","contentUrl":"https:\/\/abaa.mx\/tienda\/wp-content\/uploads\/2023\/10\/IR270.jpg","width":462,"height":679,"caption":"IR270"},{"@type":"BreadcrumbList","@id":"https:\/\/abaa.mx\/tienda\/extech-ir270-termometro-ir-con-alerta-de-color\/#breadcrumb","itemListElement":[{"@type":"ListItem","position":1,"name":"Inicio","item":"https:\/\/abaa.mx\/tienda\/"},{"@type":"ListItem","position":2,"name":"Tienda","item":"https:\/\/abaa.mx\/tienda\/"},{"@type":"ListItem","position":3,"name":"Extech IR270 &#8211; term\u00f3metro ir con alerta de color"}]},{"@type":"WebSite","@id":"https:\/\/abaa.mx\/tienda\/#website","url":"https:\/\/abaa.mx\/tienda\/","name":"Abaa tienda online","description":"Instrumentos de medici\u00f3n","publisher":{"@id":"https:\/\/abaa.mx\/tienda\/#organization"},"potentialAction":[{"@type":"SearchAction","target":{"@type":"EntryPoint","urlTemplate":"https:\/\/abaa.mx\/tienda\/?s={search_term_string}"},"query-input":{"@type":"PropertyValueSpecification","valueRequired":true,"valueName":"search_term_string"}}],"inLanguage":"es"},{"@type":"Organization","@id":"https:\/\/abaa.mx\/tienda\/#organization","name":"Abaa tienda online","url":"https:\/\/abaa.mx\/tienda\/","logo":{"@type":"ImageObject","inLanguage":"es","@id":"https:\/\/abaa.mx\/tienda\/#\/schema\/logo\/image\/","url":"https:\/\/abaa.mx\/tienda\/wp-content\/uploads\/2024\/01\/abaa-metrologia-tienda.png","contentUrl":"https:\/\/abaa.mx\/tienda\/wp-content\/uploads\/2024\/01\/abaa-metrologia-tienda.png","width":300,"height":141,"caption":"Abaa tienda online"},"image":{"@id":"https:\/\/abaa.mx\/tienda\/#\/schema\/logo\/image\/"}}]}},"_links":{"self":[{"href":"https:\/\/abaa.mx\/tienda\/wp-json\/wp\/v2\/product\/5562","targetHints":{"allow":["GET"]}}],"collection":[{"href":"https:\/\/abaa.mx\/tienda\/wp-json\/wp\/v2\/product"}],"about":[{"href":"https:\/\/abaa.mx\/tienda\/wp-json\/wp\/v2\/types\/product"}],"replies":[{"embeddable":true,"href":"https:\/\/abaa.mx\/tienda\/wp-json\/wp\/v2\/comments?post=5562"}],"wp:featuredmedia":[{"embeddable":true,"href":"https:\/\/abaa.mx\/tienda\/wp-json\/wp\/v2\/media\/5564"}],"wp:attachment":[{"href":"https:\/\/abaa.mx\/tienda\/wp-json\/wp\/v2\/media?parent=5562"}],"wp:term":[{"taxonomy":"product_brand","embeddable":true,"href":"https:\/\/abaa.mx\/tienda\/wp-json\/wp\/v2\/product_brand?post=5562"},{"taxonomy":"product_cat","embeddable":true,"href":"https:\/\/abaa.mx\/tienda\/wp-json\/wp\/v2\/product_cat?post=5562"},{"taxonomy":"product_tag","embeddable":true,"href":"https:\/\/abaa.mx\/tienda\/wp-json\/wp\/v2\/product_tag?post=5562"}],"curies":[{"name":"wp","href":"https:\/\/api.w.org\/{rel}","templated":true}]}}