{"id":5496,"date":"2023-10-10T20:13:27","date_gmt":"2023-10-10T20:13:27","guid":{"rendered":"https:\/\/abaa.mx\/tienda\/?post_type=product&#038;p=5496"},"modified":"2023-11-29T20:10:38","modified_gmt":"2023-11-29T20:10:38","slug":"mitutoyo-389-351-30-micrometro-de-chapa-0-a-1-0-a-254-mm-yunque-husillo-plano","status":"publish","type":"product","link":"https:\/\/abaa.mx\/tienda\/mitutoyo-389-351-30-micrometro-de-chapa-0-a-1-0-a-254-mm-yunque-husillo-plano\/","title":{"rendered":"mitutoyo 389-351-30 micr\u00f3metro de chapa, 0 a 1&#8243; (0 a 25,4 mm), yunque-husillo plano"},"content":{"rendered":"<p><strong>Funciones<\/strong><\/p>\n<ul>\n<li>Protecci\u00f3n IP65 contra el agua y el polvo<\/li>\n<li>Con tope de trinquete para una fuerza constante<\/li>\n<li>Acabado de agarre antideslizante<\/li>\n<\/ul>\n<p><strong>Aplicaciones<\/strong><\/p>\n<ul>\n<li>Hojalata<\/li>\n<li>Papel<\/li>\n<li>Pl\u00e1stico<\/li>\n<li>Piezas de caucho<\/li>\n<\/ul>\n<h4>Mitutoyo 389-351-30 Especificaciones<\/h4>\n<table class=\"table table-striped\">\n<tbody>\n<tr>\n<td>Gama<\/td>\n<td>0 a 1&#8243; (0 a 25,4 mm)<\/td>\n<\/tr>\n<tr>\n<td>Resoluci\u00f3n<\/td>\n<td>0,00005&#8243; (0,001 mm)<\/td>\n<\/tr>\n<tr>\n<td>Exactitud<\/td>\n<td>\u00b10.0002&#8243;<\/td>\n<\/tr>\n<tr>\n<td>Monitor<\/td>\n<td>LCD<\/td>\n<\/tr>\n<tr>\n<td>Bater\u00eda<\/td>\n<td>SR44<\/td>\n<\/tr>\n<tr>\n<td>Duraci\u00f3n de la bater\u00eda<\/td>\n<td>Aproximadamente 2,4 a\u00f1os en condiciones normales de uso<\/td>\n<\/tr>\n<tr>\n<td>Nivel de protecci\u00f3n contra el polvo y el agua<\/td>\n<td>IP65<\/td>\n<\/tr>\n<\/tbody>\n<\/table>\n","protected":false},"excerpt":{"rendered":"<p class=\"short-description mhide ipad-view-setting\">Mida el grosor de piezas de chapa, papel, pl\u00e1stico y caucho con este micr\u00f3metro de chapa. Adem\u00e1s, esta herramienta cuenta con protecci\u00f3n IP65 y un rango de medici\u00f3n de 0 a 1&#8243; (0 a 25,4 mm).<\/p>\n<div class=\"row-fluid\">\n<div class=\"span12 mobile-pricing-box-padding\">\n<form id=\"124143\" accept-charset=\"utf-8\" action=\"https:\/\/www.globaltestsupply.com\/shop\/add\" method=\"post\" name=\"addTocartFunction\">\n<div><\/div>\n<\/form>\n<\/div>\n<\/div>\n","protected":false},"featured_media":5502,"comment_status":"open","ping_status":"closed","template":"","meta":{"_joinchat":[]},"product_brand":[],"product_cat":[15],"product_tag":[],"class_list":{"0":"post-5496","1":"product","2":"type-product","3":"status-publish","4":"has-post-thumbnail","6":"product_cat-sin-categorizar","8":"first","9":"instock","10":"shipping-taxable","11":"product-type-simple"},"yoast_head":"<!-- This site is optimized with the Yoast SEO plugin v26.4 - https:\/\/yoast.com\/wordpress\/plugins\/seo\/ -->\n<title>mitutoyo 389-351-30 micr\u00f3metro de chapa, 0 a 1&quot; (0 a 25,4 mm), yunque-husillo plano - Abaa tienda online<\/title>\n<meta name=\"robots\" content=\"index, follow, max-snippet:-1, max-image-preview:large, max-video-preview:-1\" \/>\n<link rel=\"canonical\" href=\"https:\/\/abaa.mx\/tienda\/mitutoyo-389-351-30-micrometro-de-chapa-0-a-1-0-a-254-mm-yunque-husillo-plano\/\" \/>\n<meta property=\"og:locale\" content=\"es_MX\" \/>\n<meta property=\"og:type\" content=\"article\" \/>\n<meta property=\"og:title\" content=\"mitutoyo 389-351-30 micr\u00f3metro de chapa, 0 a 1&quot; (0 a 25,4 mm), yunque-husillo plano - Abaa tienda online\" \/>\n<meta property=\"og:description\" content=\"Mida el grosor de piezas de chapa, papel, pl\u00e1stico y caucho con este micr\u00f3metro de chapa. Adem\u00e1s, esta herramienta cuenta con protecci\u00f3n IP65 y un rango de medici\u00f3n de 0 a 1&quot; (0 a 25,4 mm).\" \/>\n<meta property=\"og:url\" content=\"https:\/\/abaa.mx\/tienda\/mitutoyo-389-351-30-micrometro-de-chapa-0-a-1-0-a-254-mm-yunque-husillo-plano\/\" \/>\n<meta property=\"og:site_name\" content=\"Abaa tienda online\" \/>\n<meta property=\"article:modified_time\" content=\"2023-11-29T20:10:38+00:00\" \/>\n<meta property=\"og:image\" content=\"https:\/\/abaa.mx\/tienda\/wp-content\/uploads\/2023\/10\/389-351-30.jpg\" \/>\n\t<meta property=\"og:image:width\" content=\"1360\" \/>\n\t<meta property=\"og:image:height\" content=\"1500\" \/>\n\t<meta property=\"og:image:type\" content=\"image\/jpeg\" \/>\n<meta name=\"twitter:card\" content=\"summary_large_image\" \/>\n<meta name=\"twitter:label1\" content=\"Tiempo de lectura\" \/>\n\t<meta name=\"twitter:data1\" content=\"1 minuto\" \/>\n<script type=\"application\/ld+json\" class=\"yoast-schema-graph\">{\"@context\":\"https:\/\/schema.org\",\"@graph\":[{\"@type\":\"WebPage\",\"@id\":\"https:\/\/abaa.mx\/tienda\/mitutoyo-389-351-30-micrometro-de-chapa-0-a-1-0-a-254-mm-yunque-husillo-plano\/\",\"url\":\"https:\/\/abaa.mx\/tienda\/mitutoyo-389-351-30-micrometro-de-chapa-0-a-1-0-a-254-mm-yunque-husillo-plano\/\",\"name\":\"mitutoyo 389-351-30 micr\u00f3metro de chapa, 0 a 1\\\" (0 a 25,4 mm), yunque-husillo plano - Abaa tienda online\",\"isPartOf\":{\"@id\":\"https:\/\/abaa.mx\/tienda\/#website\"},\"primaryImageOfPage\":{\"@id\":\"https:\/\/abaa.mx\/tienda\/mitutoyo-389-351-30-micrometro-de-chapa-0-a-1-0-a-254-mm-yunque-husillo-plano\/#primaryimage\"},\"image\":{\"@id\":\"https:\/\/abaa.mx\/tienda\/mitutoyo-389-351-30-micrometro-de-chapa-0-a-1-0-a-254-mm-yunque-husillo-plano\/#primaryimage\"},\"thumbnailUrl\":\"https:\/\/abaa.mx\/tienda\/wp-content\/uploads\/2023\/10\/389-351-30.jpg\",\"datePublished\":\"2023-10-10T20:13:27+00:00\",\"dateModified\":\"2023-11-29T20:10:38+00:00\",\"breadcrumb\":{\"@id\":\"https:\/\/abaa.mx\/tienda\/mitutoyo-389-351-30-micrometro-de-chapa-0-a-1-0-a-254-mm-yunque-husillo-plano\/#breadcrumb\"},\"inLanguage\":\"es\",\"potentialAction\":[{\"@type\":\"ReadAction\",\"target\":[\"https:\/\/abaa.mx\/tienda\/mitutoyo-389-351-30-micrometro-de-chapa-0-a-1-0-a-254-mm-yunque-husillo-plano\/\"]}]},{\"@type\":\"ImageObject\",\"inLanguage\":\"es\",\"@id\":\"https:\/\/abaa.mx\/tienda\/mitutoyo-389-351-30-micrometro-de-chapa-0-a-1-0-a-254-mm-yunque-husillo-plano\/#primaryimage\",\"url\":\"https:\/\/abaa.mx\/tienda\/wp-content\/uploads\/2023\/10\/389-351-30.jpg\",\"contentUrl\":\"https:\/\/abaa.mx\/tienda\/wp-content\/uploads\/2023\/10\/389-351-30.jpg\",\"width\":1360,\"height\":1500,\"caption\":\"389-351-30\"},{\"@type\":\"BreadcrumbList\",\"@id\":\"https:\/\/abaa.mx\/tienda\/mitutoyo-389-351-30-micrometro-de-chapa-0-a-1-0-a-254-mm-yunque-husillo-plano\/#breadcrumb\",\"itemListElement\":[{\"@type\":\"ListItem\",\"position\":1,\"name\":\"Inicio\",\"item\":\"https:\/\/abaa.mx\/tienda\/\"},{\"@type\":\"ListItem\",\"position\":2,\"name\":\"Tienda\",\"item\":\"https:\/\/abaa.mx\/tienda\/\"},{\"@type\":\"ListItem\",\"position\":3,\"name\":\"mitutoyo 389-351-30 micr\u00f3metro de chapa, 0 a 1&#8243; (0 a 25,4 mm), yunque-husillo plano\"}]},{\"@type\":\"WebSite\",\"@id\":\"https:\/\/abaa.mx\/tienda\/#website\",\"url\":\"https:\/\/abaa.mx\/tienda\/\",\"name\":\"Abaa tienda online\",\"description\":\"Instrumentos de medici\u00f3n\",\"publisher\":{\"@id\":\"https:\/\/abaa.mx\/tienda\/#organization\"},\"potentialAction\":[{\"@type\":\"SearchAction\",\"target\":{\"@type\":\"EntryPoint\",\"urlTemplate\":\"https:\/\/abaa.mx\/tienda\/?s={search_term_string}\"},\"query-input\":{\"@type\":\"PropertyValueSpecification\",\"valueRequired\":true,\"valueName\":\"search_term_string\"}}],\"inLanguage\":\"es\"},{\"@type\":\"Organization\",\"@id\":\"https:\/\/abaa.mx\/tienda\/#organization\",\"name\":\"Abaa tienda online\",\"url\":\"https:\/\/abaa.mx\/tienda\/\",\"logo\":{\"@type\":\"ImageObject\",\"inLanguage\":\"es\",\"@id\":\"https:\/\/abaa.mx\/tienda\/#\/schema\/logo\/image\/\",\"url\":\"https:\/\/abaa.mx\/tienda\/wp-content\/uploads\/2024\/01\/abaa-metrologia-tienda.png\",\"contentUrl\":\"https:\/\/abaa.mx\/tienda\/wp-content\/uploads\/2024\/01\/abaa-metrologia-tienda.png\",\"width\":300,\"height\":141,\"caption\":\"Abaa tienda online\"},\"image\":{\"@id\":\"https:\/\/abaa.mx\/tienda\/#\/schema\/logo\/image\/\"}}]}<\/script>\n<!-- \/ Yoast SEO plugin. -->","yoast_head_json":{"title":"mitutoyo 389-351-30 micr\u00f3metro de chapa, 0 a 1\" (0 a 25,4 mm), yunque-husillo plano - Abaa tienda online","robots":{"index":"index","follow":"follow","max-snippet":"max-snippet:-1","max-image-preview":"max-image-preview:large","max-video-preview":"max-video-preview:-1"},"canonical":"https:\/\/abaa.mx\/tienda\/mitutoyo-389-351-30-micrometro-de-chapa-0-a-1-0-a-254-mm-yunque-husillo-plano\/","og_locale":"es_MX","og_type":"article","og_title":"mitutoyo 389-351-30 micr\u00f3metro de chapa, 0 a 1\" (0 a 25,4 mm), yunque-husillo plano - Abaa tienda online","og_description":"Mida el grosor de piezas de chapa, papel, pl\u00e1stico y caucho con este micr\u00f3metro de chapa. Adem\u00e1s, esta herramienta cuenta con protecci\u00f3n IP65 y un rango de medici\u00f3n de 0 a 1\" (0 a 25,4 mm).","og_url":"https:\/\/abaa.mx\/tienda\/mitutoyo-389-351-30-micrometro-de-chapa-0-a-1-0-a-254-mm-yunque-husillo-plano\/","og_site_name":"Abaa tienda online","article_modified_time":"2023-11-29T20:10:38+00:00","og_image":[{"width":1360,"height":1500,"url":"https:\/\/abaa.mx\/tienda\/wp-content\/uploads\/2023\/10\/389-351-30.jpg","type":"image\/jpeg"}],"twitter_card":"summary_large_image","twitter_misc":{"Tiempo de lectura":"1 minuto"},"schema":{"@context":"https:\/\/schema.org","@graph":[{"@type":"WebPage","@id":"https:\/\/abaa.mx\/tienda\/mitutoyo-389-351-30-micrometro-de-chapa-0-a-1-0-a-254-mm-yunque-husillo-plano\/","url":"https:\/\/abaa.mx\/tienda\/mitutoyo-389-351-30-micrometro-de-chapa-0-a-1-0-a-254-mm-yunque-husillo-plano\/","name":"mitutoyo 389-351-30 micr\u00f3metro de chapa, 0 a 1\" (0 a 25,4 mm), yunque-husillo plano - Abaa tienda online","isPartOf":{"@id":"https:\/\/abaa.mx\/tienda\/#website"},"primaryImageOfPage":{"@id":"https:\/\/abaa.mx\/tienda\/mitutoyo-389-351-30-micrometro-de-chapa-0-a-1-0-a-254-mm-yunque-husillo-plano\/#primaryimage"},"image":{"@id":"https:\/\/abaa.mx\/tienda\/mitutoyo-389-351-30-micrometro-de-chapa-0-a-1-0-a-254-mm-yunque-husillo-plano\/#primaryimage"},"thumbnailUrl":"https:\/\/abaa.mx\/tienda\/wp-content\/uploads\/2023\/10\/389-351-30.jpg","datePublished":"2023-10-10T20:13:27+00:00","dateModified":"2023-11-29T20:10:38+00:00","breadcrumb":{"@id":"https:\/\/abaa.mx\/tienda\/mitutoyo-389-351-30-micrometro-de-chapa-0-a-1-0-a-254-mm-yunque-husillo-plano\/#breadcrumb"},"inLanguage":"es","potentialAction":[{"@type":"ReadAction","target":["https:\/\/abaa.mx\/tienda\/mitutoyo-389-351-30-micrometro-de-chapa-0-a-1-0-a-254-mm-yunque-husillo-plano\/"]}]},{"@type":"ImageObject","inLanguage":"es","@id":"https:\/\/abaa.mx\/tienda\/mitutoyo-389-351-30-micrometro-de-chapa-0-a-1-0-a-254-mm-yunque-husillo-plano\/#primaryimage","url":"https:\/\/abaa.mx\/tienda\/wp-content\/uploads\/2023\/10\/389-351-30.jpg","contentUrl":"https:\/\/abaa.mx\/tienda\/wp-content\/uploads\/2023\/10\/389-351-30.jpg","width":1360,"height":1500,"caption":"389-351-30"},{"@type":"BreadcrumbList","@id":"https:\/\/abaa.mx\/tienda\/mitutoyo-389-351-30-micrometro-de-chapa-0-a-1-0-a-254-mm-yunque-husillo-plano\/#breadcrumb","itemListElement":[{"@type":"ListItem","position":1,"name":"Inicio","item":"https:\/\/abaa.mx\/tienda\/"},{"@type":"ListItem","position":2,"name":"Tienda","item":"https:\/\/abaa.mx\/tienda\/"},{"@type":"ListItem","position":3,"name":"mitutoyo 389-351-30 micr\u00f3metro de chapa, 0 a 1&#8243; (0 a 25,4 mm), yunque-husillo plano"}]},{"@type":"WebSite","@id":"https:\/\/abaa.mx\/tienda\/#website","url":"https:\/\/abaa.mx\/tienda\/","name":"Abaa tienda online","description":"Instrumentos de medici\u00f3n","publisher":{"@id":"https:\/\/abaa.mx\/tienda\/#organization"},"potentialAction":[{"@type":"SearchAction","target":{"@type":"EntryPoint","urlTemplate":"https:\/\/abaa.mx\/tienda\/?s={search_term_string}"},"query-input":{"@type":"PropertyValueSpecification","valueRequired":true,"valueName":"search_term_string"}}],"inLanguage":"es"},{"@type":"Organization","@id":"https:\/\/abaa.mx\/tienda\/#organization","name":"Abaa tienda online","url":"https:\/\/abaa.mx\/tienda\/","logo":{"@type":"ImageObject","inLanguage":"es","@id":"https:\/\/abaa.mx\/tienda\/#\/schema\/logo\/image\/","url":"https:\/\/abaa.mx\/tienda\/wp-content\/uploads\/2024\/01\/abaa-metrologia-tienda.png","contentUrl":"https:\/\/abaa.mx\/tienda\/wp-content\/uploads\/2024\/01\/abaa-metrologia-tienda.png","width":300,"height":141,"caption":"Abaa tienda online"},"image":{"@id":"https:\/\/abaa.mx\/tienda\/#\/schema\/logo\/image\/"}}]}},"_links":{"self":[{"href":"https:\/\/abaa.mx\/tienda\/wp-json\/wp\/v2\/product\/5496","targetHints":{"allow":["GET"]}}],"collection":[{"href":"https:\/\/abaa.mx\/tienda\/wp-json\/wp\/v2\/product"}],"about":[{"href":"https:\/\/abaa.mx\/tienda\/wp-json\/wp\/v2\/types\/product"}],"replies":[{"embeddable":true,"href":"https:\/\/abaa.mx\/tienda\/wp-json\/wp\/v2\/comments?post=5496"}],"wp:featuredmedia":[{"embeddable":true,"href":"https:\/\/abaa.mx\/tienda\/wp-json\/wp\/v2\/media\/5502"}],"wp:attachment":[{"href":"https:\/\/abaa.mx\/tienda\/wp-json\/wp\/v2\/media?parent=5496"}],"wp:term":[{"taxonomy":"product_brand","embeddable":true,"href":"https:\/\/abaa.mx\/tienda\/wp-json\/wp\/v2\/product_brand?post=5496"},{"taxonomy":"product_cat","embeddable":true,"href":"https:\/\/abaa.mx\/tienda\/wp-json\/wp\/v2\/product_cat?post=5496"},{"taxonomy":"product_tag","embeddable":true,"href":"https:\/\/abaa.mx\/tienda\/wp-json\/wp\/v2\/product_tag?post=5496"}],"curies":[{"name":"wp","href":"https:\/\/api.w.org\/{rel}","templated":true}]}}