{"id":5339,"date":"2023-10-09T21:59:43","date_gmt":"2023-10-09T21:59:43","guid":{"rendered":"https:\/\/abaa.mx\/tienda\/?post_type=product&#038;p=5339"},"modified":"2023-10-09T21:59:44","modified_gmt":"2023-10-09T21:59:44","slug":"mitutoyo-119-202-serie-119-micrometro-de-chapa-0-a-25-mm-garganta-de-50-mm","status":"publish","type":"product","link":"https:\/\/abaa.mx\/tienda\/mitutoyo-119-202-serie-119-micrometro-de-chapa-0-a-25-mm-garganta-de-50-mm\/","title":{"rendered":"Mitutoyo 119-202 serie 119 micr\u00f3metro de chapa, 0 a 25 mm, garganta de 50 mm"},"content":{"rendered":"<p>El micr\u00f3metro de chapa Mitutoyo 119-202 Serie 119 le permite medir f\u00e1cilmente chapa, papel, caucho y materiales pl\u00e1sticos. Est\u00e1 dise\u00f1ado con una esfera de f\u00e1cil lectura y tiene un mecanismo de tope de trinquete para aplicar una fuerza constante.<\/p>\n<h5><strong>Funciones<\/strong><\/h5>\n<ul>\n<li>Se puede utilizar para medir chapa met\u00e1lica o piezas de otros materiales, como papel, pl\u00e1stico y caucho<\/li>\n<li>El tope de trinquete proporciona una fuerza constante para un rendimiento \u00f3ptimo<\/li>\n<li>Superficie de medici\u00f3n duradera con punta de carburo<\/li>\n<li>Paralelismo: 3 y igrave; m<\/li>\n<li>Planitud: 0.6 e igrave; m<\/li>\n<\/ul>\n<h4>Especificaciones<\/h4>\n<table class=\"table table-striped\">\n<tbody>\n<tr>\n<td>Rango de medici\u00f3n<\/td>\n<td>De 0 a 25 mm con graduaciones de 0,01 mm<\/td>\n<\/tr>\n<tr>\n<td>Exactitud<\/td>\n<td>\u00b14 \u03bcm<\/td>\n<\/tr>\n<tr>\n<td>Longitud del producto<\/td>\n<td>Garganta: 6&#8243; (50 mm)<\/td>\n<\/tr>\n<tr>\n<td>Unidad(es) de medida admitida(s)<\/td>\n<td>M\u00e9trico<\/td>\n<\/tr>\n<\/tbody>\n<\/table>\n","protected":false},"excerpt":{"rendered":"<p class=\"short-description mhide ipad-view-setting\">El micr\u00f3metro de chapa mide el espesor de la chapa met\u00e1lica y otros materiales seleccionados. Est\u00e1 dise\u00f1ado con un tope de trinquete que proporciona una fuerza constante durante el uso.<\/p>\n<p class=\"comment-tag-product\">\n<div class=\"row-fluid\">\n<div class=\"span12 mobile-pricing-box-padding\">\n<form id=\"152667\" accept-charset=\"utf-8\" action=\"https:\/\/www.globaltestsupply.com\/shop\/add\" method=\"post\" name=\"addTocartFunction\">\n<div><\/div>\n<\/form>\n<\/div>\n<\/div>\n","protected":false},"featured_media":5348,"comment_status":"open","ping_status":"closed","template":"","meta":{"_joinchat":[]},"product_brand":[],"product_cat":[15],"product_tag":[],"class_list":{"0":"post-5339","1":"product","2":"type-product","3":"status-publish","4":"has-post-thumbnail","6":"product_cat-sin-categorizar","8":"first","9":"instock","10":"shipping-taxable","11":"product-type-simple"},"yoast_head":"<!-- This site is optimized with the Yoast SEO plugin v26.4 - https:\/\/yoast.com\/wordpress\/plugins\/seo\/ -->\n<title>Mitutoyo 119-202 serie 119 micr\u00f3metro de chapa, 0 a 25 mm, garganta de 50 mm - Abaa tienda online<\/title>\n<meta name=\"robots\" content=\"index, follow, max-snippet:-1, max-image-preview:large, max-video-preview:-1\" \/>\n<link rel=\"canonical\" href=\"https:\/\/abaa.mx\/tienda\/mitutoyo-119-202-serie-119-micrometro-de-chapa-0-a-25-mm-garganta-de-50-mm\/\" \/>\n<meta property=\"og:locale\" content=\"es_MX\" \/>\n<meta property=\"og:type\" content=\"article\" \/>\n<meta property=\"og:title\" content=\"Mitutoyo 119-202 serie 119 micr\u00f3metro de chapa, 0 a 25 mm, garganta de 50 mm - Abaa tienda online\" \/>\n<meta property=\"og:description\" content=\"El micr\u00f3metro de chapa mide el espesor de la chapa met\u00e1lica y otros materiales seleccionados. Est\u00e1 dise\u00f1ado con un tope de trinquete que proporciona una fuerza constante durante el uso.\" \/>\n<meta property=\"og:url\" content=\"https:\/\/abaa.mx\/tienda\/mitutoyo-119-202-serie-119-micrometro-de-chapa-0-a-25-mm-garganta-de-50-mm\/\" \/>\n<meta property=\"og:site_name\" content=\"Abaa tienda online\" \/>\n<meta property=\"article:modified_time\" content=\"2023-10-09T21:59:44+00:00\" \/>\n<meta property=\"og:image\" content=\"https:\/\/abaa.mx\/tienda\/wp-content\/uploads\/2023\/10\/119-202.jpg\" \/>\n\t<meta property=\"og:image:width\" content=\"465\" \/>\n\t<meta property=\"og:image:height\" content=\"349\" \/>\n\t<meta property=\"og:image:type\" content=\"image\/jpeg\" \/>\n<meta name=\"twitter:card\" content=\"summary_large_image\" \/>\n<meta name=\"twitter:label1\" content=\"Tiempo de lectura\" \/>\n\t<meta name=\"twitter:data1\" content=\"1 minuto\" \/>\n<script type=\"application\/ld+json\" class=\"yoast-schema-graph\">{\"@context\":\"https:\/\/schema.org\",\"@graph\":[{\"@type\":\"WebPage\",\"@id\":\"https:\/\/abaa.mx\/tienda\/mitutoyo-119-202-serie-119-micrometro-de-chapa-0-a-25-mm-garganta-de-50-mm\/\",\"url\":\"https:\/\/abaa.mx\/tienda\/mitutoyo-119-202-serie-119-micrometro-de-chapa-0-a-25-mm-garganta-de-50-mm\/\",\"name\":\"Mitutoyo 119-202 serie 119 micr\u00f3metro de chapa, 0 a 25 mm, garganta de 50 mm - Abaa tienda online\",\"isPartOf\":{\"@id\":\"https:\/\/abaa.mx\/tienda\/#website\"},\"primaryImageOfPage\":{\"@id\":\"https:\/\/abaa.mx\/tienda\/mitutoyo-119-202-serie-119-micrometro-de-chapa-0-a-25-mm-garganta-de-50-mm\/#primaryimage\"},\"image\":{\"@id\":\"https:\/\/abaa.mx\/tienda\/mitutoyo-119-202-serie-119-micrometro-de-chapa-0-a-25-mm-garganta-de-50-mm\/#primaryimage\"},\"thumbnailUrl\":\"https:\/\/abaa.mx\/tienda\/wp-content\/uploads\/2023\/10\/119-202.jpg\",\"datePublished\":\"2023-10-09T21:59:43+00:00\",\"dateModified\":\"2023-10-09T21:59:44+00:00\",\"breadcrumb\":{\"@id\":\"https:\/\/abaa.mx\/tienda\/mitutoyo-119-202-serie-119-micrometro-de-chapa-0-a-25-mm-garganta-de-50-mm\/#breadcrumb\"},\"inLanguage\":\"es\",\"potentialAction\":[{\"@type\":\"ReadAction\",\"target\":[\"https:\/\/abaa.mx\/tienda\/mitutoyo-119-202-serie-119-micrometro-de-chapa-0-a-25-mm-garganta-de-50-mm\/\"]}]},{\"@type\":\"ImageObject\",\"inLanguage\":\"es\",\"@id\":\"https:\/\/abaa.mx\/tienda\/mitutoyo-119-202-serie-119-micrometro-de-chapa-0-a-25-mm-garganta-de-50-mm\/#primaryimage\",\"url\":\"https:\/\/abaa.mx\/tienda\/wp-content\/uploads\/2023\/10\/119-202.jpg\",\"contentUrl\":\"https:\/\/abaa.mx\/tienda\/wp-content\/uploads\/2023\/10\/119-202.jpg\",\"width\":465,\"height\":349,\"caption\":\"mitutoyo-119-202-serie-119-micrometro-de-chapa-0-a-25-mm-garganta-de-50-mm\"},{\"@type\":\"BreadcrumbList\",\"@id\":\"https:\/\/abaa.mx\/tienda\/mitutoyo-119-202-serie-119-micrometro-de-chapa-0-a-25-mm-garganta-de-50-mm\/#breadcrumb\",\"itemListElement\":[{\"@type\":\"ListItem\",\"position\":1,\"name\":\"Inicio\",\"item\":\"https:\/\/abaa.mx\/tienda\/\"},{\"@type\":\"ListItem\",\"position\":2,\"name\":\"Tienda\",\"item\":\"https:\/\/abaa.mx\/tienda\/\"},{\"@type\":\"ListItem\",\"position\":3,\"name\":\"Mitutoyo 119-202 serie 119 micr\u00f3metro de chapa, 0 a 25 mm, garganta de 50 mm\"}]},{\"@type\":\"WebSite\",\"@id\":\"https:\/\/abaa.mx\/tienda\/#website\",\"url\":\"https:\/\/abaa.mx\/tienda\/\",\"name\":\"Abaa tienda online\",\"description\":\"Instrumentos de medici\u00f3n\",\"publisher\":{\"@id\":\"https:\/\/abaa.mx\/tienda\/#organization\"},\"potentialAction\":[{\"@type\":\"SearchAction\",\"target\":{\"@type\":\"EntryPoint\",\"urlTemplate\":\"https:\/\/abaa.mx\/tienda\/?s={search_term_string}\"},\"query-input\":{\"@type\":\"PropertyValueSpecification\",\"valueRequired\":true,\"valueName\":\"search_term_string\"}}],\"inLanguage\":\"es\"},{\"@type\":\"Organization\",\"@id\":\"https:\/\/abaa.mx\/tienda\/#organization\",\"name\":\"Abaa tienda online\",\"url\":\"https:\/\/abaa.mx\/tienda\/\",\"logo\":{\"@type\":\"ImageObject\",\"inLanguage\":\"es\",\"@id\":\"https:\/\/abaa.mx\/tienda\/#\/schema\/logo\/image\/\",\"url\":\"https:\/\/abaa.mx\/tienda\/wp-content\/uploads\/2024\/01\/abaa-metrologia-tienda.png\",\"contentUrl\":\"https:\/\/abaa.mx\/tienda\/wp-content\/uploads\/2024\/01\/abaa-metrologia-tienda.png\",\"width\":300,\"height\":141,\"caption\":\"Abaa tienda online\"},\"image\":{\"@id\":\"https:\/\/abaa.mx\/tienda\/#\/schema\/logo\/image\/\"}}]}<\/script>\n<!-- \/ Yoast SEO plugin. -->","yoast_head_json":{"title":"Mitutoyo 119-202 serie 119 micr\u00f3metro de chapa, 0 a 25 mm, garganta de 50 mm - Abaa tienda online","robots":{"index":"index","follow":"follow","max-snippet":"max-snippet:-1","max-image-preview":"max-image-preview:large","max-video-preview":"max-video-preview:-1"},"canonical":"https:\/\/abaa.mx\/tienda\/mitutoyo-119-202-serie-119-micrometro-de-chapa-0-a-25-mm-garganta-de-50-mm\/","og_locale":"es_MX","og_type":"article","og_title":"Mitutoyo 119-202 serie 119 micr\u00f3metro de chapa, 0 a 25 mm, garganta de 50 mm - Abaa tienda online","og_description":"El micr\u00f3metro de chapa mide el espesor de la chapa met\u00e1lica y otros materiales seleccionados. Est\u00e1 dise\u00f1ado con un tope de trinquete que proporciona una fuerza constante durante el uso.","og_url":"https:\/\/abaa.mx\/tienda\/mitutoyo-119-202-serie-119-micrometro-de-chapa-0-a-25-mm-garganta-de-50-mm\/","og_site_name":"Abaa tienda online","article_modified_time":"2023-10-09T21:59:44+00:00","og_image":[{"width":465,"height":349,"url":"https:\/\/abaa.mx\/tienda\/wp-content\/uploads\/2023\/10\/119-202.jpg","type":"image\/jpeg"}],"twitter_card":"summary_large_image","twitter_misc":{"Tiempo de lectura":"1 minuto"},"schema":{"@context":"https:\/\/schema.org","@graph":[{"@type":"WebPage","@id":"https:\/\/abaa.mx\/tienda\/mitutoyo-119-202-serie-119-micrometro-de-chapa-0-a-25-mm-garganta-de-50-mm\/","url":"https:\/\/abaa.mx\/tienda\/mitutoyo-119-202-serie-119-micrometro-de-chapa-0-a-25-mm-garganta-de-50-mm\/","name":"Mitutoyo 119-202 serie 119 micr\u00f3metro de chapa, 0 a 25 mm, garganta de 50 mm - Abaa tienda online","isPartOf":{"@id":"https:\/\/abaa.mx\/tienda\/#website"},"primaryImageOfPage":{"@id":"https:\/\/abaa.mx\/tienda\/mitutoyo-119-202-serie-119-micrometro-de-chapa-0-a-25-mm-garganta-de-50-mm\/#primaryimage"},"image":{"@id":"https:\/\/abaa.mx\/tienda\/mitutoyo-119-202-serie-119-micrometro-de-chapa-0-a-25-mm-garganta-de-50-mm\/#primaryimage"},"thumbnailUrl":"https:\/\/abaa.mx\/tienda\/wp-content\/uploads\/2023\/10\/119-202.jpg","datePublished":"2023-10-09T21:59:43+00:00","dateModified":"2023-10-09T21:59:44+00:00","breadcrumb":{"@id":"https:\/\/abaa.mx\/tienda\/mitutoyo-119-202-serie-119-micrometro-de-chapa-0-a-25-mm-garganta-de-50-mm\/#breadcrumb"},"inLanguage":"es","potentialAction":[{"@type":"ReadAction","target":["https:\/\/abaa.mx\/tienda\/mitutoyo-119-202-serie-119-micrometro-de-chapa-0-a-25-mm-garganta-de-50-mm\/"]}]},{"@type":"ImageObject","inLanguage":"es","@id":"https:\/\/abaa.mx\/tienda\/mitutoyo-119-202-serie-119-micrometro-de-chapa-0-a-25-mm-garganta-de-50-mm\/#primaryimage","url":"https:\/\/abaa.mx\/tienda\/wp-content\/uploads\/2023\/10\/119-202.jpg","contentUrl":"https:\/\/abaa.mx\/tienda\/wp-content\/uploads\/2023\/10\/119-202.jpg","width":465,"height":349,"caption":"mitutoyo-119-202-serie-119-micrometro-de-chapa-0-a-25-mm-garganta-de-50-mm"},{"@type":"BreadcrumbList","@id":"https:\/\/abaa.mx\/tienda\/mitutoyo-119-202-serie-119-micrometro-de-chapa-0-a-25-mm-garganta-de-50-mm\/#breadcrumb","itemListElement":[{"@type":"ListItem","position":1,"name":"Inicio","item":"https:\/\/abaa.mx\/tienda\/"},{"@type":"ListItem","position":2,"name":"Tienda","item":"https:\/\/abaa.mx\/tienda\/"},{"@type":"ListItem","position":3,"name":"Mitutoyo 119-202 serie 119 micr\u00f3metro de chapa, 0 a 25 mm, garganta de 50 mm"}]},{"@type":"WebSite","@id":"https:\/\/abaa.mx\/tienda\/#website","url":"https:\/\/abaa.mx\/tienda\/","name":"Abaa tienda online","description":"Instrumentos de medici\u00f3n","publisher":{"@id":"https:\/\/abaa.mx\/tienda\/#organization"},"potentialAction":[{"@type":"SearchAction","target":{"@type":"EntryPoint","urlTemplate":"https:\/\/abaa.mx\/tienda\/?s={search_term_string}"},"query-input":{"@type":"PropertyValueSpecification","valueRequired":true,"valueName":"search_term_string"}}],"inLanguage":"es"},{"@type":"Organization","@id":"https:\/\/abaa.mx\/tienda\/#organization","name":"Abaa tienda online","url":"https:\/\/abaa.mx\/tienda\/","logo":{"@type":"ImageObject","inLanguage":"es","@id":"https:\/\/abaa.mx\/tienda\/#\/schema\/logo\/image\/","url":"https:\/\/abaa.mx\/tienda\/wp-content\/uploads\/2024\/01\/abaa-metrologia-tienda.png","contentUrl":"https:\/\/abaa.mx\/tienda\/wp-content\/uploads\/2024\/01\/abaa-metrologia-tienda.png","width":300,"height":141,"caption":"Abaa tienda online"},"image":{"@id":"https:\/\/abaa.mx\/tienda\/#\/schema\/logo\/image\/"}}]}},"_links":{"self":[{"href":"https:\/\/abaa.mx\/tienda\/wp-json\/wp\/v2\/product\/5339","targetHints":{"allow":["GET"]}}],"collection":[{"href":"https:\/\/abaa.mx\/tienda\/wp-json\/wp\/v2\/product"}],"about":[{"href":"https:\/\/abaa.mx\/tienda\/wp-json\/wp\/v2\/types\/product"}],"replies":[{"embeddable":true,"href":"https:\/\/abaa.mx\/tienda\/wp-json\/wp\/v2\/comments?post=5339"}],"wp:featuredmedia":[{"embeddable":true,"href":"https:\/\/abaa.mx\/tienda\/wp-json\/wp\/v2\/media\/5348"}],"wp:attachment":[{"href":"https:\/\/abaa.mx\/tienda\/wp-json\/wp\/v2\/media?parent=5339"}],"wp:term":[{"taxonomy":"product_brand","embeddable":true,"href":"https:\/\/abaa.mx\/tienda\/wp-json\/wp\/v2\/product_brand?post=5339"},{"taxonomy":"product_cat","embeddable":true,"href":"https:\/\/abaa.mx\/tienda\/wp-json\/wp\/v2\/product_cat?post=5339"},{"taxonomy":"product_tag","embeddable":true,"href":"https:\/\/abaa.mx\/tienda\/wp-json\/wp\/v2\/product_tag?post=5339"}],"curies":[{"name":"wp","href":"https:\/\/api.w.org\/{rel}","templated":true}]}}