{"id":5301,"date":"2023-10-09T21:12:29","date_gmt":"2023-10-09T21:12:29","guid":{"rendered":"https:\/\/abaa.mx\/tienda\/?post_type=product&#038;p=5301"},"modified":"2023-10-09T21:12:30","modified_gmt":"2023-10-09T21:12:30","slug":"mitutoyo-1167a-serie-1-indicador-de-esfera-de-embolo-trasero-0-2","status":"publish","type":"product","link":"https:\/\/abaa.mx\/tienda\/mitutoyo-1167a-serie-1-indicador-de-esfera-de-embolo-trasero-0-2\/","title":{"rendered":"Mitutoyo 1167a serie 1 indicador de esfera de \u00e9mbolo trasero, 0.2&#8243;"},"content":{"rendered":"<p>Conecte el indicador de cuadrante de \u00e9mbolo trasero Mitutoyo 1167T Serie 1 con un equipo seleccionado para obtener una visi\u00f3n clara de las mediciones. Fabricado en un estilo de \u00e9mbolo trasero con husillos de medici\u00f3n traseros, este indicador es duradero y preciso. Adem\u00e1s, gracias a sus marcas de graduaci\u00f3n f\u00e1ciles de leer, permanece visible mientras maneja maquinaria compatible.<\/p>\n<h5><strong>Funciones<\/strong><\/h5>\n<ul>\n<li>Estilo de \u00e9mbolo trasero y husillos de medici\u00f3n traseros para una medici\u00f3n precisa<\/li>\n<li>Se monta convenientemente en mesas de m\u00e1quina herramienta niveladora y plantillas de inspecci\u00f3n<\/li>\n<li>Las graduaciones de 0,001&#8243; son f\u00e1ciles de ver mientras trabajas<\/li>\n<li>Construcci\u00f3n duradera que resiste el desgaste duro<\/li>\n<li>Compatible con determinados accesorios de Mitutoyo, como las barras de sujeci\u00f3n (se venden por separado)<\/li>\n<li>Fuerza: 0,4 a 1,4 N<\/li>\n<\/ul>\n<h4>Especificaciones<\/h4>\n<table class=\"table table-striped\">\n<tbody>\n<tr>\n<td>Unidad(es) de medida admitida(s)<\/td>\n<td>en<\/td>\n<\/tr>\n<tr>\n<td>Rango de medici\u00f3n<\/td>\n<td>0.2&#8243; por revoluci\u00f3n de 0.05&#8243;<\/td>\n<\/tr>\n<tr>\n<td>Exactitud<\/td>\n<td>0.001&#8243;<\/td>\n<\/tr>\n<tr>\n<td>Lectura de dial<\/td>\n<td>De 0 a 25 a 0<\/td>\n<\/tr>\n<tr>\n<td>Color de la esfera<\/td>\n<td>Blanco<\/td>\n<\/tr>\n<tr>\n<td>Medidas de graduaci\u00f3n<\/td>\n<td>Pulgadas<\/td>\n<\/tr>\n<\/tbody>\n<\/table>\n","protected":false},"excerpt":{"rendered":"<p>Este indicador de esfera de \u00e9mbolo trasero produce lecturas muy precisas. Es compatible con equipos seleccionados, como mesas de m\u00e1quina herramienta niveladora, plantillas de inspecci\u00f3n y m\u00e1s.<\/p>\n","protected":false},"featured_media":5315,"comment_status":"open","ping_status":"closed","template":"","meta":{"_joinchat":[]},"product_brand":[],"product_cat":[15],"product_tag":[],"class_list":{"0":"post-5301","1":"product","2":"type-product","3":"status-publish","4":"has-post-thumbnail","6":"product_cat-sin-categorizar","8":"first","9":"instock","10":"shipping-taxable","11":"product-type-simple"},"yoast_head":"<!-- This site is optimized with the Yoast SEO plugin v26.4 - https:\/\/yoast.com\/wordpress\/plugins\/seo\/ -->\n<title>Mitutoyo 1167a serie 1 indicador de esfera de \u00e9mbolo trasero, 0.2&quot; - Abaa tienda online<\/title>\n<meta name=\"robots\" content=\"index, follow, max-snippet:-1, max-image-preview:large, max-video-preview:-1\" \/>\n<link rel=\"canonical\" href=\"https:\/\/abaa.mx\/tienda\/mitutoyo-1167a-serie-1-indicador-de-esfera-de-embolo-trasero-0-2\/\" \/>\n<meta property=\"og:locale\" content=\"es_MX\" \/>\n<meta property=\"og:type\" content=\"article\" \/>\n<meta property=\"og:title\" content=\"Mitutoyo 1167a serie 1 indicador de esfera de \u00e9mbolo trasero, 0.2&quot; - Abaa tienda online\" \/>\n<meta property=\"og:description\" content=\"Este indicador de esfera de \u00e9mbolo trasero produce lecturas muy precisas. Es compatible con equipos seleccionados, como mesas de m\u00e1quina herramienta niveladora, plantillas de inspecci\u00f3n y m\u00e1s.\" \/>\n<meta property=\"og:url\" content=\"https:\/\/abaa.mx\/tienda\/mitutoyo-1167a-serie-1-indicador-de-esfera-de-embolo-trasero-0-2\/\" \/>\n<meta property=\"og:site_name\" content=\"Abaa tienda online\" \/>\n<meta property=\"article:modified_time\" content=\"2023-10-09T21:12:30+00:00\" \/>\n<meta property=\"og:image\" content=\"https:\/\/abaa.mx\/tienda\/wp-content\/uploads\/2023\/10\/1167A.jpg\" \/>\n\t<meta property=\"og:image:width\" content=\"600\" \/>\n\t<meta property=\"og:image:height\" content=\"600\" \/>\n\t<meta property=\"og:image:type\" content=\"image\/jpeg\" \/>\n<meta name=\"twitter:card\" content=\"summary_large_image\" \/>\n<meta name=\"twitter:label1\" content=\"Tiempo de lectura\" \/>\n\t<meta name=\"twitter:data1\" content=\"1 minuto\" \/>\n<script type=\"application\/ld+json\" class=\"yoast-schema-graph\">{\"@context\":\"https:\/\/schema.org\",\"@graph\":[{\"@type\":\"WebPage\",\"@id\":\"https:\/\/abaa.mx\/tienda\/mitutoyo-1167a-serie-1-indicador-de-esfera-de-embolo-trasero-0-2\/\",\"url\":\"https:\/\/abaa.mx\/tienda\/mitutoyo-1167a-serie-1-indicador-de-esfera-de-embolo-trasero-0-2\/\",\"name\":\"Mitutoyo 1167a serie 1 indicador de esfera de \u00e9mbolo trasero, 0.2\\\" - Abaa tienda online\",\"isPartOf\":{\"@id\":\"https:\/\/abaa.mx\/tienda\/#website\"},\"primaryImageOfPage\":{\"@id\":\"https:\/\/abaa.mx\/tienda\/mitutoyo-1167a-serie-1-indicador-de-esfera-de-embolo-trasero-0-2\/#primaryimage\"},\"image\":{\"@id\":\"https:\/\/abaa.mx\/tienda\/mitutoyo-1167a-serie-1-indicador-de-esfera-de-embolo-trasero-0-2\/#primaryimage\"},\"thumbnailUrl\":\"https:\/\/abaa.mx\/tienda\/wp-content\/uploads\/2023\/10\/1167A.jpg\",\"datePublished\":\"2023-10-09T21:12:29+00:00\",\"dateModified\":\"2023-10-09T21:12:30+00:00\",\"breadcrumb\":{\"@id\":\"https:\/\/abaa.mx\/tienda\/mitutoyo-1167a-serie-1-indicador-de-esfera-de-embolo-trasero-0-2\/#breadcrumb\"},\"inLanguage\":\"es\",\"potentialAction\":[{\"@type\":\"ReadAction\",\"target\":[\"https:\/\/abaa.mx\/tienda\/mitutoyo-1167a-serie-1-indicador-de-esfera-de-embolo-trasero-0-2\/\"]}]},{\"@type\":\"ImageObject\",\"inLanguage\":\"es\",\"@id\":\"https:\/\/abaa.mx\/tienda\/mitutoyo-1167a-serie-1-indicador-de-esfera-de-embolo-trasero-0-2\/#primaryimage\",\"url\":\"https:\/\/abaa.mx\/tienda\/wp-content\/uploads\/2023\/10\/1167A.jpg\",\"contentUrl\":\"https:\/\/abaa.mx\/tienda\/wp-content\/uploads\/2023\/10\/1167A.jpg\",\"width\":600,\"height\":600,\"caption\":\"mitutoyo-1167a-serie-1-indicador-de-esfera-de-embolo-trasero-0-2\"},{\"@type\":\"BreadcrumbList\",\"@id\":\"https:\/\/abaa.mx\/tienda\/mitutoyo-1167a-serie-1-indicador-de-esfera-de-embolo-trasero-0-2\/#breadcrumb\",\"itemListElement\":[{\"@type\":\"ListItem\",\"position\":1,\"name\":\"Inicio\",\"item\":\"https:\/\/abaa.mx\/tienda\/\"},{\"@type\":\"ListItem\",\"position\":2,\"name\":\"Tienda\",\"item\":\"https:\/\/abaa.mx\/tienda\/\"},{\"@type\":\"ListItem\",\"position\":3,\"name\":\"Mitutoyo 1167a serie 1 indicador de esfera de \u00e9mbolo trasero, 0.2&#8243;\"}]},{\"@type\":\"WebSite\",\"@id\":\"https:\/\/abaa.mx\/tienda\/#website\",\"url\":\"https:\/\/abaa.mx\/tienda\/\",\"name\":\"Abaa tienda online\",\"description\":\"Instrumentos de medici\u00f3n\",\"publisher\":{\"@id\":\"https:\/\/abaa.mx\/tienda\/#organization\"},\"potentialAction\":[{\"@type\":\"SearchAction\",\"target\":{\"@type\":\"EntryPoint\",\"urlTemplate\":\"https:\/\/abaa.mx\/tienda\/?s={search_term_string}\"},\"query-input\":{\"@type\":\"PropertyValueSpecification\",\"valueRequired\":true,\"valueName\":\"search_term_string\"}}],\"inLanguage\":\"es\"},{\"@type\":\"Organization\",\"@id\":\"https:\/\/abaa.mx\/tienda\/#organization\",\"name\":\"Abaa tienda online\",\"url\":\"https:\/\/abaa.mx\/tienda\/\",\"logo\":{\"@type\":\"ImageObject\",\"inLanguage\":\"es\",\"@id\":\"https:\/\/abaa.mx\/tienda\/#\/schema\/logo\/image\/\",\"url\":\"https:\/\/abaa.mx\/tienda\/wp-content\/uploads\/2024\/01\/abaa-metrologia-tienda.png\",\"contentUrl\":\"https:\/\/abaa.mx\/tienda\/wp-content\/uploads\/2024\/01\/abaa-metrologia-tienda.png\",\"width\":300,\"height\":141,\"caption\":\"Abaa tienda online\"},\"image\":{\"@id\":\"https:\/\/abaa.mx\/tienda\/#\/schema\/logo\/image\/\"}}]}<\/script>\n<!-- \/ Yoast SEO plugin. -->","yoast_head_json":{"title":"Mitutoyo 1167a serie 1 indicador de esfera de \u00e9mbolo trasero, 0.2\" - Abaa tienda online","robots":{"index":"index","follow":"follow","max-snippet":"max-snippet:-1","max-image-preview":"max-image-preview:large","max-video-preview":"max-video-preview:-1"},"canonical":"https:\/\/abaa.mx\/tienda\/mitutoyo-1167a-serie-1-indicador-de-esfera-de-embolo-trasero-0-2\/","og_locale":"es_MX","og_type":"article","og_title":"Mitutoyo 1167a serie 1 indicador de esfera de \u00e9mbolo trasero, 0.2\" - Abaa tienda online","og_description":"Este indicador de esfera de \u00e9mbolo trasero produce lecturas muy precisas. Es compatible con equipos seleccionados, como mesas de m\u00e1quina herramienta niveladora, plantillas de inspecci\u00f3n y m\u00e1s.","og_url":"https:\/\/abaa.mx\/tienda\/mitutoyo-1167a-serie-1-indicador-de-esfera-de-embolo-trasero-0-2\/","og_site_name":"Abaa tienda online","article_modified_time":"2023-10-09T21:12:30+00:00","og_image":[{"width":600,"height":600,"url":"https:\/\/abaa.mx\/tienda\/wp-content\/uploads\/2023\/10\/1167A.jpg","type":"image\/jpeg"}],"twitter_card":"summary_large_image","twitter_misc":{"Tiempo de lectura":"1 minuto"},"schema":{"@context":"https:\/\/schema.org","@graph":[{"@type":"WebPage","@id":"https:\/\/abaa.mx\/tienda\/mitutoyo-1167a-serie-1-indicador-de-esfera-de-embolo-trasero-0-2\/","url":"https:\/\/abaa.mx\/tienda\/mitutoyo-1167a-serie-1-indicador-de-esfera-de-embolo-trasero-0-2\/","name":"Mitutoyo 1167a serie 1 indicador de esfera de \u00e9mbolo trasero, 0.2\" - Abaa tienda online","isPartOf":{"@id":"https:\/\/abaa.mx\/tienda\/#website"},"primaryImageOfPage":{"@id":"https:\/\/abaa.mx\/tienda\/mitutoyo-1167a-serie-1-indicador-de-esfera-de-embolo-trasero-0-2\/#primaryimage"},"image":{"@id":"https:\/\/abaa.mx\/tienda\/mitutoyo-1167a-serie-1-indicador-de-esfera-de-embolo-trasero-0-2\/#primaryimage"},"thumbnailUrl":"https:\/\/abaa.mx\/tienda\/wp-content\/uploads\/2023\/10\/1167A.jpg","datePublished":"2023-10-09T21:12:29+00:00","dateModified":"2023-10-09T21:12:30+00:00","breadcrumb":{"@id":"https:\/\/abaa.mx\/tienda\/mitutoyo-1167a-serie-1-indicador-de-esfera-de-embolo-trasero-0-2\/#breadcrumb"},"inLanguage":"es","potentialAction":[{"@type":"ReadAction","target":["https:\/\/abaa.mx\/tienda\/mitutoyo-1167a-serie-1-indicador-de-esfera-de-embolo-trasero-0-2\/"]}]},{"@type":"ImageObject","inLanguage":"es","@id":"https:\/\/abaa.mx\/tienda\/mitutoyo-1167a-serie-1-indicador-de-esfera-de-embolo-trasero-0-2\/#primaryimage","url":"https:\/\/abaa.mx\/tienda\/wp-content\/uploads\/2023\/10\/1167A.jpg","contentUrl":"https:\/\/abaa.mx\/tienda\/wp-content\/uploads\/2023\/10\/1167A.jpg","width":600,"height":600,"caption":"mitutoyo-1167a-serie-1-indicador-de-esfera-de-embolo-trasero-0-2"},{"@type":"BreadcrumbList","@id":"https:\/\/abaa.mx\/tienda\/mitutoyo-1167a-serie-1-indicador-de-esfera-de-embolo-trasero-0-2\/#breadcrumb","itemListElement":[{"@type":"ListItem","position":1,"name":"Inicio","item":"https:\/\/abaa.mx\/tienda\/"},{"@type":"ListItem","position":2,"name":"Tienda","item":"https:\/\/abaa.mx\/tienda\/"},{"@type":"ListItem","position":3,"name":"Mitutoyo 1167a serie 1 indicador de esfera de \u00e9mbolo trasero, 0.2&#8243;"}]},{"@type":"WebSite","@id":"https:\/\/abaa.mx\/tienda\/#website","url":"https:\/\/abaa.mx\/tienda\/","name":"Abaa tienda online","description":"Instrumentos de medici\u00f3n","publisher":{"@id":"https:\/\/abaa.mx\/tienda\/#organization"},"potentialAction":[{"@type":"SearchAction","target":{"@type":"EntryPoint","urlTemplate":"https:\/\/abaa.mx\/tienda\/?s={search_term_string}"},"query-input":{"@type":"PropertyValueSpecification","valueRequired":true,"valueName":"search_term_string"}}],"inLanguage":"es"},{"@type":"Organization","@id":"https:\/\/abaa.mx\/tienda\/#organization","name":"Abaa tienda online","url":"https:\/\/abaa.mx\/tienda\/","logo":{"@type":"ImageObject","inLanguage":"es","@id":"https:\/\/abaa.mx\/tienda\/#\/schema\/logo\/image\/","url":"https:\/\/abaa.mx\/tienda\/wp-content\/uploads\/2024\/01\/abaa-metrologia-tienda.png","contentUrl":"https:\/\/abaa.mx\/tienda\/wp-content\/uploads\/2024\/01\/abaa-metrologia-tienda.png","width":300,"height":141,"caption":"Abaa tienda online"},"image":{"@id":"https:\/\/abaa.mx\/tienda\/#\/schema\/logo\/image\/"}}]}},"_links":{"self":[{"href":"https:\/\/abaa.mx\/tienda\/wp-json\/wp\/v2\/product\/5301","targetHints":{"allow":["GET"]}}],"collection":[{"href":"https:\/\/abaa.mx\/tienda\/wp-json\/wp\/v2\/product"}],"about":[{"href":"https:\/\/abaa.mx\/tienda\/wp-json\/wp\/v2\/types\/product"}],"replies":[{"embeddable":true,"href":"https:\/\/abaa.mx\/tienda\/wp-json\/wp\/v2\/comments?post=5301"}],"wp:featuredmedia":[{"embeddable":true,"href":"https:\/\/abaa.mx\/tienda\/wp-json\/wp\/v2\/media\/5315"}],"wp:attachment":[{"href":"https:\/\/abaa.mx\/tienda\/wp-json\/wp\/v2\/media?parent=5301"}],"wp:term":[{"taxonomy":"product_brand","embeddable":true,"href":"https:\/\/abaa.mx\/tienda\/wp-json\/wp\/v2\/product_brand?post=5301"},{"taxonomy":"product_cat","embeddable":true,"href":"https:\/\/abaa.mx\/tienda\/wp-json\/wp\/v2\/product_cat?post=5301"},{"taxonomy":"product_tag","embeddable":true,"href":"https:\/\/abaa.mx\/tienda\/wp-json\/wp\/v2\/product_tag?post=5301"}],"curies":[{"name":"wp","href":"https:\/\/api.w.org\/{rel}","templated":true}]}}