{"id":5286,"date":"2023-10-09T20:33:44","date_gmt":"2023-10-09T20:33:44","guid":{"rendered":"https:\/\/abaa.mx\/tienda\/?post_type=product&#038;p=5286"},"modified":"2023-11-29T20:55:08","modified_gmt":"2023-11-29T20:55:08","slug":"mitutoyo-3415a-serie-3-indicador-de-esfera-frontal-grande-con-orejeta-trasera-0-5-3-8","status":"publish","type":"product","link":"https:\/\/abaa.mx\/tienda\/mitutoyo-3415a-serie-3-indicador-de-esfera-frontal-grande-con-orejeta-trasera-0-5-3-8\/","title":{"rendered":"mitutoyo 3415a serie 3 indicador de esfera frontal grande con orejeta trasera, 0.5&#8243;, 3-8&#8243;"},"content":{"rendered":"<p>Trabaje con un largo rango de sujeci\u00f3n con este dise\u00f1o de v\u00e1stago indicador que se adapta a muchas aplicaciones. Adem\u00e1s, este cristal indicador tiene un revestimiento resistente a los ara\u00f1azos y al deslumbramiento para lecturas claras y una mayor durabilidad.<\/p>\n<p><strong>Funciones<\/strong><\/p>\n<ul>\n<li>Leng\u00fceta hacia atr\u00e1s para fines de montaje<\/li>\n<li>Un revolucionario dise\u00f1o de casquillo de husillo desplazado proporciona una sujeci\u00f3n del v\u00e1stago sin problemas y un rango de sujeci\u00f3n m\u00e1s largo<\/li>\n<li>Mecanismo \u00fanico a prueba de golpes que protege contra golpes de retracci\u00f3n repentina del husillo<\/li>\n<li>El engranaje de cremallera est\u00e1 rectificado a m\u00e1quina para un ajuste m\u00e1s ajustado y una mayor precisi\u00f3n<\/li>\n<li>La mayor rigidez en la placa de rodamiento reduce el error de retroceso hasta en un 20%<\/li>\n<li>El montaje de cuatro tornillos aumenta la resistencia al impacto para una precisi\u00f3n mejor y m\u00e1s prolongada<\/li>\n<li>Sin orificio pasante para tornillos en el marco proporciona una mejor resistencia al polvo<\/li>\n<li>El punto de contacto tiene punta de carburo para una precisi\u00f3n y durabilidad duraderas<\/li>\n<li>El cristal es antideslumbrante con un revestimiento resistente a los ara\u00f1azos<\/li>\n<li>Fabricado para cumplir con los est\u00e1ndares ANSI\/AGD e ISO\/JIS<\/li>\n<li>La ausencia de un orificio pasante para tornillos ayuda a proteger el indicador contra la penetraci\u00f3n de agua y aceite<\/li>\n<li>El husillo y el v\u00e1stago est\u00e1n construidos de acero endurecido de alta resistencia<\/li>\n<\/ul>\n<p><strong>Aplicaciones<\/strong><\/p>\n<ul>\n<li>Aeroespacial<\/li>\n<li>Automotor<\/li>\n<li>Defensa<\/li>\n<li>Electr\u00f3nica<\/li>\n<li>Energ\u00eda<\/li>\n<li>Fabricaci\u00f3n general<\/li>\n<li>Pl\u00e1sticos y caucho<\/li>\n<\/ul>\n<div class=\"row-fluid\">\n<div class=\"span12\">\n<div class=\"row-fluid\">\n<div class=\"span10\">\n<div class=\"mhide ipad-view-setting\">\n<div class=\"row-fluid ProductTabs\">\n<div class=\"span12\">\n<div class=\"tab-content\">\n<div id=\"tab1\" class=\"product-tabs tab-pane active\">\n<h4>Mitutoyo 3415A Especificaciones<\/h4>\n<table class=\"table table-striped\">\n<tbody>\n<tr>\n<td>Unidades<\/td>\n<td>Pulgada<\/td>\n<\/tr>\n<tr>\n<td>Gama<\/td>\n<td>0 a 0.5&#8243;Revoluci\u00f3n: 0.1&#8243;<\/td>\n<\/tr>\n<tr>\n<td>Graduaci\u00f3n<\/td>\n<td>0.001&#8243;<\/td>\n<\/tr>\n<tr>\n<td>Tipo de rosca<\/td>\n<td>4-48 UNF<\/td>\n<\/tr>\n<tr>\n<td>Lectura de dial<\/td>\n<td>0-50-0<\/td>\n<\/tr>\n<tr>\n<td>Tipo de espalda<\/td>\n<td>Leng\u00fceta hacia atr\u00e1s<\/td>\n<\/tr>\n<tr>\n<td>Exactitud<\/td>\n<td>\u00b10.001&#8243;<\/td>\n<\/tr>\n<tr>\n<td>Fuerza de medici\u00f3n<\/td>\n<td>1.8 o menosN<\/td>\n<\/tr>\n<tr>\n<td>Tallo<\/td>\n<td>0,375&#8243;\/9,52 mm<\/td>\n<\/tr>\n<tr>\n<td>Punto de contacto<\/td>\n<td>Punta de carburo, rosca: 4-48UNF<\/td>\n<\/tr>\n<tr>\n<td>Tecnolog\u00eda<\/td>\n<td>Mec\u00e1nico<\/td>\n<\/tr>\n<tr>\n<td>Peso<\/td>\n<td>259 g (0,57 libras)<\/td>\n<\/tr>\n<\/tbody>\n<\/table>\n<\/div>\n<\/div>\n<\/div>\n<\/div>\n<\/div>\n<\/div>\n<div class=\"span2 mhide ipad-view-setting\"><\/div>\n<\/div>\n<\/div>\n<\/div>\n","protected":false},"excerpt":{"rendered":"<p class=\"short-description mhide ipad-view-setting\">Mida las variaciones de la superficie con gran precisi\u00f3n que se muestran en una esfera grande f\u00e1cil de leer con este indicador de esfera grande y carrera larga. Adem\u00e1s, este indicador ofrece una excelente precisi\u00f3n y confiabilidad y cuenta con una orejeta trasera y un rango de 0 a 0.5&#8243;.<\/p>\n<div class=\"row-fluid\">\n<div class=\"span12 mobile-pricing-box-padding\">\n<form id=\"139667\" accept-charset=\"utf-8\" action=\"https:\/\/www.globaltestsupply.com\/shop\/add\" method=\"post\" name=\"addTocartFunction\">\n<div><\/div>\n<\/form>\n<\/div>\n<\/div>\n","protected":false},"featured_media":5289,"comment_status":"open","ping_status":"closed","template":"","meta":{"_joinchat":[]},"product_brand":[],"product_cat":[15],"product_tag":[],"class_list":{"0":"post-5286","1":"product","2":"type-product","3":"status-publish","4":"has-post-thumbnail","6":"product_cat-sin-categorizar","8":"first","9":"instock","10":"shipping-taxable","11":"product-type-simple"},"yoast_head":"<!-- This site is optimized with the Yoast SEO plugin v26.4 - https:\/\/yoast.com\/wordpress\/plugins\/seo\/ -->\n<title>mitutoyo 3415a serie 3 indicador de esfera frontal grande con orejeta trasera, 0.5&quot;, 3-8&quot; - Abaa tienda online<\/title>\n<meta name=\"robots\" content=\"index, follow, max-snippet:-1, max-image-preview:large, max-video-preview:-1\" \/>\n<link rel=\"canonical\" href=\"https:\/\/abaa.mx\/tienda\/mitutoyo-3415a-serie-3-indicador-de-esfera-frontal-grande-con-orejeta-trasera-0-5-3-8\/\" \/>\n<meta property=\"og:locale\" content=\"es_MX\" \/>\n<meta property=\"og:type\" content=\"article\" \/>\n<meta property=\"og:title\" content=\"mitutoyo 3415a serie 3 indicador de esfera frontal grande con orejeta trasera, 0.5&quot;, 3-8&quot; - Abaa tienda online\" \/>\n<meta property=\"og:description\" content=\"Mida las variaciones de la superficie con gran precisi\u00f3n que se muestran en una esfera grande f\u00e1cil de leer con este indicador de esfera grande y carrera larga. Adem\u00e1s, este indicador ofrece una excelente precisi\u00f3n y confiabilidad y cuenta con una orejeta trasera y un rango de 0 a 0.5&quot;.\" \/>\n<meta property=\"og:url\" content=\"https:\/\/abaa.mx\/tienda\/mitutoyo-3415a-serie-3-indicador-de-esfera-frontal-grande-con-orejeta-trasera-0-5-3-8\/\" \/>\n<meta property=\"og:site_name\" content=\"Abaa tienda online\" \/>\n<meta property=\"article:modified_time\" content=\"2023-11-29T20:55:08+00:00\" \/>\n<meta property=\"og:image\" content=\"https:\/\/abaa.mx\/tienda\/wp-content\/uploads\/2023\/10\/3415A.jpeg\" \/>\n\t<meta property=\"og:image:width\" content=\"270\" \/>\n\t<meta property=\"og:image:height\" content=\"402\" \/>\n\t<meta property=\"og:image:type\" content=\"image\/jpeg\" \/>\n<meta name=\"twitter:card\" content=\"summary_large_image\" \/>\n<meta name=\"twitter:label1\" content=\"Tiempo de lectura\" \/>\n\t<meta name=\"twitter:data1\" content=\"2 minutos\" \/>\n<script type=\"application\/ld+json\" class=\"yoast-schema-graph\">{\"@context\":\"https:\/\/schema.org\",\"@graph\":[{\"@type\":\"WebPage\",\"@id\":\"https:\/\/abaa.mx\/tienda\/mitutoyo-3415a-serie-3-indicador-de-esfera-frontal-grande-con-orejeta-trasera-0-5-3-8\/\",\"url\":\"https:\/\/abaa.mx\/tienda\/mitutoyo-3415a-serie-3-indicador-de-esfera-frontal-grande-con-orejeta-trasera-0-5-3-8\/\",\"name\":\"mitutoyo 3415a serie 3 indicador de esfera frontal grande con orejeta trasera, 0.5\\\", 3-8\\\" - Abaa tienda online\",\"isPartOf\":{\"@id\":\"https:\/\/abaa.mx\/tienda\/#website\"},\"primaryImageOfPage\":{\"@id\":\"https:\/\/abaa.mx\/tienda\/mitutoyo-3415a-serie-3-indicador-de-esfera-frontal-grande-con-orejeta-trasera-0-5-3-8\/#primaryimage\"},\"image\":{\"@id\":\"https:\/\/abaa.mx\/tienda\/mitutoyo-3415a-serie-3-indicador-de-esfera-frontal-grande-con-orejeta-trasera-0-5-3-8\/#primaryimage\"},\"thumbnailUrl\":\"https:\/\/abaa.mx\/tienda\/wp-content\/uploads\/2023\/10\/3415A.jpeg\",\"datePublished\":\"2023-10-09T20:33:44+00:00\",\"dateModified\":\"2023-11-29T20:55:08+00:00\",\"breadcrumb\":{\"@id\":\"https:\/\/abaa.mx\/tienda\/mitutoyo-3415a-serie-3-indicador-de-esfera-frontal-grande-con-orejeta-trasera-0-5-3-8\/#breadcrumb\"},\"inLanguage\":\"es\",\"potentialAction\":[{\"@type\":\"ReadAction\",\"target\":[\"https:\/\/abaa.mx\/tienda\/mitutoyo-3415a-serie-3-indicador-de-esfera-frontal-grande-con-orejeta-trasera-0-5-3-8\/\"]}]},{\"@type\":\"ImageObject\",\"inLanguage\":\"es\",\"@id\":\"https:\/\/abaa.mx\/tienda\/mitutoyo-3415a-serie-3-indicador-de-esfera-frontal-grande-con-orejeta-trasera-0-5-3-8\/#primaryimage\",\"url\":\"https:\/\/abaa.mx\/tienda\/wp-content\/uploads\/2023\/10\/3415A.jpeg\",\"contentUrl\":\"https:\/\/abaa.mx\/tienda\/wp-content\/uploads\/2023\/10\/3415A.jpeg\",\"width\":270,\"height\":402,\"caption\":\"3415A\"},{\"@type\":\"BreadcrumbList\",\"@id\":\"https:\/\/abaa.mx\/tienda\/mitutoyo-3415a-serie-3-indicador-de-esfera-frontal-grande-con-orejeta-trasera-0-5-3-8\/#breadcrumb\",\"itemListElement\":[{\"@type\":\"ListItem\",\"position\":1,\"name\":\"Inicio\",\"item\":\"https:\/\/abaa.mx\/tienda\/\"},{\"@type\":\"ListItem\",\"position\":2,\"name\":\"Tienda\",\"item\":\"https:\/\/abaa.mx\/tienda\/\"},{\"@type\":\"ListItem\",\"position\":3,\"name\":\"mitutoyo 3415a serie 3 indicador de esfera frontal grande con orejeta trasera, 0.5&#8243;, 3-8&#8243;\"}]},{\"@type\":\"WebSite\",\"@id\":\"https:\/\/abaa.mx\/tienda\/#website\",\"url\":\"https:\/\/abaa.mx\/tienda\/\",\"name\":\"Abaa tienda online\",\"description\":\"Instrumentos de medici\u00f3n\",\"publisher\":{\"@id\":\"https:\/\/abaa.mx\/tienda\/#organization\"},\"potentialAction\":[{\"@type\":\"SearchAction\",\"target\":{\"@type\":\"EntryPoint\",\"urlTemplate\":\"https:\/\/abaa.mx\/tienda\/?s={search_term_string}\"},\"query-input\":{\"@type\":\"PropertyValueSpecification\",\"valueRequired\":true,\"valueName\":\"search_term_string\"}}],\"inLanguage\":\"es\"},{\"@type\":\"Organization\",\"@id\":\"https:\/\/abaa.mx\/tienda\/#organization\",\"name\":\"Abaa tienda online\",\"url\":\"https:\/\/abaa.mx\/tienda\/\",\"logo\":{\"@type\":\"ImageObject\",\"inLanguage\":\"es\",\"@id\":\"https:\/\/abaa.mx\/tienda\/#\/schema\/logo\/image\/\",\"url\":\"https:\/\/abaa.mx\/tienda\/wp-content\/uploads\/2024\/01\/abaa-metrologia-tienda.png\",\"contentUrl\":\"https:\/\/abaa.mx\/tienda\/wp-content\/uploads\/2024\/01\/abaa-metrologia-tienda.png\",\"width\":300,\"height\":141,\"caption\":\"Abaa tienda online\"},\"image\":{\"@id\":\"https:\/\/abaa.mx\/tienda\/#\/schema\/logo\/image\/\"}}]}<\/script>\n<!-- \/ Yoast SEO plugin. -->","yoast_head_json":{"title":"mitutoyo 3415a serie 3 indicador de esfera frontal grande con orejeta trasera, 0.5\", 3-8\" - Abaa tienda online","robots":{"index":"index","follow":"follow","max-snippet":"max-snippet:-1","max-image-preview":"max-image-preview:large","max-video-preview":"max-video-preview:-1"},"canonical":"https:\/\/abaa.mx\/tienda\/mitutoyo-3415a-serie-3-indicador-de-esfera-frontal-grande-con-orejeta-trasera-0-5-3-8\/","og_locale":"es_MX","og_type":"article","og_title":"mitutoyo 3415a serie 3 indicador de esfera frontal grande con orejeta trasera, 0.5\", 3-8\" - Abaa tienda online","og_description":"Mida las variaciones de la superficie con gran precisi\u00f3n que se muestran en una esfera grande f\u00e1cil de leer con este indicador de esfera grande y carrera larga. Adem\u00e1s, este indicador ofrece una excelente precisi\u00f3n y confiabilidad y cuenta con una orejeta trasera y un rango de 0 a 0.5\".","og_url":"https:\/\/abaa.mx\/tienda\/mitutoyo-3415a-serie-3-indicador-de-esfera-frontal-grande-con-orejeta-trasera-0-5-3-8\/","og_site_name":"Abaa tienda online","article_modified_time":"2023-11-29T20:55:08+00:00","og_image":[{"width":270,"height":402,"url":"https:\/\/abaa.mx\/tienda\/wp-content\/uploads\/2023\/10\/3415A.jpeg","type":"image\/jpeg"}],"twitter_card":"summary_large_image","twitter_misc":{"Tiempo de lectura":"2 minutos"},"schema":{"@context":"https:\/\/schema.org","@graph":[{"@type":"WebPage","@id":"https:\/\/abaa.mx\/tienda\/mitutoyo-3415a-serie-3-indicador-de-esfera-frontal-grande-con-orejeta-trasera-0-5-3-8\/","url":"https:\/\/abaa.mx\/tienda\/mitutoyo-3415a-serie-3-indicador-de-esfera-frontal-grande-con-orejeta-trasera-0-5-3-8\/","name":"mitutoyo 3415a serie 3 indicador de esfera frontal grande con orejeta trasera, 0.5\", 3-8\" - Abaa tienda online","isPartOf":{"@id":"https:\/\/abaa.mx\/tienda\/#website"},"primaryImageOfPage":{"@id":"https:\/\/abaa.mx\/tienda\/mitutoyo-3415a-serie-3-indicador-de-esfera-frontal-grande-con-orejeta-trasera-0-5-3-8\/#primaryimage"},"image":{"@id":"https:\/\/abaa.mx\/tienda\/mitutoyo-3415a-serie-3-indicador-de-esfera-frontal-grande-con-orejeta-trasera-0-5-3-8\/#primaryimage"},"thumbnailUrl":"https:\/\/abaa.mx\/tienda\/wp-content\/uploads\/2023\/10\/3415A.jpeg","datePublished":"2023-10-09T20:33:44+00:00","dateModified":"2023-11-29T20:55:08+00:00","breadcrumb":{"@id":"https:\/\/abaa.mx\/tienda\/mitutoyo-3415a-serie-3-indicador-de-esfera-frontal-grande-con-orejeta-trasera-0-5-3-8\/#breadcrumb"},"inLanguage":"es","potentialAction":[{"@type":"ReadAction","target":["https:\/\/abaa.mx\/tienda\/mitutoyo-3415a-serie-3-indicador-de-esfera-frontal-grande-con-orejeta-trasera-0-5-3-8\/"]}]},{"@type":"ImageObject","inLanguage":"es","@id":"https:\/\/abaa.mx\/tienda\/mitutoyo-3415a-serie-3-indicador-de-esfera-frontal-grande-con-orejeta-trasera-0-5-3-8\/#primaryimage","url":"https:\/\/abaa.mx\/tienda\/wp-content\/uploads\/2023\/10\/3415A.jpeg","contentUrl":"https:\/\/abaa.mx\/tienda\/wp-content\/uploads\/2023\/10\/3415A.jpeg","width":270,"height":402,"caption":"3415A"},{"@type":"BreadcrumbList","@id":"https:\/\/abaa.mx\/tienda\/mitutoyo-3415a-serie-3-indicador-de-esfera-frontal-grande-con-orejeta-trasera-0-5-3-8\/#breadcrumb","itemListElement":[{"@type":"ListItem","position":1,"name":"Inicio","item":"https:\/\/abaa.mx\/tienda\/"},{"@type":"ListItem","position":2,"name":"Tienda","item":"https:\/\/abaa.mx\/tienda\/"},{"@type":"ListItem","position":3,"name":"mitutoyo 3415a serie 3 indicador de esfera frontal grande con orejeta trasera, 0.5&#8243;, 3-8&#8243;"}]},{"@type":"WebSite","@id":"https:\/\/abaa.mx\/tienda\/#website","url":"https:\/\/abaa.mx\/tienda\/","name":"Abaa tienda online","description":"Instrumentos de medici\u00f3n","publisher":{"@id":"https:\/\/abaa.mx\/tienda\/#organization"},"potentialAction":[{"@type":"SearchAction","target":{"@type":"EntryPoint","urlTemplate":"https:\/\/abaa.mx\/tienda\/?s={search_term_string}"},"query-input":{"@type":"PropertyValueSpecification","valueRequired":true,"valueName":"search_term_string"}}],"inLanguage":"es"},{"@type":"Organization","@id":"https:\/\/abaa.mx\/tienda\/#organization","name":"Abaa tienda online","url":"https:\/\/abaa.mx\/tienda\/","logo":{"@type":"ImageObject","inLanguage":"es","@id":"https:\/\/abaa.mx\/tienda\/#\/schema\/logo\/image\/","url":"https:\/\/abaa.mx\/tienda\/wp-content\/uploads\/2024\/01\/abaa-metrologia-tienda.png","contentUrl":"https:\/\/abaa.mx\/tienda\/wp-content\/uploads\/2024\/01\/abaa-metrologia-tienda.png","width":300,"height":141,"caption":"Abaa tienda online"},"image":{"@id":"https:\/\/abaa.mx\/tienda\/#\/schema\/logo\/image\/"}}]}},"_links":{"self":[{"href":"https:\/\/abaa.mx\/tienda\/wp-json\/wp\/v2\/product\/5286","targetHints":{"allow":["GET"]}}],"collection":[{"href":"https:\/\/abaa.mx\/tienda\/wp-json\/wp\/v2\/product"}],"about":[{"href":"https:\/\/abaa.mx\/tienda\/wp-json\/wp\/v2\/types\/product"}],"replies":[{"embeddable":true,"href":"https:\/\/abaa.mx\/tienda\/wp-json\/wp\/v2\/comments?post=5286"}],"wp:featuredmedia":[{"embeddable":true,"href":"https:\/\/abaa.mx\/tienda\/wp-json\/wp\/v2\/media\/5289"}],"wp:attachment":[{"href":"https:\/\/abaa.mx\/tienda\/wp-json\/wp\/v2\/media?parent=5286"}],"wp:term":[{"taxonomy":"product_brand","embeddable":true,"href":"https:\/\/abaa.mx\/tienda\/wp-json\/wp\/v2\/product_brand?post=5286"},{"taxonomy":"product_cat","embeddable":true,"href":"https:\/\/abaa.mx\/tienda\/wp-json\/wp\/v2\/product_cat?post=5286"},{"taxonomy":"product_tag","embeddable":true,"href":"https:\/\/abaa.mx\/tienda\/wp-json\/wp\/v2\/product_tag?post=5286"}],"curies":[{"name":"wp","href":"https:\/\/api.w.org\/{rel}","templated":true}]}}