{"id":5238,"date":"2023-10-09T21:12:18","date_gmt":"2023-10-09T21:12:18","guid":{"rendered":"https:\/\/abaa.mx\/tienda\/?post_type=product&#038;p=5238"},"modified":"2023-10-09T21:12:19","modified_gmt":"2023-10-09T21:12:19","slug":"mitutoyo-1160a-serie-1-indicador-de-esfera-de-embolo-trasero-5-mm-metrico","status":"publish","type":"product","link":"https:\/\/abaa.mx\/tienda\/mitutoyo-1160a-serie-1-indicador-de-esfera-de-embolo-trasero-5-mm-metrico\/","title":{"rendered":"Mitutoyo 1160a serie 1 indicador de esfera de \u00e9mbolo trasero, 5 mm, m\u00e9trico"},"content":{"rendered":"<p>Anote lecturas precisas con el indicador de esfera de \u00e9mbolo trasero Mitutoyo 1160T Serie 1, que muestra lecturas con una precisi\u00f3n de 0,01 mm. Ideal para espacios peque\u00f1os donde las graduaciones de los medidores de cuadrante est\u00e1ndar pueden ser dif\u00edciles de ver, este indicador de cuadrante se puede montar en la mesa de la m\u00e1quina herramienta niveladora o en la plantilla de inspecci\u00f3n para verla con las manos libres.<\/p>\n<h5><strong>Funciones<\/strong><\/h5>\n<ul>\n<li>Ideal para montar en mesas de m\u00e1quina herramienta niveladora o plantillas de inspecci\u00f3n<\/li>\n<li>Mide con una precisi\u00f3n de 0,01 mm con marcas de graduaci\u00f3n f\u00e1ciles de ver<\/li>\n<li>Los husillos de medici\u00f3n est\u00e1n construidos en la parte posterior de la unidad<\/li>\n<li>Fuerza: 0,4 a 1,4 N<\/li>\n<li>\u00daselo con una barra de sujeci\u00f3n opcional (se vende por separado)<\/li>\n<\/ul>\n<h4>Especificaciones<\/h4>\n<table class=\"table table-striped\">\n<tbody>\n<tr>\n<td>Unidad(es) de medida admitida(s)<\/td>\n<td>mil\u00edmetro<\/td>\n<\/tr>\n<tr>\n<td>Rango de medici\u00f3n<\/td>\n<td>5 mm por revoluci\u00f3n de 1 mm<\/td>\n<\/tr>\n<tr>\n<td>Exactitud<\/td>\n<td>0,016 mil\u00edmetros<\/td>\n<\/tr>\n<tr>\n<td>Lectura de dial<\/td>\n<td>De 0 a 100<\/td>\n<\/tr>\n<tr>\n<td>Color de la esfera<\/td>\n<td>Blanco<\/td>\n<\/tr>\n<tr>\n<td>Medidas de graduaci\u00f3n<\/td>\n<td>Mil\u00edmetros<\/td>\n<\/tr>\n<\/tbody>\n<\/table>\n","protected":false},"excerpt":{"rendered":"<p>Tome lecturas con este indicador de cuadrante. Mide con una precisi\u00f3n de 0,01 mm y funciona bien en la mayor\u00eda de los espacios peque\u00f1os.<\/p>\n","protected":false},"featured_media":5312,"comment_status":"open","ping_status":"closed","template":"","meta":{"_joinchat":[]},"product_brand":[],"product_cat":[15],"product_tag":[],"class_list":{"0":"post-5238","1":"product","2":"type-product","3":"status-publish","4":"has-post-thumbnail","6":"product_cat-sin-categorizar","8":"first","9":"instock","10":"shipping-taxable","11":"product-type-simple"},"yoast_head":"<!-- This site is optimized with the Yoast SEO plugin v26.4 - https:\/\/yoast.com\/wordpress\/plugins\/seo\/ -->\n<title>Mitutoyo 1160a serie 1 indicador de esfera de \u00e9mbolo trasero, 5 mm, m\u00e9trico - Abaa tienda online<\/title>\n<meta name=\"robots\" content=\"index, follow, max-snippet:-1, max-image-preview:large, max-video-preview:-1\" \/>\n<link rel=\"canonical\" href=\"https:\/\/abaa.mx\/tienda\/mitutoyo-1160a-serie-1-indicador-de-esfera-de-embolo-trasero-5-mm-metrico\/\" \/>\n<meta property=\"og:locale\" content=\"es_MX\" \/>\n<meta property=\"og:type\" content=\"article\" \/>\n<meta property=\"og:title\" content=\"Mitutoyo 1160a serie 1 indicador de esfera de \u00e9mbolo trasero, 5 mm, m\u00e9trico - Abaa tienda online\" \/>\n<meta property=\"og:description\" content=\"Tome lecturas con este indicador de cuadrante. Mide con una precisi\u00f3n de 0,01 mm y funciona bien en la mayor\u00eda de los espacios peque\u00f1os.\" \/>\n<meta property=\"og:url\" content=\"https:\/\/abaa.mx\/tienda\/mitutoyo-1160a-serie-1-indicador-de-esfera-de-embolo-trasero-5-mm-metrico\/\" \/>\n<meta property=\"og:site_name\" content=\"Abaa tienda online\" \/>\n<meta property=\"article:modified_time\" content=\"2023-10-09T21:12:19+00:00\" \/>\n<meta property=\"og:image\" content=\"https:\/\/abaa.mx\/tienda\/wp-content\/uploads\/2023\/10\/1160A.jpg\" \/>\n\t<meta property=\"og:image:width\" content=\"390\" \/>\n\t<meta property=\"og:image:height\" content=\"390\" \/>\n\t<meta property=\"og:image:type\" content=\"image\/jpeg\" \/>\n<meta name=\"twitter:card\" content=\"summary_large_image\" \/>\n<meta name=\"twitter:label1\" content=\"Tiempo de lectura\" \/>\n\t<meta name=\"twitter:data1\" content=\"1 minuto\" \/>\n<script type=\"application\/ld+json\" class=\"yoast-schema-graph\">{\"@context\":\"https:\/\/schema.org\",\"@graph\":[{\"@type\":\"WebPage\",\"@id\":\"https:\/\/abaa.mx\/tienda\/mitutoyo-1160a-serie-1-indicador-de-esfera-de-embolo-trasero-5-mm-metrico\/\",\"url\":\"https:\/\/abaa.mx\/tienda\/mitutoyo-1160a-serie-1-indicador-de-esfera-de-embolo-trasero-5-mm-metrico\/\",\"name\":\"Mitutoyo 1160a serie 1 indicador de esfera de \u00e9mbolo trasero, 5 mm, m\u00e9trico - Abaa tienda online\",\"isPartOf\":{\"@id\":\"https:\/\/abaa.mx\/tienda\/#website\"},\"primaryImageOfPage\":{\"@id\":\"https:\/\/abaa.mx\/tienda\/mitutoyo-1160a-serie-1-indicador-de-esfera-de-embolo-trasero-5-mm-metrico\/#primaryimage\"},\"image\":{\"@id\":\"https:\/\/abaa.mx\/tienda\/mitutoyo-1160a-serie-1-indicador-de-esfera-de-embolo-trasero-5-mm-metrico\/#primaryimage\"},\"thumbnailUrl\":\"https:\/\/abaa.mx\/tienda\/wp-content\/uploads\/2023\/10\/1160A.jpg\",\"datePublished\":\"2023-10-09T21:12:18+00:00\",\"dateModified\":\"2023-10-09T21:12:19+00:00\",\"breadcrumb\":{\"@id\":\"https:\/\/abaa.mx\/tienda\/mitutoyo-1160a-serie-1-indicador-de-esfera-de-embolo-trasero-5-mm-metrico\/#breadcrumb\"},\"inLanguage\":\"es\",\"potentialAction\":[{\"@type\":\"ReadAction\",\"target\":[\"https:\/\/abaa.mx\/tienda\/mitutoyo-1160a-serie-1-indicador-de-esfera-de-embolo-trasero-5-mm-metrico\/\"]}]},{\"@type\":\"ImageObject\",\"inLanguage\":\"es\",\"@id\":\"https:\/\/abaa.mx\/tienda\/mitutoyo-1160a-serie-1-indicador-de-esfera-de-embolo-trasero-5-mm-metrico\/#primaryimage\",\"url\":\"https:\/\/abaa.mx\/tienda\/wp-content\/uploads\/2023\/10\/1160A.jpg\",\"contentUrl\":\"https:\/\/abaa.mx\/tienda\/wp-content\/uploads\/2023\/10\/1160A.jpg\",\"width\":390,\"height\":390,\"caption\":\"mitutoyo-1160a-serie-1-indicador-de-esfera-de-embolo-trasero-5-mm-metrico\"},{\"@type\":\"BreadcrumbList\",\"@id\":\"https:\/\/abaa.mx\/tienda\/mitutoyo-1160a-serie-1-indicador-de-esfera-de-embolo-trasero-5-mm-metrico\/#breadcrumb\",\"itemListElement\":[{\"@type\":\"ListItem\",\"position\":1,\"name\":\"Inicio\",\"item\":\"https:\/\/abaa.mx\/tienda\/\"},{\"@type\":\"ListItem\",\"position\":2,\"name\":\"Tienda\",\"item\":\"https:\/\/abaa.mx\/tienda\/\"},{\"@type\":\"ListItem\",\"position\":3,\"name\":\"Mitutoyo 1160a serie 1 indicador de esfera de \u00e9mbolo trasero, 5 mm, m\u00e9trico\"}]},{\"@type\":\"WebSite\",\"@id\":\"https:\/\/abaa.mx\/tienda\/#website\",\"url\":\"https:\/\/abaa.mx\/tienda\/\",\"name\":\"Abaa tienda online\",\"description\":\"Instrumentos de medici\u00f3n\",\"publisher\":{\"@id\":\"https:\/\/abaa.mx\/tienda\/#organization\"},\"potentialAction\":[{\"@type\":\"SearchAction\",\"target\":{\"@type\":\"EntryPoint\",\"urlTemplate\":\"https:\/\/abaa.mx\/tienda\/?s={search_term_string}\"},\"query-input\":{\"@type\":\"PropertyValueSpecification\",\"valueRequired\":true,\"valueName\":\"search_term_string\"}}],\"inLanguage\":\"es\"},{\"@type\":\"Organization\",\"@id\":\"https:\/\/abaa.mx\/tienda\/#organization\",\"name\":\"Abaa tienda online\",\"url\":\"https:\/\/abaa.mx\/tienda\/\",\"logo\":{\"@type\":\"ImageObject\",\"inLanguage\":\"es\",\"@id\":\"https:\/\/abaa.mx\/tienda\/#\/schema\/logo\/image\/\",\"url\":\"https:\/\/abaa.mx\/tienda\/wp-content\/uploads\/2024\/01\/abaa-metrologia-tienda.png\",\"contentUrl\":\"https:\/\/abaa.mx\/tienda\/wp-content\/uploads\/2024\/01\/abaa-metrologia-tienda.png\",\"width\":300,\"height\":141,\"caption\":\"Abaa tienda online\"},\"image\":{\"@id\":\"https:\/\/abaa.mx\/tienda\/#\/schema\/logo\/image\/\"}}]}<\/script>\n<!-- \/ Yoast SEO plugin. -->","yoast_head_json":{"title":"Mitutoyo 1160a serie 1 indicador de esfera de \u00e9mbolo trasero, 5 mm, m\u00e9trico - Abaa tienda online","robots":{"index":"index","follow":"follow","max-snippet":"max-snippet:-1","max-image-preview":"max-image-preview:large","max-video-preview":"max-video-preview:-1"},"canonical":"https:\/\/abaa.mx\/tienda\/mitutoyo-1160a-serie-1-indicador-de-esfera-de-embolo-trasero-5-mm-metrico\/","og_locale":"es_MX","og_type":"article","og_title":"Mitutoyo 1160a serie 1 indicador de esfera de \u00e9mbolo trasero, 5 mm, m\u00e9trico - Abaa tienda online","og_description":"Tome lecturas con este indicador de cuadrante. Mide con una precisi\u00f3n de 0,01 mm y funciona bien en la mayor\u00eda de los espacios peque\u00f1os.","og_url":"https:\/\/abaa.mx\/tienda\/mitutoyo-1160a-serie-1-indicador-de-esfera-de-embolo-trasero-5-mm-metrico\/","og_site_name":"Abaa tienda online","article_modified_time":"2023-10-09T21:12:19+00:00","og_image":[{"width":390,"height":390,"url":"https:\/\/abaa.mx\/tienda\/wp-content\/uploads\/2023\/10\/1160A.jpg","type":"image\/jpeg"}],"twitter_card":"summary_large_image","twitter_misc":{"Tiempo de lectura":"1 minuto"},"schema":{"@context":"https:\/\/schema.org","@graph":[{"@type":"WebPage","@id":"https:\/\/abaa.mx\/tienda\/mitutoyo-1160a-serie-1-indicador-de-esfera-de-embolo-trasero-5-mm-metrico\/","url":"https:\/\/abaa.mx\/tienda\/mitutoyo-1160a-serie-1-indicador-de-esfera-de-embolo-trasero-5-mm-metrico\/","name":"Mitutoyo 1160a serie 1 indicador de esfera de \u00e9mbolo trasero, 5 mm, m\u00e9trico - Abaa tienda online","isPartOf":{"@id":"https:\/\/abaa.mx\/tienda\/#website"},"primaryImageOfPage":{"@id":"https:\/\/abaa.mx\/tienda\/mitutoyo-1160a-serie-1-indicador-de-esfera-de-embolo-trasero-5-mm-metrico\/#primaryimage"},"image":{"@id":"https:\/\/abaa.mx\/tienda\/mitutoyo-1160a-serie-1-indicador-de-esfera-de-embolo-trasero-5-mm-metrico\/#primaryimage"},"thumbnailUrl":"https:\/\/abaa.mx\/tienda\/wp-content\/uploads\/2023\/10\/1160A.jpg","datePublished":"2023-10-09T21:12:18+00:00","dateModified":"2023-10-09T21:12:19+00:00","breadcrumb":{"@id":"https:\/\/abaa.mx\/tienda\/mitutoyo-1160a-serie-1-indicador-de-esfera-de-embolo-trasero-5-mm-metrico\/#breadcrumb"},"inLanguage":"es","potentialAction":[{"@type":"ReadAction","target":["https:\/\/abaa.mx\/tienda\/mitutoyo-1160a-serie-1-indicador-de-esfera-de-embolo-trasero-5-mm-metrico\/"]}]},{"@type":"ImageObject","inLanguage":"es","@id":"https:\/\/abaa.mx\/tienda\/mitutoyo-1160a-serie-1-indicador-de-esfera-de-embolo-trasero-5-mm-metrico\/#primaryimage","url":"https:\/\/abaa.mx\/tienda\/wp-content\/uploads\/2023\/10\/1160A.jpg","contentUrl":"https:\/\/abaa.mx\/tienda\/wp-content\/uploads\/2023\/10\/1160A.jpg","width":390,"height":390,"caption":"mitutoyo-1160a-serie-1-indicador-de-esfera-de-embolo-trasero-5-mm-metrico"},{"@type":"BreadcrumbList","@id":"https:\/\/abaa.mx\/tienda\/mitutoyo-1160a-serie-1-indicador-de-esfera-de-embolo-trasero-5-mm-metrico\/#breadcrumb","itemListElement":[{"@type":"ListItem","position":1,"name":"Inicio","item":"https:\/\/abaa.mx\/tienda\/"},{"@type":"ListItem","position":2,"name":"Tienda","item":"https:\/\/abaa.mx\/tienda\/"},{"@type":"ListItem","position":3,"name":"Mitutoyo 1160a serie 1 indicador de esfera de \u00e9mbolo trasero, 5 mm, m\u00e9trico"}]},{"@type":"WebSite","@id":"https:\/\/abaa.mx\/tienda\/#website","url":"https:\/\/abaa.mx\/tienda\/","name":"Abaa tienda online","description":"Instrumentos de medici\u00f3n","publisher":{"@id":"https:\/\/abaa.mx\/tienda\/#organization"},"potentialAction":[{"@type":"SearchAction","target":{"@type":"EntryPoint","urlTemplate":"https:\/\/abaa.mx\/tienda\/?s={search_term_string}"},"query-input":{"@type":"PropertyValueSpecification","valueRequired":true,"valueName":"search_term_string"}}],"inLanguage":"es"},{"@type":"Organization","@id":"https:\/\/abaa.mx\/tienda\/#organization","name":"Abaa tienda online","url":"https:\/\/abaa.mx\/tienda\/","logo":{"@type":"ImageObject","inLanguage":"es","@id":"https:\/\/abaa.mx\/tienda\/#\/schema\/logo\/image\/","url":"https:\/\/abaa.mx\/tienda\/wp-content\/uploads\/2024\/01\/abaa-metrologia-tienda.png","contentUrl":"https:\/\/abaa.mx\/tienda\/wp-content\/uploads\/2024\/01\/abaa-metrologia-tienda.png","width":300,"height":141,"caption":"Abaa tienda online"},"image":{"@id":"https:\/\/abaa.mx\/tienda\/#\/schema\/logo\/image\/"}}]}},"_links":{"self":[{"href":"https:\/\/abaa.mx\/tienda\/wp-json\/wp\/v2\/product\/5238","targetHints":{"allow":["GET"]}}],"collection":[{"href":"https:\/\/abaa.mx\/tienda\/wp-json\/wp\/v2\/product"}],"about":[{"href":"https:\/\/abaa.mx\/tienda\/wp-json\/wp\/v2\/types\/product"}],"replies":[{"embeddable":true,"href":"https:\/\/abaa.mx\/tienda\/wp-json\/wp\/v2\/comments?post=5238"}],"wp:featuredmedia":[{"embeddable":true,"href":"https:\/\/abaa.mx\/tienda\/wp-json\/wp\/v2\/media\/5312"}],"wp:attachment":[{"href":"https:\/\/abaa.mx\/tienda\/wp-json\/wp\/v2\/media?parent=5238"}],"wp:term":[{"taxonomy":"product_brand","embeddable":true,"href":"https:\/\/abaa.mx\/tienda\/wp-json\/wp\/v2\/product_brand?post=5238"},{"taxonomy":"product_cat","embeddable":true,"href":"https:\/\/abaa.mx\/tienda\/wp-json\/wp\/v2\/product_cat?post=5238"},{"taxonomy":"product_tag","embeddable":true,"href":"https:\/\/abaa.mx\/tienda\/wp-json\/wp\/v2\/product_tag?post=5238"}],"curies":[{"name":"wp","href":"https:\/\/api.w.org\/{rel}","templated":true}]}}