{"id":5156,"date":"2023-10-06T21:45:15","date_gmt":"2023-10-06T21:45:15","guid":{"rendered":"https:\/\/abaa.mx\/tienda\/?post_type=product&#038;p=5156"},"modified":"2023-11-23T15:00:54","modified_gmt":"2023-11-23T15:00:54","slug":"mitutoyo-115-218-yunque-husillo-esferico-micrometro-tubular-75-a-100-mm","status":"publish","type":"product","link":"https:\/\/abaa.mx\/tienda\/mitutoyo-115-218-yunque-husillo-esferico-micrometro-tubular-75-a-100-mm\/","title":{"rendered":"Refract\u00f3metro de bolsillo para medir Brix-Acidez PAL-BX|ACID9 Master Kit"},"content":{"rendered":"<p>Refract\u00f3metro de bolsillo para medir Brix-Acidez PAL-BX|ACID9 Master Kit.<\/p>\n","protected":false},"excerpt":{"rendered":"<p>El Master Kit (Juego Profesor ) es particularmente para la medici\u00f3n de las pi\u00f1as y tambi\u00e9n incluye todo lo necesario para mediciones simples , precisas y precisas.<\/p>\n<p>El Master Kit viene con una escala, un vasos, y un cuchara de medida.<\/p>\n<p><strong>ESPECIFICACIONES:<\/strong><\/p>\n<div class=\"scrollable-wrapper\">\n<table border=\"0\" cellspacing=\"0\" cellpadding=\"0\">\n<tbody>\n<tr>\n<th>Escala de Medici\u00f3n<\/th>\n<td>Brix<br \/>\nAcidez (Acidez Total a la Conversi\u00f3n del \u00c1cido C\u00edtrico),<br \/>\nSugar\/Acid ratio (displayed item)<\/td>\n<\/tr>\n<tr>\n<th>Rango<\/th>\n<td>Brix : 0.0 a 90.0\uff05<br \/>\nAcidez : 0.10 a 3.50\uff05<br \/>\n10.0 a 40.0\u2103<\/td>\n<\/tr>\n<tr>\n<th>Resoluci\u00f3n<\/th>\n<td>Brix : 0.1\uff05<br \/>\nAcidez : 0.01\uff05<br \/>\n0.1\u2103<\/td>\n<\/tr>\n<tr>\n<th>Exactitud<\/th>\n<td>Brix : \u00b10.2\uff05<br \/>\nAcidez : \u00b10.10\uff05 (0.10 a 1.00\uff05)<br \/>\nPrecisi\u00f3n relativa \u00b110% (1.01 a 3.50%)<br \/>\n\u00b11\u2103<\/td>\n<\/tr>\n<tr>\n<th>Temperatura de la muestra<\/th>\n<td>10 a 40\u2103<\/td>\n<\/tr>\n<tr>\n<th>Temperatura Ambiente<\/th>\n<td>10 a 40\u2103<\/td>\n<\/tr>\n<tr>\n<th>Volumen de la muestra<\/th>\n<td>0.2mL<\/td>\n<\/tr>\n<tr>\n<th>Tiempo de Medici\u00f3n<\/th>\n<td>Aprox. 3 segundos<\/td>\n<\/tr>\n<tr>\n<th>Luz de fondo<\/th>\n<td>La luz de fondo permanece encendida durante 30 segundos despu\u00e9s de pulsar cualquier bot\u00f3n.<\/td>\n<\/tr>\n<tr>\n<th>Fuente de alimentaci\u00f3n<\/th>\n<td>2 bater\u00edas tipo AAA<\/td>\n<\/tr>\n<tr>\n<th>Clase de protecci\u00f3n internacional<\/th>\n<td>IP65<\/td>\n<\/tr>\n<tr>\n<th>Dimensiones y Peso<\/th>\n<td>55(a)\u00d731(l)\u00d7109(h)mm, 100g (Unidad Principal \u00fanicamente)<\/td>\n<\/tr>\n<\/tbody>\n<\/table>\n<\/div>\n","protected":false},"featured_media":9177,"comment_status":"open","ping_status":"closed","template":"","meta":{"_joinchat":[]},"product_brand":[],"product_cat":[140],"product_tag":[],"class_list":{"0":"post-5156","1":"product","2":"type-product","3":"status-publish","4":"has-post-thumbnail","6":"product_cat-refractometros","8":"first","9":"instock","10":"shipping-taxable","11":"product-type-simple"},"yoast_head":"<!-- This site is optimized with the Yoast SEO plugin v26.4 - https:\/\/yoast.com\/wordpress\/plugins\/seo\/ -->\n<title>Refract\u00f3metro de bolsillo para medir Brix-Acidez PAL-BX|ACID9 Master Kit - Abaa tienda online<\/title>\n<meta name=\"robots\" content=\"index, follow, max-snippet:-1, max-image-preview:large, max-video-preview:-1\" \/>\n<link rel=\"canonical\" href=\"https:\/\/abaa.mx\/tienda\/mitutoyo-115-218-yunque-husillo-esferico-micrometro-tubular-75-a-100-mm\/\" \/>\n<meta property=\"og:locale\" content=\"es_MX\" \/>\n<meta property=\"og:type\" content=\"article\" \/>\n<meta property=\"og:title\" content=\"Refract\u00f3metro de bolsillo para medir Brix-Acidez PAL-BX|ACID9 Master Kit - Abaa tienda online\" \/>\n<meta property=\"og:description\" content=\"El Master Kit (Juego Profesor ) es particularmente para la medici\u00f3n de las pi\u00f1as y tambi\u00e9n incluye todo lo necesario para mediciones simples , precisas y precisas.  El Master Kit viene con una escala, un vasos, y un cuchara de medida.  ESPECIFICACIONES:     Escala de Medici\u00f3n Brix Acidez (Acidez Total a la Conversi\u00f3n del \u00c1cido C\u00edtrico), Sugar\/Acid ratio (displayed item)   Rango Brix : 0.0 a 90.0\uff05 Acidez : 0.10 a 3.50\uff05 10.0 a 40.0\u2103   Resoluci\u00f3n Brix : 0.1\uff05 Acidez : 0.01\uff05 0.1\u2103   Exactitud Brix : \u00b10.2\uff05 Acidez : \u00b10.10\uff05 (0.10 a 1.00\uff05) Precisi\u00f3n relativa \u00b110% (1.01 a 3.50%) \u00b11\u2103   Temperatura de la muestra 10 a 40\u2103   Temperatura Ambiente 10 a 40\u2103   Volumen de la muestra 0.2mL   Tiempo de Medici\u00f3n Aprox. 3 segundos   Luz de fondo La luz de fondo permanece encendida durante 30 segundos despu\u00e9s de pulsar cualquier bot\u00f3n.   Fuente de alimentaci\u00f3n 2 bater\u00edas tipo AAA   Clase de protecci\u00f3n internacional IP65   Dimensiones y Peso 55(a)\u00d731(l)\u00d7109(h)mm, 100g (Unidad Principal \u00fanicamente)\" \/>\n<meta property=\"og:url\" content=\"https:\/\/abaa.mx\/tienda\/mitutoyo-115-218-yunque-husillo-esferico-micrometro-tubular-75-a-100-mm\/\" \/>\n<meta property=\"og:site_name\" content=\"Abaa tienda online\" \/>\n<meta property=\"article:modified_time\" content=\"2023-11-23T15:00:54+00:00\" \/>\n<meta property=\"og:image\" content=\"https:\/\/abaa.mx\/tienda\/wp-content\/uploads\/2023\/10\/ATAGO-MASTER-KIT.jpg\" \/>\n\t<meta property=\"og:image:width\" content=\"404\" \/>\n\t<meta property=\"og:image:height\" content=\"533\" \/>\n\t<meta property=\"og:image:type\" content=\"image\/jpeg\" \/>\n<meta name=\"twitter:card\" content=\"summary_large_image\" \/>\n<meta name=\"twitter:label1\" content=\"Tiempo de lectura\" \/>\n\t<meta name=\"twitter:data1\" content=\"1 minuto\" \/>\n<script type=\"application\/ld+json\" class=\"yoast-schema-graph\">{\"@context\":\"https:\/\/schema.org\",\"@graph\":[{\"@type\":\"WebPage\",\"@id\":\"https:\/\/abaa.mx\/tienda\/mitutoyo-115-218-yunque-husillo-esferico-micrometro-tubular-75-a-100-mm\/\",\"url\":\"https:\/\/abaa.mx\/tienda\/mitutoyo-115-218-yunque-husillo-esferico-micrometro-tubular-75-a-100-mm\/\",\"name\":\"Refract\u00f3metro de bolsillo para medir Brix-Acidez PAL-BX|ACID9 Master Kit - Abaa tienda online\",\"isPartOf\":{\"@id\":\"https:\/\/abaa.mx\/tienda\/#website\"},\"primaryImageOfPage\":{\"@id\":\"https:\/\/abaa.mx\/tienda\/mitutoyo-115-218-yunque-husillo-esferico-micrometro-tubular-75-a-100-mm\/#primaryimage\"},\"image\":{\"@id\":\"https:\/\/abaa.mx\/tienda\/mitutoyo-115-218-yunque-husillo-esferico-micrometro-tubular-75-a-100-mm\/#primaryimage\"},\"thumbnailUrl\":\"https:\/\/abaa.mx\/tienda\/wp-content\/uploads\/2023\/10\/ATAGO-MASTER-KIT.jpg\",\"datePublished\":\"2023-10-06T21:45:15+00:00\",\"dateModified\":\"2023-11-23T15:00:54+00:00\",\"breadcrumb\":{\"@id\":\"https:\/\/abaa.mx\/tienda\/mitutoyo-115-218-yunque-husillo-esferico-micrometro-tubular-75-a-100-mm\/#breadcrumb\"},\"inLanguage\":\"es\",\"potentialAction\":[{\"@type\":\"ReadAction\",\"target\":[\"https:\/\/abaa.mx\/tienda\/mitutoyo-115-218-yunque-husillo-esferico-micrometro-tubular-75-a-100-mm\/\"]}]},{\"@type\":\"ImageObject\",\"inLanguage\":\"es\",\"@id\":\"https:\/\/abaa.mx\/tienda\/mitutoyo-115-218-yunque-husillo-esferico-micrometro-tubular-75-a-100-mm\/#primaryimage\",\"url\":\"https:\/\/abaa.mx\/tienda\/wp-content\/uploads\/2023\/10\/ATAGO-MASTER-KIT.jpg\",\"contentUrl\":\"https:\/\/abaa.mx\/tienda\/wp-content\/uploads\/2023\/10\/ATAGO-MASTER-KIT.jpg\",\"width\":404,\"height\":533,\"caption\":\"ATAGO-MASTER KIT\"},{\"@type\":\"BreadcrumbList\",\"@id\":\"https:\/\/abaa.mx\/tienda\/mitutoyo-115-218-yunque-husillo-esferico-micrometro-tubular-75-a-100-mm\/#breadcrumb\",\"itemListElement\":[{\"@type\":\"ListItem\",\"position\":1,\"name\":\"Inicio\",\"item\":\"https:\/\/abaa.mx\/tienda\/\"},{\"@type\":\"ListItem\",\"position\":2,\"name\":\"Tienda\",\"item\":\"https:\/\/abaa.mx\/tienda\/\"},{\"@type\":\"ListItem\",\"position\":3,\"name\":\"Refract\u00f3metro de bolsillo para medir Brix-Acidez PAL-BX|ACID9 Master Kit\"}]},{\"@type\":\"WebSite\",\"@id\":\"https:\/\/abaa.mx\/tienda\/#website\",\"url\":\"https:\/\/abaa.mx\/tienda\/\",\"name\":\"Abaa tienda online\",\"description\":\"Instrumentos de medici\u00f3n\",\"publisher\":{\"@id\":\"https:\/\/abaa.mx\/tienda\/#organization\"},\"potentialAction\":[{\"@type\":\"SearchAction\",\"target\":{\"@type\":\"EntryPoint\",\"urlTemplate\":\"https:\/\/abaa.mx\/tienda\/?s={search_term_string}\"},\"query-input\":{\"@type\":\"PropertyValueSpecification\",\"valueRequired\":true,\"valueName\":\"search_term_string\"}}],\"inLanguage\":\"es\"},{\"@type\":\"Organization\",\"@id\":\"https:\/\/abaa.mx\/tienda\/#organization\",\"name\":\"Abaa tienda online\",\"url\":\"https:\/\/abaa.mx\/tienda\/\",\"logo\":{\"@type\":\"ImageObject\",\"inLanguage\":\"es\",\"@id\":\"https:\/\/abaa.mx\/tienda\/#\/schema\/logo\/image\/\",\"url\":\"https:\/\/abaa.mx\/tienda\/wp-content\/uploads\/2024\/01\/abaa-metrologia-tienda.png\",\"contentUrl\":\"https:\/\/abaa.mx\/tienda\/wp-content\/uploads\/2024\/01\/abaa-metrologia-tienda.png\",\"width\":300,\"height\":141,\"caption\":\"Abaa tienda online\"},\"image\":{\"@id\":\"https:\/\/abaa.mx\/tienda\/#\/schema\/logo\/image\/\"}}]}<\/script>\n<!-- \/ Yoast SEO plugin. -->","yoast_head_json":{"title":"Refract\u00f3metro de bolsillo para medir Brix-Acidez PAL-BX|ACID9 Master Kit - Abaa tienda online","robots":{"index":"index","follow":"follow","max-snippet":"max-snippet:-1","max-image-preview":"max-image-preview:large","max-video-preview":"max-video-preview:-1"},"canonical":"https:\/\/abaa.mx\/tienda\/mitutoyo-115-218-yunque-husillo-esferico-micrometro-tubular-75-a-100-mm\/","og_locale":"es_MX","og_type":"article","og_title":"Refract\u00f3metro de bolsillo para medir Brix-Acidez PAL-BX|ACID9 Master Kit - Abaa tienda online","og_description":"El Master Kit (Juego Profesor ) es particularmente para la medici\u00f3n de las pi\u00f1as y tambi\u00e9n incluye todo lo necesario para mediciones simples , precisas y precisas.  El Master Kit viene con una escala, un vasos, y un cuchara de medida.  ESPECIFICACIONES:     Escala de Medici\u00f3n Brix Acidez (Acidez Total a la Conversi\u00f3n del \u00c1cido C\u00edtrico), Sugar\/Acid ratio (displayed item)   Rango Brix : 0.0 a 90.0\uff05 Acidez : 0.10 a 3.50\uff05 10.0 a 40.0\u2103   Resoluci\u00f3n Brix : 0.1\uff05 Acidez : 0.01\uff05 0.1\u2103   Exactitud Brix : \u00b10.2\uff05 Acidez : \u00b10.10\uff05 (0.10 a 1.00\uff05) Precisi\u00f3n relativa \u00b110% (1.01 a 3.50%) \u00b11\u2103   Temperatura de la muestra 10 a 40\u2103   Temperatura Ambiente 10 a 40\u2103   Volumen de la muestra 0.2mL   Tiempo de Medici\u00f3n Aprox. 3 segundos   Luz de fondo La luz de fondo permanece encendida durante 30 segundos despu\u00e9s de pulsar cualquier bot\u00f3n.   Fuente de alimentaci\u00f3n 2 bater\u00edas tipo AAA   Clase de protecci\u00f3n internacional IP65   Dimensiones y Peso 55(a)\u00d731(l)\u00d7109(h)mm, 100g (Unidad Principal \u00fanicamente)","og_url":"https:\/\/abaa.mx\/tienda\/mitutoyo-115-218-yunque-husillo-esferico-micrometro-tubular-75-a-100-mm\/","og_site_name":"Abaa tienda online","article_modified_time":"2023-11-23T15:00:54+00:00","og_image":[{"width":404,"height":533,"url":"https:\/\/abaa.mx\/tienda\/wp-content\/uploads\/2023\/10\/ATAGO-MASTER-KIT.jpg","type":"image\/jpeg"}],"twitter_card":"summary_large_image","twitter_misc":{"Tiempo de lectura":"1 minuto"},"schema":{"@context":"https:\/\/schema.org","@graph":[{"@type":"WebPage","@id":"https:\/\/abaa.mx\/tienda\/mitutoyo-115-218-yunque-husillo-esferico-micrometro-tubular-75-a-100-mm\/","url":"https:\/\/abaa.mx\/tienda\/mitutoyo-115-218-yunque-husillo-esferico-micrometro-tubular-75-a-100-mm\/","name":"Refract\u00f3metro de bolsillo para medir Brix-Acidez PAL-BX|ACID9 Master Kit - Abaa tienda online","isPartOf":{"@id":"https:\/\/abaa.mx\/tienda\/#website"},"primaryImageOfPage":{"@id":"https:\/\/abaa.mx\/tienda\/mitutoyo-115-218-yunque-husillo-esferico-micrometro-tubular-75-a-100-mm\/#primaryimage"},"image":{"@id":"https:\/\/abaa.mx\/tienda\/mitutoyo-115-218-yunque-husillo-esferico-micrometro-tubular-75-a-100-mm\/#primaryimage"},"thumbnailUrl":"https:\/\/abaa.mx\/tienda\/wp-content\/uploads\/2023\/10\/ATAGO-MASTER-KIT.jpg","datePublished":"2023-10-06T21:45:15+00:00","dateModified":"2023-11-23T15:00:54+00:00","breadcrumb":{"@id":"https:\/\/abaa.mx\/tienda\/mitutoyo-115-218-yunque-husillo-esferico-micrometro-tubular-75-a-100-mm\/#breadcrumb"},"inLanguage":"es","potentialAction":[{"@type":"ReadAction","target":["https:\/\/abaa.mx\/tienda\/mitutoyo-115-218-yunque-husillo-esferico-micrometro-tubular-75-a-100-mm\/"]}]},{"@type":"ImageObject","inLanguage":"es","@id":"https:\/\/abaa.mx\/tienda\/mitutoyo-115-218-yunque-husillo-esferico-micrometro-tubular-75-a-100-mm\/#primaryimage","url":"https:\/\/abaa.mx\/tienda\/wp-content\/uploads\/2023\/10\/ATAGO-MASTER-KIT.jpg","contentUrl":"https:\/\/abaa.mx\/tienda\/wp-content\/uploads\/2023\/10\/ATAGO-MASTER-KIT.jpg","width":404,"height":533,"caption":"ATAGO-MASTER KIT"},{"@type":"BreadcrumbList","@id":"https:\/\/abaa.mx\/tienda\/mitutoyo-115-218-yunque-husillo-esferico-micrometro-tubular-75-a-100-mm\/#breadcrumb","itemListElement":[{"@type":"ListItem","position":1,"name":"Inicio","item":"https:\/\/abaa.mx\/tienda\/"},{"@type":"ListItem","position":2,"name":"Tienda","item":"https:\/\/abaa.mx\/tienda\/"},{"@type":"ListItem","position":3,"name":"Refract\u00f3metro de bolsillo para medir Brix-Acidez PAL-BX|ACID9 Master Kit"}]},{"@type":"WebSite","@id":"https:\/\/abaa.mx\/tienda\/#website","url":"https:\/\/abaa.mx\/tienda\/","name":"Abaa tienda online","description":"Instrumentos de medici\u00f3n","publisher":{"@id":"https:\/\/abaa.mx\/tienda\/#organization"},"potentialAction":[{"@type":"SearchAction","target":{"@type":"EntryPoint","urlTemplate":"https:\/\/abaa.mx\/tienda\/?s={search_term_string}"},"query-input":{"@type":"PropertyValueSpecification","valueRequired":true,"valueName":"search_term_string"}}],"inLanguage":"es"},{"@type":"Organization","@id":"https:\/\/abaa.mx\/tienda\/#organization","name":"Abaa tienda online","url":"https:\/\/abaa.mx\/tienda\/","logo":{"@type":"ImageObject","inLanguage":"es","@id":"https:\/\/abaa.mx\/tienda\/#\/schema\/logo\/image\/","url":"https:\/\/abaa.mx\/tienda\/wp-content\/uploads\/2024\/01\/abaa-metrologia-tienda.png","contentUrl":"https:\/\/abaa.mx\/tienda\/wp-content\/uploads\/2024\/01\/abaa-metrologia-tienda.png","width":300,"height":141,"caption":"Abaa tienda online"},"image":{"@id":"https:\/\/abaa.mx\/tienda\/#\/schema\/logo\/image\/"}}]}},"_links":{"self":[{"href":"https:\/\/abaa.mx\/tienda\/wp-json\/wp\/v2\/product\/5156","targetHints":{"allow":["GET"]}}],"collection":[{"href":"https:\/\/abaa.mx\/tienda\/wp-json\/wp\/v2\/product"}],"about":[{"href":"https:\/\/abaa.mx\/tienda\/wp-json\/wp\/v2\/types\/product"}],"replies":[{"embeddable":true,"href":"https:\/\/abaa.mx\/tienda\/wp-json\/wp\/v2\/comments?post=5156"}],"wp:featuredmedia":[{"embeddable":true,"href":"https:\/\/abaa.mx\/tienda\/wp-json\/wp\/v2\/media\/9177"}],"wp:attachment":[{"href":"https:\/\/abaa.mx\/tienda\/wp-json\/wp\/v2\/media?parent=5156"}],"wp:term":[{"taxonomy":"product_brand","embeddable":true,"href":"https:\/\/abaa.mx\/tienda\/wp-json\/wp\/v2\/product_brand?post=5156"},{"taxonomy":"product_cat","embeddable":true,"href":"https:\/\/abaa.mx\/tienda\/wp-json\/wp\/v2\/product_cat?post=5156"},{"taxonomy":"product_tag","embeddable":true,"href":"https:\/\/abaa.mx\/tienda\/wp-json\/wp\/v2\/product_tag?post=5156"}],"curies":[{"name":"wp","href":"https:\/\/api.w.org\/{rel}","templated":true}]}}