{"id":5032,"date":"2023-10-06T17:45:22","date_gmt":"2023-10-06T17:45:22","guid":{"rendered":"https:\/\/abaa.mx\/tienda\/?post_type=product&#038;p=5032"},"modified":"2023-10-06T17:45:22","modified_gmt":"2023-10-06T17:45:22","slug":"mitutoyo-317-352-30-serie-317-uni-mike-digimatic-micrometer-con-yunques-intercambiables-1-a-2","status":"publish","type":"product","link":"https:\/\/abaa.mx\/tienda\/mitutoyo-317-352-30-serie-317-uni-mike-digimatic-micrometer-con-yunques-intercambiables-1-a-2\/","title":{"rendered":"mitutoyo 317-352-30 serie 317 uni-mike digimatic micrometer con yunques intercambiables, 1 a 2&#8243;"},"content":{"rendered":"<h4>Mitutoyo 317-352-30<\/h4>\n<p>El micr\u00f3metro digim\u00e1tico Mitutoyo 317-352-30 Series 317 Uni-Mike con yunques intercambiables produce mediciones precisas en un amplio rango. Al cambiar su yunque, puede recopilar todo, desde el grosor del tubo hasta los datos de altura de la cabeza del remache. Adem\u00e1s, admite yunques de disco para mediciones de altura. Con la caja de pl\u00e1stico instalada, la varilla y los yunques planos incluidos y la barra est\u00e1ndar, tendr\u00e1 todo lo que necesita para comenzar. Salida de datos SPC.<\/p>\n<p><strong>Funciones<\/strong><\/p>\n<ul>\n<li>Proporciona mediciones precisas del grosor de la tuber\u00eda, la distancia entre el borde del hombro, la altura de la cabeza del remache y mucho m\u00e1s<\/li>\n<li>Se adapta a yunques intercambiables seleccionados<\/li>\n<li>Acepta yunques de disco traslapados con superficie de espejo para mediciones de altura (se venden por separado)<\/li>\n<li>La carcasa de pl\u00e1stico ajustada protege el micr\u00f3metro cuando no est\u00e1 en uso<\/li>\n<li>Cara del husillo con punta de carburo<\/li>\n<li>El tope de trinquete aplica una fuerza constante para una mayor precisi\u00f3n<\/li>\n<li>La barra est\u00e1ndar permite una recalibraci\u00f3n sencilla<\/li>\n<li>La carcasa resistente con clasificaci\u00f3n IP65 protege la herramienta de los contaminantes<\/li>\n<li>Proporciona lecturas de medici\u00f3n en la pantalla LCD<\/li>\n<li>Funciones de medici\u00f3n: salida de datos SPC, alarmas de usuario y m\u00e1s<\/li>\n<li>Compatible con accesorios seleccionados de Mitutoyo (se venden por separado)<\/li>\n<\/ul>\n<h4>Mitutoyo 317-352-30 Especificaciones<\/h4>\n<p>&nbsp;<\/p>\n<table class=\"table table-striped\">\n<tbody>\n<tr>\n<td>Unidad(es) de medida admitida(s)<\/td>\n<td>M\u00e9trico<\/td>\n<\/tr>\n<tr>\n<td>Rango de medici\u00f3n<\/td>\n<td>1 a 2&#8243; (25,4 a 50,8 mm)<\/td>\n<\/tr>\n<tr>\n<td>Exactitud<\/td>\n<td>\u00b10.0002&#8243;<\/td>\n<\/tr>\n<tr>\n<td>Resoluci\u00f3n<\/td>\n<td>0,00005&#8243; (0,001 mm)<\/td>\n<\/tr>\n<tr>\n<td>Fuente de alimentaci\u00f3n<\/td>\n<td>Alimentado por pilas<\/td>\n<\/tr>\n<tr>\n<td>Tipo de bater\u00eda<\/td>\n<td>SR44<\/td>\n<\/tr>\n<tr>\n<td>Duraci\u00f3n de la bater\u00eda<\/td>\n<td>1.2 a\u00f1os<\/td>\n<\/tr>\n<tr>\n<td>N\u00famero de bater\u00edas necesarias<\/td>\n<td>1<\/td>\n<\/tr>\n<tr>\n<td>Peso del producto<\/td>\n<td>12 g (9,365 onzas)<\/td>\n<\/tr>\n<\/tbody>\n<\/table>\n","protected":false},"excerpt":{"rendered":"<p class=\"short-description mhide ipad-view-setting\">El tope de trinquete del micr\u00f3metro Uni-Mike aplica una fuerza constante durante la medici\u00f3n. Viene con 2 yunques, un estuche y una barra est\u00e1ndar.<\/p>\n<p class=\"comment-tag-product\">\n<div class=\"row-fluid\">\n<div class=\"span12 mobile-pricing-box-padding\">\n<form id=\"140346\" accept-charset=\"utf-8\" action=\"https:\/\/www.globaltestsupply.com\/shop\/add\" method=\"post\" name=\"addTocartFunction\">\n<div><\/div>\n<\/form>\n<\/div>\n<\/div>\n","protected":false},"featured_media":5042,"comment_status":"open","ping_status":"closed","template":"","meta":{"_joinchat":[]},"product_brand":[],"product_cat":[15],"product_tag":[],"class_list":{"0":"post-5032","1":"product","2":"type-product","3":"status-publish","4":"has-post-thumbnail","6":"product_cat-sin-categorizar","8":"first","9":"instock","10":"shipping-taxable","11":"product-type-simple"},"yoast_head":"<!-- This site is optimized with the Yoast SEO plugin v26.4 - https:\/\/yoast.com\/wordpress\/plugins\/seo\/ -->\n<title>mitutoyo 317-352-30 serie 317 uni-mike digimatic micrometer con yunques intercambiables, 1 a 2&quot; - Abaa tienda online<\/title>\n<meta name=\"robots\" content=\"index, follow, max-snippet:-1, max-image-preview:large, max-video-preview:-1\" \/>\n<link rel=\"canonical\" href=\"https:\/\/abaa.mx\/tienda\/mitutoyo-317-352-30-serie-317-uni-mike-digimatic-micrometer-con-yunques-intercambiables-1-a-2\/\" \/>\n<meta property=\"og:locale\" content=\"es_MX\" \/>\n<meta property=\"og:type\" content=\"article\" \/>\n<meta property=\"og:title\" content=\"mitutoyo 317-352-30 serie 317 uni-mike digimatic micrometer con yunques intercambiables, 1 a 2&quot; - Abaa tienda online\" \/>\n<meta property=\"og:description\" content=\"El tope de trinquete del micr\u00f3metro Uni-Mike aplica una fuerza constante durante la medici\u00f3n. Viene con 2 yunques, un estuche y una barra est\u00e1ndar.\" \/>\n<meta property=\"og:url\" content=\"https:\/\/abaa.mx\/tienda\/mitutoyo-317-352-30-serie-317-uni-mike-digimatic-micrometer-con-yunques-intercambiables-1-a-2\/\" \/>\n<meta property=\"og:site_name\" content=\"Abaa tienda online\" \/>\n<meta property=\"og:image\" content=\"https:\/\/abaa.mx\/tienda\/wp-content\/uploads\/2023\/10\/317-352-30.jpg\" \/>\n\t<meta property=\"og:image:width\" content=\"1500\" \/>\n\t<meta property=\"og:image:height\" content=\"1500\" \/>\n\t<meta property=\"og:image:type\" content=\"image\/jpeg\" \/>\n<meta name=\"twitter:card\" content=\"summary_large_image\" \/>\n<meta name=\"twitter:label1\" content=\"Tiempo de lectura\" \/>\n\t<meta name=\"twitter:data1\" content=\"2 minutos\" \/>\n<script type=\"application\/ld+json\" class=\"yoast-schema-graph\">{\"@context\":\"https:\/\/schema.org\",\"@graph\":[{\"@type\":\"WebPage\",\"@id\":\"https:\/\/abaa.mx\/tienda\/mitutoyo-317-352-30-serie-317-uni-mike-digimatic-micrometer-con-yunques-intercambiables-1-a-2\/\",\"url\":\"https:\/\/abaa.mx\/tienda\/mitutoyo-317-352-30-serie-317-uni-mike-digimatic-micrometer-con-yunques-intercambiables-1-a-2\/\",\"name\":\"mitutoyo 317-352-30 serie 317 uni-mike digimatic micrometer con yunques intercambiables, 1 a 2\\\" - Abaa tienda online\",\"isPartOf\":{\"@id\":\"https:\/\/abaa.mx\/tienda\/#website\"},\"primaryImageOfPage\":{\"@id\":\"https:\/\/abaa.mx\/tienda\/mitutoyo-317-352-30-serie-317-uni-mike-digimatic-micrometer-con-yunques-intercambiables-1-a-2\/#primaryimage\"},\"image\":{\"@id\":\"https:\/\/abaa.mx\/tienda\/mitutoyo-317-352-30-serie-317-uni-mike-digimatic-micrometer-con-yunques-intercambiables-1-a-2\/#primaryimage\"},\"thumbnailUrl\":\"https:\/\/abaa.mx\/tienda\/wp-content\/uploads\/2023\/10\/317-352-30.jpg\",\"datePublished\":\"2023-10-06T17:45:22+00:00\",\"breadcrumb\":{\"@id\":\"https:\/\/abaa.mx\/tienda\/mitutoyo-317-352-30-serie-317-uni-mike-digimatic-micrometer-con-yunques-intercambiables-1-a-2\/#breadcrumb\"},\"inLanguage\":\"es\",\"potentialAction\":[{\"@type\":\"ReadAction\",\"target\":[\"https:\/\/abaa.mx\/tienda\/mitutoyo-317-352-30-serie-317-uni-mike-digimatic-micrometer-con-yunques-intercambiables-1-a-2\/\"]}]},{\"@type\":\"ImageObject\",\"inLanguage\":\"es\",\"@id\":\"https:\/\/abaa.mx\/tienda\/mitutoyo-317-352-30-serie-317-uni-mike-digimatic-micrometer-con-yunques-intercambiables-1-a-2\/#primaryimage\",\"url\":\"https:\/\/abaa.mx\/tienda\/wp-content\/uploads\/2023\/10\/317-352-30.jpg\",\"contentUrl\":\"https:\/\/abaa.mx\/tienda\/wp-content\/uploads\/2023\/10\/317-352-30.jpg\",\"width\":1500,\"height\":1500,\"caption\":\"317-352-30\"},{\"@type\":\"BreadcrumbList\",\"@id\":\"https:\/\/abaa.mx\/tienda\/mitutoyo-317-352-30-serie-317-uni-mike-digimatic-micrometer-con-yunques-intercambiables-1-a-2\/#breadcrumb\",\"itemListElement\":[{\"@type\":\"ListItem\",\"position\":1,\"name\":\"Inicio\",\"item\":\"https:\/\/abaa.mx\/tienda\/\"},{\"@type\":\"ListItem\",\"position\":2,\"name\":\"Tienda\",\"item\":\"https:\/\/abaa.mx\/tienda\/\"},{\"@type\":\"ListItem\",\"position\":3,\"name\":\"mitutoyo 317-352-30 serie 317 uni-mike digimatic micrometer con yunques intercambiables, 1 a 2&#8243;\"}]},{\"@type\":\"WebSite\",\"@id\":\"https:\/\/abaa.mx\/tienda\/#website\",\"url\":\"https:\/\/abaa.mx\/tienda\/\",\"name\":\"Abaa tienda online\",\"description\":\"Instrumentos de medici\u00f3n\",\"publisher\":{\"@id\":\"https:\/\/abaa.mx\/tienda\/#organization\"},\"potentialAction\":[{\"@type\":\"SearchAction\",\"target\":{\"@type\":\"EntryPoint\",\"urlTemplate\":\"https:\/\/abaa.mx\/tienda\/?s={search_term_string}\"},\"query-input\":{\"@type\":\"PropertyValueSpecification\",\"valueRequired\":true,\"valueName\":\"search_term_string\"}}],\"inLanguage\":\"es\"},{\"@type\":\"Organization\",\"@id\":\"https:\/\/abaa.mx\/tienda\/#organization\",\"name\":\"Abaa tienda online\",\"url\":\"https:\/\/abaa.mx\/tienda\/\",\"logo\":{\"@type\":\"ImageObject\",\"inLanguage\":\"es\",\"@id\":\"https:\/\/abaa.mx\/tienda\/#\/schema\/logo\/image\/\",\"url\":\"https:\/\/abaa.mx\/tienda\/wp-content\/uploads\/2024\/01\/abaa-metrologia-tienda.png\",\"contentUrl\":\"https:\/\/abaa.mx\/tienda\/wp-content\/uploads\/2024\/01\/abaa-metrologia-tienda.png\",\"width\":300,\"height\":141,\"caption\":\"Abaa tienda online\"},\"image\":{\"@id\":\"https:\/\/abaa.mx\/tienda\/#\/schema\/logo\/image\/\"}}]}<\/script>\n<!-- \/ Yoast SEO plugin. -->","yoast_head_json":{"title":"mitutoyo 317-352-30 serie 317 uni-mike digimatic micrometer con yunques intercambiables, 1 a 2\" - Abaa tienda online","robots":{"index":"index","follow":"follow","max-snippet":"max-snippet:-1","max-image-preview":"max-image-preview:large","max-video-preview":"max-video-preview:-1"},"canonical":"https:\/\/abaa.mx\/tienda\/mitutoyo-317-352-30-serie-317-uni-mike-digimatic-micrometer-con-yunques-intercambiables-1-a-2\/","og_locale":"es_MX","og_type":"article","og_title":"mitutoyo 317-352-30 serie 317 uni-mike digimatic micrometer con yunques intercambiables, 1 a 2\" - Abaa tienda online","og_description":"El tope de trinquete del micr\u00f3metro Uni-Mike aplica una fuerza constante durante la medici\u00f3n. Viene con 2 yunques, un estuche y una barra est\u00e1ndar.","og_url":"https:\/\/abaa.mx\/tienda\/mitutoyo-317-352-30-serie-317-uni-mike-digimatic-micrometer-con-yunques-intercambiables-1-a-2\/","og_site_name":"Abaa tienda online","og_image":[{"width":1500,"height":1500,"url":"https:\/\/abaa.mx\/tienda\/wp-content\/uploads\/2023\/10\/317-352-30.jpg","type":"image\/jpeg"}],"twitter_card":"summary_large_image","twitter_misc":{"Tiempo de lectura":"2 minutos"},"schema":{"@context":"https:\/\/schema.org","@graph":[{"@type":"WebPage","@id":"https:\/\/abaa.mx\/tienda\/mitutoyo-317-352-30-serie-317-uni-mike-digimatic-micrometer-con-yunques-intercambiables-1-a-2\/","url":"https:\/\/abaa.mx\/tienda\/mitutoyo-317-352-30-serie-317-uni-mike-digimatic-micrometer-con-yunques-intercambiables-1-a-2\/","name":"mitutoyo 317-352-30 serie 317 uni-mike digimatic micrometer con yunques intercambiables, 1 a 2\" - Abaa tienda online","isPartOf":{"@id":"https:\/\/abaa.mx\/tienda\/#website"},"primaryImageOfPage":{"@id":"https:\/\/abaa.mx\/tienda\/mitutoyo-317-352-30-serie-317-uni-mike-digimatic-micrometer-con-yunques-intercambiables-1-a-2\/#primaryimage"},"image":{"@id":"https:\/\/abaa.mx\/tienda\/mitutoyo-317-352-30-serie-317-uni-mike-digimatic-micrometer-con-yunques-intercambiables-1-a-2\/#primaryimage"},"thumbnailUrl":"https:\/\/abaa.mx\/tienda\/wp-content\/uploads\/2023\/10\/317-352-30.jpg","datePublished":"2023-10-06T17:45:22+00:00","breadcrumb":{"@id":"https:\/\/abaa.mx\/tienda\/mitutoyo-317-352-30-serie-317-uni-mike-digimatic-micrometer-con-yunques-intercambiables-1-a-2\/#breadcrumb"},"inLanguage":"es","potentialAction":[{"@type":"ReadAction","target":["https:\/\/abaa.mx\/tienda\/mitutoyo-317-352-30-serie-317-uni-mike-digimatic-micrometer-con-yunques-intercambiables-1-a-2\/"]}]},{"@type":"ImageObject","inLanguage":"es","@id":"https:\/\/abaa.mx\/tienda\/mitutoyo-317-352-30-serie-317-uni-mike-digimatic-micrometer-con-yunques-intercambiables-1-a-2\/#primaryimage","url":"https:\/\/abaa.mx\/tienda\/wp-content\/uploads\/2023\/10\/317-352-30.jpg","contentUrl":"https:\/\/abaa.mx\/tienda\/wp-content\/uploads\/2023\/10\/317-352-30.jpg","width":1500,"height":1500,"caption":"317-352-30"},{"@type":"BreadcrumbList","@id":"https:\/\/abaa.mx\/tienda\/mitutoyo-317-352-30-serie-317-uni-mike-digimatic-micrometer-con-yunques-intercambiables-1-a-2\/#breadcrumb","itemListElement":[{"@type":"ListItem","position":1,"name":"Inicio","item":"https:\/\/abaa.mx\/tienda\/"},{"@type":"ListItem","position":2,"name":"Tienda","item":"https:\/\/abaa.mx\/tienda\/"},{"@type":"ListItem","position":3,"name":"mitutoyo 317-352-30 serie 317 uni-mike digimatic micrometer con yunques intercambiables, 1 a 2&#8243;"}]},{"@type":"WebSite","@id":"https:\/\/abaa.mx\/tienda\/#website","url":"https:\/\/abaa.mx\/tienda\/","name":"Abaa tienda online","description":"Instrumentos de medici\u00f3n","publisher":{"@id":"https:\/\/abaa.mx\/tienda\/#organization"},"potentialAction":[{"@type":"SearchAction","target":{"@type":"EntryPoint","urlTemplate":"https:\/\/abaa.mx\/tienda\/?s={search_term_string}"},"query-input":{"@type":"PropertyValueSpecification","valueRequired":true,"valueName":"search_term_string"}}],"inLanguage":"es"},{"@type":"Organization","@id":"https:\/\/abaa.mx\/tienda\/#organization","name":"Abaa tienda online","url":"https:\/\/abaa.mx\/tienda\/","logo":{"@type":"ImageObject","inLanguage":"es","@id":"https:\/\/abaa.mx\/tienda\/#\/schema\/logo\/image\/","url":"https:\/\/abaa.mx\/tienda\/wp-content\/uploads\/2024\/01\/abaa-metrologia-tienda.png","contentUrl":"https:\/\/abaa.mx\/tienda\/wp-content\/uploads\/2024\/01\/abaa-metrologia-tienda.png","width":300,"height":141,"caption":"Abaa tienda online"},"image":{"@id":"https:\/\/abaa.mx\/tienda\/#\/schema\/logo\/image\/"}}]}},"_links":{"self":[{"href":"https:\/\/abaa.mx\/tienda\/wp-json\/wp\/v2\/product\/5032","targetHints":{"allow":["GET"]}}],"collection":[{"href":"https:\/\/abaa.mx\/tienda\/wp-json\/wp\/v2\/product"}],"about":[{"href":"https:\/\/abaa.mx\/tienda\/wp-json\/wp\/v2\/types\/product"}],"replies":[{"embeddable":true,"href":"https:\/\/abaa.mx\/tienda\/wp-json\/wp\/v2\/comments?post=5032"}],"wp:featuredmedia":[{"embeddable":true,"href":"https:\/\/abaa.mx\/tienda\/wp-json\/wp\/v2\/media\/5042"}],"wp:attachment":[{"href":"https:\/\/abaa.mx\/tienda\/wp-json\/wp\/v2\/media?parent=5032"}],"wp:term":[{"taxonomy":"product_brand","embeddable":true,"href":"https:\/\/abaa.mx\/tienda\/wp-json\/wp\/v2\/product_brand?post=5032"},{"taxonomy":"product_cat","embeddable":true,"href":"https:\/\/abaa.mx\/tienda\/wp-json\/wp\/v2\/product_cat?post=5032"},{"taxonomy":"product_tag","embeddable":true,"href":"https:\/\/abaa.mx\/tienda\/wp-json\/wp\/v2\/product_tag?post=5032"}],"curies":[{"name":"wp","href":"https:\/\/api.w.org\/{rel}","templated":true}]}}