{"id":4989,"date":"2023-10-06T15:34:23","date_gmt":"2023-10-06T15:34:23","guid":{"rendered":"https:\/\/abaa.mx\/tienda\/?post_type=product&#038;p=4989"},"modified":"2023-10-06T15:34:24","modified_gmt":"2023-10-06T15:34:24","slug":"mitutoyo-314-251-30-micrometro-de-yunque-en-v-digimatico-de-1-a-15-mm","status":"publish","type":"product","link":"https:\/\/abaa.mx\/tienda\/mitutoyo-314-251-30-micrometro-de-yunque-en-v-digimatico-de-1-a-15-mm\/","title":{"rendered":"mitutoyo 314-251-30 micr\u00f3metro de yunque en v digim\u00e1tico, de 1 a 15 mm"},"content":{"rendered":"<h4>Mitutoyo 314-251-30<\/h4>\n<p>El micr\u00f3metro de yunque en V Digimatic 314-251-30 Mitutoyo le ayuda a medir con precisi\u00f3n el di\u00e1metro exterior de las herramientas de corte con 3 flautas. Su tope de trinquete ayuda a proporcionar una fuerza de medici\u00f3n constante. Se suministra con est\u00e1ndar de ajuste.<\/p>\n<p><strong>Funciones<\/strong><\/p>\n<ul>\n<li>Mide el di\u00e1metro exterior de las herramientas de corte con un n\u00famero impar de ranuras<\/li>\n<li>Tope de trinquete para una fuerza constante<\/li>\n<li>Dise\u00f1o ranurado<\/li>\n<\/ul>\n<h4>Mitutoyo 314-251-30 Especificaciones<\/h4>\n<p>&nbsp;<\/p>\n<table class=\"table table-striped\">\n<tbody>\n<tr>\n<td>Unidad(es) de medida admitida(s)<\/td>\n<td>M\u00e9trico<\/td>\n<\/tr>\n<tr>\n<td>Rango de medici\u00f3n<\/td>\n<td>De 1 a 15 mm<\/td>\n<\/tr>\n<tr>\n<td>Exactitud<\/td>\n<td>\u00b14 \u03bcm<\/td>\n<\/tr>\n<tr>\n<td>Resoluci\u00f3n<\/td>\n<td>0,001 mil\u00edmetros<\/td>\n<\/tr>\n<tr>\n<td>Longitud del producto<\/td>\n<td>4,5&#8243; (114,3 mm)<\/td>\n<\/tr>\n<tr>\n<td>Ancho del producto<\/td>\n<td>3&#8243; (76,2 mm)<\/td>\n<\/tr>\n<tr>\n<td>Altura del producto<\/td>\n<td>2,5&#8243; (63,5 mm)<\/td>\n<\/tr>\n<tr>\n<td>Peso del producto<\/td>\n<td>0,5 kg (0,23 lb)<\/td>\n<\/tr>\n<\/tbody>\n<\/table>\n","protected":false},"excerpt":{"rendered":"<p class=\"short-description mhide ipad-view-setting\">El micr\u00f3metro digital de yunque en V mide el di\u00e1metro exterior de las herramientas de corte con un n\u00famero impar de flautas. El tope de trinquete proporciona una fuerza constante.<\/p>\n<p class=\"comment-tag-product\">\n<div class=\"row-fluid\">\n<div class=\"span12 mobile-pricing-box-padding\">\n<form id=\"139203\" accept-charset=\"utf-8\" action=\"https:\/\/www.globaltestsupply.com\/shop\/add\" method=\"post\" name=\"addTocartFunction\">\n<div><\/div>\n<\/form>\n<\/div>\n<\/div>\n","protected":false},"featured_media":4993,"comment_status":"open","ping_status":"closed","template":"","meta":{"_joinchat":[]},"product_brand":[],"product_cat":[15],"product_tag":[],"class_list":{"0":"post-4989","1":"product","2":"type-product","3":"status-publish","4":"has-post-thumbnail","6":"product_cat-sin-categorizar","8":"first","9":"instock","10":"shipping-taxable","11":"product-type-simple"},"yoast_head":"<!-- This site is optimized with the Yoast SEO plugin v26.4 - https:\/\/yoast.com\/wordpress\/plugins\/seo\/ -->\n<title>mitutoyo 314-251-30 micr\u00f3metro de yunque en v digim\u00e1tico, de 1 a 15 mm - Abaa tienda online<\/title>\n<meta name=\"robots\" content=\"index, follow, max-snippet:-1, max-image-preview:large, max-video-preview:-1\" \/>\n<link rel=\"canonical\" href=\"https:\/\/abaa.mx\/tienda\/mitutoyo-314-251-30-micrometro-de-yunque-en-v-digimatico-de-1-a-15-mm\/\" \/>\n<meta property=\"og:locale\" content=\"es_MX\" \/>\n<meta property=\"og:type\" content=\"article\" \/>\n<meta property=\"og:title\" content=\"mitutoyo 314-251-30 micr\u00f3metro de yunque en v digim\u00e1tico, de 1 a 15 mm - Abaa tienda online\" \/>\n<meta property=\"og:description\" content=\"El micr\u00f3metro digital de yunque en V mide el di\u00e1metro exterior de las herramientas de corte con un n\u00famero impar de flautas. El tope de trinquete proporciona una fuerza constante.\" \/>\n<meta property=\"og:url\" content=\"https:\/\/abaa.mx\/tienda\/mitutoyo-314-251-30-micrometro-de-yunque-en-v-digimatico-de-1-a-15-mm\/\" \/>\n<meta property=\"og:site_name\" content=\"Abaa tienda online\" \/>\n<meta property=\"article:modified_time\" content=\"2023-10-06T15:34:24+00:00\" \/>\n<meta property=\"og:image\" content=\"https:\/\/abaa.mx\/tienda\/wp-content\/uploads\/2023\/10\/314-251-30.jpg\" \/>\n\t<meta property=\"og:image:width\" content=\"800\" \/>\n\t<meta property=\"og:image:height\" content=\"800\" \/>\n\t<meta property=\"og:image:type\" content=\"image\/jpeg\" \/>\n<meta name=\"twitter:card\" content=\"summary_large_image\" \/>\n<meta name=\"twitter:label1\" content=\"Tiempo de lectura\" \/>\n\t<meta name=\"twitter:data1\" content=\"1 minuto\" \/>\n<script type=\"application\/ld+json\" class=\"yoast-schema-graph\">{\"@context\":\"https:\/\/schema.org\",\"@graph\":[{\"@type\":\"WebPage\",\"@id\":\"https:\/\/abaa.mx\/tienda\/mitutoyo-314-251-30-micrometro-de-yunque-en-v-digimatico-de-1-a-15-mm\/\",\"url\":\"https:\/\/abaa.mx\/tienda\/mitutoyo-314-251-30-micrometro-de-yunque-en-v-digimatico-de-1-a-15-mm\/\",\"name\":\"mitutoyo 314-251-30 micr\u00f3metro de yunque en v digim\u00e1tico, de 1 a 15 mm - Abaa tienda online\",\"isPartOf\":{\"@id\":\"https:\/\/abaa.mx\/tienda\/#website\"},\"primaryImageOfPage\":{\"@id\":\"https:\/\/abaa.mx\/tienda\/mitutoyo-314-251-30-micrometro-de-yunque-en-v-digimatico-de-1-a-15-mm\/#primaryimage\"},\"image\":{\"@id\":\"https:\/\/abaa.mx\/tienda\/mitutoyo-314-251-30-micrometro-de-yunque-en-v-digimatico-de-1-a-15-mm\/#primaryimage\"},\"thumbnailUrl\":\"https:\/\/abaa.mx\/tienda\/wp-content\/uploads\/2023\/10\/314-251-30.jpg\",\"datePublished\":\"2023-10-06T15:34:23+00:00\",\"dateModified\":\"2023-10-06T15:34:24+00:00\",\"breadcrumb\":{\"@id\":\"https:\/\/abaa.mx\/tienda\/mitutoyo-314-251-30-micrometro-de-yunque-en-v-digimatico-de-1-a-15-mm\/#breadcrumb\"},\"inLanguage\":\"es\",\"potentialAction\":[{\"@type\":\"ReadAction\",\"target\":[\"https:\/\/abaa.mx\/tienda\/mitutoyo-314-251-30-micrometro-de-yunque-en-v-digimatico-de-1-a-15-mm\/\"]}]},{\"@type\":\"ImageObject\",\"inLanguage\":\"es\",\"@id\":\"https:\/\/abaa.mx\/tienda\/mitutoyo-314-251-30-micrometro-de-yunque-en-v-digimatico-de-1-a-15-mm\/#primaryimage\",\"url\":\"https:\/\/abaa.mx\/tienda\/wp-content\/uploads\/2023\/10\/314-251-30.jpg\",\"contentUrl\":\"https:\/\/abaa.mx\/tienda\/wp-content\/uploads\/2023\/10\/314-251-30.jpg\",\"width\":800,\"height\":800,\"caption\":\"314-251-30\"},{\"@type\":\"BreadcrumbList\",\"@id\":\"https:\/\/abaa.mx\/tienda\/mitutoyo-314-251-30-micrometro-de-yunque-en-v-digimatico-de-1-a-15-mm\/#breadcrumb\",\"itemListElement\":[{\"@type\":\"ListItem\",\"position\":1,\"name\":\"Inicio\",\"item\":\"https:\/\/abaa.mx\/tienda\/\"},{\"@type\":\"ListItem\",\"position\":2,\"name\":\"Tienda\",\"item\":\"https:\/\/abaa.mx\/tienda\/\"},{\"@type\":\"ListItem\",\"position\":3,\"name\":\"mitutoyo 314-251-30 micr\u00f3metro de yunque en v digim\u00e1tico, de 1 a 15 mm\"}]},{\"@type\":\"WebSite\",\"@id\":\"https:\/\/abaa.mx\/tienda\/#website\",\"url\":\"https:\/\/abaa.mx\/tienda\/\",\"name\":\"Abaa tienda online\",\"description\":\"Instrumentos de medici\u00f3n\",\"publisher\":{\"@id\":\"https:\/\/abaa.mx\/tienda\/#organization\"},\"potentialAction\":[{\"@type\":\"SearchAction\",\"target\":{\"@type\":\"EntryPoint\",\"urlTemplate\":\"https:\/\/abaa.mx\/tienda\/?s={search_term_string}\"},\"query-input\":{\"@type\":\"PropertyValueSpecification\",\"valueRequired\":true,\"valueName\":\"search_term_string\"}}],\"inLanguage\":\"es\"},{\"@type\":\"Organization\",\"@id\":\"https:\/\/abaa.mx\/tienda\/#organization\",\"name\":\"Abaa tienda online\",\"url\":\"https:\/\/abaa.mx\/tienda\/\",\"logo\":{\"@type\":\"ImageObject\",\"inLanguage\":\"es\",\"@id\":\"https:\/\/abaa.mx\/tienda\/#\/schema\/logo\/image\/\",\"url\":\"https:\/\/abaa.mx\/tienda\/wp-content\/uploads\/2024\/01\/abaa-metrologia-tienda.png\",\"contentUrl\":\"https:\/\/abaa.mx\/tienda\/wp-content\/uploads\/2024\/01\/abaa-metrologia-tienda.png\",\"width\":300,\"height\":141,\"caption\":\"Abaa tienda online\"},\"image\":{\"@id\":\"https:\/\/abaa.mx\/tienda\/#\/schema\/logo\/image\/\"}}]}<\/script>\n<!-- \/ Yoast SEO plugin. -->","yoast_head_json":{"title":"mitutoyo 314-251-30 micr\u00f3metro de yunque en v digim\u00e1tico, de 1 a 15 mm - Abaa tienda online","robots":{"index":"index","follow":"follow","max-snippet":"max-snippet:-1","max-image-preview":"max-image-preview:large","max-video-preview":"max-video-preview:-1"},"canonical":"https:\/\/abaa.mx\/tienda\/mitutoyo-314-251-30-micrometro-de-yunque-en-v-digimatico-de-1-a-15-mm\/","og_locale":"es_MX","og_type":"article","og_title":"mitutoyo 314-251-30 micr\u00f3metro de yunque en v digim\u00e1tico, de 1 a 15 mm - Abaa tienda online","og_description":"El micr\u00f3metro digital de yunque en V mide el di\u00e1metro exterior de las herramientas de corte con un n\u00famero impar de flautas. El tope de trinquete proporciona una fuerza constante.","og_url":"https:\/\/abaa.mx\/tienda\/mitutoyo-314-251-30-micrometro-de-yunque-en-v-digimatico-de-1-a-15-mm\/","og_site_name":"Abaa tienda online","article_modified_time":"2023-10-06T15:34:24+00:00","og_image":[{"width":800,"height":800,"url":"https:\/\/abaa.mx\/tienda\/wp-content\/uploads\/2023\/10\/314-251-30.jpg","type":"image\/jpeg"}],"twitter_card":"summary_large_image","twitter_misc":{"Tiempo de lectura":"1 minuto"},"schema":{"@context":"https:\/\/schema.org","@graph":[{"@type":"WebPage","@id":"https:\/\/abaa.mx\/tienda\/mitutoyo-314-251-30-micrometro-de-yunque-en-v-digimatico-de-1-a-15-mm\/","url":"https:\/\/abaa.mx\/tienda\/mitutoyo-314-251-30-micrometro-de-yunque-en-v-digimatico-de-1-a-15-mm\/","name":"mitutoyo 314-251-30 micr\u00f3metro de yunque en v digim\u00e1tico, de 1 a 15 mm - Abaa tienda online","isPartOf":{"@id":"https:\/\/abaa.mx\/tienda\/#website"},"primaryImageOfPage":{"@id":"https:\/\/abaa.mx\/tienda\/mitutoyo-314-251-30-micrometro-de-yunque-en-v-digimatico-de-1-a-15-mm\/#primaryimage"},"image":{"@id":"https:\/\/abaa.mx\/tienda\/mitutoyo-314-251-30-micrometro-de-yunque-en-v-digimatico-de-1-a-15-mm\/#primaryimage"},"thumbnailUrl":"https:\/\/abaa.mx\/tienda\/wp-content\/uploads\/2023\/10\/314-251-30.jpg","datePublished":"2023-10-06T15:34:23+00:00","dateModified":"2023-10-06T15:34:24+00:00","breadcrumb":{"@id":"https:\/\/abaa.mx\/tienda\/mitutoyo-314-251-30-micrometro-de-yunque-en-v-digimatico-de-1-a-15-mm\/#breadcrumb"},"inLanguage":"es","potentialAction":[{"@type":"ReadAction","target":["https:\/\/abaa.mx\/tienda\/mitutoyo-314-251-30-micrometro-de-yunque-en-v-digimatico-de-1-a-15-mm\/"]}]},{"@type":"ImageObject","inLanguage":"es","@id":"https:\/\/abaa.mx\/tienda\/mitutoyo-314-251-30-micrometro-de-yunque-en-v-digimatico-de-1-a-15-mm\/#primaryimage","url":"https:\/\/abaa.mx\/tienda\/wp-content\/uploads\/2023\/10\/314-251-30.jpg","contentUrl":"https:\/\/abaa.mx\/tienda\/wp-content\/uploads\/2023\/10\/314-251-30.jpg","width":800,"height":800,"caption":"314-251-30"},{"@type":"BreadcrumbList","@id":"https:\/\/abaa.mx\/tienda\/mitutoyo-314-251-30-micrometro-de-yunque-en-v-digimatico-de-1-a-15-mm\/#breadcrumb","itemListElement":[{"@type":"ListItem","position":1,"name":"Inicio","item":"https:\/\/abaa.mx\/tienda\/"},{"@type":"ListItem","position":2,"name":"Tienda","item":"https:\/\/abaa.mx\/tienda\/"},{"@type":"ListItem","position":3,"name":"mitutoyo 314-251-30 micr\u00f3metro de yunque en v digim\u00e1tico, de 1 a 15 mm"}]},{"@type":"WebSite","@id":"https:\/\/abaa.mx\/tienda\/#website","url":"https:\/\/abaa.mx\/tienda\/","name":"Abaa tienda online","description":"Instrumentos de medici\u00f3n","publisher":{"@id":"https:\/\/abaa.mx\/tienda\/#organization"},"potentialAction":[{"@type":"SearchAction","target":{"@type":"EntryPoint","urlTemplate":"https:\/\/abaa.mx\/tienda\/?s={search_term_string}"},"query-input":{"@type":"PropertyValueSpecification","valueRequired":true,"valueName":"search_term_string"}}],"inLanguage":"es"},{"@type":"Organization","@id":"https:\/\/abaa.mx\/tienda\/#organization","name":"Abaa tienda online","url":"https:\/\/abaa.mx\/tienda\/","logo":{"@type":"ImageObject","inLanguage":"es","@id":"https:\/\/abaa.mx\/tienda\/#\/schema\/logo\/image\/","url":"https:\/\/abaa.mx\/tienda\/wp-content\/uploads\/2024\/01\/abaa-metrologia-tienda.png","contentUrl":"https:\/\/abaa.mx\/tienda\/wp-content\/uploads\/2024\/01\/abaa-metrologia-tienda.png","width":300,"height":141,"caption":"Abaa tienda online"},"image":{"@id":"https:\/\/abaa.mx\/tienda\/#\/schema\/logo\/image\/"}}]}},"_links":{"self":[{"href":"https:\/\/abaa.mx\/tienda\/wp-json\/wp\/v2\/product\/4989","targetHints":{"allow":["GET"]}}],"collection":[{"href":"https:\/\/abaa.mx\/tienda\/wp-json\/wp\/v2\/product"}],"about":[{"href":"https:\/\/abaa.mx\/tienda\/wp-json\/wp\/v2\/types\/product"}],"replies":[{"embeddable":true,"href":"https:\/\/abaa.mx\/tienda\/wp-json\/wp\/v2\/comments?post=4989"}],"wp:featuredmedia":[{"embeddable":true,"href":"https:\/\/abaa.mx\/tienda\/wp-json\/wp\/v2\/media\/4993"}],"wp:attachment":[{"href":"https:\/\/abaa.mx\/tienda\/wp-json\/wp\/v2\/media?parent=4989"}],"wp:term":[{"taxonomy":"product_brand","embeddable":true,"href":"https:\/\/abaa.mx\/tienda\/wp-json\/wp\/v2\/product_brand?post=4989"},{"taxonomy":"product_cat","embeddable":true,"href":"https:\/\/abaa.mx\/tienda\/wp-json\/wp\/v2\/product_cat?post=4989"},{"taxonomy":"product_tag","embeddable":true,"href":"https:\/\/abaa.mx\/tienda\/wp-json\/wp\/v2\/product_tag?post=4989"}],"curies":[{"name":"wp","href":"https:\/\/api.w.org\/{rel}","templated":true}]}}