{"id":4927,"date":"2023-10-05T21:53:11","date_gmt":"2023-10-05T21:53:11","guid":{"rendered":"https:\/\/abaa.mx\/tienda\/?post_type=product&#038;p=4927"},"modified":"2023-10-05T21:53:12","modified_gmt":"2023-10-05T21:53:12","slug":"mitutoyo-2990t-10-serie-2-indicador-de-esfera-de-embolo-trasero-01-mm","status":"publish","type":"product","link":"https:\/\/abaa.mx\/tienda\/mitutoyo-2990t-10-serie-2-indicador-de-esfera-de-embolo-trasero-01-mm\/","title":{"rendered":"mitutoyo 2990t-10 serie 2 indicador de esfera de \u00e9mbolo trasero, 0,1 mm"},"content":{"rendered":"<h4>Mitutoyo 2990T-10<\/h4>\n<p>El indicador de dial de \u00e9mbolo trasero Mitutoyo 2990T-10 Serie 2 facilita la visualizaci\u00f3n de sus lecturas cr\u00edticas. Las graduaciones prominentes le permiten ver los resultados con claridad, incluso en lugares donde el espacio es reducido. El indicador de cuadrante es ideal para nivelar mesas de m\u00e1quinas herramienta, plantillas de inspecci\u00f3n y otras aplicaciones. Choques. Rodamientos enjoyados.<\/p>\n<p><strong>Funciones<\/strong><\/p>\n<ul>\n<li>Las graduaciones de 0,001 mm son f\u00e1ciles de ver en espacios de trabajo compactos<\/li>\n<li>Dise\u00f1ado para su uso con mesas de m\u00e1quina herramienta niveladora compatibles, plantillas de inspecci\u00f3n y m\u00e1s<\/li>\n<li>A prueba de golpes para mejorar la seguridad del operador<\/li>\n<li>El dise\u00f1o robusto es adecuado para la mayor\u00eda de los entornos de trabajo<\/li>\n<li>El estilo de \u00e9mbolo trasero se monta f\u00e1cilmente donde sea necesario<\/li>\n<li>Fuerza: 0,4 a 1,5 N<\/li>\n<li>Tipo: 1 revoluci\u00f3n<\/li>\n<li>Rodamientos enjoyados<\/li>\n<\/ul>\n<h4>Mitutoyo 2990T-10 Especificaciones<\/h4>\n<p>&nbsp;<\/p>\n<table class=\"table table-striped\">\n<tbody>\n<tr>\n<td>Unidad(es) de medida admitida(s)<\/td>\n<td>mil\u00edmetro<\/td>\n<\/tr>\n<tr>\n<td>Rango de medici\u00f3n<\/td>\n<td>0,1 mm por carrera completa de 0,14 mm<\/td>\n<\/tr>\n<tr>\n<td>Exactitud<\/td>\n<td>0,0065 mil\u00edmetros<\/td>\n<\/tr>\n<tr>\n<td>Lectura de dial<\/td>\n<td>De 50 a 0 a 50<\/td>\n<\/tr>\n<tr>\n<td>Color de la esfera<\/td>\n<td>Blanco<\/td>\n<\/tr>\n<tr>\n<td>Medidas de graduaci\u00f3n<\/td>\n<td>Mil\u00edmetros<\/td>\n<\/tr>\n<tr>\n<td>Longitud del producto<\/td>\n<td>2.2&#8243; (57 mm)<\/td>\n<\/tr>\n<\/tbody>\n<\/table>\n<p>&nbsp;<\/p>\n","protected":false},"excerpt":{"rendered":"<p class=\"short-description mhide ipad-view-setting\">Este indicador de cuadrante de \u00e9mbolo trasero se monta f\u00e1cilmente en mesas de herramientas de nivelaci\u00f3n compatibles, plantillas de inspecci\u00f3n y m\u00e1s. Con graduaciones f\u00e1ciles de leer, es ideal para usar en espacios peque\u00f1os.<\/p>\n<p class=\"comment-tag-product\">\n<div class=\"row-fluid\">\n<div class=\"span12 mobile-pricing-box-padding\">\n<form id=\"139668\" accept-charset=\"utf-8\" action=\"https:\/\/www.globaltestsupply.com\/shop\/add\" method=\"post\" name=\"addTocartFunction\">\n<div><\/div>\n<\/form>\n<\/div>\n<\/div>\n","protected":false},"featured_media":4966,"comment_status":"open","ping_status":"closed","template":"","meta":{"_joinchat":[]},"product_brand":[],"product_cat":[15],"product_tag":[],"class_list":{"0":"post-4927","1":"product","2":"type-product","3":"status-publish","4":"has-post-thumbnail","6":"product_cat-sin-categorizar","8":"first","9":"instock","10":"shipping-taxable","11":"product-type-simple"},"yoast_head":"<!-- This site is optimized with the Yoast SEO plugin v26.4 - https:\/\/yoast.com\/wordpress\/plugins\/seo\/ -->\n<title>mitutoyo 2990t-10 serie 2 indicador de esfera de \u00e9mbolo trasero, 0,1 mm - Abaa tienda online<\/title>\n<meta name=\"robots\" content=\"index, follow, max-snippet:-1, max-image-preview:large, max-video-preview:-1\" \/>\n<link rel=\"canonical\" href=\"https:\/\/abaa.mx\/tienda\/mitutoyo-2990t-10-serie-2-indicador-de-esfera-de-embolo-trasero-01-mm\/\" \/>\n<meta property=\"og:locale\" content=\"es_MX\" \/>\n<meta property=\"og:type\" content=\"article\" \/>\n<meta property=\"og:title\" content=\"mitutoyo 2990t-10 serie 2 indicador de esfera de \u00e9mbolo trasero, 0,1 mm - Abaa tienda online\" \/>\n<meta property=\"og:description\" content=\"Este indicador de cuadrante de \u00e9mbolo trasero se monta f\u00e1cilmente en mesas de herramientas de nivelaci\u00f3n compatibles, plantillas de inspecci\u00f3n y m\u00e1s. Con graduaciones f\u00e1ciles de leer, es ideal para usar en espacios peque\u00f1os.\" \/>\n<meta property=\"og:url\" content=\"https:\/\/abaa.mx\/tienda\/mitutoyo-2990t-10-serie-2-indicador-de-esfera-de-embolo-trasero-01-mm\/\" \/>\n<meta property=\"og:site_name\" content=\"Abaa tienda online\" \/>\n<meta property=\"article:modified_time\" content=\"2023-10-05T21:53:12+00:00\" \/>\n<meta property=\"og:image\" content=\"https:\/\/abaa.mx\/tienda\/wp-content\/uploads\/2023\/10\/2990T-10.png\" \/>\n\t<meta property=\"og:image:width\" content=\"768\" \/>\n\t<meta property=\"og:image:height\" content=\"432\" \/>\n\t<meta property=\"og:image:type\" content=\"image\/png\" \/>\n<meta name=\"twitter:card\" content=\"summary_large_image\" \/>\n<meta name=\"twitter:label1\" content=\"Tiempo de lectura\" \/>\n\t<meta name=\"twitter:data1\" content=\"1 minuto\" \/>\n<script type=\"application\/ld+json\" class=\"yoast-schema-graph\">{\"@context\":\"https:\/\/schema.org\",\"@graph\":[{\"@type\":\"WebPage\",\"@id\":\"https:\/\/abaa.mx\/tienda\/mitutoyo-2990t-10-serie-2-indicador-de-esfera-de-embolo-trasero-01-mm\/\",\"url\":\"https:\/\/abaa.mx\/tienda\/mitutoyo-2990t-10-serie-2-indicador-de-esfera-de-embolo-trasero-01-mm\/\",\"name\":\"mitutoyo 2990t-10 serie 2 indicador de esfera de \u00e9mbolo trasero, 0,1 mm - Abaa tienda online\",\"isPartOf\":{\"@id\":\"https:\/\/abaa.mx\/tienda\/#website\"},\"primaryImageOfPage\":{\"@id\":\"https:\/\/abaa.mx\/tienda\/mitutoyo-2990t-10-serie-2-indicador-de-esfera-de-embolo-trasero-01-mm\/#primaryimage\"},\"image\":{\"@id\":\"https:\/\/abaa.mx\/tienda\/mitutoyo-2990t-10-serie-2-indicador-de-esfera-de-embolo-trasero-01-mm\/#primaryimage\"},\"thumbnailUrl\":\"https:\/\/abaa.mx\/tienda\/wp-content\/uploads\/2023\/10\/2990T-10.png\",\"datePublished\":\"2023-10-05T21:53:11+00:00\",\"dateModified\":\"2023-10-05T21:53:12+00:00\",\"breadcrumb\":{\"@id\":\"https:\/\/abaa.mx\/tienda\/mitutoyo-2990t-10-serie-2-indicador-de-esfera-de-embolo-trasero-01-mm\/#breadcrumb\"},\"inLanguage\":\"es\",\"potentialAction\":[{\"@type\":\"ReadAction\",\"target\":[\"https:\/\/abaa.mx\/tienda\/mitutoyo-2990t-10-serie-2-indicador-de-esfera-de-embolo-trasero-01-mm\/\"]}]},{\"@type\":\"ImageObject\",\"inLanguage\":\"es\",\"@id\":\"https:\/\/abaa.mx\/tienda\/mitutoyo-2990t-10-serie-2-indicador-de-esfera-de-embolo-trasero-01-mm\/#primaryimage\",\"url\":\"https:\/\/abaa.mx\/tienda\/wp-content\/uploads\/2023\/10\/2990T-10.png\",\"contentUrl\":\"https:\/\/abaa.mx\/tienda\/wp-content\/uploads\/2023\/10\/2990T-10.png\",\"width\":768,\"height\":432,\"caption\":\"2990T-10\"},{\"@type\":\"BreadcrumbList\",\"@id\":\"https:\/\/abaa.mx\/tienda\/mitutoyo-2990t-10-serie-2-indicador-de-esfera-de-embolo-trasero-01-mm\/#breadcrumb\",\"itemListElement\":[{\"@type\":\"ListItem\",\"position\":1,\"name\":\"Inicio\",\"item\":\"https:\/\/abaa.mx\/tienda\/\"},{\"@type\":\"ListItem\",\"position\":2,\"name\":\"Tienda\",\"item\":\"https:\/\/abaa.mx\/tienda\/\"},{\"@type\":\"ListItem\",\"position\":3,\"name\":\"mitutoyo 2990t-10 serie 2 indicador de esfera de \u00e9mbolo trasero, 0,1 mm\"}]},{\"@type\":\"WebSite\",\"@id\":\"https:\/\/abaa.mx\/tienda\/#website\",\"url\":\"https:\/\/abaa.mx\/tienda\/\",\"name\":\"Abaa tienda online\",\"description\":\"Instrumentos de medici\u00f3n\",\"publisher\":{\"@id\":\"https:\/\/abaa.mx\/tienda\/#organization\"},\"potentialAction\":[{\"@type\":\"SearchAction\",\"target\":{\"@type\":\"EntryPoint\",\"urlTemplate\":\"https:\/\/abaa.mx\/tienda\/?s={search_term_string}\"},\"query-input\":{\"@type\":\"PropertyValueSpecification\",\"valueRequired\":true,\"valueName\":\"search_term_string\"}}],\"inLanguage\":\"es\"},{\"@type\":\"Organization\",\"@id\":\"https:\/\/abaa.mx\/tienda\/#organization\",\"name\":\"Abaa tienda online\",\"url\":\"https:\/\/abaa.mx\/tienda\/\",\"logo\":{\"@type\":\"ImageObject\",\"inLanguage\":\"es\",\"@id\":\"https:\/\/abaa.mx\/tienda\/#\/schema\/logo\/image\/\",\"url\":\"https:\/\/abaa.mx\/tienda\/wp-content\/uploads\/2024\/01\/abaa-metrologia-tienda.png\",\"contentUrl\":\"https:\/\/abaa.mx\/tienda\/wp-content\/uploads\/2024\/01\/abaa-metrologia-tienda.png\",\"width\":300,\"height\":141,\"caption\":\"Abaa tienda online\"},\"image\":{\"@id\":\"https:\/\/abaa.mx\/tienda\/#\/schema\/logo\/image\/\"}}]}<\/script>\n<!-- \/ Yoast SEO plugin. -->","yoast_head_json":{"title":"mitutoyo 2990t-10 serie 2 indicador de esfera de \u00e9mbolo trasero, 0,1 mm - Abaa tienda online","robots":{"index":"index","follow":"follow","max-snippet":"max-snippet:-1","max-image-preview":"max-image-preview:large","max-video-preview":"max-video-preview:-1"},"canonical":"https:\/\/abaa.mx\/tienda\/mitutoyo-2990t-10-serie-2-indicador-de-esfera-de-embolo-trasero-01-mm\/","og_locale":"es_MX","og_type":"article","og_title":"mitutoyo 2990t-10 serie 2 indicador de esfera de \u00e9mbolo trasero, 0,1 mm - Abaa tienda online","og_description":"Este indicador de cuadrante de \u00e9mbolo trasero se monta f\u00e1cilmente en mesas de herramientas de nivelaci\u00f3n compatibles, plantillas de inspecci\u00f3n y m\u00e1s. Con graduaciones f\u00e1ciles de leer, es ideal para usar en espacios peque\u00f1os.","og_url":"https:\/\/abaa.mx\/tienda\/mitutoyo-2990t-10-serie-2-indicador-de-esfera-de-embolo-trasero-01-mm\/","og_site_name":"Abaa tienda online","article_modified_time":"2023-10-05T21:53:12+00:00","og_image":[{"width":768,"height":432,"url":"https:\/\/abaa.mx\/tienda\/wp-content\/uploads\/2023\/10\/2990T-10.png","type":"image\/png"}],"twitter_card":"summary_large_image","twitter_misc":{"Tiempo de lectura":"1 minuto"},"schema":{"@context":"https:\/\/schema.org","@graph":[{"@type":"WebPage","@id":"https:\/\/abaa.mx\/tienda\/mitutoyo-2990t-10-serie-2-indicador-de-esfera-de-embolo-trasero-01-mm\/","url":"https:\/\/abaa.mx\/tienda\/mitutoyo-2990t-10-serie-2-indicador-de-esfera-de-embolo-trasero-01-mm\/","name":"mitutoyo 2990t-10 serie 2 indicador de esfera de \u00e9mbolo trasero, 0,1 mm - Abaa tienda online","isPartOf":{"@id":"https:\/\/abaa.mx\/tienda\/#website"},"primaryImageOfPage":{"@id":"https:\/\/abaa.mx\/tienda\/mitutoyo-2990t-10-serie-2-indicador-de-esfera-de-embolo-trasero-01-mm\/#primaryimage"},"image":{"@id":"https:\/\/abaa.mx\/tienda\/mitutoyo-2990t-10-serie-2-indicador-de-esfera-de-embolo-trasero-01-mm\/#primaryimage"},"thumbnailUrl":"https:\/\/abaa.mx\/tienda\/wp-content\/uploads\/2023\/10\/2990T-10.png","datePublished":"2023-10-05T21:53:11+00:00","dateModified":"2023-10-05T21:53:12+00:00","breadcrumb":{"@id":"https:\/\/abaa.mx\/tienda\/mitutoyo-2990t-10-serie-2-indicador-de-esfera-de-embolo-trasero-01-mm\/#breadcrumb"},"inLanguage":"es","potentialAction":[{"@type":"ReadAction","target":["https:\/\/abaa.mx\/tienda\/mitutoyo-2990t-10-serie-2-indicador-de-esfera-de-embolo-trasero-01-mm\/"]}]},{"@type":"ImageObject","inLanguage":"es","@id":"https:\/\/abaa.mx\/tienda\/mitutoyo-2990t-10-serie-2-indicador-de-esfera-de-embolo-trasero-01-mm\/#primaryimage","url":"https:\/\/abaa.mx\/tienda\/wp-content\/uploads\/2023\/10\/2990T-10.png","contentUrl":"https:\/\/abaa.mx\/tienda\/wp-content\/uploads\/2023\/10\/2990T-10.png","width":768,"height":432,"caption":"2990T-10"},{"@type":"BreadcrumbList","@id":"https:\/\/abaa.mx\/tienda\/mitutoyo-2990t-10-serie-2-indicador-de-esfera-de-embolo-trasero-01-mm\/#breadcrumb","itemListElement":[{"@type":"ListItem","position":1,"name":"Inicio","item":"https:\/\/abaa.mx\/tienda\/"},{"@type":"ListItem","position":2,"name":"Tienda","item":"https:\/\/abaa.mx\/tienda\/"},{"@type":"ListItem","position":3,"name":"mitutoyo 2990t-10 serie 2 indicador de esfera de \u00e9mbolo trasero, 0,1 mm"}]},{"@type":"WebSite","@id":"https:\/\/abaa.mx\/tienda\/#website","url":"https:\/\/abaa.mx\/tienda\/","name":"Abaa tienda online","description":"Instrumentos de medici\u00f3n","publisher":{"@id":"https:\/\/abaa.mx\/tienda\/#organization"},"potentialAction":[{"@type":"SearchAction","target":{"@type":"EntryPoint","urlTemplate":"https:\/\/abaa.mx\/tienda\/?s={search_term_string}"},"query-input":{"@type":"PropertyValueSpecification","valueRequired":true,"valueName":"search_term_string"}}],"inLanguage":"es"},{"@type":"Organization","@id":"https:\/\/abaa.mx\/tienda\/#organization","name":"Abaa tienda online","url":"https:\/\/abaa.mx\/tienda\/","logo":{"@type":"ImageObject","inLanguage":"es","@id":"https:\/\/abaa.mx\/tienda\/#\/schema\/logo\/image\/","url":"https:\/\/abaa.mx\/tienda\/wp-content\/uploads\/2024\/01\/abaa-metrologia-tienda.png","contentUrl":"https:\/\/abaa.mx\/tienda\/wp-content\/uploads\/2024\/01\/abaa-metrologia-tienda.png","width":300,"height":141,"caption":"Abaa tienda online"},"image":{"@id":"https:\/\/abaa.mx\/tienda\/#\/schema\/logo\/image\/"}}]}},"_links":{"self":[{"href":"https:\/\/abaa.mx\/tienda\/wp-json\/wp\/v2\/product\/4927","targetHints":{"allow":["GET"]}}],"collection":[{"href":"https:\/\/abaa.mx\/tienda\/wp-json\/wp\/v2\/product"}],"about":[{"href":"https:\/\/abaa.mx\/tienda\/wp-json\/wp\/v2\/types\/product"}],"replies":[{"embeddable":true,"href":"https:\/\/abaa.mx\/tienda\/wp-json\/wp\/v2\/comments?post=4927"}],"wp:featuredmedia":[{"embeddable":true,"href":"https:\/\/abaa.mx\/tienda\/wp-json\/wp\/v2\/media\/4966"}],"wp:attachment":[{"href":"https:\/\/abaa.mx\/tienda\/wp-json\/wp\/v2\/media?parent=4927"}],"wp:term":[{"taxonomy":"product_brand","embeddable":true,"href":"https:\/\/abaa.mx\/tienda\/wp-json\/wp\/v2\/product_brand?post=4927"},{"taxonomy":"product_cat","embeddable":true,"href":"https:\/\/abaa.mx\/tienda\/wp-json\/wp\/v2\/product_cat?post=4927"},{"taxonomy":"product_tag","embeddable":true,"href":"https:\/\/abaa.mx\/tienda\/wp-json\/wp\/v2\/product_tag?post=4927"}],"curies":[{"name":"wp","href":"https:\/\/api.w.org\/{rel}","templated":true}]}}