{"id":4904,"date":"2023-10-05T20:20:03","date_gmt":"2023-10-05T20:20:03","guid":{"rendered":"https:\/\/abaa.mx\/tienda\/?post_type=product&#038;p=4904"},"modified":"2023-12-06T17:27:14","modified_gmt":"2023-12-06T17:27:14","slug":"mitutoyo-2971ab-serie-2-indicador-de-cuadrante-de-1-revolucion-05-07-mm-graduacion-de-001-mm","status":"publish","type":"product","link":"https:\/\/abaa.mx\/tienda\/mitutoyo-2971ab-serie-2-indicador-de-cuadrante-de-1-revolucion-05-07-mm-graduacion-de-001-mm\/","title":{"rendered":"mitutoyo 2971ab serie 2 indicador de cuadrante de 1 revoluci\u00f3n, 0,5-0,7 mm, graduaci\u00f3n de 0,01 mm"},"content":{"rendered":"<p><strong>Mitutoyo 2971AB<\/strong><\/p>\n<p>Utilice el indicador de cuadrante de 2971 revoluci\u00f3n Mitutoyo 2TB Serie 1 para realizar mediciones precisas. La protecci\u00f3n a prueba de golpes y polvo significa que se puede usar en \u00e1reas de trabajo dif\u00edciles y ofrece un estilo de respaldo plano para espacios compactos. Tiene un di\u00e1metro de v\u00e1stago de 0,31&#8243; (8 mm).<\/p>\n<p><strong>Funciones<\/strong><\/p>\n<ul>\n<li>El dise\u00f1o de 1 revoluci\u00f3n proporciona lecturas f\u00e1ciles y ayuda a evitar errores de conteo.<\/li>\n<li>A prueba de golpes y polvo para condiciones de trabajo dif\u00edciles.<\/li>\n<li>La parte trasera plana crea un perfil compacto.<\/li>\n<\/ul>\n","protected":false},"excerpt":{"rendered":"<p>El indicador de cuadrante m\u00e9trico es a prueba de golpes y polvo para manejar entornos de trabajo dif\u00edciles. Cuenta con un dise\u00f1o de respaldo plano para un perfil compacto.<\/p>\n<div class=\"row-fluid\">\n<div class=\"span12 mobile-pricing-box-padding\">\n<form id=\"139688\" accept-charset=\"utf-8\" action=\"https:\/\/www.globaltestsupply.com\/shop\/add\" method=\"post\" name=\"addTocartFunction\">\n<div><\/div>\n<\/form>\n<\/div>\n<\/div>\n","protected":false},"featured_media":4913,"comment_status":"open","ping_status":"closed","template":"","meta":{"_joinchat":[]},"product_brand":[],"product_cat":[15],"product_tag":[],"class_list":{"0":"post-4904","1":"product","2":"type-product","3":"status-publish","4":"has-post-thumbnail","6":"product_cat-sin-categorizar","8":"first","9":"instock","10":"shipping-taxable","11":"product-type-simple"},"yoast_head":"<!-- This site is optimized with the Yoast SEO plugin v26.4 - https:\/\/yoast.com\/wordpress\/plugins\/seo\/ -->\n<title>mitutoyo 2971ab serie 2 indicador de cuadrante de 1 revoluci\u00f3n, 0,5-0,7 mm, graduaci\u00f3n de 0,01 mm - Abaa tienda online<\/title>\n<meta name=\"robots\" content=\"index, follow, max-snippet:-1, max-image-preview:large, max-video-preview:-1\" \/>\n<link rel=\"canonical\" href=\"https:\/\/abaa.mx\/tienda\/mitutoyo-2971ab-serie-2-indicador-de-cuadrante-de-1-revolucion-05-07-mm-graduacion-de-001-mm\/\" \/>\n<meta property=\"og:locale\" content=\"es_MX\" \/>\n<meta property=\"og:type\" content=\"article\" \/>\n<meta property=\"og:title\" content=\"mitutoyo 2971ab serie 2 indicador de cuadrante de 1 revoluci\u00f3n, 0,5-0,7 mm, graduaci\u00f3n de 0,01 mm - Abaa tienda online\" \/>\n<meta property=\"og:description\" content=\"El indicador de cuadrante m\u00e9trico es a prueba de golpes y polvo para manejar entornos de trabajo dif\u00edciles. Cuenta con un dise\u00f1o de respaldo plano para un perfil compacto.\" \/>\n<meta property=\"og:url\" content=\"https:\/\/abaa.mx\/tienda\/mitutoyo-2971ab-serie-2-indicador-de-cuadrante-de-1-revolucion-05-07-mm-graduacion-de-001-mm\/\" \/>\n<meta property=\"og:site_name\" content=\"Abaa tienda online\" \/>\n<meta property=\"article:modified_time\" content=\"2023-12-06T17:27:14+00:00\" \/>\n<meta property=\"og:image\" content=\"https:\/\/abaa.mx\/tienda\/wp-content\/uploads\/2023\/10\/2971AB.jpg\" \/>\n\t<meta property=\"og:image:width\" content=\"270\" \/>\n\t<meta property=\"og:image:height\" content=\"430\" \/>\n\t<meta property=\"og:image:type\" content=\"image\/jpeg\" \/>\n<meta name=\"twitter:card\" content=\"summary_large_image\" \/>\n<meta name=\"twitter:label1\" content=\"Tiempo de lectura\" \/>\n\t<meta name=\"twitter:data1\" content=\"1 minuto\" \/>\n<script type=\"application\/ld+json\" class=\"yoast-schema-graph\">{\"@context\":\"https:\/\/schema.org\",\"@graph\":[{\"@type\":\"WebPage\",\"@id\":\"https:\/\/abaa.mx\/tienda\/mitutoyo-2971ab-serie-2-indicador-de-cuadrante-de-1-revolucion-05-07-mm-graduacion-de-001-mm\/\",\"url\":\"https:\/\/abaa.mx\/tienda\/mitutoyo-2971ab-serie-2-indicador-de-cuadrante-de-1-revolucion-05-07-mm-graduacion-de-001-mm\/\",\"name\":\"mitutoyo 2971ab serie 2 indicador de cuadrante de 1 revoluci\u00f3n, 0,5-0,7 mm, graduaci\u00f3n de 0,01 mm - Abaa tienda online\",\"isPartOf\":{\"@id\":\"https:\/\/abaa.mx\/tienda\/#website\"},\"primaryImageOfPage\":{\"@id\":\"https:\/\/abaa.mx\/tienda\/mitutoyo-2971ab-serie-2-indicador-de-cuadrante-de-1-revolucion-05-07-mm-graduacion-de-001-mm\/#primaryimage\"},\"image\":{\"@id\":\"https:\/\/abaa.mx\/tienda\/mitutoyo-2971ab-serie-2-indicador-de-cuadrante-de-1-revolucion-05-07-mm-graduacion-de-001-mm\/#primaryimage\"},\"thumbnailUrl\":\"https:\/\/abaa.mx\/tienda\/wp-content\/uploads\/2023\/10\/2971AB.jpg\",\"datePublished\":\"2023-10-05T20:20:03+00:00\",\"dateModified\":\"2023-12-06T17:27:14+00:00\",\"breadcrumb\":{\"@id\":\"https:\/\/abaa.mx\/tienda\/mitutoyo-2971ab-serie-2-indicador-de-cuadrante-de-1-revolucion-05-07-mm-graduacion-de-001-mm\/#breadcrumb\"},\"inLanguage\":\"es\",\"potentialAction\":[{\"@type\":\"ReadAction\",\"target\":[\"https:\/\/abaa.mx\/tienda\/mitutoyo-2971ab-serie-2-indicador-de-cuadrante-de-1-revolucion-05-07-mm-graduacion-de-001-mm\/\"]}]},{\"@type\":\"ImageObject\",\"inLanguage\":\"es\",\"@id\":\"https:\/\/abaa.mx\/tienda\/mitutoyo-2971ab-serie-2-indicador-de-cuadrante-de-1-revolucion-05-07-mm-graduacion-de-001-mm\/#primaryimage\",\"url\":\"https:\/\/abaa.mx\/tienda\/wp-content\/uploads\/2023\/10\/2971AB.jpg\",\"contentUrl\":\"https:\/\/abaa.mx\/tienda\/wp-content\/uploads\/2023\/10\/2971AB.jpg\",\"width\":270,\"height\":430,\"caption\":\"2971AB\"},{\"@type\":\"BreadcrumbList\",\"@id\":\"https:\/\/abaa.mx\/tienda\/mitutoyo-2971ab-serie-2-indicador-de-cuadrante-de-1-revolucion-05-07-mm-graduacion-de-001-mm\/#breadcrumb\",\"itemListElement\":[{\"@type\":\"ListItem\",\"position\":1,\"name\":\"Inicio\",\"item\":\"https:\/\/abaa.mx\/tienda\/\"},{\"@type\":\"ListItem\",\"position\":2,\"name\":\"Tienda\",\"item\":\"https:\/\/abaa.mx\/tienda\/\"},{\"@type\":\"ListItem\",\"position\":3,\"name\":\"mitutoyo 2971ab serie 2 indicador de cuadrante de 1 revoluci\u00f3n, 0,5-0,7 mm, graduaci\u00f3n de 0,01 mm\"}]},{\"@type\":\"WebSite\",\"@id\":\"https:\/\/abaa.mx\/tienda\/#website\",\"url\":\"https:\/\/abaa.mx\/tienda\/\",\"name\":\"Abaa tienda online\",\"description\":\"Instrumentos de medici\u00f3n\",\"publisher\":{\"@id\":\"https:\/\/abaa.mx\/tienda\/#organization\"},\"potentialAction\":[{\"@type\":\"SearchAction\",\"target\":{\"@type\":\"EntryPoint\",\"urlTemplate\":\"https:\/\/abaa.mx\/tienda\/?s={search_term_string}\"},\"query-input\":{\"@type\":\"PropertyValueSpecification\",\"valueRequired\":true,\"valueName\":\"search_term_string\"}}],\"inLanguage\":\"es\"},{\"@type\":\"Organization\",\"@id\":\"https:\/\/abaa.mx\/tienda\/#organization\",\"name\":\"Abaa tienda online\",\"url\":\"https:\/\/abaa.mx\/tienda\/\",\"logo\":{\"@type\":\"ImageObject\",\"inLanguage\":\"es\",\"@id\":\"https:\/\/abaa.mx\/tienda\/#\/schema\/logo\/image\/\",\"url\":\"https:\/\/abaa.mx\/tienda\/wp-content\/uploads\/2024\/01\/abaa-metrologia-tienda.png\",\"contentUrl\":\"https:\/\/abaa.mx\/tienda\/wp-content\/uploads\/2024\/01\/abaa-metrologia-tienda.png\",\"width\":300,\"height\":141,\"caption\":\"Abaa tienda online\"},\"image\":{\"@id\":\"https:\/\/abaa.mx\/tienda\/#\/schema\/logo\/image\/\"}}]}<\/script>\n<!-- \/ Yoast SEO plugin. -->","yoast_head_json":{"title":"mitutoyo 2971ab serie 2 indicador de cuadrante de 1 revoluci\u00f3n, 0,5-0,7 mm, graduaci\u00f3n de 0,01 mm - Abaa tienda online","robots":{"index":"index","follow":"follow","max-snippet":"max-snippet:-1","max-image-preview":"max-image-preview:large","max-video-preview":"max-video-preview:-1"},"canonical":"https:\/\/abaa.mx\/tienda\/mitutoyo-2971ab-serie-2-indicador-de-cuadrante-de-1-revolucion-05-07-mm-graduacion-de-001-mm\/","og_locale":"es_MX","og_type":"article","og_title":"mitutoyo 2971ab serie 2 indicador de cuadrante de 1 revoluci\u00f3n, 0,5-0,7 mm, graduaci\u00f3n de 0,01 mm - Abaa tienda online","og_description":"El indicador de cuadrante m\u00e9trico es a prueba de golpes y polvo para manejar entornos de trabajo dif\u00edciles. Cuenta con un dise\u00f1o de respaldo plano para un perfil compacto.","og_url":"https:\/\/abaa.mx\/tienda\/mitutoyo-2971ab-serie-2-indicador-de-cuadrante-de-1-revolucion-05-07-mm-graduacion-de-001-mm\/","og_site_name":"Abaa tienda online","article_modified_time":"2023-12-06T17:27:14+00:00","og_image":[{"width":270,"height":430,"url":"https:\/\/abaa.mx\/tienda\/wp-content\/uploads\/2023\/10\/2971AB.jpg","type":"image\/jpeg"}],"twitter_card":"summary_large_image","twitter_misc":{"Tiempo de lectura":"1 minuto"},"schema":{"@context":"https:\/\/schema.org","@graph":[{"@type":"WebPage","@id":"https:\/\/abaa.mx\/tienda\/mitutoyo-2971ab-serie-2-indicador-de-cuadrante-de-1-revolucion-05-07-mm-graduacion-de-001-mm\/","url":"https:\/\/abaa.mx\/tienda\/mitutoyo-2971ab-serie-2-indicador-de-cuadrante-de-1-revolucion-05-07-mm-graduacion-de-001-mm\/","name":"mitutoyo 2971ab serie 2 indicador de cuadrante de 1 revoluci\u00f3n, 0,5-0,7 mm, graduaci\u00f3n de 0,01 mm - Abaa tienda online","isPartOf":{"@id":"https:\/\/abaa.mx\/tienda\/#website"},"primaryImageOfPage":{"@id":"https:\/\/abaa.mx\/tienda\/mitutoyo-2971ab-serie-2-indicador-de-cuadrante-de-1-revolucion-05-07-mm-graduacion-de-001-mm\/#primaryimage"},"image":{"@id":"https:\/\/abaa.mx\/tienda\/mitutoyo-2971ab-serie-2-indicador-de-cuadrante-de-1-revolucion-05-07-mm-graduacion-de-001-mm\/#primaryimage"},"thumbnailUrl":"https:\/\/abaa.mx\/tienda\/wp-content\/uploads\/2023\/10\/2971AB.jpg","datePublished":"2023-10-05T20:20:03+00:00","dateModified":"2023-12-06T17:27:14+00:00","breadcrumb":{"@id":"https:\/\/abaa.mx\/tienda\/mitutoyo-2971ab-serie-2-indicador-de-cuadrante-de-1-revolucion-05-07-mm-graduacion-de-001-mm\/#breadcrumb"},"inLanguage":"es","potentialAction":[{"@type":"ReadAction","target":["https:\/\/abaa.mx\/tienda\/mitutoyo-2971ab-serie-2-indicador-de-cuadrante-de-1-revolucion-05-07-mm-graduacion-de-001-mm\/"]}]},{"@type":"ImageObject","inLanguage":"es","@id":"https:\/\/abaa.mx\/tienda\/mitutoyo-2971ab-serie-2-indicador-de-cuadrante-de-1-revolucion-05-07-mm-graduacion-de-001-mm\/#primaryimage","url":"https:\/\/abaa.mx\/tienda\/wp-content\/uploads\/2023\/10\/2971AB.jpg","contentUrl":"https:\/\/abaa.mx\/tienda\/wp-content\/uploads\/2023\/10\/2971AB.jpg","width":270,"height":430,"caption":"2971AB"},{"@type":"BreadcrumbList","@id":"https:\/\/abaa.mx\/tienda\/mitutoyo-2971ab-serie-2-indicador-de-cuadrante-de-1-revolucion-05-07-mm-graduacion-de-001-mm\/#breadcrumb","itemListElement":[{"@type":"ListItem","position":1,"name":"Inicio","item":"https:\/\/abaa.mx\/tienda\/"},{"@type":"ListItem","position":2,"name":"Tienda","item":"https:\/\/abaa.mx\/tienda\/"},{"@type":"ListItem","position":3,"name":"mitutoyo 2971ab serie 2 indicador de cuadrante de 1 revoluci\u00f3n, 0,5-0,7 mm, graduaci\u00f3n de 0,01 mm"}]},{"@type":"WebSite","@id":"https:\/\/abaa.mx\/tienda\/#website","url":"https:\/\/abaa.mx\/tienda\/","name":"Abaa tienda online","description":"Instrumentos de medici\u00f3n","publisher":{"@id":"https:\/\/abaa.mx\/tienda\/#organization"},"potentialAction":[{"@type":"SearchAction","target":{"@type":"EntryPoint","urlTemplate":"https:\/\/abaa.mx\/tienda\/?s={search_term_string}"},"query-input":{"@type":"PropertyValueSpecification","valueRequired":true,"valueName":"search_term_string"}}],"inLanguage":"es"},{"@type":"Organization","@id":"https:\/\/abaa.mx\/tienda\/#organization","name":"Abaa tienda online","url":"https:\/\/abaa.mx\/tienda\/","logo":{"@type":"ImageObject","inLanguage":"es","@id":"https:\/\/abaa.mx\/tienda\/#\/schema\/logo\/image\/","url":"https:\/\/abaa.mx\/tienda\/wp-content\/uploads\/2024\/01\/abaa-metrologia-tienda.png","contentUrl":"https:\/\/abaa.mx\/tienda\/wp-content\/uploads\/2024\/01\/abaa-metrologia-tienda.png","width":300,"height":141,"caption":"Abaa tienda online"},"image":{"@id":"https:\/\/abaa.mx\/tienda\/#\/schema\/logo\/image\/"}}]}},"_links":{"self":[{"href":"https:\/\/abaa.mx\/tienda\/wp-json\/wp\/v2\/product\/4904","targetHints":{"allow":["GET"]}}],"collection":[{"href":"https:\/\/abaa.mx\/tienda\/wp-json\/wp\/v2\/product"}],"about":[{"href":"https:\/\/abaa.mx\/tienda\/wp-json\/wp\/v2\/types\/product"}],"replies":[{"embeddable":true,"href":"https:\/\/abaa.mx\/tienda\/wp-json\/wp\/v2\/comments?post=4904"}],"wp:featuredmedia":[{"embeddable":true,"href":"https:\/\/abaa.mx\/tienda\/wp-json\/wp\/v2\/media\/4913"}],"wp:attachment":[{"href":"https:\/\/abaa.mx\/tienda\/wp-json\/wp\/v2\/media?parent=4904"}],"wp:term":[{"taxonomy":"product_brand","embeddable":true,"href":"https:\/\/abaa.mx\/tienda\/wp-json\/wp\/v2\/product_brand?post=4904"},{"taxonomy":"product_cat","embeddable":true,"href":"https:\/\/abaa.mx\/tienda\/wp-json\/wp\/v2\/product_cat?post=4904"},{"taxonomy":"product_tag","embeddable":true,"href":"https:\/\/abaa.mx\/tienda\/wp-json\/wp\/v2\/product_tag?post=4904"}],"curies":[{"name":"wp","href":"https:\/\/api.w.org\/{rel}","templated":true}]}}