{"id":4896,"date":"2023-10-05T20:16:15","date_gmt":"2023-10-05T20:16:15","guid":{"rendered":"https:\/\/abaa.mx\/tienda\/?post_type=product&#038;p=4896"},"modified":"2023-10-05T20:16:15","modified_gmt":"2023-10-05T20:16:15","slug":"mitutoyo-110-107-serie-110-cabezal-de-micrometro-traductor-de-tornillo-diferencial-tipo-de-alimentacion-extrafina","status":"publish","type":"product","link":"https:\/\/abaa.mx\/tienda\/mitutoyo-110-107-serie-110-cabezal-de-micrometro-traductor-de-tornillo-diferencial-tipo-de-alimentacion-extrafina\/","title":{"rendered":"Mitutoyo 110-107 serie 110 cabezal de micr\u00f3metro traductor de tornillo diferencial, tipo de alimentaci\u00f3n extrafina"},"content":{"rendered":"<h4>Mitutoyo 110-107<\/h4>\n<p>Los cabezales micr\u00f3metros traductores de tornillo diferencial de la serie 110 Mitutoyo 107-110 ofrecen movimientos diferenciales de roscas y unidades de husillo para permitir una alimentaci\u00f3n fina del husillo para mediciones de alta resoluci\u00f3n. Su construcci\u00f3n cuenta con una cara de medici\u00f3n plana con punta de carburo con una tuerca de sujeci\u00f3n plana y un husillo no giratorio.<\/p>\n<h5><strong>Funciones<\/strong><\/h5>\n<ul>\n<li>Los movimientos diferenciales de las roscas y unidades del husillo permiten una alimentaci\u00f3n fina del husillo para mediciones de alta resoluci\u00f3n<\/li>\n<li>Cara de medici\u00f3n plana con punta de carburo y tuerca de sujeci\u00f3n plana<\/li>\n<li>Equipado con un husillo no giratorio<\/li>\n<li>Cuenta con graduaciones de 0,001 mm<\/li>\n<\/ul>\n<h4>Especificaciones<\/h4>\n<table class=\"table table-striped\">\n<tbody>\n<tr>\n<td>Exactitud<\/td>\n<td>\u00b13\/1,5 \u03bcm<\/td>\n<\/tr>\n<\/tbody>\n<\/table>\n","protected":false},"excerpt":{"rendered":"<p class=\"short-description mhide ipad-view-setting\">Los cabezales microm\u00e9tricos permiten mediciones de alta resoluci\u00f3n. Su construcci\u00f3n cuenta con una cara de medici\u00f3n plana con punta de carburo con una tuerca de sujeci\u00f3n plana.<\/p>\n<p class=\"comment-tag-product\">\n<div class=\"row-fluid\">\n<div class=\"span12 mobile-pricing-box-padding\">\n<form id=\"152679\" accept-charset=\"utf-8\" action=\"https:\/\/www.globaltestsupply.com\/shop\/add\" method=\"post\" name=\"addTocartFunction\">\n<div><\/div>\n<\/form>\n<\/div>\n<\/div>\n","protected":false},"featured_media":4911,"comment_status":"open","ping_status":"closed","template":"","meta":{"_joinchat":[]},"product_brand":[],"product_cat":[15],"product_tag":[],"class_list":{"0":"post-4896","1":"product","2":"type-product","3":"status-publish","4":"has-post-thumbnail","6":"product_cat-sin-categorizar","8":"first","9":"instock","10":"shipping-taxable","11":"product-type-simple"},"yoast_head":"<!-- This site is optimized with the Yoast SEO plugin v26.4 - https:\/\/yoast.com\/wordpress\/plugins\/seo\/ -->\n<title>Mitutoyo 110-107 serie 110 cabezal de micr\u00f3metro traductor de tornillo diferencial, tipo de alimentaci\u00f3n extrafina - Abaa tienda online<\/title>\n<meta name=\"robots\" content=\"index, follow, max-snippet:-1, max-image-preview:large, max-video-preview:-1\" \/>\n<link rel=\"canonical\" href=\"https:\/\/abaa.mx\/tienda\/mitutoyo-110-107-serie-110-cabezal-de-micrometro-traductor-de-tornillo-diferencial-tipo-de-alimentacion-extrafina\/\" \/>\n<meta property=\"og:locale\" content=\"es_MX\" \/>\n<meta property=\"og:type\" content=\"article\" \/>\n<meta property=\"og:title\" content=\"Mitutoyo 110-107 serie 110 cabezal de micr\u00f3metro traductor de tornillo diferencial, tipo de alimentaci\u00f3n extrafina - Abaa tienda online\" \/>\n<meta property=\"og:description\" content=\"Los cabezales microm\u00e9tricos permiten mediciones de alta resoluci\u00f3n. Su construcci\u00f3n cuenta con una cara de medici\u00f3n plana con punta de carburo con una tuerca de sujeci\u00f3n plana.\" \/>\n<meta property=\"og:url\" content=\"https:\/\/abaa.mx\/tienda\/mitutoyo-110-107-serie-110-cabezal-de-micrometro-traductor-de-tornillo-diferencial-tipo-de-alimentacion-extrafina\/\" \/>\n<meta property=\"og:site_name\" content=\"Abaa tienda online\" \/>\n<meta property=\"og:image\" content=\"https:\/\/abaa.mx\/tienda\/wp-content\/uploads\/2023\/10\/110-107.jpg\" \/>\n\t<meta property=\"og:image:width\" content=\"474\" \/>\n\t<meta property=\"og:image:height\" content=\"474\" \/>\n\t<meta property=\"og:image:type\" content=\"image\/jpeg\" \/>\n<meta name=\"twitter:card\" content=\"summary_large_image\" \/>\n<meta name=\"twitter:label1\" content=\"Tiempo de lectura\" \/>\n\t<meta name=\"twitter:data1\" content=\"1 minuto\" \/>\n<script type=\"application\/ld+json\" class=\"yoast-schema-graph\">{\"@context\":\"https:\/\/schema.org\",\"@graph\":[{\"@type\":\"WebPage\",\"@id\":\"https:\/\/abaa.mx\/tienda\/mitutoyo-110-107-serie-110-cabezal-de-micrometro-traductor-de-tornillo-diferencial-tipo-de-alimentacion-extrafina\/\",\"url\":\"https:\/\/abaa.mx\/tienda\/mitutoyo-110-107-serie-110-cabezal-de-micrometro-traductor-de-tornillo-diferencial-tipo-de-alimentacion-extrafina\/\",\"name\":\"Mitutoyo 110-107 serie 110 cabezal de micr\u00f3metro traductor de tornillo diferencial, tipo de alimentaci\u00f3n extrafina - Abaa tienda online\",\"isPartOf\":{\"@id\":\"https:\/\/abaa.mx\/tienda\/#website\"},\"primaryImageOfPage\":{\"@id\":\"https:\/\/abaa.mx\/tienda\/mitutoyo-110-107-serie-110-cabezal-de-micrometro-traductor-de-tornillo-diferencial-tipo-de-alimentacion-extrafina\/#primaryimage\"},\"image\":{\"@id\":\"https:\/\/abaa.mx\/tienda\/mitutoyo-110-107-serie-110-cabezal-de-micrometro-traductor-de-tornillo-diferencial-tipo-de-alimentacion-extrafina\/#primaryimage\"},\"thumbnailUrl\":\"https:\/\/abaa.mx\/tienda\/wp-content\/uploads\/2023\/10\/110-107.jpg\",\"datePublished\":\"2023-10-05T20:16:15+00:00\",\"breadcrumb\":{\"@id\":\"https:\/\/abaa.mx\/tienda\/mitutoyo-110-107-serie-110-cabezal-de-micrometro-traductor-de-tornillo-diferencial-tipo-de-alimentacion-extrafina\/#breadcrumb\"},\"inLanguage\":\"es\",\"potentialAction\":[{\"@type\":\"ReadAction\",\"target\":[\"https:\/\/abaa.mx\/tienda\/mitutoyo-110-107-serie-110-cabezal-de-micrometro-traductor-de-tornillo-diferencial-tipo-de-alimentacion-extrafina\/\"]}]},{\"@type\":\"ImageObject\",\"inLanguage\":\"es\",\"@id\":\"https:\/\/abaa.mx\/tienda\/mitutoyo-110-107-serie-110-cabezal-de-micrometro-traductor-de-tornillo-diferencial-tipo-de-alimentacion-extrafina\/#primaryimage\",\"url\":\"https:\/\/abaa.mx\/tienda\/wp-content\/uploads\/2023\/10\/110-107.jpg\",\"contentUrl\":\"https:\/\/abaa.mx\/tienda\/wp-content\/uploads\/2023\/10\/110-107.jpg\",\"width\":474,\"height\":474,\"caption\":\"mitutoyo-110-107-serie-110-cabezal-de-micrometro-traductor-de-tornillo-diferencial-tipo-de-alimentacion-extrafina\"},{\"@type\":\"BreadcrumbList\",\"@id\":\"https:\/\/abaa.mx\/tienda\/mitutoyo-110-107-serie-110-cabezal-de-micrometro-traductor-de-tornillo-diferencial-tipo-de-alimentacion-extrafina\/#breadcrumb\",\"itemListElement\":[{\"@type\":\"ListItem\",\"position\":1,\"name\":\"Inicio\",\"item\":\"https:\/\/abaa.mx\/tienda\/\"},{\"@type\":\"ListItem\",\"position\":2,\"name\":\"Tienda\",\"item\":\"https:\/\/abaa.mx\/tienda\/\"},{\"@type\":\"ListItem\",\"position\":3,\"name\":\"Mitutoyo 110-107 serie 110 cabezal de micr\u00f3metro traductor de tornillo diferencial, tipo de alimentaci\u00f3n extrafina\"}]},{\"@type\":\"WebSite\",\"@id\":\"https:\/\/abaa.mx\/tienda\/#website\",\"url\":\"https:\/\/abaa.mx\/tienda\/\",\"name\":\"Abaa tienda online\",\"description\":\"Instrumentos de medici\u00f3n\",\"publisher\":{\"@id\":\"https:\/\/abaa.mx\/tienda\/#organization\"},\"potentialAction\":[{\"@type\":\"SearchAction\",\"target\":{\"@type\":\"EntryPoint\",\"urlTemplate\":\"https:\/\/abaa.mx\/tienda\/?s={search_term_string}\"},\"query-input\":{\"@type\":\"PropertyValueSpecification\",\"valueRequired\":true,\"valueName\":\"search_term_string\"}}],\"inLanguage\":\"es\"},{\"@type\":\"Organization\",\"@id\":\"https:\/\/abaa.mx\/tienda\/#organization\",\"name\":\"Abaa tienda online\",\"url\":\"https:\/\/abaa.mx\/tienda\/\",\"logo\":{\"@type\":\"ImageObject\",\"inLanguage\":\"es\",\"@id\":\"https:\/\/abaa.mx\/tienda\/#\/schema\/logo\/image\/\",\"url\":\"https:\/\/abaa.mx\/tienda\/wp-content\/uploads\/2024\/01\/abaa-metrologia-tienda.png\",\"contentUrl\":\"https:\/\/abaa.mx\/tienda\/wp-content\/uploads\/2024\/01\/abaa-metrologia-tienda.png\",\"width\":300,\"height\":141,\"caption\":\"Abaa tienda online\"},\"image\":{\"@id\":\"https:\/\/abaa.mx\/tienda\/#\/schema\/logo\/image\/\"}}]}<\/script>\n<!-- \/ Yoast SEO plugin. -->","yoast_head_json":{"title":"Mitutoyo 110-107 serie 110 cabezal de micr\u00f3metro traductor de tornillo diferencial, tipo de alimentaci\u00f3n extrafina - Abaa tienda online","robots":{"index":"index","follow":"follow","max-snippet":"max-snippet:-1","max-image-preview":"max-image-preview:large","max-video-preview":"max-video-preview:-1"},"canonical":"https:\/\/abaa.mx\/tienda\/mitutoyo-110-107-serie-110-cabezal-de-micrometro-traductor-de-tornillo-diferencial-tipo-de-alimentacion-extrafina\/","og_locale":"es_MX","og_type":"article","og_title":"Mitutoyo 110-107 serie 110 cabezal de micr\u00f3metro traductor de tornillo diferencial, tipo de alimentaci\u00f3n extrafina - Abaa tienda online","og_description":"Los cabezales microm\u00e9tricos permiten mediciones de alta resoluci\u00f3n. Su construcci\u00f3n cuenta con una cara de medici\u00f3n plana con punta de carburo con una tuerca de sujeci\u00f3n plana.","og_url":"https:\/\/abaa.mx\/tienda\/mitutoyo-110-107-serie-110-cabezal-de-micrometro-traductor-de-tornillo-diferencial-tipo-de-alimentacion-extrafina\/","og_site_name":"Abaa tienda online","og_image":[{"width":474,"height":474,"url":"https:\/\/abaa.mx\/tienda\/wp-content\/uploads\/2023\/10\/110-107.jpg","type":"image\/jpeg"}],"twitter_card":"summary_large_image","twitter_misc":{"Tiempo de lectura":"1 minuto"},"schema":{"@context":"https:\/\/schema.org","@graph":[{"@type":"WebPage","@id":"https:\/\/abaa.mx\/tienda\/mitutoyo-110-107-serie-110-cabezal-de-micrometro-traductor-de-tornillo-diferencial-tipo-de-alimentacion-extrafina\/","url":"https:\/\/abaa.mx\/tienda\/mitutoyo-110-107-serie-110-cabezal-de-micrometro-traductor-de-tornillo-diferencial-tipo-de-alimentacion-extrafina\/","name":"Mitutoyo 110-107 serie 110 cabezal de micr\u00f3metro traductor de tornillo diferencial, tipo de alimentaci\u00f3n extrafina - Abaa tienda online","isPartOf":{"@id":"https:\/\/abaa.mx\/tienda\/#website"},"primaryImageOfPage":{"@id":"https:\/\/abaa.mx\/tienda\/mitutoyo-110-107-serie-110-cabezal-de-micrometro-traductor-de-tornillo-diferencial-tipo-de-alimentacion-extrafina\/#primaryimage"},"image":{"@id":"https:\/\/abaa.mx\/tienda\/mitutoyo-110-107-serie-110-cabezal-de-micrometro-traductor-de-tornillo-diferencial-tipo-de-alimentacion-extrafina\/#primaryimage"},"thumbnailUrl":"https:\/\/abaa.mx\/tienda\/wp-content\/uploads\/2023\/10\/110-107.jpg","datePublished":"2023-10-05T20:16:15+00:00","breadcrumb":{"@id":"https:\/\/abaa.mx\/tienda\/mitutoyo-110-107-serie-110-cabezal-de-micrometro-traductor-de-tornillo-diferencial-tipo-de-alimentacion-extrafina\/#breadcrumb"},"inLanguage":"es","potentialAction":[{"@type":"ReadAction","target":["https:\/\/abaa.mx\/tienda\/mitutoyo-110-107-serie-110-cabezal-de-micrometro-traductor-de-tornillo-diferencial-tipo-de-alimentacion-extrafina\/"]}]},{"@type":"ImageObject","inLanguage":"es","@id":"https:\/\/abaa.mx\/tienda\/mitutoyo-110-107-serie-110-cabezal-de-micrometro-traductor-de-tornillo-diferencial-tipo-de-alimentacion-extrafina\/#primaryimage","url":"https:\/\/abaa.mx\/tienda\/wp-content\/uploads\/2023\/10\/110-107.jpg","contentUrl":"https:\/\/abaa.mx\/tienda\/wp-content\/uploads\/2023\/10\/110-107.jpg","width":474,"height":474,"caption":"mitutoyo-110-107-serie-110-cabezal-de-micrometro-traductor-de-tornillo-diferencial-tipo-de-alimentacion-extrafina"},{"@type":"BreadcrumbList","@id":"https:\/\/abaa.mx\/tienda\/mitutoyo-110-107-serie-110-cabezal-de-micrometro-traductor-de-tornillo-diferencial-tipo-de-alimentacion-extrafina\/#breadcrumb","itemListElement":[{"@type":"ListItem","position":1,"name":"Inicio","item":"https:\/\/abaa.mx\/tienda\/"},{"@type":"ListItem","position":2,"name":"Tienda","item":"https:\/\/abaa.mx\/tienda\/"},{"@type":"ListItem","position":3,"name":"Mitutoyo 110-107 serie 110 cabezal de micr\u00f3metro traductor de tornillo diferencial, tipo de alimentaci\u00f3n extrafina"}]},{"@type":"WebSite","@id":"https:\/\/abaa.mx\/tienda\/#website","url":"https:\/\/abaa.mx\/tienda\/","name":"Abaa tienda online","description":"Instrumentos de medici\u00f3n","publisher":{"@id":"https:\/\/abaa.mx\/tienda\/#organization"},"potentialAction":[{"@type":"SearchAction","target":{"@type":"EntryPoint","urlTemplate":"https:\/\/abaa.mx\/tienda\/?s={search_term_string}"},"query-input":{"@type":"PropertyValueSpecification","valueRequired":true,"valueName":"search_term_string"}}],"inLanguage":"es"},{"@type":"Organization","@id":"https:\/\/abaa.mx\/tienda\/#organization","name":"Abaa tienda online","url":"https:\/\/abaa.mx\/tienda\/","logo":{"@type":"ImageObject","inLanguage":"es","@id":"https:\/\/abaa.mx\/tienda\/#\/schema\/logo\/image\/","url":"https:\/\/abaa.mx\/tienda\/wp-content\/uploads\/2024\/01\/abaa-metrologia-tienda.png","contentUrl":"https:\/\/abaa.mx\/tienda\/wp-content\/uploads\/2024\/01\/abaa-metrologia-tienda.png","width":300,"height":141,"caption":"Abaa tienda online"},"image":{"@id":"https:\/\/abaa.mx\/tienda\/#\/schema\/logo\/image\/"}}]}},"_links":{"self":[{"href":"https:\/\/abaa.mx\/tienda\/wp-json\/wp\/v2\/product\/4896","targetHints":{"allow":["GET"]}}],"collection":[{"href":"https:\/\/abaa.mx\/tienda\/wp-json\/wp\/v2\/product"}],"about":[{"href":"https:\/\/abaa.mx\/tienda\/wp-json\/wp\/v2\/types\/product"}],"replies":[{"embeddable":true,"href":"https:\/\/abaa.mx\/tienda\/wp-json\/wp\/v2\/comments?post=4896"}],"wp:featuredmedia":[{"embeddable":true,"href":"https:\/\/abaa.mx\/tienda\/wp-json\/wp\/v2\/media\/4911"}],"wp:attachment":[{"href":"https:\/\/abaa.mx\/tienda\/wp-json\/wp\/v2\/media?parent=4896"}],"wp:term":[{"taxonomy":"product_brand","embeddable":true,"href":"https:\/\/abaa.mx\/tienda\/wp-json\/wp\/v2\/product_brand?post=4896"},{"taxonomy":"product_cat","embeddable":true,"href":"https:\/\/abaa.mx\/tienda\/wp-json\/wp\/v2\/product_cat?post=4896"},{"taxonomy":"product_tag","embeddable":true,"href":"https:\/\/abaa.mx\/tienda\/wp-json\/wp\/v2\/product_tag?post=4896"}],"curies":[{"name":"wp","href":"https:\/\/api.w.org\/{rel}","templated":true}]}}