{"id":4888,"date":"2023-10-05T19:54:31","date_gmt":"2023-10-05T19:54:31","guid":{"rendered":"https:\/\/abaa.mx\/tienda\/?post_type=product&#038;p=4888"},"modified":"2023-10-05T19:54:32","modified_gmt":"2023-10-05T19:54:32","slug":"mitutoyo-295-215-serie-295-micrometro-mecanico-con-cara-esferica-0-a-25-mm-metrico","status":"publish","type":"product","link":"https:\/\/abaa.mx\/tienda\/mitutoyo-295-215-serie-295-micrometro-mecanico-con-cara-esferica-0-a-25-mm-metrico\/","title":{"rendered":"mitutoyo 295-215 serie 295 micr\u00f3metro mec\u00e1nico con cara esf\u00e9rica, 0 a 25 mm, m\u00e9trico"},"content":{"rendered":"<h4>Mitutoyo 295-215<\/h4>\n<p>&nbsp;<\/p>\n<p>Determine los espesores exactos de los tubos y mucho m\u00e1s con el micr\u00f3metro mec\u00e1nico Mitutoyo 295-215 Series 295 con cara esf\u00e9rica. Este pr\u00e1ctico dispositivo ofrece un funcionamiento de parada de trinquete, por lo que puede aplicar una fuerza constante mientras mide. Adem\u00e1s, su contador de d\u00edgitos facilita el registro preciso de sus datos. Simplemente s\u00e1quelo de su estuche de pl\u00e1stico ajustado para comenzar. Yunque esf\u00e9rico y husillo esf\u00e9rico. Tipo cil\u00edndrico.<\/p>\n<p><strong>Funciones<\/strong><\/p>\n<ul>\n<li>Mide valores precisos de espesor de tubos y m\u00e1s<\/li>\n<li>El tope de trinquete aplica una fuerza constante durante la medici\u00f3n<\/li>\n<li>El contador de d\u00edgitos simplifica la recopilaci\u00f3n de datos<\/li>\n<li>La carcasa de pl\u00e1stico que lo acompa\u00f1a protege el micr\u00f3metro para prolongar su vida \u00fatil<\/li>\n<li>Tipo D con una construcci\u00f3n cil\u00edndrica de 0,4&#8243; (10 mm)<\/li>\n<li>Yunque esf\u00e9rico y husillo esf\u00e9rico<\/li>\n<\/ul>\n<h4>Mitutoyo 295-215 Especificaciones<\/h4>\n<p>&nbsp;<\/p>\n<table class=\"table table-striped\">\n<tbody>\n<tr>\n<td>Unidad(es) de medida admitida(s)<\/td>\n<td>M\u00e9trico<\/td>\n<\/tr>\n<tr>\n<td>Rango de medici\u00f3n<\/td>\n<td>De 0 a 25 mm<\/td>\n<\/tr>\n<tr>\n<td>Exactitud<\/td>\n<td>\u00b13 \u03bcm<\/td>\n<\/tr>\n<tr>\n<td>Resoluci\u00f3n<\/td>\n<td>Planitud de 0,000024&#8243; (0,6 \u03bcm)<\/td>\n<\/tr>\n<tr>\n<td>Peso del producto<\/td>\n<td>7 g (8,220 onzas)<\/td>\n<\/tr>\n<\/tbody>\n<\/table>\n","protected":false},"excerpt":{"rendered":"<p class=\"short-description mhide ipad-view-setting\">El micr\u00f3metro de cara esf\u00e9rica calcula valores de espesor precisos. Viene con una funda de pl\u00e1stico ajustada.<\/p>\n<p class=\"comment-tag-product\">\n<div class=\"row-fluid\">\n<div class=\"span12 mobile-pricing-box-padding\">\n<form id=\"140787\" accept-charset=\"utf-8\" action=\"https:\/\/www.globaltestsupply.com\/shop\/add\" method=\"post\" name=\"addTocartFunction\">\n<div><\/div>\n<\/form>\n<\/div>\n<\/div>\n","protected":false},"featured_media":4890,"comment_status":"open","ping_status":"closed","template":"","meta":{"_joinchat":[]},"product_brand":[],"product_cat":[15],"product_tag":[],"class_list":{"0":"post-4888","1":"product","2":"type-product","3":"status-publish","4":"has-post-thumbnail","6":"product_cat-sin-categorizar","8":"first","9":"instock","10":"shipping-taxable","11":"product-type-simple"},"yoast_head":"<!-- This site is optimized with the Yoast SEO plugin v26.4 - https:\/\/yoast.com\/wordpress\/plugins\/seo\/ -->\n<title>mitutoyo 295-215 serie 295 micr\u00f3metro mec\u00e1nico con cara esf\u00e9rica, 0 a 25 mm, m\u00e9trico - Abaa tienda online<\/title>\n<meta name=\"robots\" content=\"index, follow, max-snippet:-1, max-image-preview:large, max-video-preview:-1\" \/>\n<link rel=\"canonical\" href=\"https:\/\/abaa.mx\/tienda\/mitutoyo-295-215-serie-295-micrometro-mecanico-con-cara-esferica-0-a-25-mm-metrico\/\" \/>\n<meta property=\"og:locale\" content=\"es_MX\" \/>\n<meta property=\"og:type\" content=\"article\" \/>\n<meta property=\"og:title\" content=\"mitutoyo 295-215 serie 295 micr\u00f3metro mec\u00e1nico con cara esf\u00e9rica, 0 a 25 mm, m\u00e9trico - Abaa tienda online\" \/>\n<meta property=\"og:description\" content=\"El micr\u00f3metro de cara esf\u00e9rica calcula valores de espesor precisos. Viene con una funda de pl\u00e1stico ajustada.\" \/>\n<meta property=\"og:url\" content=\"https:\/\/abaa.mx\/tienda\/mitutoyo-295-215-serie-295-micrometro-mecanico-con-cara-esferica-0-a-25-mm-metrico\/\" \/>\n<meta property=\"og:site_name\" content=\"Abaa tienda online\" \/>\n<meta property=\"article:modified_time\" content=\"2023-10-05T19:54:32+00:00\" \/>\n<meta property=\"og:image\" content=\"https:\/\/abaa.mx\/tienda\/wp-content\/uploads\/2023\/10\/295-215.jpg\" \/>\n\t<meta property=\"og:image:width\" content=\"800\" \/>\n\t<meta property=\"og:image:height\" content=\"800\" \/>\n\t<meta property=\"og:image:type\" content=\"image\/jpeg\" \/>\n<meta name=\"twitter:card\" content=\"summary_large_image\" \/>\n<meta name=\"twitter:label1\" content=\"Tiempo de lectura\" \/>\n\t<meta name=\"twitter:data1\" content=\"1 minuto\" \/>\n<script type=\"application\/ld+json\" class=\"yoast-schema-graph\">{\"@context\":\"https:\/\/schema.org\",\"@graph\":[{\"@type\":\"WebPage\",\"@id\":\"https:\/\/abaa.mx\/tienda\/mitutoyo-295-215-serie-295-micrometro-mecanico-con-cara-esferica-0-a-25-mm-metrico\/\",\"url\":\"https:\/\/abaa.mx\/tienda\/mitutoyo-295-215-serie-295-micrometro-mecanico-con-cara-esferica-0-a-25-mm-metrico\/\",\"name\":\"mitutoyo 295-215 serie 295 micr\u00f3metro mec\u00e1nico con cara esf\u00e9rica, 0 a 25 mm, m\u00e9trico - Abaa tienda online\",\"isPartOf\":{\"@id\":\"https:\/\/abaa.mx\/tienda\/#website\"},\"primaryImageOfPage\":{\"@id\":\"https:\/\/abaa.mx\/tienda\/mitutoyo-295-215-serie-295-micrometro-mecanico-con-cara-esferica-0-a-25-mm-metrico\/#primaryimage\"},\"image\":{\"@id\":\"https:\/\/abaa.mx\/tienda\/mitutoyo-295-215-serie-295-micrometro-mecanico-con-cara-esferica-0-a-25-mm-metrico\/#primaryimage\"},\"thumbnailUrl\":\"https:\/\/abaa.mx\/tienda\/wp-content\/uploads\/2023\/10\/295-215.jpg\",\"datePublished\":\"2023-10-05T19:54:31+00:00\",\"dateModified\":\"2023-10-05T19:54:32+00:00\",\"breadcrumb\":{\"@id\":\"https:\/\/abaa.mx\/tienda\/mitutoyo-295-215-serie-295-micrometro-mecanico-con-cara-esferica-0-a-25-mm-metrico\/#breadcrumb\"},\"inLanguage\":\"es\",\"potentialAction\":[{\"@type\":\"ReadAction\",\"target\":[\"https:\/\/abaa.mx\/tienda\/mitutoyo-295-215-serie-295-micrometro-mecanico-con-cara-esferica-0-a-25-mm-metrico\/\"]}]},{\"@type\":\"ImageObject\",\"inLanguage\":\"es\",\"@id\":\"https:\/\/abaa.mx\/tienda\/mitutoyo-295-215-serie-295-micrometro-mecanico-con-cara-esferica-0-a-25-mm-metrico\/#primaryimage\",\"url\":\"https:\/\/abaa.mx\/tienda\/wp-content\/uploads\/2023\/10\/295-215.jpg\",\"contentUrl\":\"https:\/\/abaa.mx\/tienda\/wp-content\/uploads\/2023\/10\/295-215.jpg\",\"width\":800,\"height\":800,\"caption\":\"295-215\"},{\"@type\":\"BreadcrumbList\",\"@id\":\"https:\/\/abaa.mx\/tienda\/mitutoyo-295-215-serie-295-micrometro-mecanico-con-cara-esferica-0-a-25-mm-metrico\/#breadcrumb\",\"itemListElement\":[{\"@type\":\"ListItem\",\"position\":1,\"name\":\"Inicio\",\"item\":\"https:\/\/abaa.mx\/tienda\/\"},{\"@type\":\"ListItem\",\"position\":2,\"name\":\"Tienda\",\"item\":\"https:\/\/abaa.mx\/tienda\/\"},{\"@type\":\"ListItem\",\"position\":3,\"name\":\"mitutoyo 295-215 serie 295 micr\u00f3metro mec\u00e1nico con cara esf\u00e9rica, 0 a 25 mm, m\u00e9trico\"}]},{\"@type\":\"WebSite\",\"@id\":\"https:\/\/abaa.mx\/tienda\/#website\",\"url\":\"https:\/\/abaa.mx\/tienda\/\",\"name\":\"Abaa tienda online\",\"description\":\"Instrumentos de medici\u00f3n\",\"publisher\":{\"@id\":\"https:\/\/abaa.mx\/tienda\/#organization\"},\"potentialAction\":[{\"@type\":\"SearchAction\",\"target\":{\"@type\":\"EntryPoint\",\"urlTemplate\":\"https:\/\/abaa.mx\/tienda\/?s={search_term_string}\"},\"query-input\":{\"@type\":\"PropertyValueSpecification\",\"valueRequired\":true,\"valueName\":\"search_term_string\"}}],\"inLanguage\":\"es\"},{\"@type\":\"Organization\",\"@id\":\"https:\/\/abaa.mx\/tienda\/#organization\",\"name\":\"Abaa tienda online\",\"url\":\"https:\/\/abaa.mx\/tienda\/\",\"logo\":{\"@type\":\"ImageObject\",\"inLanguage\":\"es\",\"@id\":\"https:\/\/abaa.mx\/tienda\/#\/schema\/logo\/image\/\",\"url\":\"https:\/\/abaa.mx\/tienda\/wp-content\/uploads\/2024\/01\/abaa-metrologia-tienda.png\",\"contentUrl\":\"https:\/\/abaa.mx\/tienda\/wp-content\/uploads\/2024\/01\/abaa-metrologia-tienda.png\",\"width\":300,\"height\":141,\"caption\":\"Abaa tienda online\"},\"image\":{\"@id\":\"https:\/\/abaa.mx\/tienda\/#\/schema\/logo\/image\/\"}}]}<\/script>\n<!-- \/ Yoast SEO plugin. -->","yoast_head_json":{"title":"mitutoyo 295-215 serie 295 micr\u00f3metro mec\u00e1nico con cara esf\u00e9rica, 0 a 25 mm, m\u00e9trico - Abaa tienda online","robots":{"index":"index","follow":"follow","max-snippet":"max-snippet:-1","max-image-preview":"max-image-preview:large","max-video-preview":"max-video-preview:-1"},"canonical":"https:\/\/abaa.mx\/tienda\/mitutoyo-295-215-serie-295-micrometro-mecanico-con-cara-esferica-0-a-25-mm-metrico\/","og_locale":"es_MX","og_type":"article","og_title":"mitutoyo 295-215 serie 295 micr\u00f3metro mec\u00e1nico con cara esf\u00e9rica, 0 a 25 mm, m\u00e9trico - Abaa tienda online","og_description":"El micr\u00f3metro de cara esf\u00e9rica calcula valores de espesor precisos. Viene con una funda de pl\u00e1stico ajustada.","og_url":"https:\/\/abaa.mx\/tienda\/mitutoyo-295-215-serie-295-micrometro-mecanico-con-cara-esferica-0-a-25-mm-metrico\/","og_site_name":"Abaa tienda online","article_modified_time":"2023-10-05T19:54:32+00:00","og_image":[{"width":800,"height":800,"url":"https:\/\/abaa.mx\/tienda\/wp-content\/uploads\/2023\/10\/295-215.jpg","type":"image\/jpeg"}],"twitter_card":"summary_large_image","twitter_misc":{"Tiempo de lectura":"1 minuto"},"schema":{"@context":"https:\/\/schema.org","@graph":[{"@type":"WebPage","@id":"https:\/\/abaa.mx\/tienda\/mitutoyo-295-215-serie-295-micrometro-mecanico-con-cara-esferica-0-a-25-mm-metrico\/","url":"https:\/\/abaa.mx\/tienda\/mitutoyo-295-215-serie-295-micrometro-mecanico-con-cara-esferica-0-a-25-mm-metrico\/","name":"mitutoyo 295-215 serie 295 micr\u00f3metro mec\u00e1nico con cara esf\u00e9rica, 0 a 25 mm, m\u00e9trico - Abaa tienda online","isPartOf":{"@id":"https:\/\/abaa.mx\/tienda\/#website"},"primaryImageOfPage":{"@id":"https:\/\/abaa.mx\/tienda\/mitutoyo-295-215-serie-295-micrometro-mecanico-con-cara-esferica-0-a-25-mm-metrico\/#primaryimage"},"image":{"@id":"https:\/\/abaa.mx\/tienda\/mitutoyo-295-215-serie-295-micrometro-mecanico-con-cara-esferica-0-a-25-mm-metrico\/#primaryimage"},"thumbnailUrl":"https:\/\/abaa.mx\/tienda\/wp-content\/uploads\/2023\/10\/295-215.jpg","datePublished":"2023-10-05T19:54:31+00:00","dateModified":"2023-10-05T19:54:32+00:00","breadcrumb":{"@id":"https:\/\/abaa.mx\/tienda\/mitutoyo-295-215-serie-295-micrometro-mecanico-con-cara-esferica-0-a-25-mm-metrico\/#breadcrumb"},"inLanguage":"es","potentialAction":[{"@type":"ReadAction","target":["https:\/\/abaa.mx\/tienda\/mitutoyo-295-215-serie-295-micrometro-mecanico-con-cara-esferica-0-a-25-mm-metrico\/"]}]},{"@type":"ImageObject","inLanguage":"es","@id":"https:\/\/abaa.mx\/tienda\/mitutoyo-295-215-serie-295-micrometro-mecanico-con-cara-esferica-0-a-25-mm-metrico\/#primaryimage","url":"https:\/\/abaa.mx\/tienda\/wp-content\/uploads\/2023\/10\/295-215.jpg","contentUrl":"https:\/\/abaa.mx\/tienda\/wp-content\/uploads\/2023\/10\/295-215.jpg","width":800,"height":800,"caption":"295-215"},{"@type":"BreadcrumbList","@id":"https:\/\/abaa.mx\/tienda\/mitutoyo-295-215-serie-295-micrometro-mecanico-con-cara-esferica-0-a-25-mm-metrico\/#breadcrumb","itemListElement":[{"@type":"ListItem","position":1,"name":"Inicio","item":"https:\/\/abaa.mx\/tienda\/"},{"@type":"ListItem","position":2,"name":"Tienda","item":"https:\/\/abaa.mx\/tienda\/"},{"@type":"ListItem","position":3,"name":"mitutoyo 295-215 serie 295 micr\u00f3metro mec\u00e1nico con cara esf\u00e9rica, 0 a 25 mm, m\u00e9trico"}]},{"@type":"WebSite","@id":"https:\/\/abaa.mx\/tienda\/#website","url":"https:\/\/abaa.mx\/tienda\/","name":"Abaa tienda online","description":"Instrumentos de medici\u00f3n","publisher":{"@id":"https:\/\/abaa.mx\/tienda\/#organization"},"potentialAction":[{"@type":"SearchAction","target":{"@type":"EntryPoint","urlTemplate":"https:\/\/abaa.mx\/tienda\/?s={search_term_string}"},"query-input":{"@type":"PropertyValueSpecification","valueRequired":true,"valueName":"search_term_string"}}],"inLanguage":"es"},{"@type":"Organization","@id":"https:\/\/abaa.mx\/tienda\/#organization","name":"Abaa tienda online","url":"https:\/\/abaa.mx\/tienda\/","logo":{"@type":"ImageObject","inLanguage":"es","@id":"https:\/\/abaa.mx\/tienda\/#\/schema\/logo\/image\/","url":"https:\/\/abaa.mx\/tienda\/wp-content\/uploads\/2024\/01\/abaa-metrologia-tienda.png","contentUrl":"https:\/\/abaa.mx\/tienda\/wp-content\/uploads\/2024\/01\/abaa-metrologia-tienda.png","width":300,"height":141,"caption":"Abaa tienda online"},"image":{"@id":"https:\/\/abaa.mx\/tienda\/#\/schema\/logo\/image\/"}}]}},"_links":{"self":[{"href":"https:\/\/abaa.mx\/tienda\/wp-json\/wp\/v2\/product\/4888","targetHints":{"allow":["GET"]}}],"collection":[{"href":"https:\/\/abaa.mx\/tienda\/wp-json\/wp\/v2\/product"}],"about":[{"href":"https:\/\/abaa.mx\/tienda\/wp-json\/wp\/v2\/types\/product"}],"replies":[{"embeddable":true,"href":"https:\/\/abaa.mx\/tienda\/wp-json\/wp\/v2\/comments?post=4888"}],"wp:featuredmedia":[{"embeddable":true,"href":"https:\/\/abaa.mx\/tienda\/wp-json\/wp\/v2\/media\/4890"}],"wp:attachment":[{"href":"https:\/\/abaa.mx\/tienda\/wp-json\/wp\/v2\/media?parent=4888"}],"wp:term":[{"taxonomy":"product_brand","embeddable":true,"href":"https:\/\/abaa.mx\/tienda\/wp-json\/wp\/v2\/product_brand?post=4888"},{"taxonomy":"product_cat","embeddable":true,"href":"https:\/\/abaa.mx\/tienda\/wp-json\/wp\/v2\/product_cat?post=4888"},{"taxonomy":"product_tag","embeddable":true,"href":"https:\/\/abaa.mx\/tienda\/wp-json\/wp\/v2\/product_tag?post=4888"}],"curies":[{"name":"wp","href":"https:\/\/api.w.org\/{rel}","templated":true}]}}