{"id":4856,"date":"2023-10-05T19:33:51","date_gmt":"2023-10-05T19:33:51","guid":{"rendered":"https:\/\/abaa.mx\/tienda\/?post_type=product&#038;p=4856"},"modified":"2023-10-05T19:33:52","modified_gmt":"2023-10-05T19:33:52","slug":"mitutoyo-105-437-collar-de-extension-de-yunque-micrometro-exterior-76-a-80","status":"publish","type":"product","link":"https:\/\/abaa.mx\/tienda\/mitutoyo-105-437-collar-de-extension-de-yunque-micrometro-exterior-76-a-80\/","title":{"rendered":"Mitutoyo 105-437 collar de extensi\u00f3n de yunque micr\u00f3metro exterior, 76 a 80&#8243;"},"content":{"rendered":"<h4>Mitutoyo 105-437<\/h4>\n<p>El collar de extensi\u00f3n de yunque microm\u00e9trico exterior tiene un suministro est\u00e1ndar de ajuste que puede cubrir todo el rango de medici\u00f3n.<\/p>\n<h5><strong>Funciones<\/strong><\/h5>\n<ul>\n<li>La carrera del husillo de 50 mm le ofrece un rango extendido en comparaci\u00f3n con los tipos de husillo est\u00e1ndar<\/li>\n<\/ul>\n<h4>Especificaciones<\/h4>\n<table class=\"table table-striped\">\n<tbody>\n<tr>\n<td>Gama<\/td>\n<td>De 76 a 80&#8243;<\/td>\n<\/tr>\n<tr>\n<td>Llanura<\/td>\n<td>0.000052&#8243;<\/td>\n<\/tr>\n<tr>\n<td>Observaciones<\/td>\n<td>Con tope de pieza ajustable 100 mm<\/td>\n<\/tr>\n<tr>\n<td>Collar de extensi\u00f3n<\/td>\n<td>2&#8243;<\/td>\n<\/tr>\n<tr>\n<td>Masa<\/td>\n<td>16,7 kg<\/td>\n<\/tr>\n<tr>\n<td>Graduaci\u00f3n<\/td>\n<td>0.001&#8243;<\/td>\n<\/tr>\n<tr>\n<td>Paralelismo<\/td>\n<td>[0,00008+0,00004(L\/4)]&#8221;, L = rango m\u00e1ximo (pulgadas)<\/td>\n<\/tr>\n<tr>\n<td>Superficies de medici\u00f3n<\/td>\n<td>Punta de carburo, acabado microtraslapado<\/td>\n<\/tr>\n<tr>\n<td>Digital\/Anal\u00f3gico<\/td>\n<td>Anal\u00f3gico<\/td>\n<\/tr>\n<tr>\n<td>Exactitud<\/td>\n<td>\u00b1[0,0003 + 0,00005&#8243;(R\/3)]&#8221;, R = rango m\u00e1ximo (pulgadas)<\/td>\n<\/tr>\n<tr>\n<td>Escama<\/td>\n<td>Dedal y manguito acabado cromo satinado, \u00f821 mm<\/td>\n<\/tr>\n<tr>\n<td>Husillo de medici\u00f3n<\/td>\n<td>Con bloqueo del husillo, \u00f88 mm, paso del husillo 0,635 mm<\/td>\n<\/tr>\n<\/tbody>\n<\/table>\n","protected":false},"excerpt":{"rendered":"<p class=\"short-description mhide ipad-view-setting\">El collar de extensi\u00f3n de yunque de micr\u00f3metro exterior ampl\u00eda a\u00fan m\u00e1s el rango de medici\u00f3n y es ideal para micr\u00f3metros grandes con una construcci\u00f3n de tubo ligero estable y resistente, y tiene de 76 a 80&#8243;.<\/p>\n","protected":false},"featured_media":4870,"comment_status":"open","ping_status":"closed","template":"","meta":{"_joinchat":[]},"product_brand":[],"product_cat":[15],"product_tag":[],"class_list":{"0":"post-4856","1":"product","2":"type-product","3":"status-publish","4":"has-post-thumbnail","6":"product_cat-sin-categorizar","8":"first","9":"instock","10":"shipping-taxable","11":"product-type-simple"},"yoast_head":"<!-- This site is optimized with the Yoast SEO plugin v26.4 - https:\/\/yoast.com\/wordpress\/plugins\/seo\/ -->\n<title>Mitutoyo 105-437 collar de extensi\u00f3n de yunque micr\u00f3metro exterior, 76 a 80&quot; - Abaa tienda online<\/title>\n<meta name=\"robots\" content=\"index, follow, max-snippet:-1, max-image-preview:large, max-video-preview:-1\" \/>\n<link rel=\"canonical\" href=\"https:\/\/abaa.mx\/tienda\/mitutoyo-105-437-collar-de-extension-de-yunque-micrometro-exterior-76-a-80\/\" \/>\n<meta property=\"og:locale\" content=\"es_MX\" \/>\n<meta property=\"og:type\" content=\"article\" \/>\n<meta property=\"og:title\" content=\"Mitutoyo 105-437 collar de extensi\u00f3n de yunque micr\u00f3metro exterior, 76 a 80&quot; - Abaa tienda online\" \/>\n<meta property=\"og:description\" content=\"El collar de extensi\u00f3n de yunque de micr\u00f3metro exterior ampl\u00eda a\u00fan m\u00e1s el rango de medici\u00f3n y es ideal para micr\u00f3metros grandes con una construcci\u00f3n de tubo ligero estable y resistente, y tiene de 76 a 80&quot;.\" \/>\n<meta property=\"og:url\" content=\"https:\/\/abaa.mx\/tienda\/mitutoyo-105-437-collar-de-extension-de-yunque-micrometro-exterior-76-a-80\/\" \/>\n<meta property=\"og:site_name\" content=\"Abaa tienda online\" \/>\n<meta property=\"article:modified_time\" content=\"2023-10-05T19:33:52+00:00\" \/>\n<meta property=\"og:image\" content=\"https:\/\/abaa.mx\/tienda\/wp-content\/uploads\/2023\/10\/105-437.jpg\" \/>\n\t<meta property=\"og:image:width\" content=\"768\" \/>\n\t<meta property=\"og:image:height\" content=\"768\" \/>\n\t<meta property=\"og:image:type\" content=\"image\/jpeg\" \/>\n<meta name=\"twitter:card\" content=\"summary_large_image\" \/>\n<meta name=\"twitter:label1\" content=\"Tiempo de lectura\" \/>\n\t<meta name=\"twitter:data1\" content=\"1 minuto\" \/>\n<script type=\"application\/ld+json\" class=\"yoast-schema-graph\">{\"@context\":\"https:\/\/schema.org\",\"@graph\":[{\"@type\":\"WebPage\",\"@id\":\"https:\/\/abaa.mx\/tienda\/mitutoyo-105-437-collar-de-extension-de-yunque-micrometro-exterior-76-a-80\/\",\"url\":\"https:\/\/abaa.mx\/tienda\/mitutoyo-105-437-collar-de-extension-de-yunque-micrometro-exterior-76-a-80\/\",\"name\":\"Mitutoyo 105-437 collar de extensi\u00f3n de yunque micr\u00f3metro exterior, 76 a 80\\\" - Abaa tienda online\",\"isPartOf\":{\"@id\":\"https:\/\/abaa.mx\/tienda\/#website\"},\"primaryImageOfPage\":{\"@id\":\"https:\/\/abaa.mx\/tienda\/mitutoyo-105-437-collar-de-extension-de-yunque-micrometro-exterior-76-a-80\/#primaryimage\"},\"image\":{\"@id\":\"https:\/\/abaa.mx\/tienda\/mitutoyo-105-437-collar-de-extension-de-yunque-micrometro-exterior-76-a-80\/#primaryimage\"},\"thumbnailUrl\":\"https:\/\/abaa.mx\/tienda\/wp-content\/uploads\/2023\/10\/105-437.jpg\",\"datePublished\":\"2023-10-05T19:33:51+00:00\",\"dateModified\":\"2023-10-05T19:33:52+00:00\",\"breadcrumb\":{\"@id\":\"https:\/\/abaa.mx\/tienda\/mitutoyo-105-437-collar-de-extension-de-yunque-micrometro-exterior-76-a-80\/#breadcrumb\"},\"inLanguage\":\"es\",\"potentialAction\":[{\"@type\":\"ReadAction\",\"target\":[\"https:\/\/abaa.mx\/tienda\/mitutoyo-105-437-collar-de-extension-de-yunque-micrometro-exterior-76-a-80\/\"]}]},{\"@type\":\"ImageObject\",\"inLanguage\":\"es\",\"@id\":\"https:\/\/abaa.mx\/tienda\/mitutoyo-105-437-collar-de-extension-de-yunque-micrometro-exterior-76-a-80\/#primaryimage\",\"url\":\"https:\/\/abaa.mx\/tienda\/wp-content\/uploads\/2023\/10\/105-437.jpg\",\"contentUrl\":\"https:\/\/abaa.mx\/tienda\/wp-content\/uploads\/2023\/10\/105-437.jpg\",\"width\":768,\"height\":768,\"caption\":\"mitutoyo-105-437-collar-de-extension-de-yunque-micrometro-exterior-76-a-80\"},{\"@type\":\"BreadcrumbList\",\"@id\":\"https:\/\/abaa.mx\/tienda\/mitutoyo-105-437-collar-de-extension-de-yunque-micrometro-exterior-76-a-80\/#breadcrumb\",\"itemListElement\":[{\"@type\":\"ListItem\",\"position\":1,\"name\":\"Inicio\",\"item\":\"https:\/\/abaa.mx\/tienda\/\"},{\"@type\":\"ListItem\",\"position\":2,\"name\":\"Tienda\",\"item\":\"https:\/\/abaa.mx\/tienda\/\"},{\"@type\":\"ListItem\",\"position\":3,\"name\":\"Mitutoyo 105-437 collar de extensi\u00f3n de yunque micr\u00f3metro exterior, 76 a 80&#8243;\"}]},{\"@type\":\"WebSite\",\"@id\":\"https:\/\/abaa.mx\/tienda\/#website\",\"url\":\"https:\/\/abaa.mx\/tienda\/\",\"name\":\"Abaa tienda online\",\"description\":\"Instrumentos de medici\u00f3n\",\"publisher\":{\"@id\":\"https:\/\/abaa.mx\/tienda\/#organization\"},\"potentialAction\":[{\"@type\":\"SearchAction\",\"target\":{\"@type\":\"EntryPoint\",\"urlTemplate\":\"https:\/\/abaa.mx\/tienda\/?s={search_term_string}\"},\"query-input\":{\"@type\":\"PropertyValueSpecification\",\"valueRequired\":true,\"valueName\":\"search_term_string\"}}],\"inLanguage\":\"es\"},{\"@type\":\"Organization\",\"@id\":\"https:\/\/abaa.mx\/tienda\/#organization\",\"name\":\"Abaa tienda online\",\"url\":\"https:\/\/abaa.mx\/tienda\/\",\"logo\":{\"@type\":\"ImageObject\",\"inLanguage\":\"es\",\"@id\":\"https:\/\/abaa.mx\/tienda\/#\/schema\/logo\/image\/\",\"url\":\"https:\/\/abaa.mx\/tienda\/wp-content\/uploads\/2024\/01\/abaa-metrologia-tienda.png\",\"contentUrl\":\"https:\/\/abaa.mx\/tienda\/wp-content\/uploads\/2024\/01\/abaa-metrologia-tienda.png\",\"width\":300,\"height\":141,\"caption\":\"Abaa tienda online\"},\"image\":{\"@id\":\"https:\/\/abaa.mx\/tienda\/#\/schema\/logo\/image\/\"}}]}<\/script>\n<!-- \/ Yoast SEO plugin. -->","yoast_head_json":{"title":"Mitutoyo 105-437 collar de extensi\u00f3n de yunque micr\u00f3metro exterior, 76 a 80\" - Abaa tienda online","robots":{"index":"index","follow":"follow","max-snippet":"max-snippet:-1","max-image-preview":"max-image-preview:large","max-video-preview":"max-video-preview:-1"},"canonical":"https:\/\/abaa.mx\/tienda\/mitutoyo-105-437-collar-de-extension-de-yunque-micrometro-exterior-76-a-80\/","og_locale":"es_MX","og_type":"article","og_title":"Mitutoyo 105-437 collar de extensi\u00f3n de yunque micr\u00f3metro exterior, 76 a 80\" - Abaa tienda online","og_description":"El collar de extensi\u00f3n de yunque de micr\u00f3metro exterior ampl\u00eda a\u00fan m\u00e1s el rango de medici\u00f3n y es ideal para micr\u00f3metros grandes con una construcci\u00f3n de tubo ligero estable y resistente, y tiene de 76 a 80\".","og_url":"https:\/\/abaa.mx\/tienda\/mitutoyo-105-437-collar-de-extension-de-yunque-micrometro-exterior-76-a-80\/","og_site_name":"Abaa tienda online","article_modified_time":"2023-10-05T19:33:52+00:00","og_image":[{"width":768,"height":768,"url":"https:\/\/abaa.mx\/tienda\/wp-content\/uploads\/2023\/10\/105-437.jpg","type":"image\/jpeg"}],"twitter_card":"summary_large_image","twitter_misc":{"Tiempo de lectura":"1 minuto"},"schema":{"@context":"https:\/\/schema.org","@graph":[{"@type":"WebPage","@id":"https:\/\/abaa.mx\/tienda\/mitutoyo-105-437-collar-de-extension-de-yunque-micrometro-exterior-76-a-80\/","url":"https:\/\/abaa.mx\/tienda\/mitutoyo-105-437-collar-de-extension-de-yunque-micrometro-exterior-76-a-80\/","name":"Mitutoyo 105-437 collar de extensi\u00f3n de yunque micr\u00f3metro exterior, 76 a 80\" - Abaa tienda online","isPartOf":{"@id":"https:\/\/abaa.mx\/tienda\/#website"},"primaryImageOfPage":{"@id":"https:\/\/abaa.mx\/tienda\/mitutoyo-105-437-collar-de-extension-de-yunque-micrometro-exterior-76-a-80\/#primaryimage"},"image":{"@id":"https:\/\/abaa.mx\/tienda\/mitutoyo-105-437-collar-de-extension-de-yunque-micrometro-exterior-76-a-80\/#primaryimage"},"thumbnailUrl":"https:\/\/abaa.mx\/tienda\/wp-content\/uploads\/2023\/10\/105-437.jpg","datePublished":"2023-10-05T19:33:51+00:00","dateModified":"2023-10-05T19:33:52+00:00","breadcrumb":{"@id":"https:\/\/abaa.mx\/tienda\/mitutoyo-105-437-collar-de-extension-de-yunque-micrometro-exterior-76-a-80\/#breadcrumb"},"inLanguage":"es","potentialAction":[{"@type":"ReadAction","target":["https:\/\/abaa.mx\/tienda\/mitutoyo-105-437-collar-de-extension-de-yunque-micrometro-exterior-76-a-80\/"]}]},{"@type":"ImageObject","inLanguage":"es","@id":"https:\/\/abaa.mx\/tienda\/mitutoyo-105-437-collar-de-extension-de-yunque-micrometro-exterior-76-a-80\/#primaryimage","url":"https:\/\/abaa.mx\/tienda\/wp-content\/uploads\/2023\/10\/105-437.jpg","contentUrl":"https:\/\/abaa.mx\/tienda\/wp-content\/uploads\/2023\/10\/105-437.jpg","width":768,"height":768,"caption":"mitutoyo-105-437-collar-de-extension-de-yunque-micrometro-exterior-76-a-80"},{"@type":"BreadcrumbList","@id":"https:\/\/abaa.mx\/tienda\/mitutoyo-105-437-collar-de-extension-de-yunque-micrometro-exterior-76-a-80\/#breadcrumb","itemListElement":[{"@type":"ListItem","position":1,"name":"Inicio","item":"https:\/\/abaa.mx\/tienda\/"},{"@type":"ListItem","position":2,"name":"Tienda","item":"https:\/\/abaa.mx\/tienda\/"},{"@type":"ListItem","position":3,"name":"Mitutoyo 105-437 collar de extensi\u00f3n de yunque micr\u00f3metro exterior, 76 a 80&#8243;"}]},{"@type":"WebSite","@id":"https:\/\/abaa.mx\/tienda\/#website","url":"https:\/\/abaa.mx\/tienda\/","name":"Abaa tienda online","description":"Instrumentos de medici\u00f3n","publisher":{"@id":"https:\/\/abaa.mx\/tienda\/#organization"},"potentialAction":[{"@type":"SearchAction","target":{"@type":"EntryPoint","urlTemplate":"https:\/\/abaa.mx\/tienda\/?s={search_term_string}"},"query-input":{"@type":"PropertyValueSpecification","valueRequired":true,"valueName":"search_term_string"}}],"inLanguage":"es"},{"@type":"Organization","@id":"https:\/\/abaa.mx\/tienda\/#organization","name":"Abaa tienda online","url":"https:\/\/abaa.mx\/tienda\/","logo":{"@type":"ImageObject","inLanguage":"es","@id":"https:\/\/abaa.mx\/tienda\/#\/schema\/logo\/image\/","url":"https:\/\/abaa.mx\/tienda\/wp-content\/uploads\/2024\/01\/abaa-metrologia-tienda.png","contentUrl":"https:\/\/abaa.mx\/tienda\/wp-content\/uploads\/2024\/01\/abaa-metrologia-tienda.png","width":300,"height":141,"caption":"Abaa tienda online"},"image":{"@id":"https:\/\/abaa.mx\/tienda\/#\/schema\/logo\/image\/"}}]}},"_links":{"self":[{"href":"https:\/\/abaa.mx\/tienda\/wp-json\/wp\/v2\/product\/4856","targetHints":{"allow":["GET"]}}],"collection":[{"href":"https:\/\/abaa.mx\/tienda\/wp-json\/wp\/v2\/product"}],"about":[{"href":"https:\/\/abaa.mx\/tienda\/wp-json\/wp\/v2\/types\/product"}],"replies":[{"embeddable":true,"href":"https:\/\/abaa.mx\/tienda\/wp-json\/wp\/v2\/comments?post=4856"}],"wp:featuredmedia":[{"embeddable":true,"href":"https:\/\/abaa.mx\/tienda\/wp-json\/wp\/v2\/media\/4870"}],"wp:attachment":[{"href":"https:\/\/abaa.mx\/tienda\/wp-json\/wp\/v2\/media?parent=4856"}],"wp:term":[{"taxonomy":"product_brand","embeddable":true,"href":"https:\/\/abaa.mx\/tienda\/wp-json\/wp\/v2\/product_brand?post=4856"},{"taxonomy":"product_cat","embeddable":true,"href":"https:\/\/abaa.mx\/tienda\/wp-json\/wp\/v2\/product_cat?post=4856"},{"taxonomy":"product_tag","embeddable":true,"href":"https:\/\/abaa.mx\/tienda\/wp-json\/wp\/v2\/product_tag?post=4856"}],"curies":[{"name":"wp","href":"https:\/\/api.w.org\/{rel}","templated":true}]}}