{"id":4774,"date":"2023-10-05T16:24:00","date_gmt":"2023-10-05T16:24:00","guid":{"rendered":"https:\/\/abaa.mx\/tienda\/?post_type=product&#038;p=4774"},"modified":"2023-10-05T16:24:00","modified_gmt":"2023-10-05T16:24:00","slug":"mitutoyo-293-677-series-293-ip-54-absolute-micrometro-digimatic-quickmike-1-a-2-2-%c2%b10-0001","status":"publish","type":"product","link":"https:\/\/abaa.mx\/tienda\/mitutoyo-293-677-series-293-ip-54-absolute-micrometro-digimatic-quickmike-1-a-2-2-%c2%b10-0001\/","title":{"rendered":"mitutoyo 293-677 series 293-ip-54 absolute micr\u00f3metro digimatic quickmike, 1 a 2.2&#8243;, \u00b10.0001&#8243;"},"content":{"rendered":"<h4>Mitutoyo 293-677 Ofertas<\/h4>\n<p>&nbsp;<\/p>\n<p>El micr\u00f3metro Digimatic Mitutoyo 293-IP-677 ABSOLUTE de la serie 293-IP-54 proporciona mediciones r\u00e1pidas y precisas de las piezas de trabajo. Cuenta con un dise\u00f1o Quickmike para proporcionar una alimentaci\u00f3n m\u00e1s r\u00e1pida del husillo para una eficiencia \u00f3ptima.<\/p>\n<p><strong>Funciones<\/strong><\/p>\n<ul>\n<li>El dise\u00f1o Quickmike ofrece un avance de husillo mejorado de 0,4&#8243; (10 mm) para un uso eficiente<\/li>\n<li>La amplia apertura permite la medici\u00f3n de piezas de trabajo de varias formas y tama\u00f1os<\/li>\n<li>Dise\u00f1ado con un husillo no giratorio, una escala lineal absoluta y un dedal de fricci\u00f3n de trinquete para satisfacer sus necesidades<\/li>\n<li>La salida de datos SPC permite una mayor conectividad<\/li>\n<li>Cuenta con una barra est\u00e1ndar para establecer el punto de origen<\/li>\n<li>Dise\u00f1ado con una planitud de 0,00012&#8243; (0,3 \u03bcm) y un paralelismo de 0,00008&#8243; (2 \u03bcm)<\/li>\n<li>La pantalla LCD proporciona una f\u00e1cil visualizaci\u00f3n<\/li>\n<li>Cuenta con funciones de configuraci\u00f3n de origen, configuraci\u00f3n de cero, retenci\u00f3n de datos, salida de datos y conversi\u00f3n de pulgadas\/mm<\/li>\n<li>Alarmas sonoras para baja tensi\u00f3n o en caso de error en la composici\u00f3n del valor de recuento<\/li>\n<\/ul>\n<h4>Mitutoyo 293-677 Especificaciones<\/h4>\n<p>&nbsp;<\/p>\n<table class=\"table table-striped\">\n<tbody>\n<tr>\n<td>Rango de medici\u00f3n<\/td>\n<td>De 1 a 2,2&#8243; (de 25,4 a 55,88 mm)<\/td>\n<\/tr>\n<tr>\n<td>N\u00famero de bater\u00edas necesarias<\/td>\n<td>1<\/td>\n<\/tr>\n<tr>\n<td>Exactitud<\/td>\n<td>\u00b10.0001&#8243;<\/td>\n<\/tr>\n<tr>\n<td>Fuente de alimentaci\u00f3n<\/td>\n<td>Alimentado por pilas<\/td>\n<\/tr>\n<tr>\n<td>Duraci\u00f3n de la bater\u00eda<\/td>\n<td>3 a\u00f1os<\/td>\n<\/tr>\n<tr>\n<td>Unidad(es) de medida admitida(s)<\/td>\n<td>M\u00e9trico e Imperial<\/td>\n<\/tr>\n<tr>\n<td>Tipo de bater\u00eda<\/td>\n<td>SR44<\/td>\n<\/tr>\n<tr>\n<td>Aprobaciones<\/td>\n<td>IP54<\/td>\n<\/tr>\n<\/tbody>\n<\/table>\n","protected":false},"excerpt":{"rendered":"<p class=\"short-description mhide ipad-view-setting\">El micr\u00f3metro digimatic Quickmike permite una medici\u00f3n eficiente de varias piezas de trabajo. Est\u00e1 dise\u00f1ado con un husillo no giratorio y un dedal de fricci\u00f3n de trinquete para satisfacer sus necesidades.<\/p>\n<p class=\"comment-tag-product\">\n<div class=\"row-fluid\">\n<div class=\"span12 mobile-pricing-box-padding\">\n<form id=\"152595\" accept-charset=\"utf-8\" action=\"https:\/\/www.globaltestsupply.com\/shop\/add\" method=\"post\" name=\"addTocartFunction\">\n<div><\/div>\n<\/form>\n<\/div>\n<\/div>\n","protected":false},"featured_media":4778,"comment_status":"open","ping_status":"closed","template":"","meta":{"_joinchat":[]},"product_brand":[],"product_cat":[15],"product_tag":[],"class_list":{"0":"post-4774","1":"product","2":"type-product","3":"status-publish","4":"has-post-thumbnail","6":"product_cat-sin-categorizar","8":"first","9":"instock","10":"shipping-taxable","11":"product-type-simple"},"yoast_head":"<!-- This site is optimized with the Yoast SEO plugin v26.4 - https:\/\/yoast.com\/wordpress\/plugins\/seo\/ -->\n<title>mitutoyo 293-677 series 293-ip-54 absolute micr\u00f3metro digimatic quickmike, 1 a 2.2&quot;, \u00b10.0001&quot; - Abaa tienda online<\/title>\n<meta name=\"robots\" content=\"index, follow, max-snippet:-1, max-image-preview:large, max-video-preview:-1\" \/>\n<link rel=\"canonical\" href=\"https:\/\/abaa.mx\/tienda\/mitutoyo-293-677-series-293-ip-54-absolute-micrometro-digimatic-quickmike-1-a-2-2-\u00b10-0001\/\" \/>\n<meta property=\"og:locale\" content=\"es_MX\" \/>\n<meta property=\"og:type\" content=\"article\" \/>\n<meta property=\"og:title\" content=\"mitutoyo 293-677 series 293-ip-54 absolute micr\u00f3metro digimatic quickmike, 1 a 2.2&quot;, \u00b10.0001&quot; - Abaa tienda online\" \/>\n<meta property=\"og:description\" content=\"El micr\u00f3metro digimatic Quickmike permite una medici\u00f3n eficiente de varias piezas de trabajo. Est\u00e1 dise\u00f1ado con un husillo no giratorio y un dedal de fricci\u00f3n de trinquete para satisfacer sus necesidades.\" \/>\n<meta property=\"og:url\" content=\"https:\/\/abaa.mx\/tienda\/mitutoyo-293-677-series-293-ip-54-absolute-micrometro-digimatic-quickmike-1-a-2-2-\u00b10-0001\/\" \/>\n<meta property=\"og:site_name\" content=\"Abaa tienda online\" \/>\n<meta property=\"og:image\" content=\"https:\/\/abaa.mx\/tienda\/wp-content\/uploads\/2023\/10\/293-677.jpg\" \/>\n\t<meta property=\"og:image:width\" content=\"665\" \/>\n\t<meta property=\"og:image:height\" content=\"665\" \/>\n\t<meta property=\"og:image:type\" content=\"image\/jpeg\" \/>\n<meta name=\"twitter:card\" content=\"summary_large_image\" \/>\n<meta name=\"twitter:label1\" content=\"Tiempo de lectura\" \/>\n\t<meta name=\"twitter:data1\" content=\"2 minutos\" \/>\n<script type=\"application\/ld+json\" class=\"yoast-schema-graph\">{\"@context\":\"https:\/\/schema.org\",\"@graph\":[{\"@type\":\"WebPage\",\"@id\":\"https:\/\/abaa.mx\/tienda\/mitutoyo-293-677-series-293-ip-54-absolute-micrometro-digimatic-quickmike-1-a-2-2-%c2%b10-0001\/\",\"url\":\"https:\/\/abaa.mx\/tienda\/mitutoyo-293-677-series-293-ip-54-absolute-micrometro-digimatic-quickmike-1-a-2-2-%c2%b10-0001\/\",\"name\":\"mitutoyo 293-677 series 293-ip-54 absolute micr\u00f3metro digimatic quickmike, 1 a 2.2\\\", \u00b10.0001\\\" - Abaa tienda online\",\"isPartOf\":{\"@id\":\"https:\/\/abaa.mx\/tienda\/#website\"},\"primaryImageOfPage\":{\"@id\":\"https:\/\/abaa.mx\/tienda\/mitutoyo-293-677-series-293-ip-54-absolute-micrometro-digimatic-quickmike-1-a-2-2-%c2%b10-0001\/#primaryimage\"},\"image\":{\"@id\":\"https:\/\/abaa.mx\/tienda\/mitutoyo-293-677-series-293-ip-54-absolute-micrometro-digimatic-quickmike-1-a-2-2-%c2%b10-0001\/#primaryimage\"},\"thumbnailUrl\":\"https:\/\/abaa.mx\/tienda\/wp-content\/uploads\/2023\/10\/293-677.jpg\",\"datePublished\":\"2023-10-05T16:24:00+00:00\",\"breadcrumb\":{\"@id\":\"https:\/\/abaa.mx\/tienda\/mitutoyo-293-677-series-293-ip-54-absolute-micrometro-digimatic-quickmike-1-a-2-2-%c2%b10-0001\/#breadcrumb\"},\"inLanguage\":\"es\",\"potentialAction\":[{\"@type\":\"ReadAction\",\"target\":[\"https:\/\/abaa.mx\/tienda\/mitutoyo-293-677-series-293-ip-54-absolute-micrometro-digimatic-quickmike-1-a-2-2-%c2%b10-0001\/\"]}]},{\"@type\":\"ImageObject\",\"inLanguage\":\"es\",\"@id\":\"https:\/\/abaa.mx\/tienda\/mitutoyo-293-677-series-293-ip-54-absolute-micrometro-digimatic-quickmike-1-a-2-2-%c2%b10-0001\/#primaryimage\",\"url\":\"https:\/\/abaa.mx\/tienda\/wp-content\/uploads\/2023\/10\/293-677.jpg\",\"contentUrl\":\"https:\/\/abaa.mx\/tienda\/wp-content\/uploads\/2023\/10\/293-677.jpg\",\"width\":665,\"height\":665,\"caption\":\"293-677\"},{\"@type\":\"BreadcrumbList\",\"@id\":\"https:\/\/abaa.mx\/tienda\/mitutoyo-293-677-series-293-ip-54-absolute-micrometro-digimatic-quickmike-1-a-2-2-%c2%b10-0001\/#breadcrumb\",\"itemListElement\":[{\"@type\":\"ListItem\",\"position\":1,\"name\":\"Inicio\",\"item\":\"https:\/\/abaa.mx\/tienda\/\"},{\"@type\":\"ListItem\",\"position\":2,\"name\":\"Tienda\",\"item\":\"https:\/\/abaa.mx\/tienda\/\"},{\"@type\":\"ListItem\",\"position\":3,\"name\":\"mitutoyo 293-677 series 293-ip-54 absolute micr\u00f3metro digimatic quickmike, 1 a 2.2&#8243;, \u00b10.0001&#8243;\"}]},{\"@type\":\"WebSite\",\"@id\":\"https:\/\/abaa.mx\/tienda\/#website\",\"url\":\"https:\/\/abaa.mx\/tienda\/\",\"name\":\"Abaa tienda online\",\"description\":\"Instrumentos de medici\u00f3n\",\"publisher\":{\"@id\":\"https:\/\/abaa.mx\/tienda\/#organization\"},\"potentialAction\":[{\"@type\":\"SearchAction\",\"target\":{\"@type\":\"EntryPoint\",\"urlTemplate\":\"https:\/\/abaa.mx\/tienda\/?s={search_term_string}\"},\"query-input\":{\"@type\":\"PropertyValueSpecification\",\"valueRequired\":true,\"valueName\":\"search_term_string\"}}],\"inLanguage\":\"es\"},{\"@type\":\"Organization\",\"@id\":\"https:\/\/abaa.mx\/tienda\/#organization\",\"name\":\"Abaa tienda online\",\"url\":\"https:\/\/abaa.mx\/tienda\/\",\"logo\":{\"@type\":\"ImageObject\",\"inLanguage\":\"es\",\"@id\":\"https:\/\/abaa.mx\/tienda\/#\/schema\/logo\/image\/\",\"url\":\"https:\/\/abaa.mx\/tienda\/wp-content\/uploads\/2024\/01\/abaa-metrologia-tienda.png\",\"contentUrl\":\"https:\/\/abaa.mx\/tienda\/wp-content\/uploads\/2024\/01\/abaa-metrologia-tienda.png\",\"width\":300,\"height\":141,\"caption\":\"Abaa tienda online\"},\"image\":{\"@id\":\"https:\/\/abaa.mx\/tienda\/#\/schema\/logo\/image\/\"}}]}<\/script>\n<!-- \/ Yoast SEO plugin. -->","yoast_head_json":{"title":"mitutoyo 293-677 series 293-ip-54 absolute micr\u00f3metro digimatic quickmike, 1 a 2.2\", \u00b10.0001\" - Abaa tienda online","robots":{"index":"index","follow":"follow","max-snippet":"max-snippet:-1","max-image-preview":"max-image-preview:large","max-video-preview":"max-video-preview:-1"},"canonical":"https:\/\/abaa.mx\/tienda\/mitutoyo-293-677-series-293-ip-54-absolute-micrometro-digimatic-quickmike-1-a-2-2-\u00b10-0001\/","og_locale":"es_MX","og_type":"article","og_title":"mitutoyo 293-677 series 293-ip-54 absolute micr\u00f3metro digimatic quickmike, 1 a 2.2\", \u00b10.0001\" - Abaa tienda online","og_description":"El micr\u00f3metro digimatic Quickmike permite una medici\u00f3n eficiente de varias piezas de trabajo. Est\u00e1 dise\u00f1ado con un husillo no giratorio y un dedal de fricci\u00f3n de trinquete para satisfacer sus necesidades.","og_url":"https:\/\/abaa.mx\/tienda\/mitutoyo-293-677-series-293-ip-54-absolute-micrometro-digimatic-quickmike-1-a-2-2-\u00b10-0001\/","og_site_name":"Abaa tienda online","og_image":[{"width":665,"height":665,"url":"https:\/\/abaa.mx\/tienda\/wp-content\/uploads\/2023\/10\/293-677.jpg","type":"image\/jpeg"}],"twitter_card":"summary_large_image","twitter_misc":{"Tiempo de lectura":"2 minutos"},"schema":{"@context":"https:\/\/schema.org","@graph":[{"@type":"WebPage","@id":"https:\/\/abaa.mx\/tienda\/mitutoyo-293-677-series-293-ip-54-absolute-micrometro-digimatic-quickmike-1-a-2-2-%c2%b10-0001\/","url":"https:\/\/abaa.mx\/tienda\/mitutoyo-293-677-series-293-ip-54-absolute-micrometro-digimatic-quickmike-1-a-2-2-%c2%b10-0001\/","name":"mitutoyo 293-677 series 293-ip-54 absolute micr\u00f3metro digimatic quickmike, 1 a 2.2\", \u00b10.0001\" - Abaa tienda online","isPartOf":{"@id":"https:\/\/abaa.mx\/tienda\/#website"},"primaryImageOfPage":{"@id":"https:\/\/abaa.mx\/tienda\/mitutoyo-293-677-series-293-ip-54-absolute-micrometro-digimatic-quickmike-1-a-2-2-%c2%b10-0001\/#primaryimage"},"image":{"@id":"https:\/\/abaa.mx\/tienda\/mitutoyo-293-677-series-293-ip-54-absolute-micrometro-digimatic-quickmike-1-a-2-2-%c2%b10-0001\/#primaryimage"},"thumbnailUrl":"https:\/\/abaa.mx\/tienda\/wp-content\/uploads\/2023\/10\/293-677.jpg","datePublished":"2023-10-05T16:24:00+00:00","breadcrumb":{"@id":"https:\/\/abaa.mx\/tienda\/mitutoyo-293-677-series-293-ip-54-absolute-micrometro-digimatic-quickmike-1-a-2-2-%c2%b10-0001\/#breadcrumb"},"inLanguage":"es","potentialAction":[{"@type":"ReadAction","target":["https:\/\/abaa.mx\/tienda\/mitutoyo-293-677-series-293-ip-54-absolute-micrometro-digimatic-quickmike-1-a-2-2-%c2%b10-0001\/"]}]},{"@type":"ImageObject","inLanguage":"es","@id":"https:\/\/abaa.mx\/tienda\/mitutoyo-293-677-series-293-ip-54-absolute-micrometro-digimatic-quickmike-1-a-2-2-%c2%b10-0001\/#primaryimage","url":"https:\/\/abaa.mx\/tienda\/wp-content\/uploads\/2023\/10\/293-677.jpg","contentUrl":"https:\/\/abaa.mx\/tienda\/wp-content\/uploads\/2023\/10\/293-677.jpg","width":665,"height":665,"caption":"293-677"},{"@type":"BreadcrumbList","@id":"https:\/\/abaa.mx\/tienda\/mitutoyo-293-677-series-293-ip-54-absolute-micrometro-digimatic-quickmike-1-a-2-2-%c2%b10-0001\/#breadcrumb","itemListElement":[{"@type":"ListItem","position":1,"name":"Inicio","item":"https:\/\/abaa.mx\/tienda\/"},{"@type":"ListItem","position":2,"name":"Tienda","item":"https:\/\/abaa.mx\/tienda\/"},{"@type":"ListItem","position":3,"name":"mitutoyo 293-677 series 293-ip-54 absolute micr\u00f3metro digimatic quickmike, 1 a 2.2&#8243;, \u00b10.0001&#8243;"}]},{"@type":"WebSite","@id":"https:\/\/abaa.mx\/tienda\/#website","url":"https:\/\/abaa.mx\/tienda\/","name":"Abaa tienda online","description":"Instrumentos de medici\u00f3n","publisher":{"@id":"https:\/\/abaa.mx\/tienda\/#organization"},"potentialAction":[{"@type":"SearchAction","target":{"@type":"EntryPoint","urlTemplate":"https:\/\/abaa.mx\/tienda\/?s={search_term_string}"},"query-input":{"@type":"PropertyValueSpecification","valueRequired":true,"valueName":"search_term_string"}}],"inLanguage":"es"},{"@type":"Organization","@id":"https:\/\/abaa.mx\/tienda\/#organization","name":"Abaa tienda online","url":"https:\/\/abaa.mx\/tienda\/","logo":{"@type":"ImageObject","inLanguage":"es","@id":"https:\/\/abaa.mx\/tienda\/#\/schema\/logo\/image\/","url":"https:\/\/abaa.mx\/tienda\/wp-content\/uploads\/2024\/01\/abaa-metrologia-tienda.png","contentUrl":"https:\/\/abaa.mx\/tienda\/wp-content\/uploads\/2024\/01\/abaa-metrologia-tienda.png","width":300,"height":141,"caption":"Abaa tienda online"},"image":{"@id":"https:\/\/abaa.mx\/tienda\/#\/schema\/logo\/image\/"}}]}},"_links":{"self":[{"href":"https:\/\/abaa.mx\/tienda\/wp-json\/wp\/v2\/product\/4774","targetHints":{"allow":["GET"]}}],"collection":[{"href":"https:\/\/abaa.mx\/tienda\/wp-json\/wp\/v2\/product"}],"about":[{"href":"https:\/\/abaa.mx\/tienda\/wp-json\/wp\/v2\/types\/product"}],"replies":[{"embeddable":true,"href":"https:\/\/abaa.mx\/tienda\/wp-json\/wp\/v2\/comments?post=4774"}],"wp:featuredmedia":[{"embeddable":true,"href":"https:\/\/abaa.mx\/tienda\/wp-json\/wp\/v2\/media\/4778"}],"wp:attachment":[{"href":"https:\/\/abaa.mx\/tienda\/wp-json\/wp\/v2\/media?parent=4774"}],"wp:term":[{"taxonomy":"product_brand","embeddable":true,"href":"https:\/\/abaa.mx\/tienda\/wp-json\/wp\/v2\/product_brand?post=4774"},{"taxonomy":"product_cat","embeddable":true,"href":"https:\/\/abaa.mx\/tienda\/wp-json\/wp\/v2\/product_cat?post=4774"},{"taxonomy":"product_tag","embeddable":true,"href":"https:\/\/abaa.mx\/tienda\/wp-json\/wp\/v2\/product_tag?post=4774"}],"curies":[{"name":"wp","href":"https:\/\/api.w.org\/{rel}","templated":true}]}}