{"id":4706,"date":"2023-10-05T15:04:45","date_gmt":"2023-10-05T15:04:45","guid":{"rendered":"https:\/\/abaa.mx\/tienda\/?post_type=product&#038;p=4706"},"modified":"2023-10-05T15:04:45","modified_gmt":"2023-10-05T15:04:45","slug":"mitutoyo-104-203-serie-104-micrometro-exterior-con-yunques-intercambiables-de-24-a-30","status":"publish","type":"product","link":"https:\/\/abaa.mx\/tienda\/mitutoyo-104-203-serie-104-micrometro-exterior-con-yunques-intercambiables-de-24-a-30\/","title":{"rendered":"Mitutoyo 104-203 serie 104 micr\u00f3metro exterior con yunques intercambiables, de 24 a 30&#8243;"},"content":{"rendered":"<h5><strong>Funciones<\/strong><\/h5>\n<ul>\n<li>El mecanismo de trinquete proporciona un clic audible para garantizar que la medici\u00f3n se realice con una fuerza constante preestablecida y proporciona una presi\u00f3n uniforme sobre una pieza de trabajo para mediciones precisas y repetibles<\/li>\n<li>Las funciones incluyen Origin Set, Zero\/ABS, Hold, Function Lock, Data Output y conversi\u00f3n de pulgadas\/mm<\/li>\n<li>Alarma: Bajo voltaje, error de composici\u00f3n del valor de conteo<\/li>\n<li>Se incluye una barra de est\u00e1ndares de ajuste a cero para cada rango<\/li>\n<li>La escala est\u00e1 grabada con l\u00e1ser en el dedal para una lectura r\u00e1pida y f\u00e1cil<\/li>\n<li>El revestimiento de carburo en el husillo resiste el desgaste para mantener las superficies m\u00e1s planas con mayor precisi\u00f3n<\/li>\n<li>El speeder siempre est\u00e1 disponible para una rotaci\u00f3n r\u00e1pida del husillo<\/li>\n<\/ul>\n<h5><strong>Aplicaciones<\/strong><\/h5>\n<ul>\n<li>Aeroespacial<\/li>\n<li>Automotor<\/li>\n<li>Defensa<\/li>\n<li>Electr\u00f3nica<\/li>\n<li>Energ\u00eda<\/li>\n<li>Fabricaci\u00f3n general<\/li>\n<li>Pl\u00e1sticos y caucho<\/li>\n<\/ul>\n<h4>Especificaciones<\/h4>\n<table class=\"table table-striped\">\n<tbody>\n<tr>\n<td>Unidades<\/td>\n<td>Pulgada<\/td>\n<\/tr>\n<tr>\n<td>Gama<\/td>\n<td>De 24 a 30&#8243;<\/td>\n<\/tr>\n<tr>\n<td>Exactitud<\/td>\n<td>\u00b10.00015&#8243;<\/td>\n<\/tr>\n<tr>\n<td>Graduaci\u00f3n<\/td>\n<td>0.001&#8243;<\/td>\n<\/tr>\n<tr>\n<td>Paralelismo<\/td>\n<td>0.00038&#8243; o menos<\/td>\n<\/tr>\n<tr>\n<td>Error de avance del husillo<\/td>\n<td>0.00015&#8243; \u03bcm<\/td>\n<\/tr>\n<tr>\n<td>Medici\u00f3n<\/td>\n<td>Cara: Husillo con acabado microtraslapado con punta de carburo y yunque<br \/>\nde acero endurecido Fuerza: 10 a 14<br \/>\nHusillo: Con bloqueo del husillo, \u00d86,35 mm (\u2264300 mm) \u00d88 mm (&gt;300 mm), paso del husillo 0,5 mm<\/td>\n<\/tr>\n<tr>\n<td>Escama<\/td>\n<td>Dedal y manguito acabado cromo satinado, \u00d821 mm<\/td>\n<\/tr>\n<tr>\n<td>Establecimiento de normas<\/td>\n<td>6 (24, 25, 26, 27, 28, 29&#8243;)<\/td>\n<\/tr>\n<tr>\n<td>Yunques intercambiables<\/td>\n<td>6<\/td>\n<\/tr>\n<tr>\n<td>Tecnolog\u00eda<\/td>\n<td>Mec\u00e1nico<\/td>\n<\/tr>\n<tr>\n<td>Peso<\/td>\n<td>21,93 kg (9,95&#8243;)<\/td>\n<\/tr>\n<\/tbody>\n<\/table>\n<div class=\"row-fluid\">\n<div class=\"span12 mobile-pricing-box-padding\">\n<form id=\"140675\" accept-charset=\"utf-8\" action=\"https:\/\/www.globaltestsupply.com\/shop\/add\" method=\"post\" name=\"addTocartFunction\">\n<div><\/div>\n<\/form>\n<\/div>\n<\/div>\n","protected":false},"excerpt":{"rendered":"<p class=\"short-description mhide ipad-view-setting\">Mida con precisi\u00f3n una amplia gama de tama\u00f1os de piezas de trabajo y tipos de materiales con este micr\u00f3metro exterior que cuenta con yunques intercambiables, una funci\u00f3n de tope de trinquete y un rango de 24 a 30&#8243;. Adem\u00e1s, este micr\u00f3metro es ideal para medir piezas met\u00e1licas y no met\u00e1licas mediante el control de la fuerza aplicada por el husillo.<\/p>\n<p class=\"comment-tag-product\">\n<div class=\"row-fluid\">\n<div class=\"span12 mobile-pricing-box-padding\">\n<form id=\"140675\" accept-charset=\"utf-8\" action=\"https:\/\/www.globaltestsupply.com\/shop\/add\" method=\"post\" name=\"addTocartFunction\">\n<div><\/div>\n<\/form>\n<\/div>\n<\/div>\n","protected":false},"featured_media":4712,"comment_status":"open","ping_status":"closed","template":"","meta":{"_joinchat":[]},"product_brand":[],"product_cat":[15],"product_tag":[],"class_list":{"0":"post-4706","1":"product","2":"type-product","3":"status-publish","4":"has-post-thumbnail","6":"product_cat-sin-categorizar","8":"first","9":"instock","10":"shipping-taxable","11":"product-type-simple"},"yoast_head":"<!-- This site is optimized with the Yoast SEO plugin v26.4 - https:\/\/yoast.com\/wordpress\/plugins\/seo\/ -->\n<title>Mitutoyo 104-203 serie 104 micr\u00f3metro exterior con yunques intercambiables, de 24 a 30&quot; - Abaa tienda online<\/title>\n<meta name=\"robots\" content=\"index, follow, max-snippet:-1, max-image-preview:large, max-video-preview:-1\" \/>\n<link rel=\"canonical\" href=\"https:\/\/abaa.mx\/tienda\/mitutoyo-104-203-serie-104-micrometro-exterior-con-yunques-intercambiables-de-24-a-30\/\" \/>\n<meta property=\"og:locale\" content=\"es_MX\" \/>\n<meta property=\"og:type\" content=\"article\" \/>\n<meta property=\"og:title\" content=\"Mitutoyo 104-203 serie 104 micr\u00f3metro exterior con yunques intercambiables, de 24 a 30&quot; - Abaa tienda online\" \/>\n<meta property=\"og:description\" content=\"Mida con precisi\u00f3n una amplia gama de tama\u00f1os de piezas de trabajo y tipos de materiales con este micr\u00f3metro exterior que cuenta con yunques intercambiables, una funci\u00f3n de tope de trinquete y un rango de 24 a 30&quot;. Adem\u00e1s, este micr\u00f3metro es ideal para medir piezas met\u00e1licas y no met\u00e1licas mediante el control de la fuerza aplicada por el husillo.\" \/>\n<meta property=\"og:url\" content=\"https:\/\/abaa.mx\/tienda\/mitutoyo-104-203-serie-104-micrometro-exterior-con-yunques-intercambiables-de-24-a-30\/\" \/>\n<meta property=\"og:site_name\" content=\"Abaa tienda online\" \/>\n<meta property=\"og:image\" content=\"https:\/\/abaa.mx\/tienda\/wp-content\/uploads\/2023\/10\/104-203.jpg\" \/>\n\t<meta property=\"og:image:width\" content=\"1024\" \/>\n\t<meta property=\"og:image:height\" content=\"1024\" \/>\n\t<meta property=\"og:image:type\" content=\"image\/jpeg\" \/>\n<meta name=\"twitter:card\" content=\"summary_large_image\" \/>\n<meta name=\"twitter:label1\" content=\"Tiempo de lectura\" \/>\n\t<meta name=\"twitter:data1\" content=\"1 minuto\" \/>\n<script type=\"application\/ld+json\" class=\"yoast-schema-graph\">{\"@context\":\"https:\/\/schema.org\",\"@graph\":[{\"@type\":\"WebPage\",\"@id\":\"https:\/\/abaa.mx\/tienda\/mitutoyo-104-203-serie-104-micrometro-exterior-con-yunques-intercambiables-de-24-a-30\/\",\"url\":\"https:\/\/abaa.mx\/tienda\/mitutoyo-104-203-serie-104-micrometro-exterior-con-yunques-intercambiables-de-24-a-30\/\",\"name\":\"Mitutoyo 104-203 serie 104 micr\u00f3metro exterior con yunques intercambiables, de 24 a 30\\\" - Abaa tienda online\",\"isPartOf\":{\"@id\":\"https:\/\/abaa.mx\/tienda\/#website\"},\"primaryImageOfPage\":{\"@id\":\"https:\/\/abaa.mx\/tienda\/mitutoyo-104-203-serie-104-micrometro-exterior-con-yunques-intercambiables-de-24-a-30\/#primaryimage\"},\"image\":{\"@id\":\"https:\/\/abaa.mx\/tienda\/mitutoyo-104-203-serie-104-micrometro-exterior-con-yunques-intercambiables-de-24-a-30\/#primaryimage\"},\"thumbnailUrl\":\"https:\/\/abaa.mx\/tienda\/wp-content\/uploads\/2023\/10\/104-203.jpg\",\"datePublished\":\"2023-10-05T15:04:45+00:00\",\"breadcrumb\":{\"@id\":\"https:\/\/abaa.mx\/tienda\/mitutoyo-104-203-serie-104-micrometro-exterior-con-yunques-intercambiables-de-24-a-30\/#breadcrumb\"},\"inLanguage\":\"es\",\"potentialAction\":[{\"@type\":\"ReadAction\",\"target\":[\"https:\/\/abaa.mx\/tienda\/mitutoyo-104-203-serie-104-micrometro-exterior-con-yunques-intercambiables-de-24-a-30\/\"]}]},{\"@type\":\"ImageObject\",\"inLanguage\":\"es\",\"@id\":\"https:\/\/abaa.mx\/tienda\/mitutoyo-104-203-serie-104-micrometro-exterior-con-yunques-intercambiables-de-24-a-30\/#primaryimage\",\"url\":\"https:\/\/abaa.mx\/tienda\/wp-content\/uploads\/2023\/10\/104-203.jpg\",\"contentUrl\":\"https:\/\/abaa.mx\/tienda\/wp-content\/uploads\/2023\/10\/104-203.jpg\",\"width\":1024,\"height\":1024,\"caption\":\"mitutoyo-104-203-serie-104-micrometro-exterior-con-yunques-intercambiables-de-24-a-30\"},{\"@type\":\"BreadcrumbList\",\"@id\":\"https:\/\/abaa.mx\/tienda\/mitutoyo-104-203-serie-104-micrometro-exterior-con-yunques-intercambiables-de-24-a-30\/#breadcrumb\",\"itemListElement\":[{\"@type\":\"ListItem\",\"position\":1,\"name\":\"Inicio\",\"item\":\"https:\/\/abaa.mx\/tienda\/\"},{\"@type\":\"ListItem\",\"position\":2,\"name\":\"Tienda\",\"item\":\"https:\/\/abaa.mx\/tienda\/\"},{\"@type\":\"ListItem\",\"position\":3,\"name\":\"Mitutoyo 104-203 serie 104 micr\u00f3metro exterior con yunques intercambiables, de 24 a 30&#8243;\"}]},{\"@type\":\"WebSite\",\"@id\":\"https:\/\/abaa.mx\/tienda\/#website\",\"url\":\"https:\/\/abaa.mx\/tienda\/\",\"name\":\"Abaa tienda online\",\"description\":\"Instrumentos de medici\u00f3n\",\"publisher\":{\"@id\":\"https:\/\/abaa.mx\/tienda\/#organization\"},\"potentialAction\":[{\"@type\":\"SearchAction\",\"target\":{\"@type\":\"EntryPoint\",\"urlTemplate\":\"https:\/\/abaa.mx\/tienda\/?s={search_term_string}\"},\"query-input\":{\"@type\":\"PropertyValueSpecification\",\"valueRequired\":true,\"valueName\":\"search_term_string\"}}],\"inLanguage\":\"es\"},{\"@type\":\"Organization\",\"@id\":\"https:\/\/abaa.mx\/tienda\/#organization\",\"name\":\"Abaa tienda online\",\"url\":\"https:\/\/abaa.mx\/tienda\/\",\"logo\":{\"@type\":\"ImageObject\",\"inLanguage\":\"es\",\"@id\":\"https:\/\/abaa.mx\/tienda\/#\/schema\/logo\/image\/\",\"url\":\"https:\/\/abaa.mx\/tienda\/wp-content\/uploads\/2024\/01\/abaa-metrologia-tienda.png\",\"contentUrl\":\"https:\/\/abaa.mx\/tienda\/wp-content\/uploads\/2024\/01\/abaa-metrologia-tienda.png\",\"width\":300,\"height\":141,\"caption\":\"Abaa tienda online\"},\"image\":{\"@id\":\"https:\/\/abaa.mx\/tienda\/#\/schema\/logo\/image\/\"}}]}<\/script>\n<!-- \/ Yoast SEO plugin. -->","yoast_head_json":{"title":"Mitutoyo 104-203 serie 104 micr\u00f3metro exterior con yunques intercambiables, de 24 a 30\" - Abaa tienda online","robots":{"index":"index","follow":"follow","max-snippet":"max-snippet:-1","max-image-preview":"max-image-preview:large","max-video-preview":"max-video-preview:-1"},"canonical":"https:\/\/abaa.mx\/tienda\/mitutoyo-104-203-serie-104-micrometro-exterior-con-yunques-intercambiables-de-24-a-30\/","og_locale":"es_MX","og_type":"article","og_title":"Mitutoyo 104-203 serie 104 micr\u00f3metro exterior con yunques intercambiables, de 24 a 30\" - Abaa tienda online","og_description":"Mida con precisi\u00f3n una amplia gama de tama\u00f1os de piezas de trabajo y tipos de materiales con este micr\u00f3metro exterior que cuenta con yunques intercambiables, una funci\u00f3n de tope de trinquete y un rango de 24 a 30\". Adem\u00e1s, este micr\u00f3metro es ideal para medir piezas met\u00e1licas y no met\u00e1licas mediante el control de la fuerza aplicada por el husillo.","og_url":"https:\/\/abaa.mx\/tienda\/mitutoyo-104-203-serie-104-micrometro-exterior-con-yunques-intercambiables-de-24-a-30\/","og_site_name":"Abaa tienda online","og_image":[{"width":1024,"height":1024,"url":"https:\/\/abaa.mx\/tienda\/wp-content\/uploads\/2023\/10\/104-203.jpg","type":"image\/jpeg"}],"twitter_card":"summary_large_image","twitter_misc":{"Tiempo de lectura":"1 minuto"},"schema":{"@context":"https:\/\/schema.org","@graph":[{"@type":"WebPage","@id":"https:\/\/abaa.mx\/tienda\/mitutoyo-104-203-serie-104-micrometro-exterior-con-yunques-intercambiables-de-24-a-30\/","url":"https:\/\/abaa.mx\/tienda\/mitutoyo-104-203-serie-104-micrometro-exterior-con-yunques-intercambiables-de-24-a-30\/","name":"Mitutoyo 104-203 serie 104 micr\u00f3metro exterior con yunques intercambiables, de 24 a 30\" - Abaa tienda online","isPartOf":{"@id":"https:\/\/abaa.mx\/tienda\/#website"},"primaryImageOfPage":{"@id":"https:\/\/abaa.mx\/tienda\/mitutoyo-104-203-serie-104-micrometro-exterior-con-yunques-intercambiables-de-24-a-30\/#primaryimage"},"image":{"@id":"https:\/\/abaa.mx\/tienda\/mitutoyo-104-203-serie-104-micrometro-exterior-con-yunques-intercambiables-de-24-a-30\/#primaryimage"},"thumbnailUrl":"https:\/\/abaa.mx\/tienda\/wp-content\/uploads\/2023\/10\/104-203.jpg","datePublished":"2023-10-05T15:04:45+00:00","breadcrumb":{"@id":"https:\/\/abaa.mx\/tienda\/mitutoyo-104-203-serie-104-micrometro-exterior-con-yunques-intercambiables-de-24-a-30\/#breadcrumb"},"inLanguage":"es","potentialAction":[{"@type":"ReadAction","target":["https:\/\/abaa.mx\/tienda\/mitutoyo-104-203-serie-104-micrometro-exterior-con-yunques-intercambiables-de-24-a-30\/"]}]},{"@type":"ImageObject","inLanguage":"es","@id":"https:\/\/abaa.mx\/tienda\/mitutoyo-104-203-serie-104-micrometro-exterior-con-yunques-intercambiables-de-24-a-30\/#primaryimage","url":"https:\/\/abaa.mx\/tienda\/wp-content\/uploads\/2023\/10\/104-203.jpg","contentUrl":"https:\/\/abaa.mx\/tienda\/wp-content\/uploads\/2023\/10\/104-203.jpg","width":1024,"height":1024,"caption":"mitutoyo-104-203-serie-104-micrometro-exterior-con-yunques-intercambiables-de-24-a-30"},{"@type":"BreadcrumbList","@id":"https:\/\/abaa.mx\/tienda\/mitutoyo-104-203-serie-104-micrometro-exterior-con-yunques-intercambiables-de-24-a-30\/#breadcrumb","itemListElement":[{"@type":"ListItem","position":1,"name":"Inicio","item":"https:\/\/abaa.mx\/tienda\/"},{"@type":"ListItem","position":2,"name":"Tienda","item":"https:\/\/abaa.mx\/tienda\/"},{"@type":"ListItem","position":3,"name":"Mitutoyo 104-203 serie 104 micr\u00f3metro exterior con yunques intercambiables, de 24 a 30&#8243;"}]},{"@type":"WebSite","@id":"https:\/\/abaa.mx\/tienda\/#website","url":"https:\/\/abaa.mx\/tienda\/","name":"Abaa tienda online","description":"Instrumentos de medici\u00f3n","publisher":{"@id":"https:\/\/abaa.mx\/tienda\/#organization"},"potentialAction":[{"@type":"SearchAction","target":{"@type":"EntryPoint","urlTemplate":"https:\/\/abaa.mx\/tienda\/?s={search_term_string}"},"query-input":{"@type":"PropertyValueSpecification","valueRequired":true,"valueName":"search_term_string"}}],"inLanguage":"es"},{"@type":"Organization","@id":"https:\/\/abaa.mx\/tienda\/#organization","name":"Abaa tienda online","url":"https:\/\/abaa.mx\/tienda\/","logo":{"@type":"ImageObject","inLanguage":"es","@id":"https:\/\/abaa.mx\/tienda\/#\/schema\/logo\/image\/","url":"https:\/\/abaa.mx\/tienda\/wp-content\/uploads\/2024\/01\/abaa-metrologia-tienda.png","contentUrl":"https:\/\/abaa.mx\/tienda\/wp-content\/uploads\/2024\/01\/abaa-metrologia-tienda.png","width":300,"height":141,"caption":"Abaa tienda online"},"image":{"@id":"https:\/\/abaa.mx\/tienda\/#\/schema\/logo\/image\/"}}]}},"_links":{"self":[{"href":"https:\/\/abaa.mx\/tienda\/wp-json\/wp\/v2\/product\/4706","targetHints":{"allow":["GET"]}}],"collection":[{"href":"https:\/\/abaa.mx\/tienda\/wp-json\/wp\/v2\/product"}],"about":[{"href":"https:\/\/abaa.mx\/tienda\/wp-json\/wp\/v2\/types\/product"}],"replies":[{"embeddable":true,"href":"https:\/\/abaa.mx\/tienda\/wp-json\/wp\/v2\/comments?post=4706"}],"wp:featuredmedia":[{"embeddable":true,"href":"https:\/\/abaa.mx\/tienda\/wp-json\/wp\/v2\/media\/4712"}],"wp:attachment":[{"href":"https:\/\/abaa.mx\/tienda\/wp-json\/wp\/v2\/media?parent=4706"}],"wp:term":[{"taxonomy":"product_brand","embeddable":true,"href":"https:\/\/abaa.mx\/tienda\/wp-json\/wp\/v2\/product_brand?post=4706"},{"taxonomy":"product_cat","embeddable":true,"href":"https:\/\/abaa.mx\/tienda\/wp-json\/wp\/v2\/product_cat?post=4706"},{"taxonomy":"product_tag","embeddable":true,"href":"https:\/\/abaa.mx\/tienda\/wp-json\/wp\/v2\/product_tag?post=4706"}],"curies":[{"name":"wp","href":"https:\/\/api.w.org\/{rel}","templated":true}]}}