{"id":4704,"date":"2023-10-05T15:04:39","date_gmt":"2023-10-05T15:04:39","guid":{"rendered":"https:\/\/abaa.mx\/tienda\/?post_type=product&#038;p=4704"},"modified":"2023-10-05T15:04:40","modified_gmt":"2023-10-05T15:04:40","slug":"mitutoyo-104-201-micrometro-exterior-yunques-intercambiables-12-18-pulgadas-001-pulgadas","status":"publish","type":"product","link":"https:\/\/abaa.mx\/tienda\/mitutoyo-104-201-micrometro-exterior-yunques-intercambiables-12-18-pulgadas-001-pulgadas\/","title":{"rendered":"Mitutoyo 104-201 micr\u00f3metro exterior, yunques intercambiables 12-18 pulgadas, .001 pulgadas"},"content":{"rendered":"<h5><strong>Funciones<\/strong><\/h5>\n<ul>\n<li>Con un tope de trinquete para una fuerza constante<\/li>\n<li>Se suministra con una barra de est\u00e1ndares de ajuste cero para cada rango<\/li>\n<li>Se suministra en un estuche de madera empotrado<\/li>\n<\/ul>\n<h5><strong>Aplicaciones<\/strong><\/h5>\n<ul>\n<li>Ingenier\u00eda mec\u00e1nica<\/li>\n<li>Trandes mec\u00e1nicos<\/li>\n<li>Mecanizado<\/li>\n<\/ul>\n<h4>\u00a0Especificaciones<\/h4>\n<table class=\"table table-striped\">\n<tbody>\n<tr>\n<td>Exactitud<\/td>\n<td>[.00016&#8243; \u00b1.00004 (L\/3)&#8221;] L = Alcance m\u00e1ximo (pulgadas)<\/td>\n<\/tr>\n<tr>\n<td>Graduaci\u00f3n<\/td>\n<td>0,01 mm<\/td>\n<\/tr>\n<tr>\n<td>Llanura<\/td>\n<td>.00004&#8243;<\/td>\n<\/tr>\n<tr>\n<td>Paralelismo<\/td>\n<td>[.00008&#8243; \u00b1 .00004 (L\/4)&#8221;] L= Alcance m\u00e1ximo (pulgadas)<\/td>\n<\/tr>\n<tr>\n<td>Medici\u00f3n de rostros<\/td>\n<td>Punta de carburo<\/td>\n<\/tr>\n<tr>\n<td>Sistema de medici\u00f3n<\/td>\n<td>Pulgada<\/td>\n<\/tr>\n<\/tbody>\n<\/table>\n","protected":false},"excerpt":{"rendered":"<p class=\"short-description mhide ipad-view-setting\">Los micr\u00f3metros exteriores Mitutoyo Serie 340 cuentan con un amplio rango de medici\u00f3n y yunques intercambiables.<\/p>\n<p class=\"comment-tag-product\">\n<div class=\"row-fluid\">\n<div class=\"span12 mobile-pricing-box-padding\">\n<form id=\"97198\" accept-charset=\"utf-8\" action=\"https:\/\/www.globaltestsupply.com\/shop\/add\" method=\"post\" name=\"addTocartFunction\">\n<div><\/div>\n<\/form>\n<\/div>\n<\/div>\n","protected":false},"featured_media":4710,"comment_status":"open","ping_status":"closed","template":"","meta":{"_joinchat":[]},"product_brand":[],"product_cat":[15],"product_tag":[],"class_list":{"0":"post-4704","1":"product","2":"type-product","3":"status-publish","4":"has-post-thumbnail","6":"product_cat-sin-categorizar","8":"first","9":"instock","10":"shipping-taxable","11":"product-type-simple"},"yoast_head":"<!-- This site is optimized with the Yoast SEO plugin v26.4 - https:\/\/yoast.com\/wordpress\/plugins\/seo\/ -->\n<title>Mitutoyo 104-201 micr\u00f3metro exterior, yunques intercambiables 12-18 pulgadas, .001 pulgadas - Abaa tienda online<\/title>\n<meta name=\"robots\" content=\"index, follow, max-snippet:-1, max-image-preview:large, max-video-preview:-1\" \/>\n<link rel=\"canonical\" href=\"https:\/\/abaa.mx\/tienda\/mitutoyo-104-201-micrometro-exterior-yunques-intercambiables-12-18-pulgadas-001-pulgadas\/\" \/>\n<meta property=\"og:locale\" content=\"es_MX\" \/>\n<meta property=\"og:type\" content=\"article\" \/>\n<meta property=\"og:title\" content=\"Mitutoyo 104-201 micr\u00f3metro exterior, yunques intercambiables 12-18 pulgadas, .001 pulgadas - Abaa tienda online\" \/>\n<meta property=\"og:description\" content=\"Los micr\u00f3metros exteriores Mitutoyo Serie 340 cuentan con un amplio rango de medici\u00f3n y yunques intercambiables.\" \/>\n<meta property=\"og:url\" content=\"https:\/\/abaa.mx\/tienda\/mitutoyo-104-201-micrometro-exterior-yunques-intercambiables-12-18-pulgadas-001-pulgadas\/\" \/>\n<meta property=\"og:site_name\" content=\"Abaa tienda online\" \/>\n<meta property=\"article:modified_time\" content=\"2023-10-05T15:04:40+00:00\" \/>\n<meta property=\"og:image\" content=\"https:\/\/abaa.mx\/tienda\/wp-content\/uploads\/2023\/10\/104-201.jpg\" \/>\n\t<meta property=\"og:image:width\" content=\"474\" \/>\n\t<meta property=\"og:image:height\" content=\"312\" \/>\n\t<meta property=\"og:image:type\" content=\"image\/jpeg\" \/>\n<meta name=\"twitter:card\" content=\"summary_large_image\" \/>\n<meta name=\"twitter:label1\" content=\"Tiempo de lectura\" \/>\n\t<meta name=\"twitter:data1\" content=\"1 minuto\" \/>\n<script type=\"application\/ld+json\" class=\"yoast-schema-graph\">{\"@context\":\"https:\/\/schema.org\",\"@graph\":[{\"@type\":\"WebPage\",\"@id\":\"https:\/\/abaa.mx\/tienda\/mitutoyo-104-201-micrometro-exterior-yunques-intercambiables-12-18-pulgadas-001-pulgadas\/\",\"url\":\"https:\/\/abaa.mx\/tienda\/mitutoyo-104-201-micrometro-exterior-yunques-intercambiables-12-18-pulgadas-001-pulgadas\/\",\"name\":\"Mitutoyo 104-201 micr\u00f3metro exterior, yunques intercambiables 12-18 pulgadas, .001 pulgadas - Abaa tienda online\",\"isPartOf\":{\"@id\":\"https:\/\/abaa.mx\/tienda\/#website\"},\"primaryImageOfPage\":{\"@id\":\"https:\/\/abaa.mx\/tienda\/mitutoyo-104-201-micrometro-exterior-yunques-intercambiables-12-18-pulgadas-001-pulgadas\/#primaryimage\"},\"image\":{\"@id\":\"https:\/\/abaa.mx\/tienda\/mitutoyo-104-201-micrometro-exterior-yunques-intercambiables-12-18-pulgadas-001-pulgadas\/#primaryimage\"},\"thumbnailUrl\":\"https:\/\/abaa.mx\/tienda\/wp-content\/uploads\/2023\/10\/104-201.jpg\",\"datePublished\":\"2023-10-05T15:04:39+00:00\",\"dateModified\":\"2023-10-05T15:04:40+00:00\",\"breadcrumb\":{\"@id\":\"https:\/\/abaa.mx\/tienda\/mitutoyo-104-201-micrometro-exterior-yunques-intercambiables-12-18-pulgadas-001-pulgadas\/#breadcrumb\"},\"inLanguage\":\"es\",\"potentialAction\":[{\"@type\":\"ReadAction\",\"target\":[\"https:\/\/abaa.mx\/tienda\/mitutoyo-104-201-micrometro-exterior-yunques-intercambiables-12-18-pulgadas-001-pulgadas\/\"]}]},{\"@type\":\"ImageObject\",\"inLanguage\":\"es\",\"@id\":\"https:\/\/abaa.mx\/tienda\/mitutoyo-104-201-micrometro-exterior-yunques-intercambiables-12-18-pulgadas-001-pulgadas\/#primaryimage\",\"url\":\"https:\/\/abaa.mx\/tienda\/wp-content\/uploads\/2023\/10\/104-201.jpg\",\"contentUrl\":\"https:\/\/abaa.mx\/tienda\/wp-content\/uploads\/2023\/10\/104-201.jpg\",\"width\":474,\"height\":312,\"caption\":\"mitutoyo-104-201-micrometro-exterior-yunques-intercambiables-12-18-pulgadas-001-pulgadas\"},{\"@type\":\"BreadcrumbList\",\"@id\":\"https:\/\/abaa.mx\/tienda\/mitutoyo-104-201-micrometro-exterior-yunques-intercambiables-12-18-pulgadas-001-pulgadas\/#breadcrumb\",\"itemListElement\":[{\"@type\":\"ListItem\",\"position\":1,\"name\":\"Inicio\",\"item\":\"https:\/\/abaa.mx\/tienda\/\"},{\"@type\":\"ListItem\",\"position\":2,\"name\":\"Tienda\",\"item\":\"https:\/\/abaa.mx\/tienda\/\"},{\"@type\":\"ListItem\",\"position\":3,\"name\":\"Mitutoyo 104-201 micr\u00f3metro exterior, yunques intercambiables 12-18 pulgadas, .001 pulgadas\"}]},{\"@type\":\"WebSite\",\"@id\":\"https:\/\/abaa.mx\/tienda\/#website\",\"url\":\"https:\/\/abaa.mx\/tienda\/\",\"name\":\"Abaa tienda online\",\"description\":\"Instrumentos de medici\u00f3n\",\"publisher\":{\"@id\":\"https:\/\/abaa.mx\/tienda\/#organization\"},\"potentialAction\":[{\"@type\":\"SearchAction\",\"target\":{\"@type\":\"EntryPoint\",\"urlTemplate\":\"https:\/\/abaa.mx\/tienda\/?s={search_term_string}\"},\"query-input\":{\"@type\":\"PropertyValueSpecification\",\"valueRequired\":true,\"valueName\":\"search_term_string\"}}],\"inLanguage\":\"es\"},{\"@type\":\"Organization\",\"@id\":\"https:\/\/abaa.mx\/tienda\/#organization\",\"name\":\"Abaa tienda online\",\"url\":\"https:\/\/abaa.mx\/tienda\/\",\"logo\":{\"@type\":\"ImageObject\",\"inLanguage\":\"es\",\"@id\":\"https:\/\/abaa.mx\/tienda\/#\/schema\/logo\/image\/\",\"url\":\"https:\/\/abaa.mx\/tienda\/wp-content\/uploads\/2024\/01\/abaa-metrologia-tienda.png\",\"contentUrl\":\"https:\/\/abaa.mx\/tienda\/wp-content\/uploads\/2024\/01\/abaa-metrologia-tienda.png\",\"width\":300,\"height\":141,\"caption\":\"Abaa tienda online\"},\"image\":{\"@id\":\"https:\/\/abaa.mx\/tienda\/#\/schema\/logo\/image\/\"}}]}<\/script>\n<!-- \/ Yoast SEO plugin. -->","yoast_head_json":{"title":"Mitutoyo 104-201 micr\u00f3metro exterior, yunques intercambiables 12-18 pulgadas, .001 pulgadas - Abaa tienda online","robots":{"index":"index","follow":"follow","max-snippet":"max-snippet:-1","max-image-preview":"max-image-preview:large","max-video-preview":"max-video-preview:-1"},"canonical":"https:\/\/abaa.mx\/tienda\/mitutoyo-104-201-micrometro-exterior-yunques-intercambiables-12-18-pulgadas-001-pulgadas\/","og_locale":"es_MX","og_type":"article","og_title":"Mitutoyo 104-201 micr\u00f3metro exterior, yunques intercambiables 12-18 pulgadas, .001 pulgadas - Abaa tienda online","og_description":"Los micr\u00f3metros exteriores Mitutoyo Serie 340 cuentan con un amplio rango de medici\u00f3n y yunques intercambiables.","og_url":"https:\/\/abaa.mx\/tienda\/mitutoyo-104-201-micrometro-exterior-yunques-intercambiables-12-18-pulgadas-001-pulgadas\/","og_site_name":"Abaa tienda online","article_modified_time":"2023-10-05T15:04:40+00:00","og_image":[{"width":474,"height":312,"url":"https:\/\/abaa.mx\/tienda\/wp-content\/uploads\/2023\/10\/104-201.jpg","type":"image\/jpeg"}],"twitter_card":"summary_large_image","twitter_misc":{"Tiempo de lectura":"1 minuto"},"schema":{"@context":"https:\/\/schema.org","@graph":[{"@type":"WebPage","@id":"https:\/\/abaa.mx\/tienda\/mitutoyo-104-201-micrometro-exterior-yunques-intercambiables-12-18-pulgadas-001-pulgadas\/","url":"https:\/\/abaa.mx\/tienda\/mitutoyo-104-201-micrometro-exterior-yunques-intercambiables-12-18-pulgadas-001-pulgadas\/","name":"Mitutoyo 104-201 micr\u00f3metro exterior, yunques intercambiables 12-18 pulgadas, .001 pulgadas - Abaa tienda online","isPartOf":{"@id":"https:\/\/abaa.mx\/tienda\/#website"},"primaryImageOfPage":{"@id":"https:\/\/abaa.mx\/tienda\/mitutoyo-104-201-micrometro-exterior-yunques-intercambiables-12-18-pulgadas-001-pulgadas\/#primaryimage"},"image":{"@id":"https:\/\/abaa.mx\/tienda\/mitutoyo-104-201-micrometro-exterior-yunques-intercambiables-12-18-pulgadas-001-pulgadas\/#primaryimage"},"thumbnailUrl":"https:\/\/abaa.mx\/tienda\/wp-content\/uploads\/2023\/10\/104-201.jpg","datePublished":"2023-10-05T15:04:39+00:00","dateModified":"2023-10-05T15:04:40+00:00","breadcrumb":{"@id":"https:\/\/abaa.mx\/tienda\/mitutoyo-104-201-micrometro-exterior-yunques-intercambiables-12-18-pulgadas-001-pulgadas\/#breadcrumb"},"inLanguage":"es","potentialAction":[{"@type":"ReadAction","target":["https:\/\/abaa.mx\/tienda\/mitutoyo-104-201-micrometro-exterior-yunques-intercambiables-12-18-pulgadas-001-pulgadas\/"]}]},{"@type":"ImageObject","inLanguage":"es","@id":"https:\/\/abaa.mx\/tienda\/mitutoyo-104-201-micrometro-exterior-yunques-intercambiables-12-18-pulgadas-001-pulgadas\/#primaryimage","url":"https:\/\/abaa.mx\/tienda\/wp-content\/uploads\/2023\/10\/104-201.jpg","contentUrl":"https:\/\/abaa.mx\/tienda\/wp-content\/uploads\/2023\/10\/104-201.jpg","width":474,"height":312,"caption":"mitutoyo-104-201-micrometro-exterior-yunques-intercambiables-12-18-pulgadas-001-pulgadas"},{"@type":"BreadcrumbList","@id":"https:\/\/abaa.mx\/tienda\/mitutoyo-104-201-micrometro-exterior-yunques-intercambiables-12-18-pulgadas-001-pulgadas\/#breadcrumb","itemListElement":[{"@type":"ListItem","position":1,"name":"Inicio","item":"https:\/\/abaa.mx\/tienda\/"},{"@type":"ListItem","position":2,"name":"Tienda","item":"https:\/\/abaa.mx\/tienda\/"},{"@type":"ListItem","position":3,"name":"Mitutoyo 104-201 micr\u00f3metro exterior, yunques intercambiables 12-18 pulgadas, .001 pulgadas"}]},{"@type":"WebSite","@id":"https:\/\/abaa.mx\/tienda\/#website","url":"https:\/\/abaa.mx\/tienda\/","name":"Abaa tienda online","description":"Instrumentos de medici\u00f3n","publisher":{"@id":"https:\/\/abaa.mx\/tienda\/#organization"},"potentialAction":[{"@type":"SearchAction","target":{"@type":"EntryPoint","urlTemplate":"https:\/\/abaa.mx\/tienda\/?s={search_term_string}"},"query-input":{"@type":"PropertyValueSpecification","valueRequired":true,"valueName":"search_term_string"}}],"inLanguage":"es"},{"@type":"Organization","@id":"https:\/\/abaa.mx\/tienda\/#organization","name":"Abaa tienda online","url":"https:\/\/abaa.mx\/tienda\/","logo":{"@type":"ImageObject","inLanguage":"es","@id":"https:\/\/abaa.mx\/tienda\/#\/schema\/logo\/image\/","url":"https:\/\/abaa.mx\/tienda\/wp-content\/uploads\/2024\/01\/abaa-metrologia-tienda.png","contentUrl":"https:\/\/abaa.mx\/tienda\/wp-content\/uploads\/2024\/01\/abaa-metrologia-tienda.png","width":300,"height":141,"caption":"Abaa tienda online"},"image":{"@id":"https:\/\/abaa.mx\/tienda\/#\/schema\/logo\/image\/"}}]}},"_links":{"self":[{"href":"https:\/\/abaa.mx\/tienda\/wp-json\/wp\/v2\/product\/4704","targetHints":{"allow":["GET"]}}],"collection":[{"href":"https:\/\/abaa.mx\/tienda\/wp-json\/wp\/v2\/product"}],"about":[{"href":"https:\/\/abaa.mx\/tienda\/wp-json\/wp\/v2\/types\/product"}],"replies":[{"embeddable":true,"href":"https:\/\/abaa.mx\/tienda\/wp-json\/wp\/v2\/comments?post=4704"}],"wp:featuredmedia":[{"embeddable":true,"href":"https:\/\/abaa.mx\/tienda\/wp-json\/wp\/v2\/media\/4710"}],"wp:attachment":[{"href":"https:\/\/abaa.mx\/tienda\/wp-json\/wp\/v2\/media?parent=4704"}],"wp:term":[{"taxonomy":"product_brand","embeddable":true,"href":"https:\/\/abaa.mx\/tienda\/wp-json\/wp\/v2\/product_brand?post=4704"},{"taxonomy":"product_cat","embeddable":true,"href":"https:\/\/abaa.mx\/tienda\/wp-json\/wp\/v2\/product_cat?post=4704"},{"taxonomy":"product_tag","embeddable":true,"href":"https:\/\/abaa.mx\/tienda\/wp-json\/wp\/v2\/product_tag?post=4704"}],"curies":[{"name":"wp","href":"https:\/\/api.w.org\/{rel}","templated":true}]}}