{"id":4689,"date":"2023-10-05T15:49:41","date_gmt":"2023-10-05T15:49:41","guid":{"rendered":"https:\/\/abaa.mx\/tienda\/?post_type=product&#038;p=4689"},"modified":"2023-10-05T15:59:01","modified_gmt":"2023-10-05T15:59:01","slug":"mitutoyo-293-667-quickmike-series-293-ip54-absolute-micrometro-digimatico-25-a-55-mm","status":"publish","type":"product","link":"https:\/\/abaa.mx\/tienda\/mitutoyo-293-667-quickmike-series-293-ip54-absolute-micrometro-digimatico-25-a-55-mm\/","title":{"rendered":"mitutoyo 293-667 quickmike series 293 ip54 absolute micr\u00f3metro digim\u00e1tico, 25 a 55 mm"},"content":{"rendered":"<h4>Mitutoyo 293-667<\/h4>\n<p>&nbsp;<\/p>\n<p>El micr\u00f3metro Digimatic Mitutoyo 293-667 Quickmike Series 293 IP54 ABSOLUTE permite al usuario realizar mediciones precisas con su micr\u00f3metro r\u00e1pidamente. El dise\u00f1o de alimentaci\u00f3n del husillo Quickmike permite una rotaci\u00f3n r\u00e1pida para ajustes r\u00e1pidos sin sacrificar la precisi\u00f3n. Tambi\u00e9n est\u00e1 construido de forma duradera con protecci\u00f3n IP54 contra el polvo y el agua (cuando no est\u00e1 conectado al cable de salida de datos).<\/p>\n<p><strong>Funciones<\/strong><\/p>\n<ul>\n<li>El sistema Quickmike proporciona un avance r\u00e1pido del husillo de 10 mm por rotaci\u00f3n para un uso eficiente<\/li>\n<li>El amplio rango de medici\u00f3n permite medir piezas de trabajo de una variedad de formas y tama\u00f1os<\/li>\n<li>Dise\u00f1ado con un husillo no giratorio y un dedal de fricci\u00f3n de trinquete para un rendimiento \u00f3ptimo<\/li>\n<li>Permite la salida de datos SPC para un c\u00f3modo seguimiento y an\u00e1lisis de la informaci\u00f3n<\/li>\n<li>La barra est\u00e1ndar permite establecer f\u00e1cilmente los puntos de origen<\/li>\n<li>Construido con caras de medici\u00f3n con punta de carburo con una planitud de 0,3 \u03bcm y un paralelismo de 2 \u03bcm<\/li>\n<li>La pantalla LCD permite una visualizaci\u00f3n clara y f\u00e1cil<\/li>\n<li>Proporciona funciones de configuraci\u00f3n de origen, configuraci\u00f3n de cero, retenci\u00f3n de datos, salida de datos, alarma de bajo voltaje y alarma de error de composici\u00f3n de valores de conteo<\/li>\n<li>Utiliza la escala lineal ABSOLUTA<\/li>\n<\/ul>\n<h4>Mitutoyo 293-667 Especificaciones<\/h4>\n<p>&nbsp;<\/p>\n<table class=\"table table-striped\">\n<tbody>\n<tr>\n<td>Rango de medici\u00f3n<\/td>\n<td>De 25 a 55 mm<\/td>\n<\/tr>\n<tr>\n<td>N\u00famero de bater\u00edas necesarias<\/td>\n<td>1<\/td>\n<\/tr>\n<tr>\n<td>Longitud del producto<\/td>\n<td>2,35 mm (59,8&#8243;)<\/td>\n<\/tr>\n<tr>\n<td>Unidad(es) de medida admitida(s)<\/td>\n<td>M\u00e9trico<\/td>\n<\/tr>\n<tr>\n<td>Tipo de bater\u00eda<\/td>\n<td>SR44<\/td>\n<\/tr>\n<tr>\n<td>Aprobaciones<\/td>\n<td>IP54<\/td>\n<\/tr>\n<tr>\n<td>Peso del producto<\/td>\n<td>12 g (5,355 onzas)<\/td>\n<\/tr>\n<tr>\n<td>Exactitud<\/td>\n<td>\u00b12 \u03bcm<\/td>\n<\/tr>\n<tr>\n<td>Resoluci\u00f3n<\/td>\n<td>0.001<\/td>\n<\/tr>\n<tr>\n<td>Fuente de alimentaci\u00f3n<\/td>\n<td>Alimentado por pilas<\/td>\n<\/tr>\n<tr>\n<td>Duraci\u00f3n de la bater\u00eda<\/td>\n<td>3 a\u00f1os en condiciones normales de uso<\/td>\n<\/tr>\n<\/tbody>\n<\/table>\n","protected":false},"excerpt":{"rendered":"<p class=\"short-description mhide ipad-view-setting\">El micr\u00f3metro digimatic est\u00e1 dise\u00f1ado para permitir realizar mediciones r\u00e1pidas de peque\u00f1as piezas de trabajo de varias formas. Cuenta con un husillo no giratorio y un dedal de fricci\u00f3n de trinquete para satisfacer sus necesidades.<\/p>\n<div class=\"row-fluid\">\n<div class=\"span12 mobile-pricing-box-padding\">\n<form id=\"152596\" accept-charset=\"utf-8\" action=\"https:\/\/www.globaltestsupply.com\/shop\/add\" method=\"post\" name=\"addTocartFunction\">\n<div><\/div>\n<\/form>\n<\/div>\n<\/div>\n","protected":false},"featured_media":4741,"comment_status":"open","ping_status":"closed","template":"","meta":{"_joinchat":[]},"product_brand":[],"product_cat":[15],"product_tag":[],"class_list":{"0":"post-4689","1":"product","2":"type-product","3":"status-publish","4":"has-post-thumbnail","6":"product_cat-sin-categorizar","8":"first","9":"instock","10":"shipping-taxable","11":"product-type-simple"},"yoast_head":"<!-- This site is optimized with the Yoast SEO plugin v26.4 - https:\/\/yoast.com\/wordpress\/plugins\/seo\/ -->\n<title>mitutoyo 293-667 quickmike series 293 ip54 absolute micr\u00f3metro digim\u00e1tico, 25 a 55 mm - Abaa tienda online<\/title>\n<meta name=\"robots\" content=\"index, follow, max-snippet:-1, max-image-preview:large, max-video-preview:-1\" \/>\n<link rel=\"canonical\" href=\"https:\/\/abaa.mx\/tienda\/mitutoyo-293-667-quickmike-series-293-ip54-absolute-micrometro-digimatico-25-a-55-mm\/\" \/>\n<meta property=\"og:locale\" content=\"es_MX\" \/>\n<meta property=\"og:type\" content=\"article\" \/>\n<meta property=\"og:title\" content=\"mitutoyo 293-667 quickmike series 293 ip54 absolute micr\u00f3metro digim\u00e1tico, 25 a 55 mm - Abaa tienda online\" \/>\n<meta property=\"og:description\" content=\"El micr\u00f3metro digimatic est\u00e1 dise\u00f1ado para permitir realizar mediciones r\u00e1pidas de peque\u00f1as piezas de trabajo de varias formas. Cuenta con un husillo no giratorio y un dedal de fricci\u00f3n de trinquete para satisfacer sus necesidades.\" \/>\n<meta property=\"og:url\" content=\"https:\/\/abaa.mx\/tienda\/mitutoyo-293-667-quickmike-series-293-ip54-absolute-micrometro-digimatico-25-a-55-mm\/\" \/>\n<meta property=\"og:site_name\" content=\"Abaa tienda online\" \/>\n<meta property=\"article:modified_time\" content=\"2023-10-05T15:59:01+00:00\" \/>\n<meta property=\"og:image\" content=\"https:\/\/abaa.mx\/tienda\/wp-content\/uploads\/2023\/10\/293-667.png\" \/>\n\t<meta property=\"og:image:width\" content=\"800\" \/>\n\t<meta property=\"og:image:height\" content=\"303\" \/>\n\t<meta property=\"og:image:type\" content=\"image\/png\" \/>\n<meta name=\"twitter:card\" content=\"summary_large_image\" \/>\n<meta name=\"twitter:label1\" content=\"Tiempo de lectura\" \/>\n\t<meta name=\"twitter:data1\" content=\"2 minutos\" \/>\n<script type=\"application\/ld+json\" class=\"yoast-schema-graph\">{\"@context\":\"https:\/\/schema.org\",\"@graph\":[{\"@type\":\"WebPage\",\"@id\":\"https:\/\/abaa.mx\/tienda\/mitutoyo-293-667-quickmike-series-293-ip54-absolute-micrometro-digimatico-25-a-55-mm\/\",\"url\":\"https:\/\/abaa.mx\/tienda\/mitutoyo-293-667-quickmike-series-293-ip54-absolute-micrometro-digimatico-25-a-55-mm\/\",\"name\":\"mitutoyo 293-667 quickmike series 293 ip54 absolute micr\u00f3metro digim\u00e1tico, 25 a 55 mm - Abaa tienda online\",\"isPartOf\":{\"@id\":\"https:\/\/abaa.mx\/tienda\/#website\"},\"primaryImageOfPage\":{\"@id\":\"https:\/\/abaa.mx\/tienda\/mitutoyo-293-667-quickmike-series-293-ip54-absolute-micrometro-digimatico-25-a-55-mm\/#primaryimage\"},\"image\":{\"@id\":\"https:\/\/abaa.mx\/tienda\/mitutoyo-293-667-quickmike-series-293-ip54-absolute-micrometro-digimatico-25-a-55-mm\/#primaryimage\"},\"thumbnailUrl\":\"https:\/\/abaa.mx\/tienda\/wp-content\/uploads\/2023\/10\/293-667.png\",\"datePublished\":\"2023-10-05T15:49:41+00:00\",\"dateModified\":\"2023-10-05T15:59:01+00:00\",\"breadcrumb\":{\"@id\":\"https:\/\/abaa.mx\/tienda\/mitutoyo-293-667-quickmike-series-293-ip54-absolute-micrometro-digimatico-25-a-55-mm\/#breadcrumb\"},\"inLanguage\":\"es\",\"potentialAction\":[{\"@type\":\"ReadAction\",\"target\":[\"https:\/\/abaa.mx\/tienda\/mitutoyo-293-667-quickmike-series-293-ip54-absolute-micrometro-digimatico-25-a-55-mm\/\"]}]},{\"@type\":\"ImageObject\",\"inLanguage\":\"es\",\"@id\":\"https:\/\/abaa.mx\/tienda\/mitutoyo-293-667-quickmike-series-293-ip54-absolute-micrometro-digimatico-25-a-55-mm\/#primaryimage\",\"url\":\"https:\/\/abaa.mx\/tienda\/wp-content\/uploads\/2023\/10\/293-667.png\",\"contentUrl\":\"https:\/\/abaa.mx\/tienda\/wp-content\/uploads\/2023\/10\/293-667.png\",\"width\":800,\"height\":303,\"caption\":\"293-667\"},{\"@type\":\"BreadcrumbList\",\"@id\":\"https:\/\/abaa.mx\/tienda\/mitutoyo-293-667-quickmike-series-293-ip54-absolute-micrometro-digimatico-25-a-55-mm\/#breadcrumb\",\"itemListElement\":[{\"@type\":\"ListItem\",\"position\":1,\"name\":\"Inicio\",\"item\":\"https:\/\/abaa.mx\/tienda\/\"},{\"@type\":\"ListItem\",\"position\":2,\"name\":\"Tienda\",\"item\":\"https:\/\/abaa.mx\/tienda\/\"},{\"@type\":\"ListItem\",\"position\":3,\"name\":\"mitutoyo 293-667 quickmike series 293 ip54 absolute micr\u00f3metro digim\u00e1tico, 25 a 55 mm\"}]},{\"@type\":\"WebSite\",\"@id\":\"https:\/\/abaa.mx\/tienda\/#website\",\"url\":\"https:\/\/abaa.mx\/tienda\/\",\"name\":\"Abaa tienda online\",\"description\":\"Instrumentos de medici\u00f3n\",\"publisher\":{\"@id\":\"https:\/\/abaa.mx\/tienda\/#organization\"},\"potentialAction\":[{\"@type\":\"SearchAction\",\"target\":{\"@type\":\"EntryPoint\",\"urlTemplate\":\"https:\/\/abaa.mx\/tienda\/?s={search_term_string}\"},\"query-input\":{\"@type\":\"PropertyValueSpecification\",\"valueRequired\":true,\"valueName\":\"search_term_string\"}}],\"inLanguage\":\"es\"},{\"@type\":\"Organization\",\"@id\":\"https:\/\/abaa.mx\/tienda\/#organization\",\"name\":\"Abaa tienda online\",\"url\":\"https:\/\/abaa.mx\/tienda\/\",\"logo\":{\"@type\":\"ImageObject\",\"inLanguage\":\"es\",\"@id\":\"https:\/\/abaa.mx\/tienda\/#\/schema\/logo\/image\/\",\"url\":\"https:\/\/abaa.mx\/tienda\/wp-content\/uploads\/2024\/01\/abaa-metrologia-tienda.png\",\"contentUrl\":\"https:\/\/abaa.mx\/tienda\/wp-content\/uploads\/2024\/01\/abaa-metrologia-tienda.png\",\"width\":300,\"height\":141,\"caption\":\"Abaa tienda online\"},\"image\":{\"@id\":\"https:\/\/abaa.mx\/tienda\/#\/schema\/logo\/image\/\"}}]}<\/script>\n<!-- \/ Yoast SEO plugin. -->","yoast_head_json":{"title":"mitutoyo 293-667 quickmike series 293 ip54 absolute micr\u00f3metro digim\u00e1tico, 25 a 55 mm - Abaa tienda online","robots":{"index":"index","follow":"follow","max-snippet":"max-snippet:-1","max-image-preview":"max-image-preview:large","max-video-preview":"max-video-preview:-1"},"canonical":"https:\/\/abaa.mx\/tienda\/mitutoyo-293-667-quickmike-series-293-ip54-absolute-micrometro-digimatico-25-a-55-mm\/","og_locale":"es_MX","og_type":"article","og_title":"mitutoyo 293-667 quickmike series 293 ip54 absolute micr\u00f3metro digim\u00e1tico, 25 a 55 mm - Abaa tienda online","og_description":"El micr\u00f3metro digimatic est\u00e1 dise\u00f1ado para permitir realizar mediciones r\u00e1pidas de peque\u00f1as piezas de trabajo de varias formas. Cuenta con un husillo no giratorio y un dedal de fricci\u00f3n de trinquete para satisfacer sus necesidades.","og_url":"https:\/\/abaa.mx\/tienda\/mitutoyo-293-667-quickmike-series-293-ip54-absolute-micrometro-digimatico-25-a-55-mm\/","og_site_name":"Abaa tienda online","article_modified_time":"2023-10-05T15:59:01+00:00","og_image":[{"width":800,"height":303,"url":"https:\/\/abaa.mx\/tienda\/wp-content\/uploads\/2023\/10\/293-667.png","type":"image\/png"}],"twitter_card":"summary_large_image","twitter_misc":{"Tiempo de lectura":"2 minutos"},"schema":{"@context":"https:\/\/schema.org","@graph":[{"@type":"WebPage","@id":"https:\/\/abaa.mx\/tienda\/mitutoyo-293-667-quickmike-series-293-ip54-absolute-micrometro-digimatico-25-a-55-mm\/","url":"https:\/\/abaa.mx\/tienda\/mitutoyo-293-667-quickmike-series-293-ip54-absolute-micrometro-digimatico-25-a-55-mm\/","name":"mitutoyo 293-667 quickmike series 293 ip54 absolute micr\u00f3metro digim\u00e1tico, 25 a 55 mm - Abaa tienda online","isPartOf":{"@id":"https:\/\/abaa.mx\/tienda\/#website"},"primaryImageOfPage":{"@id":"https:\/\/abaa.mx\/tienda\/mitutoyo-293-667-quickmike-series-293-ip54-absolute-micrometro-digimatico-25-a-55-mm\/#primaryimage"},"image":{"@id":"https:\/\/abaa.mx\/tienda\/mitutoyo-293-667-quickmike-series-293-ip54-absolute-micrometro-digimatico-25-a-55-mm\/#primaryimage"},"thumbnailUrl":"https:\/\/abaa.mx\/tienda\/wp-content\/uploads\/2023\/10\/293-667.png","datePublished":"2023-10-05T15:49:41+00:00","dateModified":"2023-10-05T15:59:01+00:00","breadcrumb":{"@id":"https:\/\/abaa.mx\/tienda\/mitutoyo-293-667-quickmike-series-293-ip54-absolute-micrometro-digimatico-25-a-55-mm\/#breadcrumb"},"inLanguage":"es","potentialAction":[{"@type":"ReadAction","target":["https:\/\/abaa.mx\/tienda\/mitutoyo-293-667-quickmike-series-293-ip54-absolute-micrometro-digimatico-25-a-55-mm\/"]}]},{"@type":"ImageObject","inLanguage":"es","@id":"https:\/\/abaa.mx\/tienda\/mitutoyo-293-667-quickmike-series-293-ip54-absolute-micrometro-digimatico-25-a-55-mm\/#primaryimage","url":"https:\/\/abaa.mx\/tienda\/wp-content\/uploads\/2023\/10\/293-667.png","contentUrl":"https:\/\/abaa.mx\/tienda\/wp-content\/uploads\/2023\/10\/293-667.png","width":800,"height":303,"caption":"293-667"},{"@type":"BreadcrumbList","@id":"https:\/\/abaa.mx\/tienda\/mitutoyo-293-667-quickmike-series-293-ip54-absolute-micrometro-digimatico-25-a-55-mm\/#breadcrumb","itemListElement":[{"@type":"ListItem","position":1,"name":"Inicio","item":"https:\/\/abaa.mx\/tienda\/"},{"@type":"ListItem","position":2,"name":"Tienda","item":"https:\/\/abaa.mx\/tienda\/"},{"@type":"ListItem","position":3,"name":"mitutoyo 293-667 quickmike series 293 ip54 absolute micr\u00f3metro digim\u00e1tico, 25 a 55 mm"}]},{"@type":"WebSite","@id":"https:\/\/abaa.mx\/tienda\/#website","url":"https:\/\/abaa.mx\/tienda\/","name":"Abaa tienda online","description":"Instrumentos de medici\u00f3n","publisher":{"@id":"https:\/\/abaa.mx\/tienda\/#organization"},"potentialAction":[{"@type":"SearchAction","target":{"@type":"EntryPoint","urlTemplate":"https:\/\/abaa.mx\/tienda\/?s={search_term_string}"},"query-input":{"@type":"PropertyValueSpecification","valueRequired":true,"valueName":"search_term_string"}}],"inLanguage":"es"},{"@type":"Organization","@id":"https:\/\/abaa.mx\/tienda\/#organization","name":"Abaa tienda online","url":"https:\/\/abaa.mx\/tienda\/","logo":{"@type":"ImageObject","inLanguage":"es","@id":"https:\/\/abaa.mx\/tienda\/#\/schema\/logo\/image\/","url":"https:\/\/abaa.mx\/tienda\/wp-content\/uploads\/2024\/01\/abaa-metrologia-tienda.png","contentUrl":"https:\/\/abaa.mx\/tienda\/wp-content\/uploads\/2024\/01\/abaa-metrologia-tienda.png","width":300,"height":141,"caption":"Abaa tienda online"},"image":{"@id":"https:\/\/abaa.mx\/tienda\/#\/schema\/logo\/image\/"}}]}},"_links":{"self":[{"href":"https:\/\/abaa.mx\/tienda\/wp-json\/wp\/v2\/product\/4689","targetHints":{"allow":["GET"]}}],"collection":[{"href":"https:\/\/abaa.mx\/tienda\/wp-json\/wp\/v2\/product"}],"about":[{"href":"https:\/\/abaa.mx\/tienda\/wp-json\/wp\/v2\/types\/product"}],"replies":[{"embeddable":true,"href":"https:\/\/abaa.mx\/tienda\/wp-json\/wp\/v2\/comments?post=4689"}],"wp:featuredmedia":[{"embeddable":true,"href":"https:\/\/abaa.mx\/tienda\/wp-json\/wp\/v2\/media\/4741"}],"wp:attachment":[{"href":"https:\/\/abaa.mx\/tienda\/wp-json\/wp\/v2\/media?parent=4689"}],"wp:term":[{"taxonomy":"product_brand","embeddable":true,"href":"https:\/\/abaa.mx\/tienda\/wp-json\/wp\/v2\/product_brand?post=4689"},{"taxonomy":"product_cat","embeddable":true,"href":"https:\/\/abaa.mx\/tienda\/wp-json\/wp\/v2\/product_cat?post=4689"},{"taxonomy":"product_tag","embeddable":true,"href":"https:\/\/abaa.mx\/tienda\/wp-json\/wp\/v2\/product_tag?post=4689"}],"curies":[{"name":"wp","href":"https:\/\/api.w.org\/{rel}","templated":true}]}}