{"id":4558,"date":"2023-10-04T19:57:13","date_gmt":"2023-10-04T19:57:13","guid":{"rendered":"https:\/\/abaa.mx\/tienda\/?post_type=product&#038;p=4558"},"modified":"2023-10-04T19:57:14","modified_gmt":"2023-10-04T19:57:14","slug":"mitutoyo-103-908-40-series-103-outer-micrometer-set-0-a-12-12-piezas","status":"publish","type":"product","link":"https:\/\/abaa.mx\/tienda\/mitutoyo-103-908-40-series-103-outer-micrometer-set-0-a-12-12-piezas\/","title":{"rendered":"Mitutoyo 103-908-40 series 103 outer micrometer set, 0 a 12&#8243;, 12 piezas"},"content":{"rendered":"<h5><strong>Funciones<\/strong><\/h5>\n<ul>\n<li>El marco tiene un acabado de esmalte horneado hammertone para mayor durabilidad<\/li>\n<li>La escala est\u00e1 grabada con l\u00e1ser en el dedal y la manga<\/li>\n<li>El revestimiento de carburo en el husillo y el yunque resiste el desgaste para mantener las superficies m\u00e1s planas con mayor precisi\u00f3n<\/li>\n<li>Speeder siempre est\u00e1 disponible para una rotaci\u00f3n r\u00e1pida del husillo<\/li>\n<li>Con una barra est\u00e1ndar<\/li>\n<\/ul>\n<h5><strong>Aplicaciones<\/strong><\/h5>\n<ul>\n<li>Medici\u00f3n de piezas met\u00e1licas y no met\u00e1licas<\/li>\n<\/ul>\n<h4>\u00a0Especificaciones<\/h4>\n<table class=\"table table-striped\">\n<tbody>\n<tr>\n<td>Unidades<\/td>\n<td>Pulgadas<\/td>\n<\/tr>\n<tr>\n<td>Medici\u00f3n de caras<\/td>\n<td>Carburo con punta<\/td>\n<\/tr>\n<tr>\n<td>Peso total<\/td>\n<td>19,84 libras (9000 g)<\/td>\n<\/tr>\n<tr>\n<td>103-135<\/td>\n<td>Rango: 0 a 1&#8243; Graduaci\u00f3n: 0.0001&#8243; Precisi\u00f3n: \u00b10.0001&#8243;Trinquete \/ Dedal: Dedal de fricci\u00f3n Longitud: 4.77&#8243;<\/p>\n<p>(121.3 mm)Peso: 0.38 lbs (175 g)<\/td>\n<\/tr>\n<tr>\n<td>103-136<\/td>\n<td>Rango: 1 a 2&#8243; Graduaci\u00f3n: 0.0001&#8243; Precisi\u00f3n: \u00b10.0001&#8243;Trinquete \/ Dedal: Dedal de fricci\u00f3n Longitud: 5.79&#8243;<\/p>\n<p>(147.3 mm)Peso: 0.47 lbs (215 g)<\/td>\n<\/tr>\n<tr>\n<td>103-217<\/td>\n<td>Rango: 2 a 3&#8243; Graduaci\u00f3n: 0.0001&#8243; Precisi\u00f3n: \u00b10.0001&#8243; Trinquete \/ Dedal: Tope de trinquete Longitud: 6.86&#8243;<\/p>\n<p>(174.3 mm)Peso: 0.69 lbs (315 g)<\/td>\n<\/tr>\n<tr>\n<td>103-218<\/td>\n<td>Rango: 3 a 4&#8243; Graduaci\u00f3n: 0.0001&#8243; Precisi\u00f3n: \u00b10.00015&#8243; Trinquete \/ Dedal: Tope de trinquete Longitud: 7.92&#8243;<\/p>\n<p>(201.3 mm)Peso: 0.82 lbs (375 g)<\/td>\n<\/tr>\n<tr>\n<td>103-219<\/td>\n<td>Rango: 4 a 5&#8243; Graduaci\u00f3n: 0.0001&#8243; Precisi\u00f3n: \u00b10.00015&#8243; Trinquete \/ Dedal: Tope de trinquete Longitud: 9.12&#8243;<\/p>\n<p>(231.8 mm)Peso: 1.13 lbs (515 g)<\/td>\n<\/tr>\n<tr>\n<td>103-220<\/td>\n<td>Rango: 5 a 6&#8243; Graduaci\u00f3n: 0.0001&#8243; Precisi\u00f3n: \u00b10.00015&#8243; Trinquete \/ Dedal: Tope de trinquete Longitud: 10.2&#8243;<\/p>\n<p>(259.2 mm)Peso: 1.46 lbs (665 g)<\/td>\n<\/tr>\n<tr>\n<td>103-221<\/td>\n<td>Rango: 6 a 7&#8243; Graduaci\u00f3n: 0.0001&#8243; Precisi\u00f3n: \u00b10.0002&#8243; Trinquete \/ Dedal: Tope de trinquete Longitud: 11.244094&#8243;<\/p>\n<p>(285.6 mm)Peso: 1.58 lbs (720 g)<\/td>\n<\/tr>\n<tr>\n<td>103-222<\/td>\n<td>Rango: 7 a 8&#8243; Graduaci\u00f3n: 0.0001&#8243; Precisi\u00f3n: \u00b10.0002&#8243; Trinquete \/ Dedal: Tope de trinquete Longitud: 12.19&#8243;<\/p>\n<p>(309.8 mm)Peso: 2.02 lbs (920 g)<\/td>\n<\/tr>\n<tr>\n<td>103-223<\/td>\n<td>Rango: 8 a 9&#8243; Graduaci\u00f3n: 0.0001&#8243; Precisi\u00f3n: \u00b10.0002&#8243; Trinquete \/ Dedal: Tope de trinquete Longitud: 13.15&#8243;<\/p>\n<p>(334.2 mm)Peso: 2.38 lbs (1080 g)<\/td>\n<\/tr>\n<tr>\n<td>103-224<\/td>\n<td>Rango: 9 a 10&#8243; Graduaci\u00f3n: 0.0001&#8243; Precisi\u00f3n: \u00b10.00025&#8243;Trinquete\/dedal: Tope de trinquete Longitud: 14.0945&#8243;<\/p>\n<p>(358 mm)Peso: 2.76 lbs (1255 g)<\/td>\n<\/tr>\n<tr>\n<td>103-225<\/td>\n<td>Rango: 10 a 11&#8243; Graduaci\u00f3n: 0.0001&#8243; Precisi\u00f3n: \u00b10.00025&#8243;Trinquete\/dedal: Tope de trinquete Longitud: 15.1181&#8243;<\/p>\n<p>(384 mm)Peso: 3.09 lbs (1405 g)<\/td>\n<\/tr>\n<tr>\n<td>103-226<\/td>\n<td>Rango: 11 a 12&#8243; Graduaci\u00f3n: 0.0001&#8243; Precisi\u00f3n: \u00b10.00025&#8243;Trinquete\/dedal: Tope de trinquete Longitud: 16.1024&#8243;<\/p>\n<p>(409 mm)Peso: 3.45 lbs (1565 g)<\/td>\n<\/tr>\n<\/tbody>\n<\/table>\n","protected":false},"excerpt":{"rendered":"<p class=\"short-description mhide ipad-view-setting\">Ideal para medir piezas de trabajo met\u00e1licas y no met\u00e1licas, este conjunto de micr\u00f3metros exteriores cuenta con 10 micr\u00f3metros con un mecanismo de tope de trinquete para proporcionar una presi\u00f3n uniforme en una pieza de trabajo y dos con un dedal de fricci\u00f3n para operaci\u00f3n con una sola mano. Adem\u00e1s, este micr\u00f3metro cuenta con unidades imperiales y un rango de 0 a 12&#8243;.<\/p>\n<p class=\"comment-tag-product\">\n<div class=\"row-fluid\">\n<div class=\"span12 mobile-pricing-box-padding\">\n<form id=\"124146\" accept-charset=\"utf-8\" action=\"https:\/\/www.globaltestsupply.com\/shop\/add\" method=\"post\" name=\"addTocartFunction\">\n<div><\/div>\n<\/form>\n<\/div>\n<\/div>\n","protected":false},"featured_media":4561,"comment_status":"open","ping_status":"closed","template":"","meta":{"_joinchat":[]},"product_brand":[],"product_cat":[15],"product_tag":[],"class_list":{"0":"post-4558","1":"product","2":"type-product","3":"status-publish","4":"has-post-thumbnail","6":"product_cat-sin-categorizar","8":"first","9":"instock","10":"shipping-taxable","11":"product-type-simple"},"yoast_head":"<!-- This site is optimized with the Yoast SEO plugin v26.4 - https:\/\/yoast.com\/wordpress\/plugins\/seo\/ -->\n<title>Mitutoyo 103-908-40 series 103 outer micrometer set, 0 a 12&quot;, 12 piezas - Abaa tienda online<\/title>\n<meta name=\"robots\" content=\"index, follow, max-snippet:-1, max-image-preview:large, max-video-preview:-1\" \/>\n<link rel=\"canonical\" href=\"https:\/\/abaa.mx\/tienda\/mitutoyo-103-908-40-series-103-outer-micrometer-set-0-a-12-12-piezas\/\" \/>\n<meta property=\"og:locale\" content=\"es_MX\" \/>\n<meta property=\"og:type\" content=\"article\" \/>\n<meta property=\"og:title\" content=\"Mitutoyo 103-908-40 series 103 outer micrometer set, 0 a 12&quot;, 12 piezas - Abaa tienda online\" \/>\n<meta property=\"og:description\" content=\"Ideal para medir piezas de trabajo met\u00e1licas y no met\u00e1licas, este conjunto de micr\u00f3metros exteriores cuenta con 10 micr\u00f3metros con un mecanismo de tope de trinquete para proporcionar una presi\u00f3n uniforme en una pieza de trabajo y dos con un dedal de fricci\u00f3n para operaci\u00f3n con una sola mano. Adem\u00e1s, este micr\u00f3metro cuenta con unidades imperiales y un rango de 0 a 12&quot;.\" \/>\n<meta property=\"og:url\" content=\"https:\/\/abaa.mx\/tienda\/mitutoyo-103-908-40-series-103-outer-micrometer-set-0-a-12-12-piezas\/\" \/>\n<meta property=\"og:site_name\" content=\"Abaa tienda online\" \/>\n<meta property=\"article:modified_time\" content=\"2023-10-04T19:57:14+00:00\" \/>\n<meta property=\"og:image\" content=\"https:\/\/abaa.mx\/tienda\/wp-content\/uploads\/2023\/10\/103-908-40.jpg\" \/>\n\t<meta property=\"og:image:width\" content=\"450\" \/>\n\t<meta property=\"og:image:height\" content=\"599\" \/>\n\t<meta property=\"og:image:type\" content=\"image\/jpeg\" \/>\n<meta name=\"twitter:card\" content=\"summary_large_image\" \/>\n<meta name=\"twitter:label1\" content=\"Tiempo de lectura\" \/>\n\t<meta name=\"twitter:data1\" content=\"2 minutos\" \/>\n<script type=\"application\/ld+json\" class=\"yoast-schema-graph\">{\"@context\":\"https:\/\/schema.org\",\"@graph\":[{\"@type\":\"WebPage\",\"@id\":\"https:\/\/abaa.mx\/tienda\/mitutoyo-103-908-40-series-103-outer-micrometer-set-0-a-12-12-piezas\/\",\"url\":\"https:\/\/abaa.mx\/tienda\/mitutoyo-103-908-40-series-103-outer-micrometer-set-0-a-12-12-piezas\/\",\"name\":\"Mitutoyo 103-908-40 series 103 outer micrometer set, 0 a 12\\\", 12 piezas - Abaa tienda online\",\"isPartOf\":{\"@id\":\"https:\/\/abaa.mx\/tienda\/#website\"},\"primaryImageOfPage\":{\"@id\":\"https:\/\/abaa.mx\/tienda\/mitutoyo-103-908-40-series-103-outer-micrometer-set-0-a-12-12-piezas\/#primaryimage\"},\"image\":{\"@id\":\"https:\/\/abaa.mx\/tienda\/mitutoyo-103-908-40-series-103-outer-micrometer-set-0-a-12-12-piezas\/#primaryimage\"},\"thumbnailUrl\":\"https:\/\/abaa.mx\/tienda\/wp-content\/uploads\/2023\/10\/103-908-40.jpg\",\"datePublished\":\"2023-10-04T19:57:13+00:00\",\"dateModified\":\"2023-10-04T19:57:14+00:00\",\"breadcrumb\":{\"@id\":\"https:\/\/abaa.mx\/tienda\/mitutoyo-103-908-40-series-103-outer-micrometer-set-0-a-12-12-piezas\/#breadcrumb\"},\"inLanguage\":\"es\",\"potentialAction\":[{\"@type\":\"ReadAction\",\"target\":[\"https:\/\/abaa.mx\/tienda\/mitutoyo-103-908-40-series-103-outer-micrometer-set-0-a-12-12-piezas\/\"]}]},{\"@type\":\"ImageObject\",\"inLanguage\":\"es\",\"@id\":\"https:\/\/abaa.mx\/tienda\/mitutoyo-103-908-40-series-103-outer-micrometer-set-0-a-12-12-piezas\/#primaryimage\",\"url\":\"https:\/\/abaa.mx\/tienda\/wp-content\/uploads\/2023\/10\/103-908-40.jpg\",\"contentUrl\":\"https:\/\/abaa.mx\/tienda\/wp-content\/uploads\/2023\/10\/103-908-40.jpg\",\"width\":450,\"height\":599,\"caption\":\"mitutoyo-103-908-40-series-103-outer-micrometer-set-0-a-12-12-piezas\"},{\"@type\":\"BreadcrumbList\",\"@id\":\"https:\/\/abaa.mx\/tienda\/mitutoyo-103-908-40-series-103-outer-micrometer-set-0-a-12-12-piezas\/#breadcrumb\",\"itemListElement\":[{\"@type\":\"ListItem\",\"position\":1,\"name\":\"Inicio\",\"item\":\"https:\/\/abaa.mx\/tienda\/\"},{\"@type\":\"ListItem\",\"position\":2,\"name\":\"Tienda\",\"item\":\"https:\/\/abaa.mx\/tienda\/\"},{\"@type\":\"ListItem\",\"position\":3,\"name\":\"Mitutoyo 103-908-40 series 103 outer micrometer set, 0 a 12&#8243;, 12 piezas\"}]},{\"@type\":\"WebSite\",\"@id\":\"https:\/\/abaa.mx\/tienda\/#website\",\"url\":\"https:\/\/abaa.mx\/tienda\/\",\"name\":\"Abaa tienda online\",\"description\":\"Instrumentos de medici\u00f3n\",\"publisher\":{\"@id\":\"https:\/\/abaa.mx\/tienda\/#organization\"},\"potentialAction\":[{\"@type\":\"SearchAction\",\"target\":{\"@type\":\"EntryPoint\",\"urlTemplate\":\"https:\/\/abaa.mx\/tienda\/?s={search_term_string}\"},\"query-input\":{\"@type\":\"PropertyValueSpecification\",\"valueRequired\":true,\"valueName\":\"search_term_string\"}}],\"inLanguage\":\"es\"},{\"@type\":\"Organization\",\"@id\":\"https:\/\/abaa.mx\/tienda\/#organization\",\"name\":\"Abaa tienda online\",\"url\":\"https:\/\/abaa.mx\/tienda\/\",\"logo\":{\"@type\":\"ImageObject\",\"inLanguage\":\"es\",\"@id\":\"https:\/\/abaa.mx\/tienda\/#\/schema\/logo\/image\/\",\"url\":\"https:\/\/abaa.mx\/tienda\/wp-content\/uploads\/2024\/01\/abaa-metrologia-tienda.png\",\"contentUrl\":\"https:\/\/abaa.mx\/tienda\/wp-content\/uploads\/2024\/01\/abaa-metrologia-tienda.png\",\"width\":300,\"height\":141,\"caption\":\"Abaa tienda online\"},\"image\":{\"@id\":\"https:\/\/abaa.mx\/tienda\/#\/schema\/logo\/image\/\"}}]}<\/script>\n<!-- \/ Yoast SEO plugin. -->","yoast_head_json":{"title":"Mitutoyo 103-908-40 series 103 outer micrometer set, 0 a 12\", 12 piezas - Abaa tienda online","robots":{"index":"index","follow":"follow","max-snippet":"max-snippet:-1","max-image-preview":"max-image-preview:large","max-video-preview":"max-video-preview:-1"},"canonical":"https:\/\/abaa.mx\/tienda\/mitutoyo-103-908-40-series-103-outer-micrometer-set-0-a-12-12-piezas\/","og_locale":"es_MX","og_type":"article","og_title":"Mitutoyo 103-908-40 series 103 outer micrometer set, 0 a 12\", 12 piezas - Abaa tienda online","og_description":"Ideal para medir piezas de trabajo met\u00e1licas y no met\u00e1licas, este conjunto de micr\u00f3metros exteriores cuenta con 10 micr\u00f3metros con un mecanismo de tope de trinquete para proporcionar una presi\u00f3n uniforme en una pieza de trabajo y dos con un dedal de fricci\u00f3n para operaci\u00f3n con una sola mano. Adem\u00e1s, este micr\u00f3metro cuenta con unidades imperiales y un rango de 0 a 12\".","og_url":"https:\/\/abaa.mx\/tienda\/mitutoyo-103-908-40-series-103-outer-micrometer-set-0-a-12-12-piezas\/","og_site_name":"Abaa tienda online","article_modified_time":"2023-10-04T19:57:14+00:00","og_image":[{"width":450,"height":599,"url":"https:\/\/abaa.mx\/tienda\/wp-content\/uploads\/2023\/10\/103-908-40.jpg","type":"image\/jpeg"}],"twitter_card":"summary_large_image","twitter_misc":{"Tiempo de lectura":"2 minutos"},"schema":{"@context":"https:\/\/schema.org","@graph":[{"@type":"WebPage","@id":"https:\/\/abaa.mx\/tienda\/mitutoyo-103-908-40-series-103-outer-micrometer-set-0-a-12-12-piezas\/","url":"https:\/\/abaa.mx\/tienda\/mitutoyo-103-908-40-series-103-outer-micrometer-set-0-a-12-12-piezas\/","name":"Mitutoyo 103-908-40 series 103 outer micrometer set, 0 a 12\", 12 piezas - Abaa tienda online","isPartOf":{"@id":"https:\/\/abaa.mx\/tienda\/#website"},"primaryImageOfPage":{"@id":"https:\/\/abaa.mx\/tienda\/mitutoyo-103-908-40-series-103-outer-micrometer-set-0-a-12-12-piezas\/#primaryimage"},"image":{"@id":"https:\/\/abaa.mx\/tienda\/mitutoyo-103-908-40-series-103-outer-micrometer-set-0-a-12-12-piezas\/#primaryimage"},"thumbnailUrl":"https:\/\/abaa.mx\/tienda\/wp-content\/uploads\/2023\/10\/103-908-40.jpg","datePublished":"2023-10-04T19:57:13+00:00","dateModified":"2023-10-04T19:57:14+00:00","breadcrumb":{"@id":"https:\/\/abaa.mx\/tienda\/mitutoyo-103-908-40-series-103-outer-micrometer-set-0-a-12-12-piezas\/#breadcrumb"},"inLanguage":"es","potentialAction":[{"@type":"ReadAction","target":["https:\/\/abaa.mx\/tienda\/mitutoyo-103-908-40-series-103-outer-micrometer-set-0-a-12-12-piezas\/"]}]},{"@type":"ImageObject","inLanguage":"es","@id":"https:\/\/abaa.mx\/tienda\/mitutoyo-103-908-40-series-103-outer-micrometer-set-0-a-12-12-piezas\/#primaryimage","url":"https:\/\/abaa.mx\/tienda\/wp-content\/uploads\/2023\/10\/103-908-40.jpg","contentUrl":"https:\/\/abaa.mx\/tienda\/wp-content\/uploads\/2023\/10\/103-908-40.jpg","width":450,"height":599,"caption":"mitutoyo-103-908-40-series-103-outer-micrometer-set-0-a-12-12-piezas"},{"@type":"BreadcrumbList","@id":"https:\/\/abaa.mx\/tienda\/mitutoyo-103-908-40-series-103-outer-micrometer-set-0-a-12-12-piezas\/#breadcrumb","itemListElement":[{"@type":"ListItem","position":1,"name":"Inicio","item":"https:\/\/abaa.mx\/tienda\/"},{"@type":"ListItem","position":2,"name":"Tienda","item":"https:\/\/abaa.mx\/tienda\/"},{"@type":"ListItem","position":3,"name":"Mitutoyo 103-908-40 series 103 outer micrometer set, 0 a 12&#8243;, 12 piezas"}]},{"@type":"WebSite","@id":"https:\/\/abaa.mx\/tienda\/#website","url":"https:\/\/abaa.mx\/tienda\/","name":"Abaa tienda online","description":"Instrumentos de medici\u00f3n","publisher":{"@id":"https:\/\/abaa.mx\/tienda\/#organization"},"potentialAction":[{"@type":"SearchAction","target":{"@type":"EntryPoint","urlTemplate":"https:\/\/abaa.mx\/tienda\/?s={search_term_string}"},"query-input":{"@type":"PropertyValueSpecification","valueRequired":true,"valueName":"search_term_string"}}],"inLanguage":"es"},{"@type":"Organization","@id":"https:\/\/abaa.mx\/tienda\/#organization","name":"Abaa tienda online","url":"https:\/\/abaa.mx\/tienda\/","logo":{"@type":"ImageObject","inLanguage":"es","@id":"https:\/\/abaa.mx\/tienda\/#\/schema\/logo\/image\/","url":"https:\/\/abaa.mx\/tienda\/wp-content\/uploads\/2024\/01\/abaa-metrologia-tienda.png","contentUrl":"https:\/\/abaa.mx\/tienda\/wp-content\/uploads\/2024\/01\/abaa-metrologia-tienda.png","width":300,"height":141,"caption":"Abaa tienda online"},"image":{"@id":"https:\/\/abaa.mx\/tienda\/#\/schema\/logo\/image\/"}}]}},"_links":{"self":[{"href":"https:\/\/abaa.mx\/tienda\/wp-json\/wp\/v2\/product\/4558","targetHints":{"allow":["GET"]}}],"collection":[{"href":"https:\/\/abaa.mx\/tienda\/wp-json\/wp\/v2\/product"}],"about":[{"href":"https:\/\/abaa.mx\/tienda\/wp-json\/wp\/v2\/types\/product"}],"replies":[{"embeddable":true,"href":"https:\/\/abaa.mx\/tienda\/wp-json\/wp\/v2\/comments?post=4558"}],"wp:featuredmedia":[{"embeddable":true,"href":"https:\/\/abaa.mx\/tienda\/wp-json\/wp\/v2\/media\/4561"}],"wp:attachment":[{"href":"https:\/\/abaa.mx\/tienda\/wp-json\/wp\/v2\/media?parent=4558"}],"wp:term":[{"taxonomy":"product_brand","embeddable":true,"href":"https:\/\/abaa.mx\/tienda\/wp-json\/wp\/v2\/product_brand?post=4558"},{"taxonomy":"product_cat","embeddable":true,"href":"https:\/\/abaa.mx\/tienda\/wp-json\/wp\/v2\/product_cat?post=4558"},{"taxonomy":"product_tag","embeddable":true,"href":"https:\/\/abaa.mx\/tienda\/wp-json\/wp\/v2\/product_tag?post=4558"}],"curies":[{"name":"wp","href":"https:\/\/api.w.org\/{rel}","templated":true}]}}