{"id":4433,"date":"2023-10-04T17:14:05","date_gmt":"2023-10-04T17:14:05","guid":{"rendered":"https:\/\/abaa.mx\/tienda\/?post_type=product&#038;p=4433"},"modified":"2023-10-04T17:14:06","modified_gmt":"2023-10-04T17:14:06","slug":"mitutoyo-293-148-30-quantumike-micrometer-75-a-100-mm-0-001","status":"publish","type":"product","link":"https:\/\/abaa.mx\/tienda\/mitutoyo-293-148-30-quantumike-micrometer-75-a-100-mm-0-001\/","title":{"rendered":"mitutoyo 293-148-30 quantumike micrometer, 75 a 100 mm, 0.001"},"content":{"rendered":"<h4>Mitutoyo 293-148-30 Ofertas<\/h4>\n<p>El QuantuMike es el micr\u00f3metro a prueba de refrigerante de pr\u00f3xima generaci\u00f3n que ofrece una excelente experiencia de medici\u00f3n con mayor velocidad, calidad y estabilidad.<\/p>\n<p><strong>Funciones<\/strong><\/p>\n<ul>\n<li>Un mecanismo patentado de dedal de trinquete ayuda a garantizar la repetibilidad<\/li>\n<li>Un bloqueo de funci\u00f3n ayuda a evitar errores de nivel de protecci\u00f3n IP-65<\/li>\n<li>Otras funciones incluyen: ajuste del punto de origen, ajuste cero, retenci\u00f3n, encendido \/ apagado autom\u00e1tico y alarma de error<\/li>\n<li>Se proporciona un certificado de inspecci\u00f3n<\/li>\n<\/ul>\n<h4>Mitutoyo 293-148-30 Especificaciones<\/h4>\n<table class=\"table table-striped\">\n<tbody>\n<tr>\n<td>Exactitud<\/td>\n<td>2 \u03bcm<\/td>\n<\/tr>\n<tr>\n<td>Resoluci\u00f3n<\/td>\n<td>0,001 mm<\/td>\n<\/tr>\n<tr>\n<td>Gama<\/td>\n<td>75 a 100 mm<\/td>\n<\/tr>\n<tr>\n<td>Llanura<\/td>\n<td>0,3 \u03bcm<\/td>\n<\/tr>\n<tr>\n<td>Paralelismo<\/td>\n<td>2 \u03bcm<\/td>\n<\/tr>\n<tr>\n<td>Medici\u00f3n de caras<\/td>\n<td>Carburo con punta<\/td>\n<\/tr>\n<tr>\n<td>Monitor<\/td>\n<td>LCD<\/td>\n<\/tr>\n<tr>\n<td>Bater\u00eda<\/td>\n<td>SR44 1 ud.<\/td>\n<\/tr>\n<tr>\n<td>Duraci\u00f3n de la bater\u00eda<\/td>\n<td>Aprox. 1,2 a\u00f1os bajo uso normal<\/td>\n<\/tr>\n<tr>\n<td>Nivel de protecci\u00f3n contra el polvo\/agua<\/td>\n<td>IP65<\/td>\n<\/tr>\n<\/tbody>\n<\/table>\n","protected":false},"excerpt":{"rendered":"<p class=\"short-description mhide ipad-view-setting\">Un micr\u00f3metro digim\u00e1tico con un rango de medici\u00f3n de 75 a 100 mm presenta una medici\u00f3n r\u00e1pida de 2 mm por revoluci\u00f3n para una medici\u00f3n m\u00e1s r\u00e1pida en comparaci\u00f3n con el est\u00e1ndar de 0,5 mm. Es resistente al refrigerante con un nivel de protecci\u00f3n IP65 ideal para cualquier aplicaci\u00f3n de mecanizado.<\/p>\n<p class=\"comment-tag-product\">\n<div class=\"row-fluid\">\n<div class=\"span12 mobile-pricing-box-padding\">\n<form id=\"140292\" accept-charset=\"utf-8\" action=\"https:\/\/www.globaltestsupply.com\/shop\/add\" method=\"post\" name=\"addTocartFunction\">\n<div><\/div>\n<\/form>\n<\/div>\n<\/div>\n","protected":false},"featured_media":4450,"comment_status":"open","ping_status":"closed","template":"","meta":{"_joinchat":[]},"product_brand":[],"product_cat":[15],"product_tag":[],"class_list":{"0":"post-4433","1":"product","2":"type-product","3":"status-publish","4":"has-post-thumbnail","6":"product_cat-sin-categorizar","8":"first","9":"instock","10":"shipping-taxable","11":"product-type-simple"},"yoast_head":"<!-- This site is optimized with the Yoast SEO plugin v26.4 - https:\/\/yoast.com\/wordpress\/plugins\/seo\/ -->\n<title>mitutoyo 293-148-30 quantumike micrometer, 75 a 100 mm, 0.001 - Abaa tienda online<\/title>\n<meta name=\"robots\" content=\"index, follow, max-snippet:-1, max-image-preview:large, max-video-preview:-1\" \/>\n<link rel=\"canonical\" href=\"https:\/\/abaa.mx\/tienda\/mitutoyo-293-148-30-quantumike-micrometer-75-a-100-mm-0-001\/\" \/>\n<meta property=\"og:locale\" content=\"es_MX\" \/>\n<meta property=\"og:type\" content=\"article\" \/>\n<meta property=\"og:title\" content=\"mitutoyo 293-148-30 quantumike micrometer, 75 a 100 mm, 0.001 - Abaa tienda online\" \/>\n<meta property=\"og:description\" content=\"Un micr\u00f3metro digim\u00e1tico con un rango de medici\u00f3n de 75 a 100 mm presenta una medici\u00f3n r\u00e1pida de 2 mm por revoluci\u00f3n para una medici\u00f3n m\u00e1s r\u00e1pida en comparaci\u00f3n con el est\u00e1ndar de 0,5 mm. Es resistente al refrigerante con un nivel de protecci\u00f3n IP65 ideal para cualquier aplicaci\u00f3n de mecanizado.\" \/>\n<meta property=\"og:url\" content=\"https:\/\/abaa.mx\/tienda\/mitutoyo-293-148-30-quantumike-micrometer-75-a-100-mm-0-001\/\" \/>\n<meta property=\"og:site_name\" content=\"Abaa tienda online\" \/>\n<meta property=\"article:modified_time\" content=\"2023-10-04T17:14:06+00:00\" \/>\n<meta property=\"og:image\" content=\"https:\/\/abaa.mx\/tienda\/wp-content\/uploads\/2023\/10\/293-148-30-1.jpg\" \/>\n\t<meta property=\"og:image:width\" content=\"800\" \/>\n\t<meta property=\"og:image:height\" content=\"600\" \/>\n\t<meta property=\"og:image:type\" content=\"image\/jpeg\" \/>\n<meta name=\"twitter:card\" content=\"summary_large_image\" \/>\n<meta name=\"twitter:label1\" content=\"Tiempo de lectura\" \/>\n\t<meta name=\"twitter:data1\" content=\"1 minuto\" \/>\n<script type=\"application\/ld+json\" class=\"yoast-schema-graph\">{\"@context\":\"https:\/\/schema.org\",\"@graph\":[{\"@type\":\"WebPage\",\"@id\":\"https:\/\/abaa.mx\/tienda\/mitutoyo-293-148-30-quantumike-micrometer-75-a-100-mm-0-001\/\",\"url\":\"https:\/\/abaa.mx\/tienda\/mitutoyo-293-148-30-quantumike-micrometer-75-a-100-mm-0-001\/\",\"name\":\"mitutoyo 293-148-30 quantumike micrometer, 75 a 100 mm, 0.001 - Abaa tienda online\",\"isPartOf\":{\"@id\":\"https:\/\/abaa.mx\/tienda\/#website\"},\"primaryImageOfPage\":{\"@id\":\"https:\/\/abaa.mx\/tienda\/mitutoyo-293-148-30-quantumike-micrometer-75-a-100-mm-0-001\/#primaryimage\"},\"image\":{\"@id\":\"https:\/\/abaa.mx\/tienda\/mitutoyo-293-148-30-quantumike-micrometer-75-a-100-mm-0-001\/#primaryimage\"},\"thumbnailUrl\":\"https:\/\/abaa.mx\/tienda\/wp-content\/uploads\/2023\/10\/293-148-30-1.jpg\",\"datePublished\":\"2023-10-04T17:14:05+00:00\",\"dateModified\":\"2023-10-04T17:14:06+00:00\",\"breadcrumb\":{\"@id\":\"https:\/\/abaa.mx\/tienda\/mitutoyo-293-148-30-quantumike-micrometer-75-a-100-mm-0-001\/#breadcrumb\"},\"inLanguage\":\"es\",\"potentialAction\":[{\"@type\":\"ReadAction\",\"target\":[\"https:\/\/abaa.mx\/tienda\/mitutoyo-293-148-30-quantumike-micrometer-75-a-100-mm-0-001\/\"]}]},{\"@type\":\"ImageObject\",\"inLanguage\":\"es\",\"@id\":\"https:\/\/abaa.mx\/tienda\/mitutoyo-293-148-30-quantumike-micrometer-75-a-100-mm-0-001\/#primaryimage\",\"url\":\"https:\/\/abaa.mx\/tienda\/wp-content\/uploads\/2023\/10\/293-148-30-1.jpg\",\"contentUrl\":\"https:\/\/abaa.mx\/tienda\/wp-content\/uploads\/2023\/10\/293-148-30-1.jpg\",\"width\":800,\"height\":600,\"caption\":\"293-148-30\"},{\"@type\":\"BreadcrumbList\",\"@id\":\"https:\/\/abaa.mx\/tienda\/mitutoyo-293-148-30-quantumike-micrometer-75-a-100-mm-0-001\/#breadcrumb\",\"itemListElement\":[{\"@type\":\"ListItem\",\"position\":1,\"name\":\"Inicio\",\"item\":\"https:\/\/abaa.mx\/tienda\/\"},{\"@type\":\"ListItem\",\"position\":2,\"name\":\"Tienda\",\"item\":\"https:\/\/abaa.mx\/tienda\/\"},{\"@type\":\"ListItem\",\"position\":3,\"name\":\"mitutoyo 293-148-30 quantumike micrometer, 75 a 100 mm, 0.001\"}]},{\"@type\":\"WebSite\",\"@id\":\"https:\/\/abaa.mx\/tienda\/#website\",\"url\":\"https:\/\/abaa.mx\/tienda\/\",\"name\":\"Abaa tienda online\",\"description\":\"Instrumentos de medici\u00f3n\",\"publisher\":{\"@id\":\"https:\/\/abaa.mx\/tienda\/#organization\"},\"potentialAction\":[{\"@type\":\"SearchAction\",\"target\":{\"@type\":\"EntryPoint\",\"urlTemplate\":\"https:\/\/abaa.mx\/tienda\/?s={search_term_string}\"},\"query-input\":{\"@type\":\"PropertyValueSpecification\",\"valueRequired\":true,\"valueName\":\"search_term_string\"}}],\"inLanguage\":\"es\"},{\"@type\":\"Organization\",\"@id\":\"https:\/\/abaa.mx\/tienda\/#organization\",\"name\":\"Abaa tienda online\",\"url\":\"https:\/\/abaa.mx\/tienda\/\",\"logo\":{\"@type\":\"ImageObject\",\"inLanguage\":\"es\",\"@id\":\"https:\/\/abaa.mx\/tienda\/#\/schema\/logo\/image\/\",\"url\":\"https:\/\/abaa.mx\/tienda\/wp-content\/uploads\/2024\/01\/abaa-metrologia-tienda.png\",\"contentUrl\":\"https:\/\/abaa.mx\/tienda\/wp-content\/uploads\/2024\/01\/abaa-metrologia-tienda.png\",\"width\":300,\"height\":141,\"caption\":\"Abaa tienda online\"},\"image\":{\"@id\":\"https:\/\/abaa.mx\/tienda\/#\/schema\/logo\/image\/\"}}]}<\/script>\n<!-- \/ Yoast SEO plugin. -->","yoast_head_json":{"title":"mitutoyo 293-148-30 quantumike micrometer, 75 a 100 mm, 0.001 - Abaa tienda online","robots":{"index":"index","follow":"follow","max-snippet":"max-snippet:-1","max-image-preview":"max-image-preview:large","max-video-preview":"max-video-preview:-1"},"canonical":"https:\/\/abaa.mx\/tienda\/mitutoyo-293-148-30-quantumike-micrometer-75-a-100-mm-0-001\/","og_locale":"es_MX","og_type":"article","og_title":"mitutoyo 293-148-30 quantumike micrometer, 75 a 100 mm, 0.001 - Abaa tienda online","og_description":"Un micr\u00f3metro digim\u00e1tico con un rango de medici\u00f3n de 75 a 100 mm presenta una medici\u00f3n r\u00e1pida de 2 mm por revoluci\u00f3n para una medici\u00f3n m\u00e1s r\u00e1pida en comparaci\u00f3n con el est\u00e1ndar de 0,5 mm. Es resistente al refrigerante con un nivel de protecci\u00f3n IP65 ideal para cualquier aplicaci\u00f3n de mecanizado.","og_url":"https:\/\/abaa.mx\/tienda\/mitutoyo-293-148-30-quantumike-micrometer-75-a-100-mm-0-001\/","og_site_name":"Abaa tienda online","article_modified_time":"2023-10-04T17:14:06+00:00","og_image":[{"width":800,"height":600,"url":"https:\/\/abaa.mx\/tienda\/wp-content\/uploads\/2023\/10\/293-148-30-1.jpg","type":"image\/jpeg"}],"twitter_card":"summary_large_image","twitter_misc":{"Tiempo de lectura":"1 minuto"},"schema":{"@context":"https:\/\/schema.org","@graph":[{"@type":"WebPage","@id":"https:\/\/abaa.mx\/tienda\/mitutoyo-293-148-30-quantumike-micrometer-75-a-100-mm-0-001\/","url":"https:\/\/abaa.mx\/tienda\/mitutoyo-293-148-30-quantumike-micrometer-75-a-100-mm-0-001\/","name":"mitutoyo 293-148-30 quantumike micrometer, 75 a 100 mm, 0.001 - Abaa tienda online","isPartOf":{"@id":"https:\/\/abaa.mx\/tienda\/#website"},"primaryImageOfPage":{"@id":"https:\/\/abaa.mx\/tienda\/mitutoyo-293-148-30-quantumike-micrometer-75-a-100-mm-0-001\/#primaryimage"},"image":{"@id":"https:\/\/abaa.mx\/tienda\/mitutoyo-293-148-30-quantumike-micrometer-75-a-100-mm-0-001\/#primaryimage"},"thumbnailUrl":"https:\/\/abaa.mx\/tienda\/wp-content\/uploads\/2023\/10\/293-148-30-1.jpg","datePublished":"2023-10-04T17:14:05+00:00","dateModified":"2023-10-04T17:14:06+00:00","breadcrumb":{"@id":"https:\/\/abaa.mx\/tienda\/mitutoyo-293-148-30-quantumike-micrometer-75-a-100-mm-0-001\/#breadcrumb"},"inLanguage":"es","potentialAction":[{"@type":"ReadAction","target":["https:\/\/abaa.mx\/tienda\/mitutoyo-293-148-30-quantumike-micrometer-75-a-100-mm-0-001\/"]}]},{"@type":"ImageObject","inLanguage":"es","@id":"https:\/\/abaa.mx\/tienda\/mitutoyo-293-148-30-quantumike-micrometer-75-a-100-mm-0-001\/#primaryimage","url":"https:\/\/abaa.mx\/tienda\/wp-content\/uploads\/2023\/10\/293-148-30-1.jpg","contentUrl":"https:\/\/abaa.mx\/tienda\/wp-content\/uploads\/2023\/10\/293-148-30-1.jpg","width":800,"height":600,"caption":"293-148-30"},{"@type":"BreadcrumbList","@id":"https:\/\/abaa.mx\/tienda\/mitutoyo-293-148-30-quantumike-micrometer-75-a-100-mm-0-001\/#breadcrumb","itemListElement":[{"@type":"ListItem","position":1,"name":"Inicio","item":"https:\/\/abaa.mx\/tienda\/"},{"@type":"ListItem","position":2,"name":"Tienda","item":"https:\/\/abaa.mx\/tienda\/"},{"@type":"ListItem","position":3,"name":"mitutoyo 293-148-30 quantumike micrometer, 75 a 100 mm, 0.001"}]},{"@type":"WebSite","@id":"https:\/\/abaa.mx\/tienda\/#website","url":"https:\/\/abaa.mx\/tienda\/","name":"Abaa tienda online","description":"Instrumentos de medici\u00f3n","publisher":{"@id":"https:\/\/abaa.mx\/tienda\/#organization"},"potentialAction":[{"@type":"SearchAction","target":{"@type":"EntryPoint","urlTemplate":"https:\/\/abaa.mx\/tienda\/?s={search_term_string}"},"query-input":{"@type":"PropertyValueSpecification","valueRequired":true,"valueName":"search_term_string"}}],"inLanguage":"es"},{"@type":"Organization","@id":"https:\/\/abaa.mx\/tienda\/#organization","name":"Abaa tienda online","url":"https:\/\/abaa.mx\/tienda\/","logo":{"@type":"ImageObject","inLanguage":"es","@id":"https:\/\/abaa.mx\/tienda\/#\/schema\/logo\/image\/","url":"https:\/\/abaa.mx\/tienda\/wp-content\/uploads\/2024\/01\/abaa-metrologia-tienda.png","contentUrl":"https:\/\/abaa.mx\/tienda\/wp-content\/uploads\/2024\/01\/abaa-metrologia-tienda.png","width":300,"height":141,"caption":"Abaa tienda online"},"image":{"@id":"https:\/\/abaa.mx\/tienda\/#\/schema\/logo\/image\/"}}]}},"_links":{"self":[{"href":"https:\/\/abaa.mx\/tienda\/wp-json\/wp\/v2\/product\/4433","targetHints":{"allow":["GET"]}}],"collection":[{"href":"https:\/\/abaa.mx\/tienda\/wp-json\/wp\/v2\/product"}],"about":[{"href":"https:\/\/abaa.mx\/tienda\/wp-json\/wp\/v2\/types\/product"}],"replies":[{"embeddable":true,"href":"https:\/\/abaa.mx\/tienda\/wp-json\/wp\/v2\/comments?post=4433"}],"wp:featuredmedia":[{"embeddable":true,"href":"https:\/\/abaa.mx\/tienda\/wp-json\/wp\/v2\/media\/4450"}],"wp:attachment":[{"href":"https:\/\/abaa.mx\/tienda\/wp-json\/wp\/v2\/media?parent=4433"}],"wp:term":[{"taxonomy":"product_brand","embeddable":true,"href":"https:\/\/abaa.mx\/tienda\/wp-json\/wp\/v2\/product_brand?post=4433"},{"taxonomy":"product_cat","embeddable":true,"href":"https:\/\/abaa.mx\/tienda\/wp-json\/wp\/v2\/product_cat?post=4433"},{"taxonomy":"product_tag","embeddable":true,"href":"https:\/\/abaa.mx\/tienda\/wp-json\/wp\/v2\/product_tag?post=4433"}],"curies":[{"name":"wp","href":"https:\/\/api.w.org\/{rel}","templated":true}]}}