{"id":4386,"date":"2023-10-04T16:52:18","date_gmt":"2023-10-04T16:52:18","guid":{"rendered":"https:\/\/abaa.mx\/tienda\/?post_type=product&#038;p=4386"},"modified":"2023-10-04T16:52:18","modified_gmt":"2023-10-04T16:52:18","slug":"mitutoyo-2929a-series-2-metric-standard-one-revolution-dial-indicator-con-respaldo-de-orejeta-08-mm","status":"publish","type":"product","link":"https:\/\/abaa.mx\/tienda\/mitutoyo-2929a-series-2-metric-standard-one-revolution-dial-indicator-con-respaldo-de-orejeta-08-mm\/","title":{"rendered":"mitutoyo 2929a series 2 metric standard one-revolution dial indicator con respaldo de orejeta, 0,8 mm"},"content":{"rendered":"<h4>Mitutoyo 2929A ofrece<\/h4>\n<p>Trabaje con sujeci\u00f3n de v\u00e1stago sin problemas y un amplio rango de sujeci\u00f3n con el revolucionario dise\u00f1o de buje de husillo offset de este indicador. Adem\u00e1s, este indicador es ideal para determinar si un rango de husillo est\u00e1 dentro o fuera de una tolerancia y tiene un cristal sin deslumbramiento que cuenta con un revestimiento resistente a los ara\u00f1azos para lecturas claras y una mejor durabilidad.<\/p>\n<p><strong>Funciones<\/strong><\/p>\n<ul>\n<li>Respaldo de orejeta para fines de montaje<\/li>\n<li>El exclusivo mecanismo a prueba de golpes protege contra golpes de retracci\u00f3n repentina del husillo<\/li>\n<li>Incluye marcadores de l\u00edmite verdes para juicios de tolerancia r\u00e1pidos y f\u00e1ciles<\/li>\n<li>El bloqueo del bisel del tornillo del pulgar es f\u00e1cil de usar para la puesta a cero<\/li>\n<li>El engranaje de cremallera se rectifica en la m\u00e1quina para un ajuste m\u00e1s ajustado y una mayor precisi\u00f3n<\/li>\n<li>Una mayor rigidez en la placa del rodamiento reduce el error de retroceso hasta en un 20%<\/li>\n<li>El montaje de cuatro tornillos aumenta la resistencia al impacto para una precisi\u00f3n mejor y m\u00e1s larga<\/li>\n<li>Sin orificio de tornillo pasante en el marco proporciona una mejor resistencia al polvo<\/li>\n<li>El punto de contacto tiene punta de carburo para una precisi\u00f3n duradera y durabilidad<\/li>\n<li>El indicador ha mejorado la resistencia a los contaminantes del taller, como el agua y el polvo.<\/li>\n<li>El indicador es aproximadamente un 40% m\u00e1s ligero que un indicador de dial convencional<\/li>\n<li>Crystal es libre de deslumbramiento con un revestimiento resistente a los ara\u00f1azos<\/li>\n<li>Fabricado para cumplir con los est\u00e1ndares ISO\/JIS<\/li>\n<li>Elimine la posibilidad de errores de lectura debido a un recuento incorrecto de m\u00faltiples revoluciones<\/li>\n<\/ul>\n<p><strong>Aplicaciones<\/strong><\/p>\n<ul>\n<li>Aeroespacial<\/li>\n<li>Automotor<\/li>\n<li>Defensa<\/li>\n<li>Electr\u00f3nica<\/li>\n<li>Energ\u00eda<\/li>\n<li>Fabricaci\u00f3n general<\/li>\n<li>Pl\u00e1sticos y caucho<\/li>\n<\/ul>\n<h4>Mitutoyo 2929A Especificaciones<\/h4>\n<table class=\"table table-striped\">\n<tbody>\n<tr>\n<td>Unidades<\/td>\n<td>M\u00e9trico<\/td>\n<\/tr>\n<tr>\n<td>Digital\/Anal\u00f3gico<\/td>\n<td>Anal\u00f3gico<\/td>\n<\/tr>\n<tr>\n<td>Gama<\/td>\n<td>De 0 a 0,8 mm<\/td>\n<\/tr>\n<tr>\n<td>Graduaci\u00f3n<\/td>\n<td>0,01 mm<\/td>\n<\/tr>\n<tr>\n<td>Carrera del husillo<\/td>\n<td>1 mm<\/td>\n<\/tr>\n<tr>\n<td>Lectura de marcaci\u00f3n<\/td>\n<td>40-0-40<\/td>\n<\/tr>\n<tr>\n<td>Tipo de espalda<\/td>\n<td>Trasero de leng\u00fceta<\/td>\n<\/tr>\n<tr>\n<td>Exactitud<\/td>\n<td>\u00b10,009 mm<\/td>\n<\/tr>\n<tr>\n<td>Fuerza de medici\u00f3n<\/td>\n<td>2.0 o menosN<\/td>\n<\/tr>\n<tr>\n<td>.MPE<\/td>\n<td>Cualquier revoluci\u00f3n 1\/10: 5 \u03bcm Rango de medici\u00f3n: 7 \u03bcm H (hist\u00e9resis): 3 \u03bcm R (repetibilidad): 3 \u03bcm<\/td>\n<\/tr>\n<tr>\n<td>Tallo<\/td>\n<td>8 mm<\/td>\n<\/tr>\n<tr>\n<td>Punto de contacto<\/td>\n<td>S\u00ed<\/td>\n<\/tr>\n<tr>\n<td>Choques<\/td>\n<td>S\u00ed<\/td>\n<\/tr>\n<tr>\n<td>Tipo ISO\/JIS<\/td>\n<td>S\u00ed<\/td>\n<\/tr>\n<tr>\n<td>Tecnolog\u00eda<\/td>\n<td>Mec\u00e1nico<\/td>\n<\/tr>\n<tr>\n<td>Dimensiones<\/td>\n<td>4,42 x 1,5&#8243; (112,4 x 38,1 mm)Di\u00e1metro del bisel: 2,24&#8243; (57 mm)<\/td>\n<\/tr>\n<tr>\n<td>Peso<\/td>\n<td>0,32 libras (145 g)<\/td>\n<\/tr>\n<\/tbody>\n<\/table>\n","protected":false},"excerpt":{"rendered":"<p class=\"short-description mhide ipad-view-setting\">Elimine los errores de conteo err\u00f3neo en una escala f\u00e1cil de leer con este indicador de dial de una revoluci\u00f3n est\u00e1ndar m\u00e9trico con un respaldo de orejeta que ofrece una medici\u00f3n completa con un barrido de una mano y cuenta con un rango de 0 a 0,8 mm. Adem\u00e1s, el v\u00e1stago y el husillo de este indicador est\u00e1n construidos de acero endurecido para una mejor durabilidad.<\/p>\n<p class=\"comment-tag-product\">\n<div class=\"row-fluid\">\n<div class=\"span12 mobile-pricing-box-padding\">\n<form id=\"139689\" accept-charset=\"utf-8\" action=\"https:\/\/www.globaltestsupply.com\/shop\/add\" method=\"post\" name=\"addTocartFunction\">\n<div><\/div>\n<\/form>\n<\/div>\n<\/div>\n","protected":false},"featured_media":4414,"comment_status":"open","ping_status":"closed","template":"","meta":{"_joinchat":[]},"product_brand":[],"product_cat":[15],"product_tag":[],"class_list":{"0":"post-4386","1":"product","2":"type-product","3":"status-publish","4":"has-post-thumbnail","6":"product_cat-sin-categorizar","8":"first","9":"instock","10":"shipping-taxable","11":"product-type-simple"},"yoast_head":"<!-- This site is optimized with the Yoast SEO plugin v26.4 - https:\/\/yoast.com\/wordpress\/plugins\/seo\/ -->\n<title>mitutoyo 2929a series 2 metric standard one-revolution dial indicator con respaldo de orejeta, 0,8 mm - Abaa tienda online<\/title>\n<meta name=\"robots\" content=\"index, follow, max-snippet:-1, max-image-preview:large, max-video-preview:-1\" \/>\n<link rel=\"canonical\" href=\"https:\/\/abaa.mx\/tienda\/mitutoyo-2929a-series-2-metric-standard-one-revolution-dial-indicator-con-respaldo-de-orejeta-08-mm\/\" \/>\n<meta property=\"og:locale\" content=\"es_MX\" \/>\n<meta property=\"og:type\" content=\"article\" \/>\n<meta property=\"og:title\" content=\"mitutoyo 2929a series 2 metric standard one-revolution dial indicator con respaldo de orejeta, 0,8 mm - Abaa tienda online\" \/>\n<meta property=\"og:description\" content=\"Elimine los errores de conteo err\u00f3neo en una escala f\u00e1cil de leer con este indicador de dial de una revoluci\u00f3n est\u00e1ndar m\u00e9trico con un respaldo de orejeta que ofrece una medici\u00f3n completa con un barrido de una mano y cuenta con un rango de 0 a 0,8 mm. Adem\u00e1s, el v\u00e1stago y el husillo de este indicador est\u00e1n construidos de acero endurecido para una mejor durabilidad.\" \/>\n<meta property=\"og:url\" content=\"https:\/\/abaa.mx\/tienda\/mitutoyo-2929a-series-2-metric-standard-one-revolution-dial-indicator-con-respaldo-de-orejeta-08-mm\/\" \/>\n<meta property=\"og:site_name\" content=\"Abaa tienda online\" \/>\n<meta property=\"og:image\" content=\"https:\/\/abaa.mx\/tienda\/wp-content\/uploads\/2023\/10\/2929A.jpeg\" \/>\n\t<meta property=\"og:image:width\" content=\"270\" \/>\n\t<meta property=\"og:image:height\" content=\"471\" \/>\n\t<meta property=\"og:image:type\" content=\"image\/jpeg\" \/>\n<meta name=\"twitter:card\" content=\"summary_large_image\" \/>\n<meta name=\"twitter:label1\" content=\"Tiempo de lectura\" \/>\n\t<meta name=\"twitter:data1\" content=\"2 minutos\" \/>\n<script type=\"application\/ld+json\" class=\"yoast-schema-graph\">{\"@context\":\"https:\/\/schema.org\",\"@graph\":[{\"@type\":\"WebPage\",\"@id\":\"https:\/\/abaa.mx\/tienda\/mitutoyo-2929a-series-2-metric-standard-one-revolution-dial-indicator-con-respaldo-de-orejeta-08-mm\/\",\"url\":\"https:\/\/abaa.mx\/tienda\/mitutoyo-2929a-series-2-metric-standard-one-revolution-dial-indicator-con-respaldo-de-orejeta-08-mm\/\",\"name\":\"mitutoyo 2929a series 2 metric standard one-revolution dial indicator con respaldo de orejeta, 0,8 mm - Abaa tienda online\",\"isPartOf\":{\"@id\":\"https:\/\/abaa.mx\/tienda\/#website\"},\"primaryImageOfPage\":{\"@id\":\"https:\/\/abaa.mx\/tienda\/mitutoyo-2929a-series-2-metric-standard-one-revolution-dial-indicator-con-respaldo-de-orejeta-08-mm\/#primaryimage\"},\"image\":{\"@id\":\"https:\/\/abaa.mx\/tienda\/mitutoyo-2929a-series-2-metric-standard-one-revolution-dial-indicator-con-respaldo-de-orejeta-08-mm\/#primaryimage\"},\"thumbnailUrl\":\"https:\/\/abaa.mx\/tienda\/wp-content\/uploads\/2023\/10\/2929A.jpeg\",\"datePublished\":\"2023-10-04T16:52:18+00:00\",\"breadcrumb\":{\"@id\":\"https:\/\/abaa.mx\/tienda\/mitutoyo-2929a-series-2-metric-standard-one-revolution-dial-indicator-con-respaldo-de-orejeta-08-mm\/#breadcrumb\"},\"inLanguage\":\"es\",\"potentialAction\":[{\"@type\":\"ReadAction\",\"target\":[\"https:\/\/abaa.mx\/tienda\/mitutoyo-2929a-series-2-metric-standard-one-revolution-dial-indicator-con-respaldo-de-orejeta-08-mm\/\"]}]},{\"@type\":\"ImageObject\",\"inLanguage\":\"es\",\"@id\":\"https:\/\/abaa.mx\/tienda\/mitutoyo-2929a-series-2-metric-standard-one-revolution-dial-indicator-con-respaldo-de-orejeta-08-mm\/#primaryimage\",\"url\":\"https:\/\/abaa.mx\/tienda\/wp-content\/uploads\/2023\/10\/2929A.jpeg\",\"contentUrl\":\"https:\/\/abaa.mx\/tienda\/wp-content\/uploads\/2023\/10\/2929A.jpeg\",\"width\":270,\"height\":471,\"caption\":\"2929A\"},{\"@type\":\"BreadcrumbList\",\"@id\":\"https:\/\/abaa.mx\/tienda\/mitutoyo-2929a-series-2-metric-standard-one-revolution-dial-indicator-con-respaldo-de-orejeta-08-mm\/#breadcrumb\",\"itemListElement\":[{\"@type\":\"ListItem\",\"position\":1,\"name\":\"Inicio\",\"item\":\"https:\/\/abaa.mx\/tienda\/\"},{\"@type\":\"ListItem\",\"position\":2,\"name\":\"Tienda\",\"item\":\"https:\/\/abaa.mx\/tienda\/\"},{\"@type\":\"ListItem\",\"position\":3,\"name\":\"mitutoyo 2929a series 2 metric standard one-revolution dial indicator con respaldo de orejeta, 0,8 mm\"}]},{\"@type\":\"WebSite\",\"@id\":\"https:\/\/abaa.mx\/tienda\/#website\",\"url\":\"https:\/\/abaa.mx\/tienda\/\",\"name\":\"Abaa tienda online\",\"description\":\"Instrumentos de medici\u00f3n\",\"publisher\":{\"@id\":\"https:\/\/abaa.mx\/tienda\/#organization\"},\"potentialAction\":[{\"@type\":\"SearchAction\",\"target\":{\"@type\":\"EntryPoint\",\"urlTemplate\":\"https:\/\/abaa.mx\/tienda\/?s={search_term_string}\"},\"query-input\":{\"@type\":\"PropertyValueSpecification\",\"valueRequired\":true,\"valueName\":\"search_term_string\"}}],\"inLanguage\":\"es\"},{\"@type\":\"Organization\",\"@id\":\"https:\/\/abaa.mx\/tienda\/#organization\",\"name\":\"Abaa tienda online\",\"url\":\"https:\/\/abaa.mx\/tienda\/\",\"logo\":{\"@type\":\"ImageObject\",\"inLanguage\":\"es\",\"@id\":\"https:\/\/abaa.mx\/tienda\/#\/schema\/logo\/image\/\",\"url\":\"https:\/\/abaa.mx\/tienda\/wp-content\/uploads\/2024\/01\/abaa-metrologia-tienda.png\",\"contentUrl\":\"https:\/\/abaa.mx\/tienda\/wp-content\/uploads\/2024\/01\/abaa-metrologia-tienda.png\",\"width\":300,\"height\":141,\"caption\":\"Abaa tienda online\"},\"image\":{\"@id\":\"https:\/\/abaa.mx\/tienda\/#\/schema\/logo\/image\/\"}}]}<\/script>\n<!-- \/ Yoast SEO plugin. -->","yoast_head_json":{"title":"mitutoyo 2929a series 2 metric standard one-revolution dial indicator con respaldo de orejeta, 0,8 mm - Abaa tienda online","robots":{"index":"index","follow":"follow","max-snippet":"max-snippet:-1","max-image-preview":"max-image-preview:large","max-video-preview":"max-video-preview:-1"},"canonical":"https:\/\/abaa.mx\/tienda\/mitutoyo-2929a-series-2-metric-standard-one-revolution-dial-indicator-con-respaldo-de-orejeta-08-mm\/","og_locale":"es_MX","og_type":"article","og_title":"mitutoyo 2929a series 2 metric standard one-revolution dial indicator con respaldo de orejeta, 0,8 mm - Abaa tienda online","og_description":"Elimine los errores de conteo err\u00f3neo en una escala f\u00e1cil de leer con este indicador de dial de una revoluci\u00f3n est\u00e1ndar m\u00e9trico con un respaldo de orejeta que ofrece una medici\u00f3n completa con un barrido de una mano y cuenta con un rango de 0 a 0,8 mm. Adem\u00e1s, el v\u00e1stago y el husillo de este indicador est\u00e1n construidos de acero endurecido para una mejor durabilidad.","og_url":"https:\/\/abaa.mx\/tienda\/mitutoyo-2929a-series-2-metric-standard-one-revolution-dial-indicator-con-respaldo-de-orejeta-08-mm\/","og_site_name":"Abaa tienda online","og_image":[{"width":270,"height":471,"url":"https:\/\/abaa.mx\/tienda\/wp-content\/uploads\/2023\/10\/2929A.jpeg","type":"image\/jpeg"}],"twitter_card":"summary_large_image","twitter_misc":{"Tiempo de lectura":"2 minutos"},"schema":{"@context":"https:\/\/schema.org","@graph":[{"@type":"WebPage","@id":"https:\/\/abaa.mx\/tienda\/mitutoyo-2929a-series-2-metric-standard-one-revolution-dial-indicator-con-respaldo-de-orejeta-08-mm\/","url":"https:\/\/abaa.mx\/tienda\/mitutoyo-2929a-series-2-metric-standard-one-revolution-dial-indicator-con-respaldo-de-orejeta-08-mm\/","name":"mitutoyo 2929a series 2 metric standard one-revolution dial indicator con respaldo de orejeta, 0,8 mm - Abaa tienda online","isPartOf":{"@id":"https:\/\/abaa.mx\/tienda\/#website"},"primaryImageOfPage":{"@id":"https:\/\/abaa.mx\/tienda\/mitutoyo-2929a-series-2-metric-standard-one-revolution-dial-indicator-con-respaldo-de-orejeta-08-mm\/#primaryimage"},"image":{"@id":"https:\/\/abaa.mx\/tienda\/mitutoyo-2929a-series-2-metric-standard-one-revolution-dial-indicator-con-respaldo-de-orejeta-08-mm\/#primaryimage"},"thumbnailUrl":"https:\/\/abaa.mx\/tienda\/wp-content\/uploads\/2023\/10\/2929A.jpeg","datePublished":"2023-10-04T16:52:18+00:00","breadcrumb":{"@id":"https:\/\/abaa.mx\/tienda\/mitutoyo-2929a-series-2-metric-standard-one-revolution-dial-indicator-con-respaldo-de-orejeta-08-mm\/#breadcrumb"},"inLanguage":"es","potentialAction":[{"@type":"ReadAction","target":["https:\/\/abaa.mx\/tienda\/mitutoyo-2929a-series-2-metric-standard-one-revolution-dial-indicator-con-respaldo-de-orejeta-08-mm\/"]}]},{"@type":"ImageObject","inLanguage":"es","@id":"https:\/\/abaa.mx\/tienda\/mitutoyo-2929a-series-2-metric-standard-one-revolution-dial-indicator-con-respaldo-de-orejeta-08-mm\/#primaryimage","url":"https:\/\/abaa.mx\/tienda\/wp-content\/uploads\/2023\/10\/2929A.jpeg","contentUrl":"https:\/\/abaa.mx\/tienda\/wp-content\/uploads\/2023\/10\/2929A.jpeg","width":270,"height":471,"caption":"2929A"},{"@type":"BreadcrumbList","@id":"https:\/\/abaa.mx\/tienda\/mitutoyo-2929a-series-2-metric-standard-one-revolution-dial-indicator-con-respaldo-de-orejeta-08-mm\/#breadcrumb","itemListElement":[{"@type":"ListItem","position":1,"name":"Inicio","item":"https:\/\/abaa.mx\/tienda\/"},{"@type":"ListItem","position":2,"name":"Tienda","item":"https:\/\/abaa.mx\/tienda\/"},{"@type":"ListItem","position":3,"name":"mitutoyo 2929a series 2 metric standard one-revolution dial indicator con respaldo de orejeta, 0,8 mm"}]},{"@type":"WebSite","@id":"https:\/\/abaa.mx\/tienda\/#website","url":"https:\/\/abaa.mx\/tienda\/","name":"Abaa tienda online","description":"Instrumentos de medici\u00f3n","publisher":{"@id":"https:\/\/abaa.mx\/tienda\/#organization"},"potentialAction":[{"@type":"SearchAction","target":{"@type":"EntryPoint","urlTemplate":"https:\/\/abaa.mx\/tienda\/?s={search_term_string}"},"query-input":{"@type":"PropertyValueSpecification","valueRequired":true,"valueName":"search_term_string"}}],"inLanguage":"es"},{"@type":"Organization","@id":"https:\/\/abaa.mx\/tienda\/#organization","name":"Abaa tienda online","url":"https:\/\/abaa.mx\/tienda\/","logo":{"@type":"ImageObject","inLanguage":"es","@id":"https:\/\/abaa.mx\/tienda\/#\/schema\/logo\/image\/","url":"https:\/\/abaa.mx\/tienda\/wp-content\/uploads\/2024\/01\/abaa-metrologia-tienda.png","contentUrl":"https:\/\/abaa.mx\/tienda\/wp-content\/uploads\/2024\/01\/abaa-metrologia-tienda.png","width":300,"height":141,"caption":"Abaa tienda online"},"image":{"@id":"https:\/\/abaa.mx\/tienda\/#\/schema\/logo\/image\/"}}]}},"_links":{"self":[{"href":"https:\/\/abaa.mx\/tienda\/wp-json\/wp\/v2\/product\/4386","targetHints":{"allow":["GET"]}}],"collection":[{"href":"https:\/\/abaa.mx\/tienda\/wp-json\/wp\/v2\/product"}],"about":[{"href":"https:\/\/abaa.mx\/tienda\/wp-json\/wp\/v2\/types\/product"}],"replies":[{"embeddable":true,"href":"https:\/\/abaa.mx\/tienda\/wp-json\/wp\/v2\/comments?post=4386"}],"wp:featuredmedia":[{"embeddable":true,"href":"https:\/\/abaa.mx\/tienda\/wp-json\/wp\/v2\/media\/4414"}],"wp:attachment":[{"href":"https:\/\/abaa.mx\/tienda\/wp-json\/wp\/v2\/media?parent=4386"}],"wp:term":[{"taxonomy":"product_brand","embeddable":true,"href":"https:\/\/abaa.mx\/tienda\/wp-json\/wp\/v2\/product_brand?post=4386"},{"taxonomy":"product_cat","embeddable":true,"href":"https:\/\/abaa.mx\/tienda\/wp-json\/wp\/v2\/product_cat?post=4386"},{"taxonomy":"product_tag","embeddable":true,"href":"https:\/\/abaa.mx\/tienda\/wp-json\/wp\/v2\/product_tag?post=4386"}],"curies":[{"name":"wp","href":"https:\/\/api.w.org\/{rel}","templated":true}]}}