{"id":4159,"date":"2023-10-02T19:36:08","date_gmt":"2023-10-02T19:36:08","guid":{"rendered":"https:\/\/abaa.mx\/tienda\/?post_type=product&#038;p=4159"},"modified":"2023-10-02T19:36:09","modified_gmt":"2023-10-02T19:36:09","slug":"mitutoyo-103-136-series-103-micrometro-exterior-con-dedal-de-friccion-1-a-2-0-0001","status":"publish","type":"product","link":"https:\/\/abaa.mx\/tienda\/mitutoyo-103-136-series-103-micrometro-exterior-con-dedal-de-friccion-1-a-2-0-0001\/","title":{"rendered":"Mitutoyo 103-136 series 103 micr\u00f3metro exterior con dedal de fricci\u00f3n, 1 a 2&#8243;, 0.0001&#8243;"},"content":{"rendered":"<h5><strong>Funciones<\/strong><\/h5>\n<ul>\n<li>El marco tiene un acabado de esmalte horneado hammertone para mayor durabilidad<\/li>\n<li>El revestimiento de carburo en el husillo y el yunque resiste el desgaste para mantener las superficies m\u00e1s planas con mayor precisi\u00f3n<\/li>\n<li>Speeder siempre est\u00e1 disponible para una rotaci\u00f3n r\u00e1pida del husillo<\/li>\n<li>Parada de trinquete para lecturas repetitivas exactas<\/li>\n<li>Viene con barra est\u00e1ndar<\/li>\n<\/ul>\n<h5><strong>Aplicaciones<\/strong><\/h5>\n<ul>\n<li>Para medir piezas met\u00e1licas y no met\u00e1licas<\/li>\n<li>Aeroespacial<\/li>\n<li>Automotor<\/li>\n<li>Defensa<\/li>\n<li>Electr\u00f3nica<\/li>\n<li>Energ\u00eda<\/li>\n<li>Fabricaci\u00f3n general<\/li>\n<li>Pl\u00e1sticos y caucho<\/li>\n<\/ul>\n<h4>Especificaciones<\/h4>\n<table class=\"table table-striped\">\n<tbody>\n<tr>\n<td>Gama<\/td>\n<td>1 a 2&#8243;<\/td>\n<\/tr>\n<tr>\n<td>Exactitud<\/td>\n<td>\u00b10,0001&#8243;<\/td>\n<\/tr>\n<tr>\n<td>Graduaci\u00f3n<\/td>\n<td>0.0001&#8243;<\/td>\n<\/tr>\n<tr>\n<td>Trinquete\/dedal<\/td>\n<td>Dedal de fricci\u00f3n<\/td>\n<\/tr>\n<tr>\n<td>Medici\u00f3n<\/td>\n<td>Fuerza: 5 a 10 N<br \/>\nCara: Carburo con punta<\/td>\n<\/tr>\n<tr>\n<td>Paralelismo<\/td>\n<td>0.0001&#8243; o menos<\/td>\n<\/tr>\n<tr>\n<td>Unidades<\/td>\n<td>Pulgada<\/td>\n<\/tr>\n<tr>\n<td>Tecnolog\u00eda<\/td>\n<td>Mec\u00e1nico<\/td>\n<\/tr>\n<tr>\n<td>Peso<\/td>\n<td>0,47 lb (215 g)<\/td>\n<\/tr>\n<\/tbody>\n<\/table>\n","protected":false},"excerpt":{"rendered":"<p class=\"short-description mhide ipad-view-setting\">Ideal para medir piezas de trabajo met\u00e1licas y no met\u00e1licas, este micr\u00f3metro exterior viene con un mecanismo de dedal de fricci\u00f3n que permite mediciones de fuerza constante para operaciones con una sola mano. Adem\u00e1s, este micr\u00f3metro cuenta con un rango de 1 a 2&#8243; y una graduaci\u00f3n de 0.0001&#8243;.<\/p>\n<p class=\"comment-tag-product\">\n<div class=\"row-fluid\">\n<div class=\"span12 mobile-pricing-box-padding\">\n<form id=\"53682\" accept-charset=\"utf-8\" action=\"https:\/\/www.globaltestsupply.com\/shop\/add\" method=\"post\" name=\"addTocartFunction\">\n<div><\/div>\n<\/form>\n<\/div>\n<\/div>\n","protected":false},"featured_media":4191,"comment_status":"open","ping_status":"closed","template":"","meta":{"_joinchat":[]},"product_brand":[],"product_cat":[15],"product_tag":[],"class_list":{"0":"post-4159","1":"product","2":"type-product","3":"status-publish","4":"has-post-thumbnail","6":"product_cat-sin-categorizar","8":"first","9":"instock","10":"shipping-taxable","11":"product-type-simple"},"yoast_head":"<!-- This site is optimized with the Yoast SEO plugin v26.4 - https:\/\/yoast.com\/wordpress\/plugins\/seo\/ -->\n<title>Mitutoyo 103-136 series 103 micr\u00f3metro exterior con dedal de fricci\u00f3n, 1 a 2&quot;, 0.0001&quot; - Abaa tienda online<\/title>\n<meta name=\"robots\" content=\"index, follow, max-snippet:-1, max-image-preview:large, max-video-preview:-1\" \/>\n<link rel=\"canonical\" href=\"https:\/\/abaa.mx\/tienda\/mitutoyo-103-136-series-103-micrometro-exterior-con-dedal-de-friccion-1-a-2-0-0001\/\" \/>\n<meta property=\"og:locale\" content=\"es_MX\" \/>\n<meta property=\"og:type\" content=\"article\" \/>\n<meta property=\"og:title\" content=\"Mitutoyo 103-136 series 103 micr\u00f3metro exterior con dedal de fricci\u00f3n, 1 a 2&quot;, 0.0001&quot; - Abaa tienda online\" \/>\n<meta property=\"og:description\" content=\"Ideal para medir piezas de trabajo met\u00e1licas y no met\u00e1licas, este micr\u00f3metro exterior viene con un mecanismo de dedal de fricci\u00f3n que permite mediciones de fuerza constante para operaciones con una sola mano. Adem\u00e1s, este micr\u00f3metro cuenta con un rango de 1 a 2&quot; y una graduaci\u00f3n de 0.0001&quot;.\" \/>\n<meta property=\"og:url\" content=\"https:\/\/abaa.mx\/tienda\/mitutoyo-103-136-series-103-micrometro-exterior-con-dedal-de-friccion-1-a-2-0-0001\/\" \/>\n<meta property=\"og:site_name\" content=\"Abaa tienda online\" \/>\n<meta property=\"article:modified_time\" content=\"2023-10-02T19:36:09+00:00\" \/>\n<meta property=\"og:image\" content=\"https:\/\/abaa.mx\/tienda\/wp-content\/uploads\/2023\/10\/103-136.jpg\" \/>\n\t<meta property=\"og:image:width\" content=\"474\" \/>\n\t<meta property=\"og:image:height\" content=\"474\" \/>\n\t<meta property=\"og:image:type\" content=\"image\/jpeg\" \/>\n<meta name=\"twitter:card\" content=\"summary_large_image\" \/>\n<meta name=\"twitter:label1\" content=\"Tiempo de lectura\" \/>\n\t<meta name=\"twitter:data1\" content=\"1 minuto\" \/>\n<script type=\"application\/ld+json\" class=\"yoast-schema-graph\">{\"@context\":\"https:\/\/schema.org\",\"@graph\":[{\"@type\":\"WebPage\",\"@id\":\"https:\/\/abaa.mx\/tienda\/mitutoyo-103-136-series-103-micrometro-exterior-con-dedal-de-friccion-1-a-2-0-0001\/\",\"url\":\"https:\/\/abaa.mx\/tienda\/mitutoyo-103-136-series-103-micrometro-exterior-con-dedal-de-friccion-1-a-2-0-0001\/\",\"name\":\"Mitutoyo 103-136 series 103 micr\u00f3metro exterior con dedal de fricci\u00f3n, 1 a 2\\\", 0.0001\\\" - Abaa tienda online\",\"isPartOf\":{\"@id\":\"https:\/\/abaa.mx\/tienda\/#website\"},\"primaryImageOfPage\":{\"@id\":\"https:\/\/abaa.mx\/tienda\/mitutoyo-103-136-series-103-micrometro-exterior-con-dedal-de-friccion-1-a-2-0-0001\/#primaryimage\"},\"image\":{\"@id\":\"https:\/\/abaa.mx\/tienda\/mitutoyo-103-136-series-103-micrometro-exterior-con-dedal-de-friccion-1-a-2-0-0001\/#primaryimage\"},\"thumbnailUrl\":\"https:\/\/abaa.mx\/tienda\/wp-content\/uploads\/2023\/10\/103-136.jpg\",\"datePublished\":\"2023-10-02T19:36:08+00:00\",\"dateModified\":\"2023-10-02T19:36:09+00:00\",\"breadcrumb\":{\"@id\":\"https:\/\/abaa.mx\/tienda\/mitutoyo-103-136-series-103-micrometro-exterior-con-dedal-de-friccion-1-a-2-0-0001\/#breadcrumb\"},\"inLanguage\":\"es\",\"potentialAction\":[{\"@type\":\"ReadAction\",\"target\":[\"https:\/\/abaa.mx\/tienda\/mitutoyo-103-136-series-103-micrometro-exterior-con-dedal-de-friccion-1-a-2-0-0001\/\"]}]},{\"@type\":\"ImageObject\",\"inLanguage\":\"es\",\"@id\":\"https:\/\/abaa.mx\/tienda\/mitutoyo-103-136-series-103-micrometro-exterior-con-dedal-de-friccion-1-a-2-0-0001\/#primaryimage\",\"url\":\"https:\/\/abaa.mx\/tienda\/wp-content\/uploads\/2023\/10\/103-136.jpg\",\"contentUrl\":\"https:\/\/abaa.mx\/tienda\/wp-content\/uploads\/2023\/10\/103-136.jpg\",\"width\":474,\"height\":474,\"caption\":\"103-136\"},{\"@type\":\"BreadcrumbList\",\"@id\":\"https:\/\/abaa.mx\/tienda\/mitutoyo-103-136-series-103-micrometro-exterior-con-dedal-de-friccion-1-a-2-0-0001\/#breadcrumb\",\"itemListElement\":[{\"@type\":\"ListItem\",\"position\":1,\"name\":\"Inicio\",\"item\":\"https:\/\/abaa.mx\/tienda\/\"},{\"@type\":\"ListItem\",\"position\":2,\"name\":\"Tienda\",\"item\":\"https:\/\/abaa.mx\/tienda\/\"},{\"@type\":\"ListItem\",\"position\":3,\"name\":\"Mitutoyo 103-136 series 103 micr\u00f3metro exterior con dedal de fricci\u00f3n, 1 a 2&#8243;, 0.0001&#8243;\"}]},{\"@type\":\"WebSite\",\"@id\":\"https:\/\/abaa.mx\/tienda\/#website\",\"url\":\"https:\/\/abaa.mx\/tienda\/\",\"name\":\"Abaa tienda online\",\"description\":\"Instrumentos de medici\u00f3n\",\"publisher\":{\"@id\":\"https:\/\/abaa.mx\/tienda\/#organization\"},\"potentialAction\":[{\"@type\":\"SearchAction\",\"target\":{\"@type\":\"EntryPoint\",\"urlTemplate\":\"https:\/\/abaa.mx\/tienda\/?s={search_term_string}\"},\"query-input\":{\"@type\":\"PropertyValueSpecification\",\"valueRequired\":true,\"valueName\":\"search_term_string\"}}],\"inLanguage\":\"es\"},{\"@type\":\"Organization\",\"@id\":\"https:\/\/abaa.mx\/tienda\/#organization\",\"name\":\"Abaa tienda online\",\"url\":\"https:\/\/abaa.mx\/tienda\/\",\"logo\":{\"@type\":\"ImageObject\",\"inLanguage\":\"es\",\"@id\":\"https:\/\/abaa.mx\/tienda\/#\/schema\/logo\/image\/\",\"url\":\"https:\/\/abaa.mx\/tienda\/wp-content\/uploads\/2024\/01\/abaa-metrologia-tienda.png\",\"contentUrl\":\"https:\/\/abaa.mx\/tienda\/wp-content\/uploads\/2024\/01\/abaa-metrologia-tienda.png\",\"width\":300,\"height\":141,\"caption\":\"Abaa tienda online\"},\"image\":{\"@id\":\"https:\/\/abaa.mx\/tienda\/#\/schema\/logo\/image\/\"}}]}<\/script>\n<!-- \/ Yoast SEO plugin. -->","yoast_head_json":{"title":"Mitutoyo 103-136 series 103 micr\u00f3metro exterior con dedal de fricci\u00f3n, 1 a 2\", 0.0001\" - Abaa tienda online","robots":{"index":"index","follow":"follow","max-snippet":"max-snippet:-1","max-image-preview":"max-image-preview:large","max-video-preview":"max-video-preview:-1"},"canonical":"https:\/\/abaa.mx\/tienda\/mitutoyo-103-136-series-103-micrometro-exterior-con-dedal-de-friccion-1-a-2-0-0001\/","og_locale":"es_MX","og_type":"article","og_title":"Mitutoyo 103-136 series 103 micr\u00f3metro exterior con dedal de fricci\u00f3n, 1 a 2\", 0.0001\" - Abaa tienda online","og_description":"Ideal para medir piezas de trabajo met\u00e1licas y no met\u00e1licas, este micr\u00f3metro exterior viene con un mecanismo de dedal de fricci\u00f3n que permite mediciones de fuerza constante para operaciones con una sola mano. Adem\u00e1s, este micr\u00f3metro cuenta con un rango de 1 a 2\" y una graduaci\u00f3n de 0.0001\".","og_url":"https:\/\/abaa.mx\/tienda\/mitutoyo-103-136-series-103-micrometro-exterior-con-dedal-de-friccion-1-a-2-0-0001\/","og_site_name":"Abaa tienda online","article_modified_time":"2023-10-02T19:36:09+00:00","og_image":[{"width":474,"height":474,"url":"https:\/\/abaa.mx\/tienda\/wp-content\/uploads\/2023\/10\/103-136.jpg","type":"image\/jpeg"}],"twitter_card":"summary_large_image","twitter_misc":{"Tiempo de lectura":"1 minuto"},"schema":{"@context":"https:\/\/schema.org","@graph":[{"@type":"WebPage","@id":"https:\/\/abaa.mx\/tienda\/mitutoyo-103-136-series-103-micrometro-exterior-con-dedal-de-friccion-1-a-2-0-0001\/","url":"https:\/\/abaa.mx\/tienda\/mitutoyo-103-136-series-103-micrometro-exterior-con-dedal-de-friccion-1-a-2-0-0001\/","name":"Mitutoyo 103-136 series 103 micr\u00f3metro exterior con dedal de fricci\u00f3n, 1 a 2\", 0.0001\" - Abaa tienda online","isPartOf":{"@id":"https:\/\/abaa.mx\/tienda\/#website"},"primaryImageOfPage":{"@id":"https:\/\/abaa.mx\/tienda\/mitutoyo-103-136-series-103-micrometro-exterior-con-dedal-de-friccion-1-a-2-0-0001\/#primaryimage"},"image":{"@id":"https:\/\/abaa.mx\/tienda\/mitutoyo-103-136-series-103-micrometro-exterior-con-dedal-de-friccion-1-a-2-0-0001\/#primaryimage"},"thumbnailUrl":"https:\/\/abaa.mx\/tienda\/wp-content\/uploads\/2023\/10\/103-136.jpg","datePublished":"2023-10-02T19:36:08+00:00","dateModified":"2023-10-02T19:36:09+00:00","breadcrumb":{"@id":"https:\/\/abaa.mx\/tienda\/mitutoyo-103-136-series-103-micrometro-exterior-con-dedal-de-friccion-1-a-2-0-0001\/#breadcrumb"},"inLanguage":"es","potentialAction":[{"@type":"ReadAction","target":["https:\/\/abaa.mx\/tienda\/mitutoyo-103-136-series-103-micrometro-exterior-con-dedal-de-friccion-1-a-2-0-0001\/"]}]},{"@type":"ImageObject","inLanguage":"es","@id":"https:\/\/abaa.mx\/tienda\/mitutoyo-103-136-series-103-micrometro-exterior-con-dedal-de-friccion-1-a-2-0-0001\/#primaryimage","url":"https:\/\/abaa.mx\/tienda\/wp-content\/uploads\/2023\/10\/103-136.jpg","contentUrl":"https:\/\/abaa.mx\/tienda\/wp-content\/uploads\/2023\/10\/103-136.jpg","width":474,"height":474,"caption":"103-136"},{"@type":"BreadcrumbList","@id":"https:\/\/abaa.mx\/tienda\/mitutoyo-103-136-series-103-micrometro-exterior-con-dedal-de-friccion-1-a-2-0-0001\/#breadcrumb","itemListElement":[{"@type":"ListItem","position":1,"name":"Inicio","item":"https:\/\/abaa.mx\/tienda\/"},{"@type":"ListItem","position":2,"name":"Tienda","item":"https:\/\/abaa.mx\/tienda\/"},{"@type":"ListItem","position":3,"name":"Mitutoyo 103-136 series 103 micr\u00f3metro exterior con dedal de fricci\u00f3n, 1 a 2&#8243;, 0.0001&#8243;"}]},{"@type":"WebSite","@id":"https:\/\/abaa.mx\/tienda\/#website","url":"https:\/\/abaa.mx\/tienda\/","name":"Abaa tienda online","description":"Instrumentos de medici\u00f3n","publisher":{"@id":"https:\/\/abaa.mx\/tienda\/#organization"},"potentialAction":[{"@type":"SearchAction","target":{"@type":"EntryPoint","urlTemplate":"https:\/\/abaa.mx\/tienda\/?s={search_term_string}"},"query-input":{"@type":"PropertyValueSpecification","valueRequired":true,"valueName":"search_term_string"}}],"inLanguage":"es"},{"@type":"Organization","@id":"https:\/\/abaa.mx\/tienda\/#organization","name":"Abaa tienda online","url":"https:\/\/abaa.mx\/tienda\/","logo":{"@type":"ImageObject","inLanguage":"es","@id":"https:\/\/abaa.mx\/tienda\/#\/schema\/logo\/image\/","url":"https:\/\/abaa.mx\/tienda\/wp-content\/uploads\/2024\/01\/abaa-metrologia-tienda.png","contentUrl":"https:\/\/abaa.mx\/tienda\/wp-content\/uploads\/2024\/01\/abaa-metrologia-tienda.png","width":300,"height":141,"caption":"Abaa tienda online"},"image":{"@id":"https:\/\/abaa.mx\/tienda\/#\/schema\/logo\/image\/"}}]}},"_links":{"self":[{"href":"https:\/\/abaa.mx\/tienda\/wp-json\/wp\/v2\/product\/4159","targetHints":{"allow":["GET"]}}],"collection":[{"href":"https:\/\/abaa.mx\/tienda\/wp-json\/wp\/v2\/product"}],"about":[{"href":"https:\/\/abaa.mx\/tienda\/wp-json\/wp\/v2\/types\/product"}],"replies":[{"embeddable":true,"href":"https:\/\/abaa.mx\/tienda\/wp-json\/wp\/v2\/comments?post=4159"}],"wp:featuredmedia":[{"embeddable":true,"href":"https:\/\/abaa.mx\/tienda\/wp-json\/wp\/v2\/media\/4191"}],"wp:attachment":[{"href":"https:\/\/abaa.mx\/tienda\/wp-json\/wp\/v2\/media?parent=4159"}],"wp:term":[{"taxonomy":"product_brand","embeddable":true,"href":"https:\/\/abaa.mx\/tienda\/wp-json\/wp\/v2\/product_brand?post=4159"},{"taxonomy":"product_cat","embeddable":true,"href":"https:\/\/abaa.mx\/tienda\/wp-json\/wp\/v2\/product_cat?post=4159"},{"taxonomy":"product_tag","embeddable":true,"href":"https:\/\/abaa.mx\/tienda\/wp-json\/wp\/v2\/product_tag?post=4159"}],"curies":[{"name":"wp","href":"https:\/\/api.w.org\/{rel}","templated":true}]}}