{"id":4147,"date":"2023-10-02T19:04:08","date_gmt":"2023-10-02T19:04:08","guid":{"rendered":"https:\/\/abaa.mx\/tienda\/?post_type=product&#038;p=4147"},"modified":"2023-10-02T19:04:08","modified_gmt":"2023-10-02T19:04:08","slug":"mitutoyo-2414a-series-2-pulgadas-indicador-de-dial-de-tipo-estandar-con-orejeta-trasera-0-5-0-001","status":"publish","type":"product","link":"https:\/\/abaa.mx\/tienda\/mitutoyo-2414a-series-2-pulgadas-indicador-de-dial-de-tipo-estandar-con-orejeta-trasera-0-5-0-001\/","title":{"rendered":"mitutoyo 2414a series 2 pulgadas indicador de dial de tipo est\u00e1ndar con orejeta trasera, 0.5&#8243;, 0.001&#8243;"},"content":{"rendered":"<h4>Mitutoyo 2414A Ofertas<\/h4>\n<p><strong>Funciones<\/strong><\/p>\n<ul>\n<li>Se ofrece con respaldo de orejeta para fines de montaje<\/li>\n<li>Un revolucionario dise\u00f1o de buje de husillo offset proporciona una sujeci\u00f3n del v\u00e1stago sin problemas y un rango de sujeci\u00f3n m\u00e1s largo<\/li>\n<li>El exclusivo mecanismo a prueba de golpes protege contra golpes de retracci\u00f3n repentina del husillo<\/li>\n<li>La adhesi\u00f3n asegurada entre el marco y el cristal, junto con el uso de una junta t\u00f3rica, protege el indicador contra la permeabilidad de agua y aceite a trav\u00e9s de la cara frontal<\/li>\n<li>El engranaje de cremallera se rectifica en la m\u00e1quina para un ajuste m\u00e1s ajustado y una mayor precisi\u00f3n<\/li>\n<li>Una mayor rigidez en la placa del rodamiento reduce el error de retroceso hasta en un 20%<\/li>\n<li>El montaje de 4 tornillos aumenta la resistencia al impacto para una precisi\u00f3n mejor y m\u00e1s larga<\/li>\n<li>Sin orificio de tornillo pasante en el marco proporciona una mejor resistencia al polvo<\/li>\n<li>El punto de contacto tiene punta de carburo para una precisi\u00f3n duradera y durabilidad<\/li>\n<li>Crystal es libre de deslumbramiento con un revestimiento resistente a los ara\u00f1azos<\/li>\n<li>Fabricado para cumplir con los est\u00e1ndares ANSI\/AGD<\/li>\n<li>Sin orificios de tornillo pasantes en el marco y la adhesi\u00f3n segura entre el bisel y el cristal, as\u00ed como el uso de una junta t\u00f3rica evita la penetraci\u00f3n de agua o aceite<\/li>\n<\/ul>\n<p><strong>Aplicaciones<\/strong><\/p>\n<ul>\n<li>Aeroespacial<\/li>\n<li>Automotor<\/li>\n<li>Defensa<\/li>\n<li>Electr\u00f3nica<\/li>\n<li>Energ\u00eda<\/li>\n<li>Fabricaci\u00f3n general<\/li>\n<li>Pl\u00e1sticos y caucho<\/li>\n<\/ul>\n<h4>Mitutoyo 2414A Especificaciones<\/h4>\n<table class=\"table table-striped\">\n<tbody>\n<tr>\n<td>Unidades<\/td>\n<td>Pulgada<\/td>\n<\/tr>\n<tr>\n<td>Gama<\/td>\n<td>0 a 0.5&#8243;Revoluci\u00f3n: 0.1&#8243;<\/td>\n<\/tr>\n<tr>\n<td>Digital\/Anal\u00f3gico<\/td>\n<td>Anal\u00f3gico<\/td>\n<\/tr>\n<tr>\n<td>Graduaci\u00f3n<\/td>\n<td>0.001&#8243;<\/td>\n<\/tr>\n<tr>\n<td>Lectura de marcaci\u00f3n<\/td>\n<td>De 0 a 100<\/td>\n<\/tr>\n<tr>\n<td>Tipo de espalda<\/td>\n<td>Trasero de leng\u00fceta<\/td>\n<\/tr>\n<tr>\n<td>Exactitud<\/td>\n<td>\u00b10,001&#8243;<\/td>\n<\/tr>\n<tr>\n<td>Fuerza de medici\u00f3n<\/td>\n<td>1.8 o menosN<\/td>\n<\/tr>\n<tr>\n<td>Error de indicaci\u00f3n One Revolution<\/td>\n<td>\u00b10,001&#8243;<\/td>\n<\/tr>\n<tr>\n<td>Tipo<\/td>\n<td>Est\u00e1ndar ANSI\/AGD<\/td>\n<\/tr>\n<tr>\n<td>Tallo<\/td>\n<td>0,375&#8243;\/9,52 mm<\/td>\n<\/tr>\n<tr>\n<td>Punto de contacto<\/td>\n<td>Carburo puntiagudo, hilo: 4-48UNF<\/td>\n<\/tr>\n<tr>\n<td>Dial continuo<\/td>\n<td>S\u00ed<\/td>\n<\/tr>\n<tr>\n<td>Dimensiones<\/td>\n<td>4,05 x 1,44&#8243; (103 x 36,7 mm)<\/td>\n<\/tr>\n<tr>\n<td>Peso<\/td>\n<td>0,36 libras (164 g)<\/td>\n<\/tr>\n<\/tbody>\n<\/table>\n","protected":false},"excerpt":{"rendered":"<p>Funciona con simplicidad, excelente precisi\u00f3n y confiabilidad, este indicador de dial de tipo est\u00e1ndar de pulgadas con respaldo de orejeta presenta un rango m\u00e1ximo de 0.5 &#8220;y una graduaci\u00f3n de 0.001&#8221;. Adem\u00e1s, este indicador cuenta con un mecanismo \u00fanico a prueba de golpes que protege contra los golpes de la retracci\u00f3n repentina del husillo.<\/p>\n","protected":false},"featured_media":4163,"comment_status":"open","ping_status":"closed","template":"","meta":{"_joinchat":[]},"product_brand":[],"product_cat":[15],"product_tag":[],"class_list":{"0":"post-4147","1":"product","2":"type-product","3":"status-publish","4":"has-post-thumbnail","6":"product_cat-sin-categorizar","8":"first","9":"instock","10":"shipping-taxable","11":"product-type-simple"},"yoast_head":"<!-- This site is optimized with the Yoast SEO plugin v26.4 - https:\/\/yoast.com\/wordpress\/plugins\/seo\/ -->\n<title>mitutoyo 2414a series 2 pulgadas indicador de dial de tipo est\u00e1ndar con orejeta trasera, 0.5&quot;, 0.001&quot; - Abaa tienda online<\/title>\n<meta name=\"robots\" content=\"index, follow, max-snippet:-1, max-image-preview:large, max-video-preview:-1\" \/>\n<link rel=\"canonical\" href=\"https:\/\/abaa.mx\/tienda\/mitutoyo-2414a-series-2-pulgadas-indicador-de-dial-de-tipo-estandar-con-orejeta-trasera-0-5-0-001\/\" \/>\n<meta property=\"og:locale\" content=\"es_MX\" \/>\n<meta property=\"og:type\" content=\"article\" \/>\n<meta property=\"og:title\" content=\"mitutoyo 2414a series 2 pulgadas indicador de dial de tipo est\u00e1ndar con orejeta trasera, 0.5&quot;, 0.001&quot; - Abaa tienda online\" \/>\n<meta property=\"og:description\" content=\"Funciona con simplicidad, excelente precisi\u00f3n y confiabilidad, este indicador de dial de tipo est\u00e1ndar de pulgadas con respaldo de orejeta presenta un rango m\u00e1ximo de 0.5 &quot;y una graduaci\u00f3n de 0.001&quot;. Adem\u00e1s, este indicador cuenta con un mecanismo \u00fanico a prueba de golpes que protege contra los golpes de la retracci\u00f3n repentina del husillo.\" \/>\n<meta property=\"og:url\" content=\"https:\/\/abaa.mx\/tienda\/mitutoyo-2414a-series-2-pulgadas-indicador-de-dial-de-tipo-estandar-con-orejeta-trasera-0-5-0-001\/\" \/>\n<meta property=\"og:site_name\" content=\"Abaa tienda online\" \/>\n<meta property=\"og:image\" content=\"https:\/\/abaa.mx\/tienda\/wp-content\/uploads\/2023\/10\/2414A.jpeg\" \/>\n\t<meta property=\"og:image:width\" content=\"270\" \/>\n\t<meta property=\"og:image:height\" content=\"396\" \/>\n\t<meta property=\"og:image:type\" content=\"image\/jpeg\" \/>\n<meta name=\"twitter:card\" content=\"summary_large_image\" \/>\n<meta name=\"twitter:label1\" content=\"Tiempo de lectura\" \/>\n\t<meta name=\"twitter:data1\" content=\"2 minutos\" \/>\n<script type=\"application\/ld+json\" class=\"yoast-schema-graph\">{\"@context\":\"https:\/\/schema.org\",\"@graph\":[{\"@type\":\"WebPage\",\"@id\":\"https:\/\/abaa.mx\/tienda\/mitutoyo-2414a-series-2-pulgadas-indicador-de-dial-de-tipo-estandar-con-orejeta-trasera-0-5-0-001\/\",\"url\":\"https:\/\/abaa.mx\/tienda\/mitutoyo-2414a-series-2-pulgadas-indicador-de-dial-de-tipo-estandar-con-orejeta-trasera-0-5-0-001\/\",\"name\":\"mitutoyo 2414a series 2 pulgadas indicador de dial de tipo est\u00e1ndar con orejeta trasera, 0.5\\\", 0.001\\\" - Abaa tienda online\",\"isPartOf\":{\"@id\":\"https:\/\/abaa.mx\/tienda\/#website\"},\"primaryImageOfPage\":{\"@id\":\"https:\/\/abaa.mx\/tienda\/mitutoyo-2414a-series-2-pulgadas-indicador-de-dial-de-tipo-estandar-con-orejeta-trasera-0-5-0-001\/#primaryimage\"},\"image\":{\"@id\":\"https:\/\/abaa.mx\/tienda\/mitutoyo-2414a-series-2-pulgadas-indicador-de-dial-de-tipo-estandar-con-orejeta-trasera-0-5-0-001\/#primaryimage\"},\"thumbnailUrl\":\"https:\/\/abaa.mx\/tienda\/wp-content\/uploads\/2023\/10\/2414A.jpeg\",\"datePublished\":\"2023-10-02T19:04:08+00:00\",\"breadcrumb\":{\"@id\":\"https:\/\/abaa.mx\/tienda\/mitutoyo-2414a-series-2-pulgadas-indicador-de-dial-de-tipo-estandar-con-orejeta-trasera-0-5-0-001\/#breadcrumb\"},\"inLanguage\":\"es\",\"potentialAction\":[{\"@type\":\"ReadAction\",\"target\":[\"https:\/\/abaa.mx\/tienda\/mitutoyo-2414a-series-2-pulgadas-indicador-de-dial-de-tipo-estandar-con-orejeta-trasera-0-5-0-001\/\"]}]},{\"@type\":\"ImageObject\",\"inLanguage\":\"es\",\"@id\":\"https:\/\/abaa.mx\/tienda\/mitutoyo-2414a-series-2-pulgadas-indicador-de-dial-de-tipo-estandar-con-orejeta-trasera-0-5-0-001\/#primaryimage\",\"url\":\"https:\/\/abaa.mx\/tienda\/wp-content\/uploads\/2023\/10\/2414A.jpeg\",\"contentUrl\":\"https:\/\/abaa.mx\/tienda\/wp-content\/uploads\/2023\/10\/2414A.jpeg\",\"width\":270,\"height\":396,\"caption\":\"2414A\"},{\"@type\":\"BreadcrumbList\",\"@id\":\"https:\/\/abaa.mx\/tienda\/mitutoyo-2414a-series-2-pulgadas-indicador-de-dial-de-tipo-estandar-con-orejeta-trasera-0-5-0-001\/#breadcrumb\",\"itemListElement\":[{\"@type\":\"ListItem\",\"position\":1,\"name\":\"Inicio\",\"item\":\"https:\/\/abaa.mx\/tienda\/\"},{\"@type\":\"ListItem\",\"position\":2,\"name\":\"Tienda\",\"item\":\"https:\/\/abaa.mx\/tienda\/\"},{\"@type\":\"ListItem\",\"position\":3,\"name\":\"mitutoyo 2414a series 2 pulgadas indicador de dial de tipo est\u00e1ndar con orejeta trasera, 0.5&#8243;, 0.001&#8243;\"}]},{\"@type\":\"WebSite\",\"@id\":\"https:\/\/abaa.mx\/tienda\/#website\",\"url\":\"https:\/\/abaa.mx\/tienda\/\",\"name\":\"Abaa tienda online\",\"description\":\"Instrumentos de medici\u00f3n\",\"publisher\":{\"@id\":\"https:\/\/abaa.mx\/tienda\/#organization\"},\"potentialAction\":[{\"@type\":\"SearchAction\",\"target\":{\"@type\":\"EntryPoint\",\"urlTemplate\":\"https:\/\/abaa.mx\/tienda\/?s={search_term_string}\"},\"query-input\":{\"@type\":\"PropertyValueSpecification\",\"valueRequired\":true,\"valueName\":\"search_term_string\"}}],\"inLanguage\":\"es\"},{\"@type\":\"Organization\",\"@id\":\"https:\/\/abaa.mx\/tienda\/#organization\",\"name\":\"Abaa tienda online\",\"url\":\"https:\/\/abaa.mx\/tienda\/\",\"logo\":{\"@type\":\"ImageObject\",\"inLanguage\":\"es\",\"@id\":\"https:\/\/abaa.mx\/tienda\/#\/schema\/logo\/image\/\",\"url\":\"https:\/\/abaa.mx\/tienda\/wp-content\/uploads\/2024\/01\/abaa-metrologia-tienda.png\",\"contentUrl\":\"https:\/\/abaa.mx\/tienda\/wp-content\/uploads\/2024\/01\/abaa-metrologia-tienda.png\",\"width\":300,\"height\":141,\"caption\":\"Abaa tienda online\"},\"image\":{\"@id\":\"https:\/\/abaa.mx\/tienda\/#\/schema\/logo\/image\/\"}}]}<\/script>\n<!-- \/ Yoast SEO plugin. -->","yoast_head_json":{"title":"mitutoyo 2414a series 2 pulgadas indicador de dial de tipo est\u00e1ndar con orejeta trasera, 0.5\", 0.001\" - Abaa tienda online","robots":{"index":"index","follow":"follow","max-snippet":"max-snippet:-1","max-image-preview":"max-image-preview:large","max-video-preview":"max-video-preview:-1"},"canonical":"https:\/\/abaa.mx\/tienda\/mitutoyo-2414a-series-2-pulgadas-indicador-de-dial-de-tipo-estandar-con-orejeta-trasera-0-5-0-001\/","og_locale":"es_MX","og_type":"article","og_title":"mitutoyo 2414a series 2 pulgadas indicador de dial de tipo est\u00e1ndar con orejeta trasera, 0.5\", 0.001\" - Abaa tienda online","og_description":"Funciona con simplicidad, excelente precisi\u00f3n y confiabilidad, este indicador de dial de tipo est\u00e1ndar de pulgadas con respaldo de orejeta presenta un rango m\u00e1ximo de 0.5 \"y una graduaci\u00f3n de 0.001\". Adem\u00e1s, este indicador cuenta con un mecanismo \u00fanico a prueba de golpes que protege contra los golpes de la retracci\u00f3n repentina del husillo.","og_url":"https:\/\/abaa.mx\/tienda\/mitutoyo-2414a-series-2-pulgadas-indicador-de-dial-de-tipo-estandar-con-orejeta-trasera-0-5-0-001\/","og_site_name":"Abaa tienda online","og_image":[{"width":270,"height":396,"url":"https:\/\/abaa.mx\/tienda\/wp-content\/uploads\/2023\/10\/2414A.jpeg","type":"image\/jpeg"}],"twitter_card":"summary_large_image","twitter_misc":{"Tiempo de lectura":"2 minutos"},"schema":{"@context":"https:\/\/schema.org","@graph":[{"@type":"WebPage","@id":"https:\/\/abaa.mx\/tienda\/mitutoyo-2414a-series-2-pulgadas-indicador-de-dial-de-tipo-estandar-con-orejeta-trasera-0-5-0-001\/","url":"https:\/\/abaa.mx\/tienda\/mitutoyo-2414a-series-2-pulgadas-indicador-de-dial-de-tipo-estandar-con-orejeta-trasera-0-5-0-001\/","name":"mitutoyo 2414a series 2 pulgadas indicador de dial de tipo est\u00e1ndar con orejeta trasera, 0.5\", 0.001\" - Abaa tienda online","isPartOf":{"@id":"https:\/\/abaa.mx\/tienda\/#website"},"primaryImageOfPage":{"@id":"https:\/\/abaa.mx\/tienda\/mitutoyo-2414a-series-2-pulgadas-indicador-de-dial-de-tipo-estandar-con-orejeta-trasera-0-5-0-001\/#primaryimage"},"image":{"@id":"https:\/\/abaa.mx\/tienda\/mitutoyo-2414a-series-2-pulgadas-indicador-de-dial-de-tipo-estandar-con-orejeta-trasera-0-5-0-001\/#primaryimage"},"thumbnailUrl":"https:\/\/abaa.mx\/tienda\/wp-content\/uploads\/2023\/10\/2414A.jpeg","datePublished":"2023-10-02T19:04:08+00:00","breadcrumb":{"@id":"https:\/\/abaa.mx\/tienda\/mitutoyo-2414a-series-2-pulgadas-indicador-de-dial-de-tipo-estandar-con-orejeta-trasera-0-5-0-001\/#breadcrumb"},"inLanguage":"es","potentialAction":[{"@type":"ReadAction","target":["https:\/\/abaa.mx\/tienda\/mitutoyo-2414a-series-2-pulgadas-indicador-de-dial-de-tipo-estandar-con-orejeta-trasera-0-5-0-001\/"]}]},{"@type":"ImageObject","inLanguage":"es","@id":"https:\/\/abaa.mx\/tienda\/mitutoyo-2414a-series-2-pulgadas-indicador-de-dial-de-tipo-estandar-con-orejeta-trasera-0-5-0-001\/#primaryimage","url":"https:\/\/abaa.mx\/tienda\/wp-content\/uploads\/2023\/10\/2414A.jpeg","contentUrl":"https:\/\/abaa.mx\/tienda\/wp-content\/uploads\/2023\/10\/2414A.jpeg","width":270,"height":396,"caption":"2414A"},{"@type":"BreadcrumbList","@id":"https:\/\/abaa.mx\/tienda\/mitutoyo-2414a-series-2-pulgadas-indicador-de-dial-de-tipo-estandar-con-orejeta-trasera-0-5-0-001\/#breadcrumb","itemListElement":[{"@type":"ListItem","position":1,"name":"Inicio","item":"https:\/\/abaa.mx\/tienda\/"},{"@type":"ListItem","position":2,"name":"Tienda","item":"https:\/\/abaa.mx\/tienda\/"},{"@type":"ListItem","position":3,"name":"mitutoyo 2414a series 2 pulgadas indicador de dial de tipo est\u00e1ndar con orejeta trasera, 0.5&#8243;, 0.001&#8243;"}]},{"@type":"WebSite","@id":"https:\/\/abaa.mx\/tienda\/#website","url":"https:\/\/abaa.mx\/tienda\/","name":"Abaa tienda online","description":"Instrumentos de medici\u00f3n","publisher":{"@id":"https:\/\/abaa.mx\/tienda\/#organization"},"potentialAction":[{"@type":"SearchAction","target":{"@type":"EntryPoint","urlTemplate":"https:\/\/abaa.mx\/tienda\/?s={search_term_string}"},"query-input":{"@type":"PropertyValueSpecification","valueRequired":true,"valueName":"search_term_string"}}],"inLanguage":"es"},{"@type":"Organization","@id":"https:\/\/abaa.mx\/tienda\/#organization","name":"Abaa tienda online","url":"https:\/\/abaa.mx\/tienda\/","logo":{"@type":"ImageObject","inLanguage":"es","@id":"https:\/\/abaa.mx\/tienda\/#\/schema\/logo\/image\/","url":"https:\/\/abaa.mx\/tienda\/wp-content\/uploads\/2024\/01\/abaa-metrologia-tienda.png","contentUrl":"https:\/\/abaa.mx\/tienda\/wp-content\/uploads\/2024\/01\/abaa-metrologia-tienda.png","width":300,"height":141,"caption":"Abaa tienda online"},"image":{"@id":"https:\/\/abaa.mx\/tienda\/#\/schema\/logo\/image\/"}}]}},"_links":{"self":[{"href":"https:\/\/abaa.mx\/tienda\/wp-json\/wp\/v2\/product\/4147","targetHints":{"allow":["GET"]}}],"collection":[{"href":"https:\/\/abaa.mx\/tienda\/wp-json\/wp\/v2\/product"}],"about":[{"href":"https:\/\/abaa.mx\/tienda\/wp-json\/wp\/v2\/types\/product"}],"replies":[{"embeddable":true,"href":"https:\/\/abaa.mx\/tienda\/wp-json\/wp\/v2\/comments?post=4147"}],"wp:featuredmedia":[{"embeddable":true,"href":"https:\/\/abaa.mx\/tienda\/wp-json\/wp\/v2\/media\/4163"}],"wp:attachment":[{"href":"https:\/\/abaa.mx\/tienda\/wp-json\/wp\/v2\/media?parent=4147"}],"wp:term":[{"taxonomy":"product_brand","embeddable":true,"href":"https:\/\/abaa.mx\/tienda\/wp-json\/wp\/v2\/product_brand?post=4147"},{"taxonomy":"product_cat","embeddable":true,"href":"https:\/\/abaa.mx\/tienda\/wp-json\/wp\/v2\/product_cat?post=4147"},{"taxonomy":"product_tag","embeddable":true,"href":"https:\/\/abaa.mx\/tienda\/wp-json\/wp\/v2\/product_tag?post=4147"}],"curies":[{"name":"wp","href":"https:\/\/api.w.org\/{rel}","templated":true}]}}