{"id":4113,"date":"2023-10-02T18:24:53","date_gmt":"2023-10-02T18:24:53","guid":{"rendered":"https:\/\/abaa.mx\/tienda\/?post_type=product&#038;p=4113"},"modified":"2023-10-02T18:24:54","modified_gmt":"2023-10-02T18:24:54","slug":"mitutoyo-227-215-10-series-227-absolute-digimatic-micrometer-con-fuerza-de-medicion-ajustable-0-a-0-4","status":"publish","type":"product","link":"https:\/\/abaa.mx\/tienda\/mitutoyo-227-215-10-series-227-absolute-digimatic-micrometer-con-fuerza-de-medicion-ajustable-0-a-0-4\/","title":{"rendered":"mitutoyo 227-215-10 series 227 absolute digimatic micrometer con fuerza de medici\u00f3n ajustable, 0 a 0.4&#8243;"},"content":{"rendered":"<h4>Mitutoyo 227-215-20<\/h4>\n<p>&nbsp;<\/p>\n<p>Utilice el micr\u00f3metro digim\u00e1tico ABSOLUTE Mitutoyo 227-215 Series 227 con fuerza de medici\u00f3n ajustable para obtener las lecturas que busca. El micr\u00f3metro cuenta con una fuerza de medici\u00f3n ajustable para manejar una variedad de materiales de trabajo y puede retener datos autom\u00e1ticamente gracias a la funci\u00f3n de retenci\u00f3n de valor de medici\u00f3n. Viene con una caja de pl\u00e1stico ajustada.<\/p>\n<p><strong>Funciones<\/strong><\/p>\n<ul>\n<li>La pantalla LCD es f\u00e1cil de leer<\/li>\n<li>El dedal de fricci\u00f3n de trinquete cuenta con un mecanismo de fuerza de medici\u00f3n constante y baja que se puede ajustar para acomodar varios tipos de materiales de trabajo<\/li>\n<li>El husillo no giratorio ofrece una alimentaci\u00f3n r\u00e1pida<\/li>\n<li>La escala lineal absoluta y la funci\u00f3n de retenci\u00f3n del valor de medici\u00f3n proporcionan mediciones precisas<\/li>\n<li>Cuenta con una salida de datos SPC<\/li>\n<li>Las funciones especiales incluyen salida de datos, retenci\u00f3n de datos, conversi\u00f3n de pulgadas\/mil\u00edmetros y conjunto de origen<\/li>\n<li>Contar errores de composici\u00f3n de valores y alarmas de bajo voltaje para mantenerlo al tanto de las complicaciones<\/li>\n<li>Planitud de 0,3 \u03bcm\/0,000012&#8243;<\/li>\n<li>Fuerza de medici\u00f3n de 2 a 10 N<\/li>\n<li>Viene en una caja de pl\u00e1stico equipada para el transporte<\/li>\n<\/ul>\n<h4>Mitutoyo 227-215-20 Especificaciones<\/h4>\n<p>&nbsp;<\/p>\n<table class=\"table table-striped\">\n<tbody>\n<tr>\n<td>Unidad(es) de medici\u00f3n admitida(s)<\/td>\n<td>M\u00e9trico e Imperial<\/td>\n<\/tr>\n<tr>\n<td>Rango de medici\u00f3n<\/td>\n<td>0 a 0,4&#8243; (0 a 10 mm)<\/td>\n<\/tr>\n<tr>\n<td>Exactitud<\/td>\n<td>0,0001&#8243; (0,002 mm)<\/td>\n<\/tr>\n<tr>\n<td>Resoluci\u00f3n<\/td>\n<td>0,00005&#8243; (0,001 mm)<\/td>\n<\/tr>\n<tr>\n<td>Fuente de alimentaci\u00f3n<\/td>\n<td>Alimentado por bater\u00eda<\/td>\n<\/tr>\n<tr>\n<td>Tipo de bater\u00eda<\/td>\n<td>SR44<\/td>\n<\/tr>\n<tr>\n<td>Duraci\u00f3n de la bater\u00eda<\/td>\n<td>3 a\u00f1os<\/td>\n<\/tr>\n<tr>\n<td>N\u00famero de bater\u00edas requeridas<\/td>\n<td>1<\/td>\n<\/tr>\n<tr>\n<td>Peso del producto<\/td>\n<td>12 onzas (340 g)<\/td>\n<\/tr>\n<\/tbody>\n<\/table>\n","protected":false},"excerpt":{"rendered":"<p class=\"short-description mhide ipad-view-setting\">Este micr\u00f3metro digital cuenta con una pantalla LCD para ayudarle a ver los datos. Las caras de medici\u00f3n tienen punta de carburo para mayor resistencia.<\/p>\n<p class=\"comment-tag-product\">\n<div class=\"row-fluid\">\n<div class=\"span12 mobile-pricing-box-padding\">\n<form id=\"140197\" accept-charset=\"utf-8\" action=\"https:\/\/www.globaltestsupply.com\/shop\/add\" method=\"post\" name=\"addTocartFunction\">\n<div><\/div>\n<\/form>\n<\/div>\n<\/div>\n","protected":false},"featured_media":4140,"comment_status":"open","ping_status":"closed","template":"","meta":{"_joinchat":[]},"product_brand":[],"product_cat":[15],"product_tag":[],"class_list":{"0":"post-4113","1":"product","2":"type-product","3":"status-publish","4":"has-post-thumbnail","6":"product_cat-sin-categorizar","8":"first","9":"instock","10":"shipping-taxable","11":"product-type-simple"},"yoast_head":"<!-- This site is optimized with the Yoast SEO plugin v26.4 - https:\/\/yoast.com\/wordpress\/plugins\/seo\/ -->\n<title>mitutoyo 227-215-10 series 227 absolute digimatic micrometer con fuerza de medici\u00f3n ajustable, 0 a 0.4&quot; - Abaa tienda online<\/title>\n<meta name=\"robots\" content=\"index, follow, max-snippet:-1, max-image-preview:large, max-video-preview:-1\" \/>\n<link rel=\"canonical\" href=\"https:\/\/abaa.mx\/tienda\/mitutoyo-227-215-10-series-227-absolute-digimatic-micrometer-con-fuerza-de-medicion-ajustable-0-a-0-4\/\" \/>\n<meta property=\"og:locale\" content=\"es_MX\" \/>\n<meta property=\"og:type\" content=\"article\" \/>\n<meta property=\"og:title\" content=\"mitutoyo 227-215-10 series 227 absolute digimatic micrometer con fuerza de medici\u00f3n ajustable, 0 a 0.4&quot; - Abaa tienda online\" \/>\n<meta property=\"og:description\" content=\"Este micr\u00f3metro digital cuenta con una pantalla LCD para ayudarle a ver los datos. Las caras de medici\u00f3n tienen punta de carburo para mayor resistencia.\" \/>\n<meta property=\"og:url\" content=\"https:\/\/abaa.mx\/tienda\/mitutoyo-227-215-10-series-227-absolute-digimatic-micrometer-con-fuerza-de-medicion-ajustable-0-a-0-4\/\" \/>\n<meta property=\"og:site_name\" content=\"Abaa tienda online\" \/>\n<meta property=\"article:modified_time\" content=\"2023-10-02T18:24:54+00:00\" \/>\n<meta property=\"og:image\" content=\"https:\/\/abaa.mx\/tienda\/wp-content\/uploads\/2023\/10\/227-215-20-1.jpg\" \/>\n\t<meta property=\"og:image:width\" content=\"1280\" \/>\n\t<meta property=\"og:image:height\" content=\"429\" \/>\n\t<meta property=\"og:image:type\" content=\"image\/jpeg\" \/>\n<meta name=\"twitter:card\" content=\"summary_large_image\" \/>\n<meta name=\"twitter:label1\" content=\"Tiempo de lectura\" \/>\n\t<meta name=\"twitter:data1\" content=\"2 minutos\" \/>\n<script type=\"application\/ld+json\" class=\"yoast-schema-graph\">{\"@context\":\"https:\/\/schema.org\",\"@graph\":[{\"@type\":\"WebPage\",\"@id\":\"https:\/\/abaa.mx\/tienda\/mitutoyo-227-215-10-series-227-absolute-digimatic-micrometer-con-fuerza-de-medicion-ajustable-0-a-0-4\/\",\"url\":\"https:\/\/abaa.mx\/tienda\/mitutoyo-227-215-10-series-227-absolute-digimatic-micrometer-con-fuerza-de-medicion-ajustable-0-a-0-4\/\",\"name\":\"mitutoyo 227-215-10 series 227 absolute digimatic micrometer con fuerza de medici\u00f3n ajustable, 0 a 0.4\\\" - Abaa tienda online\",\"isPartOf\":{\"@id\":\"https:\/\/abaa.mx\/tienda\/#website\"},\"primaryImageOfPage\":{\"@id\":\"https:\/\/abaa.mx\/tienda\/mitutoyo-227-215-10-series-227-absolute-digimatic-micrometer-con-fuerza-de-medicion-ajustable-0-a-0-4\/#primaryimage\"},\"image\":{\"@id\":\"https:\/\/abaa.mx\/tienda\/mitutoyo-227-215-10-series-227-absolute-digimatic-micrometer-con-fuerza-de-medicion-ajustable-0-a-0-4\/#primaryimage\"},\"thumbnailUrl\":\"https:\/\/abaa.mx\/tienda\/wp-content\/uploads\/2023\/10\/227-215-20-1.jpg\",\"datePublished\":\"2023-10-02T18:24:53+00:00\",\"dateModified\":\"2023-10-02T18:24:54+00:00\",\"breadcrumb\":{\"@id\":\"https:\/\/abaa.mx\/tienda\/mitutoyo-227-215-10-series-227-absolute-digimatic-micrometer-con-fuerza-de-medicion-ajustable-0-a-0-4\/#breadcrumb\"},\"inLanguage\":\"es\",\"potentialAction\":[{\"@type\":\"ReadAction\",\"target\":[\"https:\/\/abaa.mx\/tienda\/mitutoyo-227-215-10-series-227-absolute-digimatic-micrometer-con-fuerza-de-medicion-ajustable-0-a-0-4\/\"]}]},{\"@type\":\"ImageObject\",\"inLanguage\":\"es\",\"@id\":\"https:\/\/abaa.mx\/tienda\/mitutoyo-227-215-10-series-227-absolute-digimatic-micrometer-con-fuerza-de-medicion-ajustable-0-a-0-4\/#primaryimage\",\"url\":\"https:\/\/abaa.mx\/tienda\/wp-content\/uploads\/2023\/10\/227-215-20-1.jpg\",\"contentUrl\":\"https:\/\/abaa.mx\/tienda\/wp-content\/uploads\/2023\/10\/227-215-20-1.jpg\",\"width\":1280,\"height\":429,\"caption\":\"227-215-20\"},{\"@type\":\"BreadcrumbList\",\"@id\":\"https:\/\/abaa.mx\/tienda\/mitutoyo-227-215-10-series-227-absolute-digimatic-micrometer-con-fuerza-de-medicion-ajustable-0-a-0-4\/#breadcrumb\",\"itemListElement\":[{\"@type\":\"ListItem\",\"position\":1,\"name\":\"Inicio\",\"item\":\"https:\/\/abaa.mx\/tienda\/\"},{\"@type\":\"ListItem\",\"position\":2,\"name\":\"Tienda\",\"item\":\"https:\/\/abaa.mx\/tienda\/\"},{\"@type\":\"ListItem\",\"position\":3,\"name\":\"mitutoyo 227-215-10 series 227 absolute digimatic micrometer con fuerza de medici\u00f3n ajustable, 0 a 0.4&#8243;\"}]},{\"@type\":\"WebSite\",\"@id\":\"https:\/\/abaa.mx\/tienda\/#website\",\"url\":\"https:\/\/abaa.mx\/tienda\/\",\"name\":\"Abaa tienda online\",\"description\":\"Instrumentos de medici\u00f3n\",\"publisher\":{\"@id\":\"https:\/\/abaa.mx\/tienda\/#organization\"},\"potentialAction\":[{\"@type\":\"SearchAction\",\"target\":{\"@type\":\"EntryPoint\",\"urlTemplate\":\"https:\/\/abaa.mx\/tienda\/?s={search_term_string}\"},\"query-input\":{\"@type\":\"PropertyValueSpecification\",\"valueRequired\":true,\"valueName\":\"search_term_string\"}}],\"inLanguage\":\"es\"},{\"@type\":\"Organization\",\"@id\":\"https:\/\/abaa.mx\/tienda\/#organization\",\"name\":\"Abaa tienda online\",\"url\":\"https:\/\/abaa.mx\/tienda\/\",\"logo\":{\"@type\":\"ImageObject\",\"inLanguage\":\"es\",\"@id\":\"https:\/\/abaa.mx\/tienda\/#\/schema\/logo\/image\/\",\"url\":\"https:\/\/abaa.mx\/tienda\/wp-content\/uploads\/2024\/01\/abaa-metrologia-tienda.png\",\"contentUrl\":\"https:\/\/abaa.mx\/tienda\/wp-content\/uploads\/2024\/01\/abaa-metrologia-tienda.png\",\"width\":300,\"height\":141,\"caption\":\"Abaa tienda online\"},\"image\":{\"@id\":\"https:\/\/abaa.mx\/tienda\/#\/schema\/logo\/image\/\"}}]}<\/script>\n<!-- \/ Yoast SEO plugin. -->","yoast_head_json":{"title":"mitutoyo 227-215-10 series 227 absolute digimatic micrometer con fuerza de medici\u00f3n ajustable, 0 a 0.4\" - Abaa tienda online","robots":{"index":"index","follow":"follow","max-snippet":"max-snippet:-1","max-image-preview":"max-image-preview:large","max-video-preview":"max-video-preview:-1"},"canonical":"https:\/\/abaa.mx\/tienda\/mitutoyo-227-215-10-series-227-absolute-digimatic-micrometer-con-fuerza-de-medicion-ajustable-0-a-0-4\/","og_locale":"es_MX","og_type":"article","og_title":"mitutoyo 227-215-10 series 227 absolute digimatic micrometer con fuerza de medici\u00f3n ajustable, 0 a 0.4\" - Abaa tienda online","og_description":"Este micr\u00f3metro digital cuenta con una pantalla LCD para ayudarle a ver los datos. Las caras de medici\u00f3n tienen punta de carburo para mayor resistencia.","og_url":"https:\/\/abaa.mx\/tienda\/mitutoyo-227-215-10-series-227-absolute-digimatic-micrometer-con-fuerza-de-medicion-ajustable-0-a-0-4\/","og_site_name":"Abaa tienda online","article_modified_time":"2023-10-02T18:24:54+00:00","og_image":[{"width":1280,"height":429,"url":"https:\/\/abaa.mx\/tienda\/wp-content\/uploads\/2023\/10\/227-215-20-1.jpg","type":"image\/jpeg"}],"twitter_card":"summary_large_image","twitter_misc":{"Tiempo de lectura":"2 minutos"},"schema":{"@context":"https:\/\/schema.org","@graph":[{"@type":"WebPage","@id":"https:\/\/abaa.mx\/tienda\/mitutoyo-227-215-10-series-227-absolute-digimatic-micrometer-con-fuerza-de-medicion-ajustable-0-a-0-4\/","url":"https:\/\/abaa.mx\/tienda\/mitutoyo-227-215-10-series-227-absolute-digimatic-micrometer-con-fuerza-de-medicion-ajustable-0-a-0-4\/","name":"mitutoyo 227-215-10 series 227 absolute digimatic micrometer con fuerza de medici\u00f3n ajustable, 0 a 0.4\" - Abaa tienda online","isPartOf":{"@id":"https:\/\/abaa.mx\/tienda\/#website"},"primaryImageOfPage":{"@id":"https:\/\/abaa.mx\/tienda\/mitutoyo-227-215-10-series-227-absolute-digimatic-micrometer-con-fuerza-de-medicion-ajustable-0-a-0-4\/#primaryimage"},"image":{"@id":"https:\/\/abaa.mx\/tienda\/mitutoyo-227-215-10-series-227-absolute-digimatic-micrometer-con-fuerza-de-medicion-ajustable-0-a-0-4\/#primaryimage"},"thumbnailUrl":"https:\/\/abaa.mx\/tienda\/wp-content\/uploads\/2023\/10\/227-215-20-1.jpg","datePublished":"2023-10-02T18:24:53+00:00","dateModified":"2023-10-02T18:24:54+00:00","breadcrumb":{"@id":"https:\/\/abaa.mx\/tienda\/mitutoyo-227-215-10-series-227-absolute-digimatic-micrometer-con-fuerza-de-medicion-ajustable-0-a-0-4\/#breadcrumb"},"inLanguage":"es","potentialAction":[{"@type":"ReadAction","target":["https:\/\/abaa.mx\/tienda\/mitutoyo-227-215-10-series-227-absolute-digimatic-micrometer-con-fuerza-de-medicion-ajustable-0-a-0-4\/"]}]},{"@type":"ImageObject","inLanguage":"es","@id":"https:\/\/abaa.mx\/tienda\/mitutoyo-227-215-10-series-227-absolute-digimatic-micrometer-con-fuerza-de-medicion-ajustable-0-a-0-4\/#primaryimage","url":"https:\/\/abaa.mx\/tienda\/wp-content\/uploads\/2023\/10\/227-215-20-1.jpg","contentUrl":"https:\/\/abaa.mx\/tienda\/wp-content\/uploads\/2023\/10\/227-215-20-1.jpg","width":1280,"height":429,"caption":"227-215-20"},{"@type":"BreadcrumbList","@id":"https:\/\/abaa.mx\/tienda\/mitutoyo-227-215-10-series-227-absolute-digimatic-micrometer-con-fuerza-de-medicion-ajustable-0-a-0-4\/#breadcrumb","itemListElement":[{"@type":"ListItem","position":1,"name":"Inicio","item":"https:\/\/abaa.mx\/tienda\/"},{"@type":"ListItem","position":2,"name":"Tienda","item":"https:\/\/abaa.mx\/tienda\/"},{"@type":"ListItem","position":3,"name":"mitutoyo 227-215-10 series 227 absolute digimatic micrometer con fuerza de medici\u00f3n ajustable, 0 a 0.4&#8243;"}]},{"@type":"WebSite","@id":"https:\/\/abaa.mx\/tienda\/#website","url":"https:\/\/abaa.mx\/tienda\/","name":"Abaa tienda online","description":"Instrumentos de medici\u00f3n","publisher":{"@id":"https:\/\/abaa.mx\/tienda\/#organization"},"potentialAction":[{"@type":"SearchAction","target":{"@type":"EntryPoint","urlTemplate":"https:\/\/abaa.mx\/tienda\/?s={search_term_string}"},"query-input":{"@type":"PropertyValueSpecification","valueRequired":true,"valueName":"search_term_string"}}],"inLanguage":"es"},{"@type":"Organization","@id":"https:\/\/abaa.mx\/tienda\/#organization","name":"Abaa tienda online","url":"https:\/\/abaa.mx\/tienda\/","logo":{"@type":"ImageObject","inLanguage":"es","@id":"https:\/\/abaa.mx\/tienda\/#\/schema\/logo\/image\/","url":"https:\/\/abaa.mx\/tienda\/wp-content\/uploads\/2024\/01\/abaa-metrologia-tienda.png","contentUrl":"https:\/\/abaa.mx\/tienda\/wp-content\/uploads\/2024\/01\/abaa-metrologia-tienda.png","width":300,"height":141,"caption":"Abaa tienda online"},"image":{"@id":"https:\/\/abaa.mx\/tienda\/#\/schema\/logo\/image\/"}}]}},"_links":{"self":[{"href":"https:\/\/abaa.mx\/tienda\/wp-json\/wp\/v2\/product\/4113","targetHints":{"allow":["GET"]}}],"collection":[{"href":"https:\/\/abaa.mx\/tienda\/wp-json\/wp\/v2\/product"}],"about":[{"href":"https:\/\/abaa.mx\/tienda\/wp-json\/wp\/v2\/types\/product"}],"replies":[{"embeddable":true,"href":"https:\/\/abaa.mx\/tienda\/wp-json\/wp\/v2\/comments?post=4113"}],"wp:featuredmedia":[{"embeddable":true,"href":"https:\/\/abaa.mx\/tienda\/wp-json\/wp\/v2\/media\/4140"}],"wp:attachment":[{"href":"https:\/\/abaa.mx\/tienda\/wp-json\/wp\/v2\/media?parent=4113"}],"wp:term":[{"taxonomy":"product_brand","embeddable":true,"href":"https:\/\/abaa.mx\/tienda\/wp-json\/wp\/v2\/product_brand?post=4113"},{"taxonomy":"product_cat","embeddable":true,"href":"https:\/\/abaa.mx\/tienda\/wp-json\/wp\/v2\/product_cat?post=4113"},{"taxonomy":"product_tag","embeddable":true,"href":"https:\/\/abaa.mx\/tienda\/wp-json\/wp\/v2\/product_tag?post=4113"}],"curies":[{"name":"wp","href":"https:\/\/api.w.org\/{rel}","templated":true}]}}